{"id":2509,"date":"2023-08-28T09:54:46","date_gmt":"2023-08-28T09:54:46","guid":{"rendered":"https:\/\/www.ogrodolszanica.pl\/?post_type=product&#038;p=2509"},"modified":"2026-03-07T19:45:36","modified_gmt":"2026-03-07T19:45:36","slug":"rozchodnik-oriental-dancer","status":"publish","type":"product","link":"https:\/\/www.ogrodolszanica.pl\/index.php\/produkt\/rozchodnik-oriental-dancer\/","title":{"rendered":"Rozchodnik Oriental Dancer"},"content":{"rendered":"<h1 style=\"text-align: center;\">Rozchodnik Oriental Dancer<\/h1>\n<p>Atrakcyjna odmiana rozchodnika o czerwono-r\u00f3\u017cowych, obfitych kwiatostanach, kontrastuj\u0105cych z ciemnymi, bordowymi li\u015b\u0107mi. Polecana do kompozycji mieszanych. Po posadzeniu i podlaniu ro\u015bliny nie wymagaj\u0105 \u017cadnej opieki. Ro\u015bliny odporne na upa\u0142y, dobrze znosz\u0105 mrozy, s\u0105 przyjazne dla zapylaczy.<\/p>\n<ul>\n<li>rodzaj: Rozchodnik<\/li>\n<li>\n<div>szeroko\u015b\u0107: <strong>40<\/strong><b>\u00a0cm<\/b><\/div>\n<\/li>\n<li>\n<div><b><\/b>wysoko\u015b\u0107: <strong>20<\/strong><b>\u00a0cm<\/b><\/div>\n<\/li>\n<li>\n<div><b><\/b>wysoko\u015b\u0107 (kwitnienie): <strong>35<\/strong><b>\u00a0cm<\/b><\/div>\n<\/li>\n<li><b><\/b>kwitnienie: <b>sierpie\u0144 \u00f7 wrzesie\u0144<\/b><\/li>\n<li>\n<div><b><\/b>stanowisko: <b>s\u0142oneczne<\/b><\/div>\n<\/li>\n<\/ul>\n<p>Dobierz odpowiednie pod\u0142o\u017ce z wybranych produkt\u00f3w w naszym sklepie: <a href=\"https:\/\/www.ogrodolszanica.pl\/index.php\/kategoria-produktu\/zin\/\">Pod\u0142o\u017ca<\/a><\/p>\n","protected":false},"excerpt":{"rendered":"<p>Rozchodnik Oriental Dancer Atrakcyjna odmiana rozchodnika o czerwono-r\u00f3\u017cowych, obfitych kwiatostanach, kontrastuj\u0105cych z ciemnymi, bordowymi li\u015b\u0107mi. Polecana do kompozycji mieszanych. Po posadzeniu i podlaniu ro\u015bliny nie wymagaj\u0105 \u017cadnej opieki. Ro\u015bliny odporne na upa\u0142y, dobrze znosz\u0105 mrozy, s\u0105 przyjazne dla zapylaczy. rodzaj: Rozchodnik szeroko\u015b\u0107: 40\u00a0cm wysoko\u015b\u0107: 20\u00a0cm wysoko\u015b\u0107 (kwitnienie): 35\u00a0cm kwitnienie: sierpie\u0144 \u00f7 wrzesie\u0144 stanowisko: s\u0142oneczne Dobierz &hellip;<\/p>\n<p class=\"read-more\"> <a class=\"\" href=\"https:\/\/www.ogrodolszanica.pl\/index.php\/produkt\/rozchodnik-oriental-dancer\/\"> <span class=\"screen-reader-text\">Rozchodnik Oriental Dancer<\/span> Read More &raquo;<\/a><\/p>\n","protected":false},"featured_media":2510,"comment_status":"open","ping_status":"closed","template":"","meta":{"site-sidebar-layout":"default","site-content-layout":"default","ast-global-header-display":"","ast-main-header-display":"","ast-hfb-above-header-display":"","ast-hfb-below-header-display":"","ast-hfb-mobile-header-display":"","site-post-title":"","ast-breadcrumbs-content":"","ast-featured-img":"","footer-sml-layout":"","theme-transparent-header-meta":"default","adv-header-id-meta":"","stick-header-meta":"","header-above-stick-meta":"","header-main-stick-meta":"","header-below-stick-meta":"","spay_email":""},"product_cat":[29,20,88],"product_tag":[],"class_list":["post-2509","product","type-product","status-publish","has-post-thumbnail","hentry","product_cat-byliny","product_cat-rosliny","product_cat-rozchodniki"],"yoast_head":"<!-- This site is optimized with the Yoast SEO plugin v19.2 - https:\/\/yoast.com\/wordpress\/plugins\/seo\/ -->\n<title>Rozchodnik Oriental Dancer - Ogr&oacute;d Olszanica<\/title>\n<meta name=\"robots\" content=\"index, follow, max-snippet:-1, max-image-preview:large, max-video-preview:-1\" \/>\n<link rel=\"canonical\" href=\"https:\/\/www.ogrodolszanica.pl\/index.php\/produkt\/rozchodnik-oriental-dancer\/\" \/>\n<meta property=\"og:locale\" content=\"pl_PL\" \/>\n<meta property=\"og:type\" content=\"article\" \/>\n<meta property=\"og:title\" content=\"Rozchodnik Oriental Dancer - Ogr&oacute;d Olszanica\" \/>\n<meta property=\"og:description\" content=\"Rozchodnik Oriental Dancer Atrakcyjna odmiana rozchodnika o czerwono-r\u00f3\u017cowych, obfitych kwiatostanach, kontrastuj\u0105cych z ciemnymi, bordowymi li\u015b\u0107mi. Polecana do kompozycji mieszanych. Po posadzeniu i podlaniu ro\u015bliny nie wymagaj\u0105 \u017cadnej opieki. Ro\u015bliny odporne na upa\u0142y, dobrze znosz\u0105 mrozy, s\u0105 przyjazne dla zapylaczy. rodzaj: Rozchodnik szeroko\u015b\u0107: 40\u00a0cm wysoko\u015b\u0107: 20\u00a0cm wysoko\u015b\u0107 (kwitnienie): 35\u00a0cm kwitnienie: sierpie\u0144 \u00f7 wrzesie\u0144 stanowisko: s\u0142oneczne Dobierz &hellip; Rozchodnik Oriental Dancer Read More &raquo;\" \/>\n<meta property=\"og:url\" content=\"https:\/\/www.ogrodolszanica.pl\/index.php\/produkt\/rozchodnik-oriental-dancer\/\" \/>\n<meta property=\"og:site_name\" content=\"Ogr&oacute;d Olszanica\" \/>\n<meta property=\"article:publisher\" content=\"https:\/\/www.facebook.com\/Ogrd-Olszanica-100807179225223\" \/>\n<meta property=\"article:modified_time\" content=\"2026-03-07T19:45:36+00:00\" \/>\n<meta property=\"og:image\" content=\"https:\/\/www.ogrodolszanica.pl\/wp-content\/uploads\/2023\/08\/byliny-i-trawy_s-spectabile-s-telephium-inne_75245_2.jpg\" \/>\n\t<meta property=\"og:image:width\" content=\"467\" \/>\n\t<meta property=\"og:image:height\" content=\"650\" \/>\n\t<meta property=\"og:image:type\" content=\"image\/jpeg\" \/>\n<meta name=\"author\" content=\"admin\" \/>\n<meta name=\"twitter:card\" content=\"summary_large_image\" \/>\n<script type=\"application\/ld+json\" class=\"yoast-schema-graph\">{\"@context\":\"https:\/\/schema.org\",\"@graph\":[{\"@type\":\"Organization\",\"@id\":\"https:\/\/www.ogrodolszanica.pl\/#organization\",\"name\":\"Ogr\u00f3d Olszanica - Krakowskie Centrum Ogrodnicze\",\"url\":\"https:\/\/www.ogrodolszanica.pl\/\",\"sameAs\":[\"https:\/\/www.facebook.com\/Ogrd-Olszanica-100807179225223\"],\"logo\":{\"@type\":\"ImageObject\",\"inLanguage\":\"pl-PL\",\"@id\":\"https:\/\/www.ogrodolszanica.pl\/#\/schema\/logo\/image\/\",\"url\":\"http:\/\/www.ogrodolszanica.pl\/wp-content\/uploads\/2022\/06\/Ogrod-Olszanica1-1.png\",\"contentUrl\":\"http:\/\/www.ogrodolszanica.pl\/wp-content\/uploads\/2022\/06\/Ogrod-Olszanica1-1.png\",\"width\":180,\"height\":60,\"caption\":\"Ogr\u00f3d Olszanica - Krakowskie Centrum Ogrodnicze\"},\"image\":{\"@id\":\"https:\/\/www.ogrodolszanica.pl\/#\/schema\/logo\/image\/\"}},{\"@type\":\"WebSite\",\"@id\":\"https:\/\/www.ogrodolszanica.pl\/#website\",\"url\":\"https:\/\/www.ogrodolszanica.pl\/\",\"name\":\"Ogr&oacute;d Olszanica\",\"description\":\"Centrum Ogrodnicze Krak&oacute;w\",\"publisher\":{\"@id\":\"https:\/\/www.ogrodolszanica.pl\/#organization\"},\"potentialAction\":[{\"@type\":\"SearchAction\",\"target\":{\"@type\":\"EntryPoint\",\"urlTemplate\":\"https:\/\/www.ogrodolszanica.pl\/?s={search_term_string}\"},\"query-input\":\"required name=search_term_string\"}],\"inLanguage\":\"pl-PL\"},{\"@type\":\"ImageObject\",\"inLanguage\":\"pl-PL\",\"@id\":\"https:\/\/www.ogrodolszanica.pl\/index.php\/produkt\/rozchodnik-oriental-dancer\/#primaryimage\",\"url\":\"https:\/\/i0.wp.com\/www.ogrodolszanica.pl\/wp-content\/uploads\/2023\/08\/byliny-i-trawy_s-spectabile-s-telephium-inne_75245_2.jpg?fit=467%2C650&ssl=1\",\"contentUrl\":\"https:\/\/i0.wp.com\/www.ogrodolszanica.pl\/wp-content\/uploads\/2023\/08\/byliny-i-trawy_s-spectabile-s-telephium-inne_75245_2.jpg?fit=467%2C650&ssl=1\",\"width\":467,\"height\":650},{\"@type\":\"WebPage\",\"@id\":\"https:\/\/www.ogrodolszanica.pl\/index.php\/produkt\/rozchodnik-oriental-dancer\/#webpage\",\"url\":\"https:\/\/www.ogrodolszanica.pl\/index.php\/produkt\/rozchodnik-oriental-dancer\/\",\"name\":\"Rozchodnik Oriental Dancer - Ogr&oacute;d Olszanica\",\"isPartOf\":{\"@id\":\"https:\/\/www.ogrodolszanica.pl\/#website\"},\"primaryImageOfPage\":{\"@id\":\"https:\/\/www.ogrodolszanica.pl\/index.php\/produkt\/rozchodnik-oriental-dancer\/#primaryimage\"},\"datePublished\":\"2023-08-28T09:54:46+00:00\",\"dateModified\":\"2026-03-07T19:45:36+00:00\",\"breadcrumb\":{\"@id\":\"https:\/\/www.ogrodolszanica.pl\/index.php\/produkt\/rozchodnik-oriental-dancer\/#breadcrumb\"},\"inLanguage\":\"pl-PL\",\"potentialAction\":[{\"@type\":\"ReadAction\",\"target\":[\"https:\/\/www.ogrodolszanica.pl\/index.php\/produkt\/rozchodnik-oriental-dancer\/\"]}]},{\"@type\":\"BreadcrumbList\",\"@id\":\"https:\/\/www.ogrodolszanica.pl\/index.php\/produkt\/rozchodnik-oriental-dancer\/#breadcrumb\",\"itemListElement\":[{\"@type\":\"ListItem\",\"position\":1,\"name\":\"Strona g\u0142\u00f3wna\",\"item\":\"https:\/\/www.ogrodolszanica.pl\/\"},{\"@type\":\"ListItem\",\"position\":2,\"name\":\"Produkty\",\"item\":\"https:\/\/www.ogrodolszanica.pl\/index.php\/shop\/\"},{\"@type\":\"ListItem\",\"position\":3,\"name\":\"Rozchodnik Oriental Dancer\"}]}]}<\/script>\n<!-- \/ Yoast SEO plugin. -->","yoast_head_json":{"title":"Rozchodnik Oriental Dancer - Ogr&oacute;d Olszanica","robots":{"index":"index","follow":"follow","max-snippet":"max-snippet:-1","max-image-preview":"max-image-preview:large","max-video-preview":"max-video-preview:-1"},"canonical":"https:\/\/www.ogrodolszanica.pl\/index.php\/produkt\/rozchodnik-oriental-dancer\/","og_locale":"pl_PL","og_type":"article","og_title":"Rozchodnik Oriental Dancer - Ogr&oacute;d Olszanica","og_description":"Rozchodnik Oriental Dancer Atrakcyjna odmiana rozchodnika o czerwono-r\u00f3\u017cowych, obfitych kwiatostanach, kontrastuj\u0105cych z ciemnymi, bordowymi li\u015b\u0107mi. Polecana do kompozycji mieszanych. Po posadzeniu i podlaniu ro\u015bliny nie wymagaj\u0105 \u017cadnej opieki. Ro\u015bliny odporne na upa\u0142y, dobrze znosz\u0105 mrozy, s\u0105 przyjazne dla zapylaczy. rodzaj: Rozchodnik szeroko\u015b\u0107: 40\u00a0cm wysoko\u015b\u0107: 20\u00a0cm wysoko\u015b\u0107 (kwitnienie): 35\u00a0cm kwitnienie: sierpie\u0144 \u00f7 wrzesie\u0144 stanowisko: s\u0142oneczne Dobierz &hellip; Rozchodnik Oriental Dancer Read More &raquo;","og_url":"https:\/\/www.ogrodolszanica.pl\/index.php\/produkt\/rozchodnik-oriental-dancer\/","og_site_name":"Ogr&oacute;d Olszanica","article_publisher":"https:\/\/www.facebook.com\/Ogrd-Olszanica-100807179225223","article_modified_time":"2026-03-07T19:45:36+00:00","og_image":[{"width":467,"height":650,"url":"https:\/\/www.ogrodolszanica.pl\/wp-content\/uploads\/2023\/08\/byliny-i-trawy_s-spectabile-s-telephium-inne_75245_2.jpg","type":"image\/jpeg"}],"author":"admin","twitter_card":"summary_large_image","schema":{"@context":"https:\/\/schema.org","@graph":[{"@type":"Organization","@id":"https:\/\/www.ogrodolszanica.pl\/#organization","name":"Ogr\u00f3d Olszanica - Krakowskie Centrum Ogrodnicze","url":"https:\/\/www.ogrodolszanica.pl\/","sameAs":["https:\/\/www.facebook.com\/Ogrd-Olszanica-100807179225223"],"logo":{"@type":"ImageObject","inLanguage":"pl-PL","@id":"https:\/\/www.ogrodolszanica.pl\/#\/schema\/logo\/image\/","url":"http:\/\/www.ogrodolszanica.pl\/wp-content\/uploads\/2022\/06\/Ogrod-Olszanica1-1.png","contentUrl":"http:\/\/www.ogrodolszanica.pl\/wp-content\/uploads\/2022\/06\/Ogrod-Olszanica1-1.png","width":180,"height":60,"caption":"Ogr\u00f3d Olszanica - Krakowskie Centrum Ogrodnicze"},"image":{"@id":"https:\/\/www.ogrodolszanica.pl\/#\/schema\/logo\/image\/"}},{"@type":"WebSite","@id":"https:\/\/www.ogrodolszanica.pl\/#website","url":"https:\/\/www.ogrodolszanica.pl\/","name":"Ogr&oacute;d Olszanica","description":"Centrum Ogrodnicze Krak&oacute;w","publisher":{"@id":"https:\/\/www.ogrodolszanica.pl\/#organization"},"potentialAction":[{"@type":"SearchAction","target":{"@type":"EntryPoint","urlTemplate":"https:\/\/www.ogrodolszanica.pl\/?s={search_term_string}"},"query-input":"required name=search_term_string"}],"inLanguage":"pl-PL"},{"@type":"ImageObject","inLanguage":"pl-PL","@id":"https:\/\/www.ogrodolszanica.pl\/index.php\/produkt\/rozchodnik-oriental-dancer\/#primaryimage","url":"https:\/\/i0.wp.com\/www.ogrodolszanica.pl\/wp-content\/uploads\/2023\/08\/byliny-i-trawy_s-spectabile-s-telephium-inne_75245_2.jpg?fit=467%2C650&ssl=1","contentUrl":"https:\/\/i0.wp.com\/www.ogrodolszanica.pl\/wp-content\/uploads\/2023\/08\/byliny-i-trawy_s-spectabile-s-telephium-inne_75245_2.jpg?fit=467%2C650&ssl=1","width":467,"height":650},{"@type":"WebPage","@id":"https:\/\/www.ogrodolszanica.pl\/index.php\/produkt\/rozchodnik-oriental-dancer\/#webpage","url":"https:\/\/www.ogrodolszanica.pl\/index.php\/produkt\/rozchodnik-oriental-dancer\/","name":"Rozchodnik Oriental Dancer - Ogr&oacute;d Olszanica","isPartOf":{"@id":"https:\/\/www.ogrodolszanica.pl\/#website"},"primaryImageOfPage":{"@id":"https:\/\/www.ogrodolszanica.pl\/index.php\/produkt\/rozchodnik-oriental-dancer\/#primaryimage"},"datePublished":"2023-08-28T09:54:46+00:00","dateModified":"2026-03-07T19:45:36+00:00","breadcrumb":{"@id":"https:\/\/www.ogrodolszanica.pl\/index.php\/produkt\/rozchodnik-oriental-dancer\/#breadcrumb"},"inLanguage":"pl-PL","potentialAction":[{"@type":"ReadAction","target":["https:\/\/www.ogrodolszanica.pl\/index.php\/produkt\/rozchodnik-oriental-dancer\/"]}]},{"@type":"BreadcrumbList","@id":"https:\/\/www.ogrodolszanica.pl\/index.php\/produkt\/rozchodnik-oriental-dancer\/#breadcrumb","itemListElement":[{"@type":"ListItem","position":1,"name":"Strona g\u0142\u00f3wna","item":"https:\/\/www.ogrodolszanica.pl\/"},{"@type":"ListItem","position":2,"name":"Produkty","item":"https:\/\/www.ogrodolszanica.pl\/index.php\/shop\/"},{"@type":"ListItem","position":3,"name":"Rozchodnik Oriental Dancer"}]}]}},"jetpack-related-posts":[{"id":2673,"url":"https:\/\/www.ogrodolszanica.pl\/index.php\/produkt\/rozchodnik-matrona\/","url_meta":{"origin":2509,"position":0},"title":"Rozchodnik Matrona","date":"30 stycznia, 2024","format":false,"excerpt":"Rozchodnik Matrona \u00a0 Rodzaj: Rozchodnik Barwa: Ciemnor\u00f3\u017cowa szeroko\u015b\u0107: 40 cm wysoko\u015b\u0107: 40\u00a0cm wysoko\u015b\u0107 (kwitnienie): 50\u00a0cm kwitnienie:\u00a0lipiec \u00f7 wrzesie\u0144 stanowisko:\u00a0s\u0142oneczne Dobierz odpowiednie pod\u0142o\u017ce z wybranych produkt\u00f3w w naszym sklepie: Pod\u0142o\u017ca \u00a0 \u00a0","rel":"","context":"Similar post","img":{"alt_text":"","src":"https:\/\/i0.wp.com\/www.ogrodolszanica.pl\/wp-content\/uploads\/2024\/01\/byliny-i-trawy_sedum_79765_1.jpg?fit=650%2C433&ssl=1&resize=350%2C200","width":350,"height":200},"classes":[]},{"id":2671,"url":"https:\/\/www.ogrodolszanica.pl\/index.php\/produkt\/rozchodnik-jose-aubergine\/","url_meta":{"origin":2509,"position":1},"title":"Rozchodnik Jose Aubergine","date":"30 stycznia, 2024","format":false,"excerpt":"Rozchodnik Jose Aubergine \u00a0 Rodzaj: Rozchodnik Barwa: Ciemnor\u00f3\u017cowa szeroko\u015b\u0107: 40 cm wysoko\u015b\u0107: 40\u00a0cm wysoko\u015b\u0107 (kwitnienie): 50\u00a0cm kwitnienie: sierpie\u0144 \u00f7 pa\u017adziernik stanowisko:\u00a0s\u0142oneczne Dobierz odpowiednie pod\u0142o\u017ce z wybranych produkt\u00f3w w naszym sklepie: Pod\u0142o\u017ca \u00a0 \u00a0","rel":"","context":"Similar post","img":{"alt_text":"","src":"https:\/\/i0.wp.com\/www.ogrodolszanica.pl\/wp-content\/uploads\/2024\/01\/byliny-i-trawy_sedum-rozchodnik_70443_1.jpg?fit=516%2C650&ssl=1&resize=350%2C200","width":350,"height":200},"classes":[]},{"id":2675,"url":"https:\/\/www.ogrodolszanica.pl\/index.php\/produkt\/rozchodnik-red-canyon\/","url_meta":{"origin":2509,"position":2},"title":"Rozchodnik Red Canyon","date":"30 stycznia, 2024","format":false,"excerpt":"Rozchodnik Red Canyon \u00a0 Rozchodnik zadarniaj\u0105cy o grubych, mi\u0119sistych li\u015bciach w kolorze szarozielonym z odcieniami r\u00f3\u017cu. Maj\u0105 one r\u00f3wnie\u017c kolczaste brzegi. W lecie pojawiaj\u0105 si\u0119 drobne r\u00f3\u017cowe kwiatostany. Preferuje stanowiska s\u0142oneczne. Rodzaj: Rozchodnik Barwa: R\u00f3\u017cowa szeroko\u015b\u0107: 60 cm wysoko\u015b\u0107: 10\u00a0cm wysoko\u015b\u0107 (kwitnienie): 14\u00a0cm kwitnienie: czerwiec \u00f7 wrzesie\u0144 stanowisko:\u00a0s\u0142oneczne Dobierz odpowiednie\u2026","rel":"","context":"Similar post","img":{"alt_text":"","src":"https:\/\/i0.wp.com\/www.ogrodolszanica.pl\/wp-content\/uploads\/2024\/01\/byliny-i-trawy_sedum_75270_3.jpg?fit=488%2C650&ssl=1&resize=350%2C200","width":350,"height":200},"classes":[]},{"id":1535,"url":"https:\/\/www.ogrodolszanica.pl\/index.php\/produkt\/rozchodnik-oscisty-szary\/","url_meta":{"origin":2509,"position":3},"title":"Rozchodnik O\u015bcisty Szary","date":"11 lipca, 2022","format":false,"excerpt":"Rozchodnik O\u015bcisty Szary Rozchodnik o szaro-niebieskich p\u0142o\u017c\u0105cych p\u0119dach. Kwiaty \u017c\u00f3\u0142tawe pojawiaj\u0105 si\u0119 w sierpniu. Niewymagaj\u0105ca ro\u015blina na skalniaki. Rodzaj: Rozchodnik Barwa: \u017b\u00f3\u0142ty szeroko\u015b\u0107: 40\u00a0cm wysoko\u015b\u0107: 20\u00a0cm wysoko\u015b\u0107 (kwitnienie): 30\u00a0cm kwitnienie: czerwiec \u00f7 sierpie\u0144 stanowisko: s\u0142oneczne\u00a0 Dobierz odpowiednie pod\u0142o\u017ce z wybranych produkt\u00f3w w naszym sklepie: Pod\u0142o\u017ca \u00a0","rel":"","context":"Similar post","img":{"alt_text":"","src":"https:\/\/i0.wp.com\/www.ogrodolszanica.pl\/wp-content\/uploads\/2022\/07\/byliny-i-trawy_mat-forming-habit_71863_1.jpg?fit=450%2C450&ssl=1&resize=350%2C200","width":350,"height":200},"classes":[]},{"id":1846,"url":"https:\/\/www.ogrodolszanica.pl\/index.php\/produkt\/rozchodnik-thunderhead\/","url_meta":{"origin":2509,"position":4},"title":"Rozchodnik Thunderhead","date":"23 lipca, 2022","format":false,"excerpt":"Rozchodnik Thunderhead Rozchodniki s\u0105 bylinami s\u0142o\u0144ca - tylko wtedy ukazuj\u0105 wspania\u0142\u0105 barw\u0119 li\u015bci i kwiatostan\u00f3w. Odmiana ta wyr\u00f3\u017cnia si\u0119 w ogrodzie okaza\u0142\u0105, wysok\u0105 k\u0119p\u0105 o silnych \u0142odygach z szarozielonymi li\u015b\u0107mi i du\u017cymi, amarantowymi kwiatostanami. \u015aci\u0119te dobrze wygl\u0105daj\u0105 w bukietach, a pozostawione zim\u0105 w ogrodzie s\u0105 jego ozdob\u0105. Rodzaj: Rozchodnik Barwa:\u2026","rel":"","context":"Similar post","img":{"alt_text":"","src":"https:\/\/i0.wp.com\/www.ogrodolszanica.pl\/wp-content\/uploads\/2022\/07\/sedum-thunderhead_71837_1.jpg?fit=650%2C650&ssl=1&resize=350%2C200","width":350,"height":200},"classes":[]},{"id":2415,"url":"https:\/\/www.ogrodolszanica.pl\/index.php\/produkt\/rozchodnik-cloud-walker\/","url_meta":{"origin":2509,"position":5},"title":"Rozchodnik Cloud Walker","date":"26 sierpnia, 2023","format":false,"excerpt":"Rozchodnik Cloud Walker Rozchodniki s\u0105 bylinami s\u0142o\u0144ca - tylko wtedy ukazuj\u0105 wspania\u0142\u0105 barw\u0119 li\u015bci i kwiatostan\u00f3w. Mog\u0105 by\u0107 ozdob\u0105 ogrodu lub pojemnik\u00f3w przez ca\u0142y rok. 'Cloud Walker' to odmiana, kt\u00f3rej kwiatostany w r\u00f3\u017cowo-fioletowym kolorze, o ciemno zielonych li\u015bciach i kasztanowych \u0142odygach nadaj\u0105 si\u0119 znakomicie do bukiet\u00f3w. Rodzaj: Rozchodnik Barwa: R\u00f3\u017cowo-fioletowa\u2026","rel":"","context":"Similar post","img":{"alt_text":"","src":"https:\/\/i0.wp.com\/www.ogrodolszanica.pl\/wp-content\/uploads\/2023\/08\/sedum-cloud-walker_79783_1.jpg?fit=650%2C650&ssl=1&resize=350%2C200","width":350,"height":200},"classes":[]}],"_links":{"self":[{"href":"https:\/\/www.ogrodolszanica.pl\/index.php\/wp-json\/wp\/v2\/product\/2509","targetHints":{"allow":["GET"]}}],"collection":[{"href":"https:\/\/www.ogrodolszanica.pl\/index.php\/wp-json\/wp\/v2\/product"}],"about":[{"href":"https:\/\/www.ogrodolszanica.pl\/index.php\/wp-json\/wp\/v2\/types\/product"}],"replies":[{"embeddable":true,"href":"https:\/\/www.ogrodolszanica.pl\/index.php\/wp-json\/wp\/v2\/comments?post=2509"}],"wp:featuredmedia":[{"embeddable":true,"href":"https:\/\/www.ogrodolszanica.pl\/index.php\/wp-json\/wp\/v2\/media\/2510"}],"wp:attachment":[{"href":"https:\/\/www.ogrodolszanica.pl\/index.php\/wp-json\/wp\/v2\/media?parent=2509"}],"wp:term":[{"taxonomy":"product_cat","embeddable":true,"href":"https:\/\/www.ogrodolszanica.pl\/index.php\/wp-json\/wp\/v2\/product_cat?post=2509"},{"taxonomy":"product_tag","embeddable":true,"href":"https:\/\/www.ogrodolszanica.pl\/index.php\/wp-json\/wp\/v2\/product_tag?post=2509"}],"curies":[{"name":"wp","href":"https:\/\/api.w.org\/{rel}","templated":true}]}}