{"id":2494,"date":"2023-08-28T09:34:46","date_gmt":"2023-08-28T09:34:46","guid":{"rendered":"https:\/\/www.ogrodolszanica.pl\/?post_type=product&#038;p=2494"},"modified":"2026-03-07T19:46:15","modified_gmt":"2026-03-07T19:46:15","slug":"funkia-liberty","status":"publish","type":"product","link":"https:\/\/www.ogrodolszanica.pl\/index.php\/produkt\/funkia-liberty\/","title":{"rendered":"Funkia Liberty"},"content":{"rendered":"<h1 style=\"text-align: center;\">Funkia Liberty<\/h1>\n<ul>\n<li>rodzaj: Funkia<\/li>\n<li>barwa: Zielono-\u017c\u00f3\u0142ta<\/li>\n<li>\n<div>szeroko\u015b\u0107: <strong>80<\/strong><b>\u00a0cm<\/b><\/div>\n<\/li>\n<li>\n<div><b><\/b>wysoko\u015b\u0107: <strong>70<\/strong><b>\u00a0cm<\/b><\/div>\n<\/li>\n<li>\n<div><b><\/b>wysoko\u015b\u0107 (kwitnienie): <strong>100<\/strong><b>\u00a0cm<\/b><\/div>\n<\/li>\n<li><b><\/b>kwitnienie: <b style=\"font-style: inherit;\">lipiec \u00f7 sierpie\u0144<\/b><\/li>\n<li>\n<div><b><\/b>stanowisko: <b>p\u00f3\u0142cieniste, cieniste<\/b><\/div>\n<\/li>\n<\/ul>\n<p>Dobierz odpowiednie pod\u0142o\u017ce z wybranych produkt\u00f3w w naszym sklepie: <a href=\"https:\/\/www.ogrodolszanica.pl\/index.php\/kategoria-produktu\/zin\/\">Pod\u0142o\u017ca<\/a><\/p>\n","protected":false},"excerpt":{"rendered":"<p>Funkia Liberty rodzaj: Funkia barwa: Zielono-\u017c\u00f3\u0142ta szeroko\u015b\u0107: 80\u00a0cm wysoko\u015b\u0107: 70\u00a0cm wysoko\u015b\u0107 (kwitnienie): 100\u00a0cm kwitnienie: lipiec \u00f7 sierpie\u0144 stanowisko: p\u00f3\u0142cieniste, cieniste Dobierz odpowiednie pod\u0142o\u017ce z wybranych produkt\u00f3w w naszym sklepie: Pod\u0142o\u017ca<\/p>\n","protected":false},"featured_media":2495,"comment_status":"open","ping_status":"closed","template":"","meta":{"site-sidebar-layout":"default","site-content-layout":"default","ast-global-header-display":"","ast-main-header-display":"","ast-hfb-above-header-display":"","ast-hfb-below-header-display":"","ast-hfb-mobile-header-display":"","site-post-title":"","ast-breadcrumbs-content":"","ast-featured-img":"","footer-sml-layout":"","theme-transparent-header-meta":"default","adv-header-id-meta":"","stick-header-meta":"","header-above-stick-meta":"","header-main-stick-meta":"","header-below-stick-meta":"","spay_email":""},"product_cat":[29,66,20],"product_tag":[],"class_list":["post-2494","product","type-product","status-publish","has-post-thumbnail","hentry","product_cat-byliny","product_cat-funkie","product_cat-rosliny"],"yoast_head":"<!-- This site is optimized with the Yoast SEO plugin v19.2 - https:\/\/yoast.com\/wordpress\/plugins\/seo\/ -->\n<title>Funkia Liberty - Ogr&oacute;d Olszanica<\/title>\n<meta name=\"robots\" content=\"index, follow, max-snippet:-1, max-image-preview:large, max-video-preview:-1\" \/>\n<link rel=\"canonical\" href=\"https:\/\/www.ogrodolszanica.pl\/index.php\/produkt\/funkia-liberty\/\" \/>\n<meta property=\"og:locale\" content=\"pl_PL\" \/>\n<meta property=\"og:type\" content=\"article\" \/>\n<meta property=\"og:title\" content=\"Funkia Liberty - Ogr&oacute;d Olszanica\" \/>\n<meta property=\"og:description\" content=\"Funkia Liberty rodzaj: Funkia barwa: Zielono-\u017c\u00f3\u0142ta szeroko\u015b\u0107: 80\u00a0cm wysoko\u015b\u0107: 70\u00a0cm wysoko\u015b\u0107 (kwitnienie): 100\u00a0cm kwitnienie: lipiec \u00f7 sierpie\u0144 stanowisko: p\u00f3\u0142cieniste, cieniste Dobierz odpowiednie pod\u0142o\u017ce z wybranych produkt\u00f3w w naszym sklepie: Pod\u0142o\u017ca\" \/>\n<meta property=\"og:url\" content=\"https:\/\/www.ogrodolszanica.pl\/index.php\/produkt\/funkia-liberty\/\" \/>\n<meta property=\"og:site_name\" content=\"Ogr&oacute;d Olszanica\" \/>\n<meta property=\"article:publisher\" content=\"https:\/\/www.facebook.com\/Ogrd-Olszanica-100807179225223\" \/>\n<meta property=\"article:modified_time\" content=\"2026-03-07T19:46:15+00:00\" \/>\n<meta property=\"og:image\" content=\"https:\/\/www.ogrodolszanica.pl\/wp-content\/uploads\/2023\/08\/hosta-liberty_71953_1.jpg\" \/>\n\t<meta property=\"og:image:width\" content=\"650\" \/>\n\t<meta property=\"og:image:height\" content=\"650\" \/>\n\t<meta property=\"og:image:type\" content=\"image\/jpeg\" \/>\n<meta name=\"author\" content=\"admin\" \/>\n<meta name=\"twitter:card\" content=\"summary_large_image\" \/>\n<script type=\"application\/ld+json\" class=\"yoast-schema-graph\">{\"@context\":\"https:\/\/schema.org\",\"@graph\":[{\"@type\":\"Organization\",\"@id\":\"https:\/\/www.ogrodolszanica.pl\/#organization\",\"name\":\"Ogr\u00f3d Olszanica - Krakowskie Centrum Ogrodnicze\",\"url\":\"https:\/\/www.ogrodolszanica.pl\/\",\"sameAs\":[\"https:\/\/www.facebook.com\/Ogrd-Olszanica-100807179225223\"],\"logo\":{\"@type\":\"ImageObject\",\"inLanguage\":\"pl-PL\",\"@id\":\"https:\/\/www.ogrodolszanica.pl\/#\/schema\/logo\/image\/\",\"url\":\"http:\/\/www.ogrodolszanica.pl\/wp-content\/uploads\/2022\/06\/Ogrod-Olszanica1-1.png\",\"contentUrl\":\"http:\/\/www.ogrodolszanica.pl\/wp-content\/uploads\/2022\/06\/Ogrod-Olszanica1-1.png\",\"width\":180,\"height\":60,\"caption\":\"Ogr\u00f3d Olszanica - Krakowskie Centrum Ogrodnicze\"},\"image\":{\"@id\":\"https:\/\/www.ogrodolszanica.pl\/#\/schema\/logo\/image\/\"}},{\"@type\":\"WebSite\",\"@id\":\"https:\/\/www.ogrodolszanica.pl\/#website\",\"url\":\"https:\/\/www.ogrodolszanica.pl\/\",\"name\":\"Ogr&oacute;d Olszanica\",\"description\":\"Centrum Ogrodnicze Krak&oacute;w\",\"publisher\":{\"@id\":\"https:\/\/www.ogrodolszanica.pl\/#organization\"},\"potentialAction\":[{\"@type\":\"SearchAction\",\"target\":{\"@type\":\"EntryPoint\",\"urlTemplate\":\"https:\/\/www.ogrodolszanica.pl\/?s={search_term_string}\"},\"query-input\":\"required name=search_term_string\"}],\"inLanguage\":\"pl-PL\"},{\"@type\":\"ImageObject\",\"inLanguage\":\"pl-PL\",\"@id\":\"https:\/\/www.ogrodolszanica.pl\/index.php\/produkt\/funkia-liberty\/#primaryimage\",\"url\":\"https:\/\/i0.wp.com\/www.ogrodolszanica.pl\/wp-content\/uploads\/2023\/08\/hosta-liberty_71953_1.jpg?fit=650%2C650&ssl=1\",\"contentUrl\":\"https:\/\/i0.wp.com\/www.ogrodolszanica.pl\/wp-content\/uploads\/2023\/08\/hosta-liberty_71953_1.jpg?fit=650%2C650&ssl=1\",\"width\":650,\"height\":650},{\"@type\":\"WebPage\",\"@id\":\"https:\/\/www.ogrodolszanica.pl\/index.php\/produkt\/funkia-liberty\/#webpage\",\"url\":\"https:\/\/www.ogrodolszanica.pl\/index.php\/produkt\/funkia-liberty\/\",\"name\":\"Funkia Liberty - Ogr&oacute;d Olszanica\",\"isPartOf\":{\"@id\":\"https:\/\/www.ogrodolszanica.pl\/#website\"},\"primaryImageOfPage\":{\"@id\":\"https:\/\/www.ogrodolszanica.pl\/index.php\/produkt\/funkia-liberty\/#primaryimage\"},\"datePublished\":\"2023-08-28T09:34:46+00:00\",\"dateModified\":\"2026-03-07T19:46:15+00:00\",\"breadcrumb\":{\"@id\":\"https:\/\/www.ogrodolszanica.pl\/index.php\/produkt\/funkia-liberty\/#breadcrumb\"},\"inLanguage\":\"pl-PL\",\"potentialAction\":[{\"@type\":\"ReadAction\",\"target\":[\"https:\/\/www.ogrodolszanica.pl\/index.php\/produkt\/funkia-liberty\/\"]}]},{\"@type\":\"BreadcrumbList\",\"@id\":\"https:\/\/www.ogrodolszanica.pl\/index.php\/produkt\/funkia-liberty\/#breadcrumb\",\"itemListElement\":[{\"@type\":\"ListItem\",\"position\":1,\"name\":\"Strona g\u0142\u00f3wna\",\"item\":\"https:\/\/www.ogrodolszanica.pl\/\"},{\"@type\":\"ListItem\",\"position\":2,\"name\":\"Produkty\",\"item\":\"https:\/\/www.ogrodolszanica.pl\/index.php\/shop\/\"},{\"@type\":\"ListItem\",\"position\":3,\"name\":\"Funkia Liberty\"}]}]}<\/script>\n<!-- \/ Yoast SEO plugin. -->","yoast_head_json":{"title":"Funkia Liberty - Ogr&oacute;d Olszanica","robots":{"index":"index","follow":"follow","max-snippet":"max-snippet:-1","max-image-preview":"max-image-preview:large","max-video-preview":"max-video-preview:-1"},"canonical":"https:\/\/www.ogrodolszanica.pl\/index.php\/produkt\/funkia-liberty\/","og_locale":"pl_PL","og_type":"article","og_title":"Funkia Liberty - Ogr&oacute;d Olszanica","og_description":"Funkia Liberty rodzaj: Funkia barwa: Zielono-\u017c\u00f3\u0142ta szeroko\u015b\u0107: 80\u00a0cm wysoko\u015b\u0107: 70\u00a0cm wysoko\u015b\u0107 (kwitnienie): 100\u00a0cm kwitnienie: lipiec \u00f7 sierpie\u0144 stanowisko: p\u00f3\u0142cieniste, cieniste Dobierz odpowiednie pod\u0142o\u017ce z wybranych produkt\u00f3w w naszym sklepie: Pod\u0142o\u017ca","og_url":"https:\/\/www.ogrodolszanica.pl\/index.php\/produkt\/funkia-liberty\/","og_site_name":"Ogr&oacute;d Olszanica","article_publisher":"https:\/\/www.facebook.com\/Ogrd-Olszanica-100807179225223","article_modified_time":"2026-03-07T19:46:15+00:00","og_image":[{"width":650,"height":650,"url":"https:\/\/www.ogrodolszanica.pl\/wp-content\/uploads\/2023\/08\/hosta-liberty_71953_1.jpg","type":"image\/jpeg"}],"author":"admin","twitter_card":"summary_large_image","schema":{"@context":"https:\/\/schema.org","@graph":[{"@type":"Organization","@id":"https:\/\/www.ogrodolszanica.pl\/#organization","name":"Ogr\u00f3d Olszanica - Krakowskie Centrum Ogrodnicze","url":"https:\/\/www.ogrodolszanica.pl\/","sameAs":["https:\/\/www.facebook.com\/Ogrd-Olszanica-100807179225223"],"logo":{"@type":"ImageObject","inLanguage":"pl-PL","@id":"https:\/\/www.ogrodolszanica.pl\/#\/schema\/logo\/image\/","url":"http:\/\/www.ogrodolszanica.pl\/wp-content\/uploads\/2022\/06\/Ogrod-Olszanica1-1.png","contentUrl":"http:\/\/www.ogrodolszanica.pl\/wp-content\/uploads\/2022\/06\/Ogrod-Olszanica1-1.png","width":180,"height":60,"caption":"Ogr\u00f3d Olszanica - Krakowskie Centrum Ogrodnicze"},"image":{"@id":"https:\/\/www.ogrodolszanica.pl\/#\/schema\/logo\/image\/"}},{"@type":"WebSite","@id":"https:\/\/www.ogrodolszanica.pl\/#website","url":"https:\/\/www.ogrodolszanica.pl\/","name":"Ogr&oacute;d Olszanica","description":"Centrum Ogrodnicze Krak&oacute;w","publisher":{"@id":"https:\/\/www.ogrodolszanica.pl\/#organization"},"potentialAction":[{"@type":"SearchAction","target":{"@type":"EntryPoint","urlTemplate":"https:\/\/www.ogrodolszanica.pl\/?s={search_term_string}"},"query-input":"required name=search_term_string"}],"inLanguage":"pl-PL"},{"@type":"ImageObject","inLanguage":"pl-PL","@id":"https:\/\/www.ogrodolszanica.pl\/index.php\/produkt\/funkia-liberty\/#primaryimage","url":"https:\/\/i0.wp.com\/www.ogrodolszanica.pl\/wp-content\/uploads\/2023\/08\/hosta-liberty_71953_1.jpg?fit=650%2C650&ssl=1","contentUrl":"https:\/\/i0.wp.com\/www.ogrodolszanica.pl\/wp-content\/uploads\/2023\/08\/hosta-liberty_71953_1.jpg?fit=650%2C650&ssl=1","width":650,"height":650},{"@type":"WebPage","@id":"https:\/\/www.ogrodolszanica.pl\/index.php\/produkt\/funkia-liberty\/#webpage","url":"https:\/\/www.ogrodolszanica.pl\/index.php\/produkt\/funkia-liberty\/","name":"Funkia Liberty - Ogr&oacute;d Olszanica","isPartOf":{"@id":"https:\/\/www.ogrodolszanica.pl\/#website"},"primaryImageOfPage":{"@id":"https:\/\/www.ogrodolszanica.pl\/index.php\/produkt\/funkia-liberty\/#primaryimage"},"datePublished":"2023-08-28T09:34:46+00:00","dateModified":"2026-03-07T19:46:15+00:00","breadcrumb":{"@id":"https:\/\/www.ogrodolszanica.pl\/index.php\/produkt\/funkia-liberty\/#breadcrumb"},"inLanguage":"pl-PL","potentialAction":[{"@type":"ReadAction","target":["https:\/\/www.ogrodolszanica.pl\/index.php\/produkt\/funkia-liberty\/"]}]},{"@type":"BreadcrumbList","@id":"https:\/\/www.ogrodolszanica.pl\/index.php\/produkt\/funkia-liberty\/#breadcrumb","itemListElement":[{"@type":"ListItem","position":1,"name":"Strona g\u0142\u00f3wna","item":"https:\/\/www.ogrodolszanica.pl\/"},{"@type":"ListItem","position":2,"name":"Produkty","item":"https:\/\/www.ogrodolszanica.pl\/index.php\/shop\/"},{"@type":"ListItem","position":3,"name":"Funkia Liberty"}]}]}},"jetpack-related-posts":[{"id":2490,"url":"https:\/\/www.ogrodolszanica.pl\/index.php\/produkt\/funkia-age-of-gold\/","url_meta":{"origin":2494,"position":0},"title":"Funkia Age of Gold","date":"28 sierpnia, 2023","format":false,"excerpt":"Funkia Age of Gold rodzaj: Funkia barwa: Zielona szeroko\u015b\u0107: 120\u00a0cm wysoko\u015b\u0107: 65\u00a0cm wysoko\u015b\u0107 (kwitnienie): 100\u00a0cm kwitnienie: lipiec \u00f7 sierpie\u0144 stanowisko: p\u00f3\u0142cieniste, s\u0142oneczne Dobierz odpowiednie pod\u0142o\u017ce z wybranych produkt\u00f3w w naszym sklepie: Pod\u0142o\u017ca","rel":"","context":"Similar post","img":{"alt_text":"","src":"https:\/\/i0.wp.com\/www.ogrodolszanica.pl\/wp-content\/uploads\/2023\/08\/byliny-i-trawy_hosta-funkia_73886_1.jpg?fit=650%2C650&ssl=1&resize=350%2C200","width":350,"height":200},"classes":[]},{"id":1951,"url":"https:\/\/www.ogrodolszanica.pl\/index.php\/produkt\/funkia-purple-heart\/","url_meta":{"origin":2494,"position":1},"title":"Funkia Purple Heart","date":"16 sierpnia, 2022","format":false,"excerpt":"Funkia Purple Heart Wyj\u0105tkowa odmiana o zbitym, g\u0119stym pokroju i b\u0142yszcz\u0105cych, sercowatych li\u015bciach w kolorze limonkowo-zielonym z czerwono-purpurow\u0105 plamk\u0105 u nasady li\u015bcia. Charakteryzuje si\u0119 eleganckimi, kr\u00f3tkimi, prawie czarnymi \u0142odygami. Rodzaj: Funkia Barwa: Purpurowo-r\u00f3\u017cowy szeroko\u015b\u0107: 75 cm wysoko\u015b\u0107: 40\u00a0cm wysoko\u015b\u0107 (kwitnienie): 60\u00a0cm kwitnienie: sierpie\u0144 \u00f7 wrzesie\u0144 stanowisko: p\u00f3\u0142cieniste Dobierz odpowiednie pod\u0142o\u017ce\u2026","rel":"","context":"Similar post","img":{"alt_text":"","src":"https:\/\/i0.wp.com\/www.ogrodolszanica.pl\/wp-content\/uploads\/2022\/08\/297839075_743972756907105_5861016168158462284_n.jpg?fit=900%2C1200&ssl=1&resize=350%2C200","width":350,"height":200},"classes":[]},{"id":1880,"url":"https:\/\/www.ogrodolszanica.pl\/index.php\/produkt\/funkia-blue-angel\/","url_meta":{"origin":2494,"position":2},"title":"Funkia Blue Angel","date":"24 lipca, 2022","format":false,"excerpt":"Funkia Blue Angel Odmiana o ogromnych li\u015bciach w kszta\u0142cie serc w odcieniu\u00a0niebieskiej, ch\u0142odnej zieleni. Li\u015bcie osadzone s\u0105 na d\u0142ugich\u00a0szypu\u0142ach, a tu\u017c nad nimi pojawiaj\u0105 si\u0119 latem bia\u0142e kwiaty.\u00a0\"B\u0142\u0119kitny Anio\u0142\" opr\u00f3cz pi\u0119knej barwy li\u015bci wyr\u00f3\u017cnia si\u0119\u00a0tak\u017ce wysok\u0105 odporno\u015bci\u0105 na \u015blimaki. Rodzaj: Funkia Barwa: Niebiesko-zielony szeroko\u015b\u0107: 150\u00a0cm wysoko\u015b\u0107: 90\u00a0cm wysoko\u015b\u0107 (kwitnienie): 110\u00a0cm\u2026","rel":"","context":"Similar post","img":{"alt_text":"","src":"https:\/\/i0.wp.com\/www.ogrodolszanica.pl\/wp-content\/uploads\/2022\/07\/292416941_3233654900238026_2551480468171045821_n.jpg?fit=900%2C1200&ssl=1&resize=350%2C200","width":350,"height":200},"classes":[]},{"id":1624,"url":"https:\/\/www.ogrodolszanica.pl\/index.php\/produkt\/funkia-hosta-blue-mouse-ears\/","url_meta":{"origin":2494,"position":3},"title":"Funkia Blue Mouse Ears","date":"13 lipca, 2022","format":false,"excerpt":"Funkia Hosta Niebieskie uszy myszy Urocza, miniaturowa odmiana, tworz\u0105ca foremn\u0105, symetryczn\u0105 k\u0119p\u0119 z grubych, okr\u0105g\u0142ych, sercowatych li\u015bci. Ulistnienie przyjmuje barw\u0119 niebieskozielon\u0105, a\u017c po szarozielon\u0105. Ka\u017cdy li\u015b\u0107 ma lekko zwini\u0119ty ku g\u00f3rze brzeg, co rzeczywi\u015bcie przypomina kszta\u0142t mysiego ucha. Ponadto, w po\u0142owie lata, ro\u015blin\u0119 zdobi\u0105 dzwonkowate, lawendowe kwiaty niczym ma\u0142e lilie.\u2026","rel":"","context":"Similar post","img":{"alt_text":"","src":"https:\/\/i0.wp.com\/www.ogrodolszanica.pl\/wp-content\/uploads\/2022\/07\/291468497_568310571501582_7966136194775772606_n.jpg?fit=900%2C1200&ssl=1&resize=350%2C200","width":350,"height":200},"classes":[]},{"id":2578,"url":"https:\/\/www.ogrodolszanica.pl\/index.php\/produkt\/hosta-blue-angel\/","url_meta":{"origin":2494,"position":4},"title":"Hosta Blue Angel","date":"24 stycznia, 2024","format":false,"excerpt":"\u00a0Hosta Blue Angel \u00a0 Odmiana o ogromnych li\u015bciach w kszta\u0142cie serc w odcieniu\u00a0niebieskiej, ch\u0142odnej zieleni. Li\u015bcie osadzone s\u0105 na d\u0142ugich\u00a0szypu\u0142ach, a tu\u017c nad nimi pojawiaj\u0105 si\u0119 latem bia\u0142e kwiaty. \"B\u0142\u0119kitny Anio\u0142\" opr\u00f3cz pi\u0119knej barwy li\u015bci wyr\u00f3\u017cnia si\u0119\u00a0tak\u017ce wysok\u0105 odporno\u015bci\u0105 na \u015blimaki. Rodzaj: Funkia Barwa: bia\u0142a szeroko\u015b\u0107: 150\u00a0cm wysoko\u015b\u0107: 90\u00a0cm wysoko\u015b\u0107\u2026","rel":"","context":"Similar post","img":{"alt_text":"","src":"https:\/\/i0.wp.com\/www.ogrodolszanica.pl\/wp-content\/uploads\/2024\/01\/hosta-blue-angel_73803_1.jpg?fit=650%2C650&ssl=1&resize=350%2C200","width":350,"height":200},"classes":[]},{"id":2589,"url":"https:\/\/www.ogrodolszanica.pl\/index.php\/produkt\/hosta-big-daddy\/","url_meta":{"origin":2494,"position":5},"title":"Hosta Big Daddy","date":"24 stycznia, 2024","format":false,"excerpt":"\u00a0Hosta Big Daddy \u00a0 Wielka, niebieskolistna odmiana, rozrastaj\u0105ca si\u0119 nawet do metra szeroko\u015bci. Li\u015bcie du\u017ce, mi\u0119siste i nasycone barw\u0105 niebiesk\u0105, bardziej ni\u017c inne podobne odmiany. Kolor utrzymuje si\u0119 przez ca\u0142y sezon, zw\u0142aszcza w miejscach cienistych, cho\u0107 z up\u0142ywem lata li\u015bcie staj\u0105 si\u0119 coraz bardziej zielone. W po\u0142owie lata, ponad k\u0119p\u0105\u2026","rel":"","context":"Similar post","img":{"alt_text":"","src":"https:\/\/i0.wp.com\/www.ogrodolszanica.pl\/wp-content\/uploads\/2024\/01\/hosta-big-daddy_73884_1.jpg?fit=650%2C650&ssl=1&resize=350%2C200","width":350,"height":200},"classes":[]}],"_links":{"self":[{"href":"https:\/\/www.ogrodolszanica.pl\/index.php\/wp-json\/wp\/v2\/product\/2494","targetHints":{"allow":["GET"]}}],"collection":[{"href":"https:\/\/www.ogrodolszanica.pl\/index.php\/wp-json\/wp\/v2\/product"}],"about":[{"href":"https:\/\/www.ogrodolszanica.pl\/index.php\/wp-json\/wp\/v2\/types\/product"}],"replies":[{"embeddable":true,"href":"https:\/\/www.ogrodolszanica.pl\/index.php\/wp-json\/wp\/v2\/comments?post=2494"}],"wp:featuredmedia":[{"embeddable":true,"href":"https:\/\/www.ogrodolszanica.pl\/index.php\/wp-json\/wp\/v2\/media\/2495"}],"wp:attachment":[{"href":"https:\/\/www.ogrodolszanica.pl\/index.php\/wp-json\/wp\/v2\/media?parent=2494"}],"wp:term":[{"taxonomy":"product_cat","embeddable":true,"href":"https:\/\/www.ogrodolszanica.pl\/index.php\/wp-json\/wp\/v2\/product_cat?post=2494"},{"taxonomy":"product_tag","embeddable":true,"href":"https:\/\/www.ogrodolszanica.pl\/index.php\/wp-json\/wp\/v2\/product_tag?post=2494"}],"curies":[{"name":"wp","href":"https:\/\/api.w.org\/{rel}","templated":true}]}}