{"id":2487,"date":"2023-08-28T09:26:02","date_gmt":"2023-08-28T09:26:02","guid":{"rendered":"https:\/\/www.ogrodolszanica.pl\/?post_type=product&#038;p=2487"},"modified":"2026-03-07T19:46:41","modified_gmt":"2026-03-07T19:46:41","slug":"bodziszek-sanguineum-ssp-striatum","status":"publish","type":"product","link":"https:\/\/www.ogrodolszanica.pl\/index.php\/produkt\/bodziszek-sanguineum-ssp-striatum\/","title":{"rendered":"Bodziszek sanguineum ssp. striatum"},"content":{"rendered":"<h1 style=\"text-align: center;\">Bodziszek sanguineum ssp. striatum<\/h1>\n<ul>\n<li>rodzaj: Bodziszek<\/li>\n<li>barwa: Jasnor\u00f3\u017cowa<\/li>\n<li>\n<div>szeroko\u015b\u0107: <strong>30<\/strong><b>\u00a0cm<\/b><\/div>\n<\/li>\n<li>\n<div><b><\/b>wysoko\u015b\u0107: <strong>15<\/strong><b>\u00a0cm<\/b><\/div>\n<\/li>\n<li>\n<div><b><\/b>wysoko\u015b\u0107 (kwitnienie): <strong>20<\/strong><b>\u00a0cm<\/b><\/div>\n<\/li>\n<li>\n<div><b><\/b>kwitnienie: <b>czerwiec \u00f7 sierpie\u0144<\/b><\/div>\n<\/li>\n<li>\n<div><b><\/b>stanowisko: <b>s\u0142oneczne, p\u00f3\u0142cieniste<\/b><\/div>\n<\/li>\n<\/ul>\n<p>Dobierz odpowiednie pod\u0142o\u017ce z wybranych produkt\u00f3w w naszym sklepie: <a href=\"https:\/\/www.ogrodolszanica.pl\/index.php\/kategoria-produktu\/zin\/\">Pod\u0142o\u017ca<\/a><\/p>\n","protected":false},"excerpt":{"rendered":"<p>Bodziszek sanguineum ssp. striatum rodzaj: Bodziszek barwa: Jasnor\u00f3\u017cowa szeroko\u015b\u0107: 30\u00a0cm wysoko\u015b\u0107: 15\u00a0cm wysoko\u015b\u0107 (kwitnienie): 20\u00a0cm kwitnienie: czerwiec \u00f7 sierpie\u0144 stanowisko: s\u0142oneczne, p\u00f3\u0142cieniste Dobierz odpowiednie pod\u0142o\u017ce z wybranych produkt\u00f3w w naszym sklepie: Pod\u0142o\u017ca<\/p>\n","protected":false},"featured_media":2489,"comment_status":"open","ping_status":"closed","template":"","meta":{"site-sidebar-layout":"default","site-content-layout":"default","ast-global-header-display":"","ast-main-header-display":"","ast-hfb-above-header-display":"","ast-hfb-below-header-display":"","ast-hfb-mobile-header-display":"","site-post-title":"","ast-breadcrumbs-content":"","ast-featured-img":"","footer-sml-layout":"","theme-transparent-header-meta":"default","adv-header-id-meta":"","stick-header-meta":"","header-above-stick-meta":"","header-main-stick-meta":"","header-below-stick-meta":"","spay_email":""},"product_cat":[56,29,20],"product_tag":[],"class_list":["post-2487","product","type-product","status-publish","has-post-thumbnail","hentry","product_cat-bodziszki","product_cat-byliny","product_cat-rosliny"],"yoast_head":"<!-- This site is optimized with the Yoast SEO plugin v19.2 - https:\/\/yoast.com\/wordpress\/plugins\/seo\/ -->\n<title>Bodziszek sanguineum ssp. striatum - Ogr&oacute;d Olszanica<\/title>\n<meta name=\"robots\" content=\"index, follow, max-snippet:-1, max-image-preview:large, max-video-preview:-1\" \/>\n<link rel=\"canonical\" href=\"https:\/\/www.ogrodolszanica.pl\/index.php\/produkt\/bodziszek-sanguineum-ssp-striatum\/\" \/>\n<meta property=\"og:locale\" content=\"pl_PL\" \/>\n<meta property=\"og:type\" content=\"article\" \/>\n<meta property=\"og:title\" content=\"Bodziszek sanguineum ssp. striatum - Ogr&oacute;d Olszanica\" \/>\n<meta property=\"og:description\" content=\"Bodziszek sanguineum ssp. striatum rodzaj: Bodziszek barwa: Jasnor\u00f3\u017cowa szeroko\u015b\u0107: 30\u00a0cm wysoko\u015b\u0107: 15\u00a0cm wysoko\u015b\u0107 (kwitnienie): 20\u00a0cm kwitnienie: czerwiec \u00f7 sierpie\u0144 stanowisko: s\u0142oneczne, p\u00f3\u0142cieniste Dobierz odpowiednie pod\u0142o\u017ce z wybranych produkt\u00f3w w naszym sklepie: Pod\u0142o\u017ca\" \/>\n<meta property=\"og:url\" content=\"https:\/\/www.ogrodolszanica.pl\/index.php\/produkt\/bodziszek-sanguineum-ssp-striatum\/\" \/>\n<meta property=\"og:site_name\" content=\"Ogr&oacute;d Olszanica\" \/>\n<meta property=\"article:publisher\" content=\"https:\/\/www.facebook.com\/Ogrd-Olszanica-100807179225223\" \/>\n<meta property=\"article:modified_time\" content=\"2026-03-07T19:46:41+00:00\" \/>\n<meta property=\"og:image\" content=\"https:\/\/www.ogrodolszanica.pl\/wp-content\/uploads\/2023\/08\/byliny-i-trawy_sanguineum_71105_4.jpg\" \/>\n\t<meta property=\"og:image:width\" content=\"650\" \/>\n\t<meta property=\"og:image:height\" content=\"434\" \/>\n\t<meta property=\"og:image:type\" content=\"image\/jpeg\" \/>\n<meta name=\"author\" content=\"admin\" \/>\n<meta name=\"twitter:card\" content=\"summary_large_image\" \/>\n<script type=\"application\/ld+json\" class=\"yoast-schema-graph\">{\"@context\":\"https:\/\/schema.org\",\"@graph\":[{\"@type\":\"Organization\",\"@id\":\"https:\/\/www.ogrodolszanica.pl\/#organization\",\"name\":\"Ogr\u00f3d Olszanica - Krakowskie Centrum Ogrodnicze\",\"url\":\"https:\/\/www.ogrodolszanica.pl\/\",\"sameAs\":[\"https:\/\/www.facebook.com\/Ogrd-Olszanica-100807179225223\"],\"logo\":{\"@type\":\"ImageObject\",\"inLanguage\":\"pl-PL\",\"@id\":\"https:\/\/www.ogrodolszanica.pl\/#\/schema\/logo\/image\/\",\"url\":\"http:\/\/www.ogrodolszanica.pl\/wp-content\/uploads\/2022\/06\/Ogrod-Olszanica1-1.png\",\"contentUrl\":\"http:\/\/www.ogrodolszanica.pl\/wp-content\/uploads\/2022\/06\/Ogrod-Olszanica1-1.png\",\"width\":180,\"height\":60,\"caption\":\"Ogr\u00f3d Olszanica - Krakowskie Centrum Ogrodnicze\"},\"image\":{\"@id\":\"https:\/\/www.ogrodolszanica.pl\/#\/schema\/logo\/image\/\"}},{\"@type\":\"WebSite\",\"@id\":\"https:\/\/www.ogrodolszanica.pl\/#website\",\"url\":\"https:\/\/www.ogrodolszanica.pl\/\",\"name\":\"Ogr&oacute;d Olszanica\",\"description\":\"Centrum Ogrodnicze Krak&oacute;w\",\"publisher\":{\"@id\":\"https:\/\/www.ogrodolszanica.pl\/#organization\"},\"potentialAction\":[{\"@type\":\"SearchAction\",\"target\":{\"@type\":\"EntryPoint\",\"urlTemplate\":\"https:\/\/www.ogrodolszanica.pl\/?s={search_term_string}\"},\"query-input\":\"required name=search_term_string\"}],\"inLanguage\":\"pl-PL\"},{\"@type\":\"ImageObject\",\"inLanguage\":\"pl-PL\",\"@id\":\"https:\/\/www.ogrodolszanica.pl\/index.php\/produkt\/bodziszek-sanguineum-ssp-striatum\/#primaryimage\",\"url\":\"https:\/\/i0.wp.com\/www.ogrodolszanica.pl\/wp-content\/uploads\/2023\/08\/byliny-i-trawy_sanguineum_71105_4.jpg?fit=650%2C434&ssl=1\",\"contentUrl\":\"https:\/\/i0.wp.com\/www.ogrodolszanica.pl\/wp-content\/uploads\/2023\/08\/byliny-i-trawy_sanguineum_71105_4.jpg?fit=650%2C434&ssl=1\",\"width\":650,\"height\":434},{\"@type\":\"WebPage\",\"@id\":\"https:\/\/www.ogrodolszanica.pl\/index.php\/produkt\/bodziszek-sanguineum-ssp-striatum\/#webpage\",\"url\":\"https:\/\/www.ogrodolszanica.pl\/index.php\/produkt\/bodziszek-sanguineum-ssp-striatum\/\",\"name\":\"Bodziszek sanguineum ssp. striatum - Ogr&oacute;d Olszanica\",\"isPartOf\":{\"@id\":\"https:\/\/www.ogrodolszanica.pl\/#website\"},\"primaryImageOfPage\":{\"@id\":\"https:\/\/www.ogrodolszanica.pl\/index.php\/produkt\/bodziszek-sanguineum-ssp-striatum\/#primaryimage\"},\"datePublished\":\"2023-08-28T09:26:02+00:00\",\"dateModified\":\"2026-03-07T19:46:41+00:00\",\"breadcrumb\":{\"@id\":\"https:\/\/www.ogrodolszanica.pl\/index.php\/produkt\/bodziszek-sanguineum-ssp-striatum\/#breadcrumb\"},\"inLanguage\":\"pl-PL\",\"potentialAction\":[{\"@type\":\"ReadAction\",\"target\":[\"https:\/\/www.ogrodolszanica.pl\/index.php\/produkt\/bodziszek-sanguineum-ssp-striatum\/\"]}]},{\"@type\":\"BreadcrumbList\",\"@id\":\"https:\/\/www.ogrodolszanica.pl\/index.php\/produkt\/bodziszek-sanguineum-ssp-striatum\/#breadcrumb\",\"itemListElement\":[{\"@type\":\"ListItem\",\"position\":1,\"name\":\"Strona g\u0142\u00f3wna\",\"item\":\"https:\/\/www.ogrodolszanica.pl\/\"},{\"@type\":\"ListItem\",\"position\":2,\"name\":\"Produkty\",\"item\":\"https:\/\/www.ogrodolszanica.pl\/index.php\/shop\/\"},{\"@type\":\"ListItem\",\"position\":3,\"name\":\"Bodziszek sanguineum ssp. striatum\"}]}]}<\/script>\n<!-- \/ Yoast SEO plugin. -->","yoast_head_json":{"title":"Bodziszek sanguineum ssp. striatum - Ogr&oacute;d Olszanica","robots":{"index":"index","follow":"follow","max-snippet":"max-snippet:-1","max-image-preview":"max-image-preview:large","max-video-preview":"max-video-preview:-1"},"canonical":"https:\/\/www.ogrodolszanica.pl\/index.php\/produkt\/bodziszek-sanguineum-ssp-striatum\/","og_locale":"pl_PL","og_type":"article","og_title":"Bodziszek sanguineum ssp. striatum - Ogr&oacute;d Olszanica","og_description":"Bodziszek sanguineum ssp. striatum rodzaj: Bodziszek barwa: Jasnor\u00f3\u017cowa szeroko\u015b\u0107: 30\u00a0cm wysoko\u015b\u0107: 15\u00a0cm wysoko\u015b\u0107 (kwitnienie): 20\u00a0cm kwitnienie: czerwiec \u00f7 sierpie\u0144 stanowisko: s\u0142oneczne, p\u00f3\u0142cieniste Dobierz odpowiednie pod\u0142o\u017ce z wybranych produkt\u00f3w w naszym sklepie: Pod\u0142o\u017ca","og_url":"https:\/\/www.ogrodolszanica.pl\/index.php\/produkt\/bodziszek-sanguineum-ssp-striatum\/","og_site_name":"Ogr&oacute;d Olszanica","article_publisher":"https:\/\/www.facebook.com\/Ogrd-Olszanica-100807179225223","article_modified_time":"2026-03-07T19:46:41+00:00","og_image":[{"width":650,"height":434,"url":"https:\/\/www.ogrodolszanica.pl\/wp-content\/uploads\/2023\/08\/byliny-i-trawy_sanguineum_71105_4.jpg","type":"image\/jpeg"}],"author":"admin","twitter_card":"summary_large_image","schema":{"@context":"https:\/\/schema.org","@graph":[{"@type":"Organization","@id":"https:\/\/www.ogrodolszanica.pl\/#organization","name":"Ogr\u00f3d Olszanica - Krakowskie Centrum Ogrodnicze","url":"https:\/\/www.ogrodolszanica.pl\/","sameAs":["https:\/\/www.facebook.com\/Ogrd-Olszanica-100807179225223"],"logo":{"@type":"ImageObject","inLanguage":"pl-PL","@id":"https:\/\/www.ogrodolszanica.pl\/#\/schema\/logo\/image\/","url":"http:\/\/www.ogrodolszanica.pl\/wp-content\/uploads\/2022\/06\/Ogrod-Olszanica1-1.png","contentUrl":"http:\/\/www.ogrodolszanica.pl\/wp-content\/uploads\/2022\/06\/Ogrod-Olszanica1-1.png","width":180,"height":60,"caption":"Ogr\u00f3d Olszanica - Krakowskie Centrum Ogrodnicze"},"image":{"@id":"https:\/\/www.ogrodolszanica.pl\/#\/schema\/logo\/image\/"}},{"@type":"WebSite","@id":"https:\/\/www.ogrodolszanica.pl\/#website","url":"https:\/\/www.ogrodolszanica.pl\/","name":"Ogr&oacute;d Olszanica","description":"Centrum Ogrodnicze Krak&oacute;w","publisher":{"@id":"https:\/\/www.ogrodolszanica.pl\/#organization"},"potentialAction":[{"@type":"SearchAction","target":{"@type":"EntryPoint","urlTemplate":"https:\/\/www.ogrodolszanica.pl\/?s={search_term_string}"},"query-input":"required name=search_term_string"}],"inLanguage":"pl-PL"},{"@type":"ImageObject","inLanguage":"pl-PL","@id":"https:\/\/www.ogrodolszanica.pl\/index.php\/produkt\/bodziszek-sanguineum-ssp-striatum\/#primaryimage","url":"https:\/\/i0.wp.com\/www.ogrodolszanica.pl\/wp-content\/uploads\/2023\/08\/byliny-i-trawy_sanguineum_71105_4.jpg?fit=650%2C434&ssl=1","contentUrl":"https:\/\/i0.wp.com\/www.ogrodolszanica.pl\/wp-content\/uploads\/2023\/08\/byliny-i-trawy_sanguineum_71105_4.jpg?fit=650%2C434&ssl=1","width":650,"height":434},{"@type":"WebPage","@id":"https:\/\/www.ogrodolszanica.pl\/index.php\/produkt\/bodziszek-sanguineum-ssp-striatum\/#webpage","url":"https:\/\/www.ogrodolszanica.pl\/index.php\/produkt\/bodziszek-sanguineum-ssp-striatum\/","name":"Bodziszek sanguineum ssp. striatum - Ogr&oacute;d Olszanica","isPartOf":{"@id":"https:\/\/www.ogrodolszanica.pl\/#website"},"primaryImageOfPage":{"@id":"https:\/\/www.ogrodolszanica.pl\/index.php\/produkt\/bodziszek-sanguineum-ssp-striatum\/#primaryimage"},"datePublished":"2023-08-28T09:26:02+00:00","dateModified":"2026-03-07T19:46:41+00:00","breadcrumb":{"@id":"https:\/\/www.ogrodolszanica.pl\/index.php\/produkt\/bodziszek-sanguineum-ssp-striatum\/#breadcrumb"},"inLanguage":"pl-PL","potentialAction":[{"@type":"ReadAction","target":["https:\/\/www.ogrodolszanica.pl\/index.php\/produkt\/bodziszek-sanguineum-ssp-striatum\/"]}]},{"@type":"BreadcrumbList","@id":"https:\/\/www.ogrodolszanica.pl\/index.php\/produkt\/bodziszek-sanguineum-ssp-striatum\/#breadcrumb","itemListElement":[{"@type":"ListItem","position":1,"name":"Strona g\u0142\u00f3wna","item":"https:\/\/www.ogrodolszanica.pl\/"},{"@type":"ListItem","position":2,"name":"Produkty","item":"https:\/\/www.ogrodolszanica.pl\/index.php\/shop\/"},{"@type":"ListItem","position":3,"name":"Bodziszek sanguineum ssp. striatum"}]}]}},"jetpack-related-posts":[{"id":3415,"url":"https:\/\/www.ogrodolszanica.pl\/index.php\/produkt\/bodziszek-white\/","url_meta":{"origin":2487,"position":0},"title":"Bodziszek White","date":"24 lutego, 2026","format":false,"excerpt":"Bodziszek White bia\u0142y Geranium sanguineum Album Bodziszek bia\u0142y to odmiana bodziszka czerwonego o bia\u0142ych, miseczkowatych kwiatach. Ulistnienie ozdobne, ciemnozielone, wycinane. Odmiana ta wyrasta do 50 cm, jest ro\u015blin\u0105 silnie rosn\u0105c\u0105, kt\u00f3r\u0105 mo\u017cna przycina\u0107 o dowolnej porze, przez co lepiej i bujniej b\u0119dzie ros\u0142a. Kwitnienie trwa od czerwca do lipca. Ro\u015blina\u2026","rel":"","context":"Similar post","img":{"alt_text":"","src":"https:\/\/i0.wp.com\/www.ogrodolszanica.pl\/wp-content\/uploads\/2026\/02\/Bodziszek-White-v1-scaled.jpg?fit=904%2C1200&ssl=1&resize=350%2C200","width":350,"height":200},"classes":[]},{"id":2500,"url":"https:\/\/www.ogrodolszanica.pl\/index.php\/produkt\/bodziszek-biokovo\/","url_meta":{"origin":2487,"position":1},"title":"Bodziszek Biokovo","date":"28 sierpnia, 2023","format":false,"excerpt":"Bodziszek Biokovo Bodziszek w odmianie Biokovo wyr\u00f3\u017cnia si\u0119 d\u0142ugim i obfitym kwitnieniem. Jego li\u015bcie s\u0105 koloru ciemnozielonego. Tworzy szerok\u0105 i roz\u0142o\u017cyst\u0105 k\u0119p\u0119. Dorasta do 20 cm wysoko\u015bci. Kwitnienie zaczyna si\u0119 w czerwcu. Kwiaty s\u0105 koloru bia\u0142ego. Bodziszka cechuje du\u017ca odporno\u015b\u0107 na choroby grzybowe oraz dzia\u0142anie szkodnik\u00f3w. Bodziszek preferuje stanowiska s\u0142oneczne\u2026","rel":"","context":"Similar post","img":{"alt_text":"","src":"https:\/\/i0.wp.com\/www.ogrodolszanica.pl\/wp-content\/uploads\/2023\/08\/Bodziszek-Biokovo-v1-1-scaled.jpg?fit=904%2C1200&ssl=1&resize=350%2C200","width":350,"height":200},"classes":[]},{"id":3304,"url":"https:\/\/www.ogrodolszanica.pl\/index.php\/produkt\/bodziszek-rose-clair\/","url_meta":{"origin":2487,"position":2},"title":"Bodziszek Rose Clair","date":"23 lutego, 2026","format":false,"excerpt":"Bodziszek oksfordzki Rose Clair\u00a0 Geranium oxonianum Bodziszek \"Rose Clair\" to odmiana szybko rosn\u0105cej ro\u015bliny wieloletniej kt\u00f3ra tworzy miododajne, aromatyczne, do\u015b\u0107 zwarte k\u0119pki dorastaj\u0105ce do 20-40 cm wysoko\u015bci. Li\u015bcie na d\u0142ugich ogonkach, powcinane, zielone. Kwitnie od czerwca do wrze\u015bnia. Kwiaty r\u00f3\u017cowe z wyra\u017anym, ciemniejszym \u017cy\u0142kowaniem, wyrastaj\u0105ce na d\u0142ugich szypu\u0142kach. Bodziszek oksfordzki\u2026","rel":"","context":"Similar post","img":{"alt_text":"","src":"https:\/\/i0.wp.com\/www.ogrodolszanica.pl\/wp-content\/uploads\/2026\/02\/Bodziszek-Rose-Clair-v5-scaled.jpg?fit=904%2C1200&ssl=1&resize=350%2C200","width":350,"height":200},"classes":[]},{"id":2051,"url":"https:\/\/www.ogrodolszanica.pl\/index.php\/produkt\/bodziszek-czakor\/","url_meta":{"origin":2487,"position":3},"title":"Bodziszek Czakor","date":"15 marca, 2023","format":false,"excerpt":"Bodziszek korzeniasty Czakor Bylina nale\u017c\u0105ca do rodziny bodziszkowate. Naturalnie spotka\u0107 go mo\u017cna \u00a0w Europie, centralnej Azji oraz zachodnich Chinach gdzie porasta \u0142\u0105ki, zaro\u015bla, rowy i brzegi dr\u00f3g. Tworzy ma\u0142e, g\u0119ste krzaczki wysoko\u015bci oko\u0142o 30 cm i szeroko\u015bci do 60 cm. \u0141odygi p\u0142o\u017c\u0105ce, drewniej\u0105ce. Kwiaty odmiany \"Czakor\" maj\u0105 kolor purpurowo-r\u00f3\u017cowy i\u2026","rel":"","context":"Similar post","img":{"alt_text":"","src":"https:\/\/i0.wp.com\/www.ogrodolszanica.pl\/wp-content\/uploads\/2023\/03\/Bodziszek-Czakor-scaled.jpg?fit=904%2C1200&ssl=1&resize=350%2C200","width":350,"height":200},"classes":[]},{"id":1530,"url":"https:\/\/www.ogrodolszanica.pl\/index.php\/produkt\/geranium-rozanne\/","url_meta":{"origin":2487,"position":4},"title":"Bodziszek ROZANNE Gerwat Geranium","date":"8 lipca, 2022","format":false,"excerpt":"Bodziszek ROZANNE Gerwat Geranium Niezwyk\u0142a odmiana zachwycaj\u0105ca bardzo d\u0142ugim, niezwykle obfitym kwitnieniem. Opr\u00f3cz niezwyk\u0142ych walor\u00f3w dekoracyjnych posiada r\u00f3wnie\u017c niewielkie wymagania uprawowe. Bodziszek ROZANNE 'Gerwart' doskonale sprawdzi si\u0119 na lekko ocienionych rabatach, obw\u00f3dkach oraz jako ozdoba pojemnik\u00f3w i donic. Mo\u017ce by\u0107 r\u00f3wnie\u017c wykorzystany jako ro\u015blina okrywowa. Tworzy efektowne, g\u0119ste, roz\u0142o\u017cyste k\u0119py,\u2026","rel":"","context":"Similar post","img":{"alt_text":"","src":"https:\/\/i0.wp.com\/www.ogrodolszanica.pl\/wp-content\/uploads\/2022\/07\/Bodziszek-ROZANNE-Gerwat-Geranium-v2-scaled.jpg?fit=904%2C1200&ssl=1&resize=350%2C200","width":350,"height":200},"classes":[]},{"id":2289,"url":"https:\/\/www.ogrodolszanica.pl\/index.php\/produkt\/cortaderia-selloana\/","url_meta":{"origin":2487,"position":5},"title":"Trawa Pampasowa","date":"18 czerwca, 2023","format":false,"excerpt":"Trawa Pampasowa Barwa: Bia\u0142y szeroko\u015b\u0107: 100\u00a0cm wysoko\u015b\u0107: 200 cm wysoko\u015b\u0107 (kwitnienie): 300 cm kwitnienie: wrzesie\u0144 \u00f7 pa\u017adziernik stanowisko: s\u0142oneczne Dobierz odpowiednie pod\u0142o\u017ce z wybranych produkt\u00f3w w naszym sklepie: Pod\u0142o\u017ca \u00a0 \u00a0","rel":"","context":"Similar post","img":{"alt_text":"","src":"https:\/\/i0.wp.com\/www.ogrodolszanica.pl\/wp-content\/uploads\/2023\/06\/cortaderia-selloana_1-1.jpg?fit=450%2C450&ssl=1&resize=350%2C200","width":350,"height":200},"classes":[]}],"_links":{"self":[{"href":"https:\/\/www.ogrodolszanica.pl\/index.php\/wp-json\/wp\/v2\/product\/2487","targetHints":{"allow":["GET"]}}],"collection":[{"href":"https:\/\/www.ogrodolszanica.pl\/index.php\/wp-json\/wp\/v2\/product"}],"about":[{"href":"https:\/\/www.ogrodolszanica.pl\/index.php\/wp-json\/wp\/v2\/types\/product"}],"replies":[{"embeddable":true,"href":"https:\/\/www.ogrodolszanica.pl\/index.php\/wp-json\/wp\/v2\/comments?post=2487"}],"wp:featuredmedia":[{"embeddable":true,"href":"https:\/\/www.ogrodolszanica.pl\/index.php\/wp-json\/wp\/v2\/media\/2489"}],"wp:attachment":[{"href":"https:\/\/www.ogrodolszanica.pl\/index.php\/wp-json\/wp\/v2\/media?parent=2487"}],"wp:term":[{"taxonomy":"product_cat","embeddable":true,"href":"https:\/\/www.ogrodolszanica.pl\/index.php\/wp-json\/wp\/v2\/product_cat?post=2487"},{"taxonomy":"product_tag","embeddable":true,"href":"https:\/\/www.ogrodolszanica.pl\/index.php\/wp-json\/wp\/v2\/product_tag?post=2487"}],"curies":[{"name":"wp","href":"https:\/\/api.w.org\/{rel}","templated":true}]}}