{"id":2468,"date":"2023-08-28T08:54:20","date_gmt":"2023-08-28T08:54:20","guid":{"rendered":"https:\/\/www.ogrodolszanica.pl\/?post_type=product&#038;p=2468"},"modified":"2026-03-07T19:47:56","modified_gmt":"2026-03-07T19:47:56","slug":"dzwonek-viking","status":"publish","type":"product","link":"https:\/\/www.ogrodolszanica.pl\/index.php\/produkt\/dzwonek-viking\/","title":{"rendered":"Dzwonek Viking"},"content":{"rendered":"<h1 style=\"text-align: center;\">Dzwonek Viking<\/h1>\n<p>Jedyna taka Campanula o niskim wzro\u015bcie i mocnej budowie oraz du\u017cym wigorze, nie posiada roz\u0142og\u00f3w i nie jest inwazyjna. G\u0119ste grona du\u017cych, lekko pachn\u0105cych, jasnolawendowych kwiat\u00f3w osadzone s\u0105 na szczycie prostych \u0142odyg. Ciemne li\u015bcie stanowi\u0105 idealne t\u0142o dla kwiatostan\u00f3w.<\/p>\n<ul>\n<li>rodzaj: Dzwonek<\/li>\n<li>barwa: Fioletowo-niebieska<\/li>\n<li>\n<div>szeroko\u015b\u0107: <strong>40<\/strong><b>\u00a0cm<\/b><\/div>\n<\/li>\n<li>\n<div><b><\/b>wysoko\u015b\u0107: <strong>40<\/strong><b>\u00a0cm<\/b><\/div>\n<\/li>\n<li>\n<div><b><\/b>wysoko\u015b\u0107 (kwitnienie): <strong>50<\/strong><b>\u00a0cm<\/b><\/div>\n<\/li>\n<li>\n<div><b><\/b>kwitnienie: <b>maj \u00f7 lipiec<\/b><\/div>\n<\/li>\n<li>\n<div><b><\/b>stanowisko: <b>s\u0142oneczne<\/b><\/div>\n<\/li>\n<\/ul>\n<p>Dobierz odpowiednie pod\u0142o\u017ce z wybranych produkt\u00f3w w naszym sklepie: <a href=\"https:\/\/www.ogrodolszanica.pl\/index.php\/kategoria-produktu\/zin\/\">Pod\u0142o\u017ca<\/a><\/p>\n","protected":false},"excerpt":{"rendered":"<p>Dzwonek Viking Jedyna taka Campanula o niskim wzro\u015bcie i mocnej budowie oraz du\u017cym wigorze, nie posiada roz\u0142og\u00f3w i nie jest inwazyjna. G\u0119ste grona du\u017cych, lekko pachn\u0105cych, jasnolawendowych kwiat\u00f3w osadzone s\u0105 na szczycie prostych \u0142odyg. Ciemne li\u015bcie stanowi\u0105 idealne t\u0142o dla kwiatostan\u00f3w. rodzaj: Dzwonek barwa: Fioletowo-niebieska szeroko\u015b\u0107: 40\u00a0cm wysoko\u015b\u0107: 40\u00a0cm wysoko\u015b\u0107 (kwitnienie): 50\u00a0cm kwitnienie: maj \u00f7 &hellip;<\/p>\n<p class=\"read-more\"> <a class=\"\" href=\"https:\/\/www.ogrodolszanica.pl\/index.php\/produkt\/dzwonek-viking\/\"> <span class=\"screen-reader-text\">Dzwonek Viking<\/span> Read More &raquo;<\/a><\/p>\n","protected":false},"featured_media":2469,"comment_status":"open","ping_status":"closed","template":"","meta":{"site-sidebar-layout":"default","site-content-layout":"default","ast-global-header-display":"","ast-main-header-display":"","ast-hfb-above-header-display":"","ast-hfb-below-header-display":"","ast-hfb-mobile-header-display":"","site-post-title":"","ast-breadcrumbs-content":"","ast-featured-img":"","footer-sml-layout":"","theme-transparent-header-meta":"default","adv-header-id-meta":"","stick-header-meta":"","header-above-stick-meta":"","header-main-stick-meta":"","header-below-stick-meta":"","spay_email":""},"product_cat":[29,64,20],"product_tag":[],"class_list":["post-2468","product","type-product","status-publish","has-post-thumbnail","hentry","product_cat-byliny","product_cat-dzwonki","product_cat-rosliny"],"yoast_head":"<!-- This site is optimized with the Yoast SEO plugin v19.2 - https:\/\/yoast.com\/wordpress\/plugins\/seo\/ -->\n<title>Dzwonek Viking - Ogr&oacute;d Olszanica<\/title>\n<meta name=\"robots\" content=\"index, follow, max-snippet:-1, max-image-preview:large, max-video-preview:-1\" \/>\n<link rel=\"canonical\" href=\"https:\/\/www.ogrodolszanica.pl\/index.php\/produkt\/dzwonek-viking\/\" \/>\n<meta property=\"og:locale\" content=\"pl_PL\" \/>\n<meta property=\"og:type\" content=\"article\" \/>\n<meta property=\"og:title\" content=\"Dzwonek Viking - Ogr&oacute;d Olszanica\" \/>\n<meta property=\"og:description\" content=\"Dzwonek Viking Jedyna taka Campanula o niskim wzro\u015bcie i mocnej budowie oraz du\u017cym wigorze, nie posiada roz\u0142og\u00f3w i nie jest inwazyjna. G\u0119ste grona du\u017cych, lekko pachn\u0105cych, jasnolawendowych kwiat\u00f3w osadzone s\u0105 na szczycie prostych \u0142odyg. Ciemne li\u015bcie stanowi\u0105 idealne t\u0142o dla kwiatostan\u00f3w. rodzaj: Dzwonek barwa: Fioletowo-niebieska szeroko\u015b\u0107: 40\u00a0cm wysoko\u015b\u0107: 40\u00a0cm wysoko\u015b\u0107 (kwitnienie): 50\u00a0cm kwitnienie: maj \u00f7 &hellip; Dzwonek Viking Read More &raquo;\" \/>\n<meta property=\"og:url\" content=\"https:\/\/www.ogrodolszanica.pl\/index.php\/produkt\/dzwonek-viking\/\" \/>\n<meta property=\"og:site_name\" content=\"Ogr&oacute;d Olszanica\" \/>\n<meta property=\"article:publisher\" content=\"https:\/\/www.facebook.com\/Ogrd-Olszanica-100807179225223\" \/>\n<meta property=\"article:modified_time\" content=\"2026-03-07T19:47:56+00:00\" \/>\n<meta property=\"og:image\" content=\"https:\/\/www.ogrodolszanica.pl\/wp-content\/uploads\/2023\/08\/campanula-viking_4.jpg\" \/>\n\t<meta property=\"og:image:width\" content=\"433\" \/>\n\t<meta property=\"og:image:height\" content=\"650\" \/>\n\t<meta property=\"og:image:type\" content=\"image\/jpeg\" \/>\n<meta name=\"author\" content=\"admin\" \/>\n<meta name=\"twitter:card\" content=\"summary_large_image\" \/>\n<script type=\"application\/ld+json\" class=\"yoast-schema-graph\">{\"@context\":\"https:\/\/schema.org\",\"@graph\":[{\"@type\":\"Organization\",\"@id\":\"https:\/\/www.ogrodolszanica.pl\/#organization\",\"name\":\"Ogr\u00f3d Olszanica - Krakowskie Centrum Ogrodnicze\",\"url\":\"https:\/\/www.ogrodolszanica.pl\/\",\"sameAs\":[\"https:\/\/www.facebook.com\/Ogrd-Olszanica-100807179225223\"],\"logo\":{\"@type\":\"ImageObject\",\"inLanguage\":\"pl-PL\",\"@id\":\"https:\/\/www.ogrodolszanica.pl\/#\/schema\/logo\/image\/\",\"url\":\"http:\/\/www.ogrodolszanica.pl\/wp-content\/uploads\/2022\/06\/Ogrod-Olszanica1-1.png\",\"contentUrl\":\"http:\/\/www.ogrodolszanica.pl\/wp-content\/uploads\/2022\/06\/Ogrod-Olszanica1-1.png\",\"width\":180,\"height\":60,\"caption\":\"Ogr\u00f3d Olszanica - Krakowskie Centrum Ogrodnicze\"},\"image\":{\"@id\":\"https:\/\/www.ogrodolszanica.pl\/#\/schema\/logo\/image\/\"}},{\"@type\":\"WebSite\",\"@id\":\"https:\/\/www.ogrodolszanica.pl\/#website\",\"url\":\"https:\/\/www.ogrodolszanica.pl\/\",\"name\":\"Ogr&oacute;d Olszanica\",\"description\":\"Centrum Ogrodnicze Krak&oacute;w\",\"publisher\":{\"@id\":\"https:\/\/www.ogrodolszanica.pl\/#organization\"},\"potentialAction\":[{\"@type\":\"SearchAction\",\"target\":{\"@type\":\"EntryPoint\",\"urlTemplate\":\"https:\/\/www.ogrodolszanica.pl\/?s={search_term_string}\"},\"query-input\":\"required name=search_term_string\"}],\"inLanguage\":\"pl-PL\"},{\"@type\":\"ImageObject\",\"inLanguage\":\"pl-PL\",\"@id\":\"https:\/\/www.ogrodolszanica.pl\/index.php\/produkt\/dzwonek-viking\/#primaryimage\",\"url\":\"https:\/\/i0.wp.com\/www.ogrodolszanica.pl\/wp-content\/uploads\/2023\/08\/campanula-viking_4.jpg?fit=433%2C650&ssl=1\",\"contentUrl\":\"https:\/\/i0.wp.com\/www.ogrodolszanica.pl\/wp-content\/uploads\/2023\/08\/campanula-viking_4.jpg?fit=433%2C650&ssl=1\",\"width\":433,\"height\":650},{\"@type\":\"WebPage\",\"@id\":\"https:\/\/www.ogrodolszanica.pl\/index.php\/produkt\/dzwonek-viking\/#webpage\",\"url\":\"https:\/\/www.ogrodolszanica.pl\/index.php\/produkt\/dzwonek-viking\/\",\"name\":\"Dzwonek Viking - Ogr&oacute;d Olszanica\",\"isPartOf\":{\"@id\":\"https:\/\/www.ogrodolszanica.pl\/#website\"},\"primaryImageOfPage\":{\"@id\":\"https:\/\/www.ogrodolszanica.pl\/index.php\/produkt\/dzwonek-viking\/#primaryimage\"},\"datePublished\":\"2023-08-28T08:54:20+00:00\",\"dateModified\":\"2026-03-07T19:47:56+00:00\",\"breadcrumb\":{\"@id\":\"https:\/\/www.ogrodolszanica.pl\/index.php\/produkt\/dzwonek-viking\/#breadcrumb\"},\"inLanguage\":\"pl-PL\",\"potentialAction\":[{\"@type\":\"ReadAction\",\"target\":[\"https:\/\/www.ogrodolszanica.pl\/index.php\/produkt\/dzwonek-viking\/\"]}]},{\"@type\":\"BreadcrumbList\",\"@id\":\"https:\/\/www.ogrodolszanica.pl\/index.php\/produkt\/dzwonek-viking\/#breadcrumb\",\"itemListElement\":[{\"@type\":\"ListItem\",\"position\":1,\"name\":\"Strona g\u0142\u00f3wna\",\"item\":\"https:\/\/www.ogrodolszanica.pl\/\"},{\"@type\":\"ListItem\",\"position\":2,\"name\":\"Produkty\",\"item\":\"https:\/\/www.ogrodolszanica.pl\/index.php\/shop\/\"},{\"@type\":\"ListItem\",\"position\":3,\"name\":\"Dzwonek Viking\"}]}]}<\/script>\n<!-- \/ Yoast SEO plugin. -->","yoast_head_json":{"title":"Dzwonek Viking - Ogr&oacute;d Olszanica","robots":{"index":"index","follow":"follow","max-snippet":"max-snippet:-1","max-image-preview":"max-image-preview:large","max-video-preview":"max-video-preview:-1"},"canonical":"https:\/\/www.ogrodolszanica.pl\/index.php\/produkt\/dzwonek-viking\/","og_locale":"pl_PL","og_type":"article","og_title":"Dzwonek Viking - Ogr&oacute;d Olszanica","og_description":"Dzwonek Viking Jedyna taka Campanula o niskim wzro\u015bcie i mocnej budowie oraz du\u017cym wigorze, nie posiada roz\u0142og\u00f3w i nie jest inwazyjna. G\u0119ste grona du\u017cych, lekko pachn\u0105cych, jasnolawendowych kwiat\u00f3w osadzone s\u0105 na szczycie prostych \u0142odyg. Ciemne li\u015bcie stanowi\u0105 idealne t\u0142o dla kwiatostan\u00f3w. rodzaj: Dzwonek barwa: Fioletowo-niebieska szeroko\u015b\u0107: 40\u00a0cm wysoko\u015b\u0107: 40\u00a0cm wysoko\u015b\u0107 (kwitnienie): 50\u00a0cm kwitnienie: maj \u00f7 &hellip; Dzwonek Viking Read More &raquo;","og_url":"https:\/\/www.ogrodolszanica.pl\/index.php\/produkt\/dzwonek-viking\/","og_site_name":"Ogr&oacute;d Olszanica","article_publisher":"https:\/\/www.facebook.com\/Ogrd-Olszanica-100807179225223","article_modified_time":"2026-03-07T19:47:56+00:00","og_image":[{"width":433,"height":650,"url":"https:\/\/www.ogrodolszanica.pl\/wp-content\/uploads\/2023\/08\/campanula-viking_4.jpg","type":"image\/jpeg"}],"author":"admin","twitter_card":"summary_large_image","schema":{"@context":"https:\/\/schema.org","@graph":[{"@type":"Organization","@id":"https:\/\/www.ogrodolszanica.pl\/#organization","name":"Ogr\u00f3d Olszanica - Krakowskie Centrum Ogrodnicze","url":"https:\/\/www.ogrodolszanica.pl\/","sameAs":["https:\/\/www.facebook.com\/Ogrd-Olszanica-100807179225223"],"logo":{"@type":"ImageObject","inLanguage":"pl-PL","@id":"https:\/\/www.ogrodolszanica.pl\/#\/schema\/logo\/image\/","url":"http:\/\/www.ogrodolszanica.pl\/wp-content\/uploads\/2022\/06\/Ogrod-Olszanica1-1.png","contentUrl":"http:\/\/www.ogrodolszanica.pl\/wp-content\/uploads\/2022\/06\/Ogrod-Olszanica1-1.png","width":180,"height":60,"caption":"Ogr\u00f3d Olszanica - Krakowskie Centrum Ogrodnicze"},"image":{"@id":"https:\/\/www.ogrodolszanica.pl\/#\/schema\/logo\/image\/"}},{"@type":"WebSite","@id":"https:\/\/www.ogrodolszanica.pl\/#website","url":"https:\/\/www.ogrodolszanica.pl\/","name":"Ogr&oacute;d Olszanica","description":"Centrum Ogrodnicze Krak&oacute;w","publisher":{"@id":"https:\/\/www.ogrodolszanica.pl\/#organization"},"potentialAction":[{"@type":"SearchAction","target":{"@type":"EntryPoint","urlTemplate":"https:\/\/www.ogrodolszanica.pl\/?s={search_term_string}"},"query-input":"required name=search_term_string"}],"inLanguage":"pl-PL"},{"@type":"ImageObject","inLanguage":"pl-PL","@id":"https:\/\/www.ogrodolszanica.pl\/index.php\/produkt\/dzwonek-viking\/#primaryimage","url":"https:\/\/i0.wp.com\/www.ogrodolszanica.pl\/wp-content\/uploads\/2023\/08\/campanula-viking_4.jpg?fit=433%2C650&ssl=1","contentUrl":"https:\/\/i0.wp.com\/www.ogrodolszanica.pl\/wp-content\/uploads\/2023\/08\/campanula-viking_4.jpg?fit=433%2C650&ssl=1","width":433,"height":650},{"@type":"WebPage","@id":"https:\/\/www.ogrodolszanica.pl\/index.php\/produkt\/dzwonek-viking\/#webpage","url":"https:\/\/www.ogrodolszanica.pl\/index.php\/produkt\/dzwonek-viking\/","name":"Dzwonek Viking - Ogr&oacute;d Olszanica","isPartOf":{"@id":"https:\/\/www.ogrodolszanica.pl\/#website"},"primaryImageOfPage":{"@id":"https:\/\/www.ogrodolszanica.pl\/index.php\/produkt\/dzwonek-viking\/#primaryimage"},"datePublished":"2023-08-28T08:54:20+00:00","dateModified":"2026-03-07T19:47:56+00:00","breadcrumb":{"@id":"https:\/\/www.ogrodolszanica.pl\/index.php\/produkt\/dzwonek-viking\/#breadcrumb"},"inLanguage":"pl-PL","potentialAction":[{"@type":"ReadAction","target":["https:\/\/www.ogrodolszanica.pl\/index.php\/produkt\/dzwonek-viking\/"]}]},{"@type":"BreadcrumbList","@id":"https:\/\/www.ogrodolszanica.pl\/index.php\/produkt\/dzwonek-viking\/#breadcrumb","itemListElement":[{"@type":"ListItem","position":1,"name":"Strona g\u0142\u00f3wna","item":"https:\/\/www.ogrodolszanica.pl\/"},{"@type":"ListItem","position":2,"name":"Produkty","item":"https:\/\/www.ogrodolszanica.pl\/index.php\/shop\/"},{"@type":"ListItem","position":3,"name":"Dzwonek Viking"}]}]}},"jetpack-related-posts":[{"id":2701,"url":"https:\/\/www.ogrodolszanica.pl\/index.php\/produkt\/dzwonek-poszarskiego-e-h-frost\/","url_meta":{"origin":2468,"position":0},"title":"Dzwonek Poszarskiego 'E.H.Frost&#8217;","date":"31 stycznia, 2024","format":false,"excerpt":"Dzwonek Poszarskiego E.H.Frost Jest idealn\u0105 ro\u015blin\u0105 na stanowisko p\u00f3\u0142cieniste. \u0141adnie ro\u015bnie te\u017c w cieniu, jednak nie tak obficie kwitnie. Jest drobn\u0105 kobiercow\u0105 bylin\u0105 dzi\u0119ki czemu doskonale nadaje si\u0119 jako podsadzenia drzew i krzew\u00f3w. Bardzo dobrze ro\u015bnie te\u017c na skalniakach, murkach oraz wok\u00f3\u0142 oczek wodnych. Rozrasta si\u0119 do\u015b\u0107 szybko i jest\u2026","rel":"","context":"Similar post","img":{"alt_text":"","src":"https:\/\/i0.wp.com\/www.ogrodolszanica.pl\/wp-content\/uploads\/2024\/01\/Dzwonek-Poszarskiego-E.H.Frost-v2-scaled.jpg?fit=904%2C1200&ssl=1&resize=350%2C200","width":350,"height":200},"classes":[]},{"id":1617,"url":"https:\/\/www.ogrodolszanica.pl\/index.php\/produkt\/dzwonek-drobny-elizabeth-oliver\/","url_meta":{"origin":2468,"position":1},"title":"Dzwonek Elizabeth Oliver","date":"13 lipca, 2022","format":false,"excerpt":"Dzwonek drobny Elizabeth Oliver Campanula cochlearifolia 'Elizabeth Oliver' to odmiana dzwonka drobnego o pi\u0119knych, pe\u0142nych, r\u00f3\u017cyczkowych kwiatach. Dorasta do oko\u0142o 10-15 cm wysoko\u015bci tworz\u0105c przyziemne, dywany drobnych li\u015bci. Zakwita od czerwca do lipca, ponad li\u015bcie wyrastaj\u0105 wtedy zwisaj\u0105ce, b\u0142\u0119kitne, pe\u0142ne dzwoneczki osadzone na d\u0142u\u017cszych \u0142ody\u017ckach. Ca\u0142a kwitn\u0105ca ro\u015blina tworzy wtedy\u2026","rel":"","context":"Similar post","img":{"alt_text":"","src":"https:\/\/i0.wp.com\/www.ogrodolszanica.pl\/wp-content\/uploads\/2022\/07\/Dzwonek-Elizabeth-Oliver-scaled.jpg?fit=904%2C1200&ssl=1&resize=350%2C200","width":350,"height":200},"classes":[]},{"id":3861,"url":"https:\/\/www.ogrodolszanica.pl\/index.php\/produkt\/dzwonek-karpacki-avida-bialy\/","url_meta":{"origin":2468,"position":2},"title":"Dzwonek karpacki Avida Bia\u0142y","date":"2 marca, 2026","format":false,"excerpt":"Dzwonek Karpacki Avida White Dzwonek karpacki 'Avida White' to niska, wieloletnia bylina. Kwitn\u0105ca latem ro\u015blina jest pokryta licznie bia\u0142ymi du\u017cymi dzwonkami. W trakcie kwitnienia dorasta do 20 cm wysoko\u015bci. Dzwonek karpacki podobnie jak bodziszki jest ro\u015blin\u0105 uniwersaln\u0105 i uro\u015bnie zar\u00f3wno w pe\u0142nym s\u0142o\u0144cu jak i w cieniu. Sadz\u0105c ro\u015blin\u0119 w\u2026","rel":"","context":"Similar post","img":{"alt_text":"","src":"https:\/\/i0.wp.com\/www.ogrodolszanica.pl\/wp-content\/uploads\/2026\/03\/Dzwonek-karpacki-Avida-Bialy-v3-scaled.jpg?fit=904%2C1200&ssl=1&resize=350%2C200","width":350,"height":200},"classes":[]},{"id":1494,"url":"https:\/\/www.ogrodolszanica.pl\/index.php\/produkt\/aster-island-tonga\/","url_meta":{"origin":2468,"position":3},"title":"Aster Island Tonga","date":"8 lipca, 2022","format":false,"excerpt":"Aster Island Tonga Odmiana Astra kwitn\u0105ca jesieni\u0105. Ro\u015blina tworzy okr\u0105g\u0142e k\u0119py du\u017cych kwiat\u00f3w. Ro\u015blina nie wymaga wyj\u0105tkowych warunk\u00f3w i preferuje s\u0142oneczne stanowisko. Barwa: Purpurowy szeroko\u015b\u0107: 40\u00a0cm wysoko\u015b\u0107: 40\u00a0cm wysoko\u015b\u0107 (kwitnienie): 40\u00a0cm kwitnienie: sierpie\u0144 \u00f7 pa\u017adziernik stanowisko: s\u0142oneczne\u00a0 Dobierz odpowiednie pod\u0142o\u017ce z wybranych produkt\u00f3w w naszym sklepie: Pod\u0142o\u017ca","rel":"","context":"Similar post","img":{"alt_text":"","src":"https:\/\/i0.wp.com\/www.ogrodolszanica.pl\/wp-content\/uploads\/2022\/07\/aster-island-tonga_5.jpg?fit=650%2C435&ssl=1&resize=350%2C200","width":350,"height":200},"classes":[]},{"id":2317,"url":"https:\/\/www.ogrodolszanica.pl\/index.php\/produkt\/smialek-palava\/","url_meta":{"origin":2468,"position":4},"title":"\u015amia\u0142ek Palava","date":"16 lipca, 2023","format":false,"excerpt":"\u015amia\u0142ek Palava Zimozielony \u015bmia\u0142ek toleruje suche okresy i preferuje tylko \u015bwie\u017ce pod\u0142o\u017ce na nas\u0142onecznionym stanowisku. Bardzo przydatna ro\u015blina z powodu wczesnego kwitnienia wczesnym latem. \u2018Palava\u2019 sama si\u0119 nie rozsiewa. Rodzaj: \u015amia\u0142ek Barwa: Zielony szeroko\u015b\u0107: 40\u00a0cm wysoko\u015b\u0107: 20\u00a0cm wysoko\u015b\u0107 (kwitnienie): 50\u00a0cm kwitnienie: lipiec \u00f7 sierpie\u0144 stanowisko: s\u0142oneczne Dobierz odpowiednie pod\u0142o\u017ce z\u2026","rel":"","context":"Similar post","img":{"alt_text":"","src":"https:\/\/i0.wp.com\/www.ogrodolszanica.pl\/wp-content\/uploads\/2023\/07\/deschampsia-palava_7.jpg?fit=650%2C434&ssl=1&resize=350%2C200","width":350,"height":200},"classes":[]},{"id":2509,"url":"https:\/\/www.ogrodolszanica.pl\/index.php\/produkt\/rozchodnik-oriental-dancer\/","url_meta":{"origin":2468,"position":5},"title":"Rozchodnik Oriental Dancer","date":"28 sierpnia, 2023","format":false,"excerpt":"Rozchodnik Oriental Dancer Atrakcyjna odmiana rozchodnika o czerwono-r\u00f3\u017cowych, obfitych kwiatostanach, kontrastuj\u0105cych z ciemnymi, bordowymi li\u015b\u0107mi. Polecana do kompozycji mieszanych. Po posadzeniu i podlaniu ro\u015bliny nie wymagaj\u0105 \u017cadnej opieki. Ro\u015bliny odporne na upa\u0142y, dobrze znosz\u0105 mrozy, s\u0105 przyjazne dla zapylaczy. rodzaj: Rozchodnik szeroko\u015b\u0107: 40\u00a0cm wysoko\u015b\u0107: 20\u00a0cm wysoko\u015b\u0107 (kwitnienie): 35\u00a0cm kwitnienie: sierpie\u0144\u2026","rel":"","context":"Similar post","img":{"alt_text":"","src":"https:\/\/i0.wp.com\/www.ogrodolszanica.pl\/wp-content\/uploads\/2023\/08\/byliny-i-trawy_s-spectabile-s-telephium-inne_75245_2.jpg?fit=467%2C650&ssl=1&resize=350%2C200","width":350,"height":200},"classes":[]}],"_links":{"self":[{"href":"https:\/\/www.ogrodolszanica.pl\/index.php\/wp-json\/wp\/v2\/product\/2468","targetHints":{"allow":["GET"]}}],"collection":[{"href":"https:\/\/www.ogrodolszanica.pl\/index.php\/wp-json\/wp\/v2\/product"}],"about":[{"href":"https:\/\/www.ogrodolszanica.pl\/index.php\/wp-json\/wp\/v2\/types\/product"}],"replies":[{"embeddable":true,"href":"https:\/\/www.ogrodolszanica.pl\/index.php\/wp-json\/wp\/v2\/comments?post=2468"}],"wp:featuredmedia":[{"embeddable":true,"href":"https:\/\/www.ogrodolszanica.pl\/index.php\/wp-json\/wp\/v2\/media\/2469"}],"wp:attachment":[{"href":"https:\/\/www.ogrodolszanica.pl\/index.php\/wp-json\/wp\/v2\/media?parent=2468"}],"wp:term":[{"taxonomy":"product_cat","embeddable":true,"href":"https:\/\/www.ogrodolszanica.pl\/index.php\/wp-json\/wp\/v2\/product_cat?post=2468"},{"taxonomy":"product_tag","embeddable":true,"href":"https:\/\/www.ogrodolszanica.pl\/index.php\/wp-json\/wp\/v2\/product_tag?post=2468"}],"curies":[{"name":"wp","href":"https:\/\/api.w.org\/{rel}","templated":true}]}}