{"id":2465,"date":"2023-08-28T08:50:50","date_gmt":"2023-08-28T08:50:50","guid":{"rendered":"https:\/\/www.ogrodolszanica.pl\/?post_type=product&#038;p=2465"},"modified":"2026-03-03T17:34:59","modified_gmt":"2026-03-03T17:34:59","slug":"hakonechloa-aureola","status":"publish","type":"product","link":"https:\/\/www.ogrodolszanica.pl\/index.php\/produkt\/hakonechloa-aureola\/","title":{"rendered":"Hakonechloa macra Aureola"},"content":{"rendered":"<div class=\"mpof_ki myre_zn myre_8v_l m389_6m_l\">\n<div class=\"mp4t_16_s mryx_16_s mr3m_1 mli2_1 mh85_56 mh85_0_l\">\n<div class=\"mgn2_16 _0d3bd_am0a-\">\n<p>Hakonechloa 'Aurea&#8217; jest gatunkiem o ciekawym pokroju i ubarwieniu. Jej d\u0142ugie, szerokie li\u015bcie podobne do li\u015bci bambusa uk\u0142adaj\u0105 si\u0119 regularnie w zwiewne k\u0119py. Odmiana 'Aureola&#8217; cechuje si\u0119 z\u0142ocist\u0105 barw\u0105 li\u015bci z pod\u0142u\u017cnymi, zielonymi paskami wzd\u0142u\u017c brzeg\u00f3w. Dorasta do wysoko\u015bci oko\u0142o 30-40 cm, przy nieco wi\u0119kszej \u015brednicy, cechuje si\u0119 do\u015b\u0107 wolnym, regularnym wzrostem.\u00a0Jesieni\u0105 jak r\u00f3wnie\u017c podczas d\u0142u\u017cszych okres\u00f3w ch\u0142od\u00f3w cz\u0119\u015b\u0107 li\u015bci przebarwia si\u0119 na r\u00f3\u017cowy kolor, co pot\u0119guje jej efektowno\u015b\u0107. Jest gatunkiem bardzo unikatowym, rzadko spotykanym w polskich sklepach. Bardzo atrakcyjny i widowiskowy gatunek trawy ozdobnej ze wzgl\u0119du na nadzwyczajnie lekki, orientalny pokr\u00f3j.<\/p>\n<ul>\n<li>Rodzaj:\u00a0<b>hakonechloa<\/b><\/li>\n<li>Stanowisko:\u00a0<b>s\u0142oneczne<\/b>\u00a0\u2600\ufe0f<b>, p\u00f3\u0142cieniste<\/b><\/li>\n<li>Podlewanie:\u00a0<b>obfite<\/b><\/li>\n<li>Barwa kwiatu:\u00a0<b>bia\u0142a<\/b><\/li>\n<li>Barwa li\u015bci:\u00a0<b>z\u0142ota<\/b><\/li>\n<li>Szeroko\u015b\u0107 \u2b05\ufe0f\u27a1\ufe0f:\u00a0<b>70-80 cm<\/b><\/li>\n<li>Wysoko\u015b\u0107 kwitnienia \u2b06\ufe0f:\u00a0<b>30-50 cm<\/b><\/li>\n<li>Okres kwitnienia \u27a1\ufe0f\u2b05\ufe0f:\u00a0<b>sierpie\u0144 \u00f7 pa\u017adziernik<\/b><\/li>\n<li>Mrozoodporno\u015b\u0107:\u00a0<b>tak<\/b><\/li>\n<li>Ro\u015blina wieloletnia:\u00a0<b>tak<\/b><\/li>\n<\/ul>\n<\/div>\n<\/div>\n<div class=\"mp4t_16_s mryx_16_s mr3m_1 mli2_1 mh85_56 mh85_0_l\">\n<div class=\"mg9e_8 mj7a_8 mg9e_0_s mvrt_0_s mj7a_0_s mh36_0_s mzmg_6m munh_16_l m3h2_16_l\">\n<div class=\"mp4t_0 mryx_0 munh_56 m3h2_56\">\n<div class=\"mp7g_oh\"><button class=\"mg9e_0 mvrt_0 mj7a_0 mh36_0 mp4t_0 m3h2_0 mryx_0 munh_0 mqen_m6 mpof_z0 mx7m_0 m7er_k4 mse2_k4 msts_pt\" data-analytics-interaction=\"true\" data-analytics-interaction-label=\"zoomable-image-open\" aria-disabled=\"true\"><img decoding=\"async\" class=\"msub_k4 mupj_5k mjru_k4 mse2_k4 mp7g_f6 mq1m_0 mj7u_0 m7er_k4 mqen_m6 m31c_d8 m0ux_fp lazyloaded\" src=\"https:\/\/a.allegroimg.com\/original\/11551c\/3a786e2d436cae50080b2cb0d740\/Hakonechloa-macra-Aureola-Hakonechloa-smukla-trawa-ozdobna-Producent-nieznany-producent\" sizes=\"(min-width: 1200px) 560px, (min-width: 992px) 50vw, 100vw\" srcset=\"https:\/\/a.allegroimg.com\/s360\/11551c\/3a786e2d436cae50080b2cb0d740\/Hakonechloa-macra-Aureola-Hakonechloa-smukla-trawa-ozdobna-Producent-nieznany-producent 270w,https:\/\/a.allegroimg.com\/s720\/11551c\/3a786e2d436cae50080b2cb0d740\/Hakonechloa-macra-Aureola-Hakonechloa-smukla-trawa-ozdobna-Producent-nieznany-producent 541w,https:\/\/a.allegroimg.com\/s1024\/11551c\/3a786e2d436cae50080b2cb0d740\/Hakonechloa-macra-Aureola-Hakonechloa-smukla-trawa-ozdobna-Producent-nieznany-producent 770w,https:\/\/a.allegroimg.com\/s1440\/11551c\/3a786e2d436cae50080b2cb0d740\/Hakonechloa-macra-Aureola-Hakonechloa-smukla-trawa-ozdobna-Producent-nieznany-producent 1083w,https:\/\/a.allegroimg.com\/original\/11551c\/3a786e2d436cae50080b2cb0d740\/Hakonechloa-macra-Aureola-Hakonechloa-smukla-trawa-ozdobna-Producent-nieznany-producent 1927w\" alt=\"Hakonechloa macra Aureola Hakonechloa smuk\u0142a trawa ozdobna Producent nieznany producent\" width=\"1927px\" data-srcset=\"\" \/><\/button><\/div>\n<\/div>\n<\/div>\n<\/div>\n<\/div>\n<div class=\"mpof_ki myre_zn myre_8v_l m389_6m_l\">\n<div class=\"mp4t_16_s mryx_16_s mr3m_1 mli2_1 mh85_56 mh85_0_l\">\n<div class=\"mgn2_16 _0d3bd_am0a-\">\n<h1>Uwaga \u2757\u2757\u2757<\/h1>\n<p><b>Jedno zdj\u0119cie przedstawia ro\u015blin\u0119 w pe\u0142ni rozwini\u0119t\u0105, a drugie sadzonk\u0119 kt\u00f3ra jest w sprzeda\u017cy.<\/b><\/p>\n<p><b>Jednak \u017ce s\u0105 to \u017cywe ro\u015bliny i z tygodnia na tydzie\u0144 zmieniaj\u0105 sw\u00f3j wygl\u0105d. Mog\u0105 by\u0107 przyci\u0119te, a w okresie kwitnienia mog\u0105 by\u0107 wi\u0119ksze oraz z kwiatami.<\/b><\/p>\n<\/div>\n<\/div>\n<\/div>\n<div class=\"mpof_ki myre_zn myre_8v_l m389_6m_l\">\n<div class=\"mp4t_16_s mryx_16_s mr3m_1 mli2_1 mh85_56 mh85_0_l\">\n<div class=\"mg9e_8 mj7a_8 mg9e_0_s mvrt_0_s mj7a_0_s mh36_0_s mzmg_6m munh_16_l m3h2_16_l\">\n<div class=\"mp4t_0 mryx_0 munh_56 m3h2_56\">\n<div class=\"mp7g_oh\"><button class=\"mg9e_0 mvrt_0 mj7a_0 mh36_0 mp4t_0 m3h2_0 mryx_0 munh_0 mqen_m6 mpof_z0 mx7m_0 m7er_k4 mse2_k4 msts_pt\" data-analytics-interaction=\"true\" data-analytics-interaction-label=\"zoomable-image-open\" aria-disabled=\"true\"><img decoding=\"async\" class=\"msub_k4 mupj_5k mjru_k4 mse2_k4 mp7g_f6 mq1m_0 mj7u_0 m7er_k4 mqen_m6 m31c_d8 m0ux_fp lazyloaded\" src=\"https:\/\/a.allegroimg.com\/original\/112d53\/203f4eca4d6fa014a67761c09ba3\/Hakonechloa-macra-Aureola-Hakonechloa-smukla-trawa-ozdobna-Roslina-w-postaci-sadzonka-w-pojemniku-1-2l\" sizes=\"(min-width: 1200px) 560px, (min-width: 992px) 50vw, 100vw\" srcset=\"https:\/\/a.allegroimg.com\/s360\/112d53\/203f4eca4d6fa014a67761c09ba3\/Hakonechloa-macra-Aureola-Hakonechloa-smukla-trawa-ozdobna-Roslina-w-postaci-sadzonka-w-pojemniku-1-2l 270w,https:\/\/a.allegroimg.com\/s720\/112d53\/203f4eca4d6fa014a67761c09ba3\/Hakonechloa-macra-Aureola-Hakonechloa-smukla-trawa-ozdobna-Roslina-w-postaci-sadzonka-w-pojemniku-1-2l 541w,https:\/\/a.allegroimg.com\/s1024\/112d53\/203f4eca4d6fa014a67761c09ba3\/Hakonechloa-macra-Aureola-Hakonechloa-smukla-trawa-ozdobna-Roslina-w-postaci-sadzonka-w-pojemniku-1-2l 770w,https:\/\/a.allegroimg.com\/s1440\/112d53\/203f4eca4d6fa014a67761c09ba3\/Hakonechloa-macra-Aureola-Hakonechloa-smukla-trawa-ozdobna-Roslina-w-postaci-sadzonka-w-pojemniku-1-2l 1083w,https:\/\/a.allegroimg.com\/original\/112d53\/203f4eca4d6fa014a67761c09ba3\/Hakonechloa-macra-Aureola-Hakonechloa-smukla-trawa-ozdobna-Roslina-w-postaci-sadzonka-w-pojemniku-1-2l 1927w\" alt=\"Hakonechloa macra Aureola Hakonechloa smuk\u0142a trawa ozdobna Ro\u015blina w postaci sadzonka w pojemniku 1-2l\" width=\"1927px\" data-srcset=\"\" \/><\/button><\/div>\n<\/div>\n<\/div>\n<\/div>\n<div class=\"mp4t_16_s mryx_16_s mr3m_1 mli2_1 mh85_56 mh85_0_l\">\n<div class=\"mg9e_8 mj7a_8 mg9e_0_s mvrt_0_s mj7a_0_s mh36_0_s mzmg_6m munh_16_l m3h2_16_l\">\n<div class=\"mp4t_0 mryx_0 munh_56 m3h2_56\">\n<div class=\"mp7g_oh\"><button class=\"mg9e_0 mvrt_0 mj7a_0 mh36_0 mp4t_0 m3h2_0 mryx_0 munh_0 mqen_m6 mpof_z0 mx7m_0 m7er_k4 mse2_k4 msts_pt\" data-analytics-interaction=\"true\" data-analytics-interaction-label=\"zoomable-image-open\" aria-disabled=\"true\"><img decoding=\"async\" class=\"msub_k4 mupj_5k mjru_k4 mse2_k4 mp7g_f6 mq1m_0 mj7u_0 m7er_k4 mqen_m6 m31c_d8 m0ux_fp lazyloaded\" src=\"https:\/\/a.allegroimg.com\/original\/11f27b\/7a8f01544173aee438af0a63a731\/Hakonechloa-macra-Aureola-Hakonechloa-smukla-trawa-ozdobna-Wysokosc-sadzonki-25-cm\" sizes=\"(min-width: 1200px) 560px, (min-width: 992px) 50vw, 100vw\" srcset=\"https:\/\/a.allegroimg.com\/s360\/11f27b\/7a8f01544173aee438af0a63a731\/Hakonechloa-macra-Aureola-Hakonechloa-smukla-trawa-ozdobna-Wysokosc-sadzonki-25-cm 270w,https:\/\/a.allegroimg.com\/s720\/11f27b\/7a8f01544173aee438af0a63a731\/Hakonechloa-macra-Aureola-Hakonechloa-smukla-trawa-ozdobna-Wysokosc-sadzonki-25-cm 541w,https:\/\/a.allegroimg.com\/s1024\/11f27b\/7a8f01544173aee438af0a63a731\/Hakonechloa-macra-Aureola-Hakonechloa-smukla-trawa-ozdobna-Wysokosc-sadzonki-25-cm 770w,https:\/\/a.allegroimg.com\/s1440\/11f27b\/7a8f01544173aee438af0a63a731\/Hakonechloa-macra-Aureola-Hakonechloa-smukla-trawa-ozdobna-Wysokosc-sadzonki-25-cm 1083w,https:\/\/a.allegroimg.com\/original\/11f27b\/7a8f01544173aee438af0a63a731\/Hakonechloa-macra-Aureola-Hakonechloa-smukla-trawa-ozdobna-Wysokosc-sadzonki-25-cm 1927w\" alt=\"Hakonechloa macra Aureola Hakonechloa smuk\u0142a trawa ozdobna Wysoko\u015b\u0107 sadzonki 25 cm\" width=\"1927px\" data-srcset=\"\" \/><\/button><\/div>\n<\/div>\n<\/div>\n<\/div>\n<\/div>\n","protected":false},"excerpt":{"rendered":"<p>Hakonechloa 'Aurea&#8217; jest gatunkiem o ciekawym pokroju i ubarwieniu. Jej d\u0142ugie, szerokie li\u015bcie podobne do li\u015bci bambusa uk\u0142adaj\u0105 si\u0119 regularnie w zwiewne k\u0119py. Odmiana 'Aureola&#8217; cechuje si\u0119 z\u0142ocist\u0105 barw\u0105 li\u015bci z pod\u0142u\u017cnymi, zielonymi paskami wzd\u0142u\u017c brzeg\u00f3w. Dorasta do wysoko\u015bci oko\u0142o 30-40 cm, przy nieco wi\u0119kszej \u015brednicy, cechuje si\u0119 do\u015b\u0107 wolnym, regularnym wzrostem.\u00a0Jesieni\u0105 jak r\u00f3wnie\u017c podczas &hellip;<\/p>\n<p class=\"read-more\"> <a class=\"\" href=\"https:\/\/www.ogrodolszanica.pl\/index.php\/produkt\/hakonechloa-aureola\/\"> <span class=\"screen-reader-text\">Hakonechloa macra Aureola<\/span> Read More &raquo;<\/a><\/p>\n","protected":false},"featured_media":3246,"comment_status":"open","ping_status":"closed","template":"","meta":{"site-sidebar-layout":"default","site-content-layout":"default","ast-global-header-display":"","ast-main-header-display":"","ast-hfb-above-header-display":"","ast-hfb-below-header-display":"","ast-hfb-mobile-header-display":"","site-post-title":"","ast-breadcrumbs-content":"","ast-featured-img":"","footer-sml-layout":"","theme-transparent-header-meta":"default","adv-header-id-meta":"","stick-header-meta":"","header-above-stick-meta":"","header-main-stick-meta":"","header-below-stick-meta":"","spay_email":""},"product_cat":[20,30],"product_tag":[],"class_list":["post-2465","product","type-product","status-publish","has-post-thumbnail","hentry","product_cat-rosliny","product_cat-trawy"],"yoast_head":"<!-- This site is optimized with the Yoast SEO plugin v19.2 - https:\/\/yoast.com\/wordpress\/plugins\/seo\/ -->\n<title>Hakonechloa macra Aureola - Ogr&oacute;d Olszanica<\/title>\n<meta name=\"robots\" content=\"index, follow, max-snippet:-1, max-image-preview:large, max-video-preview:-1\" \/>\n<link rel=\"canonical\" href=\"https:\/\/www.ogrodolszanica.pl\/index.php\/produkt\/hakonechloa-aureola\/\" \/>\n<meta property=\"og:locale\" content=\"pl_PL\" \/>\n<meta property=\"og:type\" content=\"article\" \/>\n<meta property=\"og:title\" content=\"Hakonechloa macra Aureola - Ogr&oacute;d Olszanica\" \/>\n<meta property=\"og:description\" content=\"Hakonechloa &#039;Aurea&#8217; jest gatunkiem o ciekawym pokroju i ubarwieniu. Jej d\u0142ugie, szerokie li\u015bcie podobne do li\u015bci bambusa uk\u0142adaj\u0105 si\u0119 regularnie w zwiewne k\u0119py. Odmiana &#039;Aureola&#8217; cechuje si\u0119 z\u0142ocist\u0105 barw\u0105 li\u015bci z pod\u0142u\u017cnymi, zielonymi paskami wzd\u0142u\u017c brzeg\u00f3w. Dorasta do wysoko\u015bci oko\u0142o 30-40 cm, przy nieco wi\u0119kszej \u015brednicy, cechuje si\u0119 do\u015b\u0107 wolnym, regularnym wzrostem.\u00a0Jesieni\u0105 jak r\u00f3wnie\u017c podczas &hellip; Hakonechloa macra Aureola Read More &raquo;\" \/>\n<meta property=\"og:url\" content=\"https:\/\/www.ogrodolszanica.pl\/index.php\/produkt\/hakonechloa-aureola\/\" \/>\n<meta property=\"og:site_name\" content=\"Ogr&oacute;d Olszanica\" \/>\n<meta property=\"article:publisher\" content=\"https:\/\/www.facebook.com\/Ogrd-Olszanica-100807179225223\" \/>\n<meta property=\"article:modified_time\" content=\"2026-03-03T17:34:59+00:00\" \/>\n<meta property=\"og:image\" content=\"https:\/\/www.ogrodolszanica.pl\/wp-content\/uploads\/2023\/08\/Hakonechloa-macra-Aureola-scaled.jpg\" \/>\n\t<meta property=\"og:image:width\" content=\"1928\" \/>\n\t<meta property=\"og:image:height\" content=\"2560\" \/>\n\t<meta property=\"og:image:type\" content=\"image\/jpeg\" \/>\n<meta name=\"author\" content=\"admin\" \/>\n<meta name=\"twitter:card\" content=\"summary_large_image\" \/>\n<meta name=\"twitter:label1\" content=\"Szacowany czas czytania\" \/>\n\t<meta name=\"twitter:data1\" content=\"1 minuta\" \/>\n<script type=\"application\/ld+json\" class=\"yoast-schema-graph\">{\"@context\":\"https:\/\/schema.org\",\"@graph\":[{\"@type\":\"Organization\",\"@id\":\"https:\/\/www.ogrodolszanica.pl\/#organization\",\"name\":\"Ogr\u00f3d Olszanica - Krakowskie Centrum Ogrodnicze\",\"url\":\"https:\/\/www.ogrodolszanica.pl\/\",\"sameAs\":[\"https:\/\/www.facebook.com\/Ogrd-Olszanica-100807179225223\"],\"logo\":{\"@type\":\"ImageObject\",\"inLanguage\":\"pl-PL\",\"@id\":\"https:\/\/www.ogrodolszanica.pl\/#\/schema\/logo\/image\/\",\"url\":\"http:\/\/www.ogrodolszanica.pl\/wp-content\/uploads\/2022\/06\/Ogrod-Olszanica1-1.png\",\"contentUrl\":\"http:\/\/www.ogrodolszanica.pl\/wp-content\/uploads\/2022\/06\/Ogrod-Olszanica1-1.png\",\"width\":180,\"height\":60,\"caption\":\"Ogr\u00f3d Olszanica - Krakowskie Centrum Ogrodnicze\"},\"image\":{\"@id\":\"https:\/\/www.ogrodolszanica.pl\/#\/schema\/logo\/image\/\"}},{\"@type\":\"WebSite\",\"@id\":\"https:\/\/www.ogrodolszanica.pl\/#website\",\"url\":\"https:\/\/www.ogrodolszanica.pl\/\",\"name\":\"Ogr&oacute;d Olszanica\",\"description\":\"Centrum Ogrodnicze Krak&oacute;w\",\"publisher\":{\"@id\":\"https:\/\/www.ogrodolszanica.pl\/#organization\"},\"potentialAction\":[{\"@type\":\"SearchAction\",\"target\":{\"@type\":\"EntryPoint\",\"urlTemplate\":\"https:\/\/www.ogrodolszanica.pl\/?s={search_term_string}\"},\"query-input\":\"required name=search_term_string\"}],\"inLanguage\":\"pl-PL\"},{\"@type\":\"ImageObject\",\"inLanguage\":\"pl-PL\",\"@id\":\"https:\/\/www.ogrodolszanica.pl\/index.php\/produkt\/hakonechloa-aureola\/#primaryimage\",\"url\":\"https:\/\/i0.wp.com\/www.ogrodolszanica.pl\/wp-content\/uploads\/2023\/08\/Hakonechloa-macra-Aureola-scaled.jpg?fit=1928%2C2560&ssl=1\",\"contentUrl\":\"https:\/\/i0.wp.com\/www.ogrodolszanica.pl\/wp-content\/uploads\/2023\/08\/Hakonechloa-macra-Aureola-scaled.jpg?fit=1928%2C2560&ssl=1\",\"width\":1928,\"height\":2560},{\"@type\":\"WebPage\",\"@id\":\"https:\/\/www.ogrodolszanica.pl\/index.php\/produkt\/hakonechloa-aureola\/#webpage\",\"url\":\"https:\/\/www.ogrodolszanica.pl\/index.php\/produkt\/hakonechloa-aureola\/\",\"name\":\"Hakonechloa macra Aureola - Ogr&oacute;d Olszanica\",\"isPartOf\":{\"@id\":\"https:\/\/www.ogrodolszanica.pl\/#website\"},\"primaryImageOfPage\":{\"@id\":\"https:\/\/www.ogrodolszanica.pl\/index.php\/produkt\/hakonechloa-aureola\/#primaryimage\"},\"datePublished\":\"2023-08-28T08:50:50+00:00\",\"dateModified\":\"2026-03-03T17:34:59+00:00\",\"breadcrumb\":{\"@id\":\"https:\/\/www.ogrodolszanica.pl\/index.php\/produkt\/hakonechloa-aureola\/#breadcrumb\"},\"inLanguage\":\"pl-PL\",\"potentialAction\":[{\"@type\":\"ReadAction\",\"target\":[\"https:\/\/www.ogrodolszanica.pl\/index.php\/produkt\/hakonechloa-aureola\/\"]}]},{\"@type\":\"BreadcrumbList\",\"@id\":\"https:\/\/www.ogrodolszanica.pl\/index.php\/produkt\/hakonechloa-aureola\/#breadcrumb\",\"itemListElement\":[{\"@type\":\"ListItem\",\"position\":1,\"name\":\"Strona g\u0142\u00f3wna\",\"item\":\"https:\/\/www.ogrodolszanica.pl\/\"},{\"@type\":\"ListItem\",\"position\":2,\"name\":\"Produkty\",\"item\":\"https:\/\/www.ogrodolszanica.pl\/index.php\/shop\/\"},{\"@type\":\"ListItem\",\"position\":3,\"name\":\"Hakonechloa macra Aureola\"}]}]}<\/script>\n<!-- \/ Yoast SEO plugin. -->","yoast_head_json":{"title":"Hakonechloa macra Aureola - Ogr&oacute;d Olszanica","robots":{"index":"index","follow":"follow","max-snippet":"max-snippet:-1","max-image-preview":"max-image-preview:large","max-video-preview":"max-video-preview:-1"},"canonical":"https:\/\/www.ogrodolszanica.pl\/index.php\/produkt\/hakonechloa-aureola\/","og_locale":"pl_PL","og_type":"article","og_title":"Hakonechloa macra Aureola - Ogr&oacute;d Olszanica","og_description":"Hakonechloa 'Aurea&#8217; jest gatunkiem o ciekawym pokroju i ubarwieniu. Jej d\u0142ugie, szerokie li\u015bcie podobne do li\u015bci bambusa uk\u0142adaj\u0105 si\u0119 regularnie w zwiewne k\u0119py. Odmiana 'Aureola&#8217; cechuje si\u0119 z\u0142ocist\u0105 barw\u0105 li\u015bci z pod\u0142u\u017cnymi, zielonymi paskami wzd\u0142u\u017c brzeg\u00f3w. Dorasta do wysoko\u015bci oko\u0142o 30-40 cm, przy nieco wi\u0119kszej \u015brednicy, cechuje si\u0119 do\u015b\u0107 wolnym, regularnym wzrostem.\u00a0Jesieni\u0105 jak r\u00f3wnie\u017c podczas &hellip; Hakonechloa macra Aureola Read More &raquo;","og_url":"https:\/\/www.ogrodolszanica.pl\/index.php\/produkt\/hakonechloa-aureola\/","og_site_name":"Ogr&oacute;d Olszanica","article_publisher":"https:\/\/www.facebook.com\/Ogrd-Olszanica-100807179225223","article_modified_time":"2026-03-03T17:34:59+00:00","og_image":[{"width":1928,"height":2560,"url":"https:\/\/www.ogrodolszanica.pl\/wp-content\/uploads\/2023\/08\/Hakonechloa-macra-Aureola-scaled.jpg","type":"image\/jpeg"}],"author":"admin","twitter_card":"summary_large_image","twitter_misc":{"Szacowany czas czytania":"1 minuta"},"schema":{"@context":"https:\/\/schema.org","@graph":[{"@type":"Organization","@id":"https:\/\/www.ogrodolszanica.pl\/#organization","name":"Ogr\u00f3d Olszanica - Krakowskie Centrum Ogrodnicze","url":"https:\/\/www.ogrodolszanica.pl\/","sameAs":["https:\/\/www.facebook.com\/Ogrd-Olszanica-100807179225223"],"logo":{"@type":"ImageObject","inLanguage":"pl-PL","@id":"https:\/\/www.ogrodolszanica.pl\/#\/schema\/logo\/image\/","url":"http:\/\/www.ogrodolszanica.pl\/wp-content\/uploads\/2022\/06\/Ogrod-Olszanica1-1.png","contentUrl":"http:\/\/www.ogrodolszanica.pl\/wp-content\/uploads\/2022\/06\/Ogrod-Olszanica1-1.png","width":180,"height":60,"caption":"Ogr\u00f3d Olszanica - Krakowskie Centrum Ogrodnicze"},"image":{"@id":"https:\/\/www.ogrodolszanica.pl\/#\/schema\/logo\/image\/"}},{"@type":"WebSite","@id":"https:\/\/www.ogrodolszanica.pl\/#website","url":"https:\/\/www.ogrodolszanica.pl\/","name":"Ogr&oacute;d Olszanica","description":"Centrum Ogrodnicze Krak&oacute;w","publisher":{"@id":"https:\/\/www.ogrodolszanica.pl\/#organization"},"potentialAction":[{"@type":"SearchAction","target":{"@type":"EntryPoint","urlTemplate":"https:\/\/www.ogrodolszanica.pl\/?s={search_term_string}"},"query-input":"required name=search_term_string"}],"inLanguage":"pl-PL"},{"@type":"ImageObject","inLanguage":"pl-PL","@id":"https:\/\/www.ogrodolszanica.pl\/index.php\/produkt\/hakonechloa-aureola\/#primaryimage","url":"https:\/\/i0.wp.com\/www.ogrodolszanica.pl\/wp-content\/uploads\/2023\/08\/Hakonechloa-macra-Aureola-scaled.jpg?fit=1928%2C2560&ssl=1","contentUrl":"https:\/\/i0.wp.com\/www.ogrodolszanica.pl\/wp-content\/uploads\/2023\/08\/Hakonechloa-macra-Aureola-scaled.jpg?fit=1928%2C2560&ssl=1","width":1928,"height":2560},{"@type":"WebPage","@id":"https:\/\/www.ogrodolszanica.pl\/index.php\/produkt\/hakonechloa-aureola\/#webpage","url":"https:\/\/www.ogrodolszanica.pl\/index.php\/produkt\/hakonechloa-aureola\/","name":"Hakonechloa macra Aureola - Ogr&oacute;d Olszanica","isPartOf":{"@id":"https:\/\/www.ogrodolszanica.pl\/#website"},"primaryImageOfPage":{"@id":"https:\/\/www.ogrodolszanica.pl\/index.php\/produkt\/hakonechloa-aureola\/#primaryimage"},"datePublished":"2023-08-28T08:50:50+00:00","dateModified":"2026-03-03T17:34:59+00:00","breadcrumb":{"@id":"https:\/\/www.ogrodolszanica.pl\/index.php\/produkt\/hakonechloa-aureola\/#breadcrumb"},"inLanguage":"pl-PL","potentialAction":[{"@type":"ReadAction","target":["https:\/\/www.ogrodolszanica.pl\/index.php\/produkt\/hakonechloa-aureola\/"]}]},{"@type":"BreadcrumbList","@id":"https:\/\/www.ogrodolszanica.pl\/index.php\/produkt\/hakonechloa-aureola\/#breadcrumb","itemListElement":[{"@type":"ListItem","position":1,"name":"Strona g\u0142\u00f3wna","item":"https:\/\/www.ogrodolszanica.pl\/"},{"@type":"ListItem","position":2,"name":"Produkty","item":"https:\/\/www.ogrodolszanica.pl\/index.php\/shop\/"},{"@type":"ListItem","position":3,"name":"Hakonechloa macra Aureola"}]}]}},"jetpack-related-posts":[{"id":3239,"url":"https:\/\/www.ogrodolszanica.pl\/index.php\/produkt\/hakonechloa-smukla-all-gold-hakonechloa\/","url_meta":{"origin":2465,"position":0},"title":"Hakonechloa smuk\u0142a All Gold Hakonechloa","date":"23 lutego, 2026","format":false,"excerpt":"Hakonechloa to bardzo rzadko spotykana trawa rodem z Japonii. Dorasta maksymalnie do 40 cm wysoko\u015bci tworz\u0105c malownicze, kaskadowe k\u0119py pi\u0119knie uk\u0142adaj\u0105cych si\u0119 szerokich li\u015bci. Odmiana 'All Gold' charakteryzuje si\u0119 z\u0142otym zabarwieniem ca\u0142ej powierzchni blaszki li\u015bciowej. Hakonechloa wytwarza szerokie li\u015bcie, bardzo podobne kszta\u0142tem i uk\u0142adem na kr\u00f3tkich p\u0119dach do li\u015bci bambusa.\u2026","rel":"","context":"Similar post","img":{"alt_text":"","src":"https:\/\/i0.wp.com\/www.ogrodolszanica.pl\/wp-content\/uploads\/2026\/02\/Hakonechloa-smukla-All-Gold-Hakonechloa-v1-scaled.jpg?fit=904%2C1200&ssl=1&resize=350%2C200","width":350,"height":200},"classes":[]},{"id":1915,"url":"https:\/\/www.ogrodolszanica.pl\/index.php\/produkt\/kosmatka-igel\/","url_meta":{"origin":2465,"position":1},"title":"Kosmatka Igel","date":"3 sierpnia, 2022","format":false,"excerpt":"Kosmatka ow\u0142osiona Igel Luzula pilosa Nazwa tego gatunku zdaje si\u0119 w pe\u0142ni oddawa\u0107 jego urok. Kosmatka tworzy bardzo g\u0119ste k\u0119pki szerokich, zimozielonych li\u015bci o ostro zako\u0144czonych wierzcho\u0142kach. Osi\u0105ga zaledwie 10-15 cm wysoko\u015bci i nieco wi\u0119ksz\u0105 \u015brednic\u0119, rozrastaj\u0105c si\u0119 raczej wolno. Nie jest gatunkiem ekspansywnym, nie wytwarza roz\u0142og\u00f3w, a wi\u0119c \u015bwietnie\u2026","rel":"","context":"Similar post","img":{"alt_text":"","src":"https:\/\/i0.wp.com\/www.ogrodolszanica.pl\/wp-content\/uploads\/2022\/08\/luzula-pilosa-igel_70118_1.jpg?fit=650%2C650&ssl=1&resize=350%2C200","width":350,"height":200},"classes":[]},{"id":2620,"url":"https:\/\/www.ogrodolszanica.pl\/index.php\/produkt\/zawciag-splendens\/","url_meta":{"origin":2465,"position":2},"title":"Zawci\u0105g nadmorski Splendens","date":"29 stycznia, 2024","format":false,"excerpt":"Zawci\u0105g nadmorski Splendens Armeria maritima Zawci\u0105g nadmorski tworzy zwarte, soczysto zielone poduchy z\u0142o\u017cone z w\u0105skich li\u015bci. W maju nad k\u0119py li\u015bci w masowych ilo\u015bciach wyrastaj\u0105 pi\u0119kne ciemnor\u00f3\u017cowe kwiatostany na kr\u00f3tkich \u0142ody\u017ckach. Wysoko\u015b\u0107 ro\u015blin w momencie kwitnienia nie przekracza zwykle 20 cm. W kolejnych miesi\u0105cach kwiaty r\u00f3wnie\u017c pojawiaj\u0105 si\u0119, ale w\u2026","rel":"","context":"Similar post","img":{"alt_text":"","src":"https:\/\/i0.wp.com\/www.ogrodolszanica.pl\/wp-content\/uploads\/2024\/01\/byliny-i-trawy_armeria_79855_1.jpg?fit=200%2C200&ssl=1&resize=350%2C200","width":350,"height":200},"classes":[]},{"id":3554,"url":"https:\/\/www.ogrodolszanica.pl\/index.php\/produkt\/palczatka-miotlasta\/","url_meta":{"origin":2465,"position":3},"title":"Palczatka miotlasta","date":"27 lutego, 2026","format":false,"excerpt":"Palczatka miotlasta Twilight Zone Schizachyrium scoparium Palczatka miotlasta 'Twilight Zone' zachwyca niemal opalizuj\u0105c\u0105, srebrzysto-purpurow\u0105 barw\u0105 li\u015bci. Wiosn\u0105 li\u015bcie maj\u0105 zielono-niebieskawe zabarwienie, a efektowne purpurowe refleksy pojawiaj\u0105 si\u0119 w \u015brodku lata i zdobi\u0105 trawiaste li\u015bcie a\u017c do jesieni. Tworzy atrakcyjny pokr\u00f3j wyprostowanej i w\u0105skiej k\u0119py, przy czym zewn\u0119trzne li\u015bcie maj\u0105 tendencje\u2026","rel":"","context":"Similar post","img":{"alt_text":"","src":"https:\/\/i0.wp.com\/www.ogrodolszanica.pl\/wp-content\/uploads\/2026\/02\/Palczatka-miotlasta-scaled.jpg?fit=904%2C1200&ssl=1&resize=350%2C200","width":350,"height":200},"classes":[]},{"id":4115,"url":"https:\/\/www.ogrodolszanica.pl\/index.php\/produkt\/konwalnik-plaskopedowy-niger-czarna-trawa\/","url_meta":{"origin":2465,"position":4},"title":"Konwalnik p\u0142askop\u0119dowy Niger czarna trawa","date":"8 marca, 2026","format":false,"excerpt":"Konwalnik p\u0142askop\u0119dowy\u00a0'Niger' Bardzo modne ostatnio trawy ozdobne przyci\u0105gaj\u0105 uwag\u0119 zw\u0142aszcza imponuj\u0105cym kwitnieniem lub form\u0105, czasem z\u0142otym lub pstrym ubarwieniem li\u015bci. Jednak czym\u015b ca\u0142kowicie niespotykanym w\u015br\u00f3d traw ozdobnych jest czarny kolor li\u015bci. Konwalijnik 'Niger'\u00a0to wyj\u0105tkowa bylina,\u00a0kt\u00f3ra wygl\u0105dem przypomina traw\u0119. Tworzy bardzo ciekaw\u0105 form\u0119 k\u0119pki z szerokimi, dos\u0142ownie czarnymi li\u015b\u0107mi, kt\u00f3re s\u0105\u2026","rel":"","context":"Similar post","img":{"alt_text":"","src":"https:\/\/i0.wp.com\/www.ogrodolszanica.pl\/wp-content\/uploads\/2026\/03\/Konwalnik-plaskopedowy-Niger-v56-1-scaled.jpg?fit=904%2C1200&ssl=1&resize=350%2C200","width":350,"height":200},"classes":[]},{"id":3842,"url":"https:\/\/www.ogrodolszanica.pl\/index.php\/produkt\/kostrzewa-pic-carlit\/","url_meta":{"origin":2465,"position":5},"title":"Kostrzewa Pic Carlit","date":"2 marca, 2026","format":false,"excerpt":"Kostrzewa gautiera Pic Carlit Festuca gautieri Pi\u0119kna i bardzo popularna trawa zwana potocznie nied\u017awiedzim futrem. Tworzy bardzo g\u0119ste poduchy, sztywnych soczy\u015bcie zielonych li\u015bci. \u015awietnie prezentuje si\u0119 na wszelkiego rodzaju skalniakach, murkach kwiatowych, w kompozycjach i zestawieniach z innymi ro\u015blinami, gdzie swoim nietypowym charakterem dodaje finezji i uroku. Odmiana 'Pic Carlit'\u2026","rel":"","context":"Similar post","img":{"alt_text":"","src":"https:\/\/i0.wp.com\/www.ogrodolszanica.pl\/wp-content\/uploads\/2026\/03\/Kostrzewa-Pic-Carlit-scaled.jpg?fit=904%2C1200&ssl=1&resize=350%2C200","width":350,"height":200},"classes":[]}],"_links":{"self":[{"href":"https:\/\/www.ogrodolszanica.pl\/index.php\/wp-json\/wp\/v2\/product\/2465","targetHints":{"allow":["GET"]}}],"collection":[{"href":"https:\/\/www.ogrodolszanica.pl\/index.php\/wp-json\/wp\/v2\/product"}],"about":[{"href":"https:\/\/www.ogrodolszanica.pl\/index.php\/wp-json\/wp\/v2\/types\/product"}],"replies":[{"embeddable":true,"href":"https:\/\/www.ogrodolszanica.pl\/index.php\/wp-json\/wp\/v2\/comments?post=2465"}],"wp:featuredmedia":[{"embeddable":true,"href":"https:\/\/www.ogrodolszanica.pl\/index.php\/wp-json\/wp\/v2\/media\/3246"}],"wp:attachment":[{"href":"https:\/\/www.ogrodolszanica.pl\/index.php\/wp-json\/wp\/v2\/media?parent=2465"}],"wp:term":[{"taxonomy":"product_cat","embeddable":true,"href":"https:\/\/www.ogrodolszanica.pl\/index.php\/wp-json\/wp\/v2\/product_cat?post=2465"},{"taxonomy":"product_tag","embeddable":true,"href":"https:\/\/www.ogrodolszanica.pl\/index.php\/wp-json\/wp\/v2\/product_tag?post=2465"}],"curies":[{"name":"wp","href":"https:\/\/api.w.org\/{rel}","templated":true}]}}