{"id":2459,"date":"2023-08-28T08:44:20","date_gmt":"2023-08-28T08:44:20","guid":{"rendered":"https:\/\/www.ogrodolszanica.pl\/?post_type=product&#038;p=2459"},"modified":"2026-03-07T19:48:10","modified_gmt":"2026-03-07T19:48:10","slug":"kocimietka-veluws-blauwtje","status":"publish","type":"product","link":"https:\/\/www.ogrodolszanica.pl\/index.php\/produkt\/kocimietka-veluws-blauwtje\/","title":{"rendered":"Kocimi\u0119tka Veluws Blauwtje"},"content":{"rendered":"<h1 style=\"text-align: center;\">Kocimi\u0119tka Veluws Blauwtje<\/h1>\n<ul>\n<li>Rodzaj: Kocimi\u0119tka<\/li>\n<li>Barwa: Fioletowo-bia\u0142a<\/li>\n<li>\n<div>szeroko\u015b\u0107: <strong>40<\/strong><b>\u00a0cm<\/b><\/div>\n<\/li>\n<li>\n<div><b><\/b>wysoko\u015b\u0107: <strong>70<\/strong><b>\u00a0cm<\/b><\/div>\n<\/li>\n<li>\n<div><b><\/b>wysoko\u015b\u0107 (kwitnienie): <strong>90<\/strong><b>\u00a0cm<\/b><\/div>\n<\/li>\n<li>\n<div><b><\/b>kwitnienie: <b>czerwiec \u00f7 wrzesie\u0144<\/b><\/div>\n<\/li>\n<li>\n<div><b><\/b>stanowisko: <b>s\u0142oneczne<\/b><\/div>\n<\/li>\n<\/ul>\n<p>Dobierz odpowiednie pod\u0142o\u017ce z wybranych produkt\u00f3w w naszym sklepie: <a href=\"https:\/\/www.ogrodolszanica.pl\/index.php\/kategoria-produktu\/zin\/\">Pod\u0142o\u017ca<\/a><\/p>\n","protected":false},"excerpt":{"rendered":"<p>Kocimi\u0119tka Veluws Blauwtje Rodzaj: Kocimi\u0119tka Barwa: Fioletowo-bia\u0142a szeroko\u015b\u0107: 40\u00a0cm wysoko\u015b\u0107: 70\u00a0cm wysoko\u015b\u0107 (kwitnienie): 90\u00a0cm kwitnienie: czerwiec \u00f7 wrzesie\u0144 stanowisko: s\u0142oneczne Dobierz odpowiednie pod\u0142o\u017ce z wybranych produkt\u00f3w w naszym sklepie: Pod\u0142o\u017ca<\/p>\n","protected":false},"featured_media":2460,"comment_status":"open","ping_status":"closed","template":"","meta":{"site-sidebar-layout":"default","site-content-layout":"default","ast-global-header-display":"","ast-main-header-display":"","ast-hfb-above-header-display":"","ast-hfb-below-header-display":"","ast-hfb-mobile-header-display":"","site-post-title":"","ast-breadcrumbs-content":"","ast-featured-img":"","footer-sml-layout":"","theme-transparent-header-meta":"default","adv-header-id-meta":"","stick-header-meta":"","header-above-stick-meta":"","header-main-stick-meta":"","header-below-stick-meta":"","spay_email":""},"product_cat":[29,77,20],"product_tag":[],"class_list":["post-2459","product","type-product","status-publish","has-post-thumbnail","hentry","product_cat-byliny","product_cat-kocimietki","product_cat-rosliny"],"yoast_head":"<!-- This site is optimized with the Yoast SEO plugin v19.2 - https:\/\/yoast.com\/wordpress\/plugins\/seo\/ -->\n<title>Kocimi\u0119tka Veluws Blauwtje - Ogr&oacute;d Olszanica<\/title>\n<meta name=\"robots\" content=\"index, follow, max-snippet:-1, max-image-preview:large, max-video-preview:-1\" \/>\n<link rel=\"canonical\" href=\"https:\/\/www.ogrodolszanica.pl\/index.php\/produkt\/kocimietka-veluws-blauwtje\/\" \/>\n<meta property=\"og:locale\" content=\"pl_PL\" \/>\n<meta property=\"og:type\" content=\"article\" \/>\n<meta property=\"og:title\" content=\"Kocimi\u0119tka Veluws Blauwtje - Ogr&oacute;d Olszanica\" \/>\n<meta property=\"og:description\" content=\"Kocimi\u0119tka Veluws Blauwtje Rodzaj: Kocimi\u0119tka Barwa: Fioletowo-bia\u0142a szeroko\u015b\u0107: 40\u00a0cm wysoko\u015b\u0107: 70\u00a0cm wysoko\u015b\u0107 (kwitnienie): 90\u00a0cm kwitnienie: czerwiec \u00f7 wrzesie\u0144 stanowisko: s\u0142oneczne Dobierz odpowiednie pod\u0142o\u017ce z wybranych produkt\u00f3w w naszym sklepie: Pod\u0142o\u017ca\" \/>\n<meta property=\"og:url\" content=\"https:\/\/www.ogrodolszanica.pl\/index.php\/produkt\/kocimietka-veluws-blauwtje\/\" \/>\n<meta property=\"og:site_name\" content=\"Ogr&oacute;d Olszanica\" \/>\n<meta property=\"article:publisher\" content=\"https:\/\/www.facebook.com\/Ogrd-Olszanica-100807179225223\" \/>\n<meta property=\"article:modified_time\" content=\"2026-03-07T19:48:10+00:00\" \/>\n<meta property=\"og:image\" content=\"https:\/\/www.ogrodolszanica.pl\/wp-content\/uploads\/2023\/08\/byliny-i-trawy_nepeta_79998_1.jpg\" \/>\n\t<meta property=\"og:image:width\" content=\"434\" \/>\n\t<meta property=\"og:image:height\" content=\"650\" \/>\n\t<meta property=\"og:image:type\" content=\"image\/jpeg\" \/>\n<meta name=\"author\" content=\"admin\" \/>\n<meta name=\"twitter:card\" content=\"summary_large_image\" \/>\n<script type=\"application\/ld+json\" class=\"yoast-schema-graph\">{\"@context\":\"https:\/\/schema.org\",\"@graph\":[{\"@type\":\"Organization\",\"@id\":\"https:\/\/www.ogrodolszanica.pl\/#organization\",\"name\":\"Ogr\u00f3d Olszanica - Krakowskie Centrum Ogrodnicze\",\"url\":\"https:\/\/www.ogrodolszanica.pl\/\",\"sameAs\":[\"https:\/\/www.facebook.com\/Ogrd-Olszanica-100807179225223\"],\"logo\":{\"@type\":\"ImageObject\",\"inLanguage\":\"pl-PL\",\"@id\":\"https:\/\/www.ogrodolszanica.pl\/#\/schema\/logo\/image\/\",\"url\":\"http:\/\/www.ogrodolszanica.pl\/wp-content\/uploads\/2022\/06\/Ogrod-Olszanica1-1.png\",\"contentUrl\":\"http:\/\/www.ogrodolszanica.pl\/wp-content\/uploads\/2022\/06\/Ogrod-Olszanica1-1.png\",\"width\":180,\"height\":60,\"caption\":\"Ogr\u00f3d Olszanica - Krakowskie Centrum Ogrodnicze\"},\"image\":{\"@id\":\"https:\/\/www.ogrodolszanica.pl\/#\/schema\/logo\/image\/\"}},{\"@type\":\"WebSite\",\"@id\":\"https:\/\/www.ogrodolszanica.pl\/#website\",\"url\":\"https:\/\/www.ogrodolszanica.pl\/\",\"name\":\"Ogr&oacute;d Olszanica\",\"description\":\"Centrum Ogrodnicze Krak&oacute;w\",\"publisher\":{\"@id\":\"https:\/\/www.ogrodolszanica.pl\/#organization\"},\"potentialAction\":[{\"@type\":\"SearchAction\",\"target\":{\"@type\":\"EntryPoint\",\"urlTemplate\":\"https:\/\/www.ogrodolszanica.pl\/?s={search_term_string}\"},\"query-input\":\"required name=search_term_string\"}],\"inLanguage\":\"pl-PL\"},{\"@type\":\"ImageObject\",\"inLanguage\":\"pl-PL\",\"@id\":\"https:\/\/www.ogrodolszanica.pl\/index.php\/produkt\/kocimietka-veluws-blauwtje\/#primaryimage\",\"url\":\"https:\/\/i0.wp.com\/www.ogrodolszanica.pl\/wp-content\/uploads\/2023\/08\/byliny-i-trawy_nepeta_79998_1.jpg?fit=434%2C650&ssl=1\",\"contentUrl\":\"https:\/\/i0.wp.com\/www.ogrodolszanica.pl\/wp-content\/uploads\/2023\/08\/byliny-i-trawy_nepeta_79998_1.jpg?fit=434%2C650&ssl=1\",\"width\":434,\"height\":650},{\"@type\":\"WebPage\",\"@id\":\"https:\/\/www.ogrodolszanica.pl\/index.php\/produkt\/kocimietka-veluws-blauwtje\/#webpage\",\"url\":\"https:\/\/www.ogrodolszanica.pl\/index.php\/produkt\/kocimietka-veluws-blauwtje\/\",\"name\":\"Kocimi\u0119tka Veluws Blauwtje - Ogr&oacute;d Olszanica\",\"isPartOf\":{\"@id\":\"https:\/\/www.ogrodolszanica.pl\/#website\"},\"primaryImageOfPage\":{\"@id\":\"https:\/\/www.ogrodolszanica.pl\/index.php\/produkt\/kocimietka-veluws-blauwtje\/#primaryimage\"},\"datePublished\":\"2023-08-28T08:44:20+00:00\",\"dateModified\":\"2026-03-07T19:48:10+00:00\",\"breadcrumb\":{\"@id\":\"https:\/\/www.ogrodolszanica.pl\/index.php\/produkt\/kocimietka-veluws-blauwtje\/#breadcrumb\"},\"inLanguage\":\"pl-PL\",\"potentialAction\":[{\"@type\":\"ReadAction\",\"target\":[\"https:\/\/www.ogrodolszanica.pl\/index.php\/produkt\/kocimietka-veluws-blauwtje\/\"]}]},{\"@type\":\"BreadcrumbList\",\"@id\":\"https:\/\/www.ogrodolszanica.pl\/index.php\/produkt\/kocimietka-veluws-blauwtje\/#breadcrumb\",\"itemListElement\":[{\"@type\":\"ListItem\",\"position\":1,\"name\":\"Strona g\u0142\u00f3wna\",\"item\":\"https:\/\/www.ogrodolszanica.pl\/\"},{\"@type\":\"ListItem\",\"position\":2,\"name\":\"Produkty\",\"item\":\"https:\/\/www.ogrodolszanica.pl\/index.php\/shop\/\"},{\"@type\":\"ListItem\",\"position\":3,\"name\":\"Kocimi\u0119tka Veluws Blauwtje\"}]}]}<\/script>\n<!-- \/ Yoast SEO plugin. -->","yoast_head_json":{"title":"Kocimi\u0119tka Veluws Blauwtje - Ogr&oacute;d Olszanica","robots":{"index":"index","follow":"follow","max-snippet":"max-snippet:-1","max-image-preview":"max-image-preview:large","max-video-preview":"max-video-preview:-1"},"canonical":"https:\/\/www.ogrodolszanica.pl\/index.php\/produkt\/kocimietka-veluws-blauwtje\/","og_locale":"pl_PL","og_type":"article","og_title":"Kocimi\u0119tka Veluws Blauwtje - Ogr&oacute;d Olszanica","og_description":"Kocimi\u0119tka Veluws Blauwtje Rodzaj: Kocimi\u0119tka Barwa: Fioletowo-bia\u0142a szeroko\u015b\u0107: 40\u00a0cm wysoko\u015b\u0107: 70\u00a0cm wysoko\u015b\u0107 (kwitnienie): 90\u00a0cm kwitnienie: czerwiec \u00f7 wrzesie\u0144 stanowisko: s\u0142oneczne Dobierz odpowiednie pod\u0142o\u017ce z wybranych produkt\u00f3w w naszym sklepie: Pod\u0142o\u017ca","og_url":"https:\/\/www.ogrodolszanica.pl\/index.php\/produkt\/kocimietka-veluws-blauwtje\/","og_site_name":"Ogr&oacute;d Olszanica","article_publisher":"https:\/\/www.facebook.com\/Ogrd-Olszanica-100807179225223","article_modified_time":"2026-03-07T19:48:10+00:00","og_image":[{"width":434,"height":650,"url":"https:\/\/www.ogrodolszanica.pl\/wp-content\/uploads\/2023\/08\/byliny-i-trawy_nepeta_79998_1.jpg","type":"image\/jpeg"}],"author":"admin","twitter_card":"summary_large_image","schema":{"@context":"https:\/\/schema.org","@graph":[{"@type":"Organization","@id":"https:\/\/www.ogrodolszanica.pl\/#organization","name":"Ogr\u00f3d Olszanica - Krakowskie Centrum Ogrodnicze","url":"https:\/\/www.ogrodolszanica.pl\/","sameAs":["https:\/\/www.facebook.com\/Ogrd-Olszanica-100807179225223"],"logo":{"@type":"ImageObject","inLanguage":"pl-PL","@id":"https:\/\/www.ogrodolszanica.pl\/#\/schema\/logo\/image\/","url":"http:\/\/www.ogrodolszanica.pl\/wp-content\/uploads\/2022\/06\/Ogrod-Olszanica1-1.png","contentUrl":"http:\/\/www.ogrodolszanica.pl\/wp-content\/uploads\/2022\/06\/Ogrod-Olszanica1-1.png","width":180,"height":60,"caption":"Ogr\u00f3d Olszanica - Krakowskie Centrum Ogrodnicze"},"image":{"@id":"https:\/\/www.ogrodolszanica.pl\/#\/schema\/logo\/image\/"}},{"@type":"WebSite","@id":"https:\/\/www.ogrodolszanica.pl\/#website","url":"https:\/\/www.ogrodolszanica.pl\/","name":"Ogr&oacute;d Olszanica","description":"Centrum Ogrodnicze Krak&oacute;w","publisher":{"@id":"https:\/\/www.ogrodolszanica.pl\/#organization"},"potentialAction":[{"@type":"SearchAction","target":{"@type":"EntryPoint","urlTemplate":"https:\/\/www.ogrodolszanica.pl\/?s={search_term_string}"},"query-input":"required name=search_term_string"}],"inLanguage":"pl-PL"},{"@type":"ImageObject","inLanguage":"pl-PL","@id":"https:\/\/www.ogrodolszanica.pl\/index.php\/produkt\/kocimietka-veluws-blauwtje\/#primaryimage","url":"https:\/\/i0.wp.com\/www.ogrodolszanica.pl\/wp-content\/uploads\/2023\/08\/byliny-i-trawy_nepeta_79998_1.jpg?fit=434%2C650&ssl=1","contentUrl":"https:\/\/i0.wp.com\/www.ogrodolszanica.pl\/wp-content\/uploads\/2023\/08\/byliny-i-trawy_nepeta_79998_1.jpg?fit=434%2C650&ssl=1","width":434,"height":650},{"@type":"WebPage","@id":"https:\/\/www.ogrodolszanica.pl\/index.php\/produkt\/kocimietka-veluws-blauwtje\/#webpage","url":"https:\/\/www.ogrodolszanica.pl\/index.php\/produkt\/kocimietka-veluws-blauwtje\/","name":"Kocimi\u0119tka Veluws Blauwtje - Ogr&oacute;d Olszanica","isPartOf":{"@id":"https:\/\/www.ogrodolszanica.pl\/#website"},"primaryImageOfPage":{"@id":"https:\/\/www.ogrodolszanica.pl\/index.php\/produkt\/kocimietka-veluws-blauwtje\/#primaryimage"},"datePublished":"2023-08-28T08:44:20+00:00","dateModified":"2026-03-07T19:48:10+00:00","breadcrumb":{"@id":"https:\/\/www.ogrodolszanica.pl\/index.php\/produkt\/kocimietka-veluws-blauwtje\/#breadcrumb"},"inLanguage":"pl-PL","potentialAction":[{"@type":"ReadAction","target":["https:\/\/www.ogrodolszanica.pl\/index.php\/produkt\/kocimietka-veluws-blauwtje\/"]}]},{"@type":"BreadcrumbList","@id":"https:\/\/www.ogrodolszanica.pl\/index.php\/produkt\/kocimietka-veluws-blauwtje\/#breadcrumb","itemListElement":[{"@type":"ListItem","position":1,"name":"Strona g\u0142\u00f3wna","item":"https:\/\/www.ogrodolszanica.pl\/"},{"@type":"ListItem","position":2,"name":"Produkty","item":"https:\/\/www.ogrodolszanica.pl\/index.php\/shop\/"},{"@type":"ListItem","position":3,"name":"Kocimi\u0119tka Veluws Blauwtje"}]}]}},"jetpack-related-posts":[{"id":2624,"url":"https:\/\/www.ogrodolszanica.pl\/index.php\/produkt\/kocimietka-six-hills-giant\/","url_meta":{"origin":2459,"position":0},"title":"Kocimi\u0119tka Six Hills Giant","date":"29 stycznia, 2024","format":false,"excerpt":"Kocimi\u0119tka Six Hills Giant Kocimi\u0119tka ' Six Hills Giant' jest bylin\u0105 d\u0142ugokwitn\u0105c\u0105 o niebiesko- fioletowej barwie kwiat\u00f3w . Ro\u015bnie w k\u0119pach osiagaj\u0105cych nawet 90cm wysoko\u015bci. Rodzaj: Kocimi\u0119tka Barwa: lawendowoniebieska szeroko\u015b\u0107: 40\u00a0cm wysoko\u015b\u0107: 70\u00a0cm wysoko\u015b\u0107 (kwitnienie): 90\u00a0cm kwitnienie: czerwiec \u00f7 wrzesie\u0144 stanowisko: s\u0142oneczne Dobierz odpowiednie pod\u0142o\u017ce z wybranych produkt\u00f3w w naszym\u2026","rel":"","context":"Similar post","img":{"alt_text":"","src":"https:\/\/i0.wp.com\/www.ogrodolszanica.pl\/wp-content\/uploads\/2024\/01\/byliny-i-trawy_nepeta_79937_6.jpg?fit=434%2C650&ssl=1&resize=350%2C200","width":350,"height":200},"classes":[]},{"id":1581,"url":"https:\/\/www.ogrodolszanica.pl\/index.php\/produkt\/kocimietka-walkers-low\/","url_meta":{"origin":2459,"position":1},"title":"Kocimi\u0119tka Walker&#8217;s Low","date":"12 lipca, 2022","format":false,"excerpt":"Kocimi\u0119tka Walker's Low Kocimi\u0119tka jest uporz\u0105dkowanego pokroju bylin\u0105, z szarozielonym ubarwieniem drobnych li\u015bci. Na wierzcho\u0142kach p\u0119d\u00f3w przez ca\u0142e lato i wczesn\u0105 jesie\u0144 ukazuj\u0105 si\u0119 purpurowo niebieskie kwiaty, odwiedzane przez motyle. Wszystkie kocimi\u0119tki po potarciu li\u015bci wydaj\u0105 specyficzny zio\u0142owy zapach. Rodzaj: Kocimi\u0119tka Barwa: Fioletowo-niebieski szeroko\u015b\u0107: 40\u00a0cm wysoko\u015b\u0107: 50\u00a0cm wysoko\u015b\u0107 (kwitnienie): 70\u2026","rel":"","context":"Similar post","img":{"alt_text":"","src":"https:\/\/i0.wp.com\/www.ogrodolszanica.pl\/wp-content\/uploads\/2022\/07\/byliny-i-trawy_nepeta-kocimietka_79938_1.jpg?fit=650%2C650&ssl=1&resize=350%2C200","width":350,"height":200},"classes":[]},{"id":1577,"url":"https:\/\/www.ogrodolszanica.pl\/index.php\/produkt\/kocimietka-purrsian-blue\/","url_meta":{"origin":2459,"position":2},"title":"Kocimi\u0119tka Purrsian Blue","date":"12 lipca, 2022","format":false,"excerpt":"Kocimi\u0119tka Faassena Purrsian Blue Nepeta x faassenii Cudowna, kompaktowa odmiana wyr\u00f3\u017cniaj\u0105ca si\u0119 zwartym pokrojem oraz spektakularnym, d\u0142ugim i bardzo obfitym kwitnieniem. Kocimi\u0119tka Faassena 'Purrsian Blue' dorasta do oko\u0142o 35-45 cm wysoko\u015bci oraz 45-75 cm szeroko\u015bci, tworz\u0105c efektowne, zaokr\u0105glone k\u0119py. Drobne, karbowane, srebrzysto-zielone li\u015bcie byliny s\u0105 niezwykle aromatyczne. Od czerwca do\u2026","rel":"","context":"Similar post","img":{"alt_text":"","src":"https:\/\/i0.wp.com\/www.ogrodolszanica.pl\/wp-content\/uploads\/2022\/07\/Kocimietka-Purrsian-Blue-scaled.jpg?fit=904%2C1200&ssl=1&resize=350%2C200","width":350,"height":200},"classes":[]},{"id":2627,"url":"https:\/\/www.ogrodolszanica.pl\/index.php\/produkt\/kocimietka-snowflake\/","url_meta":{"origin":2459,"position":3},"title":"Kocimi\u0119tka Snowflake","date":"29 stycznia, 2024","format":false,"excerpt":"Kocimi\u0119tka Faassena Snowflake Nepeta x faassenii 'Snowflake' to \u015bliczna, miniaturowa odmiana czaruj\u0105ca zniewalaj\u0105cym aromatem oraz d\u0142ugim, niezwykle obfitym kwitnieniem. Maksymalnie osi\u0105ga oko\u0142o 30 cm wysoko\u015bci. Drobne, szaro-zielone li\u015bcie o pomarszczonej powierzchni i z\u0105bkowanych brzegach osadzone s\u0105 na wzniesionych p\u0119dach, kt\u00f3re maj\u0105 tendencj\u0119 do pok\u0142adania si\u0119. Od maja do wrze\u015bnia zwarte,\u2026","rel":"","context":"Similar post","img":{"alt_text":"","src":"https:\/\/i0.wp.com\/www.ogrodolszanica.pl\/wp-content\/uploads\/2024\/01\/Sadzonka-Kocimietka-Snowflake-v4-scaled.jpg?fit=904%2C1200&ssl=1&resize=350%2C200","width":350,"height":200},"classes":[]},{"id":2289,"url":"https:\/\/www.ogrodolszanica.pl\/index.php\/produkt\/cortaderia-selloana\/","url_meta":{"origin":2459,"position":4},"title":"Trawa Pampasowa","date":"18 czerwca, 2023","format":false,"excerpt":"Trawa Pampasowa Barwa: Bia\u0142y szeroko\u015b\u0107: 100\u00a0cm wysoko\u015b\u0107: 200 cm wysoko\u015b\u0107 (kwitnienie): 300 cm kwitnienie: wrzesie\u0144 \u00f7 pa\u017adziernik stanowisko: s\u0142oneczne Dobierz odpowiednie pod\u0142o\u017ce z wybranych produkt\u00f3w w naszym sklepie: Pod\u0142o\u017ca \u00a0 \u00a0","rel":"","context":"Similar post","img":{"alt_text":"","src":"https:\/\/i0.wp.com\/www.ogrodolszanica.pl\/wp-content\/uploads\/2023\/06\/cortaderia-selloana_1-1.jpg?fit=450%2C450&ssl=1&resize=350%2C200","width":350,"height":200},"classes":[]},{"id":2693,"url":"https:\/\/www.ogrodolszanica.pl\/index.php\/produkt\/miskant-silberspinne\/","url_meta":{"origin":2459,"position":5},"title":"Miskant Silberspinne","date":"31 stycznia, 2024","format":false,"excerpt":"Miskant Silberspinne \u00a0 rodzaj: Miskant barwa: Br\u0105zowo - srebrzysta szeroko\u015b\u0107: 40\u00a0cm wysoko\u015b\u0107: 80\u00a0cm wysoko\u015b\u0107 (kwitnienie): 160\u00a0cm kwitnienie: wrzesie\u0144 \u00f7 pa\u017adziernik stanowisko: s\u0142oneczne Dobierz odpowiednie pod\u0142o\u017ce z wybranych produkt\u00f3w w naszym sklepie: Pod\u0142o\u017ca","rel":"","context":"Similar post","img":{"alt_text":"","src":"https:\/\/i0.wp.com\/www.ogrodolszanica.pl\/wp-content\/uploads\/2024\/01\/byliny-i-trawy_miscanthus_75144_1.jpg?fit=433%2C650&ssl=1&resize=350%2C200","width":350,"height":200},"classes":[]}],"_links":{"self":[{"href":"https:\/\/www.ogrodolszanica.pl\/index.php\/wp-json\/wp\/v2\/product\/2459","targetHints":{"allow":["GET"]}}],"collection":[{"href":"https:\/\/www.ogrodolszanica.pl\/index.php\/wp-json\/wp\/v2\/product"}],"about":[{"href":"https:\/\/www.ogrodolszanica.pl\/index.php\/wp-json\/wp\/v2\/types\/product"}],"replies":[{"embeddable":true,"href":"https:\/\/www.ogrodolszanica.pl\/index.php\/wp-json\/wp\/v2\/comments?post=2459"}],"wp:featuredmedia":[{"embeddable":true,"href":"https:\/\/www.ogrodolszanica.pl\/index.php\/wp-json\/wp\/v2\/media\/2460"}],"wp:attachment":[{"href":"https:\/\/www.ogrodolszanica.pl\/index.php\/wp-json\/wp\/v2\/media?parent=2459"}],"wp:term":[{"taxonomy":"product_cat","embeddable":true,"href":"https:\/\/www.ogrodolszanica.pl\/index.php\/wp-json\/wp\/v2\/product_cat?post=2459"},{"taxonomy":"product_tag","embeddable":true,"href":"https:\/\/www.ogrodolszanica.pl\/index.php\/wp-json\/wp\/v2\/product_tag?post=2459"}],"curies":[{"name":"wp","href":"https:\/\/api.w.org\/{rel}","templated":true}]}}