{"id":2449,"date":"2023-08-26T16:13:10","date_gmt":"2023-08-26T16:13:10","guid":{"rendered":"https:\/\/www.ogrodolszanica.pl\/?post_type=product&#038;p=2449"},"modified":"2026-03-07T19:48:41","modified_gmt":"2026-03-07T19:48:41","slug":"trytoma-poco-orange","status":"publish","type":"product","link":"https:\/\/www.ogrodolszanica.pl\/index.php\/produkt\/trytoma-poco-orange\/","title":{"rendered":"Trytoma Poco Orange"},"content":{"rendered":"<h2 style=\"text-align: center;\">Trytoma Poco Orange<\/h2>\n<p>Odmiana wyhodowana tak, by uzyska\u0107 kr\u00f3tkie, trawiaste li\u015bcie\u00a0i zbit\u0105 k\u0119p\u0119, przez co nadaje si\u0119 idealnie do ma\u0142ych ogrod\u00f3w\u00a0oraz do zag\u0119szczania ogrodowych obw\u00f3dek. Rurkowate\u00a0kwiaty maj\u0105 kolor przypalanej pomara\u0144czy z czerwonymi\u00a0koniuszkami. Uwielbiana zar\u00f3wno przez pszczo\u0142y\u00a0jak i ptaki.<\/p>\n<ul>\n<li>Rodzaj: Trytoma<\/li>\n<li>Barwa: Pomara\u0144czowa<\/li>\n<li>\n<div>szeroko\u015b\u0107: <strong>40 cm<\/strong><\/div>\n<\/li>\n<li>\n<div><b><\/b>wysoko\u015b\u0107: <strong>30<\/strong><b>\u00a0cm<\/b><\/div>\n<\/li>\n<li>\n<div><b><\/b>wysoko\u015b\u0107 (kwitnienie): <strong>50<\/strong><b>\u00a0cm<\/b><\/div>\n<\/li>\n<li>\n<div><b><\/b>kwitnienie: <b>lipiec \u00f7 pa\u017adziernik<\/b><\/div>\n<\/li>\n<li>\n<div><b><\/b>stanowisko:\u00a0<b>s\u0142oneczne<\/b><\/div>\n<\/li>\n<\/ul>\n<p>Dobierz odpowiednie pod\u0142o\u017ce z wybranych produkt\u00f3w w naszym sklepie: <a href=\"https:\/\/www.ogrodolszanica.pl\/index.php\/kategoria-produktu\/zin\/\">Pod\u0142o\u017ca<\/a><\/p>\n<p>&nbsp;<\/p>\n<p>&nbsp;<\/p>\n","protected":false},"excerpt":{"rendered":"<p>Trytoma Poco Orange Odmiana wyhodowana tak, by uzyska\u0107 kr\u00f3tkie, trawiaste li\u015bcie\u00a0i zbit\u0105 k\u0119p\u0119, przez co nadaje si\u0119 idealnie do ma\u0142ych ogrod\u00f3w\u00a0oraz do zag\u0119szczania ogrodowych obw\u00f3dek. Rurkowate\u00a0kwiaty maj\u0105 kolor przypalanej pomara\u0144czy z czerwonymi\u00a0koniuszkami. Uwielbiana zar\u00f3wno przez pszczo\u0142y\u00a0jak i ptaki. Rodzaj: Trytoma Barwa: Pomara\u0144czowa szeroko\u015b\u0107: 40 cm wysoko\u015b\u0107: 30\u00a0cm wysoko\u015b\u0107 (kwitnienie): 50\u00a0cm kwitnienie: lipiec \u00f7 pa\u017adziernik stanowisko:\u00a0s\u0142oneczne &hellip;<\/p>\n<p class=\"read-more\"> <a class=\"\" href=\"https:\/\/www.ogrodolszanica.pl\/index.php\/produkt\/trytoma-poco-orange\/\"> <span class=\"screen-reader-text\">Trytoma Poco Orange<\/span> Read More &raquo;<\/a><\/p>\n","protected":false},"featured_media":2450,"comment_status":"open","ping_status":"closed","template":"","meta":{"site-sidebar-layout":"default","site-content-layout":"default","ast-global-header-display":"","ast-main-header-display":"","ast-hfb-above-header-display":"","ast-hfb-below-header-display":"","ast-hfb-mobile-header-display":"","site-post-title":"","ast-breadcrumbs-content":"","ast-featured-img":"","footer-sml-layout":"","theme-transparent-header-meta":"default","adv-header-id-meta":"","stick-header-meta":"","header-above-stick-meta":"","header-main-stick-meta":"","header-below-stick-meta":"","spay_email":""},"product_cat":[29,98,20],"product_tag":[],"class_list":["post-2449","product","type-product","status-publish","has-post-thumbnail","hentry","product_cat-byliny","product_cat-inne","product_cat-rosliny"],"yoast_head":"<!-- This site is optimized with the Yoast SEO plugin v19.2 - https:\/\/yoast.com\/wordpress\/plugins\/seo\/ -->\n<title>Trytoma Poco Orange - Ogr&oacute;d Olszanica<\/title>\n<meta name=\"robots\" content=\"index, follow, max-snippet:-1, max-image-preview:large, max-video-preview:-1\" \/>\n<link rel=\"canonical\" href=\"https:\/\/www.ogrodolszanica.pl\/index.php\/produkt\/trytoma-poco-orange\/\" \/>\n<meta property=\"og:locale\" content=\"pl_PL\" \/>\n<meta property=\"og:type\" content=\"article\" \/>\n<meta property=\"og:title\" content=\"Trytoma Poco Orange - Ogr&oacute;d Olszanica\" \/>\n<meta property=\"og:description\" content=\"Trytoma Poco Orange Odmiana wyhodowana tak, by uzyska\u0107 kr\u00f3tkie, trawiaste li\u015bcie\u00a0i zbit\u0105 k\u0119p\u0119, przez co nadaje si\u0119 idealnie do ma\u0142ych ogrod\u00f3w\u00a0oraz do zag\u0119szczania ogrodowych obw\u00f3dek. Rurkowate\u00a0kwiaty maj\u0105 kolor przypalanej pomara\u0144czy z czerwonymi\u00a0koniuszkami. Uwielbiana zar\u00f3wno przez pszczo\u0142y\u00a0jak i ptaki. Rodzaj: Trytoma Barwa: Pomara\u0144czowa szeroko\u015b\u0107: 40 cm wysoko\u015b\u0107: 30\u00a0cm wysoko\u015b\u0107 (kwitnienie): 50\u00a0cm kwitnienie: lipiec \u00f7 pa\u017adziernik stanowisko:\u00a0s\u0142oneczne &hellip; Trytoma Poco Orange Read More &raquo;\" \/>\n<meta property=\"og:url\" content=\"https:\/\/www.ogrodolszanica.pl\/index.php\/produkt\/trytoma-poco-orange\/\" \/>\n<meta property=\"og:site_name\" content=\"Ogr&oacute;d Olszanica\" \/>\n<meta property=\"article:publisher\" content=\"https:\/\/www.facebook.com\/Ogrd-Olszanica-100807179225223\" \/>\n<meta property=\"article:modified_time\" content=\"2026-03-07T19:48:41+00:00\" \/>\n<meta property=\"og:image\" content=\"https:\/\/www.ogrodolszanica.pl\/wp-content\/uploads\/2023\/08\/kniphofia-poco-orange_4.jpg\" \/>\n\t<meta property=\"og:image:width\" content=\"433\" \/>\n\t<meta property=\"og:image:height\" content=\"650\" \/>\n\t<meta property=\"og:image:type\" content=\"image\/jpeg\" \/>\n<meta name=\"author\" content=\"admin\" \/>\n<meta name=\"twitter:card\" content=\"summary_large_image\" \/>\n<meta name=\"twitter:label1\" content=\"Szacowany czas czytania\" \/>\n\t<meta name=\"twitter:data1\" content=\"1 minuta\" \/>\n<script type=\"application\/ld+json\" class=\"yoast-schema-graph\">{\"@context\":\"https:\/\/schema.org\",\"@graph\":[{\"@type\":\"Organization\",\"@id\":\"https:\/\/www.ogrodolszanica.pl\/#organization\",\"name\":\"Ogr\u00f3d Olszanica - Krakowskie Centrum Ogrodnicze\",\"url\":\"https:\/\/www.ogrodolszanica.pl\/\",\"sameAs\":[\"https:\/\/www.facebook.com\/Ogrd-Olszanica-100807179225223\"],\"logo\":{\"@type\":\"ImageObject\",\"inLanguage\":\"pl-PL\",\"@id\":\"https:\/\/www.ogrodolszanica.pl\/#\/schema\/logo\/image\/\",\"url\":\"http:\/\/www.ogrodolszanica.pl\/wp-content\/uploads\/2022\/06\/Ogrod-Olszanica1-1.png\",\"contentUrl\":\"http:\/\/www.ogrodolszanica.pl\/wp-content\/uploads\/2022\/06\/Ogrod-Olszanica1-1.png\",\"width\":180,\"height\":60,\"caption\":\"Ogr\u00f3d Olszanica - Krakowskie Centrum Ogrodnicze\"},\"image\":{\"@id\":\"https:\/\/www.ogrodolszanica.pl\/#\/schema\/logo\/image\/\"}},{\"@type\":\"WebSite\",\"@id\":\"https:\/\/www.ogrodolszanica.pl\/#website\",\"url\":\"https:\/\/www.ogrodolszanica.pl\/\",\"name\":\"Ogr&oacute;d Olszanica\",\"description\":\"Centrum Ogrodnicze Krak&oacute;w\",\"publisher\":{\"@id\":\"https:\/\/www.ogrodolszanica.pl\/#organization\"},\"potentialAction\":[{\"@type\":\"SearchAction\",\"target\":{\"@type\":\"EntryPoint\",\"urlTemplate\":\"https:\/\/www.ogrodolszanica.pl\/?s={search_term_string}\"},\"query-input\":\"required name=search_term_string\"}],\"inLanguage\":\"pl-PL\"},{\"@type\":\"ImageObject\",\"inLanguage\":\"pl-PL\",\"@id\":\"https:\/\/www.ogrodolszanica.pl\/index.php\/produkt\/trytoma-poco-orange\/#primaryimage\",\"url\":\"https:\/\/i0.wp.com\/www.ogrodolszanica.pl\/wp-content\/uploads\/2023\/08\/kniphofia-poco-orange_4.jpg?fit=433%2C650&ssl=1\",\"contentUrl\":\"https:\/\/i0.wp.com\/www.ogrodolszanica.pl\/wp-content\/uploads\/2023\/08\/kniphofia-poco-orange_4.jpg?fit=433%2C650&ssl=1\",\"width\":433,\"height\":650},{\"@type\":\"WebPage\",\"@id\":\"https:\/\/www.ogrodolszanica.pl\/index.php\/produkt\/trytoma-poco-orange\/#webpage\",\"url\":\"https:\/\/www.ogrodolszanica.pl\/index.php\/produkt\/trytoma-poco-orange\/\",\"name\":\"Trytoma Poco Orange - Ogr&oacute;d Olszanica\",\"isPartOf\":{\"@id\":\"https:\/\/www.ogrodolszanica.pl\/#website\"},\"primaryImageOfPage\":{\"@id\":\"https:\/\/www.ogrodolszanica.pl\/index.php\/produkt\/trytoma-poco-orange\/#primaryimage\"},\"datePublished\":\"2023-08-26T16:13:10+00:00\",\"dateModified\":\"2026-03-07T19:48:41+00:00\",\"breadcrumb\":{\"@id\":\"https:\/\/www.ogrodolszanica.pl\/index.php\/produkt\/trytoma-poco-orange\/#breadcrumb\"},\"inLanguage\":\"pl-PL\",\"potentialAction\":[{\"@type\":\"ReadAction\",\"target\":[\"https:\/\/www.ogrodolszanica.pl\/index.php\/produkt\/trytoma-poco-orange\/\"]}]},{\"@type\":\"BreadcrumbList\",\"@id\":\"https:\/\/www.ogrodolszanica.pl\/index.php\/produkt\/trytoma-poco-orange\/#breadcrumb\",\"itemListElement\":[{\"@type\":\"ListItem\",\"position\":1,\"name\":\"Strona g\u0142\u00f3wna\",\"item\":\"https:\/\/www.ogrodolszanica.pl\/\"},{\"@type\":\"ListItem\",\"position\":2,\"name\":\"Produkty\",\"item\":\"https:\/\/www.ogrodolszanica.pl\/index.php\/shop\/\"},{\"@type\":\"ListItem\",\"position\":3,\"name\":\"Trytoma Poco Orange\"}]}]}<\/script>\n<!-- \/ Yoast SEO plugin. -->","yoast_head_json":{"title":"Trytoma Poco Orange - Ogr&oacute;d Olszanica","robots":{"index":"index","follow":"follow","max-snippet":"max-snippet:-1","max-image-preview":"max-image-preview:large","max-video-preview":"max-video-preview:-1"},"canonical":"https:\/\/www.ogrodolszanica.pl\/index.php\/produkt\/trytoma-poco-orange\/","og_locale":"pl_PL","og_type":"article","og_title":"Trytoma Poco Orange - Ogr&oacute;d Olszanica","og_description":"Trytoma Poco Orange Odmiana wyhodowana tak, by uzyska\u0107 kr\u00f3tkie, trawiaste li\u015bcie\u00a0i zbit\u0105 k\u0119p\u0119, przez co nadaje si\u0119 idealnie do ma\u0142ych ogrod\u00f3w\u00a0oraz do zag\u0119szczania ogrodowych obw\u00f3dek. Rurkowate\u00a0kwiaty maj\u0105 kolor przypalanej pomara\u0144czy z czerwonymi\u00a0koniuszkami. Uwielbiana zar\u00f3wno przez pszczo\u0142y\u00a0jak i ptaki. Rodzaj: Trytoma Barwa: Pomara\u0144czowa szeroko\u015b\u0107: 40 cm wysoko\u015b\u0107: 30\u00a0cm wysoko\u015b\u0107 (kwitnienie): 50\u00a0cm kwitnienie: lipiec \u00f7 pa\u017adziernik stanowisko:\u00a0s\u0142oneczne &hellip; Trytoma Poco Orange Read More &raquo;","og_url":"https:\/\/www.ogrodolszanica.pl\/index.php\/produkt\/trytoma-poco-orange\/","og_site_name":"Ogr&oacute;d Olszanica","article_publisher":"https:\/\/www.facebook.com\/Ogrd-Olszanica-100807179225223","article_modified_time":"2026-03-07T19:48:41+00:00","og_image":[{"width":433,"height":650,"url":"https:\/\/www.ogrodolszanica.pl\/wp-content\/uploads\/2023\/08\/kniphofia-poco-orange_4.jpg","type":"image\/jpeg"}],"author":"admin","twitter_card":"summary_large_image","twitter_misc":{"Szacowany czas czytania":"1 minuta"},"schema":{"@context":"https:\/\/schema.org","@graph":[{"@type":"Organization","@id":"https:\/\/www.ogrodolszanica.pl\/#organization","name":"Ogr\u00f3d Olszanica - Krakowskie Centrum Ogrodnicze","url":"https:\/\/www.ogrodolszanica.pl\/","sameAs":["https:\/\/www.facebook.com\/Ogrd-Olszanica-100807179225223"],"logo":{"@type":"ImageObject","inLanguage":"pl-PL","@id":"https:\/\/www.ogrodolszanica.pl\/#\/schema\/logo\/image\/","url":"http:\/\/www.ogrodolszanica.pl\/wp-content\/uploads\/2022\/06\/Ogrod-Olszanica1-1.png","contentUrl":"http:\/\/www.ogrodolszanica.pl\/wp-content\/uploads\/2022\/06\/Ogrod-Olszanica1-1.png","width":180,"height":60,"caption":"Ogr\u00f3d Olszanica - Krakowskie Centrum Ogrodnicze"},"image":{"@id":"https:\/\/www.ogrodolszanica.pl\/#\/schema\/logo\/image\/"}},{"@type":"WebSite","@id":"https:\/\/www.ogrodolszanica.pl\/#website","url":"https:\/\/www.ogrodolszanica.pl\/","name":"Ogr&oacute;d Olszanica","description":"Centrum Ogrodnicze Krak&oacute;w","publisher":{"@id":"https:\/\/www.ogrodolszanica.pl\/#organization"},"potentialAction":[{"@type":"SearchAction","target":{"@type":"EntryPoint","urlTemplate":"https:\/\/www.ogrodolszanica.pl\/?s={search_term_string}"},"query-input":"required name=search_term_string"}],"inLanguage":"pl-PL"},{"@type":"ImageObject","inLanguage":"pl-PL","@id":"https:\/\/www.ogrodolszanica.pl\/index.php\/produkt\/trytoma-poco-orange\/#primaryimage","url":"https:\/\/i0.wp.com\/www.ogrodolszanica.pl\/wp-content\/uploads\/2023\/08\/kniphofia-poco-orange_4.jpg?fit=433%2C650&ssl=1","contentUrl":"https:\/\/i0.wp.com\/www.ogrodolszanica.pl\/wp-content\/uploads\/2023\/08\/kniphofia-poco-orange_4.jpg?fit=433%2C650&ssl=1","width":433,"height":650},{"@type":"WebPage","@id":"https:\/\/www.ogrodolszanica.pl\/index.php\/produkt\/trytoma-poco-orange\/#webpage","url":"https:\/\/www.ogrodolszanica.pl\/index.php\/produkt\/trytoma-poco-orange\/","name":"Trytoma Poco Orange - Ogr&oacute;d Olszanica","isPartOf":{"@id":"https:\/\/www.ogrodolszanica.pl\/#website"},"primaryImageOfPage":{"@id":"https:\/\/www.ogrodolszanica.pl\/index.php\/produkt\/trytoma-poco-orange\/#primaryimage"},"datePublished":"2023-08-26T16:13:10+00:00","dateModified":"2026-03-07T19:48:41+00:00","breadcrumb":{"@id":"https:\/\/www.ogrodolszanica.pl\/index.php\/produkt\/trytoma-poco-orange\/#breadcrumb"},"inLanguage":"pl-PL","potentialAction":[{"@type":"ReadAction","target":["https:\/\/www.ogrodolszanica.pl\/index.php\/produkt\/trytoma-poco-orange\/"]}]},{"@type":"BreadcrumbList","@id":"https:\/\/www.ogrodolszanica.pl\/index.php\/produkt\/trytoma-poco-orange\/#breadcrumb","itemListElement":[{"@type":"ListItem","position":1,"name":"Strona g\u0142\u00f3wna","item":"https:\/\/www.ogrodolszanica.pl\/"},{"@type":"ListItem","position":2,"name":"Produkty","item":"https:\/\/www.ogrodolszanica.pl\/index.php\/shop\/"},{"@type":"ListItem","position":3,"name":"Trytoma Poco Orange"}]}]}},"jetpack-related-posts":[{"id":2691,"url":"https:\/\/www.ogrodolszanica.pl\/index.php\/produkt\/trytoma-poco-citron\/","url_meta":{"origin":2449,"position":0},"title":"Trytoma Poco Citron","date":"31 stycznia, 2024","format":false,"excerpt":"Trytoma Poco Citron Odmiana 'Poco Citron' to ro\u015blina idealna do pojemnik\u00f3w oraz ma\u0142ych ogrod\u00f3w. Koralowoczerwone kwiaty kwitn\u0105 przez ca\u0142e lato, a\u017c do jesieni. Kwiatostany s\u0105 wype\u0142nione nektarem, co czyni j\u0105 niezwykle atrakcyjn\u0105 dla wszelkich owad\u00f3w zapylaj\u0105cych. Rodzaj: Trytoma Barwa: Cytrynowa szeroko\u015b\u0107: 30 cm wysoko\u015b\u0107: 50\u00a0cm wysoko\u015b\u0107 (kwitnienie): 50\u00a0cm kwitnienie: lipiec\u2026","rel":"","context":"Similar post","img":{"alt_text":"","src":"https:\/\/i0.wp.com\/www.ogrodolszanica.pl\/wp-content\/uploads\/2024\/01\/byliny-i-trawy_poco_79931_2.jpg?fit=433%2C650&ssl=1&resize=350%2C200","width":350,"height":200},"classes":[]},{"id":1485,"url":"https:\/\/www.ogrodolszanica.pl\/index.php\/produkt\/jezowka-delicious-nougat\/","url_meta":{"origin":2449,"position":1},"title":"Je\u017c\u00f3wka Delicious Nougat","date":"7 lipca, 2022","format":false,"excerpt":"Je\u017c\u00f3wka Delicious Nougat Jedna z najlepszych odmian Echinacea, wielokrotnie nagradzana i doceniona przez wielu ogrodnik\u00f3w. Posiada pi\u0119kne\u00a0pe\u0142ne kwiatostany zmieniaj\u0105ce kolor w czasie kwitnienia od zielonego przez bia\u0142o-limonkowy do bia\u0142ego. Odmiana bardzo dobrze si\u0119 krzewi i kwitnie bardzo obficie.\u00a0Silne ciemnozielone \u0142odygi os\u0142aniane s\u0105 przez ciemnozieloneb\u0142yszcz\u0105ce li\u015bcie. W pe\u0142ni zimotrwa\u0142a i d\u0142ugowieczna.\u2026","rel":"","context":"Similar post","img":{"alt_text":"","src":"https:\/\/i0.wp.com\/www.ogrodolszanica.pl\/wp-content\/uploads\/2022\/07\/byliny-i-trawy_double-short_77431_1.jpg?fit=650%2C650&ssl=1&resize=350%2C200","width":350,"height":200},"classes":[]},{"id":1581,"url":"https:\/\/www.ogrodolszanica.pl\/index.php\/produkt\/kocimietka-walkers-low\/","url_meta":{"origin":2449,"position":2},"title":"Kocimi\u0119tka Walker&#8217;s Low","date":"12 lipca, 2022","format":false,"excerpt":"Kocimi\u0119tka Walker's Low Kocimi\u0119tka jest uporz\u0105dkowanego pokroju bylin\u0105, z szarozielonym ubarwieniem drobnych li\u015bci. Na wierzcho\u0142kach p\u0119d\u00f3w przez ca\u0142e lato i wczesn\u0105 jesie\u0144 ukazuj\u0105 si\u0119 purpurowo niebieskie kwiaty, odwiedzane przez motyle. Wszystkie kocimi\u0119tki po potarciu li\u015bci wydaj\u0105 specyficzny zio\u0142owy zapach. Rodzaj: Kocimi\u0119tka Barwa: Fioletowo-niebieski szeroko\u015b\u0107: 40\u00a0cm wysoko\u015b\u0107: 50\u00a0cm wysoko\u015b\u0107 (kwitnienie): 70\u2026","rel":"","context":"Similar post","img":{"alt_text":"","src":"https:\/\/i0.wp.com\/www.ogrodolszanica.pl\/wp-content\/uploads\/2022\/07\/byliny-i-trawy_nepeta-kocimietka_79938_1.jpg?fit=650%2C650&ssl=1&resize=350%2C200","width":350,"height":200},"classes":[]},{"id":2362,"url":"https:\/\/www.ogrodolszanica.pl\/index.php\/produkt\/zurawka-champagne\/","url_meta":{"origin":2449,"position":3},"title":"\u017burawka Champagne","date":"21 lipca, 2023","format":false,"excerpt":"\u017burawka Champagne Odmiana \u017curawki o li\u015bciach \u015bredniej wielko\u015bci. Li\u015bcie z wiekiem zmieniaj\u0105 swoj\u0105 barw\u0119 od brzoskwiniowo-r\u00f3\u017cowych do bursztynowo-z\u0142otych. Jasnor\u00f3\u017cowe kwiaty osadzone na borowych p\u0119dach pojawiaj\u0105 si\u0119 przez ca\u0142e lato. Rodzaj: \u017burawka Barwa: Bursztynowa z ciemniejszymi nerwami szeroko\u015b\u0107: 35\u00a0cm wysoko\u015b\u0107: 30\u00a0cm wysoko\u015b\u0107 (kwitnienie): 35\u00a0cm kwitnienie: maj \u00f7 pa\u017adziernik stanowisko: p\u00f3\u0142cieniste, cieniste\u2026","rel":"","context":"Similar post","img":{"alt_text":"","src":"https:\/\/i0.wp.com\/www.ogrodolszanica.pl\/wp-content\/uploads\/2023\/07\/heuchera-champagne_73054_1.jpg?fit=650%2C650&ssl=1&resize=350%2C200","width":350,"height":200},"classes":[]},{"id":1688,"url":"https:\/\/www.ogrodolszanica.pl\/index.php\/produkt\/turzyca-oszimska-evergold\/","url_meta":{"origin":2449,"position":4},"title":"Turzyca Oszimska Evergold","date":"17 lipca, 2022","format":false,"excerpt":"Turzyca Oszimska Evergold Zimozielona odmiana turzycy o kremowo-bia\u0142ych li\u015bciach z ciemnozielonym brzegiem, intensywnie wybarwionych przez ca\u0142y sezon, nawet zim\u0105. Najlepiej ro\u015bnie na wilgotnych stanowiskach, tak\u017ce nad wod\u0105. Rodzaj: Turzyca oszimska Barwa: Jasnozielony szeroko\u015b\u0107: 30\u00a0cm wysoko\u015b\u0107: 25\u00a0cm wysoko\u015b\u0107 (kwitnienie): 25 cm kwitnienie: kwiecie\u0144 \u00f7 czerwiec stanowisko: s\u0142oneczne, p\u00f3\u0142cieniste Dobierz odpowiednie pod\u0142o\u017ce\u2026","rel":"","context":"Similar post","img":{"alt_text":"","src":"https:\/\/i0.wp.com\/www.ogrodolszanica.pl\/wp-content\/uploads\/2022\/07\/byliny-i-trawy_carex_79889_1.jpg?fit=650%2C650&ssl=1&resize=350%2C200","width":350,"height":200},"classes":[]},{"id":2559,"url":"https:\/\/www.ogrodolszanica.pl\/index.php\/produkt\/slonecznica-jewel-of-desert-amethyst\/","url_meta":{"origin":2449,"position":5},"title":"S\u0142onecznica Jewel of Desert Amethyst","date":"23 stycznia, 2024","format":false,"excerpt":"S\u0142onecznica Jewel of Desert Amethyst Ten wyj\u0105tkowy Przypo\u0142udnik kwitnie przez ca\u0142e lato. Liczne kwiatostany rozwijaj\u0105 si\u0119 w formie r\u00f3\u017cowej rozety z bia\u0142o-\u017c\u00f3\u0142tym \u015brodkiem. Nie toleruje zbyt du\u017cej wilgoci i preferuje s\u0142oneczne stanowisko. Ro\u015blina ta jest bardzo \u0142atwa w uprawie. Rodzaj: Delosperma Barwa: R\u00f3\u017cowa z oczkiem szeroko\u015b\u0107: 25\u00a0cm wysoko\u015b\u0107: 10\u00a0cm wysoko\u015b\u0107\u2026","rel":"","context":"Similar post","img":{"alt_text":"","src":"https:\/\/i0.wp.com\/www.ogrodolszanica.pl\/wp-content\/uploads\/2024\/01\/byliny-i-trawy_jewel-of-desert_78169_1.jpg?fit=650%2C650&ssl=1&resize=350%2C200","width":350,"height":200},"classes":[]}],"_links":{"self":[{"href":"https:\/\/www.ogrodolszanica.pl\/index.php\/wp-json\/wp\/v2\/product\/2449","targetHints":{"allow":["GET"]}}],"collection":[{"href":"https:\/\/www.ogrodolszanica.pl\/index.php\/wp-json\/wp\/v2\/product"}],"about":[{"href":"https:\/\/www.ogrodolszanica.pl\/index.php\/wp-json\/wp\/v2\/types\/product"}],"replies":[{"embeddable":true,"href":"https:\/\/www.ogrodolszanica.pl\/index.php\/wp-json\/wp\/v2\/comments?post=2449"}],"wp:featuredmedia":[{"embeddable":true,"href":"https:\/\/www.ogrodolszanica.pl\/index.php\/wp-json\/wp\/v2\/media\/2450"}],"wp:attachment":[{"href":"https:\/\/www.ogrodolszanica.pl\/index.php\/wp-json\/wp\/v2\/media?parent=2449"}],"wp:term":[{"taxonomy":"product_cat","embeddable":true,"href":"https:\/\/www.ogrodolszanica.pl\/index.php\/wp-json\/wp\/v2\/product_cat?post=2449"},{"taxonomy":"product_tag","embeddable":true,"href":"https:\/\/www.ogrodolszanica.pl\/index.php\/wp-json\/wp\/v2\/product_tag?post=2449"}],"curies":[{"name":"wp","href":"https:\/\/api.w.org\/{rel}","templated":true}]}}