{"id":2401,"date":"2023-08-23T09:01:35","date_gmt":"2023-08-23T09:01:35","guid":{"rendered":"https:\/\/www.ogrodolszanica.pl\/?post_type=product&#038;p=2401"},"modified":"2026-03-07T19:51:05","modified_gmt":"2026-03-07T19:51:05","slug":"wrzos-bialy","status":"publish","type":"product","link":"https:\/\/www.ogrodolszanica.pl\/index.php\/produkt\/wrzos-bialy\/","title":{"rendered":"Wrzos Bia\u0142y"},"content":{"rendered":"<h2 style=\"text-align: center;\">Wrzos Bia\u0142y<\/h2>\n<ul>\n<li>Rodzaj: Wrzos<\/li>\n<li>Barwa: Bia\u0142a<\/li>\n<li>\n<div>szeroko\u015b\u0107: <strong>ok 40 cm<\/strong><\/div>\n<\/li>\n<li>\n<div><b><\/b>wysoko\u015b\u0107: <strong>ok<\/strong> <strong>30<\/strong><b>\u00a0cm<\/b><b><\/b><\/div>\n<\/li>\n<li>\n<div class=\"row\">\n<div class=\"col-6\">wysoko\u015b\u0107 (kwitnienie):\u00a0<strong>ok 40 cm<\/strong><\/div>\n<\/div>\n<\/li>\n<li><b><\/b>kwitnienie: <strong>sierpie\u0144<\/strong><b> \u00f7 pa\u017adziernik<\/b><\/li>\n<li>\n<div><b><\/b>stanowisko: <b>s\u0142oneczne<\/b><\/div>\n<\/li>\n<\/ul>\n<p>Dobierz odpowiednie pod\u0142o\u017ce z wybranych produkt\u00f3w w naszym sklepie: <a href=\"https:\/\/www.ogrodolszanica.pl\/index.php\/kategoria-produktu\/zin\/\">Pod\u0142o\u017ca<\/a><\/p>\n<p>&nbsp;<\/p>\n<p>&nbsp;<\/p>\n","protected":false},"excerpt":{"rendered":"<p>Wrzos Bia\u0142y Rodzaj: Wrzos Barwa: Bia\u0142a szeroko\u015b\u0107: ok 40 cm wysoko\u015b\u0107: ok 30\u00a0cm wysoko\u015b\u0107 (kwitnienie):\u00a0ok 40 cm kwitnienie: sierpie\u0144 \u00f7 pa\u017adziernik stanowisko: s\u0142oneczne Dobierz odpowiednie pod\u0142o\u017ce z wybranych produkt\u00f3w w naszym sklepie: Pod\u0142o\u017ca &nbsp; &nbsp;<\/p>\n","protected":false},"featured_media":2402,"comment_status":"open","ping_status":"closed","template":"","meta":{"site-sidebar-layout":"default","site-content-layout":"default","ast-global-header-display":"","ast-main-header-display":"","ast-hfb-above-header-display":"","ast-hfb-below-header-display":"","ast-hfb-mobile-header-display":"","site-post-title":"","ast-breadcrumbs-content":"","ast-featured-img":"","footer-sml-layout":"","theme-transparent-header-meta":"default","adv-header-id-meta":"","stick-header-meta":"","header-above-stick-meta":"","header-main-stick-meta":"","header-below-stick-meta":"","spay_email":""},"product_cat":[29,20,92],"product_tag":[],"class_list":["post-2401","product","type-product","status-publish","has-post-thumbnail","hentry","product_cat-byliny","product_cat-rosliny","product_cat-wrzosy"],"yoast_head":"<!-- This site is optimized with the Yoast SEO plugin v19.2 - https:\/\/yoast.com\/wordpress\/plugins\/seo\/ -->\n<title>Wrzos Bia\u0142y - Ogr&oacute;d Olszanica<\/title>\n<meta name=\"robots\" content=\"index, follow, max-snippet:-1, max-image-preview:large, max-video-preview:-1\" \/>\n<link rel=\"canonical\" href=\"https:\/\/www.ogrodolszanica.pl\/index.php\/produkt\/wrzos-bialy\/\" \/>\n<meta property=\"og:locale\" content=\"pl_PL\" \/>\n<meta property=\"og:type\" content=\"article\" \/>\n<meta property=\"og:title\" content=\"Wrzos Bia\u0142y - Ogr&oacute;d Olszanica\" \/>\n<meta property=\"og:description\" content=\"Wrzos Bia\u0142y Rodzaj: Wrzos Barwa: Bia\u0142a szeroko\u015b\u0107: ok 40 cm wysoko\u015b\u0107: ok 30\u00a0cm wysoko\u015b\u0107 (kwitnienie):\u00a0ok 40 cm kwitnienie: sierpie\u0144 \u00f7 pa\u017adziernik stanowisko: s\u0142oneczne Dobierz odpowiednie pod\u0142o\u017ce z wybranych produkt\u00f3w w naszym sklepie: Pod\u0142o\u017ca &nbsp; &nbsp;\" \/>\n<meta property=\"og:url\" content=\"https:\/\/www.ogrodolszanica.pl\/index.php\/produkt\/wrzos-bialy\/\" \/>\n<meta property=\"og:site_name\" content=\"Ogr&oacute;d Olszanica\" \/>\n<meta property=\"article:publisher\" content=\"https:\/\/www.facebook.com\/Ogrd-Olszanica-100807179225223\" \/>\n<meta property=\"article:modified_time\" content=\"2026-03-07T19:51:05+00:00\" \/>\n<meta property=\"og:image\" content=\"https:\/\/www.ogrodolszanica.pl\/wp-content\/uploads\/2023\/08\/image1.jpegmaxwidth2559.7000554800034maxheight1291.jpg\" \/>\n\t<meta property=\"og:image:width\" content=\"1291\" \/>\n\t<meta property=\"og:image:height\" content=\"1721\" \/>\n\t<meta property=\"og:image:type\" content=\"image\/jpeg\" \/>\n<meta name=\"author\" content=\"admin\" \/>\n<meta name=\"twitter:card\" content=\"summary_large_image\" \/>\n<meta name=\"twitter:label1\" content=\"Szacowany czas czytania\" \/>\n\t<meta name=\"twitter:data1\" content=\"1 minuta\" \/>\n<script type=\"application\/ld+json\" class=\"yoast-schema-graph\">{\"@context\":\"https:\/\/schema.org\",\"@graph\":[{\"@type\":\"Organization\",\"@id\":\"https:\/\/www.ogrodolszanica.pl\/#organization\",\"name\":\"Ogr\u00f3d Olszanica - Krakowskie Centrum Ogrodnicze\",\"url\":\"https:\/\/www.ogrodolszanica.pl\/\",\"sameAs\":[\"https:\/\/www.facebook.com\/Ogrd-Olszanica-100807179225223\"],\"logo\":{\"@type\":\"ImageObject\",\"inLanguage\":\"pl-PL\",\"@id\":\"https:\/\/www.ogrodolszanica.pl\/#\/schema\/logo\/image\/\",\"url\":\"http:\/\/www.ogrodolszanica.pl\/wp-content\/uploads\/2022\/06\/Ogrod-Olszanica1-1.png\",\"contentUrl\":\"http:\/\/www.ogrodolszanica.pl\/wp-content\/uploads\/2022\/06\/Ogrod-Olszanica1-1.png\",\"width\":180,\"height\":60,\"caption\":\"Ogr\u00f3d Olszanica - Krakowskie Centrum Ogrodnicze\"},\"image\":{\"@id\":\"https:\/\/www.ogrodolszanica.pl\/#\/schema\/logo\/image\/\"}},{\"@type\":\"WebSite\",\"@id\":\"https:\/\/www.ogrodolszanica.pl\/#website\",\"url\":\"https:\/\/www.ogrodolszanica.pl\/\",\"name\":\"Ogr&oacute;d Olszanica\",\"description\":\"Centrum Ogrodnicze Krak&oacute;w\",\"publisher\":{\"@id\":\"https:\/\/www.ogrodolszanica.pl\/#organization\"},\"potentialAction\":[{\"@type\":\"SearchAction\",\"target\":{\"@type\":\"EntryPoint\",\"urlTemplate\":\"https:\/\/www.ogrodolszanica.pl\/?s={search_term_string}\"},\"query-input\":\"required name=search_term_string\"}],\"inLanguage\":\"pl-PL\"},{\"@type\":\"ImageObject\",\"inLanguage\":\"pl-PL\",\"@id\":\"https:\/\/www.ogrodolszanica.pl\/index.php\/produkt\/wrzos-bialy\/#primaryimage\",\"url\":\"https:\/\/i0.wp.com\/www.ogrodolszanica.pl\/wp-content\/uploads\/2023\/08\/image1.jpegmaxwidth2559.7000554800034maxheight1291.jpg?fit=1291%2C1721&ssl=1\",\"contentUrl\":\"https:\/\/i0.wp.com\/www.ogrodolszanica.pl\/wp-content\/uploads\/2023\/08\/image1.jpegmaxwidth2559.7000554800034maxheight1291.jpg?fit=1291%2C1721&ssl=1\",\"width\":1291,\"height\":1721},{\"@type\":\"WebPage\",\"@id\":\"https:\/\/www.ogrodolszanica.pl\/index.php\/produkt\/wrzos-bialy\/#webpage\",\"url\":\"https:\/\/www.ogrodolszanica.pl\/index.php\/produkt\/wrzos-bialy\/\",\"name\":\"Wrzos Bia\u0142y - Ogr&oacute;d Olszanica\",\"isPartOf\":{\"@id\":\"https:\/\/www.ogrodolszanica.pl\/#website\"},\"primaryImageOfPage\":{\"@id\":\"https:\/\/www.ogrodolszanica.pl\/index.php\/produkt\/wrzos-bialy\/#primaryimage\"},\"datePublished\":\"2023-08-23T09:01:35+00:00\",\"dateModified\":\"2026-03-07T19:51:05+00:00\",\"breadcrumb\":{\"@id\":\"https:\/\/www.ogrodolszanica.pl\/index.php\/produkt\/wrzos-bialy\/#breadcrumb\"},\"inLanguage\":\"pl-PL\",\"potentialAction\":[{\"@type\":\"ReadAction\",\"target\":[\"https:\/\/www.ogrodolszanica.pl\/index.php\/produkt\/wrzos-bialy\/\"]}]},{\"@type\":\"BreadcrumbList\",\"@id\":\"https:\/\/www.ogrodolszanica.pl\/index.php\/produkt\/wrzos-bialy\/#breadcrumb\",\"itemListElement\":[{\"@type\":\"ListItem\",\"position\":1,\"name\":\"Strona g\u0142\u00f3wna\",\"item\":\"https:\/\/www.ogrodolszanica.pl\/\"},{\"@type\":\"ListItem\",\"position\":2,\"name\":\"Produkty\",\"item\":\"https:\/\/www.ogrodolszanica.pl\/index.php\/shop\/\"},{\"@type\":\"ListItem\",\"position\":3,\"name\":\"Wrzos Bia\u0142y\"}]}]}<\/script>\n<!-- \/ Yoast SEO plugin. -->","yoast_head_json":{"title":"Wrzos Bia\u0142y - Ogr&oacute;d Olszanica","robots":{"index":"index","follow":"follow","max-snippet":"max-snippet:-1","max-image-preview":"max-image-preview:large","max-video-preview":"max-video-preview:-1"},"canonical":"https:\/\/www.ogrodolszanica.pl\/index.php\/produkt\/wrzos-bialy\/","og_locale":"pl_PL","og_type":"article","og_title":"Wrzos Bia\u0142y - Ogr&oacute;d Olszanica","og_description":"Wrzos Bia\u0142y Rodzaj: Wrzos Barwa: Bia\u0142a szeroko\u015b\u0107: ok 40 cm wysoko\u015b\u0107: ok 30\u00a0cm wysoko\u015b\u0107 (kwitnienie):\u00a0ok 40 cm kwitnienie: sierpie\u0144 \u00f7 pa\u017adziernik stanowisko: s\u0142oneczne Dobierz odpowiednie pod\u0142o\u017ce z wybranych produkt\u00f3w w naszym sklepie: Pod\u0142o\u017ca &nbsp; &nbsp;","og_url":"https:\/\/www.ogrodolszanica.pl\/index.php\/produkt\/wrzos-bialy\/","og_site_name":"Ogr&oacute;d Olszanica","article_publisher":"https:\/\/www.facebook.com\/Ogrd-Olszanica-100807179225223","article_modified_time":"2026-03-07T19:51:05+00:00","og_image":[{"width":1291,"height":1721,"url":"https:\/\/www.ogrodolszanica.pl\/wp-content\/uploads\/2023\/08\/image1.jpegmaxwidth2559.7000554800034maxheight1291.jpg","type":"image\/jpeg"}],"author":"admin","twitter_card":"summary_large_image","twitter_misc":{"Szacowany czas czytania":"1 minuta"},"schema":{"@context":"https:\/\/schema.org","@graph":[{"@type":"Organization","@id":"https:\/\/www.ogrodolszanica.pl\/#organization","name":"Ogr\u00f3d Olszanica - Krakowskie Centrum Ogrodnicze","url":"https:\/\/www.ogrodolszanica.pl\/","sameAs":["https:\/\/www.facebook.com\/Ogrd-Olszanica-100807179225223"],"logo":{"@type":"ImageObject","inLanguage":"pl-PL","@id":"https:\/\/www.ogrodolszanica.pl\/#\/schema\/logo\/image\/","url":"http:\/\/www.ogrodolszanica.pl\/wp-content\/uploads\/2022\/06\/Ogrod-Olszanica1-1.png","contentUrl":"http:\/\/www.ogrodolszanica.pl\/wp-content\/uploads\/2022\/06\/Ogrod-Olszanica1-1.png","width":180,"height":60,"caption":"Ogr\u00f3d Olszanica - Krakowskie Centrum Ogrodnicze"},"image":{"@id":"https:\/\/www.ogrodolszanica.pl\/#\/schema\/logo\/image\/"}},{"@type":"WebSite","@id":"https:\/\/www.ogrodolszanica.pl\/#website","url":"https:\/\/www.ogrodolszanica.pl\/","name":"Ogr&oacute;d Olszanica","description":"Centrum Ogrodnicze Krak&oacute;w","publisher":{"@id":"https:\/\/www.ogrodolszanica.pl\/#organization"},"potentialAction":[{"@type":"SearchAction","target":{"@type":"EntryPoint","urlTemplate":"https:\/\/www.ogrodolszanica.pl\/?s={search_term_string}"},"query-input":"required name=search_term_string"}],"inLanguage":"pl-PL"},{"@type":"ImageObject","inLanguage":"pl-PL","@id":"https:\/\/www.ogrodolszanica.pl\/index.php\/produkt\/wrzos-bialy\/#primaryimage","url":"https:\/\/i0.wp.com\/www.ogrodolszanica.pl\/wp-content\/uploads\/2023\/08\/image1.jpegmaxwidth2559.7000554800034maxheight1291.jpg?fit=1291%2C1721&ssl=1","contentUrl":"https:\/\/i0.wp.com\/www.ogrodolszanica.pl\/wp-content\/uploads\/2023\/08\/image1.jpegmaxwidth2559.7000554800034maxheight1291.jpg?fit=1291%2C1721&ssl=1","width":1291,"height":1721},{"@type":"WebPage","@id":"https:\/\/www.ogrodolszanica.pl\/index.php\/produkt\/wrzos-bialy\/#webpage","url":"https:\/\/www.ogrodolszanica.pl\/index.php\/produkt\/wrzos-bialy\/","name":"Wrzos Bia\u0142y - Ogr&oacute;d Olszanica","isPartOf":{"@id":"https:\/\/www.ogrodolszanica.pl\/#website"},"primaryImageOfPage":{"@id":"https:\/\/www.ogrodolszanica.pl\/index.php\/produkt\/wrzos-bialy\/#primaryimage"},"datePublished":"2023-08-23T09:01:35+00:00","dateModified":"2026-03-07T19:51:05+00:00","breadcrumb":{"@id":"https:\/\/www.ogrodolszanica.pl\/index.php\/produkt\/wrzos-bialy\/#breadcrumb"},"inLanguage":"pl-PL","potentialAction":[{"@type":"ReadAction","target":["https:\/\/www.ogrodolszanica.pl\/index.php\/produkt\/wrzos-bialy\/"]}]},{"@type":"BreadcrumbList","@id":"https:\/\/www.ogrodolszanica.pl\/index.php\/produkt\/wrzos-bialy\/#breadcrumb","itemListElement":[{"@type":"ListItem","position":1,"name":"Strona g\u0142\u00f3wna","item":"https:\/\/www.ogrodolszanica.pl\/"},{"@type":"ListItem","position":2,"name":"Produkty","item":"https:\/\/www.ogrodolszanica.pl\/index.php\/shop\/"},{"@type":"ListItem","position":3,"name":"Wrzos Bia\u0142y"}]}]}},"jetpack-related-posts":[{"id":2405,"url":"https:\/\/www.ogrodolszanica.pl\/index.php\/produkt\/wrzos-jasnorozowy\/","url_meta":{"origin":2401,"position":0},"title":"Wrzos Jasnor\u00f3\u017cowy","date":"23 sierpnia, 2023","format":false,"excerpt":"Wrzos Jasnor\u00f3\u017cowy Rodzaj: Wrzos Barwa: Jasnor\u00f3\u017cowa szeroko\u015b\u0107: ok 40 cm wysoko\u015b\u0107: ok 30\u00a0cm wysoko\u015b\u0107 (kwitnienie):\u00a0ok 40 cm kwitnienie: sierpie\u0144 \u00f7 pa\u017adziernik stanowisko: s\u0142oneczne Dobierz odpowiednie pod\u0142o\u017ce z wybranych produkt\u00f3w w naszym sklepie: Pod\u0142o\u017ca \u00a0 \u00a0","rel":"","context":"Similar post","img":{"alt_text":"","src":"https:\/\/i0.wp.com\/www.ogrodolszanica.pl\/wp-content\/uploads\/2023\/08\/image2.jpegmaxwidth2559.7000554800034maxheight1291.jpg?fit=900%2C1200&ssl=1&resize=350%2C200","width":350,"height":200},"classes":[]},{"id":2403,"url":"https:\/\/www.ogrodolszanica.pl\/index.php\/produkt\/wrzos-zielony\/","url_meta":{"origin":2401,"position":1},"title":"Wrzos Zielony","date":"23 sierpnia, 2023","format":false,"excerpt":"Wrzos Zielony Rodzaj: Wrzos Barwa: Zielona szeroko\u015b\u0107: ok 40 cm wysoko\u015b\u0107: ok 30\u00a0cm wysoko\u015b\u0107 (kwitnienie):\u00a0ok 40 cm kwitnienie: sierpie\u0144 \u00f7 pa\u017adziernik stanowisko: s\u0142oneczne Dobierz odpowiednie pod\u0142o\u017ce z wybranych produkt\u00f3w w naszym sklepie: Pod\u0142o\u017ca \u00a0 \u00a0","rel":"","context":"Similar post","img":{"alt_text":"","src":"https:\/\/i0.wp.com\/www.ogrodolszanica.pl\/wp-content\/uploads\/2023\/08\/image0.jpegmaxwidth2559.7000554800034maxheight1291.jpg?fit=900%2C1200&ssl=1&resize=350%2C200","width":350,"height":200},"classes":[]},{"id":2406,"url":"https:\/\/www.ogrodolszanica.pl\/index.php\/produkt\/wrzos-ciemnorozowy\/","url_meta":{"origin":2401,"position":2},"title":"Wrzos Ciemnor\u00f3\u017cowy","date":"23 sierpnia, 2023","format":false,"excerpt":"Wrzos Ciemnor\u00f3\u017cowy Rodzaj: Wrzos Barwa: Ciemnor\u00f3\u017cowa szeroko\u015b\u0107: ok 40 cm wysoko\u015b\u0107: ok 30\u00a0cm wysoko\u015b\u0107 (kwitnienie):\u00a0ok 40 cm kwitnienie: sierpie\u0144 \u00f7 pa\u017adziernik stanowisko: s\u0142oneczne Dobierz odpowiednie pod\u0142o\u017ce z wybranych produkt\u00f3w w naszym sklepie: Pod\u0142o\u017ca \u00a0 \u00a0","rel":"","context":"Similar post","img":{"alt_text":"","src":"https:\/\/i0.wp.com\/www.ogrodolszanica.pl\/wp-content\/uploads\/2023\/08\/image4.jpegmaxwidth2559.7000554800034maxheight1291.jpg?fit=900%2C1200&ssl=1&resize=350%2C200","width":350,"height":200},"classes":[]},{"id":1962,"url":"https:\/\/www.ogrodolszanica.pl\/index.php\/produkt\/wrzos-pospolity\/","url_meta":{"origin":2401,"position":3},"title":"Wrzos Pospolity","date":"16 sierpnia, 2022","format":false,"excerpt":"Wrzos Pospolity Wrzos pospolity\u00a0jest szczeg\u00f3lnie ceniony jest za obfite kwitnienie. Kolory drobnych beczu\u0142kowatych kwiat\u00f3w, podobnie jak i li\u015bci, r\u00f3\u017cni\u0105 si\u0119 od siebie w zale\u017cno\u015bci od odmiany.\u00a0Mog\u0105 mie\u0107 r\u00f3\u017cne odcienie\u00a0fioletu (z kt\u00f3rego s\u0105 najbardziej znane) ale wyst\u0119puj\u0105 r\u00f3wnie\u017c w bieli, r\u00f3\u017cu, a nawet czerwieni. Rodzaj: Wrzos Barwa: Wielokolorowe szeroko\u015b\u0107: 30 cm\u2026","rel":"","context":"Similar post","img":{"alt_text":"","src":"https:\/\/i0.wp.com\/www.ogrodolszanica.pl\/wp-content\/uploads\/2022\/08\/295761345_1116537045738896_5313285391014310685_n.jpg?fit=900%2C1200&ssl=1&resize=350%2C200","width":350,"height":200},"classes":[]},{"id":2189,"url":"https:\/\/www.ogrodolszanica.pl\/index.php\/produkt\/orlik-crimson-star-2\/","url_meta":{"origin":2401,"position":4},"title":"Orlik Crimson Star","date":"22 maja, 2023","format":false,"excerpt":"Orlik Crimson Star Rodzaj: Orlik Barwa: Karminowo-bia\u0142y szeroko\u015b\u0107: 40 cm wysoko\u015b\u0107: 40\u00a0cm wysoko\u015b\u0107 (kwitnienie): 60\u00a0cm kwitnienie: maj \u00f7 lipiec stanowisko: s\u0142oneczne, p\u00f3\u0142cieniste Dobierz odpowiednie pod\u0142o\u017ce z wybranych produkt\u00f3w w naszym sklepie: Pod\u0142o\u017ca \u00a0 \u00a0","rel":"","context":"Similar post","img":{"alt_text":"","src":"https:\/\/i0.wp.com\/www.ogrodolszanica.pl\/wp-content\/uploads\/2023\/05\/image0.jpegmaxwidth2559.7000554800034maxheight1239.jpg?fit=900%2C1200&ssl=1&resize=350%2C200","width":350,"height":200},"classes":[]},{"id":2289,"url":"https:\/\/www.ogrodolszanica.pl\/index.php\/produkt\/cortaderia-selloana\/","url_meta":{"origin":2401,"position":5},"title":"Trawa Pampasowa","date":"18 czerwca, 2023","format":false,"excerpt":"Trawa Pampasowa Barwa: Bia\u0142y szeroko\u015b\u0107: 100\u00a0cm wysoko\u015b\u0107: 200 cm wysoko\u015b\u0107 (kwitnienie): 300 cm kwitnienie: wrzesie\u0144 \u00f7 pa\u017adziernik stanowisko: s\u0142oneczne Dobierz odpowiednie pod\u0142o\u017ce z wybranych produkt\u00f3w w naszym sklepie: Pod\u0142o\u017ca \u00a0 \u00a0","rel":"","context":"Similar post","img":{"alt_text":"","src":"https:\/\/i0.wp.com\/www.ogrodolszanica.pl\/wp-content\/uploads\/2023\/06\/cortaderia-selloana_1-1.jpg?fit=450%2C450&ssl=1&resize=350%2C200","width":350,"height":200},"classes":[]}],"_links":{"self":[{"href":"https:\/\/www.ogrodolszanica.pl\/index.php\/wp-json\/wp\/v2\/product\/2401","targetHints":{"allow":["GET"]}}],"collection":[{"href":"https:\/\/www.ogrodolszanica.pl\/index.php\/wp-json\/wp\/v2\/product"}],"about":[{"href":"https:\/\/www.ogrodolszanica.pl\/index.php\/wp-json\/wp\/v2\/types\/product"}],"replies":[{"embeddable":true,"href":"https:\/\/www.ogrodolszanica.pl\/index.php\/wp-json\/wp\/v2\/comments?post=2401"}],"wp:featuredmedia":[{"embeddable":true,"href":"https:\/\/www.ogrodolszanica.pl\/index.php\/wp-json\/wp\/v2\/media\/2402"}],"wp:attachment":[{"href":"https:\/\/www.ogrodolszanica.pl\/index.php\/wp-json\/wp\/v2\/media?parent=2401"}],"wp:term":[{"taxonomy":"product_cat","embeddable":true,"href":"https:\/\/www.ogrodolszanica.pl\/index.php\/wp-json\/wp\/v2\/product_cat?post=2401"},{"taxonomy":"product_tag","embeddable":true,"href":"https:\/\/www.ogrodolszanica.pl\/index.php\/wp-json\/wp\/v2\/product_tag?post=2401"}],"curies":[{"name":"wp","href":"https:\/\/api.w.org\/{rel}","templated":true}]}}