{"id":2349,"date":"2023-07-21T15:43:18","date_gmt":"2023-07-21T15:43:18","guid":{"rendered":"https:\/\/www.ogrodolszanica.pl\/?post_type=product&#038;p=2349"},"modified":"2026-03-07T19:53:25","modified_gmt":"2026-03-07T19:53:25","slug":"jezowka-kismet-yellow","status":"publish","type":"product","link":"https:\/\/www.ogrodolszanica.pl\/index.php\/produkt\/jezowka-kismet-yellow\/","title":{"rendered":"Je\u017c\u00f3wka Kismet Yellow"},"content":{"rendered":"<h1 style=\"text-align: center;\">Je\u017c\u00f3wka Kismet Yellow<\/h1>\n<p>Ciemne \u0142odygi pi\u0119knie kontrastuj\u0105 ze z\u0142oto-\u017c\u00f3\u0142tymi, horyzontalnie u\u0142o\u017conymi kwiatami. Wyj\u0105tkowo pi\u0119kne w grupie z innymi je\u017c\u00f3wkami. Preferowane miejsce s\u0142oneczne o przepuszczalnej glebie z dobrym drena\u017cem. Nale\u017cy mocno nawadnia\u0107, szczeg\u00f3lnie latem. Oczyszczenie na wiosn\u0119 pomo\u017ce w przezimowaniu.<\/p>\n<ul>\n<li>Rodzaj: Je\u017c\u00f3wka<\/li>\n<li>Barwa: \u017b\u00f3\u0142ta<\/li>\n<li>\n<div>szeroko\u015b\u0107: <strong>35<\/strong><b>\u00a0cm<\/b><\/div>\n<\/li>\n<li>\n<div><b><\/b>wysoko\u015b\u0107: <strong>30<\/strong><b>\u00a0cm<\/b><\/div>\n<\/li>\n<li>\n<div><b><\/b>wysoko\u015b\u0107 (kwitnienie): <strong>55<\/strong><b>\u00a0cm<\/b><\/div>\n<\/li>\n<li>\n<div><b><\/b>kwitnienie: <b>czerwiec \u00f7 wrzesie\u0144<\/b><\/div>\n<\/li>\n<li>\n<div><b><\/b>stanowisko: <strong>s\u0142oneczne<\/strong><\/div>\n<\/li>\n<\/ul>\n<p>Dobierz odpowiednie pod\u0142o\u017ce z wybranych produkt\u00f3w w naszym sklepie: <a href=\"https:\/\/www.ogrodolszanica.pl\/index.php\/kategoria-produktu\/zin\/\">Pod\u0142o\u017ca<\/a><\/p>\n<p>&nbsp;<\/p>\n","protected":false},"excerpt":{"rendered":"<p>Je\u017c\u00f3wka Kismet Yellow Ciemne \u0142odygi pi\u0119knie kontrastuj\u0105 ze z\u0142oto-\u017c\u00f3\u0142tymi, horyzontalnie u\u0142o\u017conymi kwiatami. Wyj\u0105tkowo pi\u0119kne w grupie z innymi je\u017c\u00f3wkami. Preferowane miejsce s\u0142oneczne o przepuszczalnej glebie z dobrym drena\u017cem. Nale\u017cy mocno nawadnia\u0107, szczeg\u00f3lnie latem. Oczyszczenie na wiosn\u0119 pomo\u017ce w przezimowaniu. Rodzaj: Je\u017c\u00f3wka Barwa: \u017b\u00f3\u0142ta szeroko\u015b\u0107: 35\u00a0cm wysoko\u015b\u0107: 30\u00a0cm wysoko\u015b\u0107 (kwitnienie): 55\u00a0cm kwitnienie: czerwiec \u00f7 wrzesie\u0144 stanowisko: &hellip;<\/p>\n<p class=\"read-more\"> <a class=\"\" href=\"https:\/\/www.ogrodolszanica.pl\/index.php\/produkt\/jezowka-kismet-yellow\/\"> <span class=\"screen-reader-text\">Je\u017c\u00f3wka Kismet Yellow<\/span> Read More &raquo;<\/a><\/p>\n","protected":false},"featured_media":2350,"comment_status":"open","ping_status":"closed","template":"","meta":{"site-sidebar-layout":"default","site-content-layout":"default","ast-global-header-display":"","ast-main-header-display":"","ast-hfb-above-header-display":"","ast-hfb-below-header-display":"","ast-hfb-mobile-header-display":"","site-post-title":"","ast-breadcrumbs-content":"","ast-featured-img":"","footer-sml-layout":"","theme-transparent-header-meta":"default","adv-header-id-meta":"","stick-header-meta":"","header-above-stick-meta":"","header-main-stick-meta":"","header-below-stick-meta":"","spay_email":""},"product_cat":[29,74,20],"product_tag":[],"class_list":["post-2349","product","type-product","status-publish","has-post-thumbnail","hentry","product_cat-byliny","product_cat-jezowki","product_cat-rosliny"],"yoast_head":"<!-- This site is optimized with the Yoast SEO plugin v19.2 - https:\/\/yoast.com\/wordpress\/plugins\/seo\/ -->\n<title>Je\u017c\u00f3wka Kismet Yellow - Ogr&oacute;d Olszanica<\/title>\n<meta name=\"robots\" content=\"index, follow, max-snippet:-1, max-image-preview:large, max-video-preview:-1\" \/>\n<link rel=\"canonical\" href=\"https:\/\/www.ogrodolszanica.pl\/index.php\/produkt\/jezowka-kismet-yellow\/\" \/>\n<meta property=\"og:locale\" content=\"pl_PL\" \/>\n<meta property=\"og:type\" content=\"article\" \/>\n<meta property=\"og:title\" content=\"Je\u017c\u00f3wka Kismet Yellow - Ogr&oacute;d Olszanica\" \/>\n<meta property=\"og:description\" content=\"Je\u017c\u00f3wka Kismet Yellow Ciemne \u0142odygi pi\u0119knie kontrastuj\u0105 ze z\u0142oto-\u017c\u00f3\u0142tymi, horyzontalnie u\u0142o\u017conymi kwiatami. Wyj\u0105tkowo pi\u0119kne w grupie z innymi je\u017c\u00f3wkami. Preferowane miejsce s\u0142oneczne o przepuszczalnej glebie z dobrym drena\u017cem. Nale\u017cy mocno nawadnia\u0107, szczeg\u00f3lnie latem. Oczyszczenie na wiosn\u0119 pomo\u017ce w przezimowaniu. Rodzaj: Je\u017c\u00f3wka Barwa: \u017b\u00f3\u0142ta szeroko\u015b\u0107: 35\u00a0cm wysoko\u015b\u0107: 30\u00a0cm wysoko\u015b\u0107 (kwitnienie): 55\u00a0cm kwitnienie: czerwiec \u00f7 wrzesie\u0144 stanowisko: &hellip; Je\u017c\u00f3wka Kismet Yellow Read More &raquo;\" \/>\n<meta property=\"og:url\" content=\"https:\/\/www.ogrodolszanica.pl\/index.php\/produkt\/jezowka-kismet-yellow\/\" \/>\n<meta property=\"og:site_name\" content=\"Ogr&oacute;d Olszanica\" \/>\n<meta property=\"article:publisher\" content=\"https:\/\/www.facebook.com\/Ogrd-Olszanica-100807179225223\" \/>\n<meta property=\"article:modified_time\" content=\"2026-03-07T19:53:25+00:00\" \/>\n<meta property=\"og:image\" content=\"https:\/\/www.ogrodolszanica.pl\/wp-content\/uploads\/2023\/07\/byliny-i-trawy_standard-medium_77445_1.jpg\" \/>\n\t<meta property=\"og:image:width\" content=\"650\" \/>\n\t<meta property=\"og:image:height\" content=\"650\" \/>\n\t<meta property=\"og:image:type\" content=\"image\/jpeg\" \/>\n<meta name=\"author\" content=\"admin\" \/>\n<meta name=\"twitter:card\" content=\"summary_large_image\" \/>\n<meta name=\"twitter:label1\" content=\"Szacowany czas czytania\" \/>\n\t<meta name=\"twitter:data1\" content=\"1 minuta\" \/>\n<script type=\"application\/ld+json\" class=\"yoast-schema-graph\">{\"@context\":\"https:\/\/schema.org\",\"@graph\":[{\"@type\":\"Organization\",\"@id\":\"https:\/\/www.ogrodolszanica.pl\/#organization\",\"name\":\"Ogr\u00f3d Olszanica - Krakowskie Centrum Ogrodnicze\",\"url\":\"https:\/\/www.ogrodolszanica.pl\/\",\"sameAs\":[\"https:\/\/www.facebook.com\/Ogrd-Olszanica-100807179225223\"],\"logo\":{\"@type\":\"ImageObject\",\"inLanguage\":\"pl-PL\",\"@id\":\"https:\/\/www.ogrodolszanica.pl\/#\/schema\/logo\/image\/\",\"url\":\"http:\/\/www.ogrodolszanica.pl\/wp-content\/uploads\/2022\/06\/Ogrod-Olszanica1-1.png\",\"contentUrl\":\"http:\/\/www.ogrodolszanica.pl\/wp-content\/uploads\/2022\/06\/Ogrod-Olszanica1-1.png\",\"width\":180,\"height\":60,\"caption\":\"Ogr\u00f3d Olszanica - Krakowskie Centrum Ogrodnicze\"},\"image\":{\"@id\":\"https:\/\/www.ogrodolszanica.pl\/#\/schema\/logo\/image\/\"}},{\"@type\":\"WebSite\",\"@id\":\"https:\/\/www.ogrodolszanica.pl\/#website\",\"url\":\"https:\/\/www.ogrodolszanica.pl\/\",\"name\":\"Ogr&oacute;d Olszanica\",\"description\":\"Centrum Ogrodnicze Krak&oacute;w\",\"publisher\":{\"@id\":\"https:\/\/www.ogrodolszanica.pl\/#organization\"},\"potentialAction\":[{\"@type\":\"SearchAction\",\"target\":{\"@type\":\"EntryPoint\",\"urlTemplate\":\"https:\/\/www.ogrodolszanica.pl\/?s={search_term_string}\"},\"query-input\":\"required name=search_term_string\"}],\"inLanguage\":\"pl-PL\"},{\"@type\":\"ImageObject\",\"inLanguage\":\"pl-PL\",\"@id\":\"https:\/\/www.ogrodolszanica.pl\/index.php\/produkt\/jezowka-kismet-yellow\/#primaryimage\",\"url\":\"https:\/\/i0.wp.com\/www.ogrodolszanica.pl\/wp-content\/uploads\/2023\/07\/byliny-i-trawy_standard-medium_77445_1.jpg?fit=650%2C650&ssl=1\",\"contentUrl\":\"https:\/\/i0.wp.com\/www.ogrodolszanica.pl\/wp-content\/uploads\/2023\/07\/byliny-i-trawy_standard-medium_77445_1.jpg?fit=650%2C650&ssl=1\",\"width\":650,\"height\":650},{\"@type\":\"WebPage\",\"@id\":\"https:\/\/www.ogrodolszanica.pl\/index.php\/produkt\/jezowka-kismet-yellow\/#webpage\",\"url\":\"https:\/\/www.ogrodolszanica.pl\/index.php\/produkt\/jezowka-kismet-yellow\/\",\"name\":\"Je\u017c\u00f3wka Kismet Yellow - Ogr&oacute;d Olszanica\",\"isPartOf\":{\"@id\":\"https:\/\/www.ogrodolszanica.pl\/#website\"},\"primaryImageOfPage\":{\"@id\":\"https:\/\/www.ogrodolszanica.pl\/index.php\/produkt\/jezowka-kismet-yellow\/#primaryimage\"},\"datePublished\":\"2023-07-21T15:43:18+00:00\",\"dateModified\":\"2026-03-07T19:53:25+00:00\",\"breadcrumb\":{\"@id\":\"https:\/\/www.ogrodolszanica.pl\/index.php\/produkt\/jezowka-kismet-yellow\/#breadcrumb\"},\"inLanguage\":\"pl-PL\",\"potentialAction\":[{\"@type\":\"ReadAction\",\"target\":[\"https:\/\/www.ogrodolszanica.pl\/index.php\/produkt\/jezowka-kismet-yellow\/\"]}]},{\"@type\":\"BreadcrumbList\",\"@id\":\"https:\/\/www.ogrodolszanica.pl\/index.php\/produkt\/jezowka-kismet-yellow\/#breadcrumb\",\"itemListElement\":[{\"@type\":\"ListItem\",\"position\":1,\"name\":\"Strona g\u0142\u00f3wna\",\"item\":\"https:\/\/www.ogrodolszanica.pl\/\"},{\"@type\":\"ListItem\",\"position\":2,\"name\":\"Produkty\",\"item\":\"https:\/\/www.ogrodolszanica.pl\/index.php\/shop\/\"},{\"@type\":\"ListItem\",\"position\":3,\"name\":\"Je\u017c\u00f3wka Kismet Yellow\"}]}]}<\/script>\n<!-- \/ Yoast SEO plugin. -->","yoast_head_json":{"title":"Je\u017c\u00f3wka Kismet Yellow - Ogr&oacute;d Olszanica","robots":{"index":"index","follow":"follow","max-snippet":"max-snippet:-1","max-image-preview":"max-image-preview:large","max-video-preview":"max-video-preview:-1"},"canonical":"https:\/\/www.ogrodolszanica.pl\/index.php\/produkt\/jezowka-kismet-yellow\/","og_locale":"pl_PL","og_type":"article","og_title":"Je\u017c\u00f3wka Kismet Yellow - Ogr&oacute;d Olszanica","og_description":"Je\u017c\u00f3wka Kismet Yellow Ciemne \u0142odygi pi\u0119knie kontrastuj\u0105 ze z\u0142oto-\u017c\u00f3\u0142tymi, horyzontalnie u\u0142o\u017conymi kwiatami. Wyj\u0105tkowo pi\u0119kne w grupie z innymi je\u017c\u00f3wkami. Preferowane miejsce s\u0142oneczne o przepuszczalnej glebie z dobrym drena\u017cem. Nale\u017cy mocno nawadnia\u0107, szczeg\u00f3lnie latem. Oczyszczenie na wiosn\u0119 pomo\u017ce w przezimowaniu. Rodzaj: Je\u017c\u00f3wka Barwa: \u017b\u00f3\u0142ta szeroko\u015b\u0107: 35\u00a0cm wysoko\u015b\u0107: 30\u00a0cm wysoko\u015b\u0107 (kwitnienie): 55\u00a0cm kwitnienie: czerwiec \u00f7 wrzesie\u0144 stanowisko: &hellip; Je\u017c\u00f3wka Kismet Yellow Read More &raquo;","og_url":"https:\/\/www.ogrodolszanica.pl\/index.php\/produkt\/jezowka-kismet-yellow\/","og_site_name":"Ogr&oacute;d Olszanica","article_publisher":"https:\/\/www.facebook.com\/Ogrd-Olszanica-100807179225223","article_modified_time":"2026-03-07T19:53:25+00:00","og_image":[{"width":650,"height":650,"url":"https:\/\/www.ogrodolszanica.pl\/wp-content\/uploads\/2023\/07\/byliny-i-trawy_standard-medium_77445_1.jpg","type":"image\/jpeg"}],"author":"admin","twitter_card":"summary_large_image","twitter_misc":{"Szacowany czas czytania":"1 minuta"},"schema":{"@context":"https:\/\/schema.org","@graph":[{"@type":"Organization","@id":"https:\/\/www.ogrodolszanica.pl\/#organization","name":"Ogr\u00f3d Olszanica - Krakowskie Centrum Ogrodnicze","url":"https:\/\/www.ogrodolszanica.pl\/","sameAs":["https:\/\/www.facebook.com\/Ogrd-Olszanica-100807179225223"],"logo":{"@type":"ImageObject","inLanguage":"pl-PL","@id":"https:\/\/www.ogrodolszanica.pl\/#\/schema\/logo\/image\/","url":"http:\/\/www.ogrodolszanica.pl\/wp-content\/uploads\/2022\/06\/Ogrod-Olszanica1-1.png","contentUrl":"http:\/\/www.ogrodolszanica.pl\/wp-content\/uploads\/2022\/06\/Ogrod-Olszanica1-1.png","width":180,"height":60,"caption":"Ogr\u00f3d Olszanica - Krakowskie Centrum Ogrodnicze"},"image":{"@id":"https:\/\/www.ogrodolszanica.pl\/#\/schema\/logo\/image\/"}},{"@type":"WebSite","@id":"https:\/\/www.ogrodolszanica.pl\/#website","url":"https:\/\/www.ogrodolszanica.pl\/","name":"Ogr&oacute;d Olszanica","description":"Centrum Ogrodnicze Krak&oacute;w","publisher":{"@id":"https:\/\/www.ogrodolszanica.pl\/#organization"},"potentialAction":[{"@type":"SearchAction","target":{"@type":"EntryPoint","urlTemplate":"https:\/\/www.ogrodolszanica.pl\/?s={search_term_string}"},"query-input":"required name=search_term_string"}],"inLanguage":"pl-PL"},{"@type":"ImageObject","inLanguage":"pl-PL","@id":"https:\/\/www.ogrodolszanica.pl\/index.php\/produkt\/jezowka-kismet-yellow\/#primaryimage","url":"https:\/\/i0.wp.com\/www.ogrodolszanica.pl\/wp-content\/uploads\/2023\/07\/byliny-i-trawy_standard-medium_77445_1.jpg?fit=650%2C650&ssl=1","contentUrl":"https:\/\/i0.wp.com\/www.ogrodolszanica.pl\/wp-content\/uploads\/2023\/07\/byliny-i-trawy_standard-medium_77445_1.jpg?fit=650%2C650&ssl=1","width":650,"height":650},{"@type":"WebPage","@id":"https:\/\/www.ogrodolszanica.pl\/index.php\/produkt\/jezowka-kismet-yellow\/#webpage","url":"https:\/\/www.ogrodolszanica.pl\/index.php\/produkt\/jezowka-kismet-yellow\/","name":"Je\u017c\u00f3wka Kismet Yellow - Ogr&oacute;d Olszanica","isPartOf":{"@id":"https:\/\/www.ogrodolszanica.pl\/#website"},"primaryImageOfPage":{"@id":"https:\/\/www.ogrodolszanica.pl\/index.php\/produkt\/jezowka-kismet-yellow\/#primaryimage"},"datePublished":"2023-07-21T15:43:18+00:00","dateModified":"2026-03-07T19:53:25+00:00","breadcrumb":{"@id":"https:\/\/www.ogrodolszanica.pl\/index.php\/produkt\/jezowka-kismet-yellow\/#breadcrumb"},"inLanguage":"pl-PL","potentialAction":[{"@type":"ReadAction","target":["https:\/\/www.ogrodolszanica.pl\/index.php\/produkt\/jezowka-kismet-yellow\/"]}]},{"@type":"BreadcrumbList","@id":"https:\/\/www.ogrodolszanica.pl\/index.php\/produkt\/jezowka-kismet-yellow\/#breadcrumb","itemListElement":[{"@type":"ListItem","position":1,"name":"Strona g\u0142\u00f3wna","item":"https:\/\/www.ogrodolszanica.pl\/"},{"@type":"ListItem","position":2,"name":"Produkty","item":"https:\/\/www.ogrodolszanica.pl\/index.php\/shop\/"},{"@type":"ListItem","position":3,"name":"Je\u017c\u00f3wka Kismet Yellow"}]}]}},"jetpack-related-posts":[{"id":2513,"url":"https:\/\/www.ogrodolszanica.pl\/index.php\/produkt\/jezowka-sunmagic-fantastic-yellow\/","url_meta":{"origin":2349,"position":0},"title":"Je\u017c\u00f3wka SunMagic Fantastic Yellow","date":"28 sierpnia, 2023","format":false,"excerpt":"Je\u017c\u00f3wka SunMagic Fantastic Yellow Przepi\u0119kna je\u017c\u00f3wka, wyr\u00f3\u017cnia si\u0119 obfito\u015bci\u0105 kwitnienia oraz intensywnym kolorem du\u017cych kwiatostan\u00f3w. Bardzo d\u0142ugie kwitnienie, dorasta do 60 cm. Preferuje gleby lekkie i przepuszczalne oraz stanowiska s\u0142oneczne lub p\u00f3\u0142cieniste. Przyci\u0105ga owady zapylaj\u0105ce. W pe\u0142ni mrozoodporna i ma\u0142o wymagaj\u0105ca odmiana. rodzaj: Je\u017c\u00f3wka barwa: \u017b\u00f3\u0142ta szeroko\u015b\u0107: 35\u00a0cm wysoko\u015b\u0107: 45\u00a0cm\u2026","rel":"","context":"Similar post","img":{"alt_text":"","src":"https:\/\/i0.wp.com\/www.ogrodolszanica.pl\/wp-content\/uploads\/2023\/08\/echinacea-sunmagic-fantastic-yellow_3.jpg?fit=434%2C650&ssl=1&resize=350%2C200","width":350,"height":200},"classes":[]},{"id":2717,"url":"https:\/\/www.ogrodolszanica.pl\/index.php\/produkt\/jezowka-echinacea-purpurea-strawberry-and-cream\/","url_meta":{"origin":2349,"position":1},"title":"Je\u017c\u00f3wka Strawberry and Cream","date":"31 stycznia, 2024","format":false,"excerpt":"Je\u017c\u00f3wka Strawberry and Cream Ta je\u017c\u00f3wka to magnes na pszczo\u0142y i motyle. Preferuje stanowisko s\u0142oneczne o dobrym drena\u017cu. Oczyszcza\u0107 dopiero wiosn\u0105, aby pom\u00f3c ro\u015blinie przezimowa\u0107. Rodzaj: Je\u017c\u00f3wka Barwa: Bia\u0142o- karminowa szeroko\u015b\u0107: 40\u00a0cm wysoko\u015b\u0107: 20\u00a0cm wysoko\u015b\u0107 (kwitnienie): 50\u00a0cm kwitnienie: czerwiec \u00f7 wrzesie\u0144 stanowisko: s\u0142oneczne Dobierz odpowiednie pod\u0142o\u017ce z wybranych produkt\u00f3w w\u2026","rel":"","context":"Similar post","img":{"alt_text":"","src":"https:\/\/i0.wp.com\/www.ogrodolszanica.pl\/wp-content\/uploads\/2024\/01\/echinacea-strawberry-and-cream_4.jpg?fit=434%2C650&ssl=1&resize=350%2C200","width":350,"height":200},"classes":[]},{"id":2657,"url":"https:\/\/www.ogrodolszanica.pl\/index.php\/produkt\/jezowka-echinacea-purpurea-parrot\/","url_meta":{"origin":2349,"position":2},"title":"Je\u017c\u00f3wka Parrot","date":"30 stycznia, 2024","format":false,"excerpt":"Je\u017c\u00f3wka Parrot \u00a0 Ta je\u017c\u00f3wka to spektakularna nowo\u015b\u0107! \u017b\u00f3\u0142to-czerwonep\u0142omieniste du\u017ce kwiaty na mocnych \u0142odygach ciesz\u0105oko\u00a0od czerwca do wrze\u015bnia. Preferowane miejsces\u0142oneczne\u00a0o przepuszczalnej glebie z dobrym\u00a0drena\u017cem.\u00a0Nale\u017cy mocno nawadnia\u0107, szczeg\u00f3lnie\u00a0latem.\u00a0Oczyszczanie na wiosn\u0119\u00a0pomo\u017ce w przezimowaniu. Rodzaj: Je\u017c\u00f3wka Barwa: \u017b\u00f3\u0142ta z czerwonym \u015brodkiem szeroko\u015b\u0107: 40\u00a0cm wysoko\u015b\u0107: 30\u00a0cm wysoko\u015b\u0107 (kwitnienie): 45\u00a0cm kwitnienie: czerwiec \u00f7 wrzesie\u0144 stanowisko:\u2026","rel":"","context":"Similar post","img":{"alt_text":"","src":"https:\/\/i0.wp.com\/www.ogrodolszanica.pl\/wp-content\/uploads\/2024\/01\/echinacea-parrot_4.jpg?fit=435%2C650&ssl=1&resize=350%2C200","width":350,"height":200},"classes":[]},{"id":2884,"url":"https:\/\/www.ogrodolszanica.pl\/index.php\/produkt\/jezowka-virgin\/","url_meta":{"origin":2349,"position":3},"title":"Je\u017c\u00f3wka Virgin","date":"10 sierpnia, 2024","format":false,"excerpt":"Je\u017c\u00f3wka Virgin \u00a0 Prawdziwie bia\u0142a odmian. Du\u017ce \u015anie\u017cnobia\u0142e kwiaty otaczaj\u0105 ciemnozielony \u015brodek. Kwiaty sprawiaj\u0105 wra\u017cenie lekko zaostrzonych na ko\u0144cach. Wygl\u0105da zachwycaj\u0105co w ka\u017cdym ogrodzie czy kompozycji. Dobra i wytrzyma\u0142a odmiana Rodzaj: Je\u017c\u00f3wka Barwa: Bia\u0142a szeroko\u015b\u0107: 25\u00a0cm wysoko\u015b\u0107: 30\u00a0cm wysoko\u015b\u0107 (kwitnienie): 60\u00a0cm kwitnienie: czerwiec \u00f7 sierpie\u0144 stanowisko: s\u0142oneczne Dobierz odpowiednie pod\u0142o\u017ce\u2026","rel":"","context":"Similar post","img":{"alt_text":"","src":"","width":0,"height":0},"classes":[]},{"id":1564,"url":"https:\/\/www.ogrodolszanica.pl\/index.php\/produkt\/jezowka-purpurowa-powwow-white\/","url_meta":{"origin":2349,"position":4},"title":"Je\u017c\u00f3wka Purpurowa PowWow White","date":"12 lipca, 2022","format":false,"excerpt":"Je\u017c\u00f3wka Purpurowa PowWow White Je\u017c\u00f3wka purpurowa o bia\u0142ych kwiatach to ogrodowy klasyk. Seria PowWow to ro\u015bliny bardziej zwarte, ni\u017cszej wysoko\u015bci w por\u00f3wnaniu ze standardowymi odmianami dla gatunku je\u017c\u0119wki. Rodzaj: Je\u017c\u00f3wka Barwa: Ciemno-zielony szeroko\u015b\u0107: 30\u00a0cm wysoko\u015b\u0107: 40\u00a0cm wysoko\u015b\u0107 (kwitnienie): 60\u00a0cm kwitnienie: czerwiec \u00f7 sierpie\u0144 stanowisko: s\u0142oneczne, p\u00f3\u0142cieniste Dobierz odpowiednie pod\u0142o\u017ce z\u2026","rel":"","context":"Similar post","img":{"alt_text":"","src":"https:\/\/i0.wp.com\/www.ogrodolszanica.pl\/wp-content\/uploads\/2022\/07\/Echinacea-purpurea-PowWow-White_18099_2_JPEG_Cm_14_18_RGB_72.jpeg?fit=339%2C510&ssl=1&resize=350%2C200","width":350,"height":200},"classes":[]},{"id":1540,"url":"https:\/\/www.ogrodolszanica.pl\/index.php\/produkt\/jezowka-echinacea-julia\/","url_meta":{"origin":2349,"position":5},"title":"Je\u017c\u00f3wka Julia","date":"11 lipca, 2022","format":false,"excerpt":"Je\u017c\u00f3wka Echinacea Julia Julia to mocna odmiana, b\u0119d\u0105ca podparciem dla pojedynczych, wyrazistych kwiat\u00f3w w odcieniu mandarynkowego pomara\u0144czu z ciemniejszym \u015brodkiem. Ro\u015blina tworzy \u015bredniej wielko\u015bci kompaktow\u0105 k\u0119p\u0119, nadaje si\u0119 do g\u0119stych obsadze\u0144 obw\u00f3dek. Nazw\u0119 otrzyma\u0142a po pi\u0119knym, europejskim motylu, tak\u017ce i ona rozja\u015bni ka\u017cdy ogr\u00f3d. Rodzaj: Je\u017c\u00f3wka Barwa: Pomara\u0144cz szeroko\u015b\u0107: 30\u00a0cm\u2026","rel":"","context":"Similar post","img":{"alt_text":"","src":"https:\/\/i0.wp.com\/www.ogrodolszanica.pl\/wp-content\/uploads\/2022\/07\/byliny-i-trawy_standard-short_79299_1.jpg?fit=650%2C650&ssl=1&resize=350%2C200","width":350,"height":200},"classes":[]}],"_links":{"self":[{"href":"https:\/\/www.ogrodolszanica.pl\/index.php\/wp-json\/wp\/v2\/product\/2349","targetHints":{"allow":["GET"]}}],"collection":[{"href":"https:\/\/www.ogrodolszanica.pl\/index.php\/wp-json\/wp\/v2\/product"}],"about":[{"href":"https:\/\/www.ogrodolszanica.pl\/index.php\/wp-json\/wp\/v2\/types\/product"}],"replies":[{"embeddable":true,"href":"https:\/\/www.ogrodolszanica.pl\/index.php\/wp-json\/wp\/v2\/comments?post=2349"}],"wp:featuredmedia":[{"embeddable":true,"href":"https:\/\/www.ogrodolszanica.pl\/index.php\/wp-json\/wp\/v2\/media\/2350"}],"wp:attachment":[{"href":"https:\/\/www.ogrodolszanica.pl\/index.php\/wp-json\/wp\/v2\/media?parent=2349"}],"wp:term":[{"taxonomy":"product_cat","embeddable":true,"href":"https:\/\/www.ogrodolszanica.pl\/index.php\/wp-json\/wp\/v2\/product_cat?post=2349"},{"taxonomy":"product_tag","embeddable":true,"href":"https:\/\/www.ogrodolszanica.pl\/index.php\/wp-json\/wp\/v2\/product_tag?post=2349"}],"curies":[{"name":"wp","href":"https:\/\/api.w.org\/{rel}","templated":true}]}}