{"id":2325,"date":"2023-07-21T15:17:15","date_gmt":"2023-07-21T15:17:15","guid":{"rendered":"https:\/\/www.ogrodolszanica.pl\/?post_type=product&#038;p=2325"},"modified":"2026-03-07T19:54:38","modified_gmt":"2026-03-07T19:54:38","slug":"floks-pro-violet-charm","status":"publish","type":"product","link":"https:\/\/www.ogrodolszanica.pl\/index.php\/produkt\/floks-pro-violet-charm\/","title":{"rendered":"Floks Pro Violet Charm"},"content":{"rendered":"<div class=\"mpof_ki myre_zn myre_8v_l m389_6m_l\">\n<div class=\"mp4t_16_s mryx_16_s mr3m_1 mli2_1 mh85_56 mh85_0_l\">\n<div class=\"mgn2_16 _0d3bd_am0a-\">\n<h1>Floks wiechowaty Flame Pro Violet Charm Phlox paniculata<\/h1>\n<p>Odmiana floksa z serii Flame, kt\u00f3ra charakteryzuje si\u0119 kompaktowym i wzniesionym pokrojem. Osi\u0105ga niewielkie rozmiary dorastaj\u0105c do 50 cm wysoko\u015bci i takiej samej \u015brednicy. Bylina zawdzi\u0119cza sw\u0105 atrakcyjno\u015b\u0107 uroczym, purpurowo-fioletowym kwiatom, pojawiaj\u0105cym si\u0119 licznie. Floks wiechowaty Flame 'Violet Charm&#8217; ze wzgl\u0119du na swoje d\u0142ugie i zachwycaj\u0105ce kwitnienie b\u0119dzie wspania\u0142\u0105 dekoracj\u0105 wyeksponowanych miejsc w ogrodzie. Dodatkowo wspaniale pachnie przyci\u0105gaj\u0105c mn\u00f3stwo motyli. Floks wiechowaty potrzebuje gleby \u017cyznej i stale wilgotnej. Miejsce do uprawy powinno by\u0107 jasne, s\u0142oneczne b\u0105d\u017a co najwy\u017cej p\u00f3\u0142 cieniste, nie sprawia k\u0142opot\u00f3w w uprawie i zimowaniu. Po kwitnieniu warto mocno przyci\u0105\u0107 p\u0119dy, co wymusi powt\u00f3rne kwitnienie na koniec lata.<\/p>\n<ul>\n<li>Rodzaj:\u00a0<b>floks wiechowaty<\/b><\/li>\n<li>Stanowisko:\u00a0<b>s\u0142oneczne<\/b>\u00a0\u2600\ufe0f,\u00a0<b>p\u00f3\u0142cieniste<\/b><\/li>\n<li>Podlewanie:\u00a0<b>obfite<\/b><\/li>\n<li>Barwa kwiatu:\u00a0<b>purpurowo-fioletowy<\/b><\/li>\n<li>Barwa li\u015bci:\u00a0<b>zielone<\/b><\/li>\n<li>Szeroko\u015b\u0107 \u2b05\ufe0f\u27a1\ufe0f:\u00a0<b>30-40\u00a0cm<\/b><\/li>\n<li>Wysoko\u015b\u0107 kwitnienia \u2b06\ufe0f:\u00a0<b>40-50 cm<\/b><\/li>\n<li>Okres kwitnienia \u27a1\ufe0f\u2b05\ufe0f:\u00a0<b>lipiec \u00f7 wrzesie\u0144<\/b><\/li>\n<li>Mrozoodporno\u015b\u0107:\u00a0<b>tak<\/b><\/li>\n<li>Ro\u015blina wieloletnia:\u00a0<b>tak<\/b><\/li>\n<\/ul>\n<\/div>\n<\/div>\n<div class=\"mp4t_16_s mryx_16_s mr3m_1 mli2_1 mh85_56 mh85_0_l\">\n<div class=\"mg9e_8 mj7a_8 mg9e_0_s mvrt_0_s mj7a_0_s mh36_0_s mzmg_6m munh_16_l m3h2_16_l\">\n<div class=\"mp4t_0 mryx_0 munh_56 m3h2_56\">\n<div class=\"mp7g_oh\"><button class=\"mg9e_0 mvrt_0 mj7a_0 mh36_0 mp4t_0 m3h2_0 mryx_0 munh_0 mqen_m6 mpof_z0 mx7m_0 m7er_k4 mse2_k4 msts_pt\" data-analytics-interaction=\"true\" data-analytics-interaction-label=\"zoomable-image-open\" aria-disabled=\"true\"><img decoding=\"async\" class=\"msub_k4 mupj_5k mjru_k4 mse2_k4 mp7g_f6 mq1m_0 mj7u_0 m7er_k4 mqen_m6 m31c_d8 m0ux_fp lazyloaded\" src=\"https:\/\/a.allegroimg.com\/original\/112bc4\/4fffd2514d97b13a4247102bb87d\/Floks-Pro-Violet-Charm-fioletowe-kwiaty-pieknie-kwitnace-duza-sadzonka-Producent-nieznany-producent\" sizes=\"(min-width: 1200px) 560px, (min-width: 992px) 50vw, 100vw\" srcset=\"https:\/\/a.allegroimg.com\/s360\/112bc4\/4fffd2514d97b13a4247102bb87d\/Floks-Pro-Violet-Charm-fioletowe-kwiaty-pieknie-kwitnace-duza-sadzonka-Producent-nieznany-producent 270w,https:\/\/a.allegroimg.com\/s720\/112bc4\/4fffd2514d97b13a4247102bb87d\/Floks-Pro-Violet-Charm-fioletowe-kwiaty-pieknie-kwitnace-duza-sadzonka-Producent-nieznany-producent 540w,https:\/\/a.allegroimg.com\/s1024\/112bc4\/4fffd2514d97b13a4247102bb87d\/Floks-Pro-Violet-Charm-fioletowe-kwiaty-pieknie-kwitnace-duza-sadzonka-Producent-nieznany-producent 768w,https:\/\/a.allegroimg.com\/s1440\/112bc4\/4fffd2514d97b13a4247102bb87d\/Floks-Pro-Violet-Charm-fioletowe-kwiaty-pieknie-kwitnace-duza-sadzonka-Producent-nieznany-producent 1080w,https:\/\/a.allegroimg.com\/original\/112bc4\/4fffd2514d97b13a4247102bb87d\/Floks-Pro-Violet-Charm-fioletowe-kwiaty-pieknie-kwitnace-duza-sadzonka-Producent-nieznany-producent 1239w\" alt=\"Floks Pro Violet Charm fioletowe kwiaty pi\u0119knie kwitn\u0105ce du\u017ca sadzonka Producent nieznany producent\" width=\"1239px\" data-srcset=\"\" \/><\/button><\/div>\n<\/div>\n<\/div>\n<\/div>\n<\/div>\n<div class=\"mpof_ki myre_zn myre_8v_l m389_6m_l\">\n<div class=\"mp4t_16_s mryx_16_s mr3m_1 mli2_1 mh85_56 mh85_0_l\">\n<div class=\"mgn2_16 _0d3bd_am0a-\">\n<h1>Uwaga \u2757\u2757\u2757<\/h1>\n<p><b>Jedno zdj\u0119cie przedstawia ro\u015blin\u0119 w pe\u0142ni rozwini\u0119t\u0105, a drugie sadzonk\u0119 kt\u00f3ra jest w sprzeda\u017cy.<\/b><\/p>\n<p><b>Jednak \u017ce s\u0105 to \u017cywe ro\u015bliny i z tygodnia na tydzie\u0144 zmieniaj\u0105 sw\u00f3j wygl\u0105d. Mog\u0105 by\u0107 przyci\u0119te, a w okresie kwitnienia mog\u0105 by\u0107 wi\u0119ksze oraz z kwiatami.<\/b><\/p>\n<\/div>\n<\/div>\n<\/div>\n<div class=\"mpof_ki myre_zn myre_8v_l m389_6m_l\">\n<div class=\"mp4t_16_s mryx_16_s mr3m_1 mli2_1 mh85_56 mh85_0_l\">\n<div class=\"mg9e_8 mj7a_8 mg9e_0_s mvrt_0_s mj7a_0_s mh36_0_s mzmg_6m munh_16_l m3h2_16_l\">\n<div class=\"mp4t_0 mryx_0 munh_56 m3h2_56\">\n<div class=\"mp7g_oh\"><button class=\"mg9e_0 mvrt_0 mj7a_0 mh36_0 mp4t_0 m3h2_0 mryx_0 munh_0 mqen_m6 mpof_z0 mx7m_0 m7er_k4 mse2_k4 msts_pt\" data-analytics-interaction=\"true\" data-analytics-interaction-label=\"zoomable-image-open\" aria-disabled=\"true\"><img decoding=\"async\" class=\"msub_k4 mupj_5k mjru_k4 mse2_k4 mp7g_f6 mq1m_0 mj7u_0 m7er_k4 mqen_m6 m31c_d8 m0ux_fp lazyloaded\" src=\"https:\/\/a.allegroimg.com\/original\/1177aa\/8e3f56ca4f7a90fd314897bc0a0d\/Floks-Pro-Violet-Charm-fioletowe-kwiaty-pieknie-kwitnace-duza-sadzonka-Kolor-kwiatow-fioletowy-inny-kolor\" sizes=\"(min-width: 1200px) 560px, (min-width: 992px) 50vw, 100vw\" srcset=\"https:\/\/a.allegroimg.com\/s360\/1177aa\/8e3f56ca4f7a90fd314897bc0a0d\/Floks-Pro-Violet-Charm-fioletowe-kwiaty-pieknie-kwitnace-duza-sadzonka-Kolor-kwiatow-fioletowy-inny-kolor 270w,https:\/\/a.allegroimg.com\/s720\/1177aa\/8e3f56ca4f7a90fd314897bc0a0d\/Floks-Pro-Violet-Charm-fioletowe-kwiaty-pieknie-kwitnace-duza-sadzonka-Kolor-kwiatow-fioletowy-inny-kolor 541w,https:\/\/a.allegroimg.com\/s1024\/1177aa\/8e3f56ca4f7a90fd314897bc0a0d\/Floks-Pro-Violet-Charm-fioletowe-kwiaty-pieknie-kwitnace-duza-sadzonka-Kolor-kwiatow-fioletowy-inny-kolor 770w,https:\/\/a.allegroimg.com\/s1440\/1177aa\/8e3f56ca4f7a90fd314897bc0a0d\/Floks-Pro-Violet-Charm-fioletowe-kwiaty-pieknie-kwitnace-duza-sadzonka-Kolor-kwiatow-fioletowy-inny-kolor 1083w,https:\/\/a.allegroimg.com\/original\/1177aa\/8e3f56ca4f7a90fd314897bc0a0d\/Floks-Pro-Violet-Charm-fioletowe-kwiaty-pieknie-kwitnace-duza-sadzonka-Kolor-kwiatow-fioletowy-inny-kolor 1927w\" alt=\"Floks Pro Violet Charm fioletowe kwiaty pi\u0119knie kwitn\u0105ce du\u017ca sadzonka Kolor kwiat\u00f3w fioletowy inny kolor\" width=\"1927px\" data-srcset=\"\" \/><\/button><\/div>\n<\/div>\n<\/div>\n<\/div>\n<div class=\"mp4t_16_s mryx_16_s mr3m_1 mli2_1 mh85_56 mh85_0_l\">\n<div class=\"mg9e_8 mj7a_8 mg9e_0_s mvrt_0_s mj7a_0_s mh36_0_s mzmg_6m munh_16_l m3h2_16_l\">\n<div class=\"mp4t_0 mryx_0 munh_56 m3h2_56\">\n<div class=\"mp7g_oh\"><button class=\"mg9e_0 mvrt_0 mj7a_0 mh36_0 mp4t_0 m3h2_0 mryx_0 munh_0 mqen_m6 mpof_z0 mx7m_0 m7er_k4 mse2_k4 msts_pt\" data-analytics-interaction=\"true\" data-analytics-interaction-label=\"zoomable-image-open\" aria-disabled=\"true\"><img decoding=\"async\" class=\"msub_k4 mupj_5k mjru_k4 mse2_k4 mp7g_f6 mq1m_0 mj7u_0 m7er_k4 mqen_m6 m31c_d8 m0ux_fp lazyloaded\" src=\"https:\/\/a.allegroimg.com\/original\/11e9b0\/5bc30efc4a8ba8128022af34732f\/Floks-Pro-Violet-Charm-fioletowe-kwiaty-pieknie-kwitnace-duza-sadzonka-Roslina-w-postaci-sadzonka-w-pojemniku-1-2l\" sizes=\"(min-width: 1200px) 560px, (min-width: 992px) 50vw, 100vw\" srcset=\"https:\/\/a.allegroimg.com\/s360\/11e9b0\/5bc30efc4a8ba8128022af34732f\/Floks-Pro-Violet-Charm-fioletowe-kwiaty-pieknie-kwitnace-duza-sadzonka-Roslina-w-postaci-sadzonka-w-pojemniku-1-2l 270w,https:\/\/a.allegroimg.com\/s720\/11e9b0\/5bc30efc4a8ba8128022af34732f\/Floks-Pro-Violet-Charm-fioletowe-kwiaty-pieknie-kwitnace-duza-sadzonka-Roslina-w-postaci-sadzonka-w-pojemniku-1-2l 541w,https:\/\/a.allegroimg.com\/s1024\/11e9b0\/5bc30efc4a8ba8128022af34732f\/Floks-Pro-Violet-Charm-fioletowe-kwiaty-pieknie-kwitnace-duza-sadzonka-Roslina-w-postaci-sadzonka-w-pojemniku-1-2l 770w,https:\/\/a.allegroimg.com\/s1440\/11e9b0\/5bc30efc4a8ba8128022af34732f\/Floks-Pro-Violet-Charm-fioletowe-kwiaty-pieknie-kwitnace-duza-sadzonka-Roslina-w-postaci-sadzonka-w-pojemniku-1-2l 1083w,https:\/\/a.allegroimg.com\/original\/11e9b0\/5bc30efc4a8ba8128022af34732f\/Floks-Pro-Violet-Charm-fioletowe-kwiaty-pieknie-kwitnace-duza-sadzonka-Roslina-w-postaci-sadzonka-w-pojemniku-1-2l 1927w\" alt=\"Floks Pro Violet Charm fioletowe kwiaty pi\u0119knie kwitn\u0105ce du\u017ca sadzonka Ro\u015blina w postaci sadzonka w pojemniku 1-2l\" width=\"1927px\" data-srcset=\"\" \/><\/button><\/div>\n<\/div>\n<\/div>\n<\/div>\n<\/div>\n","protected":false},"excerpt":{"rendered":"<p>Floks wiechowaty Flame Pro Violet Charm Phlox paniculata Odmiana floksa z serii Flame, kt\u00f3ra charakteryzuje si\u0119 kompaktowym i wzniesionym pokrojem. Osi\u0105ga niewielkie rozmiary dorastaj\u0105c do 50 cm wysoko\u015bci i takiej samej \u015brednicy. Bylina zawdzi\u0119cza sw\u0105 atrakcyjno\u015b\u0107 uroczym, purpurowo-fioletowym kwiatom, pojawiaj\u0105cym si\u0119 licznie. Floks wiechowaty Flame 'Violet Charm&#8217; ze wzgl\u0119du na swoje d\u0142ugie i zachwycaj\u0105ce kwitnienie &hellip;<\/p>\n<p class=\"read-more\"> <a class=\"\" href=\"https:\/\/www.ogrodolszanica.pl\/index.php\/produkt\/floks-pro-violet-charm\/\"> <span class=\"screen-reader-text\">Floks Pro Violet Charm<\/span> Read More &raquo;<\/a><\/p>\n","protected":false},"featured_media":3913,"comment_status":"open","ping_status":"closed","template":"","meta":{"site-sidebar-layout":"default","site-content-layout":"default","ast-global-header-display":"","ast-main-header-display":"","ast-hfb-above-header-display":"","ast-hfb-below-header-display":"","ast-hfb-mobile-header-display":"","site-post-title":"","ast-breadcrumbs-content":"","ast-featured-img":"","footer-sml-layout":"","theme-transparent-header-meta":"default","adv-header-id-meta":"","stick-header-meta":"","header-above-stick-meta":"","header-main-stick-meta":"","header-below-stick-meta":"","spay_email":""},"product_cat":[29,65,20],"product_tag":[],"class_list":["post-2325","product","type-product","status-publish","has-post-thumbnail","hentry","product_cat-byliny","product_cat-floksy","product_cat-rosliny"],"yoast_head":"<!-- This site is optimized with the Yoast SEO plugin v19.2 - https:\/\/yoast.com\/wordpress\/plugins\/seo\/ -->\n<title>Floks Pro Violet Charm - Ogr&oacute;d Olszanica<\/title>\n<meta name=\"robots\" content=\"index, follow, max-snippet:-1, max-image-preview:large, max-video-preview:-1\" \/>\n<link rel=\"canonical\" href=\"https:\/\/www.ogrodolszanica.pl\/index.php\/produkt\/floks-pro-violet-charm\/\" \/>\n<meta property=\"og:locale\" content=\"pl_PL\" \/>\n<meta property=\"og:type\" content=\"article\" \/>\n<meta property=\"og:title\" content=\"Floks Pro Violet Charm - Ogr&oacute;d Olszanica\" \/>\n<meta property=\"og:description\" content=\"Floks wiechowaty Flame Pro Violet Charm Phlox paniculata Odmiana floksa z serii Flame, kt\u00f3ra charakteryzuje si\u0119 kompaktowym i wzniesionym pokrojem. Osi\u0105ga niewielkie rozmiary dorastaj\u0105c do 50 cm wysoko\u015bci i takiej samej \u015brednicy. Bylina zawdzi\u0119cza sw\u0105 atrakcyjno\u015b\u0107 uroczym, purpurowo-fioletowym kwiatom, pojawiaj\u0105cym si\u0119 licznie. Floks wiechowaty Flame &#039;Violet Charm&#8217; ze wzgl\u0119du na swoje d\u0142ugie i zachwycaj\u0105ce kwitnienie &hellip; Floks Pro Violet Charm Read More &raquo;\" \/>\n<meta property=\"og:url\" content=\"https:\/\/www.ogrodolszanica.pl\/index.php\/produkt\/floks-pro-violet-charm\/\" \/>\n<meta property=\"og:site_name\" content=\"Ogr&oacute;d Olszanica\" \/>\n<meta property=\"article:publisher\" content=\"https:\/\/www.facebook.com\/Ogrd-Olszanica-100807179225223\" \/>\n<meta property=\"article:modified_time\" content=\"2026-03-07T19:54:38+00:00\" \/>\n<meta property=\"og:image\" content=\"https:\/\/www.ogrodolszanica.pl\/wp-content\/uploads\/2023\/07\/Floks-Pro-Violet-Charm-scaled.jpg\" \/>\n\t<meta property=\"og:image:width\" content=\"1928\" \/>\n\t<meta property=\"og:image:height\" content=\"2560\" \/>\n\t<meta property=\"og:image:type\" content=\"image\/jpeg\" \/>\n<meta name=\"author\" content=\"admin\" \/>\n<meta name=\"twitter:card\" content=\"summary_large_image\" \/>\n<meta name=\"twitter:label1\" content=\"Szacowany czas czytania\" \/>\n\t<meta name=\"twitter:data1\" content=\"1 minuta\" \/>\n<script type=\"application\/ld+json\" class=\"yoast-schema-graph\">{\"@context\":\"https:\/\/schema.org\",\"@graph\":[{\"@type\":\"Organization\",\"@id\":\"https:\/\/www.ogrodolszanica.pl\/#organization\",\"name\":\"Ogr\u00f3d Olszanica - Krakowskie Centrum Ogrodnicze\",\"url\":\"https:\/\/www.ogrodolszanica.pl\/\",\"sameAs\":[\"https:\/\/www.facebook.com\/Ogrd-Olszanica-100807179225223\"],\"logo\":{\"@type\":\"ImageObject\",\"inLanguage\":\"pl-PL\",\"@id\":\"https:\/\/www.ogrodolszanica.pl\/#\/schema\/logo\/image\/\",\"url\":\"http:\/\/www.ogrodolszanica.pl\/wp-content\/uploads\/2022\/06\/Ogrod-Olszanica1-1.png\",\"contentUrl\":\"http:\/\/www.ogrodolszanica.pl\/wp-content\/uploads\/2022\/06\/Ogrod-Olszanica1-1.png\",\"width\":180,\"height\":60,\"caption\":\"Ogr\u00f3d Olszanica - Krakowskie Centrum Ogrodnicze\"},\"image\":{\"@id\":\"https:\/\/www.ogrodolszanica.pl\/#\/schema\/logo\/image\/\"}},{\"@type\":\"WebSite\",\"@id\":\"https:\/\/www.ogrodolszanica.pl\/#website\",\"url\":\"https:\/\/www.ogrodolszanica.pl\/\",\"name\":\"Ogr&oacute;d Olszanica\",\"description\":\"Centrum Ogrodnicze Krak&oacute;w\",\"publisher\":{\"@id\":\"https:\/\/www.ogrodolszanica.pl\/#organization\"},\"potentialAction\":[{\"@type\":\"SearchAction\",\"target\":{\"@type\":\"EntryPoint\",\"urlTemplate\":\"https:\/\/www.ogrodolszanica.pl\/?s={search_term_string}\"},\"query-input\":\"required name=search_term_string\"}],\"inLanguage\":\"pl-PL\"},{\"@type\":\"ImageObject\",\"inLanguage\":\"pl-PL\",\"@id\":\"https:\/\/www.ogrodolszanica.pl\/index.php\/produkt\/floks-pro-violet-charm\/#primaryimage\",\"url\":\"https:\/\/i0.wp.com\/www.ogrodolszanica.pl\/wp-content\/uploads\/2023\/07\/Floks-Pro-Violet-Charm-scaled.jpg?fit=1928%2C2560&ssl=1\",\"contentUrl\":\"https:\/\/i0.wp.com\/www.ogrodolszanica.pl\/wp-content\/uploads\/2023\/07\/Floks-Pro-Violet-Charm-scaled.jpg?fit=1928%2C2560&ssl=1\",\"width\":1928,\"height\":2560},{\"@type\":\"WebPage\",\"@id\":\"https:\/\/www.ogrodolszanica.pl\/index.php\/produkt\/floks-pro-violet-charm\/#webpage\",\"url\":\"https:\/\/www.ogrodolszanica.pl\/index.php\/produkt\/floks-pro-violet-charm\/\",\"name\":\"Floks Pro Violet Charm - Ogr&oacute;d Olszanica\",\"isPartOf\":{\"@id\":\"https:\/\/www.ogrodolszanica.pl\/#website\"},\"primaryImageOfPage\":{\"@id\":\"https:\/\/www.ogrodolszanica.pl\/index.php\/produkt\/floks-pro-violet-charm\/#primaryimage\"},\"datePublished\":\"2023-07-21T15:17:15+00:00\",\"dateModified\":\"2026-03-07T19:54:38+00:00\",\"breadcrumb\":{\"@id\":\"https:\/\/www.ogrodolszanica.pl\/index.php\/produkt\/floks-pro-violet-charm\/#breadcrumb\"},\"inLanguage\":\"pl-PL\",\"potentialAction\":[{\"@type\":\"ReadAction\",\"target\":[\"https:\/\/www.ogrodolszanica.pl\/index.php\/produkt\/floks-pro-violet-charm\/\"]}]},{\"@type\":\"BreadcrumbList\",\"@id\":\"https:\/\/www.ogrodolszanica.pl\/index.php\/produkt\/floks-pro-violet-charm\/#breadcrumb\",\"itemListElement\":[{\"@type\":\"ListItem\",\"position\":1,\"name\":\"Strona g\u0142\u00f3wna\",\"item\":\"https:\/\/www.ogrodolszanica.pl\/\"},{\"@type\":\"ListItem\",\"position\":2,\"name\":\"Produkty\",\"item\":\"https:\/\/www.ogrodolszanica.pl\/index.php\/shop\/\"},{\"@type\":\"ListItem\",\"position\":3,\"name\":\"Floks Pro Violet Charm\"}]}]}<\/script>\n<!-- \/ Yoast SEO plugin. -->","yoast_head_json":{"title":"Floks Pro Violet Charm - Ogr&oacute;d Olszanica","robots":{"index":"index","follow":"follow","max-snippet":"max-snippet:-1","max-image-preview":"max-image-preview:large","max-video-preview":"max-video-preview:-1"},"canonical":"https:\/\/www.ogrodolszanica.pl\/index.php\/produkt\/floks-pro-violet-charm\/","og_locale":"pl_PL","og_type":"article","og_title":"Floks Pro Violet Charm - Ogr&oacute;d Olszanica","og_description":"Floks wiechowaty Flame Pro Violet Charm Phlox paniculata Odmiana floksa z serii Flame, kt\u00f3ra charakteryzuje si\u0119 kompaktowym i wzniesionym pokrojem. Osi\u0105ga niewielkie rozmiary dorastaj\u0105c do 50 cm wysoko\u015bci i takiej samej \u015brednicy. Bylina zawdzi\u0119cza sw\u0105 atrakcyjno\u015b\u0107 uroczym, purpurowo-fioletowym kwiatom, pojawiaj\u0105cym si\u0119 licznie. Floks wiechowaty Flame 'Violet Charm&#8217; ze wzgl\u0119du na swoje d\u0142ugie i zachwycaj\u0105ce kwitnienie &hellip; Floks Pro Violet Charm Read More &raquo;","og_url":"https:\/\/www.ogrodolszanica.pl\/index.php\/produkt\/floks-pro-violet-charm\/","og_site_name":"Ogr&oacute;d Olszanica","article_publisher":"https:\/\/www.facebook.com\/Ogrd-Olszanica-100807179225223","article_modified_time":"2026-03-07T19:54:38+00:00","og_image":[{"width":1928,"height":2560,"url":"https:\/\/www.ogrodolszanica.pl\/wp-content\/uploads\/2023\/07\/Floks-Pro-Violet-Charm-scaled.jpg","type":"image\/jpeg"}],"author":"admin","twitter_card":"summary_large_image","twitter_misc":{"Szacowany czas czytania":"1 minuta"},"schema":{"@context":"https:\/\/schema.org","@graph":[{"@type":"Organization","@id":"https:\/\/www.ogrodolszanica.pl\/#organization","name":"Ogr\u00f3d Olszanica - Krakowskie Centrum Ogrodnicze","url":"https:\/\/www.ogrodolszanica.pl\/","sameAs":["https:\/\/www.facebook.com\/Ogrd-Olszanica-100807179225223"],"logo":{"@type":"ImageObject","inLanguage":"pl-PL","@id":"https:\/\/www.ogrodolszanica.pl\/#\/schema\/logo\/image\/","url":"http:\/\/www.ogrodolszanica.pl\/wp-content\/uploads\/2022\/06\/Ogrod-Olszanica1-1.png","contentUrl":"http:\/\/www.ogrodolszanica.pl\/wp-content\/uploads\/2022\/06\/Ogrod-Olszanica1-1.png","width":180,"height":60,"caption":"Ogr\u00f3d Olszanica - Krakowskie Centrum Ogrodnicze"},"image":{"@id":"https:\/\/www.ogrodolszanica.pl\/#\/schema\/logo\/image\/"}},{"@type":"WebSite","@id":"https:\/\/www.ogrodolszanica.pl\/#website","url":"https:\/\/www.ogrodolszanica.pl\/","name":"Ogr&oacute;d Olszanica","description":"Centrum Ogrodnicze Krak&oacute;w","publisher":{"@id":"https:\/\/www.ogrodolszanica.pl\/#organization"},"potentialAction":[{"@type":"SearchAction","target":{"@type":"EntryPoint","urlTemplate":"https:\/\/www.ogrodolszanica.pl\/?s={search_term_string}"},"query-input":"required name=search_term_string"}],"inLanguage":"pl-PL"},{"@type":"ImageObject","inLanguage":"pl-PL","@id":"https:\/\/www.ogrodolszanica.pl\/index.php\/produkt\/floks-pro-violet-charm\/#primaryimage","url":"https:\/\/i0.wp.com\/www.ogrodolszanica.pl\/wp-content\/uploads\/2023\/07\/Floks-Pro-Violet-Charm-scaled.jpg?fit=1928%2C2560&ssl=1","contentUrl":"https:\/\/i0.wp.com\/www.ogrodolszanica.pl\/wp-content\/uploads\/2023\/07\/Floks-Pro-Violet-Charm-scaled.jpg?fit=1928%2C2560&ssl=1","width":1928,"height":2560},{"@type":"WebPage","@id":"https:\/\/www.ogrodolszanica.pl\/index.php\/produkt\/floks-pro-violet-charm\/#webpage","url":"https:\/\/www.ogrodolszanica.pl\/index.php\/produkt\/floks-pro-violet-charm\/","name":"Floks Pro Violet Charm - Ogr&oacute;d Olszanica","isPartOf":{"@id":"https:\/\/www.ogrodolszanica.pl\/#website"},"primaryImageOfPage":{"@id":"https:\/\/www.ogrodolszanica.pl\/index.php\/produkt\/floks-pro-violet-charm\/#primaryimage"},"datePublished":"2023-07-21T15:17:15+00:00","dateModified":"2026-03-07T19:54:38+00:00","breadcrumb":{"@id":"https:\/\/www.ogrodolszanica.pl\/index.php\/produkt\/floks-pro-violet-charm\/#breadcrumb"},"inLanguage":"pl-PL","potentialAction":[{"@type":"ReadAction","target":["https:\/\/www.ogrodolszanica.pl\/index.php\/produkt\/floks-pro-violet-charm\/"]}]},{"@type":"BreadcrumbList","@id":"https:\/\/www.ogrodolszanica.pl\/index.php\/produkt\/floks-pro-violet-charm\/#breadcrumb","itemListElement":[{"@type":"ListItem","position":1,"name":"Strona g\u0142\u00f3wna","item":"https:\/\/www.ogrodolszanica.pl\/"},{"@type":"ListItem","position":2,"name":"Produkty","item":"https:\/\/www.ogrodolszanica.pl\/index.php\/shop\/"},{"@type":"ListItem","position":3,"name":"Floks Pro Violet Charm"}]}]}},"jetpack-related-posts":[{"id":1498,"url":"https:\/\/www.ogrodolszanica.pl\/index.php\/produkt\/phlox-flame-pro-soft-pink\/","url_meta":{"origin":2325,"position":0},"title":"Floks p\u0142omyk Flame Pro Soft Pink","date":"8 lipca, 2022","format":false,"excerpt":"Phlox Flame Pro Soft Pink 'Soft Pink' to urocza odmiana pochodz\u0105ca z serii 'FLAME PRO'. Kolekcja ta wyr\u00f3\u017cnia si\u0119 wyj\u0105tkowo d\u0142ugim okresem kwitnienia oraz zwartym, kompaktowym pokrojem. Floks wiechowaty 'Soft Pink' tworzy niskie, g\u0119ste, dobrze rozkrzewione k\u0119py, kt\u00f3re maksymalnie dorastaj\u0105 do oko\u0142o 30-50 cm wysoko\u015bci. Kwiaty zachwycaj\u0105 nie tylko swoj\u0105\u2026","rel":"","context":"Similar post","img":{"alt_text":"","src":"https:\/\/i0.wp.com\/www.ogrodolszanica.pl\/wp-content\/uploads\/2022\/07\/Floks-plomyk-Flame-Pro-Soft-Pink-v11-scaled.jpg?fit=904%2C1200&ssl=1&resize=350%2C200","width":350,"height":200},"classes":[]},{"id":1466,"url":"https:\/\/www.ogrodolszanica.pl\/index.php\/produkt\/phlox-flame-white\/","url_meta":{"origin":2325,"position":1},"title":"Floks Flame White","date":"7 lipca, 2022","format":false,"excerpt":"Floks wiechowaty FLAME White Eye Floks 'White Eye' to urocza, kompaktowa odmiana nale\u017c\u0105ca do serii 'FLAME'. Ro\u015blina czaruje swym d\u0142ugim, obfitym, niezwykle widowiskowym kwitnieniem. \u015aliczne, du\u017ce kwiaty w \u015bnie\u017cnobia\u0142ym kolorze zdobione s\u0105 dodatkowo r\u00f3\u017cowym, wyrazistym oczkiem. Kwiatostany urzekaj\u0105 nie tylko sw\u0105 subteln\u0105 urod\u0105, ale tak\u017ce uwodzicielskim, s\u0142odkim zapachem, kt\u00f3ry wabi\u2026","rel":"","context":"Similar post","img":{"alt_text":"","src":"https:\/\/i0.wp.com\/www.ogrodolszanica.pl\/wp-content\/uploads\/2022\/07\/Floks-Flame-White-v2-scaled.jpg?fit=904%2C1200&ssl=1&resize=350%2C200","width":350,"height":200},"classes":[]},{"id":3338,"url":"https:\/\/www.ogrodolszanica.pl\/index.php\/produkt\/floks-wiechowaty-early-purple-eye\/","url_meta":{"origin":2325,"position":2},"title":"Floks wiechowaty Early Purple Eye","date":"23 lutego, 2026","format":false,"excerpt":"Floks wiechowaty Early Purple Eye Phlox paniculata Floks wiechowaty 'Early Purple Eye' nale\u017cy do serii 'Early Start', kt\u00f3ra skupia odmiany o kompaktowym wzro\u015bcie, zwartym pokroju oraz wczesnym, obfitym kwitnieniu. Ro\u015blina hipnotyzuje przepi\u0119knymi, fioletowo-bia\u0142ymi kwiatostanami o cudnym zapachu. Tworzy g\u0119ste, atrakcyjne, dobrze rozkrzewione k\u0119py, kt\u00f3re maksymalnie osi\u0105gaj\u0105 oko\u0142o 25-30 cm wysoko\u015bci\u2026","rel":"","context":"Similar post","img":{"alt_text":"","src":"https:\/\/i0.wp.com\/www.ogrodolszanica.pl\/wp-content\/uploads\/2026\/02\/Floks-wiechowaty-Early-Purple-Eye-v6-1-scaled.jpg?fit=904%2C1200&ssl=1&resize=350%2C200","width":350,"height":200},"classes":[]},{"id":2329,"url":"https:\/\/www.ogrodolszanica.pl\/index.php\/produkt\/floks-pro-cerise\/","url_meta":{"origin":2325,"position":3},"title":"Floks Pro Cerise","date":"21 lipca, 2023","format":false,"excerpt":"Floks Pro Cerise Floks potrzebuje przepuszczalnej i bogatej w sk\u0142adniki od\u017cywcze gleby oraz nas\u0142onecznionego i przewiewnego stanowiska. Odmiany z serii \u2018Flame\u2019 s\u0105 bardziej roz\u0142o\u017cyste ni\u017c starsze odmiany. Po pierwszym przekwitni\u0119ciu kwiatostany prosz\u0119 usun\u0105\u0107 aby wspom\u00f3c dalsze wypuszczanie kwiat\u00f3w. W lecie nale\u017cy obficie nawadnia\u0107 i nawozi\u0107. Rodzaj: Floks wiechowaty Barwa: R\u00f3\u017c\u00f3wa\u2026","rel":"","context":"Similar post","img":{"alt_text":"","src":"https:\/\/i0.wp.com\/www.ogrodolszanica.pl\/wp-content\/uploads\/2023\/07\/image4.jpegmaxwidth2559.7000554800034maxheight1239.jpg?fit=900%2C1200&ssl=1&resize=350%2C200","width":350,"height":200},"classes":[]},{"id":3481,"url":"https:\/\/www.ogrodolszanica.pl\/index.php\/produkt\/floks-early-lavender-pop\/","url_meta":{"origin":2325,"position":4},"title":"Floks Early Lavender Pop","date":"24 lutego, 2026","format":false,"excerpt":"Floks wiechowaty Early Purple Eye Phlox paniculata Floks wiechowaty 'Early Purple Eye' nale\u017cy do serii 'Early Start', kt\u00f3ra skupia odmiany o kompaktowym wzro\u015bcie, zwartym pokroju oraz wczesnym, obfitym kwitnieniu. Ro\u015blina hipnotyzuje przepi\u0119knymi, fioletowo-bia\u0142ymi kwiatostanami o cudnym zapachu. Tworzy g\u0119ste, atrakcyjne, dobrze rozkrzewione k\u0119py, kt\u00f3re maksymalnie osi\u0105gaj\u0105 oko\u0142o 25-30 cm wysoko\u015bci\u2026","rel":"","context":"Similar post","img":{"alt_text":"","src":"https:\/\/i0.wp.com\/www.ogrodolszanica.pl\/wp-content\/uploads\/2026\/02\/early-lavender-pop_phlox-paniculata_76508_1m.jpg?fit=801%2C1200&ssl=1&resize=350%2C200","width":350,"height":200},"classes":[]},{"id":3485,"url":"https:\/\/www.ogrodolszanica.pl\/index.php\/produkt\/floks-tenor\/","url_meta":{"origin":2325,"position":5},"title":"Floks Tenor","date":"24 lutego, 2026","format":false,"excerpt":"Floks wiechowaty 'Tenor' Phlox paniculata Zjawiskowa odmiana floksa o intensywnie r\u00f3\u017cowo-czerwonych kwiatach. Niezwykle urokliwa bylina dorasta do oko\u0142o 60\u201380 cm wysoko\u015bci. Floks wiechowaty 'Tenor' ma sztywne, wzniesione p\u0119dy, na kt\u00f3rych osadzone s\u0105 pod\u0142u\u017cne, lancetowate li\u015bcie. Atrakcyjne kwiaty o okr\u0105g\u0142ym zarysie pojawiaj\u0105 si\u0119 na szczytach \u0142odyg i rosn\u0105 w g\u0119stych baldachogronach.\u2026","rel":"","context":"Similar post","img":{"alt_text":"","src":"https:\/\/i0.wp.com\/www.ogrodolszanica.pl\/wp-content\/uploads\/2026\/02\/Floks-Tenor-v5-scaled.jpg?fit=904%2C1200&ssl=1&resize=350%2C200","width":350,"height":200},"classes":[]}],"_links":{"self":[{"href":"https:\/\/www.ogrodolszanica.pl\/index.php\/wp-json\/wp\/v2\/product\/2325","targetHints":{"allow":["GET"]}}],"collection":[{"href":"https:\/\/www.ogrodolszanica.pl\/index.php\/wp-json\/wp\/v2\/product"}],"about":[{"href":"https:\/\/www.ogrodolszanica.pl\/index.php\/wp-json\/wp\/v2\/types\/product"}],"replies":[{"embeddable":true,"href":"https:\/\/www.ogrodolszanica.pl\/index.php\/wp-json\/wp\/v2\/comments?post=2325"}],"wp:featuredmedia":[{"embeddable":true,"href":"https:\/\/www.ogrodolszanica.pl\/index.php\/wp-json\/wp\/v2\/media\/3913"}],"wp:attachment":[{"href":"https:\/\/www.ogrodolszanica.pl\/index.php\/wp-json\/wp\/v2\/media?parent=2325"}],"wp:term":[{"taxonomy":"product_cat","embeddable":true,"href":"https:\/\/www.ogrodolszanica.pl\/index.php\/wp-json\/wp\/v2\/product_cat?post=2325"},{"taxonomy":"product_tag","embeddable":true,"href":"https:\/\/www.ogrodolszanica.pl\/index.php\/wp-json\/wp\/v2\/product_tag?post=2325"}],"curies":[{"name":"wp","href":"https:\/\/api.w.org\/{rel}","templated":true}]}}