{"id":2317,"date":"2023-07-16T12:06:54","date_gmt":"2023-07-16T12:06:54","guid":{"rendered":"https:\/\/www.ogrodolszanica.pl\/?post_type=product&#038;p=2317"},"modified":"2026-03-03T17:38:27","modified_gmt":"2026-03-03T17:38:27","slug":"smialek-palava","status":"publish","type":"product","link":"https:\/\/www.ogrodolszanica.pl\/index.php\/produkt\/smialek-palava\/","title":{"rendered":"\u015amia\u0142ek Palava"},"content":{"rendered":"<h1 style=\"text-align: center;\">\u015amia\u0142ek Palava<\/h1>\n<p>Zimozielony \u015bmia\u0142ek toleruje suche okresy i preferuje tylko \u015bwie\u017ce pod\u0142o\u017ce na nas\u0142onecznionym stanowisku. Bardzo przydatna ro\u015blina z powodu wczesnego kwitnienia wczesnym latem. \u2018Palava\u2019 sama si\u0119 nie rozsiewa.<\/p>\n<ul>\n<li>Rodzaj: \u015amia\u0142ek<\/li>\n<li>Barwa: Zielony<\/li>\n<li>\n<div>szeroko\u015b\u0107: <strong>40<\/strong><b>\u00a0cm<\/b><\/div>\n<\/li>\n<li>\n<div><b><\/b>wysoko\u015b\u0107: <strong>20<\/strong><b>\u00a0cm<\/b><\/div>\n<\/li>\n<li>\n<div><b><\/b>wysoko\u015b\u0107 (kwitnienie): <strong>50<\/strong><b>\u00a0cm<\/b><\/div>\n<\/li>\n<li>\n<div><b><\/b>kwitnienie: <b>lipiec \u00f7 sierpie\u0144<\/b><\/div>\n<\/li>\n<li>\n<div><b><\/b>stanowisko: <strong>s\u0142oneczne<\/strong><\/div>\n<\/li>\n<\/ul>\n<p>Dobierz odpowiednie pod\u0142o\u017ce z wybranych produkt\u00f3w w naszym sklepie: <a href=\"https:\/\/www.ogrodolszanica.pl\/index.php\/kategoria-produktu\/zin\/\">Pod\u0142o\u017ca<\/a><\/p>\n<p>&nbsp;<\/p>\n","protected":false},"excerpt":{"rendered":"<p>\u015amia\u0142ek Palava Zimozielony \u015bmia\u0142ek toleruje suche okresy i preferuje tylko \u015bwie\u017ce pod\u0142o\u017ce na nas\u0142onecznionym stanowisku. Bardzo przydatna ro\u015blina z powodu wczesnego kwitnienia wczesnym latem. \u2018Palava\u2019 sama si\u0119 nie rozsiewa. Rodzaj: \u015amia\u0142ek Barwa: Zielony szeroko\u015b\u0107: 40\u00a0cm wysoko\u015b\u0107: 20\u00a0cm wysoko\u015b\u0107 (kwitnienie): 50\u00a0cm kwitnienie: lipiec \u00f7 sierpie\u0144 stanowisko: s\u0142oneczne Dobierz odpowiednie pod\u0142o\u017ce z wybranych produkt\u00f3w w naszym sklepie: &hellip;<\/p>\n<p class=\"read-more\"> <a class=\"\" href=\"https:\/\/www.ogrodolszanica.pl\/index.php\/produkt\/smialek-palava\/\"> <span class=\"screen-reader-text\">\u015amia\u0142ek Palava<\/span> Read More &raquo;<\/a><\/p>\n","protected":false},"featured_media":2318,"comment_status":"open","ping_status":"closed","template":"","meta":{"site-sidebar-layout":"default","site-content-layout":"default","ast-global-header-display":"","ast-main-header-display":"","ast-hfb-above-header-display":"","ast-hfb-below-header-display":"","ast-hfb-mobile-header-display":"","site-post-title":"","ast-breadcrumbs-content":"","ast-featured-img":"","footer-sml-layout":"","theme-transparent-header-meta":"default","adv-header-id-meta":"","stick-header-meta":"","header-above-stick-meta":"","header-main-stick-meta":"","header-below-stick-meta":"","spay_email":""},"product_cat":[20,30],"product_tag":[],"class_list":["post-2317","product","type-product","status-publish","has-post-thumbnail","hentry","product_cat-rosliny","product_cat-trawy"],"yoast_head":"<!-- This site is optimized with the Yoast SEO plugin v19.2 - https:\/\/yoast.com\/wordpress\/plugins\/seo\/ -->\n<title>\u015amia\u0142ek Palava - Ogr&oacute;d Olszanica<\/title>\n<meta name=\"robots\" content=\"index, follow, max-snippet:-1, max-image-preview:large, max-video-preview:-1\" \/>\n<link rel=\"canonical\" href=\"https:\/\/www.ogrodolszanica.pl\/index.php\/produkt\/smialek-palava\/\" \/>\n<meta property=\"og:locale\" content=\"pl_PL\" \/>\n<meta property=\"og:type\" content=\"article\" \/>\n<meta property=\"og:title\" content=\"\u015amia\u0142ek Palava - Ogr&oacute;d Olszanica\" \/>\n<meta property=\"og:description\" content=\"\u015amia\u0142ek Palava Zimozielony \u015bmia\u0142ek toleruje suche okresy i preferuje tylko \u015bwie\u017ce pod\u0142o\u017ce na nas\u0142onecznionym stanowisku. Bardzo przydatna ro\u015blina z powodu wczesnego kwitnienia wczesnym latem. \u2018Palava\u2019 sama si\u0119 nie rozsiewa. Rodzaj: \u015amia\u0142ek Barwa: Zielony szeroko\u015b\u0107: 40\u00a0cm wysoko\u015b\u0107: 20\u00a0cm wysoko\u015b\u0107 (kwitnienie): 50\u00a0cm kwitnienie: lipiec \u00f7 sierpie\u0144 stanowisko: s\u0142oneczne Dobierz odpowiednie pod\u0142o\u017ce z wybranych produkt\u00f3w w naszym sklepie: &hellip; \u015amia\u0142ek Palava Read More &raquo;\" \/>\n<meta property=\"og:url\" content=\"https:\/\/www.ogrodolszanica.pl\/index.php\/produkt\/smialek-palava\/\" \/>\n<meta property=\"og:site_name\" content=\"Ogr&oacute;d Olszanica\" \/>\n<meta property=\"article:publisher\" content=\"https:\/\/www.facebook.com\/Ogrd-Olszanica-100807179225223\" \/>\n<meta property=\"article:modified_time\" content=\"2026-03-03T17:38:27+00:00\" \/>\n<meta property=\"og:image\" content=\"https:\/\/www.ogrodolszanica.pl\/wp-content\/uploads\/2023\/07\/deschampsia-palava_7.jpg\" \/>\n\t<meta property=\"og:image:width\" content=\"650\" \/>\n\t<meta property=\"og:image:height\" content=\"434\" \/>\n\t<meta property=\"og:image:type\" content=\"image\/jpeg\" \/>\n<meta name=\"author\" content=\"admin\" \/>\n<meta name=\"twitter:card\" content=\"summary_large_image\" \/>\n<meta name=\"twitter:label1\" content=\"Szacowany czas czytania\" \/>\n\t<meta name=\"twitter:data1\" content=\"1 minuta\" \/>\n<script type=\"application\/ld+json\" class=\"yoast-schema-graph\">{\"@context\":\"https:\/\/schema.org\",\"@graph\":[{\"@type\":\"Organization\",\"@id\":\"https:\/\/www.ogrodolszanica.pl\/#organization\",\"name\":\"Ogr\u00f3d Olszanica - Krakowskie Centrum Ogrodnicze\",\"url\":\"https:\/\/www.ogrodolszanica.pl\/\",\"sameAs\":[\"https:\/\/www.facebook.com\/Ogrd-Olszanica-100807179225223\"],\"logo\":{\"@type\":\"ImageObject\",\"inLanguage\":\"pl-PL\",\"@id\":\"https:\/\/www.ogrodolszanica.pl\/#\/schema\/logo\/image\/\",\"url\":\"http:\/\/www.ogrodolszanica.pl\/wp-content\/uploads\/2022\/06\/Ogrod-Olszanica1-1.png\",\"contentUrl\":\"http:\/\/www.ogrodolszanica.pl\/wp-content\/uploads\/2022\/06\/Ogrod-Olszanica1-1.png\",\"width\":180,\"height\":60,\"caption\":\"Ogr\u00f3d Olszanica - Krakowskie Centrum Ogrodnicze\"},\"image\":{\"@id\":\"https:\/\/www.ogrodolszanica.pl\/#\/schema\/logo\/image\/\"}},{\"@type\":\"WebSite\",\"@id\":\"https:\/\/www.ogrodolszanica.pl\/#website\",\"url\":\"https:\/\/www.ogrodolszanica.pl\/\",\"name\":\"Ogr&oacute;d Olszanica\",\"description\":\"Centrum Ogrodnicze Krak&oacute;w\",\"publisher\":{\"@id\":\"https:\/\/www.ogrodolszanica.pl\/#organization\"},\"potentialAction\":[{\"@type\":\"SearchAction\",\"target\":{\"@type\":\"EntryPoint\",\"urlTemplate\":\"https:\/\/www.ogrodolszanica.pl\/?s={search_term_string}\"},\"query-input\":\"required name=search_term_string\"}],\"inLanguage\":\"pl-PL\"},{\"@type\":\"ImageObject\",\"inLanguage\":\"pl-PL\",\"@id\":\"https:\/\/www.ogrodolszanica.pl\/index.php\/produkt\/smialek-palava\/#primaryimage\",\"url\":\"https:\/\/i0.wp.com\/www.ogrodolszanica.pl\/wp-content\/uploads\/2023\/07\/deschampsia-palava_7.jpg?fit=650%2C434&ssl=1\",\"contentUrl\":\"https:\/\/i0.wp.com\/www.ogrodolszanica.pl\/wp-content\/uploads\/2023\/07\/deschampsia-palava_7.jpg?fit=650%2C434&ssl=1\",\"width\":650,\"height\":434},{\"@type\":\"WebPage\",\"@id\":\"https:\/\/www.ogrodolszanica.pl\/index.php\/produkt\/smialek-palava\/#webpage\",\"url\":\"https:\/\/www.ogrodolszanica.pl\/index.php\/produkt\/smialek-palava\/\",\"name\":\"\u015amia\u0142ek Palava - Ogr&oacute;d Olszanica\",\"isPartOf\":{\"@id\":\"https:\/\/www.ogrodolszanica.pl\/#website\"},\"primaryImageOfPage\":{\"@id\":\"https:\/\/www.ogrodolszanica.pl\/index.php\/produkt\/smialek-palava\/#primaryimage\"},\"datePublished\":\"2023-07-16T12:06:54+00:00\",\"dateModified\":\"2026-03-03T17:38:27+00:00\",\"breadcrumb\":{\"@id\":\"https:\/\/www.ogrodolszanica.pl\/index.php\/produkt\/smialek-palava\/#breadcrumb\"},\"inLanguage\":\"pl-PL\",\"potentialAction\":[{\"@type\":\"ReadAction\",\"target\":[\"https:\/\/www.ogrodolszanica.pl\/index.php\/produkt\/smialek-palava\/\"]}]},{\"@type\":\"BreadcrumbList\",\"@id\":\"https:\/\/www.ogrodolszanica.pl\/index.php\/produkt\/smialek-palava\/#breadcrumb\",\"itemListElement\":[{\"@type\":\"ListItem\",\"position\":1,\"name\":\"Strona g\u0142\u00f3wna\",\"item\":\"https:\/\/www.ogrodolszanica.pl\/\"},{\"@type\":\"ListItem\",\"position\":2,\"name\":\"Produkty\",\"item\":\"https:\/\/www.ogrodolszanica.pl\/index.php\/shop\/\"},{\"@type\":\"ListItem\",\"position\":3,\"name\":\"\u015amia\u0142ek Palava\"}]}]}<\/script>\n<!-- \/ Yoast SEO plugin. -->","yoast_head_json":{"title":"\u015amia\u0142ek Palava - Ogr&oacute;d Olszanica","robots":{"index":"index","follow":"follow","max-snippet":"max-snippet:-1","max-image-preview":"max-image-preview:large","max-video-preview":"max-video-preview:-1"},"canonical":"https:\/\/www.ogrodolszanica.pl\/index.php\/produkt\/smialek-palava\/","og_locale":"pl_PL","og_type":"article","og_title":"\u015amia\u0142ek Palava - Ogr&oacute;d Olszanica","og_description":"\u015amia\u0142ek Palava Zimozielony \u015bmia\u0142ek toleruje suche okresy i preferuje tylko \u015bwie\u017ce pod\u0142o\u017ce na nas\u0142onecznionym stanowisku. Bardzo przydatna ro\u015blina z powodu wczesnego kwitnienia wczesnym latem. \u2018Palava\u2019 sama si\u0119 nie rozsiewa. Rodzaj: \u015amia\u0142ek Barwa: Zielony szeroko\u015b\u0107: 40\u00a0cm wysoko\u015b\u0107: 20\u00a0cm wysoko\u015b\u0107 (kwitnienie): 50\u00a0cm kwitnienie: lipiec \u00f7 sierpie\u0144 stanowisko: s\u0142oneczne Dobierz odpowiednie pod\u0142o\u017ce z wybranych produkt\u00f3w w naszym sklepie: &hellip; \u015amia\u0142ek Palava Read More &raquo;","og_url":"https:\/\/www.ogrodolszanica.pl\/index.php\/produkt\/smialek-palava\/","og_site_name":"Ogr&oacute;d Olszanica","article_publisher":"https:\/\/www.facebook.com\/Ogrd-Olszanica-100807179225223","article_modified_time":"2026-03-03T17:38:27+00:00","og_image":[{"width":650,"height":434,"url":"https:\/\/www.ogrodolszanica.pl\/wp-content\/uploads\/2023\/07\/deschampsia-palava_7.jpg","type":"image\/jpeg"}],"author":"admin","twitter_card":"summary_large_image","twitter_misc":{"Szacowany czas czytania":"1 minuta"},"schema":{"@context":"https:\/\/schema.org","@graph":[{"@type":"Organization","@id":"https:\/\/www.ogrodolszanica.pl\/#organization","name":"Ogr\u00f3d Olszanica - Krakowskie Centrum Ogrodnicze","url":"https:\/\/www.ogrodolszanica.pl\/","sameAs":["https:\/\/www.facebook.com\/Ogrd-Olszanica-100807179225223"],"logo":{"@type":"ImageObject","inLanguage":"pl-PL","@id":"https:\/\/www.ogrodolszanica.pl\/#\/schema\/logo\/image\/","url":"http:\/\/www.ogrodolszanica.pl\/wp-content\/uploads\/2022\/06\/Ogrod-Olszanica1-1.png","contentUrl":"http:\/\/www.ogrodolszanica.pl\/wp-content\/uploads\/2022\/06\/Ogrod-Olszanica1-1.png","width":180,"height":60,"caption":"Ogr\u00f3d Olszanica - Krakowskie Centrum Ogrodnicze"},"image":{"@id":"https:\/\/www.ogrodolszanica.pl\/#\/schema\/logo\/image\/"}},{"@type":"WebSite","@id":"https:\/\/www.ogrodolszanica.pl\/#website","url":"https:\/\/www.ogrodolszanica.pl\/","name":"Ogr&oacute;d Olszanica","description":"Centrum Ogrodnicze Krak&oacute;w","publisher":{"@id":"https:\/\/www.ogrodolszanica.pl\/#organization"},"potentialAction":[{"@type":"SearchAction","target":{"@type":"EntryPoint","urlTemplate":"https:\/\/www.ogrodolszanica.pl\/?s={search_term_string}"},"query-input":"required name=search_term_string"}],"inLanguage":"pl-PL"},{"@type":"ImageObject","inLanguage":"pl-PL","@id":"https:\/\/www.ogrodolszanica.pl\/index.php\/produkt\/smialek-palava\/#primaryimage","url":"https:\/\/i0.wp.com\/www.ogrodolszanica.pl\/wp-content\/uploads\/2023\/07\/deschampsia-palava_7.jpg?fit=650%2C434&ssl=1","contentUrl":"https:\/\/i0.wp.com\/www.ogrodolszanica.pl\/wp-content\/uploads\/2023\/07\/deschampsia-palava_7.jpg?fit=650%2C434&ssl=1","width":650,"height":434},{"@type":"WebPage","@id":"https:\/\/www.ogrodolszanica.pl\/index.php\/produkt\/smialek-palava\/#webpage","url":"https:\/\/www.ogrodolszanica.pl\/index.php\/produkt\/smialek-palava\/","name":"\u015amia\u0142ek Palava - Ogr&oacute;d Olszanica","isPartOf":{"@id":"https:\/\/www.ogrodolszanica.pl\/#website"},"primaryImageOfPage":{"@id":"https:\/\/www.ogrodolszanica.pl\/index.php\/produkt\/smialek-palava\/#primaryimage"},"datePublished":"2023-07-16T12:06:54+00:00","dateModified":"2026-03-03T17:38:27+00:00","breadcrumb":{"@id":"https:\/\/www.ogrodolszanica.pl\/index.php\/produkt\/smialek-palava\/#breadcrumb"},"inLanguage":"pl-PL","potentialAction":[{"@type":"ReadAction","target":["https:\/\/www.ogrodolszanica.pl\/index.php\/produkt\/smialek-palava\/"]}]},{"@type":"BreadcrumbList","@id":"https:\/\/www.ogrodolszanica.pl\/index.php\/produkt\/smialek-palava\/#breadcrumb","itemListElement":[{"@type":"ListItem","position":1,"name":"Strona g\u0142\u00f3wna","item":"https:\/\/www.ogrodolszanica.pl\/"},{"@type":"ListItem","position":2,"name":"Produkty","item":"https:\/\/www.ogrodolszanica.pl\/index.php\/shop\/"},{"@type":"ListItem","position":3,"name":"\u015amia\u0142ek Palava"}]}]}},"jetpack-related-posts":[{"id":2289,"url":"https:\/\/www.ogrodolszanica.pl\/index.php\/produkt\/cortaderia-selloana\/","url_meta":{"origin":2317,"position":0},"title":"Trawa Pampasowa","date":"18 czerwca, 2023","format":false,"excerpt":"Trawa Pampasowa Barwa: Bia\u0142y szeroko\u015b\u0107: 100\u00a0cm wysoko\u015b\u0107: 200 cm wysoko\u015b\u0107 (kwitnienie): 300 cm kwitnienie: wrzesie\u0144 \u00f7 pa\u017adziernik stanowisko: s\u0142oneczne Dobierz odpowiednie pod\u0142o\u017ce z wybranych produkt\u00f3w w naszym sklepie: Pod\u0142o\u017ca \u00a0 \u00a0","rel":"","context":"Similar post","img":{"alt_text":"","src":"https:\/\/i0.wp.com\/www.ogrodolszanica.pl\/wp-content\/uploads\/2023\/06\/cortaderia-selloana_1-1.jpg?fit=450%2C450&ssl=1&resize=350%2C200","width":350,"height":200},"classes":[]},{"id":2661,"url":"https:\/\/www.ogrodolszanica.pl\/index.php\/produkt\/floks-blue-boy\/","url_meta":{"origin":2317,"position":1},"title":"Floks Blue Boy","date":"30 stycznia, 2024","format":false,"excerpt":"Phlox Blue Boy \u00a0 Rodzaj: Floks wiechowaty Barwa: Niebieska z bia\u0142ym oczkiem szeroko\u015b\u0107: 40\u00a0cm wysoko\u015b\u0107: 55 cm wysoko\u015b\u0107 (kwitnienie): 100\u00a0cm kwitnienie: lipiec \u00f7 sierpie\u0144 stanowisko: s\u0142oneczne\u00a0 Dobierz odpowiednie pod\u0142o\u017ce z wybranych produkt\u00f3w w naszym sklepie: Pod\u0142o\u017ca","rel":"","context":"Similar post","img":{"alt_text":"","src":"https:\/\/i0.wp.com\/www.ogrodolszanica.pl\/wp-content\/uploads\/2024\/01\/byliny-i-trawy_summer-flowering_76260_2.jpg?fit=434%2C650&ssl=1&resize=350%2C200","width":350,"height":200},"classes":[]},{"id":2681,"url":"https:\/\/www.ogrodolszanica.pl\/index.php\/produkt\/ostrozka-pacific-summer-skies\/","url_meta":{"origin":2317,"position":2},"title":"Ostr\u00f3\u017cka Pacific Summer Skies","date":"31 stycznia, 2024","format":false,"excerpt":"Ostr\u00f3\u017cka Pacific Summer Skies \u00a0 Rodzaj: Ostr\u00f3\u017cka Barwa: Niebieska z bia\u0142ym oczkiem szeroko\u015b\u0107: 60 cm wysoko\u015b\u0107: 120\u00a0cm wysoko\u015b\u0107 (kwitnienie): 180\u00a0cm kwitnienie: czerwiec \u00f7 sierpie\u0144 stanowisko:\u00a0s\u0142oneczne Dobierz odpowiednie pod\u0142o\u017ce z wybranych produkt\u00f3w w naszym sklepie: Pod\u0142o\u017ca \u00a0 \u00a0","rel":"","context":"Similar post","img":{"alt_text":"","src":"https:\/\/i0.wp.com\/www.ogrodolszanica.pl\/wp-content\/uploads\/2024\/01\/byliny-i-trawy_pacific_72422_1.jpg?fit=450%2C450&ssl=1&resize=350%2C200","width":350,"height":200},"classes":[]},{"id":2693,"url":"https:\/\/www.ogrodolszanica.pl\/index.php\/produkt\/miskant-silberspinne\/","url_meta":{"origin":2317,"position":3},"title":"Miskant Silberspinne","date":"31 stycznia, 2024","format":false,"excerpt":"Miskant Silberspinne \u00a0 rodzaj: Miskant barwa: Br\u0105zowo - srebrzysta szeroko\u015b\u0107: 40\u00a0cm wysoko\u015b\u0107: 80\u00a0cm wysoko\u015b\u0107 (kwitnienie): 160\u00a0cm kwitnienie: wrzesie\u0144 \u00f7 pa\u017adziernik stanowisko: s\u0142oneczne Dobierz odpowiednie pod\u0142o\u017ce z wybranych produkt\u00f3w w naszym sklepie: Pod\u0142o\u017ca","rel":"","context":"Similar post","img":{"alt_text":"","src":"https:\/\/i0.wp.com\/www.ogrodolszanica.pl\/wp-content\/uploads\/2024\/01\/byliny-i-trawy_miscanthus_75144_1.jpg?fit=433%2C650&ssl=1&resize=350%2C200","width":350,"height":200},"classes":[]},{"id":2295,"url":"https:\/\/www.ogrodolszanica.pl\/index.php\/produkt\/cortaderia-selloana-rosea\/","url_meta":{"origin":2317,"position":4},"title":"Trawa Pampasowa Rosea","date":"18 czerwca, 2023","format":false,"excerpt":"Trawa Pampasowa Rosea Barwa: R\u00f3\u017cowy szeroko\u015b\u0107: 100\u00a0cm wysoko\u015b\u0107: 200 cm wysoko\u015b\u0107 (kwitnienie): 300 cm kwitnienie: wrzesie\u0144 \u00f7 pa\u017adziernik stanowisko: s\u0142oneczne Dobierz odpowiednie pod\u0142o\u017ce z wybranych produkt\u00f3w w naszym sklepie: Pod\u0142o\u017ca \u00a0 \u00a0","rel":"","context":"Similar post","img":{"alt_text":"","src":"https:\/\/i0.wp.com\/www.ogrodolszanica.pl\/wp-content\/uploads\/2023\/06\/byliny-i-trawy_cortaderia-kortaderia_74251_1.jpg?fit=450%2C450&ssl=1&resize=350%2C200","width":350,"height":200},"classes":[]},{"id":2673,"url":"https:\/\/www.ogrodolszanica.pl\/index.php\/produkt\/rozchodnik-matrona\/","url_meta":{"origin":2317,"position":5},"title":"Rozchodnik Matrona","date":"30 stycznia, 2024","format":false,"excerpt":"Rozchodnik Matrona \u00a0 Rodzaj: Rozchodnik Barwa: Ciemnor\u00f3\u017cowa szeroko\u015b\u0107: 40 cm wysoko\u015b\u0107: 40\u00a0cm wysoko\u015b\u0107 (kwitnienie): 50\u00a0cm kwitnienie:\u00a0lipiec \u00f7 wrzesie\u0144 stanowisko:\u00a0s\u0142oneczne Dobierz odpowiednie pod\u0142o\u017ce z wybranych produkt\u00f3w w naszym sklepie: Pod\u0142o\u017ca \u00a0 \u00a0","rel":"","context":"Similar post","img":{"alt_text":"","src":"https:\/\/i0.wp.com\/www.ogrodolszanica.pl\/wp-content\/uploads\/2024\/01\/byliny-i-trawy_sedum_79765_1.jpg?fit=650%2C433&ssl=1&resize=350%2C200","width":350,"height":200},"classes":[]}],"_links":{"self":[{"href":"https:\/\/www.ogrodolszanica.pl\/index.php\/wp-json\/wp\/v2\/product\/2317","targetHints":{"allow":["GET"]}}],"collection":[{"href":"https:\/\/www.ogrodolszanica.pl\/index.php\/wp-json\/wp\/v2\/product"}],"about":[{"href":"https:\/\/www.ogrodolszanica.pl\/index.php\/wp-json\/wp\/v2\/types\/product"}],"replies":[{"embeddable":true,"href":"https:\/\/www.ogrodolszanica.pl\/index.php\/wp-json\/wp\/v2\/comments?post=2317"}],"wp:featuredmedia":[{"embeddable":true,"href":"https:\/\/www.ogrodolszanica.pl\/index.php\/wp-json\/wp\/v2\/media\/2318"}],"wp:attachment":[{"href":"https:\/\/www.ogrodolszanica.pl\/index.php\/wp-json\/wp\/v2\/media?parent=2317"}],"wp:term":[{"taxonomy":"product_cat","embeddable":true,"href":"https:\/\/www.ogrodolszanica.pl\/index.php\/wp-json\/wp\/v2\/product_cat?post=2317"},{"taxonomy":"product_tag","embeddable":true,"href":"https:\/\/www.ogrodolszanica.pl\/index.php\/wp-json\/wp\/v2\/product_tag?post=2317"}],"curies":[{"name":"wp","href":"https:\/\/api.w.org\/{rel}","templated":true}]}}