{"id":2295,"date":"2023-06-18T16:24:31","date_gmt":"2023-06-18T16:24:31","guid":{"rendered":"https:\/\/www.ogrodolszanica.pl\/?post_type=product&#038;p=2295"},"modified":"2026-03-03T17:39:07","modified_gmt":"2026-03-03T17:39:07","slug":"cortaderia-selloana-rosea","status":"publish","type":"product","link":"https:\/\/www.ogrodolszanica.pl\/index.php\/produkt\/cortaderia-selloana-rosea\/","title":{"rendered":"Trawa Pampasowa Rosea"},"content":{"rendered":"<h1 class=\"text-center display-7 fw-500 mb-0 mt-0 product-name\" style=\"text-align: center;\">Trawa Pampasowa Rosea<\/h1>\n<ul>\n<li>Barwa: R\u00f3\u017cowy<\/li>\n<li>szeroko\u015b\u0107: <strong>100<\/strong><b style=\"font-style: inherit;\">\u00a0cm<\/b><\/li>\n<li>wysoko\u015b\u0107: <b style=\"font-style: inherit;\">200 cm<\/b><\/li>\n<li>\n<div class=\"col-6 text-right\">wysoko\u015b\u0107 (kwitnienie): <b>300 cm<\/b><\/div>\n<\/li>\n<li>kwitnienie: <b>wrzesie\u0144 \u00f7 pa\u017adziernik<\/b><\/li>\n<li><b><\/b>stanowisko: <b>s\u0142oneczne<\/b><\/li>\n<\/ul>\n<p>Dobierz odpowiednie pod\u0142o\u017ce z wybranych produkt\u00f3w w naszym sklepie: <a href=\"https:\/\/www.ogrodolszanica.pl\/index.php\/kategoria-produktu\/zin\/\">Pod\u0142o\u017ca<\/a><\/p>\n<p>&nbsp;<\/p>\n<p>&nbsp;<\/p>\n","protected":false},"excerpt":{"rendered":"<p>Trawa Pampasowa Rosea Barwa: R\u00f3\u017cowy szeroko\u015b\u0107: 100\u00a0cm wysoko\u015b\u0107: 200 cm wysoko\u015b\u0107 (kwitnienie): 300 cm kwitnienie: wrzesie\u0144 \u00f7 pa\u017adziernik stanowisko: s\u0142oneczne Dobierz odpowiednie pod\u0142o\u017ce z wybranych produkt\u00f3w w naszym sklepie: Pod\u0142o\u017ca &nbsp; &nbsp;<\/p>\n","protected":false},"featured_media":2296,"comment_status":"open","ping_status":"closed","template":"","meta":{"site-sidebar-layout":"default","site-content-layout":"default","ast-global-header-display":"","ast-main-header-display":"","ast-hfb-above-header-display":"","ast-hfb-below-header-display":"","ast-hfb-mobile-header-display":"","site-post-title":"","ast-breadcrumbs-content":"","ast-featured-img":"","footer-sml-layout":"","theme-transparent-header-meta":"default","adv-header-id-meta":"","stick-header-meta":"","header-above-stick-meta":"","header-main-stick-meta":"","header-below-stick-meta":"","spay_email":""},"product_cat":[20,30],"product_tag":[],"class_list":["post-2295","product","type-product","status-publish","has-post-thumbnail","hentry","product_cat-rosliny","product_cat-trawy"],"yoast_head":"<!-- This site is optimized with the Yoast SEO plugin v19.2 - https:\/\/yoast.com\/wordpress\/plugins\/seo\/ -->\n<title>Trawa Pampasowa Rosea - Ogr&oacute;d Olszanica<\/title>\n<meta name=\"robots\" content=\"index, follow, max-snippet:-1, max-image-preview:large, max-video-preview:-1\" \/>\n<link rel=\"canonical\" href=\"https:\/\/www.ogrodolszanica.pl\/index.php\/produkt\/cortaderia-selloana-rosea\/\" \/>\n<meta property=\"og:locale\" content=\"pl_PL\" \/>\n<meta property=\"og:type\" content=\"article\" \/>\n<meta property=\"og:title\" content=\"Trawa Pampasowa Rosea - Ogr&oacute;d Olszanica\" \/>\n<meta property=\"og:description\" content=\"Trawa Pampasowa Rosea Barwa: R\u00f3\u017cowy szeroko\u015b\u0107: 100\u00a0cm wysoko\u015b\u0107: 200 cm wysoko\u015b\u0107 (kwitnienie): 300 cm kwitnienie: wrzesie\u0144 \u00f7 pa\u017adziernik stanowisko: s\u0142oneczne Dobierz odpowiednie pod\u0142o\u017ce z wybranych produkt\u00f3w w naszym sklepie: Pod\u0142o\u017ca &nbsp; &nbsp;\" \/>\n<meta property=\"og:url\" content=\"https:\/\/www.ogrodolszanica.pl\/index.php\/produkt\/cortaderia-selloana-rosea\/\" \/>\n<meta property=\"og:site_name\" content=\"Ogr&oacute;d Olszanica\" \/>\n<meta property=\"article:publisher\" content=\"https:\/\/www.facebook.com\/Ogrd-Olszanica-100807179225223\" \/>\n<meta property=\"article:modified_time\" content=\"2026-03-03T17:39:07+00:00\" \/>\n<meta property=\"og:image\" content=\"https:\/\/www.ogrodolszanica.pl\/wp-content\/uploads\/2023\/06\/byliny-i-trawy_cortaderia-kortaderia_74251_1.jpg\" \/>\n\t<meta property=\"og:image:width\" content=\"450\" \/>\n\t<meta property=\"og:image:height\" content=\"450\" \/>\n\t<meta property=\"og:image:type\" content=\"image\/jpeg\" \/>\n<meta name=\"author\" content=\"admin\" \/>\n<meta name=\"twitter:card\" content=\"summary_large_image\" \/>\n<meta name=\"twitter:label1\" content=\"Szacowany czas czytania\" \/>\n\t<meta name=\"twitter:data1\" content=\"1 minuta\" \/>\n<script type=\"application\/ld+json\" class=\"yoast-schema-graph\">{\"@context\":\"https:\/\/schema.org\",\"@graph\":[{\"@type\":\"Organization\",\"@id\":\"https:\/\/www.ogrodolszanica.pl\/#organization\",\"name\":\"Ogr\u00f3d Olszanica - Krakowskie Centrum Ogrodnicze\",\"url\":\"https:\/\/www.ogrodolszanica.pl\/\",\"sameAs\":[\"https:\/\/www.facebook.com\/Ogrd-Olszanica-100807179225223\"],\"logo\":{\"@type\":\"ImageObject\",\"inLanguage\":\"pl-PL\",\"@id\":\"https:\/\/www.ogrodolszanica.pl\/#\/schema\/logo\/image\/\",\"url\":\"http:\/\/www.ogrodolszanica.pl\/wp-content\/uploads\/2022\/06\/Ogrod-Olszanica1-1.png\",\"contentUrl\":\"http:\/\/www.ogrodolszanica.pl\/wp-content\/uploads\/2022\/06\/Ogrod-Olszanica1-1.png\",\"width\":180,\"height\":60,\"caption\":\"Ogr\u00f3d Olszanica - Krakowskie Centrum Ogrodnicze\"},\"image\":{\"@id\":\"https:\/\/www.ogrodolszanica.pl\/#\/schema\/logo\/image\/\"}},{\"@type\":\"WebSite\",\"@id\":\"https:\/\/www.ogrodolszanica.pl\/#website\",\"url\":\"https:\/\/www.ogrodolszanica.pl\/\",\"name\":\"Ogr&oacute;d Olszanica\",\"description\":\"Centrum Ogrodnicze Krak&oacute;w\",\"publisher\":{\"@id\":\"https:\/\/www.ogrodolszanica.pl\/#organization\"},\"potentialAction\":[{\"@type\":\"SearchAction\",\"target\":{\"@type\":\"EntryPoint\",\"urlTemplate\":\"https:\/\/www.ogrodolszanica.pl\/?s={search_term_string}\"},\"query-input\":\"required name=search_term_string\"}],\"inLanguage\":\"pl-PL\"},{\"@type\":\"ImageObject\",\"inLanguage\":\"pl-PL\",\"@id\":\"https:\/\/www.ogrodolszanica.pl\/index.php\/produkt\/cortaderia-selloana-rosea\/#primaryimage\",\"url\":\"https:\/\/i0.wp.com\/www.ogrodolszanica.pl\/wp-content\/uploads\/2023\/06\/byliny-i-trawy_cortaderia-kortaderia_74251_1.jpg?fit=450%2C450&ssl=1\",\"contentUrl\":\"https:\/\/i0.wp.com\/www.ogrodolszanica.pl\/wp-content\/uploads\/2023\/06\/byliny-i-trawy_cortaderia-kortaderia_74251_1.jpg?fit=450%2C450&ssl=1\",\"width\":450,\"height\":450},{\"@type\":\"WebPage\",\"@id\":\"https:\/\/www.ogrodolszanica.pl\/index.php\/produkt\/cortaderia-selloana-rosea\/#webpage\",\"url\":\"https:\/\/www.ogrodolszanica.pl\/index.php\/produkt\/cortaderia-selloana-rosea\/\",\"name\":\"Trawa Pampasowa Rosea - Ogr&oacute;d Olszanica\",\"isPartOf\":{\"@id\":\"https:\/\/www.ogrodolszanica.pl\/#website\"},\"primaryImageOfPage\":{\"@id\":\"https:\/\/www.ogrodolszanica.pl\/index.php\/produkt\/cortaderia-selloana-rosea\/#primaryimage\"},\"datePublished\":\"2023-06-18T16:24:31+00:00\",\"dateModified\":\"2026-03-03T17:39:07+00:00\",\"breadcrumb\":{\"@id\":\"https:\/\/www.ogrodolszanica.pl\/index.php\/produkt\/cortaderia-selloana-rosea\/#breadcrumb\"},\"inLanguage\":\"pl-PL\",\"potentialAction\":[{\"@type\":\"ReadAction\",\"target\":[\"https:\/\/www.ogrodolszanica.pl\/index.php\/produkt\/cortaderia-selloana-rosea\/\"]}]},{\"@type\":\"BreadcrumbList\",\"@id\":\"https:\/\/www.ogrodolszanica.pl\/index.php\/produkt\/cortaderia-selloana-rosea\/#breadcrumb\",\"itemListElement\":[{\"@type\":\"ListItem\",\"position\":1,\"name\":\"Strona g\u0142\u00f3wna\",\"item\":\"https:\/\/www.ogrodolszanica.pl\/\"},{\"@type\":\"ListItem\",\"position\":2,\"name\":\"Produkty\",\"item\":\"https:\/\/www.ogrodolszanica.pl\/index.php\/shop\/\"},{\"@type\":\"ListItem\",\"position\":3,\"name\":\"Trawa Pampasowa Rosea\"}]}]}<\/script>\n<!-- \/ Yoast SEO plugin. -->","yoast_head_json":{"title":"Trawa Pampasowa Rosea - Ogr&oacute;d Olszanica","robots":{"index":"index","follow":"follow","max-snippet":"max-snippet:-1","max-image-preview":"max-image-preview:large","max-video-preview":"max-video-preview:-1"},"canonical":"https:\/\/www.ogrodolszanica.pl\/index.php\/produkt\/cortaderia-selloana-rosea\/","og_locale":"pl_PL","og_type":"article","og_title":"Trawa Pampasowa Rosea - Ogr&oacute;d Olszanica","og_description":"Trawa Pampasowa Rosea Barwa: R\u00f3\u017cowy szeroko\u015b\u0107: 100\u00a0cm wysoko\u015b\u0107: 200 cm wysoko\u015b\u0107 (kwitnienie): 300 cm kwitnienie: wrzesie\u0144 \u00f7 pa\u017adziernik stanowisko: s\u0142oneczne Dobierz odpowiednie pod\u0142o\u017ce z wybranych produkt\u00f3w w naszym sklepie: Pod\u0142o\u017ca &nbsp; &nbsp;","og_url":"https:\/\/www.ogrodolszanica.pl\/index.php\/produkt\/cortaderia-selloana-rosea\/","og_site_name":"Ogr&oacute;d Olszanica","article_publisher":"https:\/\/www.facebook.com\/Ogrd-Olszanica-100807179225223","article_modified_time":"2026-03-03T17:39:07+00:00","og_image":[{"width":450,"height":450,"url":"https:\/\/www.ogrodolszanica.pl\/wp-content\/uploads\/2023\/06\/byliny-i-trawy_cortaderia-kortaderia_74251_1.jpg","type":"image\/jpeg"}],"author":"admin","twitter_card":"summary_large_image","twitter_misc":{"Szacowany czas czytania":"1 minuta"},"schema":{"@context":"https:\/\/schema.org","@graph":[{"@type":"Organization","@id":"https:\/\/www.ogrodolszanica.pl\/#organization","name":"Ogr\u00f3d Olszanica - Krakowskie Centrum Ogrodnicze","url":"https:\/\/www.ogrodolszanica.pl\/","sameAs":["https:\/\/www.facebook.com\/Ogrd-Olszanica-100807179225223"],"logo":{"@type":"ImageObject","inLanguage":"pl-PL","@id":"https:\/\/www.ogrodolszanica.pl\/#\/schema\/logo\/image\/","url":"http:\/\/www.ogrodolszanica.pl\/wp-content\/uploads\/2022\/06\/Ogrod-Olszanica1-1.png","contentUrl":"http:\/\/www.ogrodolszanica.pl\/wp-content\/uploads\/2022\/06\/Ogrod-Olszanica1-1.png","width":180,"height":60,"caption":"Ogr\u00f3d Olszanica - Krakowskie Centrum Ogrodnicze"},"image":{"@id":"https:\/\/www.ogrodolszanica.pl\/#\/schema\/logo\/image\/"}},{"@type":"WebSite","@id":"https:\/\/www.ogrodolszanica.pl\/#website","url":"https:\/\/www.ogrodolszanica.pl\/","name":"Ogr&oacute;d Olszanica","description":"Centrum Ogrodnicze Krak&oacute;w","publisher":{"@id":"https:\/\/www.ogrodolszanica.pl\/#organization"},"potentialAction":[{"@type":"SearchAction","target":{"@type":"EntryPoint","urlTemplate":"https:\/\/www.ogrodolszanica.pl\/?s={search_term_string}"},"query-input":"required name=search_term_string"}],"inLanguage":"pl-PL"},{"@type":"ImageObject","inLanguage":"pl-PL","@id":"https:\/\/www.ogrodolszanica.pl\/index.php\/produkt\/cortaderia-selloana-rosea\/#primaryimage","url":"https:\/\/i0.wp.com\/www.ogrodolszanica.pl\/wp-content\/uploads\/2023\/06\/byliny-i-trawy_cortaderia-kortaderia_74251_1.jpg?fit=450%2C450&ssl=1","contentUrl":"https:\/\/i0.wp.com\/www.ogrodolszanica.pl\/wp-content\/uploads\/2023\/06\/byliny-i-trawy_cortaderia-kortaderia_74251_1.jpg?fit=450%2C450&ssl=1","width":450,"height":450},{"@type":"WebPage","@id":"https:\/\/www.ogrodolszanica.pl\/index.php\/produkt\/cortaderia-selloana-rosea\/#webpage","url":"https:\/\/www.ogrodolszanica.pl\/index.php\/produkt\/cortaderia-selloana-rosea\/","name":"Trawa Pampasowa Rosea - Ogr&oacute;d Olszanica","isPartOf":{"@id":"https:\/\/www.ogrodolszanica.pl\/#website"},"primaryImageOfPage":{"@id":"https:\/\/www.ogrodolszanica.pl\/index.php\/produkt\/cortaderia-selloana-rosea\/#primaryimage"},"datePublished":"2023-06-18T16:24:31+00:00","dateModified":"2026-03-03T17:39:07+00:00","breadcrumb":{"@id":"https:\/\/www.ogrodolszanica.pl\/index.php\/produkt\/cortaderia-selloana-rosea\/#breadcrumb"},"inLanguage":"pl-PL","potentialAction":[{"@type":"ReadAction","target":["https:\/\/www.ogrodolszanica.pl\/index.php\/produkt\/cortaderia-selloana-rosea\/"]}]},{"@type":"BreadcrumbList","@id":"https:\/\/www.ogrodolszanica.pl\/index.php\/produkt\/cortaderia-selloana-rosea\/#breadcrumb","itemListElement":[{"@type":"ListItem","position":1,"name":"Strona g\u0142\u00f3wna","item":"https:\/\/www.ogrodolszanica.pl\/"},{"@type":"ListItem","position":2,"name":"Produkty","item":"https:\/\/www.ogrodolszanica.pl\/index.php\/shop\/"},{"@type":"ListItem","position":3,"name":"Trawa Pampasowa Rosea"}]}]}},"jetpack-related-posts":[{"id":2289,"url":"https:\/\/www.ogrodolszanica.pl\/index.php\/produkt\/cortaderia-selloana\/","url_meta":{"origin":2295,"position":0},"title":"Trawa Pampasowa","date":"18 czerwca, 2023","format":false,"excerpt":"Trawa Pampasowa Barwa: Bia\u0142y szeroko\u015b\u0107: 100\u00a0cm wysoko\u015b\u0107: 200 cm wysoko\u015b\u0107 (kwitnienie): 300 cm kwitnienie: wrzesie\u0144 \u00f7 pa\u017adziernik stanowisko: s\u0142oneczne Dobierz odpowiednie pod\u0142o\u017ce z wybranych produkt\u00f3w w naszym sklepie: Pod\u0142o\u017ca \u00a0 \u00a0","rel":"","context":"Similar post","img":{"alt_text":"","src":"https:\/\/i0.wp.com\/www.ogrodolszanica.pl\/wp-content\/uploads\/2023\/06\/cortaderia-selloana_1-1.jpg?fit=450%2C450&ssl=1&resize=350%2C200","width":350,"height":200},"classes":[]},{"id":1696,"url":"https:\/\/www.ogrodolszanica.pl\/index.php\/produkt\/smialek-darniowy\/","url_meta":{"origin":2295,"position":1},"title":"\u015amia\u0142ek Darniowy","date":"17 lipca, 2022","format":false,"excerpt":"\u015amia\u0142ek Darniowy \u015amia\u0142ek darniowy jest do\u015b\u0107 wysok\u0105 traw\u0105 , tworz\u0105c\u0105 g\u0119ste, roz\u0142o\u017cyste, zwarte k\u0119py, z\u0142o\u017cone z d\u0142ugich, zielonych, smuk\u0142ych, sk\u00f3rzastych, szorstkich w dotyku i \u0142ukowato przewieszaj\u0105cych si\u0119 li\u015bci, z wyra\u017anie widocznym na blaszce unerwieniem. Rodzaj: \u015amia\u0142ek Barwa: Bia\u0142o-zielony szeroko\u015b\u0107: 60\u00a0cm wysoko\u015b\u0107: 100\u00a0cm wysoko\u015b\u0107 (kwitnienie): 150 kwitnienie: czerwiec \u00f7 wrzesie\u0144 stanowisko:\u2026","rel":"","context":"Similar post","img":{"alt_text":"","src":"https:\/\/i0.wp.com\/www.ogrodolszanica.pl\/wp-content\/uploads\/2022\/07\/byliny-i-trawy_deschampsia-smialek_79064_1.jpg?fit=650%2C650&ssl=1&resize=350%2C200","width":350,"height":200},"classes":[]},{"id":1732,"url":"https:\/\/www.ogrodolszanica.pl\/index.php\/produkt\/trzeslica-moorhexe\/","url_meta":{"origin":2295,"position":2},"title":"Trz\u0119\u015blica Moorhexe","date":"18 lipca, 2022","format":false,"excerpt":"Trz\u0119\u015blica Moorhexe \u015aredniej wielko\u015bci trawa o \u015bwie\u017cym zielonym kolorze. Najlepiej wkomponuje si\u0119 na \u015brodku mniejszej rabaty. Kwitnie od lipca. Jesieni\u0105 wybarwia si\u0119 na \u017c\u00f3\u0142to. Najlepsze stanowiska s\u0142oneczne i p\u00f3\u0142cienistena \u015bwie\u017cym pod\u0142o\u017cu. Przyci\u0105\u0107 zim\u0105 lub wczesn\u0105 wiosn\u0105. Rodzaj: Miskant Barwa: Zielono-\u017c\u00f3\u0142ty szeroko\u015b\u0107: 30\u00a0cm wysoko\u015b\u0107: 20\u00a0cm wysoko\u015b\u0107 (kwitnienie): 80 kwitnienie: sierpie\u0144 \u00f7\u2026","rel":"","context":"Similar post","img":{"alt_text":"","src":"https:\/\/i0.wp.com\/www.ogrodolszanica.pl\/wp-content\/uploads\/2022\/07\/byliny-i-trawy_molinia_75059_1.jpg?fit=579%2C650&ssl=1&resize=350%2C200","width":350,"height":200},"classes":[]},{"id":2677,"url":"https:\/\/www.ogrodolszanica.pl\/index.php\/produkt\/hakonechloa-greenhills\/","url_meta":{"origin":2295,"position":3},"title":"Hakonechloa Greenhills","date":"30 stycznia, 2024","format":false,"excerpt":"Hakonechloa Greenhills Atrakcyjna trawa ozdobna pochodz\u0105ca z Japonii o ciemnozielonych li\u015bciach. Tworzy szerokie k\u0119py. Najlepiej ro\u015bnie na stanowiskach wilgotnych, przepuszczalnych. Wygl\u0105da pi\u0119knie w donicach b\u0105d\u017a w kombinacji z innymi ro\u015blinami. W Polsce mo\u017ce nie by\u0107 w pe\u0142ni zimotrwa\u0142a, nale\u017cy zabezpieczy\u0107 ro\u015bliny na zim\u0119. rodzaj: Hakonechloa barwa: \u017b\u00f3\u0142to-zielona szeroko\u015b\u0107: 40\u00a0cm wysoko\u015b\u0107:\u2026","rel":"","context":"Similar post","img":{"alt_text":"","src":"https:\/\/i0.wp.com\/www.ogrodolszanica.pl\/wp-content\/uploads\/2024\/01\/hakonechloa-greenhills_75024_4.jpg?fit=650%2C467&ssl=1&resize=350%2C200","width":350,"height":200},"classes":[]},{"id":1693,"url":"https:\/\/www.ogrodolszanica.pl\/index.php\/produkt\/imperata-cylindryczna-red-baron\/","url_meta":{"origin":2295,"position":4},"title":"Imperata Cylindryczna Red Baron","date":"17 lipca, 2022","format":false,"excerpt":"Imperata Cylindryczna Red Baron Bardzo atrakcyjna, zimotrwa\u0142a, mrozoodporna trawa ozdobna o pocz\u0105tkowo zielonych li\u015bciach, stopniowo przebarwiaj\u0105cych si\u0119 na intensywnie czerwony kolor. Tworzy szerokie k\u0119py. Najbardziej atrakcyjny wygl\u0105du zyskuj\u0105 pod koniec sezonu. Najlepiej si\u0119 wybarwia, gdy ro\u015bnie na s\u0142onecznym stanowisk z umiarkowan\u0105 ilo\u015bci\u0105 wody. Rodzaj: Imperata cylindryczna Barwa: Czerwono-zielony szeroko\u015b\u0107: 20\u00a0cm\u2026","rel":"","context":"Similar post","img":{"alt_text":"","src":"https:\/\/i0.wp.com\/www.ogrodolszanica.pl\/wp-content\/uploads\/2022\/07\/byliny-i-trawy_imperata-imperata_79323_2.jpg?fit=467%2C650&ssl=1&resize=350%2C200","width":350,"height":200},"classes":[]},{"id":1738,"url":"https:\/\/www.ogrodolszanica.pl\/index.php\/produkt\/rozplenica-japonska-pennisetum-alopecuriodes\/","url_meta":{"origin":2295,"position":5},"title":"Rozplenica Japo\u0144ska Pennisetum Alopecuriodes","date":"18 lipca, 2022","format":false,"excerpt":"Rozplenica Japo\u0144ska Pennisetum Alopecuriodes Ozdobna trawa tworz\u0105ca g\u0119ste k\u0119py, wysoko\u015bci do 100 cm. Li\u015bcie w\u0105skie, ow\u0142osione. Kwiatostany w\u0105sko lancetowate, \u017c\u00f3\u0142tawe, br\u0105zowawe lub ciemnopurpurowe z rozstrzelonymi o\u015b\u0107mi. Wymaga ciep\u0142ych, cienistych miejsc, os\u0142oni\u0119tych przed silnymi wiatrami. Konieczne jest zabezpieczenie przed mrozem na czas zimy. Obumar\u0142e li\u015bcie \u015bcina si\u0119 dopiero wiosn\u0105. Rodzaj: Rozplenica\u2026","rel":"","context":"Similar post","img":{"alt_text":"","src":"https:\/\/i0.wp.com\/www.ogrodolszanica.pl\/wp-content\/uploads\/2022\/07\/byliny-i-trawy_pennisetum-rozplenica_74115_1.jpg?fit=650%2C650&ssl=1&resize=350%2C200","width":350,"height":200},"classes":[]}],"_links":{"self":[{"href":"https:\/\/www.ogrodolszanica.pl\/index.php\/wp-json\/wp\/v2\/product\/2295","targetHints":{"allow":["GET"]}}],"collection":[{"href":"https:\/\/www.ogrodolszanica.pl\/index.php\/wp-json\/wp\/v2\/product"}],"about":[{"href":"https:\/\/www.ogrodolszanica.pl\/index.php\/wp-json\/wp\/v2\/types\/product"}],"replies":[{"embeddable":true,"href":"https:\/\/www.ogrodolszanica.pl\/index.php\/wp-json\/wp\/v2\/comments?post=2295"}],"wp:featuredmedia":[{"embeddable":true,"href":"https:\/\/www.ogrodolszanica.pl\/index.php\/wp-json\/wp\/v2\/media\/2296"}],"wp:attachment":[{"href":"https:\/\/www.ogrodolszanica.pl\/index.php\/wp-json\/wp\/v2\/media?parent=2295"}],"wp:term":[{"taxonomy":"product_cat","embeddable":true,"href":"https:\/\/www.ogrodolszanica.pl\/index.php\/wp-json\/wp\/v2\/product_cat?post=2295"},{"taxonomy":"product_tag","embeddable":true,"href":"https:\/\/www.ogrodolszanica.pl\/index.php\/wp-json\/wp\/v2\/product_tag?post=2295"}],"curies":[{"name":"wp","href":"https:\/\/api.w.org\/{rel}","templated":true}]}}