{"id":2253,"date":"2023-05-24T16:31:38","date_gmt":"2023-05-24T16:31:38","guid":{"rendered":"https:\/\/www.ogrodolszanica.pl\/?post_type=product&#038;p=2253"},"modified":"2026-03-03T17:39:31","modified_gmt":"2026-03-03T17:39:31","slug":"roze-pnace","status":"publish","type":"product","link":"https:\/\/www.ogrodolszanica.pl\/index.php\/produkt\/roze-pnace\/","title":{"rendered":"R\u00f3\u017ce pn\u0105ce"},"content":{"rendered":"<h2 style=\"text-align: center;\">R\u00f3\u017ce pn\u0105ce<\/h2>\n<ul>\n<li>Rodzaj: R\u00f3\u017ca<\/li>\n<li>Barwa: Czerwony<\/li>\n<li>\n<div>szeroko\u015b\u0107: <strong>40 cm<\/strong><\/div>\n<\/li>\n<li>\n<div><b><\/b>wysoko\u015b\u0107: <strong>50<\/strong><b> cm<\/b><\/div>\n<\/li>\n<\/ul>\n<p>Dobierz odpowiednie pod\u0142o\u017ce z wybranych produkt\u00f3w w naszym sklepie: <a href=\"https:\/\/www.ogrodolszanica.pl\/index.php\/kategoria-produktu\/zin\/\">Pod\u0142o\u017ca<\/a><\/p>\n<p>&nbsp;<\/p>\n<p>&nbsp;<\/p>\n","protected":false},"excerpt":{"rendered":"<p>R\u00f3\u017ce pn\u0105ce Rodzaj: R\u00f3\u017ca Barwa: Czerwony szeroko\u015b\u0107: 40 cm wysoko\u015b\u0107: 50 cm Dobierz odpowiednie pod\u0142o\u017ce z wybranych produkt\u00f3w w naszym sklepie: Pod\u0142o\u017ca &nbsp; &nbsp;<\/p>\n","protected":false},"featured_media":2254,"comment_status":"open","ping_status":"closed","template":"","meta":{"site-sidebar-layout":"default","site-content-layout":"default","ast-global-header-display":"","ast-main-header-display":"","ast-hfb-above-header-display":"","ast-hfb-below-header-display":"","ast-hfb-mobile-header-display":"","site-post-title":"","ast-breadcrumbs-content":"","ast-featured-img":"","footer-sml-layout":"","theme-transparent-header-meta":"default","adv-header-id-meta":"","stick-header-meta":"","header-above-stick-meta":"","header-main-stick-meta":"","header-below-stick-meta":"","spay_email":""},"product_cat":[20,35],"product_tag":[],"class_list":["post-2253","product","type-product","status-publish","has-post-thumbnail","hentry","product_cat-rosliny","product_cat-roze"],"yoast_head":"<!-- This site is optimized with the Yoast SEO plugin v19.2 - https:\/\/yoast.com\/wordpress\/plugins\/seo\/ -->\n<title>R\u00f3\u017ce pn\u0105ce - Ogr&oacute;d Olszanica<\/title>\n<meta name=\"robots\" content=\"index, follow, max-snippet:-1, max-image-preview:large, max-video-preview:-1\" \/>\n<link rel=\"canonical\" href=\"https:\/\/www.ogrodolszanica.pl\/index.php\/produkt\/roze-pnace\/\" \/>\n<meta property=\"og:locale\" content=\"pl_PL\" \/>\n<meta property=\"og:type\" content=\"article\" \/>\n<meta property=\"og:title\" content=\"R\u00f3\u017ce pn\u0105ce - Ogr&oacute;d Olszanica\" \/>\n<meta property=\"og:description\" content=\"R\u00f3\u017ce pn\u0105ce Rodzaj: R\u00f3\u017ca Barwa: Czerwony szeroko\u015b\u0107: 40 cm wysoko\u015b\u0107: 50 cm Dobierz odpowiednie pod\u0142o\u017ce z wybranych produkt\u00f3w w naszym sklepie: Pod\u0142o\u017ca &nbsp; &nbsp;\" \/>\n<meta property=\"og:url\" content=\"https:\/\/www.ogrodolszanica.pl\/index.php\/produkt\/roze-pnace\/\" \/>\n<meta property=\"og:site_name\" content=\"Ogr&oacute;d Olszanica\" \/>\n<meta property=\"article:publisher\" content=\"https:\/\/www.facebook.com\/Ogrd-Olszanica-100807179225223\" \/>\n<meta property=\"article:modified_time\" content=\"2026-03-03T17:39:31+00:00\" \/>\n<meta property=\"og:image\" content=\"https:\/\/www.ogrodolszanica.pl\/wp-content\/uploads\/2023\/05\/image0.jpegmaxwidth2559.7000554800034maxheight1296-3.jpg\" \/>\n\t<meta property=\"og:image:width\" content=\"1296\" \/>\n\t<meta property=\"og:image:height\" content=\"1728\" \/>\n\t<meta property=\"og:image:type\" content=\"image\/jpeg\" \/>\n<meta name=\"author\" content=\"admin\" \/>\n<meta name=\"twitter:card\" content=\"summary_large_image\" \/>\n<meta name=\"twitter:label1\" content=\"Szacowany czas czytania\" \/>\n\t<meta name=\"twitter:data1\" content=\"1 minuta\" \/>\n<script type=\"application\/ld+json\" class=\"yoast-schema-graph\">{\"@context\":\"https:\/\/schema.org\",\"@graph\":[{\"@type\":\"Organization\",\"@id\":\"https:\/\/www.ogrodolszanica.pl\/#organization\",\"name\":\"Ogr\u00f3d Olszanica - Krakowskie Centrum Ogrodnicze\",\"url\":\"https:\/\/www.ogrodolszanica.pl\/\",\"sameAs\":[\"https:\/\/www.facebook.com\/Ogrd-Olszanica-100807179225223\"],\"logo\":{\"@type\":\"ImageObject\",\"inLanguage\":\"pl-PL\",\"@id\":\"https:\/\/www.ogrodolszanica.pl\/#\/schema\/logo\/image\/\",\"url\":\"http:\/\/www.ogrodolszanica.pl\/wp-content\/uploads\/2022\/06\/Ogrod-Olszanica1-1.png\",\"contentUrl\":\"http:\/\/www.ogrodolszanica.pl\/wp-content\/uploads\/2022\/06\/Ogrod-Olszanica1-1.png\",\"width\":180,\"height\":60,\"caption\":\"Ogr\u00f3d Olszanica - Krakowskie Centrum Ogrodnicze\"},\"image\":{\"@id\":\"https:\/\/www.ogrodolszanica.pl\/#\/schema\/logo\/image\/\"}},{\"@type\":\"WebSite\",\"@id\":\"https:\/\/www.ogrodolszanica.pl\/#website\",\"url\":\"https:\/\/www.ogrodolszanica.pl\/\",\"name\":\"Ogr&oacute;d Olszanica\",\"description\":\"Centrum Ogrodnicze Krak&oacute;w\",\"publisher\":{\"@id\":\"https:\/\/www.ogrodolszanica.pl\/#organization\"},\"potentialAction\":[{\"@type\":\"SearchAction\",\"target\":{\"@type\":\"EntryPoint\",\"urlTemplate\":\"https:\/\/www.ogrodolszanica.pl\/?s={search_term_string}\"},\"query-input\":\"required name=search_term_string\"}],\"inLanguage\":\"pl-PL\"},{\"@type\":\"ImageObject\",\"inLanguage\":\"pl-PL\",\"@id\":\"https:\/\/www.ogrodolszanica.pl\/index.php\/produkt\/roze-pnace\/#primaryimage\",\"url\":\"https:\/\/i0.wp.com\/www.ogrodolszanica.pl\/wp-content\/uploads\/2023\/05\/image0.jpegmaxwidth2559.7000554800034maxheight1296-3.jpg?fit=1296%2C1728&ssl=1\",\"contentUrl\":\"https:\/\/i0.wp.com\/www.ogrodolszanica.pl\/wp-content\/uploads\/2023\/05\/image0.jpegmaxwidth2559.7000554800034maxheight1296-3.jpg?fit=1296%2C1728&ssl=1\",\"width\":1296,\"height\":1728},{\"@type\":\"WebPage\",\"@id\":\"https:\/\/www.ogrodolszanica.pl\/index.php\/produkt\/roze-pnace\/#webpage\",\"url\":\"https:\/\/www.ogrodolszanica.pl\/index.php\/produkt\/roze-pnace\/\",\"name\":\"R\u00f3\u017ce pn\u0105ce - Ogr&oacute;d Olszanica\",\"isPartOf\":{\"@id\":\"https:\/\/www.ogrodolszanica.pl\/#website\"},\"primaryImageOfPage\":{\"@id\":\"https:\/\/www.ogrodolszanica.pl\/index.php\/produkt\/roze-pnace\/#primaryimage\"},\"datePublished\":\"2023-05-24T16:31:38+00:00\",\"dateModified\":\"2026-03-03T17:39:31+00:00\",\"breadcrumb\":{\"@id\":\"https:\/\/www.ogrodolszanica.pl\/index.php\/produkt\/roze-pnace\/#breadcrumb\"},\"inLanguage\":\"pl-PL\",\"potentialAction\":[{\"@type\":\"ReadAction\",\"target\":[\"https:\/\/www.ogrodolszanica.pl\/index.php\/produkt\/roze-pnace\/\"]}]},{\"@type\":\"BreadcrumbList\",\"@id\":\"https:\/\/www.ogrodolszanica.pl\/index.php\/produkt\/roze-pnace\/#breadcrumb\",\"itemListElement\":[{\"@type\":\"ListItem\",\"position\":1,\"name\":\"Strona g\u0142\u00f3wna\",\"item\":\"https:\/\/www.ogrodolszanica.pl\/\"},{\"@type\":\"ListItem\",\"position\":2,\"name\":\"Produkty\",\"item\":\"https:\/\/www.ogrodolszanica.pl\/index.php\/shop\/\"},{\"@type\":\"ListItem\",\"position\":3,\"name\":\"R\u00f3\u017ce pn\u0105ce\"}]}]}<\/script>\n<!-- \/ Yoast SEO plugin. -->","yoast_head_json":{"title":"R\u00f3\u017ce pn\u0105ce - Ogr&oacute;d Olszanica","robots":{"index":"index","follow":"follow","max-snippet":"max-snippet:-1","max-image-preview":"max-image-preview:large","max-video-preview":"max-video-preview:-1"},"canonical":"https:\/\/www.ogrodolszanica.pl\/index.php\/produkt\/roze-pnace\/","og_locale":"pl_PL","og_type":"article","og_title":"R\u00f3\u017ce pn\u0105ce - Ogr&oacute;d Olszanica","og_description":"R\u00f3\u017ce pn\u0105ce Rodzaj: R\u00f3\u017ca Barwa: Czerwony szeroko\u015b\u0107: 40 cm wysoko\u015b\u0107: 50 cm Dobierz odpowiednie pod\u0142o\u017ce z wybranych produkt\u00f3w w naszym sklepie: Pod\u0142o\u017ca &nbsp; &nbsp;","og_url":"https:\/\/www.ogrodolszanica.pl\/index.php\/produkt\/roze-pnace\/","og_site_name":"Ogr&oacute;d Olszanica","article_publisher":"https:\/\/www.facebook.com\/Ogrd-Olszanica-100807179225223","article_modified_time":"2026-03-03T17:39:31+00:00","og_image":[{"width":1296,"height":1728,"url":"https:\/\/www.ogrodolszanica.pl\/wp-content\/uploads\/2023\/05\/image0.jpegmaxwidth2559.7000554800034maxheight1296-3.jpg","type":"image\/jpeg"}],"author":"admin","twitter_card":"summary_large_image","twitter_misc":{"Szacowany czas czytania":"1 minuta"},"schema":{"@context":"https:\/\/schema.org","@graph":[{"@type":"Organization","@id":"https:\/\/www.ogrodolszanica.pl\/#organization","name":"Ogr\u00f3d Olszanica - Krakowskie Centrum Ogrodnicze","url":"https:\/\/www.ogrodolszanica.pl\/","sameAs":["https:\/\/www.facebook.com\/Ogrd-Olszanica-100807179225223"],"logo":{"@type":"ImageObject","inLanguage":"pl-PL","@id":"https:\/\/www.ogrodolszanica.pl\/#\/schema\/logo\/image\/","url":"http:\/\/www.ogrodolszanica.pl\/wp-content\/uploads\/2022\/06\/Ogrod-Olszanica1-1.png","contentUrl":"http:\/\/www.ogrodolszanica.pl\/wp-content\/uploads\/2022\/06\/Ogrod-Olszanica1-1.png","width":180,"height":60,"caption":"Ogr\u00f3d Olszanica - Krakowskie Centrum Ogrodnicze"},"image":{"@id":"https:\/\/www.ogrodolszanica.pl\/#\/schema\/logo\/image\/"}},{"@type":"WebSite","@id":"https:\/\/www.ogrodolszanica.pl\/#website","url":"https:\/\/www.ogrodolszanica.pl\/","name":"Ogr&oacute;d Olszanica","description":"Centrum Ogrodnicze Krak&oacute;w","publisher":{"@id":"https:\/\/www.ogrodolszanica.pl\/#organization"},"potentialAction":[{"@type":"SearchAction","target":{"@type":"EntryPoint","urlTemplate":"https:\/\/www.ogrodolszanica.pl\/?s={search_term_string}"},"query-input":"required name=search_term_string"}],"inLanguage":"pl-PL"},{"@type":"ImageObject","inLanguage":"pl-PL","@id":"https:\/\/www.ogrodolszanica.pl\/index.php\/produkt\/roze-pnace\/#primaryimage","url":"https:\/\/i0.wp.com\/www.ogrodolszanica.pl\/wp-content\/uploads\/2023\/05\/image0.jpegmaxwidth2559.7000554800034maxheight1296-3.jpg?fit=1296%2C1728&ssl=1","contentUrl":"https:\/\/i0.wp.com\/www.ogrodolszanica.pl\/wp-content\/uploads\/2023\/05\/image0.jpegmaxwidth2559.7000554800034maxheight1296-3.jpg?fit=1296%2C1728&ssl=1","width":1296,"height":1728},{"@type":"WebPage","@id":"https:\/\/www.ogrodolszanica.pl\/index.php\/produkt\/roze-pnace\/#webpage","url":"https:\/\/www.ogrodolszanica.pl\/index.php\/produkt\/roze-pnace\/","name":"R\u00f3\u017ce pn\u0105ce - Ogr&oacute;d Olszanica","isPartOf":{"@id":"https:\/\/www.ogrodolszanica.pl\/#website"},"primaryImageOfPage":{"@id":"https:\/\/www.ogrodolszanica.pl\/index.php\/produkt\/roze-pnace\/#primaryimage"},"datePublished":"2023-05-24T16:31:38+00:00","dateModified":"2026-03-03T17:39:31+00:00","breadcrumb":{"@id":"https:\/\/www.ogrodolszanica.pl\/index.php\/produkt\/roze-pnace\/#breadcrumb"},"inLanguage":"pl-PL","potentialAction":[{"@type":"ReadAction","target":["https:\/\/www.ogrodolszanica.pl\/index.php\/produkt\/roze-pnace\/"]}]},{"@type":"BreadcrumbList","@id":"https:\/\/www.ogrodolszanica.pl\/index.php\/produkt\/roze-pnace\/#breadcrumb","itemListElement":[{"@type":"ListItem","position":1,"name":"Strona g\u0142\u00f3wna","item":"https:\/\/www.ogrodolszanica.pl\/"},{"@type":"ListItem","position":2,"name":"Produkty","item":"https:\/\/www.ogrodolszanica.pl\/index.php\/shop\/"},{"@type":"ListItem","position":3,"name":"R\u00f3\u017ce pn\u0105ce"}]}]}},"jetpack-related-posts":[{"id":2248,"url":"https:\/\/www.ogrodolszanica.pl\/index.php\/produkt\/roze-rabatowe-okrywowe\/","url_meta":{"origin":2253,"position":0},"title":"R\u00f3\u017ce rabatowe\/okrywowe","date":"23 maja, 2023","format":false,"excerpt":"R\u00f3\u017ce rabatowe\/okrywowe Rodzaj: R\u00f3\u017ca Barwa: Czerwony szeroko\u015b\u0107: 50 cm wysoko\u015b\u0107: 60 cm Dobierz odpowiednie pod\u0142o\u017ce z wybranych produkt\u00f3w w naszym sklepie: Pod\u0142o\u017ca \u00a0 \u00a0","rel":"","context":"Similar post","img":{"alt_text":"","src":"https:\/\/i0.wp.com\/www.ogrodolszanica.pl\/wp-content\/uploads\/2023\/05\/image0.jpegmaxwidth2559.7000554800034maxheight1239-10.jpg?fit=900%2C1200&ssl=1&resize=350%2C200","width":350,"height":200},"classes":[]},{"id":4155,"url":"https:\/\/www.ogrodolszanica.pl\/index.php\/produkt\/szpilka-metalowa-galwanizowana-u-3-cm-x-15-cm-50-szt-bradas\/","url_meta":{"origin":2253,"position":1},"title":"Szpilka metalowa galwanizowana U 3 cm x 15 cm 50 szt. Bradas","date":"8 marca, 2026","format":false,"excerpt":"Szpilki metalowe galwanizowane w kszta\u0142cie \"U\" 50 szt. szer. 3cm \/ wys.15cm Szpilki gwarantuj\u0105 trwa\u0142e mocowanie agrow\u0142\u00f3kniny, agrotkaniny lub siatek na krety. Ko\u0142ki tego rodzaju s\u0105 cz\u0119sto u\u017cywane na\u00a0skarpach, lub\u00a0wzniesieniach\u00a0a tak\u017ce\u00a0podczas silnego wiatru, gdy mocowanie jest szczeg\u00f3lnie utrudnione. Szpilki dzi\u0119ki swojej op\u0142ywowej budowie mog\u0105 by\u0107 wielokrotnie wbijane i wyci\u0105gane bez\u2026","rel":"","context":"Similar post","img":{"alt_text":"","src":"https:\/\/i0.wp.com\/www.ogrodolszanica.pl\/wp-content\/uploads\/2026\/03\/SZPILKA-MOCUJACA-METALOWA-3X15CM-50-SZTUK-BRADAS.jpg?fit=283%2C546&ssl=1&resize=350%2C200","width":350,"height":200},"classes":[]},{"id":4052,"url":"https:\/\/www.ogrodolszanica.pl\/index.php\/produkt\/mala-lopatka-ogrodowa\/","url_meta":{"origin":2253,"position":2},"title":"Ma\u0142a \u0142opatka ogrodowa","date":"4 marca, 2026","format":false,"excerpt":"Ma\u0142a \u0142opatka ogrodowa to por\u0119czne narz\u0119dzie przeznaczone do drobnych prac ogrodniczych, takich jak sadzenie sadzonek, przesadzanie kwiat\u00f3w, spulchnianie gleby w doniczkach czy innych precyzyjnych czynno\u015bci w ogrodzie. D\u0142ugo\u015b\u0107 ca\u0142kowita (w cm):\u00a025 D\u0142ugo\u015b\u0107 uchwytu (w cm):\u00a011 Szeroko\u015b\u0107 g\u0142owicy (w cm):\u00a08 \u015arednica dr\u0105\u017cka (w mm):\u00a025 Typ produktu:\u00a0\u0141opata Materia\u0142 g\u0142\u00f3wny w ca\u0142kowitej masie\u2026","rel":"","context":"Similar post","img":{"alt_text":"","src":"https:\/\/i0.wp.com\/www.ogrodolszanica.pl\/wp-content\/uploads\/2026\/03\/IMG20260303164018-scaled.jpg?fit=904%2C1200&ssl=1&resize=350%2C200","width":350,"height":200},"classes":[]},{"id":1851,"url":"https:\/\/www.ogrodolszanica.pl\/index.php\/produkt\/naparstnica-purpurowa\/","url_meta":{"origin":2253,"position":3},"title":"Naparstnica Purpurowa","date":"23 lipca, 2022","format":false,"excerpt":"Naparstnica Purpurowa Naparstnica purpurowa nale\u017cy do ro\u015blin dwuletnich, dorasta do 80-120 cm wysoko\u015bci. Tworzy efektowne d\u0142ugie kwiatostany, z\u0142o\u017cone z dzwonkowatych, purpurowych kwiat\u00f3w. Najpierw rozwijaj\u0105 si\u0119 najni\u017csze kwiaty, nast\u0119pnie te po\u0142o\u017cone coraz wy\u017cej Rodzaj: Naparstnica Barwa: Purpurowy szeroko\u015b\u0107: 40 cm wysoko\u015b\u0107: 50\u00a0cm wysoko\u015b\u0107 (kwitnienie): 120\u00a0cm kwitnienie: czerwiec \u00f7 lipiec stanowisko:\u00a0s\u0142oneczne Dobierz\u2026","rel":"","context":"Similar post","img":{"alt_text":"","src":"https:\/\/i0.wp.com\/www.ogrodolszanica.pl\/wp-content\/uploads\/2022\/07\/291609345_593743282108515_7352736883251489815_n.jpg?fit=900%2C1200&ssl=1&resize=350%2C200","width":350,"height":200},"classes":[]},{"id":2042,"url":"https:\/\/www.ogrodolszanica.pl\/index.php\/produkt\/petunia\/","url_meta":{"origin":2253,"position":4},"title":"Petunia ogrodowa","date":"14 marca, 2023","format":false,"excerpt":"Petunia ogrodowa \u00a0 Rodzaj: Petunia Barwa: R\u00f3\u017cnokolorowa szeroko\u015b\u0107: 40 cm wysoko\u015b\u0107: 35 cm - 50\u00a0cm kwitnienie: maj \u00a0\u00f7 pa\u017adziernik stanowisko: s\u0142oneczne Dobierz odpowiednie pod\u0142o\u017ce z wybranych produkt\u00f3w w naszym sklepie: Pod\u0142o\u017ca \u00a0 \u00a0","rel":"","context":"Similar post","img":{"alt_text":"","src":"https:\/\/i0.wp.com\/www.ogrodolszanica.pl\/wp-content\/uploads\/2023\/03\/rosliny-jednoroczne-wiosenne_grandiflora-festival_43042_1.jpg?fit=450%2C450&ssl=1&resize=350%2C200","width":350,"height":200},"classes":[]},{"id":2289,"url":"https:\/\/www.ogrodolszanica.pl\/index.php\/produkt\/cortaderia-selloana\/","url_meta":{"origin":2253,"position":5},"title":"Trawa Pampasowa","date":"18 czerwca, 2023","format":false,"excerpt":"Trawa Pampasowa Barwa: Bia\u0142y szeroko\u015b\u0107: 100\u00a0cm wysoko\u015b\u0107: 200 cm wysoko\u015b\u0107 (kwitnienie): 300 cm kwitnienie: wrzesie\u0144 \u00f7 pa\u017adziernik stanowisko: s\u0142oneczne Dobierz odpowiednie pod\u0142o\u017ce z wybranych produkt\u00f3w w naszym sklepie: Pod\u0142o\u017ca \u00a0 \u00a0","rel":"","context":"Similar post","img":{"alt_text":"","src":"https:\/\/i0.wp.com\/www.ogrodolszanica.pl\/wp-content\/uploads\/2023\/06\/cortaderia-selloana_1-1.jpg?fit=450%2C450&ssl=1&resize=350%2C200","width":350,"height":200},"classes":[]}],"_links":{"self":[{"href":"https:\/\/www.ogrodolszanica.pl\/index.php\/wp-json\/wp\/v2\/product\/2253","targetHints":{"allow":["GET"]}}],"collection":[{"href":"https:\/\/www.ogrodolszanica.pl\/index.php\/wp-json\/wp\/v2\/product"}],"about":[{"href":"https:\/\/www.ogrodolszanica.pl\/index.php\/wp-json\/wp\/v2\/types\/product"}],"replies":[{"embeddable":true,"href":"https:\/\/www.ogrodolszanica.pl\/index.php\/wp-json\/wp\/v2\/comments?post=2253"}],"wp:featuredmedia":[{"embeddable":true,"href":"https:\/\/www.ogrodolszanica.pl\/index.php\/wp-json\/wp\/v2\/media\/2254"}],"wp:attachment":[{"href":"https:\/\/www.ogrodolszanica.pl\/index.php\/wp-json\/wp\/v2\/media?parent=2253"}],"wp:term":[{"taxonomy":"product_cat","embeddable":true,"href":"https:\/\/www.ogrodolszanica.pl\/index.php\/wp-json\/wp\/v2\/product_cat?post=2253"},{"taxonomy":"product_tag","embeddable":true,"href":"https:\/\/www.ogrodolszanica.pl\/index.php\/wp-json\/wp\/v2\/product_tag?post=2253"}],"curies":[{"name":"wp","href":"https:\/\/api.w.org\/{rel}","templated":true}]}}