{"id":2233,"date":"2023-05-23T16:28:42","date_gmt":"2023-05-23T16:28:42","guid":{"rendered":"https:\/\/www.ogrodolszanica.pl\/?post_type=product&#038;p=2233"},"modified":"2026-03-07T19:57:04","modified_gmt":"2026-03-07T19:57:04","slug":"zawilec-margarete","status":"publish","type":"product","link":"https:\/\/www.ogrodolszanica.pl\/index.php\/produkt\/zawilec-margarete\/","title":{"rendered":"Zawilec Margarete"},"content":{"rendered":"<h2 style=\"text-align: center;\">Zawilec Margarete<\/h2>\n<p>Doskona\u0142a odmiana do letnich i jesiennych ogrod\u00f3w. Tworzy zwarte k\u0119py. Nadaje si\u0119 na kwiat ci\u0119ty.<\/p>\n<ul>\n<li>Rodzaj: Zawilec<\/li>\n<li>Barwa: Ciemnor\u00f3\u017cowy<\/li>\n<li>\n<div>szeroko\u015b\u0107: <strong>60 cm<\/strong><\/div>\n<\/li>\n<li>\n<div><b><\/b>wysoko\u015b\u0107: <strong>75<\/strong><b>\u00a0cm<\/b><\/div>\n<\/li>\n<li>\n<div><b><\/b>wysoko\u015b\u0107 (kwitnienie): <strong>90<\/strong><b>\u00a0cm<\/b><\/div>\n<\/li>\n<li><b><\/b>kwitnienie: <b>sierpie\u0144 \u00f7 pa\u017adziernik<\/b><\/li>\n<li>\n<div><b><\/b>stanowisko: <strong>s\u0142oneczne,<\/strong> <b>p\u00f3\u0142cieniste<\/b><\/div>\n<\/li>\n<\/ul>\n<p>Dobierz odpowiednie pod\u0142o\u017ce z wybranych produkt\u00f3w w naszym sklepie: <a href=\"https:\/\/www.ogrodolszanica.pl\/index.php\/kategoria-produktu\/zin\/\">Pod\u0142o\u017ca<\/a><\/p>\n<p>&nbsp;<\/p>\n<p>&nbsp;<\/p>\n","protected":false},"excerpt":{"rendered":"<p>Zawilec Margarete Doskona\u0142a odmiana do letnich i jesiennych ogrod\u00f3w. Tworzy zwarte k\u0119py. Nadaje si\u0119 na kwiat ci\u0119ty. Rodzaj: Zawilec Barwa: Ciemnor\u00f3\u017cowy szeroko\u015b\u0107: 60 cm wysoko\u015b\u0107: 75\u00a0cm wysoko\u015b\u0107 (kwitnienie): 90\u00a0cm kwitnienie: sierpie\u0144 \u00f7 pa\u017adziernik stanowisko: s\u0142oneczne, p\u00f3\u0142cieniste Dobierz odpowiednie pod\u0142o\u017ce z wybranych produkt\u00f3w w naszym sklepie: Pod\u0142o\u017ca &nbsp; &nbsp;<\/p>\n","protected":false},"featured_media":2234,"comment_status":"open","ping_status":"closed","template":"","meta":{"site-sidebar-layout":"default","site-content-layout":"default","ast-global-header-display":"","ast-main-header-display":"","ast-hfb-above-header-display":"","ast-hfb-below-header-display":"","ast-hfb-mobile-header-display":"","site-post-title":"","ast-breadcrumbs-content":"","ast-featured-img":"","footer-sml-layout":"","theme-transparent-header-meta":"default","adv-header-id-meta":"","stick-header-meta":"","header-above-stick-meta":"","header-main-stick-meta":"","header-below-stick-meta":"","spay_email":""},"product_cat":[29,20,95],"product_tag":[],"class_list":["post-2233","product","type-product","status-publish","has-post-thumbnail","hentry","product_cat-byliny","product_cat-rosliny","product_cat-zawilce"],"yoast_head":"<!-- This site is optimized with the Yoast SEO plugin v19.2 - https:\/\/yoast.com\/wordpress\/plugins\/seo\/ -->\n<title>Zawilec Margarete - Ogr&oacute;d Olszanica<\/title>\n<meta name=\"robots\" content=\"index, follow, max-snippet:-1, max-image-preview:large, max-video-preview:-1\" \/>\n<link rel=\"canonical\" href=\"https:\/\/www.ogrodolszanica.pl\/index.php\/produkt\/zawilec-margarete\/\" \/>\n<meta property=\"og:locale\" content=\"pl_PL\" \/>\n<meta property=\"og:type\" content=\"article\" \/>\n<meta property=\"og:title\" content=\"Zawilec Margarete - Ogr&oacute;d Olszanica\" \/>\n<meta property=\"og:description\" content=\"Zawilec Margarete Doskona\u0142a odmiana do letnich i jesiennych ogrod\u00f3w. Tworzy zwarte k\u0119py. Nadaje si\u0119 na kwiat ci\u0119ty. Rodzaj: Zawilec Barwa: Ciemnor\u00f3\u017cowy szeroko\u015b\u0107: 60 cm wysoko\u015b\u0107: 75\u00a0cm wysoko\u015b\u0107 (kwitnienie): 90\u00a0cm kwitnienie: sierpie\u0144 \u00f7 pa\u017adziernik stanowisko: s\u0142oneczne, p\u00f3\u0142cieniste Dobierz odpowiednie pod\u0142o\u017ce z wybranych produkt\u00f3w w naszym sklepie: Pod\u0142o\u017ca &nbsp; &nbsp;\" \/>\n<meta property=\"og:url\" content=\"https:\/\/www.ogrodolszanica.pl\/index.php\/produkt\/zawilec-margarete\/\" \/>\n<meta property=\"og:site_name\" content=\"Ogr&oacute;d Olszanica\" \/>\n<meta property=\"article:publisher\" content=\"https:\/\/www.facebook.com\/Ogrd-Olszanica-100807179225223\" \/>\n<meta property=\"article:modified_time\" content=\"2026-03-07T19:57:04+00:00\" \/>\n<meta property=\"og:image\" content=\"https:\/\/www.ogrodolszanica.pl\/wp-content\/uploads\/2023\/05\/anemone-margarete_7.jpg\" \/>\n\t<meta property=\"og:image:width\" content=\"650\" \/>\n\t<meta property=\"og:image:height\" content=\"488\" \/>\n\t<meta property=\"og:image:type\" content=\"image\/jpeg\" \/>\n<meta name=\"author\" content=\"admin\" \/>\n<meta name=\"twitter:card\" content=\"summary_large_image\" \/>\n<meta name=\"twitter:label1\" content=\"Szacowany czas czytania\" \/>\n\t<meta name=\"twitter:data1\" content=\"1 minuta\" \/>\n<script type=\"application\/ld+json\" class=\"yoast-schema-graph\">{\"@context\":\"https:\/\/schema.org\",\"@graph\":[{\"@type\":\"Organization\",\"@id\":\"https:\/\/www.ogrodolszanica.pl\/#organization\",\"name\":\"Ogr\u00f3d Olszanica - Krakowskie Centrum Ogrodnicze\",\"url\":\"https:\/\/www.ogrodolszanica.pl\/\",\"sameAs\":[\"https:\/\/www.facebook.com\/Ogrd-Olszanica-100807179225223\"],\"logo\":{\"@type\":\"ImageObject\",\"inLanguage\":\"pl-PL\",\"@id\":\"https:\/\/www.ogrodolszanica.pl\/#\/schema\/logo\/image\/\",\"url\":\"http:\/\/www.ogrodolszanica.pl\/wp-content\/uploads\/2022\/06\/Ogrod-Olszanica1-1.png\",\"contentUrl\":\"http:\/\/www.ogrodolszanica.pl\/wp-content\/uploads\/2022\/06\/Ogrod-Olszanica1-1.png\",\"width\":180,\"height\":60,\"caption\":\"Ogr\u00f3d Olszanica - Krakowskie Centrum Ogrodnicze\"},\"image\":{\"@id\":\"https:\/\/www.ogrodolszanica.pl\/#\/schema\/logo\/image\/\"}},{\"@type\":\"WebSite\",\"@id\":\"https:\/\/www.ogrodolszanica.pl\/#website\",\"url\":\"https:\/\/www.ogrodolszanica.pl\/\",\"name\":\"Ogr&oacute;d Olszanica\",\"description\":\"Centrum Ogrodnicze Krak&oacute;w\",\"publisher\":{\"@id\":\"https:\/\/www.ogrodolszanica.pl\/#organization\"},\"potentialAction\":[{\"@type\":\"SearchAction\",\"target\":{\"@type\":\"EntryPoint\",\"urlTemplate\":\"https:\/\/www.ogrodolszanica.pl\/?s={search_term_string}\"},\"query-input\":\"required name=search_term_string\"}],\"inLanguage\":\"pl-PL\"},{\"@type\":\"ImageObject\",\"inLanguage\":\"pl-PL\",\"@id\":\"https:\/\/www.ogrodolszanica.pl\/index.php\/produkt\/zawilec-margarete\/#primaryimage\",\"url\":\"https:\/\/i0.wp.com\/www.ogrodolszanica.pl\/wp-content\/uploads\/2023\/05\/anemone-margarete_7.jpg?fit=650%2C488&ssl=1\",\"contentUrl\":\"https:\/\/i0.wp.com\/www.ogrodolszanica.pl\/wp-content\/uploads\/2023\/05\/anemone-margarete_7.jpg?fit=650%2C488&ssl=1\",\"width\":650,\"height\":488},{\"@type\":\"WebPage\",\"@id\":\"https:\/\/www.ogrodolszanica.pl\/index.php\/produkt\/zawilec-margarete\/#webpage\",\"url\":\"https:\/\/www.ogrodolszanica.pl\/index.php\/produkt\/zawilec-margarete\/\",\"name\":\"Zawilec Margarete - Ogr&oacute;d Olszanica\",\"isPartOf\":{\"@id\":\"https:\/\/www.ogrodolszanica.pl\/#website\"},\"primaryImageOfPage\":{\"@id\":\"https:\/\/www.ogrodolszanica.pl\/index.php\/produkt\/zawilec-margarete\/#primaryimage\"},\"datePublished\":\"2023-05-23T16:28:42+00:00\",\"dateModified\":\"2026-03-07T19:57:04+00:00\",\"breadcrumb\":{\"@id\":\"https:\/\/www.ogrodolszanica.pl\/index.php\/produkt\/zawilec-margarete\/#breadcrumb\"},\"inLanguage\":\"pl-PL\",\"potentialAction\":[{\"@type\":\"ReadAction\",\"target\":[\"https:\/\/www.ogrodolszanica.pl\/index.php\/produkt\/zawilec-margarete\/\"]}]},{\"@type\":\"BreadcrumbList\",\"@id\":\"https:\/\/www.ogrodolszanica.pl\/index.php\/produkt\/zawilec-margarete\/#breadcrumb\",\"itemListElement\":[{\"@type\":\"ListItem\",\"position\":1,\"name\":\"Strona g\u0142\u00f3wna\",\"item\":\"https:\/\/www.ogrodolszanica.pl\/\"},{\"@type\":\"ListItem\",\"position\":2,\"name\":\"Produkty\",\"item\":\"https:\/\/www.ogrodolszanica.pl\/index.php\/shop\/\"},{\"@type\":\"ListItem\",\"position\":3,\"name\":\"Zawilec Margarete\"}]}]}<\/script>\n<!-- \/ Yoast SEO plugin. -->","yoast_head_json":{"title":"Zawilec Margarete - Ogr&oacute;d Olszanica","robots":{"index":"index","follow":"follow","max-snippet":"max-snippet:-1","max-image-preview":"max-image-preview:large","max-video-preview":"max-video-preview:-1"},"canonical":"https:\/\/www.ogrodolszanica.pl\/index.php\/produkt\/zawilec-margarete\/","og_locale":"pl_PL","og_type":"article","og_title":"Zawilec Margarete - Ogr&oacute;d Olszanica","og_description":"Zawilec Margarete Doskona\u0142a odmiana do letnich i jesiennych ogrod\u00f3w. Tworzy zwarte k\u0119py. Nadaje si\u0119 na kwiat ci\u0119ty. Rodzaj: Zawilec Barwa: Ciemnor\u00f3\u017cowy szeroko\u015b\u0107: 60 cm wysoko\u015b\u0107: 75\u00a0cm wysoko\u015b\u0107 (kwitnienie): 90\u00a0cm kwitnienie: sierpie\u0144 \u00f7 pa\u017adziernik stanowisko: s\u0142oneczne, p\u00f3\u0142cieniste Dobierz odpowiednie pod\u0142o\u017ce z wybranych produkt\u00f3w w naszym sklepie: Pod\u0142o\u017ca &nbsp; &nbsp;","og_url":"https:\/\/www.ogrodolszanica.pl\/index.php\/produkt\/zawilec-margarete\/","og_site_name":"Ogr&oacute;d Olszanica","article_publisher":"https:\/\/www.facebook.com\/Ogrd-Olszanica-100807179225223","article_modified_time":"2026-03-07T19:57:04+00:00","og_image":[{"width":650,"height":488,"url":"https:\/\/www.ogrodolszanica.pl\/wp-content\/uploads\/2023\/05\/anemone-margarete_7.jpg","type":"image\/jpeg"}],"author":"admin","twitter_card":"summary_large_image","twitter_misc":{"Szacowany czas czytania":"1 minuta"},"schema":{"@context":"https:\/\/schema.org","@graph":[{"@type":"Organization","@id":"https:\/\/www.ogrodolszanica.pl\/#organization","name":"Ogr\u00f3d Olszanica - Krakowskie Centrum Ogrodnicze","url":"https:\/\/www.ogrodolszanica.pl\/","sameAs":["https:\/\/www.facebook.com\/Ogrd-Olszanica-100807179225223"],"logo":{"@type":"ImageObject","inLanguage":"pl-PL","@id":"https:\/\/www.ogrodolszanica.pl\/#\/schema\/logo\/image\/","url":"http:\/\/www.ogrodolszanica.pl\/wp-content\/uploads\/2022\/06\/Ogrod-Olszanica1-1.png","contentUrl":"http:\/\/www.ogrodolszanica.pl\/wp-content\/uploads\/2022\/06\/Ogrod-Olszanica1-1.png","width":180,"height":60,"caption":"Ogr\u00f3d Olszanica - Krakowskie Centrum Ogrodnicze"},"image":{"@id":"https:\/\/www.ogrodolszanica.pl\/#\/schema\/logo\/image\/"}},{"@type":"WebSite","@id":"https:\/\/www.ogrodolszanica.pl\/#website","url":"https:\/\/www.ogrodolszanica.pl\/","name":"Ogr&oacute;d Olszanica","description":"Centrum Ogrodnicze Krak&oacute;w","publisher":{"@id":"https:\/\/www.ogrodolszanica.pl\/#organization"},"potentialAction":[{"@type":"SearchAction","target":{"@type":"EntryPoint","urlTemplate":"https:\/\/www.ogrodolszanica.pl\/?s={search_term_string}"},"query-input":"required name=search_term_string"}],"inLanguage":"pl-PL"},{"@type":"ImageObject","inLanguage":"pl-PL","@id":"https:\/\/www.ogrodolszanica.pl\/index.php\/produkt\/zawilec-margarete\/#primaryimage","url":"https:\/\/i0.wp.com\/www.ogrodolszanica.pl\/wp-content\/uploads\/2023\/05\/anemone-margarete_7.jpg?fit=650%2C488&ssl=1","contentUrl":"https:\/\/i0.wp.com\/www.ogrodolszanica.pl\/wp-content\/uploads\/2023\/05\/anemone-margarete_7.jpg?fit=650%2C488&ssl=1","width":650,"height":488},{"@type":"WebPage","@id":"https:\/\/www.ogrodolszanica.pl\/index.php\/produkt\/zawilec-margarete\/#webpage","url":"https:\/\/www.ogrodolszanica.pl\/index.php\/produkt\/zawilec-margarete\/","name":"Zawilec Margarete - Ogr&oacute;d Olszanica","isPartOf":{"@id":"https:\/\/www.ogrodolszanica.pl\/#website"},"primaryImageOfPage":{"@id":"https:\/\/www.ogrodolszanica.pl\/index.php\/produkt\/zawilec-margarete\/#primaryimage"},"datePublished":"2023-05-23T16:28:42+00:00","dateModified":"2026-03-07T19:57:04+00:00","breadcrumb":{"@id":"https:\/\/www.ogrodolszanica.pl\/index.php\/produkt\/zawilec-margarete\/#breadcrumb"},"inLanguage":"pl-PL","potentialAction":[{"@type":"ReadAction","target":["https:\/\/www.ogrodolszanica.pl\/index.php\/produkt\/zawilec-margarete\/"]}]},{"@type":"BreadcrumbList","@id":"https:\/\/www.ogrodolszanica.pl\/index.php\/produkt\/zawilec-margarete\/#breadcrumb","itemListElement":[{"@type":"ListItem","position":1,"name":"Strona g\u0142\u00f3wna","item":"https:\/\/www.ogrodolszanica.pl\/"},{"@type":"ListItem","position":2,"name":"Produkty","item":"https:\/\/www.ogrodolszanica.pl\/index.php\/shop\/"},{"@type":"ListItem","position":3,"name":"Zawilec Margarete"}]}]}},"jetpack-related-posts":[{"id":1901,"url":"https:\/\/www.ogrodolszanica.pl\/index.php\/produkt\/zawilec-summer-breeze\/","url_meta":{"origin":2233,"position":0},"title":"Zawilec Summer Breeze","date":"3 sierpnia, 2022","format":false,"excerpt":"Zawilec Summer Breeze Jasnor\u00f3\u017cowy o pojedynczych kwiatostanach. Kwitnie jak inne japo\u0144skie anemony p\u00f3\u017anym latem i jesieni\u0105 - od sierpnia do pa\u017adziernika. Rozrasta si\u0119 w ogrodzie przez roz\u0142ogi. Rodzaj: Zawilec Barwa: R\u00f3\u017cowy szeroko\u015b\u0107: 30 cm wysoko\u015b\u0107: 40\u00a0cm wysoko\u015b\u0107 (kwitnienie): 45\u00a0cm kwitnienie: lipiec \u00f7 sierpie\u0144 stanowisko:\u00a0s\u0142oneczne, p\u00f3\u0142cieniste Dobierz odpowiednie pod\u0142o\u017ce z wybranych\u2026","rel":"","context":"Similar post","img":{"alt_text":"","src":"https:\/\/i0.wp.com\/www.ogrodolszanica.pl\/wp-content\/uploads\/2022\/08\/byliny-i-trawy_summer-breeze_73262_5.jpg?fit=434%2C650&ssl=1&resize=350%2C200","width":350,"height":200},"classes":[]},{"id":2614,"url":"https:\/\/www.ogrodolszanica.pl\/index.php\/produkt\/zawilec-bressingham-glow\/","url_meta":{"origin":2233,"position":1},"title":"Zawilec Bressingham Glow","date":"29 stycznia, 2024","format":false,"excerpt":"Zawilec Bressingham Glow Zawilec japo\u0144ski o p\u00f3\u0142pe\u0142nych ciemnor\u00f3\u017cowych kwiatach,\u015brednicy 50-70 mm, zebrane w szczytowe, baldachokszta\u0142tnekwiatostany. Li\u015bcie podzielone s\u0105 na 3 klapy lub 3 listki. Jedna\u00a0z najbardziej widowiskowych bylin w jesiennym ogrodzie.\u00a0Najlepiej ro\u015bnie w p\u00f3\u0142cieniu, wymaga gleby gliniasto\u00a0- piaszczystej, jest wra\u017cliwy na susz\u0119. Dobrze zimuje\u00a0pod grub\u0105 warstw\u0105 suchych li\u015bci. Idealna jako\u2026","rel":"","context":"Similar post","img":{"alt_text":"","src":"https:\/\/i0.wp.com\/www.ogrodolszanica.pl\/wp-content\/uploads\/2024\/01\/anemone-x-hybrida-bressingham-glow_4.jpg?fit=434%2C650&ssl=1&resize=350%2C200","width":350,"height":200},"classes":[]},{"id":1522,"url":"https:\/\/www.ogrodolszanica.pl\/index.php\/produkt\/zawilec-prinz-heinrich\/","url_meta":{"origin":2233,"position":2},"title":"Zawilec Prinz Heinrich","date":"8 lipca, 2022","format":false,"excerpt":"Zawilec japo\u0144ski Prinz Heinrich Anemone hupehensis Cudowna odmiana, kt\u00f3ra hipnotyzuje okaza\u0142ymi, intensywnie wybarwionymi kwiatami. Zosta\u0142a ona wyselekcjonowana przez Wilhelma Pfitzera w 1902 roku. Zawilec japo\u0144ski 'Prinz Heinrich' w czasie kwitnienia osi\u0105ga oko\u0142o 60-80 cm wysoko\u015bci. Bylina tworzy bujne k\u0119py du\u017cych, odziomkowych, tr\u00f3jdzielnie z\u0142o\u017conych, nieregularnie klapowanych, ciemnozielonych li\u015bci o z\u0105bkowanych brzegach,\u2026","rel":"","context":"Similar post","img":{"alt_text":"","src":"https:\/\/i0.wp.com\/www.ogrodolszanica.pl\/wp-content\/uploads\/2022\/07\/anemone-prinz-heinrich_5.jpg?fit=488%2C650&ssl=1&resize=350%2C200","width":350,"height":200},"classes":[]},{"id":3741,"url":"https:\/\/www.ogrodolszanica.pl\/index.php\/produkt\/zawilec-mieszancowy-andrea-atkinson\/","url_meta":{"origin":2233,"position":3},"title":"Zawilec Miesza\u0144cowy Andrea Atkinson","date":"2 marca, 2026","format":false,"excerpt":"Zawilec miesza\u0144cowy Andrea Atkinson Anemone x hybrida Zawilec miesza\u0144cowy 'Andrea Atkinson' to pe\u0142na elegancji i wdzi\u0119ku bylina, ceniona za d\u0142ugie, widowiskowe kwitnienie. Maksymalnie osi\u0105ga oko\u0142o 60-150 cm wysoko\u015bci i oko\u0142o 50-60 cm szeroko\u015bci. Posiada smuk\u0142e, wzniesione p\u0119dy, kt\u00f3re zdobione s\u0105 ciemnozielonymi, tr\u00f3jdzielnymi, unerwionymi li\u015b\u0107mi o z\u0105bkowanych brzegach. Zawilec miesza\u0144cowy 'Andrea\u2026","rel":"","context":"Similar post","img":{"alt_text":"","src":"https:\/\/i0.wp.com\/www.ogrodolszanica.pl\/wp-content\/uploads\/2026\/03\/Zawilec-Mieszancowy-Andrea-Atkinson-scaled.jpg?fit=904%2C1200&ssl=1&resize=350%2C200","width":350,"height":200},"classes":[]},{"id":2237,"url":"https:\/\/www.ogrodolszanica.pl\/index.php\/produkt\/zawilec-garden-breeze-whirlwind-pink\/","url_meta":{"origin":2233,"position":4},"title":"Zawilec Garden Breeze Whirlwind Pink","date":"23 maja, 2023","format":false,"excerpt":"Zawilec miesza\u0144cowy Garden Breeze Whirlwind Pink Anemone x hybrida Zawilec 'Garden Breeze Whirlwind Pink' to jedna z pi\u0119kniejszych odmian miesza\u0144cowych, kt\u00f3ra czaruje wdzi\u0119czn\u0105 sylwetk\u0105 oraz uroczymi, r\u00f3\u017cowymi kwiatami o subtelnej urodzie. Rozrasta si\u0119 za pomoc\u0105 podziemnych roz\u0142og\u00f3w, formuj\u0105c z czasem efektowne, zwarte, g\u0119ste k\u0119py, kt\u00f3re docelowo osi\u0105gaj\u0105 oko\u0142o 70-100 cm\u2026","rel":"","context":"Similar post","img":{"alt_text":"","src":"https:\/\/i0.wp.com\/www.ogrodolszanica.pl\/wp-content\/uploads\/2023\/05\/anemone-garden-breeze-whirlwind-pink_2.jpg?fit=434%2C650&ssl=1&resize=350%2C200","width":350,"height":200},"classes":[]},{"id":1876,"url":"https:\/\/www.ogrodolszanica.pl\/index.php\/produkt\/zawilec-whirlwind\/","url_meta":{"origin":2233,"position":5},"title":"Zawilec Whirlwind","date":"23 lipca, 2022","format":false,"excerpt":"Zawilec miesza\u0144cowy Whirlwind Anemone x hybrida Zawilec 'Whirlwind' jest bylin\u0105 ozdobn\u0105 od lata do p\u00f3\u017anej jesieni. Cieszy si\u0119 d\u0142ugim i obfitym kwitnieniem, kt\u00f3re mo\u017ce trwa\u0107 od sierpnia do pa\u017adziernika, a nawet do listopada. Odmiana ta w czasie kwitnienia osi\u0105ga oko\u0142o 80-120 cm wysoko\u015bci i 60-100 cm \u015brednicy. Zawilec 'Whirlwind' rozrasta\u2026","rel":"","context":"Similar post","img":{"alt_text":"","src":"https:\/\/i0.wp.com\/www.ogrodolszanica.pl\/wp-content\/uploads\/2022\/07\/anemone-whirlwind_5.jpg?fit=464%2C650&ssl=1&resize=350%2C200","width":350,"height":200},"classes":[]}],"_links":{"self":[{"href":"https:\/\/www.ogrodolszanica.pl\/index.php\/wp-json\/wp\/v2\/product\/2233","targetHints":{"allow":["GET"]}}],"collection":[{"href":"https:\/\/www.ogrodolszanica.pl\/index.php\/wp-json\/wp\/v2\/product"}],"about":[{"href":"https:\/\/www.ogrodolszanica.pl\/index.php\/wp-json\/wp\/v2\/types\/product"}],"replies":[{"embeddable":true,"href":"https:\/\/www.ogrodolszanica.pl\/index.php\/wp-json\/wp\/v2\/comments?post=2233"}],"wp:featuredmedia":[{"embeddable":true,"href":"https:\/\/www.ogrodolszanica.pl\/index.php\/wp-json\/wp\/v2\/media\/2234"}],"wp:attachment":[{"href":"https:\/\/www.ogrodolszanica.pl\/index.php\/wp-json\/wp\/v2\/media?parent=2233"}],"wp:term":[{"taxonomy":"product_cat","embeddable":true,"href":"https:\/\/www.ogrodolszanica.pl\/index.php\/wp-json\/wp\/v2\/product_cat?post=2233"},{"taxonomy":"product_tag","embeddable":true,"href":"https:\/\/www.ogrodolszanica.pl\/index.php\/wp-json\/wp\/v2\/product_tag?post=2233"}],"curies":[{"name":"wp","href":"https:\/\/api.w.org\/{rel}","templated":true}]}}