{"id":2196,"date":"2023-05-22T15:30:29","date_gmt":"2023-05-22T15:30:29","guid":{"rendered":"https:\/\/www.ogrodolszanica.pl\/?post_type=product&#038;p=2196"},"modified":"2026-03-07T19:58:46","modified_gmt":"2026-03-07T19:58:46","slug":"naparstnica-zolta","status":"publish","type":"product","link":"https:\/\/www.ogrodolszanica.pl\/index.php\/produkt\/naparstnica-zolta\/","title":{"rendered":"Naparstnica \u017b\u00f3\u0142ta"},"content":{"rendered":"<h2 style=\"text-align: center;\">Naparstnica \u017b\u00f3\u0142ta<\/h2>\n<ul>\n<li>Rodzaj: Napastnica<\/li>\n<li>Barwa: \u017b\u00f3\u0142ty<\/li>\n<li>\n<div>szeroko\u015b\u0107: <strong>40 cm<\/strong><\/div>\n<\/li>\n<li>\n<div><b><\/b>wysoko\u015b\u0107: <strong>50<\/strong><b>\u00a0cm<\/b><\/div>\n<\/li>\n<li>\n<div><b><\/b>wysoko\u015b\u0107 (kwitnienie): <strong>80<\/strong><b>\u00a0cm<\/b><\/div>\n<\/li>\n<li><b><\/b>kwitnienie: <b>lipiec \u00f7 sierpie\u0144<\/b><\/li>\n<li>\n<div><b><\/b>stanowisko: <b>s\u0142oneczne, p\u00f3\u0142cieniste<\/b><\/div>\n<\/li>\n<\/ul>\n<p>Dobierz odpowiednie pod\u0142o\u017ce z wybranych produkt\u00f3w w naszym sklepie: <a href=\"https:\/\/www.ogrodolszanica.pl\/index.php\/kategoria-produktu\/zin\/\">Pod\u0142o\u017ca<\/a><\/p>\n<p>&nbsp;<\/p>\n<p>&nbsp;<\/p>\n","protected":false},"excerpt":{"rendered":"<p>Naparstnica \u017b\u00f3\u0142ta Rodzaj: Napastnica Barwa: \u017b\u00f3\u0142ty szeroko\u015b\u0107: 40 cm wysoko\u015b\u0107: 50\u00a0cm wysoko\u015b\u0107 (kwitnienie): 80\u00a0cm kwitnienie: lipiec \u00f7 sierpie\u0144 stanowisko: s\u0142oneczne, p\u00f3\u0142cieniste Dobierz odpowiednie pod\u0142o\u017ce z wybranych produkt\u00f3w w naszym sklepie: Pod\u0142o\u017ca &nbsp; &nbsp;<\/p>\n","protected":false},"featured_media":2197,"comment_status":"open","ping_status":"closed","template":"","meta":{"site-sidebar-layout":"default","site-content-layout":"default","ast-global-header-display":"","ast-main-header-display":"","ast-hfb-above-header-display":"","ast-hfb-below-header-display":"","ast-hfb-mobile-header-display":"","site-post-title":"","ast-breadcrumbs-content":"","ast-featured-img":"","footer-sml-layout":"","theme-transparent-header-meta":"default","adv-header-id-meta":"","stick-header-meta":"","header-above-stick-meta":"","header-main-stick-meta":"","header-below-stick-meta":"","spay_email":""},"product_cat":[29,81,20],"product_tag":[],"class_list":["post-2196","product","type-product","status-publish","has-post-thumbnail","hentry","product_cat-byliny","product_cat-naparstnica","product_cat-rosliny"],"yoast_head":"<!-- This site is optimized with the Yoast SEO plugin v19.2 - https:\/\/yoast.com\/wordpress\/plugins\/seo\/ -->\n<title>Naparstnica \u017b\u00f3\u0142ta - Ogr&oacute;d Olszanica<\/title>\n<meta name=\"robots\" content=\"index, follow, max-snippet:-1, max-image-preview:large, max-video-preview:-1\" \/>\n<link rel=\"canonical\" href=\"https:\/\/www.ogrodolszanica.pl\/index.php\/produkt\/naparstnica-zolta\/\" \/>\n<meta property=\"og:locale\" content=\"pl_PL\" \/>\n<meta property=\"og:type\" content=\"article\" \/>\n<meta property=\"og:title\" content=\"Naparstnica \u017b\u00f3\u0142ta - Ogr&oacute;d Olszanica\" \/>\n<meta property=\"og:description\" content=\"Naparstnica \u017b\u00f3\u0142ta Rodzaj: Napastnica Barwa: \u017b\u00f3\u0142ty szeroko\u015b\u0107: 40 cm wysoko\u015b\u0107: 50\u00a0cm wysoko\u015b\u0107 (kwitnienie): 80\u00a0cm kwitnienie: lipiec \u00f7 sierpie\u0144 stanowisko: s\u0142oneczne, p\u00f3\u0142cieniste Dobierz odpowiednie pod\u0142o\u017ce z wybranych produkt\u00f3w w naszym sklepie: Pod\u0142o\u017ca &nbsp; &nbsp;\" \/>\n<meta property=\"og:url\" content=\"https:\/\/www.ogrodolszanica.pl\/index.php\/produkt\/naparstnica-zolta\/\" \/>\n<meta property=\"og:site_name\" content=\"Ogr&oacute;d Olszanica\" \/>\n<meta property=\"article:publisher\" content=\"https:\/\/www.facebook.com\/Ogrd-Olszanica-100807179225223\" \/>\n<meta property=\"article:modified_time\" content=\"2026-03-07T19:58:46+00:00\" \/>\n<meta property=\"og:image\" content=\"https:\/\/www.ogrodolszanica.pl\/wp-content\/uploads\/2023\/05\/image0.jpegmaxwidth2559.7000554800034maxheight1239-1.jpg\" \/>\n\t<meta property=\"og:image:width\" content=\"1239\" \/>\n\t<meta property=\"og:image:height\" content=\"1652\" \/>\n\t<meta property=\"og:image:type\" content=\"image\/jpeg\" \/>\n<meta name=\"author\" content=\"admin\" \/>\n<meta name=\"twitter:card\" content=\"summary_large_image\" \/>\n<meta name=\"twitter:label1\" content=\"Szacowany czas czytania\" \/>\n\t<meta name=\"twitter:data1\" content=\"1 minuta\" \/>\n<script type=\"application\/ld+json\" class=\"yoast-schema-graph\">{\"@context\":\"https:\/\/schema.org\",\"@graph\":[{\"@type\":\"Organization\",\"@id\":\"https:\/\/www.ogrodolszanica.pl\/#organization\",\"name\":\"Ogr\u00f3d Olszanica - Krakowskie Centrum Ogrodnicze\",\"url\":\"https:\/\/www.ogrodolszanica.pl\/\",\"sameAs\":[\"https:\/\/www.facebook.com\/Ogrd-Olszanica-100807179225223\"],\"logo\":{\"@type\":\"ImageObject\",\"inLanguage\":\"pl-PL\",\"@id\":\"https:\/\/www.ogrodolszanica.pl\/#\/schema\/logo\/image\/\",\"url\":\"http:\/\/www.ogrodolszanica.pl\/wp-content\/uploads\/2022\/06\/Ogrod-Olszanica1-1.png\",\"contentUrl\":\"http:\/\/www.ogrodolszanica.pl\/wp-content\/uploads\/2022\/06\/Ogrod-Olszanica1-1.png\",\"width\":180,\"height\":60,\"caption\":\"Ogr\u00f3d Olszanica - Krakowskie Centrum Ogrodnicze\"},\"image\":{\"@id\":\"https:\/\/www.ogrodolszanica.pl\/#\/schema\/logo\/image\/\"}},{\"@type\":\"WebSite\",\"@id\":\"https:\/\/www.ogrodolszanica.pl\/#website\",\"url\":\"https:\/\/www.ogrodolszanica.pl\/\",\"name\":\"Ogr&oacute;d Olszanica\",\"description\":\"Centrum Ogrodnicze Krak&oacute;w\",\"publisher\":{\"@id\":\"https:\/\/www.ogrodolszanica.pl\/#organization\"},\"potentialAction\":[{\"@type\":\"SearchAction\",\"target\":{\"@type\":\"EntryPoint\",\"urlTemplate\":\"https:\/\/www.ogrodolszanica.pl\/?s={search_term_string}\"},\"query-input\":\"required name=search_term_string\"}],\"inLanguage\":\"pl-PL\"},{\"@type\":\"ImageObject\",\"inLanguage\":\"pl-PL\",\"@id\":\"https:\/\/www.ogrodolszanica.pl\/index.php\/produkt\/naparstnica-zolta\/#primaryimage\",\"url\":\"https:\/\/i0.wp.com\/www.ogrodolszanica.pl\/wp-content\/uploads\/2023\/05\/image0.jpegmaxwidth2559.7000554800034maxheight1239-1.jpg?fit=1239%2C1652&ssl=1\",\"contentUrl\":\"https:\/\/i0.wp.com\/www.ogrodolszanica.pl\/wp-content\/uploads\/2023\/05\/image0.jpegmaxwidth2559.7000554800034maxheight1239-1.jpg?fit=1239%2C1652&ssl=1\",\"width\":1239,\"height\":1652},{\"@type\":\"WebPage\",\"@id\":\"https:\/\/www.ogrodolszanica.pl\/index.php\/produkt\/naparstnica-zolta\/#webpage\",\"url\":\"https:\/\/www.ogrodolszanica.pl\/index.php\/produkt\/naparstnica-zolta\/\",\"name\":\"Naparstnica \u017b\u00f3\u0142ta - Ogr&oacute;d Olszanica\",\"isPartOf\":{\"@id\":\"https:\/\/www.ogrodolszanica.pl\/#website\"},\"primaryImageOfPage\":{\"@id\":\"https:\/\/www.ogrodolszanica.pl\/index.php\/produkt\/naparstnica-zolta\/#primaryimage\"},\"datePublished\":\"2023-05-22T15:30:29+00:00\",\"dateModified\":\"2026-03-07T19:58:46+00:00\",\"breadcrumb\":{\"@id\":\"https:\/\/www.ogrodolszanica.pl\/index.php\/produkt\/naparstnica-zolta\/#breadcrumb\"},\"inLanguage\":\"pl-PL\",\"potentialAction\":[{\"@type\":\"ReadAction\",\"target\":[\"https:\/\/www.ogrodolszanica.pl\/index.php\/produkt\/naparstnica-zolta\/\"]}]},{\"@type\":\"BreadcrumbList\",\"@id\":\"https:\/\/www.ogrodolszanica.pl\/index.php\/produkt\/naparstnica-zolta\/#breadcrumb\",\"itemListElement\":[{\"@type\":\"ListItem\",\"position\":1,\"name\":\"Strona g\u0142\u00f3wna\",\"item\":\"https:\/\/www.ogrodolszanica.pl\/\"},{\"@type\":\"ListItem\",\"position\":2,\"name\":\"Produkty\",\"item\":\"https:\/\/www.ogrodolszanica.pl\/index.php\/shop\/\"},{\"@type\":\"ListItem\",\"position\":3,\"name\":\"Naparstnica \u017b\u00f3\u0142ta\"}]}]}<\/script>\n<!-- \/ Yoast SEO plugin. -->","yoast_head_json":{"title":"Naparstnica \u017b\u00f3\u0142ta - Ogr&oacute;d Olszanica","robots":{"index":"index","follow":"follow","max-snippet":"max-snippet:-1","max-image-preview":"max-image-preview:large","max-video-preview":"max-video-preview:-1"},"canonical":"https:\/\/www.ogrodolszanica.pl\/index.php\/produkt\/naparstnica-zolta\/","og_locale":"pl_PL","og_type":"article","og_title":"Naparstnica \u017b\u00f3\u0142ta - Ogr&oacute;d Olszanica","og_description":"Naparstnica \u017b\u00f3\u0142ta Rodzaj: Napastnica Barwa: \u017b\u00f3\u0142ty szeroko\u015b\u0107: 40 cm wysoko\u015b\u0107: 50\u00a0cm wysoko\u015b\u0107 (kwitnienie): 80\u00a0cm kwitnienie: lipiec \u00f7 sierpie\u0144 stanowisko: s\u0142oneczne, p\u00f3\u0142cieniste Dobierz odpowiednie pod\u0142o\u017ce z wybranych produkt\u00f3w w naszym sklepie: Pod\u0142o\u017ca &nbsp; &nbsp;","og_url":"https:\/\/www.ogrodolszanica.pl\/index.php\/produkt\/naparstnica-zolta\/","og_site_name":"Ogr&oacute;d Olszanica","article_publisher":"https:\/\/www.facebook.com\/Ogrd-Olszanica-100807179225223","article_modified_time":"2026-03-07T19:58:46+00:00","og_image":[{"width":1239,"height":1652,"url":"https:\/\/www.ogrodolszanica.pl\/wp-content\/uploads\/2023\/05\/image0.jpegmaxwidth2559.7000554800034maxheight1239-1.jpg","type":"image\/jpeg"}],"author":"admin","twitter_card":"summary_large_image","twitter_misc":{"Szacowany czas czytania":"1 minuta"},"schema":{"@context":"https:\/\/schema.org","@graph":[{"@type":"Organization","@id":"https:\/\/www.ogrodolszanica.pl\/#organization","name":"Ogr\u00f3d Olszanica - Krakowskie Centrum Ogrodnicze","url":"https:\/\/www.ogrodolszanica.pl\/","sameAs":["https:\/\/www.facebook.com\/Ogrd-Olszanica-100807179225223"],"logo":{"@type":"ImageObject","inLanguage":"pl-PL","@id":"https:\/\/www.ogrodolszanica.pl\/#\/schema\/logo\/image\/","url":"http:\/\/www.ogrodolszanica.pl\/wp-content\/uploads\/2022\/06\/Ogrod-Olszanica1-1.png","contentUrl":"http:\/\/www.ogrodolszanica.pl\/wp-content\/uploads\/2022\/06\/Ogrod-Olszanica1-1.png","width":180,"height":60,"caption":"Ogr\u00f3d Olszanica - Krakowskie Centrum Ogrodnicze"},"image":{"@id":"https:\/\/www.ogrodolszanica.pl\/#\/schema\/logo\/image\/"}},{"@type":"WebSite","@id":"https:\/\/www.ogrodolszanica.pl\/#website","url":"https:\/\/www.ogrodolszanica.pl\/","name":"Ogr&oacute;d Olszanica","description":"Centrum Ogrodnicze Krak&oacute;w","publisher":{"@id":"https:\/\/www.ogrodolszanica.pl\/#organization"},"potentialAction":[{"@type":"SearchAction","target":{"@type":"EntryPoint","urlTemplate":"https:\/\/www.ogrodolszanica.pl\/?s={search_term_string}"},"query-input":"required name=search_term_string"}],"inLanguage":"pl-PL"},{"@type":"ImageObject","inLanguage":"pl-PL","@id":"https:\/\/www.ogrodolszanica.pl\/index.php\/produkt\/naparstnica-zolta\/#primaryimage","url":"https:\/\/i0.wp.com\/www.ogrodolszanica.pl\/wp-content\/uploads\/2023\/05\/image0.jpegmaxwidth2559.7000554800034maxheight1239-1.jpg?fit=1239%2C1652&ssl=1","contentUrl":"https:\/\/i0.wp.com\/www.ogrodolszanica.pl\/wp-content\/uploads\/2023\/05\/image0.jpegmaxwidth2559.7000554800034maxheight1239-1.jpg?fit=1239%2C1652&ssl=1","width":1239,"height":1652},{"@type":"WebPage","@id":"https:\/\/www.ogrodolszanica.pl\/index.php\/produkt\/naparstnica-zolta\/#webpage","url":"https:\/\/www.ogrodolszanica.pl\/index.php\/produkt\/naparstnica-zolta\/","name":"Naparstnica \u017b\u00f3\u0142ta - Ogr&oacute;d Olszanica","isPartOf":{"@id":"https:\/\/www.ogrodolszanica.pl\/#website"},"primaryImageOfPage":{"@id":"https:\/\/www.ogrodolszanica.pl\/index.php\/produkt\/naparstnica-zolta\/#primaryimage"},"datePublished":"2023-05-22T15:30:29+00:00","dateModified":"2026-03-07T19:58:46+00:00","breadcrumb":{"@id":"https:\/\/www.ogrodolszanica.pl\/index.php\/produkt\/naparstnica-zolta\/#breadcrumb"},"inLanguage":"pl-PL","potentialAction":[{"@type":"ReadAction","target":["https:\/\/www.ogrodolszanica.pl\/index.php\/produkt\/naparstnica-zolta\/"]}]},{"@type":"BreadcrumbList","@id":"https:\/\/www.ogrodolszanica.pl\/index.php\/produkt\/naparstnica-zolta\/#breadcrumb","itemListElement":[{"@type":"ListItem","position":1,"name":"Strona g\u0142\u00f3wna","item":"https:\/\/www.ogrodolszanica.pl\/"},{"@type":"ListItem","position":2,"name":"Produkty","item":"https:\/\/www.ogrodolszanica.pl\/index.php\/shop\/"},{"@type":"ListItem","position":3,"name":"Naparstnica \u017b\u00f3\u0142ta"}]}]}},"jetpack-related-posts":[{"id":2494,"url":"https:\/\/www.ogrodolszanica.pl\/index.php\/produkt\/funkia-liberty\/","url_meta":{"origin":2196,"position":0},"title":"Funkia Liberty","date":"28 sierpnia, 2023","format":false,"excerpt":"Funkia Liberty rodzaj: Funkia barwa: Zielono-\u017c\u00f3\u0142ta szeroko\u015b\u0107: 80\u00a0cm wysoko\u015b\u0107: 70\u00a0cm wysoko\u015b\u0107 (kwitnienie): 100\u00a0cm kwitnienie: lipiec \u00f7 sierpie\u0144 stanowisko: p\u00f3\u0142cieniste, cieniste Dobierz odpowiednie pod\u0142o\u017ce z wybranych produkt\u00f3w w naszym sklepie: Pod\u0142o\u017ca","rel":"","context":"Similar post","img":{"alt_text":"","src":"https:\/\/i0.wp.com\/www.ogrodolszanica.pl\/wp-content\/uploads\/2023\/08\/hosta-liberty_71953_1.jpg?fit=650%2C650&ssl=1&resize=350%2C200","width":350,"height":200},"classes":[]},{"id":2513,"url":"https:\/\/www.ogrodolszanica.pl\/index.php\/produkt\/jezowka-sunmagic-fantastic-yellow\/","url_meta":{"origin":2196,"position":1},"title":"Je\u017c\u00f3wka SunMagic Fantastic Yellow","date":"28 sierpnia, 2023","format":false,"excerpt":"Je\u017c\u00f3wka SunMagic Fantastic Yellow Przepi\u0119kna je\u017c\u00f3wka, wyr\u00f3\u017cnia si\u0119 obfito\u015bci\u0105 kwitnienia oraz intensywnym kolorem du\u017cych kwiatostan\u00f3w. Bardzo d\u0142ugie kwitnienie, dorasta do 60 cm. Preferuje gleby lekkie i przepuszczalne oraz stanowiska s\u0142oneczne lub p\u00f3\u0142cieniste. Przyci\u0105ga owady zapylaj\u0105ce. W pe\u0142ni mrozoodporna i ma\u0142o wymagaj\u0105ca odmiana. rodzaj: Je\u017c\u00f3wka barwa: \u017b\u00f3\u0142ta szeroko\u015b\u0107: 35\u00a0cm wysoko\u015b\u0107: 45\u00a0cm\u2026","rel":"","context":"Similar post","img":{"alt_text":"","src":"https:\/\/i0.wp.com\/www.ogrodolszanica.pl\/wp-content\/uploads\/2023\/08\/echinacea-sunmagic-fantastic-yellow_3.jpg?fit=434%2C650&ssl=1&resize=350%2C200","width":350,"height":200},"classes":[]},{"id":2657,"url":"https:\/\/www.ogrodolszanica.pl\/index.php\/produkt\/jezowka-echinacea-purpurea-parrot\/","url_meta":{"origin":2196,"position":2},"title":"Je\u017c\u00f3wka Parrot","date":"30 stycznia, 2024","format":false,"excerpt":"Je\u017c\u00f3wka Parrot \u00a0 Ta je\u017c\u00f3wka to spektakularna nowo\u015b\u0107! \u017b\u00f3\u0142to-czerwonep\u0142omieniste du\u017ce kwiaty na mocnych \u0142odygach ciesz\u0105oko\u00a0od czerwca do wrze\u015bnia. Preferowane miejsces\u0142oneczne\u00a0o przepuszczalnej glebie z dobrym\u00a0drena\u017cem.\u00a0Nale\u017cy mocno nawadnia\u0107, szczeg\u00f3lnie\u00a0latem.\u00a0Oczyszczanie na wiosn\u0119\u00a0pomo\u017ce w przezimowaniu. Rodzaj: Je\u017c\u00f3wka Barwa: \u017b\u00f3\u0142ta z czerwonym \u015brodkiem szeroko\u015b\u0107: 40\u00a0cm wysoko\u015b\u0107: 30\u00a0cm wysoko\u015b\u0107 (kwitnienie): 45\u00a0cm kwitnienie: czerwiec \u00f7 wrzesie\u0144 stanowisko:\u2026","rel":"","context":"Similar post","img":{"alt_text":"","src":"https:\/\/i0.wp.com\/www.ogrodolszanica.pl\/wp-content\/uploads\/2024\/01\/echinacea-parrot_4.jpg?fit=435%2C650&ssl=1&resize=350%2C200","width":350,"height":200},"classes":[]},{"id":2349,"url":"https:\/\/www.ogrodolszanica.pl\/index.php\/produkt\/jezowka-kismet-yellow\/","url_meta":{"origin":2196,"position":3},"title":"Je\u017c\u00f3wka Kismet Yellow","date":"21 lipca, 2023","format":false,"excerpt":"Je\u017c\u00f3wka Kismet Yellow Ciemne \u0142odygi pi\u0119knie kontrastuj\u0105 ze z\u0142oto-\u017c\u00f3\u0142tymi, horyzontalnie u\u0142o\u017conymi kwiatami. Wyj\u0105tkowo pi\u0119kne w grupie z innymi je\u017c\u00f3wkami. Preferowane miejsce s\u0142oneczne o przepuszczalnej glebie z dobrym drena\u017cem. Nale\u017cy mocno nawadnia\u0107, szczeg\u00f3lnie latem. Oczyszczenie na wiosn\u0119 pomo\u017ce w przezimowaniu. Rodzaj: Je\u017c\u00f3wka Barwa: \u017b\u00f3\u0142ta szeroko\u015b\u0107: 35\u00a0cm wysoko\u015b\u0107: 30\u00a0cm wysoko\u015b\u0107 (kwitnienie): 55\u00a0cm\u2026","rel":"","context":"Similar post","img":{"alt_text":"","src":"https:\/\/i0.wp.com\/www.ogrodolszanica.pl\/wp-content\/uploads\/2023\/07\/byliny-i-trawy_standard-medium_77445_1.jpg?fit=650%2C650&ssl=1&resize=350%2C200","width":350,"height":200},"classes":[]},{"id":2446,"url":"https:\/\/www.ogrodolszanica.pl\/index.php\/produkt\/trytoma-papaya-popsicle\/","url_meta":{"origin":2196,"position":4},"title":"Trytoma Papaya Popsicle","date":"26 sierpnia, 2023","format":false,"excerpt":"Trytoma Papaya Popsicle Zachwycaj\u0105ca odmiana o kwiatostanach w odcieniu ciep\u0142ej czerwieni, kt\u00f3re u podstawy s\u0105 jasnopomara\u0144czowe. Ro\u015blina kwitnie przez ca\u0142e lato. Charakteryzuje si\u0119 nisk\u0105, zbit\u0105 k\u0119p\u0105, a trawiaste ulistnienie, dodaj\u0105ce jej uroku, czyni t\u0119 odmian\u0119 wprost stworzon\u0105 do ma\u0142ych ogrod\u00f3w, oraz do kompozycji pojemnikowych. Rodzaj: Trytoma Barwa: Czerwono-\u017c\u00f3\u0142ta szeroko\u015b\u0107: 45\u2026","rel":"","context":"Similar post","img":{"alt_text":"","src":"https:\/\/i0.wp.com\/www.ogrodolszanica.pl\/wp-content\/uploads\/2023\/08\/kniphofia-papaya-popsicle_1.jpg?fit=433%2C650&ssl=1&resize=350%2C200","width":350,"height":200},"classes":[]},{"id":1710,"url":"https:\/\/www.ogrodolszanica.pl\/index.php\/produkt\/miskant-chinski-variegatus\/","url_meta":{"origin":2196,"position":5},"title":"Miskant Chi\u0144ski Variegatus","date":"17 lipca, 2022","format":false,"excerpt":"Miskant Chi\u0144ski Variegatus Pi\u0119kna odmiana miskanta o klasycznej eleganckiej budowie. Liczne \u017ad\u017ab\u0142a wyrastaj\u0105 wysoko. Bia\u0142o obrze\u017cone li\u015bcie nadaj\u0105 ro\u015blinie niepowtarzalny charakter i stanowi\u0105 dobry akcent kolorystyczny w ogrodzie. Zakwita ciemno purpurowymi kwiatostanami kt\u00f3re pi\u0119knie kontrastuj\u0105 z barw\u0105 li\u015bci. Jesieni\u0105 zmienia barw\u0119 na \u017c\u00f3\u0142t\u0105. Rodzaj: Miskant Barwa: Zielony z wzd\u0142u\u017cnym zebrowaniem\u2026","rel":"","context":"Similar post","img":{"alt_text":"","src":"https:\/\/i0.wp.com\/www.ogrodolszanica.pl\/wp-content\/uploads\/2022\/07\/byliny-i-trawy_miscanthus-miskant_79328_2.jpg?fit=650%2C467&ssl=1&resize=350%2C200","width":350,"height":200},"classes":[]}],"_links":{"self":[{"href":"https:\/\/www.ogrodolszanica.pl\/index.php\/wp-json\/wp\/v2\/product\/2196","targetHints":{"allow":["GET"]}}],"collection":[{"href":"https:\/\/www.ogrodolszanica.pl\/index.php\/wp-json\/wp\/v2\/product"}],"about":[{"href":"https:\/\/www.ogrodolszanica.pl\/index.php\/wp-json\/wp\/v2\/types\/product"}],"replies":[{"embeddable":true,"href":"https:\/\/www.ogrodolszanica.pl\/index.php\/wp-json\/wp\/v2\/comments?post=2196"}],"wp:featuredmedia":[{"embeddable":true,"href":"https:\/\/www.ogrodolszanica.pl\/index.php\/wp-json\/wp\/v2\/media\/2197"}],"wp:attachment":[{"href":"https:\/\/www.ogrodolszanica.pl\/index.php\/wp-json\/wp\/v2\/media?parent=2196"}],"wp:term":[{"taxonomy":"product_cat","embeddable":true,"href":"https:\/\/www.ogrodolszanica.pl\/index.php\/wp-json\/wp\/v2\/product_cat?post=2196"},{"taxonomy":"product_tag","embeddable":true,"href":"https:\/\/www.ogrodolszanica.pl\/index.php\/wp-json\/wp\/v2\/product_tag?post=2196"}],"curies":[{"name":"wp","href":"https:\/\/api.w.org\/{rel}","templated":true}]}}