{"id":2189,"date":"2023-05-22T15:19:15","date_gmt":"2023-05-22T15:19:15","guid":{"rendered":"https:\/\/www.ogrodolszanica.pl\/?post_type=product&#038;p=2189"},"modified":"2026-03-07T19:59:25","modified_gmt":"2026-03-07T19:59:25","slug":"orlik-crimson-star-2","status":"publish","type":"product","link":"https:\/\/www.ogrodolszanica.pl\/index.php\/produkt\/orlik-crimson-star-2\/","title":{"rendered":"Orlik Crimson Star"},"content":{"rendered":"<h2 style=\"text-align: center;\">Orlik Crimson Star<\/h2>\n<ul>\n<li>Rodzaj: Orlik<\/li>\n<li>Barwa: Karminowo-bia\u0142y<\/li>\n<li>\n<div>szeroko\u015b\u0107: <strong>40 cm<\/strong><\/div>\n<\/li>\n<li>\n<div><b><\/b>wysoko\u015b\u0107: <strong>40<\/strong><b>\u00a0cm<\/b><\/div>\n<\/li>\n<li>\n<div><b><\/b>wysoko\u015b\u0107 (kwitnienie): <strong>60<\/strong><b>\u00a0cm<\/b><\/div>\n<\/li>\n<li><b><\/b>kwitnienie: <b>maj \u00f7 lipiec<\/b><\/li>\n<li>\n<div><b><\/b>stanowisko: <b>s\u0142oneczne, p\u00f3\u0142cieniste<\/b><\/div>\n<\/li>\n<\/ul>\n<p>Dobierz odpowiednie pod\u0142o\u017ce z wybranych produkt\u00f3w w naszym sklepie: <a href=\"https:\/\/www.ogrodolszanica.pl\/index.php\/kategoria-produktu\/zin\/\">Pod\u0142o\u017ca<\/a><\/p>\n<p>&nbsp;<\/p>\n<p>&nbsp;<\/p>\n","protected":false},"excerpt":{"rendered":"<p>Orlik Crimson Star Rodzaj: Orlik Barwa: Karminowo-bia\u0142y szeroko\u015b\u0107: 40 cm wysoko\u015b\u0107: 40\u00a0cm wysoko\u015b\u0107 (kwitnienie): 60\u00a0cm kwitnienie: maj \u00f7 lipiec stanowisko: s\u0142oneczne, p\u00f3\u0142cieniste Dobierz odpowiednie pod\u0142o\u017ce z wybranych produkt\u00f3w w naszym sklepie: Pod\u0142o\u017ca &nbsp; &nbsp;<\/p>\n","protected":false},"featured_media":2190,"comment_status":"open","ping_status":"closed","template":"","meta":{"site-sidebar-layout":"default","site-content-layout":"default","ast-global-header-display":"","ast-main-header-display":"","ast-hfb-above-header-display":"","ast-hfb-below-header-display":"","ast-hfb-mobile-header-display":"","site-post-title":"","ast-breadcrumbs-content":"","ast-featured-img":"","footer-sml-layout":"","theme-transparent-header-meta":"default","adv-header-id-meta":"","stick-header-meta":"","header-above-stick-meta":"","header-main-stick-meta":"","header-below-stick-meta":"","spay_email":""},"product_cat":[29,82,20],"product_tag":[],"class_list":["post-2189","product","type-product","status-publish","has-post-thumbnail","hentry","product_cat-byliny","product_cat-orliki","product_cat-rosliny"],"yoast_head":"<!-- This site is optimized with the Yoast SEO plugin v19.2 - https:\/\/yoast.com\/wordpress\/plugins\/seo\/ -->\n<title>Orlik Crimson Star - Ogr&oacute;d Olszanica<\/title>\n<meta name=\"robots\" content=\"index, follow, max-snippet:-1, max-image-preview:large, max-video-preview:-1\" \/>\n<link rel=\"canonical\" href=\"https:\/\/www.ogrodolszanica.pl\/index.php\/produkt\/orlik-crimson-star-2\/\" \/>\n<meta property=\"og:locale\" content=\"pl_PL\" \/>\n<meta property=\"og:type\" content=\"article\" \/>\n<meta property=\"og:title\" content=\"Orlik Crimson Star - Ogr&oacute;d Olszanica\" \/>\n<meta property=\"og:description\" content=\"Orlik Crimson Star Rodzaj: Orlik Barwa: Karminowo-bia\u0142y szeroko\u015b\u0107: 40 cm wysoko\u015b\u0107: 40\u00a0cm wysoko\u015b\u0107 (kwitnienie): 60\u00a0cm kwitnienie: maj \u00f7 lipiec stanowisko: s\u0142oneczne, p\u00f3\u0142cieniste Dobierz odpowiednie pod\u0142o\u017ce z wybranych produkt\u00f3w w naszym sklepie: Pod\u0142o\u017ca &nbsp; &nbsp;\" \/>\n<meta property=\"og:url\" content=\"https:\/\/www.ogrodolszanica.pl\/index.php\/produkt\/orlik-crimson-star-2\/\" \/>\n<meta property=\"og:site_name\" content=\"Ogr&oacute;d Olszanica\" \/>\n<meta property=\"article:publisher\" content=\"https:\/\/www.facebook.com\/Ogrd-Olszanica-100807179225223\" \/>\n<meta property=\"article:modified_time\" content=\"2026-03-07T19:59:25+00:00\" \/>\n<meta property=\"og:image\" content=\"https:\/\/www.ogrodolszanica.pl\/wp-content\/uploads\/2023\/05\/image0.jpegmaxwidth2559.7000554800034maxheight1239.jpg\" \/>\n\t<meta property=\"og:image:width\" content=\"1239\" \/>\n\t<meta property=\"og:image:height\" content=\"1652\" \/>\n\t<meta property=\"og:image:type\" content=\"image\/jpeg\" \/>\n<meta name=\"author\" content=\"admin\" \/>\n<meta name=\"twitter:card\" content=\"summary_large_image\" \/>\n<meta name=\"twitter:label1\" content=\"Szacowany czas czytania\" \/>\n\t<meta name=\"twitter:data1\" content=\"1 minuta\" \/>\n<script type=\"application\/ld+json\" class=\"yoast-schema-graph\">{\"@context\":\"https:\/\/schema.org\",\"@graph\":[{\"@type\":\"Organization\",\"@id\":\"https:\/\/www.ogrodolszanica.pl\/#organization\",\"name\":\"Ogr\u00f3d Olszanica - Krakowskie Centrum Ogrodnicze\",\"url\":\"https:\/\/www.ogrodolszanica.pl\/\",\"sameAs\":[\"https:\/\/www.facebook.com\/Ogrd-Olszanica-100807179225223\"],\"logo\":{\"@type\":\"ImageObject\",\"inLanguage\":\"pl-PL\",\"@id\":\"https:\/\/www.ogrodolszanica.pl\/#\/schema\/logo\/image\/\",\"url\":\"http:\/\/www.ogrodolszanica.pl\/wp-content\/uploads\/2022\/06\/Ogrod-Olszanica1-1.png\",\"contentUrl\":\"http:\/\/www.ogrodolszanica.pl\/wp-content\/uploads\/2022\/06\/Ogrod-Olszanica1-1.png\",\"width\":180,\"height\":60,\"caption\":\"Ogr\u00f3d Olszanica - Krakowskie Centrum Ogrodnicze\"},\"image\":{\"@id\":\"https:\/\/www.ogrodolszanica.pl\/#\/schema\/logo\/image\/\"}},{\"@type\":\"WebSite\",\"@id\":\"https:\/\/www.ogrodolszanica.pl\/#website\",\"url\":\"https:\/\/www.ogrodolszanica.pl\/\",\"name\":\"Ogr&oacute;d Olszanica\",\"description\":\"Centrum Ogrodnicze Krak&oacute;w\",\"publisher\":{\"@id\":\"https:\/\/www.ogrodolszanica.pl\/#organization\"},\"potentialAction\":[{\"@type\":\"SearchAction\",\"target\":{\"@type\":\"EntryPoint\",\"urlTemplate\":\"https:\/\/www.ogrodolszanica.pl\/?s={search_term_string}\"},\"query-input\":\"required name=search_term_string\"}],\"inLanguage\":\"pl-PL\"},{\"@type\":\"ImageObject\",\"inLanguage\":\"pl-PL\",\"@id\":\"https:\/\/www.ogrodolszanica.pl\/index.php\/produkt\/orlik-crimson-star-2\/#primaryimage\",\"url\":\"https:\/\/i0.wp.com\/www.ogrodolszanica.pl\/wp-content\/uploads\/2023\/05\/image0.jpegmaxwidth2559.7000554800034maxheight1239.jpg?fit=1239%2C1652&ssl=1\",\"contentUrl\":\"https:\/\/i0.wp.com\/www.ogrodolszanica.pl\/wp-content\/uploads\/2023\/05\/image0.jpegmaxwidth2559.7000554800034maxheight1239.jpg?fit=1239%2C1652&ssl=1\",\"width\":1239,\"height\":1652},{\"@type\":\"WebPage\",\"@id\":\"https:\/\/www.ogrodolszanica.pl\/index.php\/produkt\/orlik-crimson-star-2\/#webpage\",\"url\":\"https:\/\/www.ogrodolszanica.pl\/index.php\/produkt\/orlik-crimson-star-2\/\",\"name\":\"Orlik Crimson Star - Ogr&oacute;d Olszanica\",\"isPartOf\":{\"@id\":\"https:\/\/www.ogrodolszanica.pl\/#website\"},\"primaryImageOfPage\":{\"@id\":\"https:\/\/www.ogrodolszanica.pl\/index.php\/produkt\/orlik-crimson-star-2\/#primaryimage\"},\"datePublished\":\"2023-05-22T15:19:15+00:00\",\"dateModified\":\"2026-03-07T19:59:25+00:00\",\"breadcrumb\":{\"@id\":\"https:\/\/www.ogrodolszanica.pl\/index.php\/produkt\/orlik-crimson-star-2\/#breadcrumb\"},\"inLanguage\":\"pl-PL\",\"potentialAction\":[{\"@type\":\"ReadAction\",\"target\":[\"https:\/\/www.ogrodolszanica.pl\/index.php\/produkt\/orlik-crimson-star-2\/\"]}]},{\"@type\":\"BreadcrumbList\",\"@id\":\"https:\/\/www.ogrodolszanica.pl\/index.php\/produkt\/orlik-crimson-star-2\/#breadcrumb\",\"itemListElement\":[{\"@type\":\"ListItem\",\"position\":1,\"name\":\"Strona g\u0142\u00f3wna\",\"item\":\"https:\/\/www.ogrodolszanica.pl\/\"},{\"@type\":\"ListItem\",\"position\":2,\"name\":\"Produkty\",\"item\":\"https:\/\/www.ogrodolszanica.pl\/index.php\/shop\/\"},{\"@type\":\"ListItem\",\"position\":3,\"name\":\"Orlik Crimson Star\"}]}]}<\/script>\n<!-- \/ Yoast SEO plugin. -->","yoast_head_json":{"title":"Orlik Crimson Star - Ogr&oacute;d Olszanica","robots":{"index":"index","follow":"follow","max-snippet":"max-snippet:-1","max-image-preview":"max-image-preview:large","max-video-preview":"max-video-preview:-1"},"canonical":"https:\/\/www.ogrodolszanica.pl\/index.php\/produkt\/orlik-crimson-star-2\/","og_locale":"pl_PL","og_type":"article","og_title":"Orlik Crimson Star - Ogr&oacute;d Olszanica","og_description":"Orlik Crimson Star Rodzaj: Orlik Barwa: Karminowo-bia\u0142y szeroko\u015b\u0107: 40 cm wysoko\u015b\u0107: 40\u00a0cm wysoko\u015b\u0107 (kwitnienie): 60\u00a0cm kwitnienie: maj \u00f7 lipiec stanowisko: s\u0142oneczne, p\u00f3\u0142cieniste Dobierz odpowiednie pod\u0142o\u017ce z wybranych produkt\u00f3w w naszym sklepie: Pod\u0142o\u017ca &nbsp; &nbsp;","og_url":"https:\/\/www.ogrodolszanica.pl\/index.php\/produkt\/orlik-crimson-star-2\/","og_site_name":"Ogr&oacute;d Olszanica","article_publisher":"https:\/\/www.facebook.com\/Ogrd-Olszanica-100807179225223","article_modified_time":"2026-03-07T19:59:25+00:00","og_image":[{"width":1239,"height":1652,"url":"https:\/\/www.ogrodolszanica.pl\/wp-content\/uploads\/2023\/05\/image0.jpegmaxwidth2559.7000554800034maxheight1239.jpg","type":"image\/jpeg"}],"author":"admin","twitter_card":"summary_large_image","twitter_misc":{"Szacowany czas czytania":"1 minuta"},"schema":{"@context":"https:\/\/schema.org","@graph":[{"@type":"Organization","@id":"https:\/\/www.ogrodolszanica.pl\/#organization","name":"Ogr\u00f3d Olszanica - Krakowskie Centrum Ogrodnicze","url":"https:\/\/www.ogrodolszanica.pl\/","sameAs":["https:\/\/www.facebook.com\/Ogrd-Olszanica-100807179225223"],"logo":{"@type":"ImageObject","inLanguage":"pl-PL","@id":"https:\/\/www.ogrodolszanica.pl\/#\/schema\/logo\/image\/","url":"http:\/\/www.ogrodolszanica.pl\/wp-content\/uploads\/2022\/06\/Ogrod-Olszanica1-1.png","contentUrl":"http:\/\/www.ogrodolszanica.pl\/wp-content\/uploads\/2022\/06\/Ogrod-Olszanica1-1.png","width":180,"height":60,"caption":"Ogr\u00f3d Olszanica - Krakowskie Centrum Ogrodnicze"},"image":{"@id":"https:\/\/www.ogrodolszanica.pl\/#\/schema\/logo\/image\/"}},{"@type":"WebSite","@id":"https:\/\/www.ogrodolszanica.pl\/#website","url":"https:\/\/www.ogrodolszanica.pl\/","name":"Ogr&oacute;d Olszanica","description":"Centrum Ogrodnicze Krak&oacute;w","publisher":{"@id":"https:\/\/www.ogrodolszanica.pl\/#organization"},"potentialAction":[{"@type":"SearchAction","target":{"@type":"EntryPoint","urlTemplate":"https:\/\/www.ogrodolszanica.pl\/?s={search_term_string}"},"query-input":"required name=search_term_string"}],"inLanguage":"pl-PL"},{"@type":"ImageObject","inLanguage":"pl-PL","@id":"https:\/\/www.ogrodolszanica.pl\/index.php\/produkt\/orlik-crimson-star-2\/#primaryimage","url":"https:\/\/i0.wp.com\/www.ogrodolszanica.pl\/wp-content\/uploads\/2023\/05\/image0.jpegmaxwidth2559.7000554800034maxheight1239.jpg?fit=1239%2C1652&ssl=1","contentUrl":"https:\/\/i0.wp.com\/www.ogrodolszanica.pl\/wp-content\/uploads\/2023\/05\/image0.jpegmaxwidth2559.7000554800034maxheight1239.jpg?fit=1239%2C1652&ssl=1","width":1239,"height":1652},{"@type":"WebPage","@id":"https:\/\/www.ogrodolszanica.pl\/index.php\/produkt\/orlik-crimson-star-2\/#webpage","url":"https:\/\/www.ogrodolszanica.pl\/index.php\/produkt\/orlik-crimson-star-2\/","name":"Orlik Crimson Star - Ogr&oacute;d Olszanica","isPartOf":{"@id":"https:\/\/www.ogrodolszanica.pl\/#website"},"primaryImageOfPage":{"@id":"https:\/\/www.ogrodolszanica.pl\/index.php\/produkt\/orlik-crimson-star-2\/#primaryimage"},"datePublished":"2023-05-22T15:19:15+00:00","dateModified":"2026-03-07T19:59:25+00:00","breadcrumb":{"@id":"https:\/\/www.ogrodolszanica.pl\/index.php\/produkt\/orlik-crimson-star-2\/#breadcrumb"},"inLanguage":"pl-PL","potentialAction":[{"@type":"ReadAction","target":["https:\/\/www.ogrodolszanica.pl\/index.php\/produkt\/orlik-crimson-star-2\/"]}]},{"@type":"BreadcrumbList","@id":"https:\/\/www.ogrodolszanica.pl\/index.php\/produkt\/orlik-crimson-star-2\/#breadcrumb","itemListElement":[{"@type":"ListItem","position":1,"name":"Strona g\u0142\u00f3wna","item":"https:\/\/www.ogrodolszanica.pl\/"},{"@type":"ListItem","position":2,"name":"Produkty","item":"https:\/\/www.ogrodolszanica.pl\/index.php\/shop\/"},{"@type":"ListItem","position":3,"name":"Orlik Crimson Star"}]}]}},"jetpack-related-posts":[{"id":2456,"url":"https:\/\/www.ogrodolszanica.pl\/index.php\/produkt\/orlik-alpejski\/","url_meta":{"origin":2189,"position":0},"title":"Orlik Alpejski Niebieski","date":"28 sierpnia, 2023","format":false,"excerpt":"Orlik Alpejski Aquilegia alpina niebiesko-filoetowy Atrakcyjna ro\u015blina wieloletnia z rodziny jaskrowatych, ceniona zar\u00f3wno za swoje pi\u0119kne kwiaty, jak i niedu\u017ce wymagania, kt\u00f3re pozwalaj\u0105 na jej upraw\u0119 w r\u00f3\u017cnych warunkach. Orlik alpejski to ro\u015blina o charakterystycznych, roz\u0142o\u017cystych li\u015bciach, kt\u00f3re s\u0105 zielone i pokryte woskowym nalotem. Ro\u015blina osi\u0105ga wysoko\u015b\u0107 od 30 do\u2026","rel":"","context":"Similar post","img":{"alt_text":"","src":"https:\/\/i0.wp.com\/www.ogrodolszanica.pl\/wp-content\/uploads\/2023\/08\/aquilegia-alpina_72120_2.jpg?fit=650%2C650&ssl=1&resize=350%2C200","width":350,"height":200},"classes":[]},{"id":2193,"url":"https:\/\/www.ogrodolszanica.pl\/index.php\/produkt\/orlik-nora-barlow\/","url_meta":{"origin":2189,"position":1},"title":"Orlik Nora Barlow","date":"22 maja, 2023","format":false,"excerpt":"Orlik pospolity Nora Barlow Aquilegia vulgaris Jeden z wy\u017cszych orlik\u00f3w o wzniesionym pokroju i bardzo atrakcyjnych, pe\u0142nych, dwubarwnych kwiatach wyrastaj\u0105cych wysoko ponad k\u0119py li\u015bci. Zakwita w maju i czerwcu wytwarzaj\u0105c wysokie do 80 cm \u0142odygi , na kt\u00f3rych pojawiaj\u0105 si\u0119 wielop\u0142atkowe, pe\u0142ne kielichy o p\u0142atkach dwubarwnych, czerwono-r\u00f3\u017cowych z zielono-bia\u0142ym brzegiem.\u2026","rel":"","context":"Similar post","img":{"alt_text":"","src":"https:\/\/i0.wp.com\/www.ogrodolszanica.pl\/wp-content\/uploads\/2023\/05\/Orlik-Nora-Barlow-scaled.jpg?fit=904%2C1200&ssl=1&resize=350%2C200","width":350,"height":200},"classes":[]},{"id":3541,"url":"https:\/\/www.ogrodolszanica.pl\/index.php\/produkt\/orlik-pospolity-blue-barlow\/","url_meta":{"origin":2189,"position":2},"title":"Orlik pospolity 'Blue Barlow&#8217;","date":"27 lutego, 2026","format":false,"excerpt":"Orlik pospolity Blue Barlow\u00a0Aquilegia vulgaris Blue Barlow K\u0119piasta bylina z kwiatami o oryginalnym zabarwieniu, o listkach okwiatu barwy niebieskofioletowej. P\u0119dy kwiatowe wyprostowane, wysoko\u015bci do 80 cm, rozga\u0142\u0119zione, z kilkoma kwiatami na wierzcho\u0142kach. Li\u015bcie z\u0142o\u017cone, podw\u00f3jnie tr\u00f3jdzielne, o odcinkach tr\u00f3jklapowych, sinawozielone, od spodu znacznie ja\u015bniejsze. Kwiaty o charakterystycznej budowie zwisaj\u0105ce, na\u2026","rel":"","context":"Similar post","img":{"alt_text":"","src":"https:\/\/i0.wp.com\/www.ogrodolszanica.pl\/wp-content\/uploads\/2026\/02\/Orlik-pospolity-Blue-Barlow-scaled.jpg?fit=904%2C1200&ssl=1&resize=350%2C200","width":350,"height":200},"classes":[]},{"id":2618,"url":"https:\/\/www.ogrodolszanica.pl\/index.php\/produkt\/aster-letni-blue-star\/","url_meta":{"origin":2189,"position":3},"title":"Aster letni Blue Star","date":"29 stycznia, 2024","format":false,"excerpt":"Aster letni Blue Star Bardzo rzadka odmiana astra kwitn\u0105ca od czerwca do wrze\u015bnia . Tworzy zwarte k\u0119py oraz kwitnie bardzo obficie na niebiesko . Barwa: Niebieska szeroko\u015b\u0107: 40\u00a0cm wysoko\u015b\u0107: 30 cm wysoko\u015b\u0107 (kwitnienie): 50\u00a0cm kwitnienie: czerwiec \u00f7 wrzesie\u0144 stanowisko: s\u0142oneczne, p\u00f3\u0142cieniste\u00a0 Dobierz odpowiednie pod\u0142o\u017ce z wybranych produkt\u00f3w w naszym sklepie:\u2026","rel":"","context":"Similar post","img":{"alt_text":"","src":"https:\/\/i0.wp.com\/www.ogrodolszanica.pl\/wp-content\/uploads\/2024\/01\/byliny-i-trawy_kalimeris_72811_10.jpg?fit=434%2C650&ssl=1&resize=350%2C200","width":350,"height":200},"classes":[]},{"id":2673,"url":"https:\/\/www.ogrodolszanica.pl\/index.php\/produkt\/rozchodnik-matrona\/","url_meta":{"origin":2189,"position":4},"title":"Rozchodnik Matrona","date":"30 stycznia, 2024","format":false,"excerpt":"Rozchodnik Matrona \u00a0 Rodzaj: Rozchodnik Barwa: Ciemnor\u00f3\u017cowa szeroko\u015b\u0107: 40 cm wysoko\u015b\u0107: 40\u00a0cm wysoko\u015b\u0107 (kwitnienie): 50\u00a0cm kwitnienie:\u00a0lipiec \u00f7 wrzesie\u0144 stanowisko:\u00a0s\u0142oneczne Dobierz odpowiednie pod\u0142o\u017ce z wybranych produkt\u00f3w w naszym sklepie: Pod\u0142o\u017ca \u00a0 \u00a0","rel":"","context":"Similar post","img":{"alt_text":"","src":"https:\/\/i0.wp.com\/www.ogrodolszanica.pl\/wp-content\/uploads\/2024\/01\/byliny-i-trawy_sedum_79765_1.jpg?fit=650%2C433&ssl=1&resize=350%2C200","width":350,"height":200},"classes":[]},{"id":2401,"url":"https:\/\/www.ogrodolszanica.pl\/index.php\/produkt\/wrzos-bialy\/","url_meta":{"origin":2189,"position":5},"title":"Wrzos Bia\u0142y","date":"23 sierpnia, 2023","format":false,"excerpt":"Wrzos Bia\u0142y Rodzaj: Wrzos Barwa: Bia\u0142a szeroko\u015b\u0107: ok 40 cm wysoko\u015b\u0107: ok 30\u00a0cm wysoko\u015b\u0107 (kwitnienie):\u00a0ok 40 cm kwitnienie: sierpie\u0144 \u00f7 pa\u017adziernik stanowisko: s\u0142oneczne Dobierz odpowiednie pod\u0142o\u017ce z wybranych produkt\u00f3w w naszym sklepie: Pod\u0142o\u017ca \u00a0 \u00a0","rel":"","context":"Similar post","img":{"alt_text":"","src":"https:\/\/i0.wp.com\/www.ogrodolszanica.pl\/wp-content\/uploads\/2023\/08\/image1.jpegmaxwidth2559.7000554800034maxheight1291.jpg?fit=900%2C1200&ssl=1&resize=350%2C200","width":350,"height":200},"classes":[]}],"_links":{"self":[{"href":"https:\/\/www.ogrodolszanica.pl\/index.php\/wp-json\/wp\/v2\/product\/2189","targetHints":{"allow":["GET"]}}],"collection":[{"href":"https:\/\/www.ogrodolszanica.pl\/index.php\/wp-json\/wp\/v2\/product"}],"about":[{"href":"https:\/\/www.ogrodolszanica.pl\/index.php\/wp-json\/wp\/v2\/types\/product"}],"replies":[{"embeddable":true,"href":"https:\/\/www.ogrodolszanica.pl\/index.php\/wp-json\/wp\/v2\/comments?post=2189"}],"wp:featuredmedia":[{"embeddable":true,"href":"https:\/\/www.ogrodolszanica.pl\/index.php\/wp-json\/wp\/v2\/media\/2190"}],"wp:attachment":[{"href":"https:\/\/www.ogrodolszanica.pl\/index.php\/wp-json\/wp\/v2\/media?parent=2189"}],"wp:term":[{"taxonomy":"product_cat","embeddable":true,"href":"https:\/\/www.ogrodolszanica.pl\/index.php\/wp-json\/wp\/v2\/product_cat?post=2189"},{"taxonomy":"product_tag","embeddable":true,"href":"https:\/\/www.ogrodolszanica.pl\/index.php\/wp-json\/wp\/v2\/product_tag?post=2189"}],"curies":[{"name":"wp","href":"https:\/\/api.w.org\/{rel}","templated":true}]}}