{"id":2095,"date":"2023-04-22T10:57:11","date_gmt":"2023-04-22T10:57:11","guid":{"rendered":"https:\/\/www.ogrodolszanica.pl\/?post_type=product&#038;p=2095"},"modified":"2026-03-03T17:41:11","modified_gmt":"2026-03-03T17:41:11","slug":"supertunia-vista-silverberry","status":"publish","type":"product","link":"https:\/\/www.ogrodolszanica.pl\/index.php\/produkt\/supertunia-vista-silverberry\/","title":{"rendered":"Supertunia Vista Silverberry WYSY\u0141KA OD 01.05.2025R"},"content":{"rendered":"<h2 style=\"text-align: center;\">Supertunia Vista Silverberry<\/h2>\n<p>Odmiana \u015bwietnie znosi upa\u0142y, a jej kwiaty s\u0105 niezwykle trwa\u0142e i bardzo szybko regeneruj\u0105 si\u0119 nawet po intensywnych opadach deszczu. Przekwitni\u0119te kwiaty zasychaj\u0105 i opadaj\u0105 same, dzi\u0119ki czemu uprawa jest mniej pracoch\u0142onna. Supertunie zjawiskowo prezentuj\u0105 si\u0119 zar\u00f3wno na rabatach, jak i w kompozycjach pojemnikowych.<\/p>\n<p style=\"text-align: center;\"><span style=\"color: #ff0000;\"><strong>WYSY\u0141KA OD 01.05.2025R<\/strong><\/span><\/p>\n<ul>\n<li>Rodzaj: Supertunia<\/li>\n<li>Barwa: Ciemnor\u00f3\u017cowa<\/li>\n<li>\n<div><b><\/b>stanowisko: <b>s\u0142oneczne<\/b><\/div>\n<\/li>\n<\/ul>\n<p>Dobierz odpowiednie pod\u0142o\u017ce z wybranych produkt\u00f3w w naszym sklepie: <a href=\"https:\/\/www.ogrodolszanica.pl\/index.php\/kategoria-produktu\/zin\/\">Pod\u0142o\u017ca<\/a><\/p>\n<p>&nbsp;<\/p>\n<p>&nbsp;<\/p>\n","protected":false},"excerpt":{"rendered":"<p>Supertunia Vista Silverberry Odmiana \u015bwietnie znosi upa\u0142y, a jej kwiaty s\u0105 niezwykle trwa\u0142e i bardzo szybko regeneruj\u0105 si\u0119 nawet po intensywnych opadach deszczu. Przekwitni\u0119te kwiaty zasychaj\u0105 i opadaj\u0105 same, dzi\u0119ki czemu uprawa jest mniej pracoch\u0142onna. Supertunie zjawiskowo prezentuj\u0105 si\u0119 zar\u00f3wno na rabatach, jak i w kompozycjach pojemnikowych. WYSY\u0141KA OD 01.05.2025R Rodzaj: Supertunia Barwa: Ciemnor\u00f3\u017cowa stanowisko: &hellip;<\/p>\n<p class=\"read-more\"> <a class=\"\" href=\"https:\/\/www.ogrodolszanica.pl\/index.php\/produkt\/supertunia-vista-silverberry\/\"> <span class=\"screen-reader-text\">Supertunia Vista Silverberry WYSY\u0141KA OD 01.05.2025R<\/span> Read More &raquo;<\/a><\/p>\n","protected":false},"featured_media":2096,"comment_status":"open","ping_status":"closed","template":"","meta":{"site-sidebar-layout":"default","site-content-layout":"default","ast-global-header-display":"","ast-main-header-display":"","ast-hfb-above-header-display":"","ast-hfb-below-header-display":"","ast-hfb-mobile-header-display":"","site-post-title":"","ast-breadcrumbs-content":"","ast-featured-img":"","footer-sml-layout":"","theme-transparent-header-meta":"default","adv-header-id-meta":"","stick-header-meta":"","header-above-stick-meta":"","header-main-stick-meta":"","header-below-stick-meta":"","spay_email":""},"product_cat":[33,20],"product_tag":[],"class_list":["post-2095","product","type-product","status-publish","has-post-thumbnail","hentry","product_cat-kwiaty-balkonowe","product_cat-rosliny"],"yoast_head":"<!-- This site is optimized with the Yoast SEO plugin v19.2 - https:\/\/yoast.com\/wordpress\/plugins\/seo\/ -->\n<title>Supertunia Vista Silverberry WYSY\u0141KA OD 01.05.2025R - Ogr&oacute;d Olszanica<\/title>\n<meta name=\"robots\" content=\"index, follow, max-snippet:-1, max-image-preview:large, max-video-preview:-1\" \/>\n<link rel=\"canonical\" href=\"https:\/\/www.ogrodolszanica.pl\/index.php\/produkt\/supertunia-vista-silverberry\/\" \/>\n<meta property=\"og:locale\" content=\"pl_PL\" \/>\n<meta property=\"og:type\" content=\"article\" \/>\n<meta property=\"og:title\" content=\"Supertunia Vista Silverberry WYSY\u0141KA OD 01.05.2025R - Ogr&oacute;d Olszanica\" \/>\n<meta property=\"og:description\" content=\"Supertunia Vista Silverberry Odmiana \u015bwietnie znosi upa\u0142y, a jej kwiaty s\u0105 niezwykle trwa\u0142e i bardzo szybko regeneruj\u0105 si\u0119 nawet po intensywnych opadach deszczu. Przekwitni\u0119te kwiaty zasychaj\u0105 i opadaj\u0105 same, dzi\u0119ki czemu uprawa jest mniej pracoch\u0142onna. Supertunie zjawiskowo prezentuj\u0105 si\u0119 zar\u00f3wno na rabatach, jak i w kompozycjach pojemnikowych. WYSY\u0141KA OD 01.05.2025R Rodzaj: Supertunia Barwa: Ciemnor\u00f3\u017cowa stanowisko: &hellip; Supertunia Vista Silverberry WYSY\u0141KA OD 01.05.2025R Read More &raquo;\" \/>\n<meta property=\"og:url\" content=\"https:\/\/www.ogrodolszanica.pl\/index.php\/produkt\/supertunia-vista-silverberry\/\" \/>\n<meta property=\"og:site_name\" content=\"Ogr&oacute;d Olszanica\" \/>\n<meta property=\"article:publisher\" content=\"https:\/\/www.facebook.com\/Ogrd-Olszanica-100807179225223\" \/>\n<meta property=\"article:modified_time\" content=\"2026-03-03T17:41:11+00:00\" \/>\n<meta property=\"og:image\" content=\"https:\/\/www.ogrodolszanica.pl\/wp-content\/uploads\/2023\/04\/342119733_615719093906680_4213656595945052765_n.jpg\" \/>\n\t<meta property=\"og:image:width\" content=\"155\" \/>\n\t<meta property=\"og:image:height\" content=\"206\" \/>\n\t<meta property=\"og:image:type\" content=\"image\/jpeg\" \/>\n<meta name=\"author\" content=\"admin\" \/>\n<meta name=\"twitter:card\" content=\"summary_large_image\" \/>\n<meta name=\"twitter:label1\" content=\"Szacowany czas czytania\" \/>\n\t<meta name=\"twitter:data1\" content=\"1 minuta\" \/>\n<script type=\"application\/ld+json\" class=\"yoast-schema-graph\">{\"@context\":\"https:\/\/schema.org\",\"@graph\":[{\"@type\":\"Organization\",\"@id\":\"https:\/\/www.ogrodolszanica.pl\/#organization\",\"name\":\"Ogr\u00f3d Olszanica - Krakowskie Centrum Ogrodnicze\",\"url\":\"https:\/\/www.ogrodolszanica.pl\/\",\"sameAs\":[\"https:\/\/www.facebook.com\/Ogrd-Olszanica-100807179225223\"],\"logo\":{\"@type\":\"ImageObject\",\"inLanguage\":\"pl-PL\",\"@id\":\"https:\/\/www.ogrodolszanica.pl\/#\/schema\/logo\/image\/\",\"url\":\"http:\/\/www.ogrodolszanica.pl\/wp-content\/uploads\/2022\/06\/Ogrod-Olszanica1-1.png\",\"contentUrl\":\"http:\/\/www.ogrodolszanica.pl\/wp-content\/uploads\/2022\/06\/Ogrod-Olszanica1-1.png\",\"width\":180,\"height\":60,\"caption\":\"Ogr\u00f3d Olszanica - Krakowskie Centrum Ogrodnicze\"},\"image\":{\"@id\":\"https:\/\/www.ogrodolszanica.pl\/#\/schema\/logo\/image\/\"}},{\"@type\":\"WebSite\",\"@id\":\"https:\/\/www.ogrodolszanica.pl\/#website\",\"url\":\"https:\/\/www.ogrodolszanica.pl\/\",\"name\":\"Ogr&oacute;d Olszanica\",\"description\":\"Centrum Ogrodnicze Krak&oacute;w\",\"publisher\":{\"@id\":\"https:\/\/www.ogrodolszanica.pl\/#organization\"},\"potentialAction\":[{\"@type\":\"SearchAction\",\"target\":{\"@type\":\"EntryPoint\",\"urlTemplate\":\"https:\/\/www.ogrodolszanica.pl\/?s={search_term_string}\"},\"query-input\":\"required name=search_term_string\"}],\"inLanguage\":\"pl-PL\"},{\"@type\":\"ImageObject\",\"inLanguage\":\"pl-PL\",\"@id\":\"https:\/\/www.ogrodolszanica.pl\/index.php\/produkt\/supertunia-vista-silverberry\/#primaryimage\",\"url\":\"https:\/\/i0.wp.com\/www.ogrodolszanica.pl\/wp-content\/uploads\/2023\/04\/342119733_615719093906680_4213656595945052765_n.jpg?fit=155%2C206&ssl=1\",\"contentUrl\":\"https:\/\/i0.wp.com\/www.ogrodolszanica.pl\/wp-content\/uploads\/2023\/04\/342119733_615719093906680_4213656595945052765_n.jpg?fit=155%2C206&ssl=1\",\"width\":155,\"height\":206},{\"@type\":\"WebPage\",\"@id\":\"https:\/\/www.ogrodolszanica.pl\/index.php\/produkt\/supertunia-vista-silverberry\/#webpage\",\"url\":\"https:\/\/www.ogrodolszanica.pl\/index.php\/produkt\/supertunia-vista-silverberry\/\",\"name\":\"Supertunia Vista Silverberry WYSY\u0141KA OD 01.05.2025R - Ogr&oacute;d Olszanica\",\"isPartOf\":{\"@id\":\"https:\/\/www.ogrodolszanica.pl\/#website\"},\"primaryImageOfPage\":{\"@id\":\"https:\/\/www.ogrodolszanica.pl\/index.php\/produkt\/supertunia-vista-silverberry\/#primaryimage\"},\"datePublished\":\"2023-04-22T10:57:11+00:00\",\"dateModified\":\"2026-03-03T17:41:11+00:00\",\"breadcrumb\":{\"@id\":\"https:\/\/www.ogrodolszanica.pl\/index.php\/produkt\/supertunia-vista-silverberry\/#breadcrumb\"},\"inLanguage\":\"pl-PL\",\"potentialAction\":[{\"@type\":\"ReadAction\",\"target\":[\"https:\/\/www.ogrodolszanica.pl\/index.php\/produkt\/supertunia-vista-silverberry\/\"]}]},{\"@type\":\"BreadcrumbList\",\"@id\":\"https:\/\/www.ogrodolszanica.pl\/index.php\/produkt\/supertunia-vista-silverberry\/#breadcrumb\",\"itemListElement\":[{\"@type\":\"ListItem\",\"position\":1,\"name\":\"Strona g\u0142\u00f3wna\",\"item\":\"https:\/\/www.ogrodolszanica.pl\/\"},{\"@type\":\"ListItem\",\"position\":2,\"name\":\"Produkty\",\"item\":\"https:\/\/www.ogrodolszanica.pl\/index.php\/shop\/\"},{\"@type\":\"ListItem\",\"position\":3,\"name\":\"Supertunia Vista Silverberry WYSY\u0141KA OD 01.05.2025R\"}]}]}<\/script>\n<!-- \/ Yoast SEO plugin. -->","yoast_head_json":{"title":"Supertunia Vista Silverberry WYSY\u0141KA OD 01.05.2025R - Ogr&oacute;d Olszanica","robots":{"index":"index","follow":"follow","max-snippet":"max-snippet:-1","max-image-preview":"max-image-preview:large","max-video-preview":"max-video-preview:-1"},"canonical":"https:\/\/www.ogrodolszanica.pl\/index.php\/produkt\/supertunia-vista-silverberry\/","og_locale":"pl_PL","og_type":"article","og_title":"Supertunia Vista Silverberry WYSY\u0141KA OD 01.05.2025R - Ogr&oacute;d Olszanica","og_description":"Supertunia Vista Silverberry Odmiana \u015bwietnie znosi upa\u0142y, a jej kwiaty s\u0105 niezwykle trwa\u0142e i bardzo szybko regeneruj\u0105 si\u0119 nawet po intensywnych opadach deszczu. Przekwitni\u0119te kwiaty zasychaj\u0105 i opadaj\u0105 same, dzi\u0119ki czemu uprawa jest mniej pracoch\u0142onna. Supertunie zjawiskowo prezentuj\u0105 si\u0119 zar\u00f3wno na rabatach, jak i w kompozycjach pojemnikowych. WYSY\u0141KA OD 01.05.2025R Rodzaj: Supertunia Barwa: Ciemnor\u00f3\u017cowa stanowisko: &hellip; Supertunia Vista Silverberry WYSY\u0141KA OD 01.05.2025R Read More &raquo;","og_url":"https:\/\/www.ogrodolszanica.pl\/index.php\/produkt\/supertunia-vista-silverberry\/","og_site_name":"Ogr&oacute;d Olszanica","article_publisher":"https:\/\/www.facebook.com\/Ogrd-Olszanica-100807179225223","article_modified_time":"2026-03-03T17:41:11+00:00","og_image":[{"width":155,"height":206,"url":"https:\/\/www.ogrodolszanica.pl\/wp-content\/uploads\/2023\/04\/342119733_615719093906680_4213656595945052765_n.jpg","type":"image\/jpeg"}],"author":"admin","twitter_card":"summary_large_image","twitter_misc":{"Szacowany czas czytania":"1 minuta"},"schema":{"@context":"https:\/\/schema.org","@graph":[{"@type":"Organization","@id":"https:\/\/www.ogrodolszanica.pl\/#organization","name":"Ogr\u00f3d Olszanica - Krakowskie Centrum Ogrodnicze","url":"https:\/\/www.ogrodolszanica.pl\/","sameAs":["https:\/\/www.facebook.com\/Ogrd-Olszanica-100807179225223"],"logo":{"@type":"ImageObject","inLanguage":"pl-PL","@id":"https:\/\/www.ogrodolszanica.pl\/#\/schema\/logo\/image\/","url":"http:\/\/www.ogrodolszanica.pl\/wp-content\/uploads\/2022\/06\/Ogrod-Olszanica1-1.png","contentUrl":"http:\/\/www.ogrodolszanica.pl\/wp-content\/uploads\/2022\/06\/Ogrod-Olszanica1-1.png","width":180,"height":60,"caption":"Ogr\u00f3d Olszanica - Krakowskie Centrum Ogrodnicze"},"image":{"@id":"https:\/\/www.ogrodolszanica.pl\/#\/schema\/logo\/image\/"}},{"@type":"WebSite","@id":"https:\/\/www.ogrodolszanica.pl\/#website","url":"https:\/\/www.ogrodolszanica.pl\/","name":"Ogr&oacute;d Olszanica","description":"Centrum Ogrodnicze Krak&oacute;w","publisher":{"@id":"https:\/\/www.ogrodolszanica.pl\/#organization"},"potentialAction":[{"@type":"SearchAction","target":{"@type":"EntryPoint","urlTemplate":"https:\/\/www.ogrodolszanica.pl\/?s={search_term_string}"},"query-input":"required name=search_term_string"}],"inLanguage":"pl-PL"},{"@type":"ImageObject","inLanguage":"pl-PL","@id":"https:\/\/www.ogrodolszanica.pl\/index.php\/produkt\/supertunia-vista-silverberry\/#primaryimage","url":"https:\/\/i0.wp.com\/www.ogrodolszanica.pl\/wp-content\/uploads\/2023\/04\/342119733_615719093906680_4213656595945052765_n.jpg?fit=155%2C206&ssl=1","contentUrl":"https:\/\/i0.wp.com\/www.ogrodolszanica.pl\/wp-content\/uploads\/2023\/04\/342119733_615719093906680_4213656595945052765_n.jpg?fit=155%2C206&ssl=1","width":155,"height":206},{"@type":"WebPage","@id":"https:\/\/www.ogrodolszanica.pl\/index.php\/produkt\/supertunia-vista-silverberry\/#webpage","url":"https:\/\/www.ogrodolszanica.pl\/index.php\/produkt\/supertunia-vista-silverberry\/","name":"Supertunia Vista Silverberry WYSY\u0141KA OD 01.05.2025R - Ogr&oacute;d Olszanica","isPartOf":{"@id":"https:\/\/www.ogrodolszanica.pl\/#website"},"primaryImageOfPage":{"@id":"https:\/\/www.ogrodolszanica.pl\/index.php\/produkt\/supertunia-vista-silverberry\/#primaryimage"},"datePublished":"2023-04-22T10:57:11+00:00","dateModified":"2026-03-03T17:41:11+00:00","breadcrumb":{"@id":"https:\/\/www.ogrodolszanica.pl\/index.php\/produkt\/supertunia-vista-silverberry\/#breadcrumb"},"inLanguage":"pl-PL","potentialAction":[{"@type":"ReadAction","target":["https:\/\/www.ogrodolszanica.pl\/index.php\/produkt\/supertunia-vista-silverberry\/"]}]},{"@type":"BreadcrumbList","@id":"https:\/\/www.ogrodolszanica.pl\/index.php\/produkt\/supertunia-vista-silverberry\/#breadcrumb","itemListElement":[{"@type":"ListItem","position":1,"name":"Strona g\u0142\u00f3wna","item":"https:\/\/www.ogrodolszanica.pl\/"},{"@type":"ListItem","position":2,"name":"Produkty","item":"https:\/\/www.ogrodolszanica.pl\/index.php\/shop\/"},{"@type":"ListItem","position":3,"name":"Supertunia Vista Silverberry WYSY\u0141KA OD 01.05.2025R"}]}]}},"jetpack-related-posts":[{"id":2268,"url":"https:\/\/www.ogrodolszanica.pl\/index.php\/produkt\/supertunia-vista-jazzberry\/","url_meta":{"origin":2095,"position":0},"title":"Supertunia Vista Jazzberry WYSY\u0141KA OD 01.05.2025R","date":"1 czerwca, 2023","format":false,"excerpt":"Supertunia Vista Jazzberry WYSY\u0141KA OD 01.05.2025R Rodzaj: Supertunia Barwa: Purpurowa stanowisko: s\u0142oneczne Dobierz odpowiednie pod\u0142o\u017ce z wybranych produkt\u00f3w w naszym sklepie: Pod\u0142o\u017ca \u00a0 \u00a0","rel":"","context":"Similar post","img":{"alt_text":"","src":"https:\/\/i0.wp.com\/www.ogrodolszanica.pl\/wp-content\/uploads\/2023\/06\/image0.jpegmaxwidth2559.7000554800034maxheight1239-12.jpg?fit=900%2C1200&ssl=1&resize=350%2C200","width":350,"height":200},"classes":[]},{"id":2265,"url":"https:\/\/www.ogrodolszanica.pl\/index.php\/produkt\/supertunia-vista-fuschia\/","url_meta":{"origin":2095,"position":1},"title":"Supertunia Vista Paradise WYSY\u0141KA OD 01.05.2025R","date":"1 czerwca, 2023","format":false,"excerpt":"Supertunia Vista Paradise WYSY\u0141KA OD 01.05.2025R Rodzaj: Supertunia Barwa: R\u00f3\u017cowa stanowisko: s\u0142oneczne Dobierz odpowiednie pod\u0142o\u017ce z wybranych produkt\u00f3w w naszym sklepie: Pod\u0142o\u017ca \u00a0 \u00a0","rel":"","context":"Similar post","img":{"alt_text":"","src":"https:\/\/i0.wp.com\/www.ogrodolszanica.pl\/wp-content\/uploads\/2023\/06\/image0.jpegmaxwidth2559.7000554800034maxheight1239-11.jpg?fit=900%2C1200&ssl=1&resize=350%2C200","width":350,"height":200},"classes":[]},{"id":2262,"url":"https:\/\/www.ogrodolszanica.pl\/index.php\/produkt\/supertunia-vista-snowdrift\/","url_meta":{"origin":2095,"position":2},"title":"Supertunia Vista Snowdrift WYSY\u0141KA OD 01.05.2025R","date":"1 czerwca, 2023","format":false,"excerpt":"Supertunia Vista Snowdrift WYSY\u0141KA OD 01.05.2025R Rodzaj: Supertunia Barwa: Bia\u0142a stanowisko: s\u0142oneczne Dobierz odpowiednie pod\u0142o\u017ce z wybranych produkt\u00f3w w naszym sklepie: Pod\u0142o\u017ca \u00a0 \u00a0","rel":"","context":"Similar post","img":{"alt_text":"","src":"https:\/\/i0.wp.com\/www.ogrodolszanica.pl\/wp-content\/uploads\/2023\/06\/image0.jpegmaxwidth2559.7000554800034maxheight1296-4.jpg?fit=900%2C1200&ssl=1&resize=350%2C200","width":350,"height":200},"classes":[]},{"id":2110,"url":"https:\/\/www.ogrodolszanica.pl\/index.php\/produkt\/supertunia-vista-bubblegum\/","url_meta":{"origin":2095,"position":3},"title":"Supertunia Vista Bubblegum WYSY\u0141KA OD 01.05.2025R","date":"26 kwietnia, 2023","format":false,"excerpt":"Supertunia Vista Guma balonowa WYSY\u0141KA OD 01.05.2025R Rodzaj: Supertunia Barwa: Jasnor\u00f3\u017cowa stanowisko: s\u0142oneczne Dobierz odpowiednie pod\u0142o\u017ce z wybranych produkt\u00f3w w naszym sklepie: Pod\u0142o\u017ca \u00a0 \u00a0","rel":"","context":"Similar post","img":{"alt_text":"","src":"https:\/\/i0.wp.com\/www.ogrodolszanica.pl\/wp-content\/uploads\/2023\/04\/vista_bubblegum.jpg?fit=700%2C700&ssl=1&resize=350%2C200","width":350,"height":200},"classes":[]},{"id":2555,"url":"https:\/\/www.ogrodolszanica.pl\/index.php\/produkt\/supertunia-mini-vista-yellow\/","url_meta":{"origin":2095,"position":4},"title":"Supertunia Mini Vista Yellow","date":"23 stycznia, 2024","format":false,"excerpt":"Supertunia Mini Vista Yellow Rodzaj: Supertunia Barwa: \u017b\u00f3\u0142ta stanowisko: s\u0142oneczne Dobierz odpowiednie pod\u0142o\u017ce z wybranych produkt\u00f3w w naszym sklepie: Pod\u0142o\u017ca \u00a0 \u00a0","rel":"","context":"Similar post","img":{"alt_text":"","src":"https:\/\/i0.wp.com\/www.ogrodolszanica.pl\/wp-content\/uploads\/2024\/01\/supertunia_mini_vista_yellow_tag.jpg?fit=700%2C700&ssl=1&resize=350%2C200","width":350,"height":200},"classes":[]},{"id":2552,"url":"https:\/\/www.ogrodolszanica.pl\/index.php\/produkt\/supertunia-mini-vista-hot-pink\/","url_meta":{"origin":2095,"position":5},"title":"Supertunia Mini Vista Hot Pink","date":"23 stycznia, 2024","format":false,"excerpt":"Supertunia Mini Vista Hot Pink Rodzaj: Supertunia Barwa: R\u00f3\u017cowa stanowisko: s\u0142oneczne Dobierz odpowiednie pod\u0142o\u017ce z wybranych produkt\u00f3w w naszym sklepie: Pod\u0142o\u017ca \u00a0 \u00a0","rel":"","context":"Similar post","img":{"alt_text":"","src":"https:\/\/i0.wp.com\/www.ogrodolszanica.pl\/wp-content\/uploads\/2024\/01\/supertunia_mini_vista_hot_pink_tag.jpg?fit=700%2C700&ssl=1&resize=350%2C200","width":350,"height":200},"classes":[]}],"_links":{"self":[{"href":"https:\/\/www.ogrodolszanica.pl\/index.php\/wp-json\/wp\/v2\/product\/2095","targetHints":{"allow":["GET"]}}],"collection":[{"href":"https:\/\/www.ogrodolszanica.pl\/index.php\/wp-json\/wp\/v2\/product"}],"about":[{"href":"https:\/\/www.ogrodolszanica.pl\/index.php\/wp-json\/wp\/v2\/types\/product"}],"replies":[{"embeddable":true,"href":"https:\/\/www.ogrodolszanica.pl\/index.php\/wp-json\/wp\/v2\/comments?post=2095"}],"wp:featuredmedia":[{"embeddable":true,"href":"https:\/\/www.ogrodolszanica.pl\/index.php\/wp-json\/wp\/v2\/media\/2096"}],"wp:attachment":[{"href":"https:\/\/www.ogrodolszanica.pl\/index.php\/wp-json\/wp\/v2\/media?parent=2095"}],"wp:term":[{"taxonomy":"product_cat","embeddable":true,"href":"https:\/\/www.ogrodolszanica.pl\/index.php\/wp-json\/wp\/v2\/product_cat?post=2095"},{"taxonomy":"product_tag","embeddable":true,"href":"https:\/\/www.ogrodolszanica.pl\/index.php\/wp-json\/wp\/v2\/product_tag?post=2095"}],"curies":[{"name":"wp","href":"https:\/\/api.w.org\/{rel}","templated":true}]}}