{"id":2084,"date":"2023-04-21T13:14:23","date_gmt":"2023-04-21T13:14:23","guid":{"rendered":"https:\/\/www.ogrodolszanica.pl\/?post_type=product&#038;p=2084"},"modified":"2026-03-03T17:41:18","modified_gmt":"2026-03-03T17:41:18","slug":"pelargonia-krakowiak-rozowa","status":"publish","type":"product","link":"https:\/\/www.ogrodolszanica.pl\/index.php\/produkt\/pelargonia-krakowiak-rozowa\/","title":{"rendered":"Pelargonia Krakowiak R\u00f3\u017cowa"},"content":{"rendered":"<h2 style=\"text-align: center;\">Pelargonia Krakowiak R\u00f3\u017cowa<\/h2>\n<ul>\n<li>Rodzaj: Pelargonia<\/li>\n<li>Barwa: R\u00f3\u017cowy<\/li>\n<\/ul>\n<p>Dobierz odpowiednie pod\u0142o\u017ce z wybranych produkt\u00f3w w naszym sklepie: <a href=\"https:\/\/www.ogrodolszanica.pl\/index.php\/kategoria-produktu\/zin\/\">Pod\u0142o\u017ca<\/a><\/p>\n<p>&nbsp;<\/p>\n<p>&nbsp;<\/p>\n","protected":false},"excerpt":{"rendered":"<p>Pelargonia Krakowiak R\u00f3\u017cowa Rodzaj: Pelargonia Barwa: R\u00f3\u017cowy Dobierz odpowiednie pod\u0142o\u017ce z wybranych produkt\u00f3w w naszym sklepie: Pod\u0142o\u017ca &nbsp; &nbsp;<\/p>\n","protected":false},"featured_media":2085,"comment_status":"open","ping_status":"closed","template":"","meta":{"site-sidebar-layout":"default","site-content-layout":"default","ast-global-header-display":"","ast-main-header-display":"","ast-hfb-above-header-display":"","ast-hfb-below-header-display":"","ast-hfb-mobile-header-display":"","site-post-title":"","ast-breadcrumbs-content":"","ast-featured-img":"","footer-sml-layout":"","theme-transparent-header-meta":"default","adv-header-id-meta":"","stick-header-meta":"","header-above-stick-meta":"","header-main-stick-meta":"","header-below-stick-meta":"","spay_email":""},"product_cat":[33,20],"product_tag":[],"class_list":["post-2084","product","type-product","status-publish","has-post-thumbnail","hentry","product_cat-kwiaty-balkonowe","product_cat-rosliny"],"yoast_head":"<!-- This site is optimized with the Yoast SEO plugin v19.2 - https:\/\/yoast.com\/wordpress\/plugins\/seo\/ -->\n<title>Pelargonia Krakowiak R\u00f3\u017cowa - Ogr&oacute;d Olszanica<\/title>\n<meta name=\"robots\" content=\"index, follow, max-snippet:-1, max-image-preview:large, max-video-preview:-1\" \/>\n<link rel=\"canonical\" href=\"https:\/\/www.ogrodolszanica.pl\/index.php\/produkt\/pelargonia-krakowiak-rozowa\/\" \/>\n<meta property=\"og:locale\" content=\"pl_PL\" \/>\n<meta property=\"og:type\" content=\"article\" \/>\n<meta property=\"og:title\" content=\"Pelargonia Krakowiak R\u00f3\u017cowa - Ogr&oacute;d Olszanica\" \/>\n<meta property=\"og:description\" content=\"Pelargonia Krakowiak R\u00f3\u017cowa Rodzaj: Pelargonia Barwa: R\u00f3\u017cowy Dobierz odpowiednie pod\u0142o\u017ce z wybranych produkt\u00f3w w naszym sklepie: Pod\u0142o\u017ca &nbsp; &nbsp;\" \/>\n<meta property=\"og:url\" content=\"https:\/\/www.ogrodolszanica.pl\/index.php\/produkt\/pelargonia-krakowiak-rozowa\/\" \/>\n<meta property=\"og:site_name\" content=\"Ogr&oacute;d Olszanica\" \/>\n<meta property=\"article:publisher\" content=\"https:\/\/www.facebook.com\/Ogrd-Olszanica-100807179225223\" \/>\n<meta property=\"article:modified_time\" content=\"2026-03-03T17:41:18+00:00\" \/>\n<meta property=\"og:image\" content=\"https:\/\/www.ogrodolszanica.pl\/wp-content\/uploads\/2023\/04\/342318426_254489073686953_8794242820386879109_n.jpg\" \/>\n\t<meta property=\"og:image:width\" content=\"1500\" \/>\n\t<meta property=\"og:image:height\" content=\"2000\" \/>\n\t<meta property=\"og:image:type\" content=\"image\/jpeg\" \/>\n<meta name=\"author\" content=\"admin\" \/>\n<meta name=\"twitter:card\" content=\"summary_large_image\" \/>\n<meta name=\"twitter:label1\" content=\"Szacowany czas czytania\" \/>\n\t<meta name=\"twitter:data1\" content=\"1 minuta\" \/>\n<script type=\"application\/ld+json\" class=\"yoast-schema-graph\">{\"@context\":\"https:\/\/schema.org\",\"@graph\":[{\"@type\":\"Organization\",\"@id\":\"https:\/\/www.ogrodolszanica.pl\/#organization\",\"name\":\"Ogr\u00f3d Olszanica - Krakowskie Centrum Ogrodnicze\",\"url\":\"https:\/\/www.ogrodolszanica.pl\/\",\"sameAs\":[\"https:\/\/www.facebook.com\/Ogrd-Olszanica-100807179225223\"],\"logo\":{\"@type\":\"ImageObject\",\"inLanguage\":\"pl-PL\",\"@id\":\"https:\/\/www.ogrodolszanica.pl\/#\/schema\/logo\/image\/\",\"url\":\"http:\/\/www.ogrodolszanica.pl\/wp-content\/uploads\/2022\/06\/Ogrod-Olszanica1-1.png\",\"contentUrl\":\"http:\/\/www.ogrodolszanica.pl\/wp-content\/uploads\/2022\/06\/Ogrod-Olszanica1-1.png\",\"width\":180,\"height\":60,\"caption\":\"Ogr\u00f3d Olszanica - Krakowskie Centrum Ogrodnicze\"},\"image\":{\"@id\":\"https:\/\/www.ogrodolszanica.pl\/#\/schema\/logo\/image\/\"}},{\"@type\":\"WebSite\",\"@id\":\"https:\/\/www.ogrodolszanica.pl\/#website\",\"url\":\"https:\/\/www.ogrodolszanica.pl\/\",\"name\":\"Ogr&oacute;d Olszanica\",\"description\":\"Centrum Ogrodnicze Krak&oacute;w\",\"publisher\":{\"@id\":\"https:\/\/www.ogrodolszanica.pl\/#organization\"},\"potentialAction\":[{\"@type\":\"SearchAction\",\"target\":{\"@type\":\"EntryPoint\",\"urlTemplate\":\"https:\/\/www.ogrodolszanica.pl\/?s={search_term_string}\"},\"query-input\":\"required name=search_term_string\"}],\"inLanguage\":\"pl-PL\"},{\"@type\":\"ImageObject\",\"inLanguage\":\"pl-PL\",\"@id\":\"https:\/\/www.ogrodolszanica.pl\/index.php\/produkt\/pelargonia-krakowiak-rozowa\/#primaryimage\",\"url\":\"https:\/\/i0.wp.com\/www.ogrodolszanica.pl\/wp-content\/uploads\/2023\/04\/342318426_254489073686953_8794242820386879109_n.jpg?fit=1500%2C2000&ssl=1\",\"contentUrl\":\"https:\/\/i0.wp.com\/www.ogrodolszanica.pl\/wp-content\/uploads\/2023\/04\/342318426_254489073686953_8794242820386879109_n.jpg?fit=1500%2C2000&ssl=1\",\"width\":1500,\"height\":2000},{\"@type\":\"WebPage\",\"@id\":\"https:\/\/www.ogrodolszanica.pl\/index.php\/produkt\/pelargonia-krakowiak-rozowa\/#webpage\",\"url\":\"https:\/\/www.ogrodolszanica.pl\/index.php\/produkt\/pelargonia-krakowiak-rozowa\/\",\"name\":\"Pelargonia Krakowiak R\u00f3\u017cowa - Ogr&oacute;d Olszanica\",\"isPartOf\":{\"@id\":\"https:\/\/www.ogrodolszanica.pl\/#website\"},\"primaryImageOfPage\":{\"@id\":\"https:\/\/www.ogrodolszanica.pl\/index.php\/produkt\/pelargonia-krakowiak-rozowa\/#primaryimage\"},\"datePublished\":\"2023-04-21T13:14:23+00:00\",\"dateModified\":\"2026-03-03T17:41:18+00:00\",\"breadcrumb\":{\"@id\":\"https:\/\/www.ogrodolszanica.pl\/index.php\/produkt\/pelargonia-krakowiak-rozowa\/#breadcrumb\"},\"inLanguage\":\"pl-PL\",\"potentialAction\":[{\"@type\":\"ReadAction\",\"target\":[\"https:\/\/www.ogrodolszanica.pl\/index.php\/produkt\/pelargonia-krakowiak-rozowa\/\"]}]},{\"@type\":\"BreadcrumbList\",\"@id\":\"https:\/\/www.ogrodolszanica.pl\/index.php\/produkt\/pelargonia-krakowiak-rozowa\/#breadcrumb\",\"itemListElement\":[{\"@type\":\"ListItem\",\"position\":1,\"name\":\"Strona g\u0142\u00f3wna\",\"item\":\"https:\/\/www.ogrodolszanica.pl\/\"},{\"@type\":\"ListItem\",\"position\":2,\"name\":\"Produkty\",\"item\":\"https:\/\/www.ogrodolszanica.pl\/index.php\/shop\/\"},{\"@type\":\"ListItem\",\"position\":3,\"name\":\"Pelargonia Krakowiak R\u00f3\u017cowa\"}]}]}<\/script>\n<!-- \/ Yoast SEO plugin. -->","yoast_head_json":{"title":"Pelargonia Krakowiak R\u00f3\u017cowa - Ogr&oacute;d Olszanica","robots":{"index":"index","follow":"follow","max-snippet":"max-snippet:-1","max-image-preview":"max-image-preview:large","max-video-preview":"max-video-preview:-1"},"canonical":"https:\/\/www.ogrodolszanica.pl\/index.php\/produkt\/pelargonia-krakowiak-rozowa\/","og_locale":"pl_PL","og_type":"article","og_title":"Pelargonia Krakowiak R\u00f3\u017cowa - Ogr&oacute;d Olszanica","og_description":"Pelargonia Krakowiak R\u00f3\u017cowa Rodzaj: Pelargonia Barwa: R\u00f3\u017cowy Dobierz odpowiednie pod\u0142o\u017ce z wybranych produkt\u00f3w w naszym sklepie: Pod\u0142o\u017ca &nbsp; &nbsp;","og_url":"https:\/\/www.ogrodolszanica.pl\/index.php\/produkt\/pelargonia-krakowiak-rozowa\/","og_site_name":"Ogr&oacute;d Olszanica","article_publisher":"https:\/\/www.facebook.com\/Ogrd-Olszanica-100807179225223","article_modified_time":"2026-03-03T17:41:18+00:00","og_image":[{"width":1500,"height":2000,"url":"https:\/\/www.ogrodolszanica.pl\/wp-content\/uploads\/2023\/04\/342318426_254489073686953_8794242820386879109_n.jpg","type":"image\/jpeg"}],"author":"admin","twitter_card":"summary_large_image","twitter_misc":{"Szacowany czas czytania":"1 minuta"},"schema":{"@context":"https:\/\/schema.org","@graph":[{"@type":"Organization","@id":"https:\/\/www.ogrodolszanica.pl\/#organization","name":"Ogr\u00f3d Olszanica - Krakowskie Centrum Ogrodnicze","url":"https:\/\/www.ogrodolszanica.pl\/","sameAs":["https:\/\/www.facebook.com\/Ogrd-Olszanica-100807179225223"],"logo":{"@type":"ImageObject","inLanguage":"pl-PL","@id":"https:\/\/www.ogrodolszanica.pl\/#\/schema\/logo\/image\/","url":"http:\/\/www.ogrodolszanica.pl\/wp-content\/uploads\/2022\/06\/Ogrod-Olszanica1-1.png","contentUrl":"http:\/\/www.ogrodolszanica.pl\/wp-content\/uploads\/2022\/06\/Ogrod-Olszanica1-1.png","width":180,"height":60,"caption":"Ogr\u00f3d Olszanica - Krakowskie Centrum Ogrodnicze"},"image":{"@id":"https:\/\/www.ogrodolszanica.pl\/#\/schema\/logo\/image\/"}},{"@type":"WebSite","@id":"https:\/\/www.ogrodolszanica.pl\/#website","url":"https:\/\/www.ogrodolszanica.pl\/","name":"Ogr&oacute;d Olszanica","description":"Centrum Ogrodnicze Krak&oacute;w","publisher":{"@id":"https:\/\/www.ogrodolszanica.pl\/#organization"},"potentialAction":[{"@type":"SearchAction","target":{"@type":"EntryPoint","urlTemplate":"https:\/\/www.ogrodolszanica.pl\/?s={search_term_string}"},"query-input":"required name=search_term_string"}],"inLanguage":"pl-PL"},{"@type":"ImageObject","inLanguage":"pl-PL","@id":"https:\/\/www.ogrodolszanica.pl\/index.php\/produkt\/pelargonia-krakowiak-rozowa\/#primaryimage","url":"https:\/\/i0.wp.com\/www.ogrodolszanica.pl\/wp-content\/uploads\/2023\/04\/342318426_254489073686953_8794242820386879109_n.jpg?fit=1500%2C2000&ssl=1","contentUrl":"https:\/\/i0.wp.com\/www.ogrodolszanica.pl\/wp-content\/uploads\/2023\/04\/342318426_254489073686953_8794242820386879109_n.jpg?fit=1500%2C2000&ssl=1","width":1500,"height":2000},{"@type":"WebPage","@id":"https:\/\/www.ogrodolszanica.pl\/index.php\/produkt\/pelargonia-krakowiak-rozowa\/#webpage","url":"https:\/\/www.ogrodolszanica.pl\/index.php\/produkt\/pelargonia-krakowiak-rozowa\/","name":"Pelargonia Krakowiak R\u00f3\u017cowa - Ogr&oacute;d Olszanica","isPartOf":{"@id":"https:\/\/www.ogrodolszanica.pl\/#website"},"primaryImageOfPage":{"@id":"https:\/\/www.ogrodolszanica.pl\/index.php\/produkt\/pelargonia-krakowiak-rozowa\/#primaryimage"},"datePublished":"2023-04-21T13:14:23+00:00","dateModified":"2026-03-03T17:41:18+00:00","breadcrumb":{"@id":"https:\/\/www.ogrodolszanica.pl\/index.php\/produkt\/pelargonia-krakowiak-rozowa\/#breadcrumb"},"inLanguage":"pl-PL","potentialAction":[{"@type":"ReadAction","target":["https:\/\/www.ogrodolszanica.pl\/index.php\/produkt\/pelargonia-krakowiak-rozowa\/"]}]},{"@type":"BreadcrumbList","@id":"https:\/\/www.ogrodolszanica.pl\/index.php\/produkt\/pelargonia-krakowiak-rozowa\/#breadcrumb","itemListElement":[{"@type":"ListItem","position":1,"name":"Strona g\u0142\u00f3wna","item":"https:\/\/www.ogrodolszanica.pl\/"},{"@type":"ListItem","position":2,"name":"Produkty","item":"https:\/\/www.ogrodolszanica.pl\/index.php\/shop\/"},{"@type":"ListItem","position":3,"name":"Pelargonia Krakowiak R\u00f3\u017cowa"}]}]}},"jetpack-related-posts":[{"id":2552,"url":"https:\/\/www.ogrodolszanica.pl\/index.php\/produkt\/supertunia-mini-vista-hot-pink\/","url_meta":{"origin":2084,"position":0},"title":"Supertunia Mini Vista Hot Pink","date":"23 stycznia, 2024","format":false,"excerpt":"Supertunia Mini Vista Hot Pink Rodzaj: Supertunia Barwa: R\u00f3\u017cowa stanowisko: s\u0142oneczne Dobierz odpowiednie pod\u0142o\u017ce z wybranych produkt\u00f3w w naszym sklepie: Pod\u0142o\u017ca \u00a0 \u00a0","rel":"","context":"Similar post","img":{"alt_text":"","src":"https:\/\/i0.wp.com\/www.ogrodolszanica.pl\/wp-content\/uploads\/2024\/01\/supertunia_mini_vista_hot_pink_tag.jpg?fit=700%2C700&ssl=1&resize=350%2C200","width":350,"height":200},"classes":[]},{"id":2265,"url":"https:\/\/www.ogrodolszanica.pl\/index.php\/produkt\/supertunia-vista-fuschia\/","url_meta":{"origin":2084,"position":1},"title":"Supertunia Vista Paradise WYSY\u0141KA OD 01.05.2025R","date":"1 czerwca, 2023","format":false,"excerpt":"Supertunia Vista Paradise WYSY\u0141KA OD 01.05.2025R Rodzaj: Supertunia Barwa: R\u00f3\u017cowa stanowisko: s\u0142oneczne Dobierz odpowiednie pod\u0142o\u017ce z wybranych produkt\u00f3w w naszym sklepie: Pod\u0142o\u017ca \u00a0 \u00a0","rel":"","context":"Similar post","img":{"alt_text":"","src":"https:\/\/i0.wp.com\/www.ogrodolszanica.pl\/wp-content\/uploads\/2023\/06\/image0.jpegmaxwidth2559.7000554800034maxheight1239-11.jpg?fit=900%2C1200&ssl=1&resize=350%2C200","width":350,"height":200},"classes":[]},{"id":2895,"url":"https:\/\/www.ogrodolszanica.pl\/index.php\/produkt\/gaura-baby-butterfly-dark-pink\/","url_meta":{"origin":2084,"position":2},"title":"Gaura Baby Butterfly Dark Pink","date":"11 wrze\u015bnia, 2024","format":false,"excerpt":"Gaura Baby Butterfly Dark Pink \u00a0 Rodzaj: Gaura Barwa: R\u00f3\u017cowa szeroko\u015b\u0107: 30\u00a0cm wysoko\u015b\u0107: 20\u00a0cm wysoko\u015b\u0107 (kwitnienie): 30\u00a0cm kwitnienie: czerwiec \u00f7 pa\u017adziernik stanowisko: s\u0142oneczne Dobierz odpowiednie pod\u0142o\u017ce z wybranych produkt\u00f3w w naszym sklepie: Pod\u0142o\u017ca \u00a0","rel":"","context":"Similar post","img":{"alt_text":"","src":"https:\/\/i0.wp.com\/www.ogrodolszanica.pl\/wp-content\/uploads\/2024\/09\/IMG_5319-scaled.jpg?fit=900%2C1200&ssl=1&resize=350%2C200","width":350,"height":200},"classes":[]},{"id":2675,"url":"https:\/\/www.ogrodolszanica.pl\/index.php\/produkt\/rozchodnik-red-canyon\/","url_meta":{"origin":2084,"position":3},"title":"Rozchodnik Red Canyon","date":"30 stycznia, 2024","format":false,"excerpt":"Rozchodnik Red Canyon \u00a0 Rozchodnik zadarniaj\u0105cy o grubych, mi\u0119sistych li\u015bciach w kolorze szarozielonym z odcieniami r\u00f3\u017cu. Maj\u0105 one r\u00f3wnie\u017c kolczaste brzegi. W lecie pojawiaj\u0105 si\u0119 drobne r\u00f3\u017cowe kwiatostany. Preferuje stanowiska s\u0142oneczne. Rodzaj: Rozchodnik Barwa: R\u00f3\u017cowa szeroko\u015b\u0107: 60 cm wysoko\u015b\u0107: 10\u00a0cm wysoko\u015b\u0107 (kwitnienie): 14\u00a0cm kwitnienie: czerwiec \u00f7 wrzesie\u0144 stanowisko:\u00a0s\u0142oneczne Dobierz odpowiednie\u2026","rel":"","context":"Similar post","img":{"alt_text":"","src":"https:\/\/i0.wp.com\/www.ogrodolszanica.pl\/wp-content\/uploads\/2024\/01\/byliny-i-trawy_sedum_75270_3.jpg?fit=488%2C650&ssl=1&resize=350%2C200","width":350,"height":200},"classes":[]},{"id":2726,"url":"https:\/\/www.ogrodolszanica.pl\/index.php\/produkt\/jarzmianka-cerise-button\/","url_meta":{"origin":2084,"position":4},"title":"Jarzmianka Cerise Button","date":"31 stycznia, 2024","format":false,"excerpt":"Jarzmianka Cerise Button \u00a0 Astrantia 'Cerise Button' wytwarza intensywnie r\u00f3\u017cowe kwiaty, kt\u00f3re z czasem staj\u0105 si\u0119 blador\u00f3\u017cowe. Zwarty k\u0119piasty pokr\u00f3j. Doskonale nadaje si\u0119 do donic i na obw\u00f3dki, przyci\u0105gaj\u0105c do ogrodu pszczo\u0142y. Odporna odmiana, kt\u00f3ra b\u0119dzie wymaga\u0142a ochrony tylko w przypadku bardzo silnych mroz\u00f3w. Rodzaj: Jarzmianka Barwa: R\u00f3\u017cowa szeroko\u015b\u0107: 40\u2026","rel":"","context":"Similar post","img":{"alt_text":"","src":"https:\/\/i0.wp.com\/www.ogrodolszanica.pl\/wp-content\/uploads\/2024\/01\/byliny-i-trawy_astrantia_71602_2.jpg?fit=434%2C650&ssl=1&resize=350%2C200","width":350,"height":200},"classes":[]},{"id":2559,"url":"https:\/\/www.ogrodolszanica.pl\/index.php\/produkt\/slonecznica-jewel-of-desert-amethyst\/","url_meta":{"origin":2084,"position":5},"title":"S\u0142onecznica Jewel of Desert Amethyst","date":"23 stycznia, 2024","format":false,"excerpt":"S\u0142onecznica Jewel of Desert Amethyst Ten wyj\u0105tkowy Przypo\u0142udnik kwitnie przez ca\u0142e lato. Liczne kwiatostany rozwijaj\u0105 si\u0119 w formie r\u00f3\u017cowej rozety z bia\u0142o-\u017c\u00f3\u0142tym \u015brodkiem. Nie toleruje zbyt du\u017cej wilgoci i preferuje s\u0142oneczne stanowisko. Ro\u015blina ta jest bardzo \u0142atwa w uprawie. Rodzaj: Delosperma Barwa: R\u00f3\u017cowa z oczkiem szeroko\u015b\u0107: 25\u00a0cm wysoko\u015b\u0107: 10\u00a0cm wysoko\u015b\u0107\u2026","rel":"","context":"Similar post","img":{"alt_text":"","src":"https:\/\/i0.wp.com\/www.ogrodolszanica.pl\/wp-content\/uploads\/2024\/01\/byliny-i-trawy_jewel-of-desert_78169_1.jpg?fit=650%2C650&ssl=1&resize=350%2C200","width":350,"height":200},"classes":[]}],"_links":{"self":[{"href":"https:\/\/www.ogrodolszanica.pl\/index.php\/wp-json\/wp\/v2\/product\/2084","targetHints":{"allow":["GET"]}}],"collection":[{"href":"https:\/\/www.ogrodolszanica.pl\/index.php\/wp-json\/wp\/v2\/product"}],"about":[{"href":"https:\/\/www.ogrodolszanica.pl\/index.php\/wp-json\/wp\/v2\/types\/product"}],"replies":[{"embeddable":true,"href":"https:\/\/www.ogrodolszanica.pl\/index.php\/wp-json\/wp\/v2\/comments?post=2084"}],"wp:featuredmedia":[{"embeddable":true,"href":"https:\/\/www.ogrodolszanica.pl\/index.php\/wp-json\/wp\/v2\/media\/2085"}],"wp:attachment":[{"href":"https:\/\/www.ogrodolszanica.pl\/index.php\/wp-json\/wp\/v2\/media?parent=2084"}],"wp:term":[{"taxonomy":"product_cat","embeddable":true,"href":"https:\/\/www.ogrodolszanica.pl\/index.php\/wp-json\/wp\/v2\/product_cat?post=2084"},{"taxonomy":"product_tag","embeddable":true,"href":"https:\/\/www.ogrodolszanica.pl\/index.php\/wp-json\/wp\/v2\/product_tag?post=2084"}],"curies":[{"name":"wp","href":"https:\/\/api.w.org\/{rel}","templated":true}]}}