{"id":2003,"date":"2022-10-09T16:30:29","date_gmt":"2022-10-09T16:30:29","guid":{"rendered":"https:\/\/www.ogrodolszanica.pl\/?post_type=product&#038;p=2003"},"modified":"2026-03-07T20:01:00","modified_gmt":"2026-03-07T20:01:00","slug":"zurawka-wild-rose","status":"publish","type":"product","link":"https:\/\/www.ogrodolszanica.pl\/index.php\/produkt\/zurawka-wild-rose\/","title":{"rendered":"\u017burawka Wild Rose"},"content":{"rendered":"<h2 style=\"text-align: center;\">\u017burawka Wild Rose<\/h2>\n<p>Bardzo mocna i wyrazista \u017curawka kt\u00f3r\u0105 ze wzgl\u0119du na kolor li\u015bci umie\u015bci\u0107 mo\u017cna pomi\u0119dzy \u2018Grape Soda\u2019a \u2018Forever Purple\u2019. Nadaje si\u0119 do sadzenia na wolnej przestrzeni jak i do pojemnik\u00f3w w mieszanych kompozycjach z innymi ro\u015blinami, kt\u00f3re kwitn\u0105 jesieni\u0105.<\/p>\n<ul>\n<li>Rodzaj: \u017burawka<\/li>\n<li>Barwa: Bordowe<\/li>\n<li>\n<div>szeroko\u015b\u0107: <strong>50 cm<\/strong><\/div>\n<\/li>\n<li>\n<div><b><\/b>wysoko\u015b\u0107: <strong>20<\/strong><b>\u00a0cm<\/b><\/div>\n<\/li>\n<li>\n<div><b><\/b>wysoko\u015b\u0107 (kwitnienie): <strong>40<\/strong><b>\u00a0cm<\/b><\/div>\n<\/li>\n<li><b><\/b>kwitnienie: <b>maj \u00f7 czerwiec<\/b><\/li>\n<li>\n<div><b><\/b>stanowisko: <strong>s\u0142oneczne,<\/strong> <b>p\u00f3\u0142cieniste<\/b><\/div>\n<\/li>\n<\/ul>\n<p>Dobierz odpowiednie pod\u0142o\u017ce z wybranych produkt\u00f3w w naszym sklepie: <a href=\"https:\/\/www.ogrodolszanica.pl\/index.php\/kategoria-produktu\/zin\/\">Pod\u0142o\u017ca<\/a><\/p>\n<p>&nbsp;<\/p>\n<p>&nbsp;<\/p>\n","protected":false},"excerpt":{"rendered":"<p>\u017burawka Wild Rose Bardzo mocna i wyrazista \u017curawka kt\u00f3r\u0105 ze wzgl\u0119du na kolor li\u015bci umie\u015bci\u0107 mo\u017cna pomi\u0119dzy \u2018Grape Soda\u2019a \u2018Forever Purple\u2019. Nadaje si\u0119 do sadzenia na wolnej przestrzeni jak i do pojemnik\u00f3w w mieszanych kompozycjach z innymi ro\u015blinami, kt\u00f3re kwitn\u0105 jesieni\u0105. Rodzaj: \u017burawka Barwa: Bordowe szeroko\u015b\u0107: 50 cm wysoko\u015b\u0107: 20\u00a0cm wysoko\u015b\u0107 (kwitnienie): 40\u00a0cm kwitnienie: maj &hellip;<\/p>\n<p class=\"read-more\"> <a class=\"\" href=\"https:\/\/www.ogrodolszanica.pl\/index.php\/produkt\/zurawka-wild-rose\/\"> <span class=\"screen-reader-text\">\u017burawka Wild Rose<\/span> Read More &raquo;<\/a><\/p>\n","protected":false},"featured_media":2004,"comment_status":"open","ping_status":"closed","template":"","meta":{"site-sidebar-layout":"default","site-content-layout":"default","ast-global-header-display":"","ast-main-header-display":"","ast-hfb-above-header-display":"","ast-hfb-below-header-display":"","ast-hfb-mobile-header-display":"","site-post-title":"","ast-breadcrumbs-content":"","ast-featured-img":"","footer-sml-layout":"","theme-transparent-header-meta":"default","adv-header-id-meta":"","stick-header-meta":"","header-above-stick-meta":"","header-main-stick-meta":"","header-below-stick-meta":"","spay_email":""},"product_cat":[29,20,97],"product_tag":[],"class_list":["post-2003","product","type-product","status-publish","has-post-thumbnail","hentry","product_cat-byliny","product_cat-rosliny","product_cat-zurawki"],"yoast_head":"<!-- This site is optimized with the Yoast SEO plugin v19.2 - https:\/\/yoast.com\/wordpress\/plugins\/seo\/ -->\n<title>\u017burawka Wild Rose - Ogr&oacute;d Olszanica<\/title>\n<meta name=\"robots\" content=\"index, follow, max-snippet:-1, max-image-preview:large, max-video-preview:-1\" \/>\n<link rel=\"canonical\" href=\"https:\/\/www.ogrodolszanica.pl\/index.php\/produkt\/zurawka-wild-rose\/\" \/>\n<meta property=\"og:locale\" content=\"pl_PL\" \/>\n<meta property=\"og:type\" content=\"article\" \/>\n<meta property=\"og:title\" content=\"\u017burawka Wild Rose - Ogr&oacute;d Olszanica\" \/>\n<meta property=\"og:description\" content=\"\u017burawka Wild Rose Bardzo mocna i wyrazista \u017curawka kt\u00f3r\u0105 ze wzgl\u0119du na kolor li\u015bci umie\u015bci\u0107 mo\u017cna pomi\u0119dzy \u2018Grape Soda\u2019a \u2018Forever Purple\u2019. Nadaje si\u0119 do sadzenia na wolnej przestrzeni jak i do pojemnik\u00f3w w mieszanych kompozycjach z innymi ro\u015blinami, kt\u00f3re kwitn\u0105 jesieni\u0105. Rodzaj: \u017burawka Barwa: Bordowe szeroko\u015b\u0107: 50 cm wysoko\u015b\u0107: 20\u00a0cm wysoko\u015b\u0107 (kwitnienie): 40\u00a0cm kwitnienie: maj &hellip; \u017burawka Wild Rose Read More &raquo;\" \/>\n<meta property=\"og:url\" content=\"https:\/\/www.ogrodolszanica.pl\/index.php\/produkt\/zurawka-wild-rose\/\" \/>\n<meta property=\"og:site_name\" content=\"Ogr&oacute;d Olszanica\" \/>\n<meta property=\"article:publisher\" content=\"https:\/\/www.facebook.com\/Ogrd-Olszanica-100807179225223\" \/>\n<meta property=\"article:modified_time\" content=\"2026-03-07T20:01:00+00:00\" \/>\n<meta property=\"og:image\" content=\"https:\/\/www.ogrodolszanica.pl\/wp-content\/uploads\/2022\/10\/310961450_641306930917532_2403601972354955627_n.jpg\" \/>\n\t<meta property=\"og:image:width\" content=\"952\" \/>\n\t<meta property=\"og:image:height\" content=\"1920\" \/>\n\t<meta property=\"og:image:type\" content=\"image\/jpeg\" \/>\n<meta name=\"author\" content=\"admin\" \/>\n<meta name=\"twitter:card\" content=\"summary_large_image\" \/>\n<meta name=\"twitter:label1\" content=\"Szacowany czas czytania\" \/>\n\t<meta name=\"twitter:data1\" content=\"1 minuta\" \/>\n<script type=\"application\/ld+json\" class=\"yoast-schema-graph\">{\"@context\":\"https:\/\/schema.org\",\"@graph\":[{\"@type\":\"Organization\",\"@id\":\"https:\/\/www.ogrodolszanica.pl\/#organization\",\"name\":\"Ogr\u00f3d Olszanica - Krakowskie Centrum Ogrodnicze\",\"url\":\"https:\/\/www.ogrodolszanica.pl\/\",\"sameAs\":[\"https:\/\/www.facebook.com\/Ogrd-Olszanica-100807179225223\"],\"logo\":{\"@type\":\"ImageObject\",\"inLanguage\":\"pl-PL\",\"@id\":\"https:\/\/www.ogrodolszanica.pl\/#\/schema\/logo\/image\/\",\"url\":\"http:\/\/www.ogrodolszanica.pl\/wp-content\/uploads\/2022\/06\/Ogrod-Olszanica1-1.png\",\"contentUrl\":\"http:\/\/www.ogrodolszanica.pl\/wp-content\/uploads\/2022\/06\/Ogrod-Olszanica1-1.png\",\"width\":180,\"height\":60,\"caption\":\"Ogr\u00f3d Olszanica - Krakowskie Centrum Ogrodnicze\"},\"image\":{\"@id\":\"https:\/\/www.ogrodolszanica.pl\/#\/schema\/logo\/image\/\"}},{\"@type\":\"WebSite\",\"@id\":\"https:\/\/www.ogrodolszanica.pl\/#website\",\"url\":\"https:\/\/www.ogrodolszanica.pl\/\",\"name\":\"Ogr&oacute;d Olszanica\",\"description\":\"Centrum Ogrodnicze Krak&oacute;w\",\"publisher\":{\"@id\":\"https:\/\/www.ogrodolszanica.pl\/#organization\"},\"potentialAction\":[{\"@type\":\"SearchAction\",\"target\":{\"@type\":\"EntryPoint\",\"urlTemplate\":\"https:\/\/www.ogrodolszanica.pl\/?s={search_term_string}\"},\"query-input\":\"required name=search_term_string\"}],\"inLanguage\":\"pl-PL\"},{\"@type\":\"ImageObject\",\"inLanguage\":\"pl-PL\",\"@id\":\"https:\/\/www.ogrodolszanica.pl\/index.php\/produkt\/zurawka-wild-rose\/#primaryimage\",\"url\":\"https:\/\/i0.wp.com\/www.ogrodolszanica.pl\/wp-content\/uploads\/2022\/10\/310961450_641306930917532_2403601972354955627_n.jpg?fit=952%2C1920&ssl=1\",\"contentUrl\":\"https:\/\/i0.wp.com\/www.ogrodolszanica.pl\/wp-content\/uploads\/2022\/10\/310961450_641306930917532_2403601972354955627_n.jpg?fit=952%2C1920&ssl=1\",\"width\":952,\"height\":1920},{\"@type\":\"WebPage\",\"@id\":\"https:\/\/www.ogrodolszanica.pl\/index.php\/produkt\/zurawka-wild-rose\/#webpage\",\"url\":\"https:\/\/www.ogrodolszanica.pl\/index.php\/produkt\/zurawka-wild-rose\/\",\"name\":\"\u017burawka Wild Rose - Ogr&oacute;d Olszanica\",\"isPartOf\":{\"@id\":\"https:\/\/www.ogrodolszanica.pl\/#website\"},\"primaryImageOfPage\":{\"@id\":\"https:\/\/www.ogrodolszanica.pl\/index.php\/produkt\/zurawka-wild-rose\/#primaryimage\"},\"datePublished\":\"2022-10-09T16:30:29+00:00\",\"dateModified\":\"2026-03-07T20:01:00+00:00\",\"breadcrumb\":{\"@id\":\"https:\/\/www.ogrodolszanica.pl\/index.php\/produkt\/zurawka-wild-rose\/#breadcrumb\"},\"inLanguage\":\"pl-PL\",\"potentialAction\":[{\"@type\":\"ReadAction\",\"target\":[\"https:\/\/www.ogrodolszanica.pl\/index.php\/produkt\/zurawka-wild-rose\/\"]}]},{\"@type\":\"BreadcrumbList\",\"@id\":\"https:\/\/www.ogrodolszanica.pl\/index.php\/produkt\/zurawka-wild-rose\/#breadcrumb\",\"itemListElement\":[{\"@type\":\"ListItem\",\"position\":1,\"name\":\"Strona g\u0142\u00f3wna\",\"item\":\"https:\/\/www.ogrodolszanica.pl\/\"},{\"@type\":\"ListItem\",\"position\":2,\"name\":\"Produkty\",\"item\":\"https:\/\/www.ogrodolszanica.pl\/index.php\/shop\/\"},{\"@type\":\"ListItem\",\"position\":3,\"name\":\"\u017burawka Wild Rose\"}]}]}<\/script>\n<!-- \/ Yoast SEO plugin. -->","yoast_head_json":{"title":"\u017burawka Wild Rose - Ogr&oacute;d Olszanica","robots":{"index":"index","follow":"follow","max-snippet":"max-snippet:-1","max-image-preview":"max-image-preview:large","max-video-preview":"max-video-preview:-1"},"canonical":"https:\/\/www.ogrodolszanica.pl\/index.php\/produkt\/zurawka-wild-rose\/","og_locale":"pl_PL","og_type":"article","og_title":"\u017burawka Wild Rose - Ogr&oacute;d Olszanica","og_description":"\u017burawka Wild Rose Bardzo mocna i wyrazista \u017curawka kt\u00f3r\u0105 ze wzgl\u0119du na kolor li\u015bci umie\u015bci\u0107 mo\u017cna pomi\u0119dzy \u2018Grape Soda\u2019a \u2018Forever Purple\u2019. Nadaje si\u0119 do sadzenia na wolnej przestrzeni jak i do pojemnik\u00f3w w mieszanych kompozycjach z innymi ro\u015blinami, kt\u00f3re kwitn\u0105 jesieni\u0105. Rodzaj: \u017burawka Barwa: Bordowe szeroko\u015b\u0107: 50 cm wysoko\u015b\u0107: 20\u00a0cm wysoko\u015b\u0107 (kwitnienie): 40\u00a0cm kwitnienie: maj &hellip; \u017burawka Wild Rose Read More &raquo;","og_url":"https:\/\/www.ogrodolszanica.pl\/index.php\/produkt\/zurawka-wild-rose\/","og_site_name":"Ogr&oacute;d Olszanica","article_publisher":"https:\/\/www.facebook.com\/Ogrd-Olszanica-100807179225223","article_modified_time":"2026-03-07T20:01:00+00:00","og_image":[{"width":952,"height":1920,"url":"https:\/\/www.ogrodolszanica.pl\/wp-content\/uploads\/2022\/10\/310961450_641306930917532_2403601972354955627_n.jpg","type":"image\/jpeg"}],"author":"admin","twitter_card":"summary_large_image","twitter_misc":{"Szacowany czas czytania":"1 minuta"},"schema":{"@context":"https:\/\/schema.org","@graph":[{"@type":"Organization","@id":"https:\/\/www.ogrodolszanica.pl\/#organization","name":"Ogr\u00f3d Olszanica - Krakowskie Centrum Ogrodnicze","url":"https:\/\/www.ogrodolszanica.pl\/","sameAs":["https:\/\/www.facebook.com\/Ogrd-Olszanica-100807179225223"],"logo":{"@type":"ImageObject","inLanguage":"pl-PL","@id":"https:\/\/www.ogrodolszanica.pl\/#\/schema\/logo\/image\/","url":"http:\/\/www.ogrodolszanica.pl\/wp-content\/uploads\/2022\/06\/Ogrod-Olszanica1-1.png","contentUrl":"http:\/\/www.ogrodolszanica.pl\/wp-content\/uploads\/2022\/06\/Ogrod-Olszanica1-1.png","width":180,"height":60,"caption":"Ogr\u00f3d Olszanica - Krakowskie Centrum Ogrodnicze"},"image":{"@id":"https:\/\/www.ogrodolszanica.pl\/#\/schema\/logo\/image\/"}},{"@type":"WebSite","@id":"https:\/\/www.ogrodolszanica.pl\/#website","url":"https:\/\/www.ogrodolszanica.pl\/","name":"Ogr&oacute;d Olszanica","description":"Centrum Ogrodnicze Krak&oacute;w","publisher":{"@id":"https:\/\/www.ogrodolszanica.pl\/#organization"},"potentialAction":[{"@type":"SearchAction","target":{"@type":"EntryPoint","urlTemplate":"https:\/\/www.ogrodolszanica.pl\/?s={search_term_string}"},"query-input":"required name=search_term_string"}],"inLanguage":"pl-PL"},{"@type":"ImageObject","inLanguage":"pl-PL","@id":"https:\/\/www.ogrodolszanica.pl\/index.php\/produkt\/zurawka-wild-rose\/#primaryimage","url":"https:\/\/i0.wp.com\/www.ogrodolszanica.pl\/wp-content\/uploads\/2022\/10\/310961450_641306930917532_2403601972354955627_n.jpg?fit=952%2C1920&ssl=1","contentUrl":"https:\/\/i0.wp.com\/www.ogrodolszanica.pl\/wp-content\/uploads\/2022\/10\/310961450_641306930917532_2403601972354955627_n.jpg?fit=952%2C1920&ssl=1","width":952,"height":1920},{"@type":"WebPage","@id":"https:\/\/www.ogrodolszanica.pl\/index.php\/produkt\/zurawka-wild-rose\/#webpage","url":"https:\/\/www.ogrodolszanica.pl\/index.php\/produkt\/zurawka-wild-rose\/","name":"\u017burawka Wild Rose - Ogr&oacute;d Olszanica","isPartOf":{"@id":"https:\/\/www.ogrodolszanica.pl\/#website"},"primaryImageOfPage":{"@id":"https:\/\/www.ogrodolszanica.pl\/index.php\/produkt\/zurawka-wild-rose\/#primaryimage"},"datePublished":"2022-10-09T16:30:29+00:00","dateModified":"2026-03-07T20:01:00+00:00","breadcrumb":{"@id":"https:\/\/www.ogrodolszanica.pl\/index.php\/produkt\/zurawka-wild-rose\/#breadcrumb"},"inLanguage":"pl-PL","potentialAction":[{"@type":"ReadAction","target":["https:\/\/www.ogrodolszanica.pl\/index.php\/produkt\/zurawka-wild-rose\/"]}]},{"@type":"BreadcrumbList","@id":"https:\/\/www.ogrodolszanica.pl\/index.php\/produkt\/zurawka-wild-rose\/#breadcrumb","itemListElement":[{"@type":"ListItem","position":1,"name":"Strona g\u0142\u00f3wna","item":"https:\/\/www.ogrodolszanica.pl\/"},{"@type":"ListItem","position":2,"name":"Produkty","item":"https:\/\/www.ogrodolszanica.pl\/index.php\/shop\/"},{"@type":"ListItem","position":3,"name":"\u017burawka Wild Rose"}]}]}},"jetpack-related-posts":[{"id":1638,"url":"https:\/\/www.ogrodolszanica.pl\/index.php\/produkt\/zurawka-northern-exposure-red\/","url_meta":{"origin":2003,"position":0},"title":"\u017burawka Northern Exposure Red","date":"14 lipca, 2022","format":false,"excerpt":"\u017burawka Northern Exposure Red \u017burawka o zwartym pokroju i powcinanych kraw\u0119dziachl i\u015bci. Nadaje si\u0119 na \u015bwie\u017ce pod\u0142o\u017ca i nas\u0142onecznione lub p\u00f3\u0142cieniste stanowiska. Zimozielona, w zwi\u0105zku z czym nadaje si\u0119 bardzo dobrze r\u00f3wnie\u017c do uprawy w pojemnikach. Rodzaj: \u017burawka Barwa: Czerwony szeroko\u015b\u0107: 45\u00a0cm wysoko\u015b\u0107: 25\u00a0cm wysoko\u015b\u0107 (kwitnienie): 45 cm kwitnienie: maj\u2026","rel":"","context":"Similar post","img":{"alt_text":"","src":"https:\/\/i0.wp.com\/www.ogrodolszanica.pl\/wp-content\/uploads\/2022\/07\/byliny-i-trawy_northern-exposure_73066_1.jpg?fit=650%2C650&ssl=1&resize=350%2C200","width":350,"height":200},"classes":[]},{"id":1670,"url":"https:\/\/www.ogrodolszanica.pl\/index.php\/produkt\/zurawka-world-caffe-shakerato\/","url_meta":{"origin":2003,"position":1},"title":"\u017burawka World Caff\u00e9 Shakerato","date":"17 lipca, 2022","format":false,"excerpt":"\u017burawka World Caff\u00e9 Shakerato \u017burawka o zwartej budowie i g\u0142adkich kraw\u0119dziach li\u015bci. Nadaje si\u0119 do nas\u0142onecznionych lub p\u00f3\u0142cienistych miejsc na \u015bwie\u017cym pod\u0142o\u017cu. Ro\u015blina zimozielona - dobrze prezentowa\u0107 si\u0119 b\u0119dzie tak\u017ce w donicy. W niskich temperaturach li\u015bcie zabarwiaj\u0105 si\u0119 na g\u0142\u0119boko r\u00f3\u017cowy kolor. Rodzaj: \u017burawka Barwa: Purpurowo-r\u00f3\u017cowy szeroko\u015b\u0107: 55\u00a0cm wysoko\u015b\u0107: 20\u00a0cm\u2026","rel":"","context":"Similar post","img":{"alt_text":"","src":"https:\/\/i0.wp.com\/www.ogrodolszanica.pl\/wp-content\/uploads\/2022\/07\/heuchera-world-caff_73017_1.jpg?fit=650%2C650&ssl=1&resize=350%2C200","width":350,"height":200},"classes":[]},{"id":2362,"url":"https:\/\/www.ogrodolszanica.pl\/index.php\/produkt\/zurawka-champagne\/","url_meta":{"origin":2003,"position":2},"title":"\u017burawka Champagne","date":"21 lipca, 2023","format":false,"excerpt":"\u017burawka Champagne Odmiana \u017curawki o li\u015bciach \u015bredniej wielko\u015bci. Li\u015bcie z wiekiem zmieniaj\u0105 swoj\u0105 barw\u0119 od brzoskwiniowo-r\u00f3\u017cowych do bursztynowo-z\u0142otych. Jasnor\u00f3\u017cowe kwiaty osadzone na borowych p\u0119dach pojawiaj\u0105 si\u0119 przez ca\u0142e lato. Rodzaj: \u017burawka Barwa: Bursztynowa z ciemniejszymi nerwami szeroko\u015b\u0107: 35\u00a0cm wysoko\u015b\u0107: 30\u00a0cm wysoko\u015b\u0107 (kwitnienie): 35\u00a0cm kwitnienie: maj \u00f7 pa\u017adziernik stanowisko: p\u00f3\u0142cieniste, cieniste\u2026","rel":"","context":"Similar post","img":{"alt_text":"","src":"https:\/\/i0.wp.com\/www.ogrodolszanica.pl\/wp-content\/uploads\/2023\/07\/heuchera-champagne_73054_1.jpg?fit=650%2C650&ssl=1&resize=350%2C200","width":350,"height":200},"classes":[]},{"id":1664,"url":"https:\/\/www.ogrodolszanica.pl\/index.php\/produkt\/zurawka-carnival-watermelon\/","url_meta":{"origin":2003,"position":3},"title":"\u017burawka Carnival Watermelon","date":"17 lipca, 2022","format":false,"excerpt":"\u017burawka Carnival Watermelon Atrakcyjna bylina tworz\u0105ca zwarte k\u0119py do 40 cm wysoko\u015bci. Dekoracyjne li\u015bcie wiosn\u0105 brzoskwiniowo-r\u00f3\u017cowe, pod koniec sezonu w odcieniach br\u0105zu i zieleni. Polecana do tworzenia barwnych kompozycji na rabatach lub sadzenia w pojemnikach. Rodzaj: \u017burawka Barwa: Brzoskwiniowo-r\u00f3\u017cowy szeroko\u015b\u0107: 35\u00a0cm wysoko\u015b\u0107: 30\u00a0cm wysoko\u015b\u0107 (kwitnienie): 40\u00a0cm kwitnienie: maj \u00f7 czerwiec\u2026","rel":"","context":"Similar post","img":{"alt_text":"","src":"https:\/\/i0.wp.com\/www.ogrodolszanica.pl\/wp-content\/uploads\/2022\/07\/288987630_764695764945123_9195923741395962331_n.jpg?fit=900%2C1200&ssl=1&resize=350%2C200","width":350,"height":200},"classes":[]},{"id":1558,"url":"https:\/\/www.ogrodolszanica.pl\/index.php\/produkt\/zurawka-cinnabar-silver\/","url_meta":{"origin":2003,"position":4},"title":"\u017burawka Cinnabar Silver","date":"11 lipca, 2022","format":false,"excerpt":"\u017burawka Cinnabar Silver Odmiana tworz\u0105ca niewielkie, kompaktowe k\u0119py, o kulistej formie. Na d\u0142ugich w stosunku do ma\u0142ej k\u0119py szypu\u0142ach, tworz\u0105 si\u0119 lu\u017ane kwiatostany. Kwiaty w kszta\u0142cie dzwonk\u00f3w s\u0105 du\u017ce i bardzo wyraziste w kolorze cynobrowej intensywnej czerwieni. Li\u015bcie w srebrnozielonych odcieniach. Rodzaj: \u017burawka Barwa: Czerwony szeroko\u015b\u0107: 35\u00a0cm wysoko\u015b\u0107: 25\u00a0cm wysoko\u015b\u0107\u2026","rel":"","context":"Similar post","img":{"alt_text":"","src":"https:\/\/i0.wp.com\/www.ogrodolszanica.pl\/wp-content\/uploads\/2022\/07\/heuchera-cinnabar-silver_4.jpg?fit=433%2C650&ssl=1&resize=350%2C200","width":350,"height":200},"classes":[]},{"id":1673,"url":"https:\/\/www.ogrodolszanica.pl\/index.php\/produkt\/zurawka-world-caffe-arabica\/","url_meta":{"origin":2003,"position":5},"title":"\u017burawka World Caff\u00e9 Arabica","date":"17 lipca, 2022","format":false,"excerpt":"\u017burawka World Caff\u00e9 Arabica Zwarta odmiana \u017curawki o g\u0142adkich kraw\u0119dziach li\u015bci. Nadaje si\u0119 w miejsca nas\u0142onecznione lub p\u00f3\u0142cieniste na \u015bwie\u017cym pod\u0142o\u017cu. Zimozielona, dobrze zaprezentuje si\u0119 r\u00f3wnie\u017c w pojemnikach. \u2018Arabica\u2019 ma nieco d\u0142u\u017csze p\u0119dy oraz w miar\u0119 silny wzrost. Rodzaj: \u017burawka Barwa: Pomara\u0144czowy szeroko\u015b\u0107: 45\u00a0cm wysoko\u015b\u0107: 20\u00a0cm wysoko\u015b\u0107 (kwitnienie): 35\u00a0cm kwitnienie:\u00a0czerwiec\u2026","rel":"","context":"Similar post","img":{"alt_text":"","src":"https:\/\/i0.wp.com\/www.ogrodolszanica.pl\/wp-content\/uploads\/2022\/07\/byliny-i-trawy_heuchera_73077_2.jpg?fit=467%2C650&ssl=1&resize=350%2C200","width":350,"height":200},"classes":[]}],"_links":{"self":[{"href":"https:\/\/www.ogrodolszanica.pl\/index.php\/wp-json\/wp\/v2\/product\/2003","targetHints":{"allow":["GET"]}}],"collection":[{"href":"https:\/\/www.ogrodolszanica.pl\/index.php\/wp-json\/wp\/v2\/product"}],"about":[{"href":"https:\/\/www.ogrodolszanica.pl\/index.php\/wp-json\/wp\/v2\/types\/product"}],"replies":[{"embeddable":true,"href":"https:\/\/www.ogrodolszanica.pl\/index.php\/wp-json\/wp\/v2\/comments?post=2003"}],"wp:featuredmedia":[{"embeddable":true,"href":"https:\/\/www.ogrodolszanica.pl\/index.php\/wp-json\/wp\/v2\/media\/2004"}],"wp:attachment":[{"href":"https:\/\/www.ogrodolszanica.pl\/index.php\/wp-json\/wp\/v2\/media?parent=2003"}],"wp:term":[{"taxonomy":"product_cat","embeddable":true,"href":"https:\/\/www.ogrodolszanica.pl\/index.php\/wp-json\/wp\/v2\/product_cat?post=2003"},{"taxonomy":"product_tag","embeddable":true,"href":"https:\/\/www.ogrodolszanica.pl\/index.php\/wp-json\/wp\/v2\/product_tag?post=2003"}],"curies":[{"name":"wp","href":"https:\/\/api.w.org\/{rel}","templated":true}]}}