{"id":1942,"date":"2022-08-05T11:25:42","date_gmt":"2022-08-05T11:25:42","guid":{"rendered":"https:\/\/www.ogrodolszanica.pl\/?post_type=product&#038;p=1942"},"modified":"2026-03-03T17:43:08","modified_gmt":"2026-03-03T17:43:08","slug":"pecherznica-kalinolistna-diabolo","status":"publish","type":"product","link":"https:\/\/www.ogrodolszanica.pl\/index.php\/produkt\/pecherznica-kalinolistna-diabolo\/","title":{"rendered":"P\u0119cherznica Kalinolistna Diabolo"},"content":{"rendered":"<h2 style=\"text-align: center;\">P\u0119cherznica Kalinolistna Diabolo<\/h2>\n<p>P\u0119cherznica kalinolistna to li\u015bciasty krzew ozdobny. Cz\u0119sto zdarza si\u0119, \u017ce jest nazywana &#8222;p\u0119cherzyc\u0105&#8221;, jednak nie jest to poprawna nazwa. Jest do\u015b\u0107 blisko spokrewniona z tawu\u0142ami. Jest coraz cz\u0119\u015bciej wybieranym ozdobnym krzewem, gdy\u017c pi\u0119knie dope\u0142nia ogrodowe kompozycje i doskonale sprawdza si\u0119 jako ro\u015blina na \u017cywop\u0142ot. Im starszy okaz ro\u015bliny, tym jej li\u015bcie s\u0105 wi\u0119ksze i g\u0142\u0119biej klapowate. Kwiaty p\u0119cherznicy s\u0105 zwykle bia\u0142e lub bia\u0142o-r\u00f3\u017cowe i puszyste.<\/p>\n<ul>\n<li>Rodzaj: P\u0119cherznica<\/li>\n<li>Barwa: Bordowy<\/li>\n<li>\n<div>szeroko\u015b\u0107: <strong>35 cm<\/strong><\/div>\n<\/li>\n<li>\n<div><b><\/b>wysoko\u015b\u0107: <strong>50<\/strong><b>\u00a0cm<\/b><\/div>\n<\/li>\n<li>\n<div><b><\/b>wysoko\u015b\u0107 (kwitnienie): <strong>200<\/strong><b>\u00a0cm<\/b><\/div>\n<\/li>\n<li><b><\/b>kwitnienie: <b>czerwiec \u00f7 lipiec\u00a0<\/b><\/li>\n<li>\n<div><b><\/b>stanowisko:\u00a0<b>s\u0142oneczne, p\u00f3\u0142cieniste<\/b><\/div>\n<\/li>\n<\/ul>\n<p>Dobierz odpowiednie pod\u0142o\u017ce z wybranych produkt\u00f3w w naszym sklepie: <a href=\"https:\/\/www.ogrodolszanica.pl\/index.php\/kategoria-produktu\/zin\/\">Pod\u0142o\u017ca<\/a><\/p>\n<p>&nbsp;<\/p>\n<p>&nbsp;<\/p>\n","protected":false},"excerpt":{"rendered":"<p>P\u0119cherznica Kalinolistna Diabolo P\u0119cherznica kalinolistna to li\u015bciasty krzew ozdobny. Cz\u0119sto zdarza si\u0119, \u017ce jest nazywana &#8222;p\u0119cherzyc\u0105&#8221;, jednak nie jest to poprawna nazwa. Jest do\u015b\u0107 blisko spokrewniona z tawu\u0142ami. Jest coraz cz\u0119\u015bciej wybieranym ozdobnym krzewem, gdy\u017c pi\u0119knie dope\u0142nia ogrodowe kompozycje i doskonale sprawdza si\u0119 jako ro\u015blina na \u017cywop\u0142ot. Im starszy okaz ro\u015bliny, tym jej li\u015bcie s\u0105 &hellip;<\/p>\n<p class=\"read-more\"> <a class=\"\" href=\"https:\/\/www.ogrodolszanica.pl\/index.php\/produkt\/pecherznica-kalinolistna-diabolo\/\"> <span class=\"screen-reader-text\">P\u0119cherznica Kalinolistna Diabolo<\/span> Read More &raquo;<\/a><\/p>\n","protected":false},"featured_media":1943,"comment_status":"open","ping_status":"closed","template":"","meta":{"site-sidebar-layout":"default","site-content-layout":"default","ast-global-header-display":"","ast-main-header-display":"","ast-hfb-above-header-display":"","ast-hfb-below-header-display":"","ast-hfb-mobile-header-display":"","site-post-title":"","ast-breadcrumbs-content":"","ast-featured-img":"","footer-sml-layout":"","theme-transparent-header-meta":"default","adv-header-id-meta":"","stick-header-meta":"","header-above-stick-meta":"","header-main-stick-meta":"","header-below-stick-meta":"","spay_email":""},"product_cat":[39,20],"product_tag":[],"class_list":["post-1942","product","type-product","status-publish","has-post-thumbnail","hentry","product_cat-krzewy","product_cat-rosliny"],"yoast_head":"<!-- This site is optimized with the Yoast SEO plugin v19.2 - https:\/\/yoast.com\/wordpress\/plugins\/seo\/ -->\n<title>P\u0119cherznica Kalinolistna Diabolo - Ogr&oacute;d Olszanica<\/title>\n<meta name=\"robots\" content=\"index, follow, max-snippet:-1, max-image-preview:large, max-video-preview:-1\" \/>\n<link rel=\"canonical\" href=\"https:\/\/www.ogrodolszanica.pl\/index.php\/produkt\/pecherznica-kalinolistna-diabolo\/\" \/>\n<meta property=\"og:locale\" content=\"pl_PL\" \/>\n<meta property=\"og:type\" content=\"article\" \/>\n<meta property=\"og:title\" content=\"P\u0119cherznica Kalinolistna Diabolo - Ogr&oacute;d Olszanica\" \/>\n<meta property=\"og:description\" content=\"P\u0119cherznica Kalinolistna Diabolo P\u0119cherznica kalinolistna to li\u015bciasty krzew ozdobny. Cz\u0119sto zdarza si\u0119, \u017ce jest nazywana &#8222;p\u0119cherzyc\u0105&#8221;, jednak nie jest to poprawna nazwa. Jest do\u015b\u0107 blisko spokrewniona z tawu\u0142ami. Jest coraz cz\u0119\u015bciej wybieranym ozdobnym krzewem, gdy\u017c pi\u0119knie dope\u0142nia ogrodowe kompozycje i doskonale sprawdza si\u0119 jako ro\u015blina na \u017cywop\u0142ot. Im starszy okaz ro\u015bliny, tym jej li\u015bcie s\u0105 &hellip; P\u0119cherznica Kalinolistna Diabolo Read More &raquo;\" \/>\n<meta property=\"og:url\" content=\"https:\/\/www.ogrodolszanica.pl\/index.php\/produkt\/pecherznica-kalinolistna-diabolo\/\" \/>\n<meta property=\"og:site_name\" content=\"Ogr&oacute;d Olszanica\" \/>\n<meta property=\"article:publisher\" content=\"https:\/\/www.facebook.com\/Ogrd-Olszanica-100807179225223\" \/>\n<meta property=\"article:modified_time\" content=\"2026-03-03T17:43:08+00:00\" \/>\n<meta property=\"og:image\" content=\"https:\/\/www.ogrodolszanica.pl\/wp-content\/uploads\/2022\/08\/297179906_396184105742759_5525750766166331212_n.jpg\" \/>\n\t<meta property=\"og:image:width\" content=\"1536\" \/>\n\t<meta property=\"og:image:height\" content=\"2048\" \/>\n\t<meta property=\"og:image:type\" content=\"image\/jpeg\" \/>\n<meta name=\"author\" content=\"admin\" \/>\n<meta name=\"twitter:card\" content=\"summary_large_image\" \/>\n<meta name=\"twitter:label1\" content=\"Szacowany czas czytania\" \/>\n\t<meta name=\"twitter:data1\" content=\"1 minuta\" \/>\n<script type=\"application\/ld+json\" class=\"yoast-schema-graph\">{\"@context\":\"https:\/\/schema.org\",\"@graph\":[{\"@type\":\"Organization\",\"@id\":\"https:\/\/www.ogrodolszanica.pl\/#organization\",\"name\":\"Ogr\u00f3d Olszanica - Krakowskie Centrum Ogrodnicze\",\"url\":\"https:\/\/www.ogrodolszanica.pl\/\",\"sameAs\":[\"https:\/\/www.facebook.com\/Ogrd-Olszanica-100807179225223\"],\"logo\":{\"@type\":\"ImageObject\",\"inLanguage\":\"pl-PL\",\"@id\":\"https:\/\/www.ogrodolszanica.pl\/#\/schema\/logo\/image\/\",\"url\":\"http:\/\/www.ogrodolszanica.pl\/wp-content\/uploads\/2022\/06\/Ogrod-Olszanica1-1.png\",\"contentUrl\":\"http:\/\/www.ogrodolszanica.pl\/wp-content\/uploads\/2022\/06\/Ogrod-Olszanica1-1.png\",\"width\":180,\"height\":60,\"caption\":\"Ogr\u00f3d Olszanica - Krakowskie Centrum Ogrodnicze\"},\"image\":{\"@id\":\"https:\/\/www.ogrodolszanica.pl\/#\/schema\/logo\/image\/\"}},{\"@type\":\"WebSite\",\"@id\":\"https:\/\/www.ogrodolszanica.pl\/#website\",\"url\":\"https:\/\/www.ogrodolszanica.pl\/\",\"name\":\"Ogr&oacute;d Olszanica\",\"description\":\"Centrum Ogrodnicze Krak&oacute;w\",\"publisher\":{\"@id\":\"https:\/\/www.ogrodolszanica.pl\/#organization\"},\"potentialAction\":[{\"@type\":\"SearchAction\",\"target\":{\"@type\":\"EntryPoint\",\"urlTemplate\":\"https:\/\/www.ogrodolszanica.pl\/?s={search_term_string}\"},\"query-input\":\"required name=search_term_string\"}],\"inLanguage\":\"pl-PL\"},{\"@type\":\"ImageObject\",\"inLanguage\":\"pl-PL\",\"@id\":\"https:\/\/www.ogrodolszanica.pl\/index.php\/produkt\/pecherznica-kalinolistna-diabolo\/#primaryimage\",\"url\":\"https:\/\/i0.wp.com\/www.ogrodolszanica.pl\/wp-content\/uploads\/2022\/08\/297179906_396184105742759_5525750766166331212_n.jpg?fit=1536%2C2048&ssl=1\",\"contentUrl\":\"https:\/\/i0.wp.com\/www.ogrodolszanica.pl\/wp-content\/uploads\/2022\/08\/297179906_396184105742759_5525750766166331212_n.jpg?fit=1536%2C2048&ssl=1\",\"width\":1536,\"height\":2048},{\"@type\":\"WebPage\",\"@id\":\"https:\/\/www.ogrodolszanica.pl\/index.php\/produkt\/pecherznica-kalinolistna-diabolo\/#webpage\",\"url\":\"https:\/\/www.ogrodolszanica.pl\/index.php\/produkt\/pecherznica-kalinolistna-diabolo\/\",\"name\":\"P\u0119cherznica Kalinolistna Diabolo - Ogr&oacute;d Olszanica\",\"isPartOf\":{\"@id\":\"https:\/\/www.ogrodolszanica.pl\/#website\"},\"primaryImageOfPage\":{\"@id\":\"https:\/\/www.ogrodolszanica.pl\/index.php\/produkt\/pecherznica-kalinolistna-diabolo\/#primaryimage\"},\"datePublished\":\"2022-08-05T11:25:42+00:00\",\"dateModified\":\"2026-03-03T17:43:08+00:00\",\"breadcrumb\":{\"@id\":\"https:\/\/www.ogrodolszanica.pl\/index.php\/produkt\/pecherznica-kalinolistna-diabolo\/#breadcrumb\"},\"inLanguage\":\"pl-PL\",\"potentialAction\":[{\"@type\":\"ReadAction\",\"target\":[\"https:\/\/www.ogrodolszanica.pl\/index.php\/produkt\/pecherznica-kalinolistna-diabolo\/\"]}]},{\"@type\":\"BreadcrumbList\",\"@id\":\"https:\/\/www.ogrodolszanica.pl\/index.php\/produkt\/pecherznica-kalinolistna-diabolo\/#breadcrumb\",\"itemListElement\":[{\"@type\":\"ListItem\",\"position\":1,\"name\":\"Strona g\u0142\u00f3wna\",\"item\":\"https:\/\/www.ogrodolszanica.pl\/\"},{\"@type\":\"ListItem\",\"position\":2,\"name\":\"Produkty\",\"item\":\"https:\/\/www.ogrodolszanica.pl\/index.php\/shop\/\"},{\"@type\":\"ListItem\",\"position\":3,\"name\":\"P\u0119cherznica Kalinolistna Diabolo\"}]}]}<\/script>\n<!-- \/ Yoast SEO plugin. -->","yoast_head_json":{"title":"P\u0119cherznica Kalinolistna Diabolo - Ogr&oacute;d Olszanica","robots":{"index":"index","follow":"follow","max-snippet":"max-snippet:-1","max-image-preview":"max-image-preview:large","max-video-preview":"max-video-preview:-1"},"canonical":"https:\/\/www.ogrodolszanica.pl\/index.php\/produkt\/pecherznica-kalinolistna-diabolo\/","og_locale":"pl_PL","og_type":"article","og_title":"P\u0119cherznica Kalinolistna Diabolo - Ogr&oacute;d Olszanica","og_description":"P\u0119cherznica Kalinolistna Diabolo P\u0119cherznica kalinolistna to li\u015bciasty krzew ozdobny. Cz\u0119sto zdarza si\u0119, \u017ce jest nazywana &#8222;p\u0119cherzyc\u0105&#8221;, jednak nie jest to poprawna nazwa. Jest do\u015b\u0107 blisko spokrewniona z tawu\u0142ami. Jest coraz cz\u0119\u015bciej wybieranym ozdobnym krzewem, gdy\u017c pi\u0119knie dope\u0142nia ogrodowe kompozycje i doskonale sprawdza si\u0119 jako ro\u015blina na \u017cywop\u0142ot. Im starszy okaz ro\u015bliny, tym jej li\u015bcie s\u0105 &hellip; P\u0119cherznica Kalinolistna Diabolo Read More &raquo;","og_url":"https:\/\/www.ogrodolszanica.pl\/index.php\/produkt\/pecherznica-kalinolistna-diabolo\/","og_site_name":"Ogr&oacute;d Olszanica","article_publisher":"https:\/\/www.facebook.com\/Ogrd-Olszanica-100807179225223","article_modified_time":"2026-03-03T17:43:08+00:00","og_image":[{"width":1536,"height":2048,"url":"https:\/\/www.ogrodolszanica.pl\/wp-content\/uploads\/2022\/08\/297179906_396184105742759_5525750766166331212_n.jpg","type":"image\/jpeg"}],"author":"admin","twitter_card":"summary_large_image","twitter_misc":{"Szacowany czas czytania":"1 minuta"},"schema":{"@context":"https:\/\/schema.org","@graph":[{"@type":"Organization","@id":"https:\/\/www.ogrodolszanica.pl\/#organization","name":"Ogr\u00f3d Olszanica - Krakowskie Centrum Ogrodnicze","url":"https:\/\/www.ogrodolszanica.pl\/","sameAs":["https:\/\/www.facebook.com\/Ogrd-Olszanica-100807179225223"],"logo":{"@type":"ImageObject","inLanguage":"pl-PL","@id":"https:\/\/www.ogrodolszanica.pl\/#\/schema\/logo\/image\/","url":"http:\/\/www.ogrodolszanica.pl\/wp-content\/uploads\/2022\/06\/Ogrod-Olszanica1-1.png","contentUrl":"http:\/\/www.ogrodolszanica.pl\/wp-content\/uploads\/2022\/06\/Ogrod-Olszanica1-1.png","width":180,"height":60,"caption":"Ogr\u00f3d Olszanica - Krakowskie Centrum Ogrodnicze"},"image":{"@id":"https:\/\/www.ogrodolszanica.pl\/#\/schema\/logo\/image\/"}},{"@type":"WebSite","@id":"https:\/\/www.ogrodolszanica.pl\/#website","url":"https:\/\/www.ogrodolszanica.pl\/","name":"Ogr&oacute;d Olszanica","description":"Centrum Ogrodnicze Krak&oacute;w","publisher":{"@id":"https:\/\/www.ogrodolszanica.pl\/#organization"},"potentialAction":[{"@type":"SearchAction","target":{"@type":"EntryPoint","urlTemplate":"https:\/\/www.ogrodolszanica.pl\/?s={search_term_string}"},"query-input":"required name=search_term_string"}],"inLanguage":"pl-PL"},{"@type":"ImageObject","inLanguage":"pl-PL","@id":"https:\/\/www.ogrodolszanica.pl\/index.php\/produkt\/pecherznica-kalinolistna-diabolo\/#primaryimage","url":"https:\/\/i0.wp.com\/www.ogrodolszanica.pl\/wp-content\/uploads\/2022\/08\/297179906_396184105742759_5525750766166331212_n.jpg?fit=1536%2C2048&ssl=1","contentUrl":"https:\/\/i0.wp.com\/www.ogrodolszanica.pl\/wp-content\/uploads\/2022\/08\/297179906_396184105742759_5525750766166331212_n.jpg?fit=1536%2C2048&ssl=1","width":1536,"height":2048},{"@type":"WebPage","@id":"https:\/\/www.ogrodolszanica.pl\/index.php\/produkt\/pecherznica-kalinolistna-diabolo\/#webpage","url":"https:\/\/www.ogrodolszanica.pl\/index.php\/produkt\/pecherznica-kalinolistna-diabolo\/","name":"P\u0119cherznica Kalinolistna Diabolo - Ogr&oacute;d Olszanica","isPartOf":{"@id":"https:\/\/www.ogrodolszanica.pl\/#website"},"primaryImageOfPage":{"@id":"https:\/\/www.ogrodolszanica.pl\/index.php\/produkt\/pecherznica-kalinolistna-diabolo\/#primaryimage"},"datePublished":"2022-08-05T11:25:42+00:00","dateModified":"2026-03-03T17:43:08+00:00","breadcrumb":{"@id":"https:\/\/www.ogrodolszanica.pl\/index.php\/produkt\/pecherznica-kalinolistna-diabolo\/#breadcrumb"},"inLanguage":"pl-PL","potentialAction":[{"@type":"ReadAction","target":["https:\/\/www.ogrodolszanica.pl\/index.php\/produkt\/pecherznica-kalinolistna-diabolo\/"]}]},{"@type":"BreadcrumbList","@id":"https:\/\/www.ogrodolszanica.pl\/index.php\/produkt\/pecherznica-kalinolistna-diabolo\/#breadcrumb","itemListElement":[{"@type":"ListItem","position":1,"name":"Strona g\u0142\u00f3wna","item":"https:\/\/www.ogrodolszanica.pl\/"},{"@type":"ListItem","position":2,"name":"Produkty","item":"https:\/\/www.ogrodolszanica.pl\/index.php\/shop\/"},{"@type":"ListItem","position":3,"name":"P\u0119cherznica Kalinolistna Diabolo"}]}]}},"jetpack-related-posts":[{"id":1962,"url":"https:\/\/www.ogrodolszanica.pl\/index.php\/produkt\/wrzos-pospolity\/","url_meta":{"origin":1942,"position":0},"title":"Wrzos Pospolity","date":"16 sierpnia, 2022","format":false,"excerpt":"Wrzos Pospolity Wrzos pospolity\u00a0jest szczeg\u00f3lnie ceniony jest za obfite kwitnienie. Kolory drobnych beczu\u0142kowatych kwiat\u00f3w, podobnie jak i li\u015bci, r\u00f3\u017cni\u0105 si\u0119 od siebie w zale\u017cno\u015bci od odmiany.\u00a0Mog\u0105 mie\u0107 r\u00f3\u017cne odcienie\u00a0fioletu (z kt\u00f3rego s\u0105 najbardziej znane) ale wyst\u0119puj\u0105 r\u00f3wnie\u017c w bieli, r\u00f3\u017cu, a nawet czerwieni. Rodzaj: Wrzos Barwa: Wielokolorowe szeroko\u015b\u0107: 30 cm\u2026","rel":"","context":"Similar post","img":{"alt_text":"","src":"https:\/\/i0.wp.com\/www.ogrodolszanica.pl\/wp-content\/uploads\/2022\/08\/295761345_1116537045738896_5313285391014310685_n.jpg?fit=900%2C1200&ssl=1&resize=350%2C200","width":350,"height":200},"classes":[]},{"id":1774,"url":"https:\/\/www.ogrodolszanica.pl\/index.php\/produkt\/winorosl-swenson-red\/","url_meta":{"origin":1942,"position":1},"title":"Winoro\u015bl Swenson Red","date":"19 lipca, 2022","format":false,"excerpt":"Winoro\u015bl Swenson Red Winoro\u015bl Swanson Red to jedna z bardziej popularnych w Polsce odmian. Idealna do altan, poniewa\u017c silnie si\u0119 rozrasta. Du\u017cym atutem jest te\u017c fakt, \u017ce jest \u0142atwa w uprawie, praktycznie nie wymaga oprysk\u00f3w. Rodzaj: Winoro\u015bl Barwa: Jasnopurpurowy szeroko\u015b\u0107: 30 cm wysoko\u015b\u0107: 50\u00a0cm wysoko\u015b\u0107 (kwitnienie): 300-500\u00a0cm kwitnienie: sierpie\u0144 \u00f7\u2026","rel":"","context":"Similar post","img":{"alt_text":"","src":"https:\/\/i0.wp.com\/www.ogrodolszanica.pl\/wp-content\/uploads\/2022\/07\/292739058_768343157629248_1687493688627659145_n.jpg?fit=900%2C1200&ssl=1&resize=350%2C200","width":350,"height":200},"classes":[]},{"id":1860,"url":"https:\/\/www.ogrodolszanica.pl\/index.php\/produkt\/forsycja-maluch\/","url_meta":{"origin":1942,"position":2},"title":"Forsycja Maluch","date":"23 lipca, 2022","format":false,"excerpt":"Forsycja Maluch Wolnorosn\u0105ca odmiana forsycji wyr\u00f3\u017cniaj\u0105ca si\u0119 regularnym, zaokr\u0105glonym pokrojem, du\u017c\u0105 mrozoodporno\u015bci\u0105 p\u0105k\u00f3w kwiatowych i obfitym kwitnieniem wczesn\u0105 wiosn\u0105. Kwiaty jasno\u017c\u00f3\u0142te, niedu\u017ce, do 2 cm d\u0142ugo\u015bci, g\u0119sto osadzone wzd\u0142u\u017c ca\u0142ych ga\u0142\u0105zek, ukazuj\u0105 si\u0119 na prze\u0142omie marca i kwietnia. Idealna dla ma\u0142ych ogrod\u00f3w, \u0142adny akcent wiosn\u0105, mo\u017cna j\u0105 sadzi\u0107 pojedynczo, w\u2026","rel":"","context":"Similar post","img":{"alt_text":"","src":"https:\/\/i0.wp.com\/www.ogrodolszanica.pl\/wp-content\/uploads\/2022\/07\/293439227_457635415873058_3865768687236356939_n.jpg?fit=900%2C1200&ssl=1&resize=350%2C200","width":350,"height":200},"classes":[]},{"id":1945,"url":"https:\/\/www.ogrodolszanica.pl\/index.php\/produkt\/jasminowiec\/","url_meta":{"origin":1942,"position":3},"title":"Ja\u015bminowiec","date":"5 sierpnia, 2022","format":false,"excerpt":"Ja\u015bminowiec Ja\u015bminowiec, okre\u015blany cz\u0119sto b\u0142\u0119dnie jako ja\u015bmin, jest ro\u015blin\u0105 z rodziny hortensjowatych. W\u015br\u00f3d naprzeciwleg\u0142ych z\u0105bkowanych li\u015bci, od maja do lipca, w zale\u017cno\u015bci od odmiany, pojawiaj\u0105 si\u0119 bia\u0142e s\u0142odko pachn\u0105ce kwiaty. Uprawa ja\u015bminowca jest \u0142atwa. Ro\u015bliny dobrze rosn\u0105 w s\u0142o\u0144cu i w lekkim zacienieniu.\u00a0Philadelphus\u00a0nie jest gatunkiem wymagaj\u0105cym, natomiast sadzenie atrakcyjnych odmian\u2026","rel":"","context":"Similar post","img":{"alt_text":"","src":"https:\/\/i0.wp.com\/www.ogrodolszanica.pl\/wp-content\/uploads\/2022\/08\/297334346_465944731672111_3125709716520040568_n.jpg?fit=595%2C1200&ssl=1&resize=350%2C200","width":350,"height":200},"classes":[]},{"id":1931,"url":"https:\/\/www.ogrodolszanica.pl\/index.php\/produkt\/swierk-bialy-rainbows-end\/","url_meta":{"origin":1942,"position":4},"title":"\u015awierk Bia\u0142y Rainbow&#8217;s End","date":"3 sierpnia, 2022","format":false,"excerpt":"\u015awierk Bia\u0142y Rainbow's End Kar\u0142owa, bardzo wolno rosn\u0105ca forma \u015bwierka, tworz\u0105ca g\u0119ste, regularne sto\u017cki, rocznie przyrasta zaledwie o 5-6 cm. Ig\u0142y s\u0105 kr\u00f3tkie, lekko k\u0142uj\u0105ce, osadzone wok\u00f3\u0142 p\u0119d\u00f3w. \u00a0Pierwszy, wiosenny przyrost jest jasnozielony. Cech\u0105 charakterystyczn\u0105 odmiany jest \u017c\u00f3\u0142tokremowa barwa m\u0142odych p\u0119d\u00f3w pojawiaj\u0105cych si\u0119 w drugim, letnim przyro\u015bcie. Ro\u015blina odporna na\u2026","rel":"","context":"Similar post","img":{"alt_text":"","src":"https:\/\/i0.wp.com\/www.ogrodolszanica.pl\/wp-content\/uploads\/2022\/08\/295939151_329930719259367_7068881054949268080_n.jpg?fit=1200%2C596&ssl=1&resize=350%2C200","width":350,"height":200},"classes":[]},{"id":2707,"url":"https:\/\/www.ogrodolszanica.pl\/index.php\/produkt\/jezowka-echinacea-purpurea-cherry-fluff\/","url_meta":{"origin":1942,"position":5},"title":"Je\u017c\u00f3wka Cherry Fluff","date":"31 stycznia, 2024","format":false,"excerpt":"Je\u017c\u00f3wka Cherry Fluff \u00a0 'Cherry Fluff' jest pierwsz\u0105 dwubarwn\u0105 odmian\u0105 je\u017c\u00f3wki o pe\u0142nych kwiatach. Pocz\u0105tkowo p\u0142atki s\u0105 kremowo-bia\u0142e z wi\u015bniowo-r\u00f3\u017cowymi przebarwieniami, kt\u00f3re w miar\u0119 starzenia si\u0119 kwiat\u00f3w staj\u0105 si\u0119 coraz bardzie wyra\u017ane. Doskona\u0142a na rabaty, obw\u00f3dki a tak\u017ce na kwiat ci\u0119ty. Najlepiej ro\u015bnie na stanowiskach s\u0142onecznych. Rodzaj: Je\u017c\u00f3wka Barwa: Kremowor\u00f3\u017cowa\u2026","rel":"","context":"Similar post","img":{"alt_text":"","src":"https:\/\/i0.wp.com\/www.ogrodolszanica.pl\/wp-content\/uploads\/2024\/01\/byliny-i-trawy_double-medium_74294_1.jpg?fit=650%2C650&ssl=1&resize=350%2C200","width":350,"height":200},"classes":[]}],"_links":{"self":[{"href":"https:\/\/www.ogrodolszanica.pl\/index.php\/wp-json\/wp\/v2\/product\/1942","targetHints":{"allow":["GET"]}}],"collection":[{"href":"https:\/\/www.ogrodolszanica.pl\/index.php\/wp-json\/wp\/v2\/product"}],"about":[{"href":"https:\/\/www.ogrodolszanica.pl\/index.php\/wp-json\/wp\/v2\/types\/product"}],"replies":[{"embeddable":true,"href":"https:\/\/www.ogrodolszanica.pl\/index.php\/wp-json\/wp\/v2\/comments?post=1942"}],"wp:featuredmedia":[{"embeddable":true,"href":"https:\/\/www.ogrodolszanica.pl\/index.php\/wp-json\/wp\/v2\/media\/1943"}],"wp:attachment":[{"href":"https:\/\/www.ogrodolszanica.pl\/index.php\/wp-json\/wp\/v2\/media?parent=1942"}],"wp:term":[{"taxonomy":"product_cat","embeddable":true,"href":"https:\/\/www.ogrodolszanica.pl\/index.php\/wp-json\/wp\/v2\/product_cat?post=1942"},{"taxonomy":"product_tag","embeddable":true,"href":"https:\/\/www.ogrodolszanica.pl\/index.php\/wp-json\/wp\/v2\/product_tag?post=1942"}],"curies":[{"name":"wp","href":"https:\/\/api.w.org\/{rel}","templated":true}]}}