{"id":1938,"date":"2022-08-05T11:09:13","date_gmt":"2022-08-05T11:09:13","guid":{"rendered":"https:\/\/www.ogrodolszanica.pl\/?post_type=product&#038;p=1938"},"modified":"2026-03-03T17:43:14","modified_gmt":"2026-03-03T17:43:14","slug":"thuja-golden-globe","status":"publish","type":"product","link":"https:\/\/www.ogrodolszanica.pl\/index.php\/produkt\/thuja-golden-globe\/","title":{"rendered":"Thuja Golden Globe"},"content":{"rendered":"<h2 style=\"text-align: center;\">Thuja Golden Globe<\/h2>\n<p>Tworzy ona krzewy o kulistym a z wiekiem bardziej p\u00f3\u0142kulistym pokroju, dorastaj\u0105ce w wieku 10 lat do 0,8 m \u015brednicy. P\u0119dy kr\u00f3tkie, wachlarzowate, g\u0119sto u\u0142o\u017cone, pokryte z\u0142ocisto\u017c\u00f3\u0142tymi \u0142uskami, kt\u00f3re zim\u0105 tak\u017ce utrzymuj\u0105 dobre zabarwienie. Krzewy wra\u017cliwe na oki\u015b\u0107 \u015bniegow\u0105, kt\u00f3ra mo\u017ce prowadzi\u0107 do ich deformacji. Odmiana \u2018Golden Globe\u2019 posiada dobr\u0105 mrozoodporno\u015b\u0107 i mo\u017ce rosn\u0105\u0107 na terenie ca\u0142ego kraju. Jest ona polecana do sadzenia w wi\u0119kszych ogrodach przydomowych i parkach, do tworzenia kompozycji mieszanych z innymi odmianami krzew\u00f3w iglastych oraz do uprawy pojemnikowej.<\/p>\n<ul>\n<li>Rodzaj: Thuja<\/li>\n<li>Barwa: Z\u0142ociste<\/li>\n<li>\n<div>szeroko\u015b\u0107: <strong>30 cm<\/strong><\/div>\n<\/li>\n<li>\n<div><b><\/b>wysoko\u015b\u0107: <strong>40<\/strong><b>\u00a0cm<\/b><\/div>\n<\/li>\n<li>\n<div><b><\/b>wysoko\u015b\u0107 (kwitnienie): <strong>100<\/strong><b>\u00a0cm<\/b><\/div>\n<\/li>\n<li>\n<div><b><\/b>kwitnienie: <b>&#8211;<\/b><\/div>\n<\/li>\n<li>\n<div><b><\/b>stanowisko:\u00a0<b>s\u0142oneczne<\/b><\/div>\n<\/li>\n<\/ul>\n<p>Dobierz odpowiednie pod\u0142o\u017ce z wybranych produkt\u00f3w w naszym sklepie: <a href=\"https:\/\/www.ogrodolszanica.pl\/index.php\/kategoria-produktu\/zin\/\">Pod\u0142o\u017ca<\/a><\/p>\n<p>&nbsp;<\/p>\n","protected":false},"excerpt":{"rendered":"<p>Thuja Golden Globe Tworzy ona krzewy o kulistym a z wiekiem bardziej p\u00f3\u0142kulistym pokroju, dorastaj\u0105ce w wieku 10 lat do 0,8 m \u015brednicy. P\u0119dy kr\u00f3tkie, wachlarzowate, g\u0119sto u\u0142o\u017cone, pokryte z\u0142ocisto\u017c\u00f3\u0142tymi \u0142uskami, kt\u00f3re zim\u0105 tak\u017ce utrzymuj\u0105 dobre zabarwienie. Krzewy wra\u017cliwe na oki\u015b\u0107 \u015bniegow\u0105, kt\u00f3ra mo\u017ce prowadzi\u0107 do ich deformacji. Odmiana \u2018Golden Globe\u2019 posiada dobr\u0105 mrozoodporno\u015b\u0107 i &hellip;<\/p>\n<p class=\"read-more\"> <a class=\"\" href=\"https:\/\/www.ogrodolszanica.pl\/index.php\/produkt\/thuja-golden-globe\/\"> <span class=\"screen-reader-text\">Thuja Golden Globe<\/span> Read More &raquo;<\/a><\/p>\n","protected":false},"featured_media":1939,"comment_status":"open","ping_status":"closed","template":"","meta":{"site-sidebar-layout":"default","site-content-layout":"default","ast-global-header-display":"","ast-main-header-display":"","ast-hfb-above-header-display":"","ast-hfb-below-header-display":"","ast-hfb-mobile-header-display":"","site-post-title":"","ast-breadcrumbs-content":"","ast-featured-img":"","footer-sml-layout":"","theme-transparent-header-meta":"default","adv-header-id-meta":"","stick-header-meta":"","header-above-stick-meta":"","header-main-stick-meta":"","header-below-stick-meta":"","spay_email":""},"product_cat":[31,20],"product_tag":[],"class_list":["post-1938","product","type-product","status-publish","has-post-thumbnail","hentry","product_cat-iglaste","product_cat-rosliny"],"yoast_head":"<!-- This site is optimized with the Yoast SEO plugin v19.2 - https:\/\/yoast.com\/wordpress\/plugins\/seo\/ -->\n<title>Thuja Golden Globe - Ogr&oacute;d Olszanica<\/title>\n<meta name=\"robots\" content=\"index, follow, max-snippet:-1, max-image-preview:large, max-video-preview:-1\" \/>\n<link rel=\"canonical\" href=\"https:\/\/www.ogrodolszanica.pl\/index.php\/produkt\/thuja-golden-globe\/\" \/>\n<meta property=\"og:locale\" content=\"pl_PL\" \/>\n<meta property=\"og:type\" content=\"article\" \/>\n<meta property=\"og:title\" content=\"Thuja Golden Globe - Ogr&oacute;d Olszanica\" \/>\n<meta property=\"og:description\" content=\"Thuja Golden Globe Tworzy ona krzewy o kulistym a z wiekiem bardziej p\u00f3\u0142kulistym pokroju, dorastaj\u0105ce w wieku 10 lat do 0,8 m \u015brednicy. P\u0119dy kr\u00f3tkie, wachlarzowate, g\u0119sto u\u0142o\u017cone, pokryte z\u0142ocisto\u017c\u00f3\u0142tymi \u0142uskami, kt\u00f3re zim\u0105 tak\u017ce utrzymuj\u0105 dobre zabarwienie. Krzewy wra\u017cliwe na oki\u015b\u0107 \u015bniegow\u0105, kt\u00f3ra mo\u017ce prowadzi\u0107 do ich deformacji. Odmiana \u2018Golden Globe\u2019 posiada dobr\u0105 mrozoodporno\u015b\u0107 i &hellip; Thuja Golden Globe Read More &raquo;\" \/>\n<meta property=\"og:url\" content=\"https:\/\/www.ogrodolszanica.pl\/index.php\/produkt\/thuja-golden-globe\/\" \/>\n<meta property=\"og:site_name\" content=\"Ogr&oacute;d Olszanica\" \/>\n<meta property=\"article:publisher\" content=\"https:\/\/www.facebook.com\/Ogrd-Olszanica-100807179225223\" \/>\n<meta property=\"article:modified_time\" content=\"2026-03-03T17:43:14+00:00\" \/>\n<meta property=\"og:image\" content=\"https:\/\/www.ogrodolszanica.pl\/wp-content\/uploads\/2022\/08\/296879356_1540068839759778_376267073794079695_n.jpg\" \/>\n\t<meta property=\"og:image:width\" content=\"1016\" \/>\n\t<meta property=\"og:image:height\" content=\"2048\" \/>\n\t<meta property=\"og:image:type\" content=\"image\/jpeg\" \/>\n<meta name=\"author\" content=\"admin\" \/>\n<meta name=\"twitter:card\" content=\"summary_large_image\" \/>\n<meta name=\"twitter:label1\" content=\"Szacowany czas czytania\" \/>\n\t<meta name=\"twitter:data1\" content=\"1 minuta\" \/>\n<script type=\"application\/ld+json\" class=\"yoast-schema-graph\">{\"@context\":\"https:\/\/schema.org\",\"@graph\":[{\"@type\":\"Organization\",\"@id\":\"https:\/\/www.ogrodolszanica.pl\/#organization\",\"name\":\"Ogr\u00f3d Olszanica - Krakowskie Centrum Ogrodnicze\",\"url\":\"https:\/\/www.ogrodolszanica.pl\/\",\"sameAs\":[\"https:\/\/www.facebook.com\/Ogrd-Olszanica-100807179225223\"],\"logo\":{\"@type\":\"ImageObject\",\"inLanguage\":\"pl-PL\",\"@id\":\"https:\/\/www.ogrodolszanica.pl\/#\/schema\/logo\/image\/\",\"url\":\"http:\/\/www.ogrodolszanica.pl\/wp-content\/uploads\/2022\/06\/Ogrod-Olszanica1-1.png\",\"contentUrl\":\"http:\/\/www.ogrodolszanica.pl\/wp-content\/uploads\/2022\/06\/Ogrod-Olszanica1-1.png\",\"width\":180,\"height\":60,\"caption\":\"Ogr\u00f3d Olszanica - Krakowskie Centrum Ogrodnicze\"},\"image\":{\"@id\":\"https:\/\/www.ogrodolszanica.pl\/#\/schema\/logo\/image\/\"}},{\"@type\":\"WebSite\",\"@id\":\"https:\/\/www.ogrodolszanica.pl\/#website\",\"url\":\"https:\/\/www.ogrodolszanica.pl\/\",\"name\":\"Ogr&oacute;d Olszanica\",\"description\":\"Centrum Ogrodnicze Krak&oacute;w\",\"publisher\":{\"@id\":\"https:\/\/www.ogrodolszanica.pl\/#organization\"},\"potentialAction\":[{\"@type\":\"SearchAction\",\"target\":{\"@type\":\"EntryPoint\",\"urlTemplate\":\"https:\/\/www.ogrodolszanica.pl\/?s={search_term_string}\"},\"query-input\":\"required name=search_term_string\"}],\"inLanguage\":\"pl-PL\"},{\"@type\":\"ImageObject\",\"inLanguage\":\"pl-PL\",\"@id\":\"https:\/\/www.ogrodolszanica.pl\/index.php\/produkt\/thuja-golden-globe\/#primaryimage\",\"url\":\"https:\/\/i0.wp.com\/www.ogrodolszanica.pl\/wp-content\/uploads\/2022\/08\/296879356_1540068839759778_376267073794079695_n.jpg?fit=1016%2C2048&ssl=1\",\"contentUrl\":\"https:\/\/i0.wp.com\/www.ogrodolszanica.pl\/wp-content\/uploads\/2022\/08\/296879356_1540068839759778_376267073794079695_n.jpg?fit=1016%2C2048&ssl=1\",\"width\":1016,\"height\":2048},{\"@type\":\"WebPage\",\"@id\":\"https:\/\/www.ogrodolszanica.pl\/index.php\/produkt\/thuja-golden-globe\/#webpage\",\"url\":\"https:\/\/www.ogrodolszanica.pl\/index.php\/produkt\/thuja-golden-globe\/\",\"name\":\"Thuja Golden Globe - Ogr&oacute;d Olszanica\",\"isPartOf\":{\"@id\":\"https:\/\/www.ogrodolszanica.pl\/#website\"},\"primaryImageOfPage\":{\"@id\":\"https:\/\/www.ogrodolszanica.pl\/index.php\/produkt\/thuja-golden-globe\/#primaryimage\"},\"datePublished\":\"2022-08-05T11:09:13+00:00\",\"dateModified\":\"2026-03-03T17:43:14+00:00\",\"breadcrumb\":{\"@id\":\"https:\/\/www.ogrodolszanica.pl\/index.php\/produkt\/thuja-golden-globe\/#breadcrumb\"},\"inLanguage\":\"pl-PL\",\"potentialAction\":[{\"@type\":\"ReadAction\",\"target\":[\"https:\/\/www.ogrodolszanica.pl\/index.php\/produkt\/thuja-golden-globe\/\"]}]},{\"@type\":\"BreadcrumbList\",\"@id\":\"https:\/\/www.ogrodolszanica.pl\/index.php\/produkt\/thuja-golden-globe\/#breadcrumb\",\"itemListElement\":[{\"@type\":\"ListItem\",\"position\":1,\"name\":\"Strona g\u0142\u00f3wna\",\"item\":\"https:\/\/www.ogrodolszanica.pl\/\"},{\"@type\":\"ListItem\",\"position\":2,\"name\":\"Produkty\",\"item\":\"https:\/\/www.ogrodolszanica.pl\/index.php\/shop\/\"},{\"@type\":\"ListItem\",\"position\":3,\"name\":\"Thuja Golden Globe\"}]}]}<\/script>\n<!-- \/ Yoast SEO plugin. -->","yoast_head_json":{"title":"Thuja Golden Globe - Ogr&oacute;d Olszanica","robots":{"index":"index","follow":"follow","max-snippet":"max-snippet:-1","max-image-preview":"max-image-preview:large","max-video-preview":"max-video-preview:-1"},"canonical":"https:\/\/www.ogrodolszanica.pl\/index.php\/produkt\/thuja-golden-globe\/","og_locale":"pl_PL","og_type":"article","og_title":"Thuja Golden Globe - Ogr&oacute;d Olszanica","og_description":"Thuja Golden Globe Tworzy ona krzewy o kulistym a z wiekiem bardziej p\u00f3\u0142kulistym pokroju, dorastaj\u0105ce w wieku 10 lat do 0,8 m \u015brednicy. P\u0119dy kr\u00f3tkie, wachlarzowate, g\u0119sto u\u0142o\u017cone, pokryte z\u0142ocisto\u017c\u00f3\u0142tymi \u0142uskami, kt\u00f3re zim\u0105 tak\u017ce utrzymuj\u0105 dobre zabarwienie. Krzewy wra\u017cliwe na oki\u015b\u0107 \u015bniegow\u0105, kt\u00f3ra mo\u017ce prowadzi\u0107 do ich deformacji. Odmiana \u2018Golden Globe\u2019 posiada dobr\u0105 mrozoodporno\u015b\u0107 i &hellip; Thuja Golden Globe Read More &raquo;","og_url":"https:\/\/www.ogrodolszanica.pl\/index.php\/produkt\/thuja-golden-globe\/","og_site_name":"Ogr&oacute;d Olszanica","article_publisher":"https:\/\/www.facebook.com\/Ogrd-Olszanica-100807179225223","article_modified_time":"2026-03-03T17:43:14+00:00","og_image":[{"width":1016,"height":2048,"url":"https:\/\/www.ogrodolszanica.pl\/wp-content\/uploads\/2022\/08\/296879356_1540068839759778_376267073794079695_n.jpg","type":"image\/jpeg"}],"author":"admin","twitter_card":"summary_large_image","twitter_misc":{"Szacowany czas czytania":"1 minuta"},"schema":{"@context":"https:\/\/schema.org","@graph":[{"@type":"Organization","@id":"https:\/\/www.ogrodolszanica.pl\/#organization","name":"Ogr\u00f3d Olszanica - Krakowskie Centrum Ogrodnicze","url":"https:\/\/www.ogrodolszanica.pl\/","sameAs":["https:\/\/www.facebook.com\/Ogrd-Olszanica-100807179225223"],"logo":{"@type":"ImageObject","inLanguage":"pl-PL","@id":"https:\/\/www.ogrodolszanica.pl\/#\/schema\/logo\/image\/","url":"http:\/\/www.ogrodolszanica.pl\/wp-content\/uploads\/2022\/06\/Ogrod-Olszanica1-1.png","contentUrl":"http:\/\/www.ogrodolszanica.pl\/wp-content\/uploads\/2022\/06\/Ogrod-Olszanica1-1.png","width":180,"height":60,"caption":"Ogr\u00f3d Olszanica - Krakowskie Centrum Ogrodnicze"},"image":{"@id":"https:\/\/www.ogrodolszanica.pl\/#\/schema\/logo\/image\/"}},{"@type":"WebSite","@id":"https:\/\/www.ogrodolszanica.pl\/#website","url":"https:\/\/www.ogrodolszanica.pl\/","name":"Ogr&oacute;d Olszanica","description":"Centrum Ogrodnicze Krak&oacute;w","publisher":{"@id":"https:\/\/www.ogrodolszanica.pl\/#organization"},"potentialAction":[{"@type":"SearchAction","target":{"@type":"EntryPoint","urlTemplate":"https:\/\/www.ogrodolszanica.pl\/?s={search_term_string}"},"query-input":"required name=search_term_string"}],"inLanguage":"pl-PL"},{"@type":"ImageObject","inLanguage":"pl-PL","@id":"https:\/\/www.ogrodolszanica.pl\/index.php\/produkt\/thuja-golden-globe\/#primaryimage","url":"https:\/\/i0.wp.com\/www.ogrodolszanica.pl\/wp-content\/uploads\/2022\/08\/296879356_1540068839759778_376267073794079695_n.jpg?fit=1016%2C2048&ssl=1","contentUrl":"https:\/\/i0.wp.com\/www.ogrodolszanica.pl\/wp-content\/uploads\/2022\/08\/296879356_1540068839759778_376267073794079695_n.jpg?fit=1016%2C2048&ssl=1","width":1016,"height":2048},{"@type":"WebPage","@id":"https:\/\/www.ogrodolszanica.pl\/index.php\/produkt\/thuja-golden-globe\/#webpage","url":"https:\/\/www.ogrodolszanica.pl\/index.php\/produkt\/thuja-golden-globe\/","name":"Thuja Golden Globe - Ogr&oacute;d Olszanica","isPartOf":{"@id":"https:\/\/www.ogrodolszanica.pl\/#website"},"primaryImageOfPage":{"@id":"https:\/\/www.ogrodolszanica.pl\/index.php\/produkt\/thuja-golden-globe\/#primaryimage"},"datePublished":"2022-08-05T11:09:13+00:00","dateModified":"2026-03-03T17:43:14+00:00","breadcrumb":{"@id":"https:\/\/www.ogrodolszanica.pl\/index.php\/produkt\/thuja-golden-globe\/#breadcrumb"},"inLanguage":"pl-PL","potentialAction":[{"@type":"ReadAction","target":["https:\/\/www.ogrodolszanica.pl\/index.php\/produkt\/thuja-golden-globe\/"]}]},{"@type":"BreadcrumbList","@id":"https:\/\/www.ogrodolszanica.pl\/index.php\/produkt\/thuja-golden-globe\/#breadcrumb","itemListElement":[{"@type":"ListItem","position":1,"name":"Strona g\u0142\u00f3wna","item":"https:\/\/www.ogrodolszanica.pl\/"},{"@type":"ListItem","position":2,"name":"Produkty","item":"https:\/\/www.ogrodolszanica.pl\/index.php\/shop\/"},{"@type":"ListItem","position":3,"name":"Thuja Golden Globe"}]}]}},"jetpack-related-posts":[{"id":1780,"url":"https:\/\/www.ogrodolszanica.pl\/index.php\/produkt\/thuja-zywotnik-olbrzymi-whipcord\/","url_meta":{"origin":1938,"position":0},"title":"Thuja \u017bywotnik Olbrzymi Whipcord","date":"19 lipca, 2022","format":false,"excerpt":"Thuja \u017bywotnik Olbrzymi Whipcord \u017bywotnik olbrzymi w dobrych warunkach\u00a0ro\u015bnie szybko i bujnie, jest ro\u015blin\u0105\u00a0o przeci\u0119tnych wymaganiach uprawowych, nie stwarza problem\u00f3w. Lubi\u00a0gleby \u017cyzne, przepuszczalne o umiarkowanej wilgotno\u015bci. Na pod\u0142o\u017cach piaszczystych i lekkich radzi sobie nie\u017ale, natomiast wymaga wtedy nieco wi\u0119kszej wilgotno\u015bci. Rodzaj: Thuja Barwa: Ciemnozielony szeroko\u015b\u0107: 45 cm wysoko\u015b\u0107: 100\u00a0cm wysoko\u015b\u0107\u2026","rel":"","context":"Similar post","img":{"alt_text":"","src":"https:\/\/i0.wp.com\/www.ogrodolszanica.pl\/wp-content\/uploads\/2022\/07\/292301215_361452319289579_5332686233253262718_n.jpg?fit=900%2C1200&ssl=1&resize=350%2C200","width":350,"height":200},"classes":[]},{"id":1857,"url":"https:\/\/www.ogrodolszanica.pl\/index.php\/produkt\/ognik-szkalatny\/","url_meta":{"origin":1938,"position":1},"title":"Ognik Szkar\u0142atny","date":"23 lipca, 2022","format":false,"excerpt":"Ognik Szkar\u0142atny Ognik szkar\u0142atny to krzew ozdobny, kt\u00f3ry mo\u017ce dorasta\u0107 do oko\u0142o 3 metr\u00f3w wysoko\u015bci. To krzew li\u015bciasty, kt\u00f3ry posiada nieregularny i roz\u0142o\u017cysty pokr\u00f3j. Jego p\u00f3\u0142zimozielone li\u015bcie maj\u0105 owalny kszta\u0142t i bardzo d\u0142ugo utrzymuj\u0105 si\u0119 na krzewie. Opadaj\u0105 dopiero po silnych mrozach. Rodzaj: Ognik Barwa: Zielony z czerwonymi owocami szeroko\u015b\u0107:\u2026","rel":"","context":"Similar post","img":{"alt_text":"","src":"https:\/\/i0.wp.com\/www.ogrodolszanica.pl\/wp-content\/uploads\/2022\/07\/288671199_599197398415176_6789242771907302012_n.jpg?fit=900%2C1200&ssl=1&resize=350%2C200","width":350,"height":200},"classes":[]},{"id":2572,"url":"https:\/\/www.ogrodolszanica.pl\/index.php\/produkt\/budleja-prince-charming\/","url_meta":{"origin":1938,"position":2},"title":"Budleja Prince Charming","date":"23 stycznia, 2024","format":false,"excerpt":"Budleja Prince Charming Ta buddleja charakteryzuje si\u0119 jasnoczerwonym kolorem wpadaj\u0105cym lekko w magent\u0119 - jest to bardzo rzadki przypadek w tym gatunku. Preferuje stanowisko s\u0142oneczne na \u015bwie\u017cym pod\u0142o\u017cu. Rodzaj: Budleja Barwa: karminowa szeroko\u015b\u0107: 90\u00a0cm wysoko\u015b\u0107: 100\u00a0cm wysoko\u015b\u0107 (kwitnienie): 120\u00a0cm kwitnienie: lipiec \u00f7 pa\u017adziernik stanowisko: s\u0142oneczne Dobierz odpowiednie pod\u0142o\u017ce z wybranych\u2026","rel":"","context":"Similar post","img":{"alt_text":"","src":"https:\/\/i0.wp.com\/www.ogrodolszanica.pl\/wp-content\/uploads\/2024\/01\/buddleja-prince-charming_4.jpg?fit=650%2C650&ssl=1&resize=350%2C200","width":350,"height":200},"classes":[]},{"id":1653,"url":"https:\/\/www.ogrodolszanica.pl\/index.php\/produkt\/trzmielina-emerald-gold\/","url_meta":{"origin":1938,"position":3},"title":"Trzmielina Emerald Gold","date":"14 lipca, 2022","format":false,"excerpt":"Trzmielina Emerald Gold Liliowce to\u00a0byliny\u00a0o bardzo dekoracyjnych i przykuwaj\u0105cych uwag\u0119 kwiatach. S\u0105 \u0142atwe w uprawie, nie maj\u0105 specjalnych wymaga\u0144 i sprawdzaj\u0105 si\u0119 w ka\u017cdym ogrodzie.\u00a0Liliowiec \u2018Anzac\u2019\u00a0posiada krwistoczerwone kwiaty z \u017c\u00f3\u0142tym \u015brodkiem umieszczone na d\u0142ugiej \u0142ody\u017cce. Ma r\u00f3wnie\u017c d\u0142ugie, zielone li\u015bcie, lekko opadaj\u0105ce. Rodzaj: Trzmielina Barwa: \u017b\u00f3\u0142to-zielony szeroko\u015b\u0107: 30\u00a0cm wysoko\u015b\u0107: 20\u00a0cm\u2026","rel":"","context":"Similar post","img":{"alt_text":"","src":"https:\/\/i0.wp.com\/www.ogrodolszanica.pl\/wp-content\/uploads\/2022\/07\/292295743_3394432617459694_6633650821198589245_n.jpg?fit=900%2C1200&ssl=1&resize=350%2C200","width":350,"height":200},"classes":[]},{"id":1871,"url":"https:\/\/www.ogrodolszanica.pl\/index.php\/produkt\/pecherznica-kalinolistna-luteus\/","url_meta":{"origin":1938,"position":4},"title":"P\u0119cherznica Kalinolistna Luteus","date":"23 lipca, 2022","format":false,"excerpt":"P\u0119cherznica Kalinolistna Luteus Szybkorosn\u0105cy krzew o zaokr\u0105glonym pokroju, z licznymi, wyprostowanymi g\u0142\u00f3wnymi p\u0119dami. P\u0119dy jasno br\u0105zowe, cz\u0119sto wygi\u0119te, lekko kanciaste. Starsze, grubsze ga\u0142\u0119zie br\u0105zowe, z du\u017cymi paskami \u0142uszcz\u0105cej si\u0119 kory. Li\u015bcie sezonowe, skr\u0119toleg\u0142e, owalne, 3 - 5 klapowe, 5-10 cm d\u0142., intensywnie \u017c\u00f3\u0142te, w cieniu zielonkawo\u017c\u00f3\u0142te. Jesieni\u0105 czerwono\u017c\u00f3\u0142te. Owoce podobne\u2026","rel":"","context":"Similar post","img":{"alt_text":"","src":"https:\/\/i0.wp.com\/www.ogrodolszanica.pl\/wp-content\/uploads\/2022\/07\/293949052_1364086084117691_7594503902351386363_n.jpg?fit=900%2C1200&ssl=1&resize=350%2C200","width":350,"height":200},"classes":[]},{"id":2185,"url":"https:\/\/www.ogrodolszanica.pl\/index.php\/produkt\/budleja-magenta-munchkin\/","url_meta":{"origin":1938,"position":5},"title":"Budleja Magenta Munchkin","date":"22 maja, 2023","format":false,"excerpt":"Budleja Magenta Munchkin Wyj\u0105tkowa ro\u015blina! D\u0142ugie kwiatostany kwitn\u0105 obficie w kolorze jaskrawej magenty, na szczeg\u00f3lnie kr\u00f3tkich p\u0119dach od lipca do pa\u017adziernika. Przeznaczona do miejsc o \u015bwie\u017cym i bogatym w sk\u0142adniki od\u017cywcze pod\u0142o\u017cu w pe\u0142nym s\u0142o\u0144cu. Nie jest ca\u0142kowicie mrozoodporna. Wiosn\u0105 nale\u017cy ponownie przyci\u0105\u0107. Rodzaj: Budleja Barwa: Purpurowy szeroko\u015b\u0107: 100 cm\u2026","rel":"","context":"Similar post","img":{"alt_text":"","src":"https:\/\/i0.wp.com\/www.ogrodolszanica.pl\/wp-content\/uploads\/2023\/05\/image1.jpegmaxwidth2559.7000554800034maxheight1296.jpg?fit=900%2C1200&ssl=1&resize=350%2C200","width":350,"height":200},"classes":[]}],"_links":{"self":[{"href":"https:\/\/www.ogrodolszanica.pl\/index.php\/wp-json\/wp\/v2\/product\/1938","targetHints":{"allow":["GET"]}}],"collection":[{"href":"https:\/\/www.ogrodolszanica.pl\/index.php\/wp-json\/wp\/v2\/product"}],"about":[{"href":"https:\/\/www.ogrodolszanica.pl\/index.php\/wp-json\/wp\/v2\/types\/product"}],"replies":[{"embeddable":true,"href":"https:\/\/www.ogrodolszanica.pl\/index.php\/wp-json\/wp\/v2\/comments?post=1938"}],"wp:featuredmedia":[{"embeddable":true,"href":"https:\/\/www.ogrodolszanica.pl\/index.php\/wp-json\/wp\/v2\/media\/1939"}],"wp:attachment":[{"href":"https:\/\/www.ogrodolszanica.pl\/index.php\/wp-json\/wp\/v2\/media?parent=1938"}],"wp:term":[{"taxonomy":"product_cat","embeddable":true,"href":"https:\/\/www.ogrodolszanica.pl\/index.php\/wp-json\/wp\/v2\/product_cat?post=1938"},{"taxonomy":"product_tag","embeddable":true,"href":"https:\/\/www.ogrodolszanica.pl\/index.php\/wp-json\/wp\/v2\/product_tag?post=1938"}],"curies":[{"name":"wp","href":"https:\/\/api.w.org\/{rel}","templated":true}]}}