{"id":1911,"date":"2022-08-03T09:09:05","date_gmt":"2022-08-03T09:09:05","guid":{"rendered":"https:\/\/www.ogrodolszanica.pl\/?post_type=product&#038;p=1911"},"modified":"2026-03-03T17:43:45","modified_gmt":"2026-03-03T17:43:45","slug":"turzyca-dwustronna","status":"publish","type":"product","link":"https:\/\/www.ogrodolszanica.pl\/index.php\/produkt\/turzyca-dwustronna\/","title":{"rendered":"Turzyca Dwustronna"},"content":{"rendered":"<h2 style=\"text-align: center;\">Turzyca Dwustronna<\/h2>\n<p>Ro\u015blina trwa\u0142a z d\u0142ugimi podziemnymi roz\u0142ogami. <span class=\"label label-success\">\u0141odyga<\/span>\u00a0wzniesiona, do po\u0142owy ulistniona, u g\u00f3ry ostrokanciasta, szorstka.\u00a0<span class=\"label label-success\">Li\u015bcie<\/span> pochwy li\u015bciowe na brzegach ostre, p\u0142askie lub rynienkowate.\u00a0Plewy zaostrzone, \u017c\u00f3\u0142tobr\u0105zowe. P\u0119cherzyki niewiele d\u0142u\u017csze od plew, jajowate, br\u0105zowe, prawie bez skrzyde\u0142ek, prawie bez szypu\u0142ek, z dzi\u00f3bkiem o dw\u00f3ch z\u0105bkach. S\u0142upek z 2 znamionami.\u00a0<span class=\"label label-success\">Owoce<\/span>\u00a0orzeszek koloru oliwkowozielonego lub br\u0105zowego.<\/p>\n<ul>\n<li>Rodzaj: Turzyca<\/li>\n<li>Barwa: Jasnozielony<\/li>\n<li>\n<div>szeroko\u015b\u0107: <strong>20 cm<\/strong><\/div>\n<\/li>\n<li>\n<div><b><\/b>wysoko\u015b\u0107: <strong>30<\/strong><b>\u00a0cm<\/b><\/div>\n<\/li>\n<li>\n<div><b><\/b>wysoko\u015b\u0107 (kwitnienie): <strong>50<\/strong><b>\u00a0cm<\/b><\/div>\n<\/li>\n<li><b><\/b>kwitnienie: <b>maj \u00f7 czerwiec<\/b><\/li>\n<li>\n<div><b><\/b>stanowisko:\u00a0<b>s\u0142oneczne, p\u00f3\u0142cieniste<\/b><\/div>\n<\/li>\n<\/ul>\n<p>Dobierz odpowiednie pod\u0142o\u017ce z wybranych produkt\u00f3w w naszym sklepie: <a href=\"https:\/\/www.ogrodolszanica.pl\/index.php\/kategoria-produktu\/zin\/\">Pod\u0142o\u017ca<\/a><\/p>\n<p>&nbsp;<\/p>\n<p>&nbsp;<\/p>\n","protected":false},"excerpt":{"rendered":"<p>Turzyca Dwustronna Ro\u015blina trwa\u0142a z d\u0142ugimi podziemnymi roz\u0142ogami. \u0141odyga\u00a0wzniesiona, do po\u0142owy ulistniona, u g\u00f3ry ostrokanciasta, szorstka.\u00a0Li\u015bcie pochwy li\u015bciowe na brzegach ostre, p\u0142askie lub rynienkowate.\u00a0Plewy zaostrzone, \u017c\u00f3\u0142tobr\u0105zowe. P\u0119cherzyki niewiele d\u0142u\u017csze od plew, jajowate, br\u0105zowe, prawie bez skrzyde\u0142ek, prawie bez szypu\u0142ek, z dzi\u00f3bkiem o dw\u00f3ch z\u0105bkach. S\u0142upek z 2 znamionami.\u00a0Owoce\u00a0orzeszek koloru oliwkowozielonego lub br\u0105zowego. Rodzaj: Turzyca Barwa: &hellip;<\/p>\n<p class=\"read-more\"> <a class=\"\" href=\"https:\/\/www.ogrodolszanica.pl\/index.php\/produkt\/turzyca-dwustronna\/\"> <span class=\"screen-reader-text\">Turzyca Dwustronna<\/span> Read More &raquo;<\/a><\/p>\n","protected":false},"featured_media":1913,"comment_status":"open","ping_status":"closed","template":"","meta":{"site-sidebar-layout":"default","site-content-layout":"default","ast-global-header-display":"","ast-main-header-display":"","ast-hfb-above-header-display":"","ast-hfb-below-header-display":"","ast-hfb-mobile-header-display":"","site-post-title":"","ast-breadcrumbs-content":"","ast-featured-img":"","footer-sml-layout":"","theme-transparent-header-meta":"default","adv-header-id-meta":"","stick-header-meta":"","header-above-stick-meta":"","header-main-stick-meta":"","header-below-stick-meta":"","spay_email":""},"product_cat":[20,30],"product_tag":[],"class_list":["post-1911","product","type-product","status-publish","has-post-thumbnail","hentry","product_cat-rosliny","product_cat-trawy"],"yoast_head":"<!-- This site is optimized with the Yoast SEO plugin v19.2 - https:\/\/yoast.com\/wordpress\/plugins\/seo\/ -->\n<title>Turzyca Dwustronna - Ogr&oacute;d Olszanica<\/title>\n<meta name=\"robots\" content=\"index, follow, max-snippet:-1, max-image-preview:large, max-video-preview:-1\" \/>\n<link rel=\"canonical\" href=\"https:\/\/www.ogrodolszanica.pl\/index.php\/produkt\/turzyca-dwustronna\/\" \/>\n<meta property=\"og:locale\" content=\"pl_PL\" \/>\n<meta property=\"og:type\" content=\"article\" \/>\n<meta property=\"og:title\" content=\"Turzyca Dwustronna - Ogr&oacute;d Olszanica\" \/>\n<meta property=\"og:description\" content=\"Turzyca Dwustronna Ro\u015blina trwa\u0142a z d\u0142ugimi podziemnymi roz\u0142ogami. \u0141odyga\u00a0wzniesiona, do po\u0142owy ulistniona, u g\u00f3ry ostrokanciasta, szorstka.\u00a0Li\u015bcie pochwy li\u015bciowe na brzegach ostre, p\u0142askie lub rynienkowate.\u00a0Plewy zaostrzone, \u017c\u00f3\u0142tobr\u0105zowe. P\u0119cherzyki niewiele d\u0142u\u017csze od plew, jajowate, br\u0105zowe, prawie bez skrzyde\u0142ek, prawie bez szypu\u0142ek, z dzi\u00f3bkiem o dw\u00f3ch z\u0105bkach. S\u0142upek z 2 znamionami.\u00a0Owoce\u00a0orzeszek koloru oliwkowozielonego lub br\u0105zowego. Rodzaj: Turzyca Barwa: &hellip; Turzyca Dwustronna Read More &raquo;\" \/>\n<meta property=\"og:url\" content=\"https:\/\/www.ogrodolszanica.pl\/index.php\/produkt\/turzyca-dwustronna\/\" \/>\n<meta property=\"og:site_name\" content=\"Ogr&oacute;d Olszanica\" \/>\n<meta property=\"article:publisher\" content=\"https:\/\/www.facebook.com\/Ogrd-Olszanica-100807179225223\" \/>\n<meta property=\"article:modified_time\" content=\"2026-03-03T17:43:45+00:00\" \/>\n<meta property=\"og:image\" content=\"https:\/\/www.ogrodolszanica.pl\/wp-content\/uploads\/2022\/08\/296416134_561628102176711_4412176032999187311_n.jpg\" \/>\n\t<meta property=\"og:image:width\" content=\"1536\" \/>\n\t<meta property=\"og:image:height\" content=\"2048\" \/>\n\t<meta property=\"og:image:type\" content=\"image\/jpeg\" \/>\n<meta name=\"author\" content=\"admin\" \/>\n<meta name=\"twitter:card\" content=\"summary_large_image\" \/>\n<meta name=\"twitter:label1\" content=\"Szacowany czas czytania\" \/>\n\t<meta name=\"twitter:data1\" content=\"1 minuta\" \/>\n<script type=\"application\/ld+json\" class=\"yoast-schema-graph\">{\"@context\":\"https:\/\/schema.org\",\"@graph\":[{\"@type\":\"Organization\",\"@id\":\"https:\/\/www.ogrodolszanica.pl\/#organization\",\"name\":\"Ogr\u00f3d Olszanica - Krakowskie Centrum Ogrodnicze\",\"url\":\"https:\/\/www.ogrodolszanica.pl\/\",\"sameAs\":[\"https:\/\/www.facebook.com\/Ogrd-Olszanica-100807179225223\"],\"logo\":{\"@type\":\"ImageObject\",\"inLanguage\":\"pl-PL\",\"@id\":\"https:\/\/www.ogrodolszanica.pl\/#\/schema\/logo\/image\/\",\"url\":\"http:\/\/www.ogrodolszanica.pl\/wp-content\/uploads\/2022\/06\/Ogrod-Olszanica1-1.png\",\"contentUrl\":\"http:\/\/www.ogrodolszanica.pl\/wp-content\/uploads\/2022\/06\/Ogrod-Olszanica1-1.png\",\"width\":180,\"height\":60,\"caption\":\"Ogr\u00f3d Olszanica - Krakowskie Centrum Ogrodnicze\"},\"image\":{\"@id\":\"https:\/\/www.ogrodolszanica.pl\/#\/schema\/logo\/image\/\"}},{\"@type\":\"WebSite\",\"@id\":\"https:\/\/www.ogrodolszanica.pl\/#website\",\"url\":\"https:\/\/www.ogrodolszanica.pl\/\",\"name\":\"Ogr&oacute;d Olszanica\",\"description\":\"Centrum Ogrodnicze Krak&oacute;w\",\"publisher\":{\"@id\":\"https:\/\/www.ogrodolszanica.pl\/#organization\"},\"potentialAction\":[{\"@type\":\"SearchAction\",\"target\":{\"@type\":\"EntryPoint\",\"urlTemplate\":\"https:\/\/www.ogrodolszanica.pl\/?s={search_term_string}\"},\"query-input\":\"required name=search_term_string\"}],\"inLanguage\":\"pl-PL\"},{\"@type\":\"ImageObject\",\"inLanguage\":\"pl-PL\",\"@id\":\"https:\/\/www.ogrodolszanica.pl\/index.php\/produkt\/turzyca-dwustronna\/#primaryimage\",\"url\":\"https:\/\/i0.wp.com\/www.ogrodolszanica.pl\/wp-content\/uploads\/2022\/08\/296416134_561628102176711_4412176032999187311_n.jpg?fit=1536%2C2048&ssl=1\",\"contentUrl\":\"https:\/\/i0.wp.com\/www.ogrodolszanica.pl\/wp-content\/uploads\/2022\/08\/296416134_561628102176711_4412176032999187311_n.jpg?fit=1536%2C2048&ssl=1\",\"width\":1536,\"height\":2048},{\"@type\":\"WebPage\",\"@id\":\"https:\/\/www.ogrodolszanica.pl\/index.php\/produkt\/turzyca-dwustronna\/#webpage\",\"url\":\"https:\/\/www.ogrodolszanica.pl\/index.php\/produkt\/turzyca-dwustronna\/\",\"name\":\"Turzyca Dwustronna - Ogr&oacute;d Olszanica\",\"isPartOf\":{\"@id\":\"https:\/\/www.ogrodolszanica.pl\/#website\"},\"primaryImageOfPage\":{\"@id\":\"https:\/\/www.ogrodolszanica.pl\/index.php\/produkt\/turzyca-dwustronna\/#primaryimage\"},\"datePublished\":\"2022-08-03T09:09:05+00:00\",\"dateModified\":\"2026-03-03T17:43:45+00:00\",\"breadcrumb\":{\"@id\":\"https:\/\/www.ogrodolszanica.pl\/index.php\/produkt\/turzyca-dwustronna\/#breadcrumb\"},\"inLanguage\":\"pl-PL\",\"potentialAction\":[{\"@type\":\"ReadAction\",\"target\":[\"https:\/\/www.ogrodolszanica.pl\/index.php\/produkt\/turzyca-dwustronna\/\"]}]},{\"@type\":\"BreadcrumbList\",\"@id\":\"https:\/\/www.ogrodolszanica.pl\/index.php\/produkt\/turzyca-dwustronna\/#breadcrumb\",\"itemListElement\":[{\"@type\":\"ListItem\",\"position\":1,\"name\":\"Strona g\u0142\u00f3wna\",\"item\":\"https:\/\/www.ogrodolszanica.pl\/\"},{\"@type\":\"ListItem\",\"position\":2,\"name\":\"Produkty\",\"item\":\"https:\/\/www.ogrodolszanica.pl\/index.php\/shop\/\"},{\"@type\":\"ListItem\",\"position\":3,\"name\":\"Turzyca Dwustronna\"}]}]}<\/script>\n<!-- \/ Yoast SEO plugin. -->","yoast_head_json":{"title":"Turzyca Dwustronna - Ogr&oacute;d Olszanica","robots":{"index":"index","follow":"follow","max-snippet":"max-snippet:-1","max-image-preview":"max-image-preview:large","max-video-preview":"max-video-preview:-1"},"canonical":"https:\/\/www.ogrodolszanica.pl\/index.php\/produkt\/turzyca-dwustronna\/","og_locale":"pl_PL","og_type":"article","og_title":"Turzyca Dwustronna - Ogr&oacute;d Olszanica","og_description":"Turzyca Dwustronna Ro\u015blina trwa\u0142a z d\u0142ugimi podziemnymi roz\u0142ogami. \u0141odyga\u00a0wzniesiona, do po\u0142owy ulistniona, u g\u00f3ry ostrokanciasta, szorstka.\u00a0Li\u015bcie pochwy li\u015bciowe na brzegach ostre, p\u0142askie lub rynienkowate.\u00a0Plewy zaostrzone, \u017c\u00f3\u0142tobr\u0105zowe. P\u0119cherzyki niewiele d\u0142u\u017csze od plew, jajowate, br\u0105zowe, prawie bez skrzyde\u0142ek, prawie bez szypu\u0142ek, z dzi\u00f3bkiem o dw\u00f3ch z\u0105bkach. S\u0142upek z 2 znamionami.\u00a0Owoce\u00a0orzeszek koloru oliwkowozielonego lub br\u0105zowego. Rodzaj: Turzyca Barwa: &hellip; Turzyca Dwustronna Read More &raquo;","og_url":"https:\/\/www.ogrodolszanica.pl\/index.php\/produkt\/turzyca-dwustronna\/","og_site_name":"Ogr&oacute;d Olszanica","article_publisher":"https:\/\/www.facebook.com\/Ogrd-Olszanica-100807179225223","article_modified_time":"2026-03-03T17:43:45+00:00","og_image":[{"width":1536,"height":2048,"url":"https:\/\/www.ogrodolszanica.pl\/wp-content\/uploads\/2022\/08\/296416134_561628102176711_4412176032999187311_n.jpg","type":"image\/jpeg"}],"author":"admin","twitter_card":"summary_large_image","twitter_misc":{"Szacowany czas czytania":"1 minuta"},"schema":{"@context":"https:\/\/schema.org","@graph":[{"@type":"Organization","@id":"https:\/\/www.ogrodolszanica.pl\/#organization","name":"Ogr\u00f3d Olszanica - Krakowskie Centrum Ogrodnicze","url":"https:\/\/www.ogrodolszanica.pl\/","sameAs":["https:\/\/www.facebook.com\/Ogrd-Olszanica-100807179225223"],"logo":{"@type":"ImageObject","inLanguage":"pl-PL","@id":"https:\/\/www.ogrodolszanica.pl\/#\/schema\/logo\/image\/","url":"http:\/\/www.ogrodolszanica.pl\/wp-content\/uploads\/2022\/06\/Ogrod-Olszanica1-1.png","contentUrl":"http:\/\/www.ogrodolszanica.pl\/wp-content\/uploads\/2022\/06\/Ogrod-Olszanica1-1.png","width":180,"height":60,"caption":"Ogr\u00f3d Olszanica - Krakowskie Centrum Ogrodnicze"},"image":{"@id":"https:\/\/www.ogrodolszanica.pl\/#\/schema\/logo\/image\/"}},{"@type":"WebSite","@id":"https:\/\/www.ogrodolszanica.pl\/#website","url":"https:\/\/www.ogrodolszanica.pl\/","name":"Ogr&oacute;d Olszanica","description":"Centrum Ogrodnicze Krak&oacute;w","publisher":{"@id":"https:\/\/www.ogrodolszanica.pl\/#organization"},"potentialAction":[{"@type":"SearchAction","target":{"@type":"EntryPoint","urlTemplate":"https:\/\/www.ogrodolszanica.pl\/?s={search_term_string}"},"query-input":"required name=search_term_string"}],"inLanguage":"pl-PL"},{"@type":"ImageObject","inLanguage":"pl-PL","@id":"https:\/\/www.ogrodolszanica.pl\/index.php\/produkt\/turzyca-dwustronna\/#primaryimage","url":"https:\/\/i0.wp.com\/www.ogrodolszanica.pl\/wp-content\/uploads\/2022\/08\/296416134_561628102176711_4412176032999187311_n.jpg?fit=1536%2C2048&ssl=1","contentUrl":"https:\/\/i0.wp.com\/www.ogrodolszanica.pl\/wp-content\/uploads\/2022\/08\/296416134_561628102176711_4412176032999187311_n.jpg?fit=1536%2C2048&ssl=1","width":1536,"height":2048},{"@type":"WebPage","@id":"https:\/\/www.ogrodolszanica.pl\/index.php\/produkt\/turzyca-dwustronna\/#webpage","url":"https:\/\/www.ogrodolszanica.pl\/index.php\/produkt\/turzyca-dwustronna\/","name":"Turzyca Dwustronna - Ogr&oacute;d Olszanica","isPartOf":{"@id":"https:\/\/www.ogrodolszanica.pl\/#website"},"primaryImageOfPage":{"@id":"https:\/\/www.ogrodolszanica.pl\/index.php\/produkt\/turzyca-dwustronna\/#primaryimage"},"datePublished":"2022-08-03T09:09:05+00:00","dateModified":"2026-03-03T17:43:45+00:00","breadcrumb":{"@id":"https:\/\/www.ogrodolszanica.pl\/index.php\/produkt\/turzyca-dwustronna\/#breadcrumb"},"inLanguage":"pl-PL","potentialAction":[{"@type":"ReadAction","target":["https:\/\/www.ogrodolszanica.pl\/index.php\/produkt\/turzyca-dwustronna\/"]}]},{"@type":"BreadcrumbList","@id":"https:\/\/www.ogrodolszanica.pl\/index.php\/produkt\/turzyca-dwustronna\/#breadcrumb","itemListElement":[{"@type":"ListItem","position":1,"name":"Strona g\u0142\u00f3wna","item":"https:\/\/www.ogrodolszanica.pl\/"},{"@type":"ListItem","position":2,"name":"Produkty","item":"https:\/\/www.ogrodolszanica.pl\/index.php\/shop\/"},{"@type":"ListItem","position":3,"name":"Turzyca Dwustronna"}]}]}},"jetpack-related-posts":[{"id":1661,"url":"https:\/\/www.ogrodolszanica.pl\/index.php\/produkt\/zurawka-rio\/","url_meta":{"origin":1911,"position":0},"title":"\u017burawka Rio","date":"17 lipca, 2022","format":false,"excerpt":"\u017burawka Rio Odmiana o wielkich, sztywnych i pe\u0142nych wigoru k\u0119pach. Tworzy bia\u0142e, rzadkie kwiatostany na bordowych szypu\u0142ach. Li\u015bcie s\u0105 du\u017ce, okr\u0105g\u0142e i lekko pofalowane, zmieniaj\u0105 odcienie wraz z czasem na pocz\u0105tku b\u0119d\u0105c brzoskwiniowo-bursztynowe, p\u00f3\u017aniej ciemno-bursztynowej prawie br\u0105zowe, natomiast ostatecznie wybarwiaj\u0105 si\u0119 na \u017c\u00f3\u0142tawy bursztyn, sp\u00f3d blaszki li\u015bciowej pozostaje soczy\u015bcie bordowy.\u2026","rel":"","context":"Similar post","img":{"alt_text":"","src":"https:\/\/i0.wp.com\/www.ogrodolszanica.pl\/wp-content\/uploads\/2022\/07\/292562697_773597540339464_8255323037170537770_n.jpg?fit=900%2C1200&ssl=1&resize=350%2C200","width":350,"height":200},"classes":[]},{"id":1951,"url":"https:\/\/www.ogrodolszanica.pl\/index.php\/produkt\/funkia-purple-heart\/","url_meta":{"origin":1911,"position":1},"title":"Funkia Purple Heart","date":"16 sierpnia, 2022","format":false,"excerpt":"Funkia Purple Heart Wyj\u0105tkowa odmiana o zbitym, g\u0119stym pokroju i b\u0142yszcz\u0105cych, sercowatych li\u015bciach w kolorze limonkowo-zielonym z czerwono-purpurow\u0105 plamk\u0105 u nasady li\u015bcia. Charakteryzuje si\u0119 eleganckimi, kr\u00f3tkimi, prawie czarnymi \u0142odygami. Rodzaj: Funkia Barwa: Purpurowo-r\u00f3\u017cowy szeroko\u015b\u0107: 75 cm wysoko\u015b\u0107: 40\u00a0cm wysoko\u015b\u0107 (kwitnienie): 60\u00a0cm kwitnienie: sierpie\u0144 \u00f7 wrzesie\u0144 stanowisko: p\u00f3\u0142cieniste Dobierz odpowiednie pod\u0142o\u017ce\u2026","rel":"","context":"Similar post","img":{"alt_text":"","src":"https:\/\/i0.wp.com\/www.ogrodolszanica.pl\/wp-content\/uploads\/2022\/08\/297839075_743972756907105_5861016168158462284_n.jpg?fit=900%2C1200&ssl=1&resize=350%2C200","width":350,"height":200},"classes":[]},{"id":1561,"url":"https:\/\/www.ogrodolszanica.pl\/index.php\/produkt\/zurawka-black-taffeta\/","url_meta":{"origin":1911,"position":2},"title":"\u017burawka Black Taffeta","date":"12 lipca, 2022","format":false,"excerpt":"\u017burawka Black Taffeta Odmiana tworz\u0105ca g\u0119ste k\u0119py o wype\u0142nionej formie. Kwiaty bia\u0142e, mocne, na ciemnych kr\u00f3tkich szypu\u0142ach. Posiada ciemne, prawie czarne li\u015bcie, kt\u00f3rych b\u0142yszcz\u0105ca i jedwabista faktura i fryzowany, zmierzwiony brzeg blaszki sprawiaj\u0105 wra\u017cenie, jakby \u017curawka przyby\u0142a wprost z paryskiego wybiegu mody. Ta elegancka heuchera odznacza si\u0119 wysok\u0105 wytrzyma\u0142o\u015bci\u0105 i\u2026","rel":"","context":"Similar post","img":{"alt_text":"","src":"https:\/\/i0.wp.com\/www.ogrodolszanica.pl\/wp-content\/uploads\/2022\/07\/heuchera-black-taffeta_73019_1.jpg?fit=650%2C650&ssl=1&resize=350%2C200","width":350,"height":200},"classes":[]},{"id":2721,"url":"https:\/\/www.ogrodolszanica.pl\/index.php\/produkt\/jezowka-echinacea-purpurea-aloha\/","url_meta":{"origin":1911,"position":3},"title":"Je\u017c\u00f3wka Aloha","date":"31 stycznia, 2024","format":false,"excerpt":"Je\u017c\u00f3wka Aloha \u00a0 \u0141agodna odmiana o szerokich, melonowo-\u017c\u00f3\u0142tych, prawie kremowych p\u0142atkach, kt\u00f3re otaczaj\u0105 ciemno-pomara\u0144czowy \u015brodek. Wyr\u00f3\u017cnia si\u0119 w\u015br\u00f3d innych je\u017c\u00f3wek wyj\u0105tkow\u0105 delikatno\u015bci\u0105 barwy. To ro\u015blina pachn\u0105ca i elegancka, atrakcyjna dla motyli. \u015awietnie sprawdza si\u0119 jako kwiat ci\u0119ty, a dzi\u0119ki zwartej k\u0119pie jest doskona\u0142a na obw\u00f3dki i mieszane rabaty. Rodzaj: Je\u017c\u00f3wka\u2026","rel":"","context":"Similar post","img":{"alt_text":"","src":"https:\/\/i0.wp.com\/www.ogrodolszanica.pl\/wp-content\/uploads\/2024\/01\/echinacea-aloha_79233_2.jpg?fit=650%2C467&ssl=1&resize=350%2C200","width":350,"height":200},"classes":[]},{"id":2715,"url":"https:\/\/www.ogrodolszanica.pl\/index.php\/produkt\/zagwin-axcent-deep-purple-impr\/","url_meta":{"origin":1911,"position":4},"title":"\u017bagwin Axcent\u2122 Deep Purple Impr.","date":"31 stycznia, 2024","format":false,"excerpt":"\u017bagwin Axcent Deep Purple Impr. Odmiana wielkokwiatowa o mocnej kolorystyce. Preferowana na wszystkie s\u0142oneczne stanowiska z przepuszczalnym pod\u0142o\u017cem. Idealnie sprawdzi si\u0119 w ogrodach skalnych lub na murach. Rodzaj: \u017bagwin Barwa: Purpurowa szeroko\u015b\u0107: 40\u00a0cm wysoko\u015b\u0107: 10\u00a0cm wysoko\u015b\u0107 (kwitnienie): 20 cm kwitnienie: marzec \u00f7 maj stanowisko: s\u0142oneczne Dobierz odpowiednie pod\u0142o\u017ce z wybranych\u2026","rel":"","context":"Similar post","img":{"alt_text":"","src":"https:\/\/i0.wp.com\/www.ogrodolszanica.pl\/wp-content\/uploads\/2024\/01\/byliny-i-trawy_axcent_73524_2.jpg?fit=650%2C650&ssl=1&resize=350%2C200","width":350,"height":200},"classes":[]},{"id":2911,"url":"https:\/\/www.ogrodolszanica.pl\/index.php\/produkt\/floks-scarlet-flame\/","url_meta":{"origin":1911,"position":5},"title":"Floks Scarlet Flame","date":"18 wrze\u015bnia, 2024","format":false,"excerpt":"Floks Scarlet Flame Floks szydlasty nale\u017cy do bylin tworz\u0105cych barwne kobierce. Odpowiedni do nasadze\u0144 w ogr\u00f3dkach skalnych, na niskie obw\u00f3dki lub do kompozycji w pojemnikach. Ro\u015blina wymaga dobrego drena\u017cu, toleruje susz\u0119. Kwiaty s\u0105 jasne lub ciemno-szkar\u0142atne z ciemnym oczkiem w zale\u017cno\u015bci od fazy kwitnienia. Po 3-4 latach wczesn\u0105 wiosn\u0105 k\u0119p\u0119\u2026","rel":"","context":"Similar post","img":{"alt_text":"","src":"https:\/\/i0.wp.com\/www.ogrodolszanica.pl\/wp-content\/uploads\/2024\/09\/phlox-scarlet-flame_1.jpg?fit=650%2C434&ssl=1&resize=350%2C200","width":350,"height":200},"classes":[]}],"_links":{"self":[{"href":"https:\/\/www.ogrodolszanica.pl\/index.php\/wp-json\/wp\/v2\/product\/1911","targetHints":{"allow":["GET"]}}],"collection":[{"href":"https:\/\/www.ogrodolszanica.pl\/index.php\/wp-json\/wp\/v2\/product"}],"about":[{"href":"https:\/\/www.ogrodolszanica.pl\/index.php\/wp-json\/wp\/v2\/types\/product"}],"replies":[{"embeddable":true,"href":"https:\/\/www.ogrodolszanica.pl\/index.php\/wp-json\/wp\/v2\/comments?post=1911"}],"wp:featuredmedia":[{"embeddable":true,"href":"https:\/\/www.ogrodolszanica.pl\/index.php\/wp-json\/wp\/v2\/media\/1913"}],"wp:attachment":[{"href":"https:\/\/www.ogrodolszanica.pl\/index.php\/wp-json\/wp\/v2\/media?parent=1911"}],"wp:term":[{"taxonomy":"product_cat","embeddable":true,"href":"https:\/\/www.ogrodolszanica.pl\/index.php\/wp-json\/wp\/v2\/product_cat?post=1911"},{"taxonomy":"product_tag","embeddable":true,"href":"https:\/\/www.ogrodolszanica.pl\/index.php\/wp-json\/wp\/v2\/product_tag?post=1911"}],"curies":[{"name":"wp","href":"https:\/\/api.w.org\/{rel}","templated":true}]}}