{"id":1893,"date":"2022-08-03T08:27:06","date_gmt":"2022-08-03T08:27:06","guid":{"rendered":"https:\/\/www.ogrodolszanica.pl\/?post_type=product&#038;p=1893"},"modified":"2026-03-07T20:03:45","modified_gmt":"2026-03-07T20:03:45","slug":"przetacznik-dlugolistny-first-glory","status":"publish","type":"product","link":"https:\/\/www.ogrodolszanica.pl\/index.php\/produkt\/przetacznik-dlugolistny-first-glory\/","title":{"rendered":"Przetacznik D\u0142ugolistny First Glory"},"content":{"rendered":"<h2 style=\"text-align: center;\">Przetacznik D\u0142ugolistny First Glory<\/h2>\n<p>Przetacznik 'First Glory&#8221; jest bylin\u0105, kt\u00f3r\u0105 latem zdobi\u0105 kolby\u00a0intensywnie niebieskich kwiat\u00f3w. S\u0105 kontrastem dla ciemno\u00a0zielonych li\u015bci. Ro\u015blina \u0142atwa w uprawie, wieloletnia i d\u0142ugo\u00a0kwitn\u0105ca. Przywabia motyle. Obsadzamy ni\u0105 rabaty,\u00a0ogr\u00f3dki\u00a0skalne lub donice. Kwiaty mo\u017cemy\u00a0\u015bcina\u0107 do wazon\u00f3w.<\/p>\n<ul>\n<li>Rodzaj: Przetacznik<\/li>\n<li>Barwa: Ciemnoniebieski<\/li>\n<li>\n<div>szeroko\u015b\u0107: <strong>40 cm<\/strong><\/div>\n<\/li>\n<li>\n<div><b><\/b>wysoko\u015b\u0107: <strong>30<\/strong><b>\u00a0cm<\/b><\/div>\n<\/li>\n<li>\n<div><b><\/b>wysoko\u015b\u0107 (kwitnienie): <strong>40<\/strong><b>\u00a0cm<\/b><\/div>\n<\/li>\n<li>\n<div><b><\/b>kwitnienie: <b>czerwiec \u00f7 sierpie\u0144<\/b><\/div>\n<\/li>\n<li>\n<div><b><\/b>stanowisko:\u00a0<b>s\u0142oneczne<\/b><\/div>\n<\/li>\n<\/ul>\n<p>Dobierz odpowiednie pod\u0142o\u017ce z wybranych produkt\u00f3w w naszym sklepie: <a href=\"https:\/\/www.ogrodolszanica.pl\/index.php\/kategoria-produktu\/zin\/\">Pod\u0142o\u017ca<\/a><\/p>\n<p>&nbsp;<\/p>\n<p>&nbsp;<\/p>\n","protected":false},"excerpt":{"rendered":"<p>Przetacznik D\u0142ugolistny First Glory Przetacznik 'First Glory&#8221; jest bylin\u0105, kt\u00f3r\u0105 latem zdobi\u0105 kolby\u00a0intensywnie niebieskich kwiat\u00f3w. S\u0105 kontrastem dla ciemno\u00a0zielonych li\u015bci. Ro\u015blina \u0142atwa w uprawie, wieloletnia i d\u0142ugo\u00a0kwitn\u0105ca. Przywabia motyle. Obsadzamy ni\u0105 rabaty,\u00a0ogr\u00f3dki\u00a0skalne lub donice. Kwiaty mo\u017cemy\u00a0\u015bcina\u0107 do wazon\u00f3w. Rodzaj: Przetacznik Barwa: Ciemnoniebieski szeroko\u015b\u0107: 40 cm wysoko\u015b\u0107: 30\u00a0cm wysoko\u015b\u0107 (kwitnienie): 40\u00a0cm kwitnienie: czerwiec \u00f7 sierpie\u0144 stanowisko:\u00a0s\u0142oneczne &hellip;<\/p>\n<p class=\"read-more\"> <a class=\"\" href=\"https:\/\/www.ogrodolszanica.pl\/index.php\/produkt\/przetacznik-dlugolistny-first-glory\/\"> <span class=\"screen-reader-text\">Przetacznik D\u0142ugolistny First Glory<\/span> Read More &raquo;<\/a><\/p>\n","protected":false},"featured_media":1894,"comment_status":"open","ping_status":"closed","template":"","meta":{"site-sidebar-layout":"default","site-content-layout":"default","ast-global-header-display":"","ast-main-header-display":"","ast-hfb-above-header-display":"","ast-hfb-below-header-display":"","ast-hfb-mobile-header-display":"","site-post-title":"","ast-breadcrumbs-content":"","ast-featured-img":"","footer-sml-layout":"","theme-transparent-header-meta":"default","adv-header-id-meta":"","stick-header-meta":"","header-above-stick-meta":"","header-main-stick-meta":"","header-below-stick-meta":"","spay_email":""},"product_cat":[29,85,20],"product_tag":[],"class_list":["post-1893","product","type-product","status-publish","has-post-thumbnail","hentry","product_cat-byliny","product_cat-przetaczniki","product_cat-rosliny"],"yoast_head":"<!-- This site is optimized with the Yoast SEO plugin v19.2 - https:\/\/yoast.com\/wordpress\/plugins\/seo\/ -->\n<title>Przetacznik D\u0142ugolistny First Glory - Ogr&oacute;d Olszanica<\/title>\n<meta name=\"robots\" content=\"index, follow, max-snippet:-1, max-image-preview:large, max-video-preview:-1\" \/>\n<link rel=\"canonical\" href=\"https:\/\/www.ogrodolszanica.pl\/index.php\/produkt\/przetacznik-dlugolistny-first-glory\/\" \/>\n<meta property=\"og:locale\" content=\"pl_PL\" \/>\n<meta property=\"og:type\" content=\"article\" \/>\n<meta property=\"og:title\" content=\"Przetacznik D\u0142ugolistny First Glory - Ogr&oacute;d Olszanica\" \/>\n<meta property=\"og:description\" content=\"Przetacznik D\u0142ugolistny First Glory Przetacznik &#039;First Glory&#8221; jest bylin\u0105, kt\u00f3r\u0105 latem zdobi\u0105 kolby\u00a0intensywnie niebieskich kwiat\u00f3w. S\u0105 kontrastem dla ciemno\u00a0zielonych li\u015bci. Ro\u015blina \u0142atwa w uprawie, wieloletnia i d\u0142ugo\u00a0kwitn\u0105ca. Przywabia motyle. Obsadzamy ni\u0105 rabaty,\u00a0ogr\u00f3dki\u00a0skalne lub donice. Kwiaty mo\u017cemy\u00a0\u015bcina\u0107 do wazon\u00f3w. Rodzaj: Przetacznik Barwa: Ciemnoniebieski szeroko\u015b\u0107: 40 cm wysoko\u015b\u0107: 30\u00a0cm wysoko\u015b\u0107 (kwitnienie): 40\u00a0cm kwitnienie: czerwiec \u00f7 sierpie\u0144 stanowisko:\u00a0s\u0142oneczne &hellip; Przetacznik D\u0142ugolistny First Glory Read More &raquo;\" \/>\n<meta property=\"og:url\" content=\"https:\/\/www.ogrodolszanica.pl\/index.php\/produkt\/przetacznik-dlugolistny-first-glory\/\" \/>\n<meta property=\"og:site_name\" content=\"Ogr&oacute;d Olszanica\" \/>\n<meta property=\"article:publisher\" content=\"https:\/\/www.facebook.com\/Ogrd-Olszanica-100807179225223\" \/>\n<meta property=\"article:modified_time\" content=\"2026-03-07T20:03:45+00:00\" \/>\n<meta property=\"og:image\" content=\"https:\/\/www.ogrodolszanica.pl\/wp-content\/uploads\/2022\/08\/veronica-first-glory_71564_1.jpg\" \/>\n\t<meta property=\"og:image:width\" content=\"460\" \/>\n\t<meta property=\"og:image:height\" content=\"650\" \/>\n\t<meta property=\"og:image:type\" content=\"image\/jpeg\" \/>\n<meta name=\"author\" content=\"admin\" \/>\n<meta name=\"twitter:card\" content=\"summary_large_image\" \/>\n<meta name=\"twitter:label1\" content=\"Szacowany czas czytania\" \/>\n\t<meta name=\"twitter:data1\" content=\"1 minuta\" \/>\n<script type=\"application\/ld+json\" class=\"yoast-schema-graph\">{\"@context\":\"https:\/\/schema.org\",\"@graph\":[{\"@type\":\"Organization\",\"@id\":\"https:\/\/www.ogrodolszanica.pl\/#organization\",\"name\":\"Ogr\u00f3d Olszanica - Krakowskie Centrum Ogrodnicze\",\"url\":\"https:\/\/www.ogrodolszanica.pl\/\",\"sameAs\":[\"https:\/\/www.facebook.com\/Ogrd-Olszanica-100807179225223\"],\"logo\":{\"@type\":\"ImageObject\",\"inLanguage\":\"pl-PL\",\"@id\":\"https:\/\/www.ogrodolszanica.pl\/#\/schema\/logo\/image\/\",\"url\":\"http:\/\/www.ogrodolszanica.pl\/wp-content\/uploads\/2022\/06\/Ogrod-Olszanica1-1.png\",\"contentUrl\":\"http:\/\/www.ogrodolszanica.pl\/wp-content\/uploads\/2022\/06\/Ogrod-Olszanica1-1.png\",\"width\":180,\"height\":60,\"caption\":\"Ogr\u00f3d Olszanica - Krakowskie Centrum Ogrodnicze\"},\"image\":{\"@id\":\"https:\/\/www.ogrodolszanica.pl\/#\/schema\/logo\/image\/\"}},{\"@type\":\"WebSite\",\"@id\":\"https:\/\/www.ogrodolszanica.pl\/#website\",\"url\":\"https:\/\/www.ogrodolszanica.pl\/\",\"name\":\"Ogr&oacute;d Olszanica\",\"description\":\"Centrum Ogrodnicze Krak&oacute;w\",\"publisher\":{\"@id\":\"https:\/\/www.ogrodolszanica.pl\/#organization\"},\"potentialAction\":[{\"@type\":\"SearchAction\",\"target\":{\"@type\":\"EntryPoint\",\"urlTemplate\":\"https:\/\/www.ogrodolszanica.pl\/?s={search_term_string}\"},\"query-input\":\"required name=search_term_string\"}],\"inLanguage\":\"pl-PL\"},{\"@type\":\"ImageObject\",\"inLanguage\":\"pl-PL\",\"@id\":\"https:\/\/www.ogrodolszanica.pl\/index.php\/produkt\/przetacznik-dlugolistny-first-glory\/#primaryimage\",\"url\":\"https:\/\/i0.wp.com\/www.ogrodolszanica.pl\/wp-content\/uploads\/2022\/08\/veronica-first-glory_71564_1.jpg?fit=460%2C650&ssl=1\",\"contentUrl\":\"https:\/\/i0.wp.com\/www.ogrodolszanica.pl\/wp-content\/uploads\/2022\/08\/veronica-first-glory_71564_1.jpg?fit=460%2C650&ssl=1\",\"width\":460,\"height\":650},{\"@type\":\"WebPage\",\"@id\":\"https:\/\/www.ogrodolszanica.pl\/index.php\/produkt\/przetacznik-dlugolistny-first-glory\/#webpage\",\"url\":\"https:\/\/www.ogrodolszanica.pl\/index.php\/produkt\/przetacznik-dlugolistny-first-glory\/\",\"name\":\"Przetacznik D\u0142ugolistny First Glory - Ogr&oacute;d Olszanica\",\"isPartOf\":{\"@id\":\"https:\/\/www.ogrodolszanica.pl\/#website\"},\"primaryImageOfPage\":{\"@id\":\"https:\/\/www.ogrodolszanica.pl\/index.php\/produkt\/przetacznik-dlugolistny-first-glory\/#primaryimage\"},\"datePublished\":\"2022-08-03T08:27:06+00:00\",\"dateModified\":\"2026-03-07T20:03:45+00:00\",\"breadcrumb\":{\"@id\":\"https:\/\/www.ogrodolszanica.pl\/index.php\/produkt\/przetacznik-dlugolistny-first-glory\/#breadcrumb\"},\"inLanguage\":\"pl-PL\",\"potentialAction\":[{\"@type\":\"ReadAction\",\"target\":[\"https:\/\/www.ogrodolszanica.pl\/index.php\/produkt\/przetacznik-dlugolistny-first-glory\/\"]}]},{\"@type\":\"BreadcrumbList\",\"@id\":\"https:\/\/www.ogrodolszanica.pl\/index.php\/produkt\/przetacznik-dlugolistny-first-glory\/#breadcrumb\",\"itemListElement\":[{\"@type\":\"ListItem\",\"position\":1,\"name\":\"Strona g\u0142\u00f3wna\",\"item\":\"https:\/\/www.ogrodolszanica.pl\/\"},{\"@type\":\"ListItem\",\"position\":2,\"name\":\"Produkty\",\"item\":\"https:\/\/www.ogrodolszanica.pl\/index.php\/shop\/\"},{\"@type\":\"ListItem\",\"position\":3,\"name\":\"Przetacznik D\u0142ugolistny First Glory\"}]}]}<\/script>\n<!-- \/ Yoast SEO plugin. -->","yoast_head_json":{"title":"Przetacznik D\u0142ugolistny First Glory - Ogr&oacute;d Olszanica","robots":{"index":"index","follow":"follow","max-snippet":"max-snippet:-1","max-image-preview":"max-image-preview:large","max-video-preview":"max-video-preview:-1"},"canonical":"https:\/\/www.ogrodolszanica.pl\/index.php\/produkt\/przetacznik-dlugolistny-first-glory\/","og_locale":"pl_PL","og_type":"article","og_title":"Przetacznik D\u0142ugolistny First Glory - Ogr&oacute;d Olszanica","og_description":"Przetacznik D\u0142ugolistny First Glory Przetacznik 'First Glory&#8221; jest bylin\u0105, kt\u00f3r\u0105 latem zdobi\u0105 kolby\u00a0intensywnie niebieskich kwiat\u00f3w. S\u0105 kontrastem dla ciemno\u00a0zielonych li\u015bci. Ro\u015blina \u0142atwa w uprawie, wieloletnia i d\u0142ugo\u00a0kwitn\u0105ca. Przywabia motyle. Obsadzamy ni\u0105 rabaty,\u00a0ogr\u00f3dki\u00a0skalne lub donice. Kwiaty mo\u017cemy\u00a0\u015bcina\u0107 do wazon\u00f3w. Rodzaj: Przetacznik Barwa: Ciemnoniebieski szeroko\u015b\u0107: 40 cm wysoko\u015b\u0107: 30\u00a0cm wysoko\u015b\u0107 (kwitnienie): 40\u00a0cm kwitnienie: czerwiec \u00f7 sierpie\u0144 stanowisko:\u00a0s\u0142oneczne &hellip; Przetacznik D\u0142ugolistny First Glory Read More &raquo;","og_url":"https:\/\/www.ogrodolszanica.pl\/index.php\/produkt\/przetacznik-dlugolistny-first-glory\/","og_site_name":"Ogr&oacute;d Olszanica","article_publisher":"https:\/\/www.facebook.com\/Ogrd-Olszanica-100807179225223","article_modified_time":"2026-03-07T20:03:45+00:00","og_image":[{"width":460,"height":650,"url":"https:\/\/www.ogrodolszanica.pl\/wp-content\/uploads\/2022\/08\/veronica-first-glory_71564_1.jpg","type":"image\/jpeg"}],"author":"admin","twitter_card":"summary_large_image","twitter_misc":{"Szacowany czas czytania":"1 minuta"},"schema":{"@context":"https:\/\/schema.org","@graph":[{"@type":"Organization","@id":"https:\/\/www.ogrodolszanica.pl\/#organization","name":"Ogr\u00f3d Olszanica - Krakowskie Centrum Ogrodnicze","url":"https:\/\/www.ogrodolszanica.pl\/","sameAs":["https:\/\/www.facebook.com\/Ogrd-Olszanica-100807179225223"],"logo":{"@type":"ImageObject","inLanguage":"pl-PL","@id":"https:\/\/www.ogrodolszanica.pl\/#\/schema\/logo\/image\/","url":"http:\/\/www.ogrodolszanica.pl\/wp-content\/uploads\/2022\/06\/Ogrod-Olszanica1-1.png","contentUrl":"http:\/\/www.ogrodolszanica.pl\/wp-content\/uploads\/2022\/06\/Ogrod-Olszanica1-1.png","width":180,"height":60,"caption":"Ogr\u00f3d Olszanica - Krakowskie Centrum Ogrodnicze"},"image":{"@id":"https:\/\/www.ogrodolszanica.pl\/#\/schema\/logo\/image\/"}},{"@type":"WebSite","@id":"https:\/\/www.ogrodolszanica.pl\/#website","url":"https:\/\/www.ogrodolszanica.pl\/","name":"Ogr&oacute;d Olszanica","description":"Centrum Ogrodnicze Krak&oacute;w","publisher":{"@id":"https:\/\/www.ogrodolszanica.pl\/#organization"},"potentialAction":[{"@type":"SearchAction","target":{"@type":"EntryPoint","urlTemplate":"https:\/\/www.ogrodolszanica.pl\/?s={search_term_string}"},"query-input":"required name=search_term_string"}],"inLanguage":"pl-PL"},{"@type":"ImageObject","inLanguage":"pl-PL","@id":"https:\/\/www.ogrodolszanica.pl\/index.php\/produkt\/przetacznik-dlugolistny-first-glory\/#primaryimage","url":"https:\/\/i0.wp.com\/www.ogrodolszanica.pl\/wp-content\/uploads\/2022\/08\/veronica-first-glory_71564_1.jpg?fit=460%2C650&ssl=1","contentUrl":"https:\/\/i0.wp.com\/www.ogrodolszanica.pl\/wp-content\/uploads\/2022\/08\/veronica-first-glory_71564_1.jpg?fit=460%2C650&ssl=1","width":460,"height":650},{"@type":"WebPage","@id":"https:\/\/www.ogrodolszanica.pl\/index.php\/produkt\/przetacznik-dlugolistny-first-glory\/#webpage","url":"https:\/\/www.ogrodolszanica.pl\/index.php\/produkt\/przetacznik-dlugolistny-first-glory\/","name":"Przetacznik D\u0142ugolistny First Glory - Ogr&oacute;d Olszanica","isPartOf":{"@id":"https:\/\/www.ogrodolszanica.pl\/#website"},"primaryImageOfPage":{"@id":"https:\/\/www.ogrodolszanica.pl\/index.php\/produkt\/przetacznik-dlugolistny-first-glory\/#primaryimage"},"datePublished":"2022-08-03T08:27:06+00:00","dateModified":"2026-03-07T20:03:45+00:00","breadcrumb":{"@id":"https:\/\/www.ogrodolszanica.pl\/index.php\/produkt\/przetacznik-dlugolistny-first-glory\/#breadcrumb"},"inLanguage":"pl-PL","potentialAction":[{"@type":"ReadAction","target":["https:\/\/www.ogrodolszanica.pl\/index.php\/produkt\/przetacznik-dlugolistny-first-glory\/"]}]},{"@type":"BreadcrumbList","@id":"https:\/\/www.ogrodolszanica.pl\/index.php\/produkt\/przetacznik-dlugolistny-first-glory\/#breadcrumb","itemListElement":[{"@type":"ListItem","position":1,"name":"Strona g\u0142\u00f3wna","item":"https:\/\/www.ogrodolszanica.pl\/"},{"@type":"ListItem","position":2,"name":"Produkty","item":"https:\/\/www.ogrodolszanica.pl\/index.php\/shop\/"},{"@type":"ListItem","position":3,"name":"Przetacznik D\u0142ugolistny First Glory"}]}]}},"jetpack-related-posts":[{"id":1897,"url":"https:\/\/www.ogrodolszanica.pl\/index.php\/produkt\/przetacznik-dlugolistny-first-love\/","url_meta":{"origin":1893,"position":0},"title":"Przetacznik D\u0142ugolistny First Love","date":"3 sierpnia, 2022","format":false,"excerpt":"Przetacznik D\u0142ugolistny First Love Przetacznik First Love jest bylin\u0105, kt\u00f3r\u0105 latem zdobi\u0105 kolby intensywnie r\u00f3\u017cowych kwiat\u00f3w. S\u0105 kontrastem dla ciemno zielonych d\u0142ugich li\u015bci. Ro\u015blina \u0142atwa w uprawie, wieloletnia i d\u0142ugo kwitn\u0105ca. Wabi motyle. Obsadzamy ni\u0105 rabaty, ogr\u00f3dki skalne lub donice. Kwiaty \u015bcinamy do wazon\u00f3w, czym pobudzamy ro\u015blin\u0119 do kwitnienia. Rodzaj:\u2026","rel":"","context":"Similar post","img":{"alt_text":"","src":"https:\/\/i0.wp.com\/www.ogrodolszanica.pl\/wp-content\/uploads\/2022\/08\/veronica-first-love_71563_1.jpg?fit=650%2C650&ssl=1&resize=350%2C200","width":350,"height":200},"classes":[]},{"id":3250,"url":"https:\/\/www.ogrodolszanica.pl\/index.php\/produkt\/przetacznik-first-lady-veronica-longifolia-biale-kwity\/","url_meta":{"origin":1893,"position":1},"title":"Przetacznik First Lady Veronica longifolia bia\u0142e kwity","date":"23 lutego, 2026","format":false,"excerpt":"Przetacznik First Lady Veronica longifolia Przetacznik First Lady Veronica to wyj\u0105tkowa ro\u015blina o zwartym pokroju i mocnych \u0142odygach, kt\u00f3re utrzymuj\u0105 \u015bnie\u017cnobia\u0142e, dekoracyjne kolce kwiat\u00f3w. Dorasta do oko\u0142o 50 cm wysoko\u015bci i osi\u0105ga \u015brednic\u0119 oko\u0142o 40 cm. Jej b\u0142yszcz\u0105ce, ciemnozielone li\u015bcie o kszta\u0142cie lancetowatym stanowi\u0105 pi\u0119kny kontrast dla jasnych kwiat\u00f3w. Kwiaty,\u2026","rel":"","context":"Similar post","img":{"alt_text":"","src":"https:\/\/i0.wp.com\/www.ogrodolszanica.pl\/wp-content\/uploads\/2026\/02\/Przetacznik-First-Lady-Veronica-longifolia-v5-scaled.jpg?fit=904%2C1200&ssl=1&resize=350%2C200","width":350,"height":200},"classes":[]},{"id":3499,"url":"https:\/\/www.ogrodolszanica.pl\/index.php\/produkt\/przetacznik-klosowy-ulster-dwarf-blue\/","url_meta":{"origin":1893,"position":2},"title":"Przetacznik k\u0142osowy Ulster Dwarf Blue","date":"27 lutego, 2026","format":false,"excerpt":"Przetacznik k\u0142osowy Ulster Dwarf Blue Veronica spicata Niewysoka bylina wytwarzaj\u0105ca wyprostowane p\u0119dy z du\u017cymi, lancetowatymi li\u015b\u0107mi. W okresie od maja do sierpnia na szczytach p\u0119d\u00f3w wyrastaj\u0105 k\u0142osy intensywnie niebieskich kwiat\u00f3w. Kwitnienie jest najbardziej obfite wiosn\u0105. Na p\u0119dach kwiatostanowych przeplata si\u0119 atramentowa barwa p\u0142atk\u00f3w kwiat\u00f3w ze srebrzystym kolorem p\u0105k\u00f3w. Ca\u0142o\u015b\u0107 pi\u0119knie\u2026","rel":"","context":"Similar post","img":{"alt_text":"","src":"https:\/\/i0.wp.com\/www.ogrodolszanica.pl\/wp-content\/uploads\/2026\/02\/Przetacznik-klosowy-Ulster-Dwarf-Blue-v2-scaled.jpg?fit=904%2C1200&ssl=1&resize=350%2C200","width":350,"height":200},"classes":[]},{"id":2673,"url":"https:\/\/www.ogrodolszanica.pl\/index.php\/produkt\/rozchodnik-matrona\/","url_meta":{"origin":1893,"position":3},"title":"Rozchodnik Matrona","date":"30 stycznia, 2024","format":false,"excerpt":"Rozchodnik Matrona \u00a0 Rodzaj: Rozchodnik Barwa: Ciemnor\u00f3\u017cowa szeroko\u015b\u0107: 40 cm wysoko\u015b\u0107: 40\u00a0cm wysoko\u015b\u0107 (kwitnienie): 50\u00a0cm kwitnienie:\u00a0lipiec \u00f7 wrzesie\u0144 stanowisko:\u00a0s\u0142oneczne Dobierz odpowiednie pod\u0142o\u017ce z wybranych produkt\u00f3w w naszym sklepie: Pod\u0142o\u017ca \u00a0 \u00a0","rel":"","context":"Similar post","img":{"alt_text":"","src":"https:\/\/i0.wp.com\/www.ogrodolszanica.pl\/wp-content\/uploads\/2024\/01\/byliny-i-trawy_sedum_79765_1.jpg?fit=650%2C433&ssl=1&resize=350%2C200","width":350,"height":200},"classes":[]},{"id":2401,"url":"https:\/\/www.ogrodolszanica.pl\/index.php\/produkt\/wrzos-bialy\/","url_meta":{"origin":1893,"position":4},"title":"Wrzos Bia\u0142y","date":"23 sierpnia, 2023","format":false,"excerpt":"Wrzos Bia\u0142y Rodzaj: Wrzos Barwa: Bia\u0142a szeroko\u015b\u0107: ok 40 cm wysoko\u015b\u0107: ok 30\u00a0cm wysoko\u015b\u0107 (kwitnienie):\u00a0ok 40 cm kwitnienie: sierpie\u0144 \u00f7 pa\u017adziernik stanowisko: s\u0142oneczne Dobierz odpowiednie pod\u0142o\u017ce z wybranych produkt\u00f3w w naszym sklepie: Pod\u0142o\u017ca \u00a0 \u00a0","rel":"","context":"Similar post","img":{"alt_text":"","src":"https:\/\/i0.wp.com\/www.ogrodolszanica.pl\/wp-content\/uploads\/2023\/08\/image1.jpegmaxwidth2559.7000554800034maxheight1291.jpg?fit=900%2C1200&ssl=1&resize=350%2C200","width":350,"height":200},"classes":[]},{"id":2405,"url":"https:\/\/www.ogrodolszanica.pl\/index.php\/produkt\/wrzos-jasnorozowy\/","url_meta":{"origin":1893,"position":5},"title":"Wrzos Jasnor\u00f3\u017cowy","date":"23 sierpnia, 2023","format":false,"excerpt":"Wrzos Jasnor\u00f3\u017cowy Rodzaj: Wrzos Barwa: Jasnor\u00f3\u017cowa szeroko\u015b\u0107: ok 40 cm wysoko\u015b\u0107: ok 30\u00a0cm wysoko\u015b\u0107 (kwitnienie):\u00a0ok 40 cm kwitnienie: sierpie\u0144 \u00f7 pa\u017adziernik stanowisko: s\u0142oneczne Dobierz odpowiednie pod\u0142o\u017ce z wybranych produkt\u00f3w w naszym sklepie: Pod\u0142o\u017ca \u00a0 \u00a0","rel":"","context":"Similar post","img":{"alt_text":"","src":"https:\/\/i0.wp.com\/www.ogrodolszanica.pl\/wp-content\/uploads\/2023\/08\/image2.jpegmaxwidth2559.7000554800034maxheight1291.jpg?fit=900%2C1200&ssl=1&resize=350%2C200","width":350,"height":200},"classes":[]}],"_links":{"self":[{"href":"https:\/\/www.ogrodolszanica.pl\/index.php\/wp-json\/wp\/v2\/product\/1893","targetHints":{"allow":["GET"]}}],"collection":[{"href":"https:\/\/www.ogrodolszanica.pl\/index.php\/wp-json\/wp\/v2\/product"}],"about":[{"href":"https:\/\/www.ogrodolszanica.pl\/index.php\/wp-json\/wp\/v2\/types\/product"}],"replies":[{"embeddable":true,"href":"https:\/\/www.ogrodolszanica.pl\/index.php\/wp-json\/wp\/v2\/comments?post=1893"}],"wp:featuredmedia":[{"embeddable":true,"href":"https:\/\/www.ogrodolszanica.pl\/index.php\/wp-json\/wp\/v2\/media\/1894"}],"wp:attachment":[{"href":"https:\/\/www.ogrodolszanica.pl\/index.php\/wp-json\/wp\/v2\/media?parent=1893"}],"wp:term":[{"taxonomy":"product_cat","embeddable":true,"href":"https:\/\/www.ogrodolszanica.pl\/index.php\/wp-json\/wp\/v2\/product_cat?post=1893"},{"taxonomy":"product_tag","embeddable":true,"href":"https:\/\/www.ogrodolszanica.pl\/index.php\/wp-json\/wp\/v2\/product_tag?post=1893"}],"curies":[{"name":"wp","href":"https:\/\/api.w.org\/{rel}","templated":true}]}}