{"id":1866,"date":"2022-07-23T14:55:25","date_gmt":"2022-07-23T14:55:25","guid":{"rendered":"https:\/\/www.ogrodolszanica.pl\/?post_type=product&#038;p=1866"},"modified":"2026-03-03T17:45:07","modified_gmt":"2026-03-03T17:45:07","slug":"tawula-goldmund","status":"publish","type":"product","link":"https:\/\/www.ogrodolszanica.pl\/index.php\/produkt\/tawula-goldmund\/","title":{"rendered":"Tawu\u0142a Goldmund"},"content":{"rendered":"<h2 style=\"text-align: center;\">Tawu\u0142a Goldmund<\/h2>\n<p>Odmiana tawu\u0142y osi\u0105gaj\u0105ca oko\u0142o 60cm wysoko\u015bci. Pokr\u00f3j kulisty, g\u0119sty i zwarty. Charakterystyk\u0105 tej odmiany s\u0105 pi\u0119kne pojawiaj\u0105ce si\u0119 wiosn\u0105 li\u015bcie o kolorze jasno \u017c\u00f3\u0142tym. P\u00f3\u017aniej przebarwiaj\u0105cych si\u0119 na zielony. W maju pojawiaj\u0105 si\u0119 kwiaty purpuro r\u00f3\u017cowe zebrane w baldachimy. Ro\u015blina o ma\u0142ych wymaganiach glebowych najlepiej ro\u015bnie w pe\u0142nym s\u0142o\u0144cu. \u015awietnie radzi sobie zim\u0105 ma szybk\u0105 zdolno\u015b\u0107 regeneracji. \u015awietnie sprawdza si\u0119 na ma\u0142ych skalniakach, w zieleni miejskiej, parkach, czy ma\u0142ych szpalerach.<\/p>\n<ul>\n<li>Rodzaj: Tawu\u0142a<\/li>\n<li>Barwa: Jasno\u017c\u00f3\u0142ty<\/li>\n<li>\n<div>szeroko\u015b\u0107: <strong>30 cm<\/strong><\/div>\n<\/li>\n<li>\n<div><b><\/b>wysoko\u015b\u0107: <strong>25<\/strong><b>\u00a0cm<\/b><\/div>\n<\/li>\n<li>\n<div><b><\/b>wysoko\u015b\u0107 (kwitnienie): <strong>60<\/strong><b>\u00a0cm<\/b><\/div>\n<\/li>\n<li>\n<div><b><\/b>kwitnienie: <b>lipiec \u00f7 pa\u017adziernik<\/b><\/div>\n<\/li>\n<li>\n<div><b><\/b>stanowisko:\u00a0<b>s\u0142oneczne<\/b><\/div>\n<\/li>\n<\/ul>\n<p>Dobierz odpowiednie pod\u0142o\u017ce z wybranych produkt\u00f3w w naszym sklepie: <a href=\"https:\/\/www.ogrodolszanica.pl\/index.php\/kategoria-produktu\/zin\/\">Pod\u0142o\u017ca<\/a><\/p>\n<p>&nbsp;<\/p>\n<p>&nbsp;<\/p>\n","protected":false},"excerpt":{"rendered":"<p>Tawu\u0142a Goldmund Odmiana tawu\u0142y osi\u0105gaj\u0105ca oko\u0142o 60cm wysoko\u015bci. Pokr\u00f3j kulisty, g\u0119sty i zwarty. Charakterystyk\u0105 tej odmiany s\u0105 pi\u0119kne pojawiaj\u0105ce si\u0119 wiosn\u0105 li\u015bcie o kolorze jasno \u017c\u00f3\u0142tym. P\u00f3\u017aniej przebarwiaj\u0105cych si\u0119 na zielony. W maju pojawiaj\u0105 si\u0119 kwiaty purpuro r\u00f3\u017cowe zebrane w baldachimy. Ro\u015blina o ma\u0142ych wymaganiach glebowych najlepiej ro\u015bnie w pe\u0142nym s\u0142o\u0144cu. \u015awietnie radzi sobie zim\u0105 &hellip;<\/p>\n<p class=\"read-more\"> <a class=\"\" href=\"https:\/\/www.ogrodolszanica.pl\/index.php\/produkt\/tawula-goldmund\/\"> <span class=\"screen-reader-text\">Tawu\u0142a Goldmund<\/span> Read More &raquo;<\/a><\/p>\n","protected":false},"featured_media":1867,"comment_status":"open","ping_status":"closed","template":"","meta":{"site-sidebar-layout":"default","site-content-layout":"default","ast-global-header-display":"","ast-main-header-display":"","ast-hfb-above-header-display":"","ast-hfb-below-header-display":"","ast-hfb-mobile-header-display":"","site-post-title":"","ast-breadcrumbs-content":"","ast-featured-img":"","footer-sml-layout":"","theme-transparent-header-meta":"default","adv-header-id-meta":"","stick-header-meta":"","header-above-stick-meta":"","header-main-stick-meta":"","header-below-stick-meta":"","spay_email":""},"product_cat":[39,20],"product_tag":[],"class_list":["post-1866","product","type-product","status-publish","has-post-thumbnail","hentry","product_cat-krzewy","product_cat-rosliny"],"yoast_head":"<!-- This site is optimized with the Yoast SEO plugin v19.2 - https:\/\/yoast.com\/wordpress\/plugins\/seo\/ -->\n<title>Tawu\u0142a Goldmund - Ogr&oacute;d Olszanica<\/title>\n<meta name=\"robots\" content=\"index, follow, max-snippet:-1, max-image-preview:large, max-video-preview:-1\" \/>\n<link rel=\"canonical\" href=\"https:\/\/www.ogrodolszanica.pl\/index.php\/produkt\/tawula-goldmund\/\" \/>\n<meta property=\"og:locale\" content=\"pl_PL\" \/>\n<meta property=\"og:type\" content=\"article\" \/>\n<meta property=\"og:title\" content=\"Tawu\u0142a Goldmund - Ogr&oacute;d Olszanica\" \/>\n<meta property=\"og:description\" content=\"Tawu\u0142a Goldmund Odmiana tawu\u0142y osi\u0105gaj\u0105ca oko\u0142o 60cm wysoko\u015bci. Pokr\u00f3j kulisty, g\u0119sty i zwarty. Charakterystyk\u0105 tej odmiany s\u0105 pi\u0119kne pojawiaj\u0105ce si\u0119 wiosn\u0105 li\u015bcie o kolorze jasno \u017c\u00f3\u0142tym. P\u00f3\u017aniej przebarwiaj\u0105cych si\u0119 na zielony. W maju pojawiaj\u0105 si\u0119 kwiaty purpuro r\u00f3\u017cowe zebrane w baldachimy. Ro\u015blina o ma\u0142ych wymaganiach glebowych najlepiej ro\u015bnie w pe\u0142nym s\u0142o\u0144cu. \u015awietnie radzi sobie zim\u0105 &hellip; Tawu\u0142a Goldmund Read More &raquo;\" \/>\n<meta property=\"og:url\" content=\"https:\/\/www.ogrodolszanica.pl\/index.php\/produkt\/tawula-goldmund\/\" \/>\n<meta property=\"og:site_name\" content=\"Ogr&oacute;d Olszanica\" \/>\n<meta property=\"article:publisher\" content=\"https:\/\/www.facebook.com\/Ogrd-Olszanica-100807179225223\" \/>\n<meta property=\"article:modified_time\" content=\"2026-03-03T17:45:07+00:00\" \/>\n<meta property=\"og:image\" content=\"https:\/\/www.ogrodolszanica.pl\/wp-content\/uploads\/2022\/07\/293628730_729046954851556_5897396306272852386_n.jpg\" \/>\n\t<meta property=\"og:image:width\" content=\"1500\" \/>\n\t<meta property=\"og:image:height\" content=\"2000\" \/>\n\t<meta property=\"og:image:type\" content=\"image\/jpeg\" \/>\n<meta name=\"author\" content=\"admin\" \/>\n<meta name=\"twitter:card\" content=\"summary_large_image\" \/>\n<meta name=\"twitter:label1\" content=\"Szacowany czas czytania\" \/>\n\t<meta name=\"twitter:data1\" content=\"1 minuta\" \/>\n<script type=\"application\/ld+json\" class=\"yoast-schema-graph\">{\"@context\":\"https:\/\/schema.org\",\"@graph\":[{\"@type\":\"Organization\",\"@id\":\"https:\/\/www.ogrodolszanica.pl\/#organization\",\"name\":\"Ogr\u00f3d Olszanica - Krakowskie Centrum Ogrodnicze\",\"url\":\"https:\/\/www.ogrodolszanica.pl\/\",\"sameAs\":[\"https:\/\/www.facebook.com\/Ogrd-Olszanica-100807179225223\"],\"logo\":{\"@type\":\"ImageObject\",\"inLanguage\":\"pl-PL\",\"@id\":\"https:\/\/www.ogrodolszanica.pl\/#\/schema\/logo\/image\/\",\"url\":\"http:\/\/www.ogrodolszanica.pl\/wp-content\/uploads\/2022\/06\/Ogrod-Olszanica1-1.png\",\"contentUrl\":\"http:\/\/www.ogrodolszanica.pl\/wp-content\/uploads\/2022\/06\/Ogrod-Olszanica1-1.png\",\"width\":180,\"height\":60,\"caption\":\"Ogr\u00f3d Olszanica - Krakowskie Centrum Ogrodnicze\"},\"image\":{\"@id\":\"https:\/\/www.ogrodolszanica.pl\/#\/schema\/logo\/image\/\"}},{\"@type\":\"WebSite\",\"@id\":\"https:\/\/www.ogrodolszanica.pl\/#website\",\"url\":\"https:\/\/www.ogrodolszanica.pl\/\",\"name\":\"Ogr&oacute;d Olszanica\",\"description\":\"Centrum Ogrodnicze Krak&oacute;w\",\"publisher\":{\"@id\":\"https:\/\/www.ogrodolszanica.pl\/#organization\"},\"potentialAction\":[{\"@type\":\"SearchAction\",\"target\":{\"@type\":\"EntryPoint\",\"urlTemplate\":\"https:\/\/www.ogrodolszanica.pl\/?s={search_term_string}\"},\"query-input\":\"required name=search_term_string\"}],\"inLanguage\":\"pl-PL\"},{\"@type\":\"ImageObject\",\"inLanguage\":\"pl-PL\",\"@id\":\"https:\/\/www.ogrodolszanica.pl\/index.php\/produkt\/tawula-goldmund\/#primaryimage\",\"url\":\"https:\/\/i0.wp.com\/www.ogrodolszanica.pl\/wp-content\/uploads\/2022\/07\/293628730_729046954851556_5897396306272852386_n.jpg?fit=1500%2C2000&ssl=1\",\"contentUrl\":\"https:\/\/i0.wp.com\/www.ogrodolszanica.pl\/wp-content\/uploads\/2022\/07\/293628730_729046954851556_5897396306272852386_n.jpg?fit=1500%2C2000&ssl=1\",\"width\":1500,\"height\":2000},{\"@type\":\"WebPage\",\"@id\":\"https:\/\/www.ogrodolszanica.pl\/index.php\/produkt\/tawula-goldmund\/#webpage\",\"url\":\"https:\/\/www.ogrodolszanica.pl\/index.php\/produkt\/tawula-goldmund\/\",\"name\":\"Tawu\u0142a Goldmund - Ogr&oacute;d Olszanica\",\"isPartOf\":{\"@id\":\"https:\/\/www.ogrodolszanica.pl\/#website\"},\"primaryImageOfPage\":{\"@id\":\"https:\/\/www.ogrodolszanica.pl\/index.php\/produkt\/tawula-goldmund\/#primaryimage\"},\"datePublished\":\"2022-07-23T14:55:25+00:00\",\"dateModified\":\"2026-03-03T17:45:07+00:00\",\"breadcrumb\":{\"@id\":\"https:\/\/www.ogrodolszanica.pl\/index.php\/produkt\/tawula-goldmund\/#breadcrumb\"},\"inLanguage\":\"pl-PL\",\"potentialAction\":[{\"@type\":\"ReadAction\",\"target\":[\"https:\/\/www.ogrodolszanica.pl\/index.php\/produkt\/tawula-goldmund\/\"]}]},{\"@type\":\"BreadcrumbList\",\"@id\":\"https:\/\/www.ogrodolszanica.pl\/index.php\/produkt\/tawula-goldmund\/#breadcrumb\",\"itemListElement\":[{\"@type\":\"ListItem\",\"position\":1,\"name\":\"Strona g\u0142\u00f3wna\",\"item\":\"https:\/\/www.ogrodolszanica.pl\/\"},{\"@type\":\"ListItem\",\"position\":2,\"name\":\"Produkty\",\"item\":\"https:\/\/www.ogrodolszanica.pl\/index.php\/shop\/\"},{\"@type\":\"ListItem\",\"position\":3,\"name\":\"Tawu\u0142a Goldmund\"}]}]}<\/script>\n<!-- \/ Yoast SEO plugin. -->","yoast_head_json":{"title":"Tawu\u0142a Goldmund - Ogr&oacute;d Olszanica","robots":{"index":"index","follow":"follow","max-snippet":"max-snippet:-1","max-image-preview":"max-image-preview:large","max-video-preview":"max-video-preview:-1"},"canonical":"https:\/\/www.ogrodolszanica.pl\/index.php\/produkt\/tawula-goldmund\/","og_locale":"pl_PL","og_type":"article","og_title":"Tawu\u0142a Goldmund - Ogr&oacute;d Olszanica","og_description":"Tawu\u0142a Goldmund Odmiana tawu\u0142y osi\u0105gaj\u0105ca oko\u0142o 60cm wysoko\u015bci. Pokr\u00f3j kulisty, g\u0119sty i zwarty. Charakterystyk\u0105 tej odmiany s\u0105 pi\u0119kne pojawiaj\u0105ce si\u0119 wiosn\u0105 li\u015bcie o kolorze jasno \u017c\u00f3\u0142tym. P\u00f3\u017aniej przebarwiaj\u0105cych si\u0119 na zielony. W maju pojawiaj\u0105 si\u0119 kwiaty purpuro r\u00f3\u017cowe zebrane w baldachimy. Ro\u015blina o ma\u0142ych wymaganiach glebowych najlepiej ro\u015bnie w pe\u0142nym s\u0142o\u0144cu. \u015awietnie radzi sobie zim\u0105 &hellip; Tawu\u0142a Goldmund Read More &raquo;","og_url":"https:\/\/www.ogrodolszanica.pl\/index.php\/produkt\/tawula-goldmund\/","og_site_name":"Ogr&oacute;d Olszanica","article_publisher":"https:\/\/www.facebook.com\/Ogrd-Olszanica-100807179225223","article_modified_time":"2026-03-03T17:45:07+00:00","og_image":[{"width":1500,"height":2000,"url":"https:\/\/www.ogrodolszanica.pl\/wp-content\/uploads\/2022\/07\/293628730_729046954851556_5897396306272852386_n.jpg","type":"image\/jpeg"}],"author":"admin","twitter_card":"summary_large_image","twitter_misc":{"Szacowany czas czytania":"1 minuta"},"schema":{"@context":"https:\/\/schema.org","@graph":[{"@type":"Organization","@id":"https:\/\/www.ogrodolszanica.pl\/#organization","name":"Ogr\u00f3d Olszanica - Krakowskie Centrum Ogrodnicze","url":"https:\/\/www.ogrodolszanica.pl\/","sameAs":["https:\/\/www.facebook.com\/Ogrd-Olszanica-100807179225223"],"logo":{"@type":"ImageObject","inLanguage":"pl-PL","@id":"https:\/\/www.ogrodolszanica.pl\/#\/schema\/logo\/image\/","url":"http:\/\/www.ogrodolszanica.pl\/wp-content\/uploads\/2022\/06\/Ogrod-Olszanica1-1.png","contentUrl":"http:\/\/www.ogrodolszanica.pl\/wp-content\/uploads\/2022\/06\/Ogrod-Olszanica1-1.png","width":180,"height":60,"caption":"Ogr\u00f3d Olszanica - Krakowskie Centrum Ogrodnicze"},"image":{"@id":"https:\/\/www.ogrodolszanica.pl\/#\/schema\/logo\/image\/"}},{"@type":"WebSite","@id":"https:\/\/www.ogrodolszanica.pl\/#website","url":"https:\/\/www.ogrodolszanica.pl\/","name":"Ogr&oacute;d Olszanica","description":"Centrum Ogrodnicze Krak&oacute;w","publisher":{"@id":"https:\/\/www.ogrodolszanica.pl\/#organization"},"potentialAction":[{"@type":"SearchAction","target":{"@type":"EntryPoint","urlTemplate":"https:\/\/www.ogrodolszanica.pl\/?s={search_term_string}"},"query-input":"required name=search_term_string"}],"inLanguage":"pl-PL"},{"@type":"ImageObject","inLanguage":"pl-PL","@id":"https:\/\/www.ogrodolszanica.pl\/index.php\/produkt\/tawula-goldmund\/#primaryimage","url":"https:\/\/i0.wp.com\/www.ogrodolszanica.pl\/wp-content\/uploads\/2022\/07\/293628730_729046954851556_5897396306272852386_n.jpg?fit=1500%2C2000&ssl=1","contentUrl":"https:\/\/i0.wp.com\/www.ogrodolszanica.pl\/wp-content\/uploads\/2022\/07\/293628730_729046954851556_5897396306272852386_n.jpg?fit=1500%2C2000&ssl=1","width":1500,"height":2000},{"@type":"WebPage","@id":"https:\/\/www.ogrodolszanica.pl\/index.php\/produkt\/tawula-goldmund\/#webpage","url":"https:\/\/www.ogrodolszanica.pl\/index.php\/produkt\/tawula-goldmund\/","name":"Tawu\u0142a Goldmund - Ogr&oacute;d Olszanica","isPartOf":{"@id":"https:\/\/www.ogrodolszanica.pl\/#website"},"primaryImageOfPage":{"@id":"https:\/\/www.ogrodolszanica.pl\/index.php\/produkt\/tawula-goldmund\/#primaryimage"},"datePublished":"2022-07-23T14:55:25+00:00","dateModified":"2026-03-03T17:45:07+00:00","breadcrumb":{"@id":"https:\/\/www.ogrodolszanica.pl\/index.php\/produkt\/tawula-goldmund\/#breadcrumb"},"inLanguage":"pl-PL","potentialAction":[{"@type":"ReadAction","target":["https:\/\/www.ogrodolszanica.pl\/index.php\/produkt\/tawula-goldmund\/"]}]},{"@type":"BreadcrumbList","@id":"https:\/\/www.ogrodolszanica.pl\/index.php\/produkt\/tawula-goldmund\/#breadcrumb","itemListElement":[{"@type":"ListItem","position":1,"name":"Strona g\u0142\u00f3wna","item":"https:\/\/www.ogrodolszanica.pl\/"},{"@type":"ListItem","position":2,"name":"Produkty","item":"https:\/\/www.ogrodolszanica.pl\/index.php\/shop\/"},{"@type":"ListItem","position":3,"name":"Tawu\u0142a Goldmund"}]}]}},"jetpack-related-posts":[{"id":1860,"url":"https:\/\/www.ogrodolszanica.pl\/index.php\/produkt\/forsycja-maluch\/","url_meta":{"origin":1866,"position":0},"title":"Forsycja Maluch","date":"23 lipca, 2022","format":false,"excerpt":"Forsycja Maluch Wolnorosn\u0105ca odmiana forsycji wyr\u00f3\u017cniaj\u0105ca si\u0119 regularnym, zaokr\u0105glonym pokrojem, du\u017c\u0105 mrozoodporno\u015bci\u0105 p\u0105k\u00f3w kwiatowych i obfitym kwitnieniem wczesn\u0105 wiosn\u0105. Kwiaty jasno\u017c\u00f3\u0142te, niedu\u017ce, do 2 cm d\u0142ugo\u015bci, g\u0119sto osadzone wzd\u0142u\u017c ca\u0142ych ga\u0142\u0105zek, ukazuj\u0105 si\u0119 na prze\u0142omie marca i kwietnia. Idealna dla ma\u0142ych ogrod\u00f3w, \u0142adny akcent wiosn\u0105, mo\u017cna j\u0105 sadzi\u0107 pojedynczo, w\u2026","rel":"","context":"Similar post","img":{"alt_text":"","src":"https:\/\/i0.wp.com\/www.ogrodolszanica.pl\/wp-content\/uploads\/2022\/07\/293439227_457635415873058_3865768687236356939_n.jpg?fit=900%2C1200&ssl=1&resize=350%2C200","width":350,"height":200},"classes":[]},{"id":2446,"url":"https:\/\/www.ogrodolszanica.pl\/index.php\/produkt\/trytoma-papaya-popsicle\/","url_meta":{"origin":1866,"position":1},"title":"Trytoma Papaya Popsicle","date":"26 sierpnia, 2023","format":false,"excerpt":"Trytoma Papaya Popsicle Zachwycaj\u0105ca odmiana o kwiatostanach w odcieniu ciep\u0142ej czerwieni, kt\u00f3re u podstawy s\u0105 jasnopomara\u0144czowe. Ro\u015blina kwitnie przez ca\u0142e lato. Charakteryzuje si\u0119 nisk\u0105, zbit\u0105 k\u0119p\u0105, a trawiaste ulistnienie, dodaj\u0105ce jej uroku, czyni t\u0119 odmian\u0119 wprost stworzon\u0105 do ma\u0142ych ogrod\u00f3w, oraz do kompozycji pojemnikowych. Rodzaj: Trytoma Barwa: Czerwono-\u017c\u00f3\u0142ta szeroko\u015b\u0107: 45\u2026","rel":"","context":"Similar post","img":{"alt_text":"","src":"https:\/\/i0.wp.com\/www.ogrodolszanica.pl\/wp-content\/uploads\/2023\/08\/kniphofia-papaya-popsicle_1.jpg?fit=433%2C650&ssl=1&resize=350%2C200","width":350,"height":200},"classes":[]},{"id":2449,"url":"https:\/\/www.ogrodolszanica.pl\/index.php\/produkt\/trytoma-poco-orange\/","url_meta":{"origin":1866,"position":2},"title":"Trytoma Poco Orange","date":"26 sierpnia, 2023","format":false,"excerpt":"Trytoma Poco Orange Odmiana wyhodowana tak, by uzyska\u0107 kr\u00f3tkie, trawiaste li\u015bcie\u00a0i zbit\u0105 k\u0119p\u0119, przez co nadaje si\u0119 idealnie do ma\u0142ych ogrod\u00f3w\u00a0oraz do zag\u0119szczania ogrodowych obw\u00f3dek. Rurkowate\u00a0kwiaty maj\u0105 kolor przypalanej pomara\u0144czy z czerwonymi\u00a0koniuszkami. Uwielbiana zar\u00f3wno przez pszczo\u0142y\u00a0jak i ptaki. Rodzaj: Trytoma Barwa: Pomara\u0144czowa szeroko\u015b\u0107: 40 cm wysoko\u015b\u0107: 30\u00a0cm wysoko\u015b\u0107 (kwitnienie): 50\u00a0cm\u2026","rel":"","context":"Similar post","img":{"alt_text":"","src":"https:\/\/i0.wp.com\/www.ogrodolszanica.pl\/wp-content\/uploads\/2023\/08\/kniphofia-poco-orange_4.jpg?fit=433%2C650&ssl=1&resize=350%2C200","width":350,"height":200},"classes":[]},{"id":1761,"url":"https:\/\/www.ogrodolszanica.pl\/index.php\/produkt\/sosna-gorska-pinus-mugo-varella\/","url_meta":{"origin":1866,"position":3},"title":"Sosna G\u00f3rska Pinus Mugo","date":"18 lipca, 2022","format":false,"excerpt":"Sosna G\u00f3rska Pinus Mugo Sosna kosodrzewina Varella to krzew o zwartym, kulistym pokroju. Po 10 latach wzrostu osi\u0105ga do 70 centymetr\u00f3w wysoko\u015bci i szeroko\u015bci. Ma d\u0142ugie, poskr\u0119cane, ciemnozielone ig\u0142y, o bardzo dekoracyjnym wygl\u0105dzie. Ciekawy efekt pojawia si\u0119 w okresie wiosenny, kiedy opr\u00f3cz starych p\u0119d\u00f3w, pojawiaj\u0105 si\u0119 r\u00f3wnie\u017c m\u0142ode przyrosty, o\u2026","rel":"","context":"Similar post","img":{"alt_text":"","src":"https:\/\/i0.wp.com\/www.ogrodolszanica.pl\/wp-content\/uploads\/2022\/07\/291941858_571461964578847_8065757817479011782_n.jpg?fit=900%2C1200&ssl=1&resize=350%2C200","width":350,"height":200},"classes":[]},{"id":2721,"url":"https:\/\/www.ogrodolszanica.pl\/index.php\/produkt\/jezowka-echinacea-purpurea-aloha\/","url_meta":{"origin":1866,"position":4},"title":"Je\u017c\u00f3wka Aloha","date":"31 stycznia, 2024","format":false,"excerpt":"Je\u017c\u00f3wka Aloha \u00a0 \u0141agodna odmiana o szerokich, melonowo-\u017c\u00f3\u0142tych, prawie kremowych p\u0142atkach, kt\u00f3re otaczaj\u0105 ciemno-pomara\u0144czowy \u015brodek. Wyr\u00f3\u017cnia si\u0119 w\u015br\u00f3d innych je\u017c\u00f3wek wyj\u0105tkow\u0105 delikatno\u015bci\u0105 barwy. To ro\u015blina pachn\u0105ca i elegancka, atrakcyjna dla motyli. \u015awietnie sprawdza si\u0119 jako kwiat ci\u0119ty, a dzi\u0119ki zwartej k\u0119pie jest doskona\u0142a na obw\u00f3dki i mieszane rabaty. Rodzaj: Je\u017c\u00f3wka\u2026","rel":"","context":"Similar post","img":{"alt_text":"","src":"https:\/\/i0.wp.com\/www.ogrodolszanica.pl\/wp-content\/uploads\/2024\/01\/echinacea-aloha_79233_2.jpg?fit=650%2C467&ssl=1&resize=350%2C200","width":350,"height":200},"classes":[]},{"id":1741,"url":"https:\/\/www.ogrodolszanica.pl\/index.php\/produkt\/rozplenica-red-head\/","url_meta":{"origin":1866,"position":5},"title":"Rozplenica Red Head","date":"18 lipca, 2022","format":false,"excerpt":"Rozplenica Red Head Rozplenica kt\u00f3ra tworzy solidne k\u0119py. Mo\u017cna j\u0105 sadzi\u0107 zar\u00f3wno w ma\u0142ych jak i du\u017cych grupach. Wyschni\u0119te kwiatostany s\u0105 dekoracyjne do wiosny. Red Head tworzy kwiatostany o czerwonym zabarwieniu, kt\u00f3re pi\u0119knie kontrastuj\u0105 z ca\u0142o\u015bci\u0105 ro\u015bliny kt\u00f3ra podobna jest w budowie do odmiany Hameln. Rodzaj: Rozplenica Barwa: Zielono-czerwony szeroko\u015b\u0107:\u2026","rel":"","context":"Similar post","img":{"alt_text":"","src":"https:\/\/i0.wp.com\/www.ogrodolszanica.pl\/wp-content\/uploads\/2022\/07\/byliny-i-trawy_pennisetum_74142_1.jpg?fit=500%2C375&ssl=1&resize=350%2C200","width":350,"height":200},"classes":[]}],"_links":{"self":[{"href":"https:\/\/www.ogrodolszanica.pl\/index.php\/wp-json\/wp\/v2\/product\/1866","targetHints":{"allow":["GET"]}}],"collection":[{"href":"https:\/\/www.ogrodolszanica.pl\/index.php\/wp-json\/wp\/v2\/product"}],"about":[{"href":"https:\/\/www.ogrodolszanica.pl\/index.php\/wp-json\/wp\/v2\/types\/product"}],"replies":[{"embeddable":true,"href":"https:\/\/www.ogrodolszanica.pl\/index.php\/wp-json\/wp\/v2\/comments?post=1866"}],"wp:featuredmedia":[{"embeddable":true,"href":"https:\/\/www.ogrodolszanica.pl\/index.php\/wp-json\/wp\/v2\/media\/1867"}],"wp:attachment":[{"href":"https:\/\/www.ogrodolszanica.pl\/index.php\/wp-json\/wp\/v2\/media?parent=1866"}],"wp:term":[{"taxonomy":"product_cat","embeddable":true,"href":"https:\/\/www.ogrodolszanica.pl\/index.php\/wp-json\/wp\/v2\/product_cat?post=1866"},{"taxonomy":"product_tag","embeddable":true,"href":"https:\/\/www.ogrodolszanica.pl\/index.php\/wp-json\/wp\/v2\/product_tag?post=1866"}],"curies":[{"name":"wp","href":"https:\/\/api.w.org\/{rel}","templated":true}]}}