{"id":1854,"date":"2022-07-23T13:36:24","date_gmt":"2022-07-23T13:36:24","guid":{"rendered":"https:\/\/www.ogrodolszanica.pl\/?post_type=product&#038;p=1854"},"modified":"2026-03-07T20:04:32","modified_gmt":"2026-03-07T20:04:32","slug":"klosowiec-fenkulowy-little-adder","status":"publish","type":"product","link":"https:\/\/www.ogrodolszanica.pl\/index.php\/produkt\/klosowiec-fenkulowy-little-adder\/","title":{"rendered":"K\u0142osowiec Fenku\u0142owy Little Adder"},"content":{"rendered":"<h2 style=\"text-align: center;\">K\u0142osowiec Fenku\u0142owy Little Adder<\/h2>\n<p>Niezwykle atrakcyjna, nowa odmiana k\u0142osowca o d\u0142ugim i obfitym kwitnieniu oraz zwartym pokroju i niskim wzro\u015bcie. Charakteryzuje si\u0119 bardzo ciemnym zabarwieniem kwiatostan\u00f3w. Li\u015bcie s\u0105 jajowato-lancetowane i ostro zako\u0144czone. Kwiaty w p\u0105kach s\u0105 ciemnofioletowe niemal\u017ce czarne, a po rozbiciu prezentuj\u0105 delikatne, lawendowo zabarwione p\u0142atki. Kwiaty rozwijaj\u0105 si\u0119 stopniowo, dlatego na kwiatostanie wyst\u0119puj\u0105 r\u00f3wnocze\u015bnie dwa odcienie fioletu, co daje niesamowity efekt.<\/p>\n<ul>\n<li>Rodzaj: K\u0142osowiec<\/li>\n<li>Barwa: Lawendowy<\/li>\n<li>\n<div>szeroko\u015b\u0107: <strong>45 cm<\/strong><\/div>\n<\/li>\n<li>\n<div><b><\/b>wysoko\u015b\u0107: <strong>35<\/strong><b>\u00a0cm<\/b><\/div>\n<\/li>\n<li>\n<div><b><\/b>wysoko\u015b\u0107 (kwitnienie): <strong>45<\/strong><b>\u00a0cm<\/b><\/div>\n<\/li>\n<li>\n<div><b><\/b>kwitnienie: <b>maj \u00f7 pa\u017adziernik<\/b><\/div>\n<\/li>\n<li>\n<div><b><\/b>stanowisko:\u00a0<b>s\u0142oneczne<\/b><\/div>\n<\/li>\n<\/ul>\n<p>Dobierz odpowiednie pod\u0142o\u017ce z wybranych produkt\u00f3w w naszym sklepie: <a href=\"https:\/\/www.ogrodolszanica.pl\/index.php\/kategoria-produktu\/zin\/\">Pod\u0142o\u017ca<\/a><\/p>\n<p>&nbsp;<\/p>\n<p>&nbsp;<\/p>\n","protected":false},"excerpt":{"rendered":"<p>K\u0142osowiec Fenku\u0142owy Little Adder Niezwykle atrakcyjna, nowa odmiana k\u0142osowca o d\u0142ugim i obfitym kwitnieniu oraz zwartym pokroju i niskim wzro\u015bcie. Charakteryzuje si\u0119 bardzo ciemnym zabarwieniem kwiatostan\u00f3w. Li\u015bcie s\u0105 jajowato-lancetowane i ostro zako\u0144czone. Kwiaty w p\u0105kach s\u0105 ciemnofioletowe niemal\u017ce czarne, a po rozbiciu prezentuj\u0105 delikatne, lawendowo zabarwione p\u0142atki. Kwiaty rozwijaj\u0105 si\u0119 stopniowo, dlatego na kwiatostanie wyst\u0119puj\u0105 &hellip;<\/p>\n<p class=\"read-more\"> <a class=\"\" href=\"https:\/\/www.ogrodolszanica.pl\/index.php\/produkt\/klosowiec-fenkulowy-little-adder\/\"> <span class=\"screen-reader-text\">K\u0142osowiec Fenku\u0142owy Little Adder<\/span> Read More &raquo;<\/a><\/p>\n","protected":false},"featured_media":1855,"comment_status":"open","ping_status":"closed","template":"","meta":{"site-sidebar-layout":"default","site-content-layout":"default","ast-global-header-display":"","ast-main-header-display":"","ast-hfb-above-header-display":"","ast-hfb-below-header-display":"","ast-hfb-mobile-header-display":"","site-post-title":"","ast-breadcrumbs-content":"","ast-featured-img":"","footer-sml-layout":"","theme-transparent-header-meta":"default","adv-header-id-meta":"","stick-header-meta":"","header-above-stick-meta":"","header-main-stick-meta":"","header-below-stick-meta":"","spay_email":""},"product_cat":[29,76,20],"product_tag":[],"class_list":["post-1854","product","type-product","status-publish","has-post-thumbnail","hentry","product_cat-byliny","product_cat-klosowiec","product_cat-rosliny"],"yoast_head":"<!-- This site is optimized with the Yoast SEO plugin v19.2 - https:\/\/yoast.com\/wordpress\/plugins\/seo\/ -->\n<title>K\u0142osowiec Fenku\u0142owy Little Adder - Ogr&oacute;d Olszanica<\/title>\n<meta name=\"robots\" content=\"index, follow, max-snippet:-1, max-image-preview:large, max-video-preview:-1\" \/>\n<link rel=\"canonical\" href=\"https:\/\/www.ogrodolszanica.pl\/index.php\/produkt\/klosowiec-fenkulowy-little-adder\/\" \/>\n<meta property=\"og:locale\" content=\"pl_PL\" \/>\n<meta property=\"og:type\" content=\"article\" \/>\n<meta property=\"og:title\" content=\"K\u0142osowiec Fenku\u0142owy Little Adder - Ogr&oacute;d Olszanica\" \/>\n<meta property=\"og:description\" content=\"K\u0142osowiec Fenku\u0142owy Little Adder Niezwykle atrakcyjna, nowa odmiana k\u0142osowca o d\u0142ugim i obfitym kwitnieniu oraz zwartym pokroju i niskim wzro\u015bcie. Charakteryzuje si\u0119 bardzo ciemnym zabarwieniem kwiatostan\u00f3w. Li\u015bcie s\u0105 jajowato-lancetowane i ostro zako\u0144czone. Kwiaty w p\u0105kach s\u0105 ciemnofioletowe niemal\u017ce czarne, a po rozbiciu prezentuj\u0105 delikatne, lawendowo zabarwione p\u0142atki. Kwiaty rozwijaj\u0105 si\u0119 stopniowo, dlatego na kwiatostanie wyst\u0119puj\u0105 &hellip; K\u0142osowiec Fenku\u0142owy Little Adder Read More &raquo;\" \/>\n<meta property=\"og:url\" content=\"https:\/\/www.ogrodolszanica.pl\/index.php\/produkt\/klosowiec-fenkulowy-little-adder\/\" \/>\n<meta property=\"og:site_name\" content=\"Ogr&oacute;d Olszanica\" \/>\n<meta property=\"article:publisher\" content=\"https:\/\/www.facebook.com\/Ogrd-Olszanica-100807179225223\" \/>\n<meta property=\"article:modified_time\" content=\"2026-03-07T20:04:32+00:00\" \/>\n<meta property=\"og:image\" content=\"https:\/\/www.ogrodolszanica.pl\/wp-content\/uploads\/2022\/07\/293743127_422477083160770_4699049238673117942_n.jpg\" \/>\n\t<meta property=\"og:image:width\" content=\"1500\" \/>\n\t<meta property=\"og:image:height\" content=\"2000\" \/>\n\t<meta property=\"og:image:type\" content=\"image\/jpeg\" \/>\n<meta name=\"author\" content=\"admin\" \/>\n<meta name=\"twitter:card\" content=\"summary_large_image\" \/>\n<meta name=\"twitter:label1\" content=\"Szacowany czas czytania\" \/>\n\t<meta name=\"twitter:data1\" content=\"1 minuta\" \/>\n<script type=\"application\/ld+json\" class=\"yoast-schema-graph\">{\"@context\":\"https:\/\/schema.org\",\"@graph\":[{\"@type\":\"Organization\",\"@id\":\"https:\/\/www.ogrodolszanica.pl\/#organization\",\"name\":\"Ogr\u00f3d Olszanica - Krakowskie Centrum Ogrodnicze\",\"url\":\"https:\/\/www.ogrodolszanica.pl\/\",\"sameAs\":[\"https:\/\/www.facebook.com\/Ogrd-Olszanica-100807179225223\"],\"logo\":{\"@type\":\"ImageObject\",\"inLanguage\":\"pl-PL\",\"@id\":\"https:\/\/www.ogrodolszanica.pl\/#\/schema\/logo\/image\/\",\"url\":\"http:\/\/www.ogrodolszanica.pl\/wp-content\/uploads\/2022\/06\/Ogrod-Olszanica1-1.png\",\"contentUrl\":\"http:\/\/www.ogrodolszanica.pl\/wp-content\/uploads\/2022\/06\/Ogrod-Olszanica1-1.png\",\"width\":180,\"height\":60,\"caption\":\"Ogr\u00f3d Olszanica - Krakowskie Centrum Ogrodnicze\"},\"image\":{\"@id\":\"https:\/\/www.ogrodolszanica.pl\/#\/schema\/logo\/image\/\"}},{\"@type\":\"WebSite\",\"@id\":\"https:\/\/www.ogrodolszanica.pl\/#website\",\"url\":\"https:\/\/www.ogrodolszanica.pl\/\",\"name\":\"Ogr&oacute;d Olszanica\",\"description\":\"Centrum Ogrodnicze Krak&oacute;w\",\"publisher\":{\"@id\":\"https:\/\/www.ogrodolszanica.pl\/#organization\"},\"potentialAction\":[{\"@type\":\"SearchAction\",\"target\":{\"@type\":\"EntryPoint\",\"urlTemplate\":\"https:\/\/www.ogrodolszanica.pl\/?s={search_term_string}\"},\"query-input\":\"required name=search_term_string\"}],\"inLanguage\":\"pl-PL\"},{\"@type\":\"ImageObject\",\"inLanguage\":\"pl-PL\",\"@id\":\"https:\/\/www.ogrodolszanica.pl\/index.php\/produkt\/klosowiec-fenkulowy-little-adder\/#primaryimage\",\"url\":\"https:\/\/i0.wp.com\/www.ogrodolszanica.pl\/wp-content\/uploads\/2022\/07\/293743127_422477083160770_4699049238673117942_n.jpg?fit=1500%2C2000&ssl=1\",\"contentUrl\":\"https:\/\/i0.wp.com\/www.ogrodolszanica.pl\/wp-content\/uploads\/2022\/07\/293743127_422477083160770_4699049238673117942_n.jpg?fit=1500%2C2000&ssl=1\",\"width\":1500,\"height\":2000},{\"@type\":\"WebPage\",\"@id\":\"https:\/\/www.ogrodolszanica.pl\/index.php\/produkt\/klosowiec-fenkulowy-little-adder\/#webpage\",\"url\":\"https:\/\/www.ogrodolszanica.pl\/index.php\/produkt\/klosowiec-fenkulowy-little-adder\/\",\"name\":\"K\u0142osowiec Fenku\u0142owy Little Adder - Ogr&oacute;d Olszanica\",\"isPartOf\":{\"@id\":\"https:\/\/www.ogrodolszanica.pl\/#website\"},\"primaryImageOfPage\":{\"@id\":\"https:\/\/www.ogrodolszanica.pl\/index.php\/produkt\/klosowiec-fenkulowy-little-adder\/#primaryimage\"},\"datePublished\":\"2022-07-23T13:36:24+00:00\",\"dateModified\":\"2026-03-07T20:04:32+00:00\",\"breadcrumb\":{\"@id\":\"https:\/\/www.ogrodolszanica.pl\/index.php\/produkt\/klosowiec-fenkulowy-little-adder\/#breadcrumb\"},\"inLanguage\":\"pl-PL\",\"potentialAction\":[{\"@type\":\"ReadAction\",\"target\":[\"https:\/\/www.ogrodolszanica.pl\/index.php\/produkt\/klosowiec-fenkulowy-little-adder\/\"]}]},{\"@type\":\"BreadcrumbList\",\"@id\":\"https:\/\/www.ogrodolszanica.pl\/index.php\/produkt\/klosowiec-fenkulowy-little-adder\/#breadcrumb\",\"itemListElement\":[{\"@type\":\"ListItem\",\"position\":1,\"name\":\"Strona g\u0142\u00f3wna\",\"item\":\"https:\/\/www.ogrodolszanica.pl\/\"},{\"@type\":\"ListItem\",\"position\":2,\"name\":\"Produkty\",\"item\":\"https:\/\/www.ogrodolszanica.pl\/index.php\/shop\/\"},{\"@type\":\"ListItem\",\"position\":3,\"name\":\"K\u0142osowiec Fenku\u0142owy Little Adder\"}]}]}<\/script>\n<!-- \/ Yoast SEO plugin. -->","yoast_head_json":{"title":"K\u0142osowiec Fenku\u0142owy Little Adder - Ogr&oacute;d Olszanica","robots":{"index":"index","follow":"follow","max-snippet":"max-snippet:-1","max-image-preview":"max-image-preview:large","max-video-preview":"max-video-preview:-1"},"canonical":"https:\/\/www.ogrodolszanica.pl\/index.php\/produkt\/klosowiec-fenkulowy-little-adder\/","og_locale":"pl_PL","og_type":"article","og_title":"K\u0142osowiec Fenku\u0142owy Little Adder - Ogr&oacute;d Olszanica","og_description":"K\u0142osowiec Fenku\u0142owy Little Adder Niezwykle atrakcyjna, nowa odmiana k\u0142osowca o d\u0142ugim i obfitym kwitnieniu oraz zwartym pokroju i niskim wzro\u015bcie. Charakteryzuje si\u0119 bardzo ciemnym zabarwieniem kwiatostan\u00f3w. Li\u015bcie s\u0105 jajowato-lancetowane i ostro zako\u0144czone. Kwiaty w p\u0105kach s\u0105 ciemnofioletowe niemal\u017ce czarne, a po rozbiciu prezentuj\u0105 delikatne, lawendowo zabarwione p\u0142atki. Kwiaty rozwijaj\u0105 si\u0119 stopniowo, dlatego na kwiatostanie wyst\u0119puj\u0105 &hellip; K\u0142osowiec Fenku\u0142owy Little Adder Read More &raquo;","og_url":"https:\/\/www.ogrodolszanica.pl\/index.php\/produkt\/klosowiec-fenkulowy-little-adder\/","og_site_name":"Ogr&oacute;d Olszanica","article_publisher":"https:\/\/www.facebook.com\/Ogrd-Olszanica-100807179225223","article_modified_time":"2026-03-07T20:04:32+00:00","og_image":[{"width":1500,"height":2000,"url":"https:\/\/www.ogrodolszanica.pl\/wp-content\/uploads\/2022\/07\/293743127_422477083160770_4699049238673117942_n.jpg","type":"image\/jpeg"}],"author":"admin","twitter_card":"summary_large_image","twitter_misc":{"Szacowany czas czytania":"1 minuta"},"schema":{"@context":"https:\/\/schema.org","@graph":[{"@type":"Organization","@id":"https:\/\/www.ogrodolszanica.pl\/#organization","name":"Ogr\u00f3d Olszanica - Krakowskie Centrum Ogrodnicze","url":"https:\/\/www.ogrodolszanica.pl\/","sameAs":["https:\/\/www.facebook.com\/Ogrd-Olszanica-100807179225223"],"logo":{"@type":"ImageObject","inLanguage":"pl-PL","@id":"https:\/\/www.ogrodolszanica.pl\/#\/schema\/logo\/image\/","url":"http:\/\/www.ogrodolszanica.pl\/wp-content\/uploads\/2022\/06\/Ogrod-Olszanica1-1.png","contentUrl":"http:\/\/www.ogrodolszanica.pl\/wp-content\/uploads\/2022\/06\/Ogrod-Olszanica1-1.png","width":180,"height":60,"caption":"Ogr\u00f3d Olszanica - Krakowskie Centrum Ogrodnicze"},"image":{"@id":"https:\/\/www.ogrodolszanica.pl\/#\/schema\/logo\/image\/"}},{"@type":"WebSite","@id":"https:\/\/www.ogrodolszanica.pl\/#website","url":"https:\/\/www.ogrodolszanica.pl\/","name":"Ogr&oacute;d Olszanica","description":"Centrum Ogrodnicze Krak&oacute;w","publisher":{"@id":"https:\/\/www.ogrodolszanica.pl\/#organization"},"potentialAction":[{"@type":"SearchAction","target":{"@type":"EntryPoint","urlTemplate":"https:\/\/www.ogrodolszanica.pl\/?s={search_term_string}"},"query-input":"required name=search_term_string"}],"inLanguage":"pl-PL"},{"@type":"ImageObject","inLanguage":"pl-PL","@id":"https:\/\/www.ogrodolszanica.pl\/index.php\/produkt\/klosowiec-fenkulowy-little-adder\/#primaryimage","url":"https:\/\/i0.wp.com\/www.ogrodolszanica.pl\/wp-content\/uploads\/2022\/07\/293743127_422477083160770_4699049238673117942_n.jpg?fit=1500%2C2000&ssl=1","contentUrl":"https:\/\/i0.wp.com\/www.ogrodolszanica.pl\/wp-content\/uploads\/2022\/07\/293743127_422477083160770_4699049238673117942_n.jpg?fit=1500%2C2000&ssl=1","width":1500,"height":2000},{"@type":"WebPage","@id":"https:\/\/www.ogrodolszanica.pl\/index.php\/produkt\/klosowiec-fenkulowy-little-adder\/#webpage","url":"https:\/\/www.ogrodolszanica.pl\/index.php\/produkt\/klosowiec-fenkulowy-little-adder\/","name":"K\u0142osowiec Fenku\u0142owy Little Adder - Ogr&oacute;d Olszanica","isPartOf":{"@id":"https:\/\/www.ogrodolszanica.pl\/#website"},"primaryImageOfPage":{"@id":"https:\/\/www.ogrodolszanica.pl\/index.php\/produkt\/klosowiec-fenkulowy-little-adder\/#primaryimage"},"datePublished":"2022-07-23T13:36:24+00:00","dateModified":"2026-03-07T20:04:32+00:00","breadcrumb":{"@id":"https:\/\/www.ogrodolszanica.pl\/index.php\/produkt\/klosowiec-fenkulowy-little-adder\/#breadcrumb"},"inLanguage":"pl-PL","potentialAction":[{"@type":"ReadAction","target":["https:\/\/www.ogrodolszanica.pl\/index.php\/produkt\/klosowiec-fenkulowy-little-adder\/"]}]},{"@type":"BreadcrumbList","@id":"https:\/\/www.ogrodolszanica.pl\/index.php\/produkt\/klosowiec-fenkulowy-little-adder\/#breadcrumb","itemListElement":[{"@type":"ListItem","position":1,"name":"Strona g\u0142\u00f3wna","item":"https:\/\/www.ogrodolszanica.pl\/"},{"@type":"ListItem","position":2,"name":"Produkty","item":"https:\/\/www.ogrodolszanica.pl\/index.php\/shop\/"},{"@type":"ListItem","position":3,"name":"K\u0142osowiec Fenku\u0142owy Little Adder"}]}]}},"jetpack-related-posts":[{"id":1558,"url":"https:\/\/www.ogrodolszanica.pl\/index.php\/produkt\/zurawka-cinnabar-silver\/","url_meta":{"origin":1854,"position":0},"title":"\u017burawka Cinnabar Silver","date":"11 lipca, 2022","format":false,"excerpt":"\u017burawka Cinnabar Silver Odmiana tworz\u0105ca niewielkie, kompaktowe k\u0119py, o kulistej formie. Na d\u0142ugich w stosunku do ma\u0142ej k\u0119py szypu\u0142ach, tworz\u0105 si\u0119 lu\u017ane kwiatostany. Kwiaty w kszta\u0142cie dzwonk\u00f3w s\u0105 du\u017ce i bardzo wyraziste w kolorze cynobrowej intensywnej czerwieni. Li\u015bcie w srebrnozielonych odcieniach. Rodzaj: \u017burawka Barwa: Czerwony szeroko\u015b\u0107: 35\u00a0cm wysoko\u015b\u0107: 25\u00a0cm wysoko\u015b\u0107\u2026","rel":"","context":"Similar post","img":{"alt_text":"","src":"https:\/\/i0.wp.com\/www.ogrodolszanica.pl\/wp-content\/uploads\/2022\/07\/heuchera-cinnabar-silver_4.jpg?fit=433%2C650&ssl=1&resize=350%2C200","width":350,"height":200},"classes":[]},{"id":1648,"url":"https:\/\/www.ogrodolszanica.pl\/index.php\/produkt\/liliowiec-anzac-luz\/","url_meta":{"origin":1854,"position":1},"title":"Liliowiec Anzac Luz","date":"14 lipca, 2022","format":false,"excerpt":"Liliowiec Anzac Luz Liliowce to\u00a0byliny\u00a0o bardzo dekoracyjnych i przykuwaj\u0105cych uwag\u0119 kwiatach. S\u0105 \u0142atwe w uprawie, nie maj\u0105 specjalnych wymaga\u0144 i sprawdzaj\u0105 si\u0119 w ka\u017cdym ogrodzie.\u00a0Liliowiec \u2018Anzac\u2019\u00a0posiada krwistoczerwone kwiaty z \u017c\u00f3\u0142tym \u015brodkiem umieszczone na d\u0142ugiej \u0142ody\u017cce. Ma r\u00f3wnie\u017c d\u0142ugie, zielone li\u015bcie, lekko opadaj\u0105ce. Rodzaj: Liliowiec Barwa: \u017b\u00f3\u0142to-zielony szeroko\u015b\u0107: 18\u00a0cm wysoko\u015b\u0107: 45\u00a0cm\u2026","rel":"","context":"Similar post","img":{"alt_text":"","src":"https:\/\/i0.wp.com\/www.ogrodolszanica.pl\/wp-content\/uploads\/2022\/07\/290199502_407057321456027_4901243894316066604_n.jpg?fit=900%2C1200&ssl=1&resize=350%2C200","width":350,"height":200},"classes":[]},{"id":2419,"url":"https:\/\/www.ogrodolszanica.pl\/index.php\/produkt\/rozchodnik-sunsparkler-lime-zinger\/","url_meta":{"origin":1854,"position":2},"title":"Rozchodnik SunSparkler\u00ae Lime Zinger","date":"26 sierpnia, 2023","format":false,"excerpt":"Rozchodnik SunSparkler\u00ae Lime Zinger Rozchodniki s\u0105 bylinami s\u0142o\u0144ca - tylko wtedy ukazuj\u0105 wspania\u0142\u0105\u00a0barw\u0119 li\u015bci i kwiatostan\u00f3w. Mog\u0105 by\u0107 ozdob\u0105 ogrodu lub\u00a0pojemnik\u00f3w przez ca\u0142y rok. Odmiana 'Lime Zinger'\u00a0\u015bciele si\u0119 po ziemi kr\u00f3tkimi p\u0119dami. G\u0119sto rosn\u0105ce p\u0119dy s\u0105\u00a0koloru limonkowego z ciemno czerwon\u0105 obw\u00f3dk\u0105 i pokrywaj\u0105\u00a0szczelnie powierzchni\u0119. Pojawiaj\u0105ce si\u0119 kwiaty d\u0142ugo\u00a0nie trac\u0105\u00a0swego r\u00f3\u017cowego\u2026","rel":"","context":"Similar post","img":{"alt_text":"","src":"https:\/\/i0.wp.com\/www.ogrodolszanica.pl\/wp-content\/uploads\/2023\/08\/sedum-sunsparkler-lime-zinger_3.jpg?fit=434%2C650&ssl=1&resize=350%2C200","width":350,"height":200},"classes":[]},{"id":2578,"url":"https:\/\/www.ogrodolszanica.pl\/index.php\/produkt\/hosta-blue-angel\/","url_meta":{"origin":1854,"position":3},"title":"Hosta Blue Angel","date":"24 stycznia, 2024","format":false,"excerpt":"\u00a0Hosta Blue Angel \u00a0 Odmiana o ogromnych li\u015bciach w kszta\u0142cie serc w odcieniu\u00a0niebieskiej, ch\u0142odnej zieleni. Li\u015bcie osadzone s\u0105 na d\u0142ugich\u00a0szypu\u0142ach, a tu\u017c nad nimi pojawiaj\u0105 si\u0119 latem bia\u0142e kwiaty. \"B\u0142\u0119kitny Anio\u0142\" opr\u00f3cz pi\u0119knej barwy li\u015bci wyr\u00f3\u017cnia si\u0119\u00a0tak\u017ce wysok\u0105 odporno\u015bci\u0105 na \u015blimaki. Rodzaj: Funkia Barwa: bia\u0142a szeroko\u015b\u0107: 150\u00a0cm wysoko\u015b\u0107: 90\u00a0cm wysoko\u015b\u0107\u2026","rel":"","context":"Similar post","img":{"alt_text":"","src":"https:\/\/i0.wp.com\/www.ogrodolszanica.pl\/wp-content\/uploads\/2024\/01\/hosta-blue-angel_73803_1.jpg?fit=650%2C650&ssl=1&resize=350%2C200","width":350,"height":200},"classes":[]},{"id":1880,"url":"https:\/\/www.ogrodolszanica.pl\/index.php\/produkt\/funkia-blue-angel\/","url_meta":{"origin":1854,"position":4},"title":"Funkia Blue Angel","date":"24 lipca, 2022","format":false,"excerpt":"Funkia Blue Angel Odmiana o ogromnych li\u015bciach w kszta\u0142cie serc w odcieniu\u00a0niebieskiej, ch\u0142odnej zieleni. Li\u015bcie osadzone s\u0105 na d\u0142ugich\u00a0szypu\u0142ach, a tu\u017c nad nimi pojawiaj\u0105 si\u0119 latem bia\u0142e kwiaty.\u00a0\"B\u0142\u0119kitny Anio\u0142\" opr\u00f3cz pi\u0119knej barwy li\u015bci wyr\u00f3\u017cnia si\u0119\u00a0tak\u017ce wysok\u0105 odporno\u015bci\u0105 na \u015blimaki. Rodzaj: Funkia Barwa: Niebiesko-zielony szeroko\u015b\u0107: 150\u00a0cm wysoko\u015b\u0107: 90\u00a0cm wysoko\u015b\u0107 (kwitnienie): 110\u00a0cm\u2026","rel":"","context":"Similar post","img":{"alt_text":"","src":"https:\/\/i0.wp.com\/www.ogrodolszanica.pl\/wp-content\/uploads\/2022\/07\/292416941_3233654900238026_2551480468171045821_n.jpg?fit=900%2C1200&ssl=1&resize=350%2C200","width":350,"height":200},"classes":[]},{"id":1866,"url":"https:\/\/www.ogrodolszanica.pl\/index.php\/produkt\/tawula-goldmund\/","url_meta":{"origin":1854,"position":5},"title":"Tawu\u0142a Goldmund","date":"23 lipca, 2022","format":false,"excerpt":"Tawu\u0142a Goldmund Odmiana tawu\u0142y osi\u0105gaj\u0105ca oko\u0142o 60cm wysoko\u015bci. Pokr\u00f3j kulisty, g\u0119sty i zwarty. Charakterystyk\u0105 tej odmiany s\u0105 pi\u0119kne pojawiaj\u0105ce si\u0119 wiosn\u0105 li\u015bcie o kolorze jasno \u017c\u00f3\u0142tym. P\u00f3\u017aniej przebarwiaj\u0105cych si\u0119 na zielony. W maju pojawiaj\u0105 si\u0119 kwiaty purpuro r\u00f3\u017cowe zebrane w baldachimy. Ro\u015blina o ma\u0142ych wymaganiach glebowych najlepiej ro\u015bnie w pe\u0142nym\u2026","rel":"","context":"Similar post","img":{"alt_text":"","src":"https:\/\/i0.wp.com\/www.ogrodolszanica.pl\/wp-content\/uploads\/2022\/07\/293628730_729046954851556_5897396306272852386_n.jpg?fit=900%2C1200&ssl=1&resize=350%2C200","width":350,"height":200},"classes":[]}],"_links":{"self":[{"href":"https:\/\/www.ogrodolszanica.pl\/index.php\/wp-json\/wp\/v2\/product\/1854","targetHints":{"allow":["GET"]}}],"collection":[{"href":"https:\/\/www.ogrodolszanica.pl\/index.php\/wp-json\/wp\/v2\/product"}],"about":[{"href":"https:\/\/www.ogrodolszanica.pl\/index.php\/wp-json\/wp\/v2\/types\/product"}],"replies":[{"embeddable":true,"href":"https:\/\/www.ogrodolszanica.pl\/index.php\/wp-json\/wp\/v2\/comments?post=1854"}],"wp:featuredmedia":[{"embeddable":true,"href":"https:\/\/www.ogrodolszanica.pl\/index.php\/wp-json\/wp\/v2\/media\/1855"}],"wp:attachment":[{"href":"https:\/\/www.ogrodolszanica.pl\/index.php\/wp-json\/wp\/v2\/media?parent=1854"}],"wp:term":[{"taxonomy":"product_cat","embeddable":true,"href":"https:\/\/www.ogrodolszanica.pl\/index.php\/wp-json\/wp\/v2\/product_cat?post=1854"},{"taxonomy":"product_tag","embeddable":true,"href":"https:\/\/www.ogrodolszanica.pl\/index.php\/wp-json\/wp\/v2\/product_tag?post=1854"}],"curies":[{"name":"wp","href":"https:\/\/api.w.org\/{rel}","templated":true}]}}