{"id":1834,"date":"2022-07-22T10:01:24","date_gmt":"2022-07-22T10:01:24","guid":{"rendered":"https:\/\/www.ogrodolszanica.pl\/?post_type=product&#038;p=1834"},"modified":"2026-03-07T20:05:39","modified_gmt":"2026-03-07T20:05:39","slug":"ostrozka-magic-fontain-skay-blue","status":"publish","type":"product","link":"https:\/\/www.ogrodolszanica.pl\/index.php\/produkt\/ostrozka-magic-fontain-skay-blue\/","title":{"rendered":"Ostr\u00f3\u017cka Magic Fountain Sky Blue"},"content":{"rendered":"<h2 style=\"text-align: center;\">Ostr\u00f3\u017cka Magic Fountain Sky Blue<\/h2>\n<p>Ostr\u00f3\u017cka Magic Fountain Sky Blue to wspania\u0142a, okaza\u0142a bylina wieloletnia. Ta ostr\u00f3\u017cka kwitnie latem. Odmiana Magic Fountain Sky Blue ma kwiaty koloru b\u0142\u0119kitnego. Kwiatostan ostr\u00f3\u017cek jest jednym z najokazalszych ze wszystkich bylin &#8211; potrafi osi\u0105gn\u0105\u0107 nawet 40 cm i jest zebrany w grona na d\u0142ugich p\u0119dach. Dlatego sadz\u0105c ostr\u00f3\u017ck\u0119 warto wybra\u0107 jej miejsce zaciszne do wzrostu, os\u0142ona przed wiatrem zabezpieczy j\u0105 przed z\u0142amaniem. Mo\u017cemy te\u017c sadzi\u0107 j\u0105 na otwartej przestrzeni, jednak wtedy dobrze zastosowa\u0107 dodatkowo jak\u0105\u015b podpor\u0119, np. tyczk\u0119 bambusow\u0105.<\/p>\n<ul>\n<li>Rodzaj: Ostr\u00f3\u017cka<\/li>\n<li>Barwa: Jasnoniebieski z oczkiem<\/li>\n<li>\n<div>szeroko\u015b\u0107: <strong>60 cm<\/strong><\/div>\n<\/li>\n<li>\n<div><b><\/b>wysoko\u015b\u0107: <strong>80<\/strong><b>\u00a0cm<\/b><\/div>\n<\/li>\n<li>\n<div><b><\/b>wysoko\u015b\u0107 (kwitnienie): <strong>90<\/strong><b>\u00a0cm<\/b><\/div>\n<\/li>\n<li>\n<div><b><\/b>kwitnienie: <b>czerwiec \u00f7 sierpie\u0144<\/b><\/div>\n<\/li>\n<li>\n<div><b><\/b>stanowisko:\u00a0<b>s\u0142oneczne<\/b><\/div>\n<\/li>\n<\/ul>\n<p>Dobierz odpowiednie pod\u0142o\u017ce z wybranych produkt\u00f3w w naszym sklepie: <a href=\"https:\/\/www.ogrodolszanica.pl\/index.php\/kategoria-produktu\/zin\/\">Pod\u0142o\u017ca<\/a><\/p>\n<p>&nbsp;<\/p>\n<p>&nbsp;<\/p>\n","protected":false},"excerpt":{"rendered":"<p>Ostr\u00f3\u017cka Magic Fountain Sky Blue Ostr\u00f3\u017cka Magic Fountain Sky Blue to wspania\u0142a, okaza\u0142a bylina wieloletnia. Ta ostr\u00f3\u017cka kwitnie latem. Odmiana Magic Fountain Sky Blue ma kwiaty koloru b\u0142\u0119kitnego. Kwiatostan ostr\u00f3\u017cek jest jednym z najokazalszych ze wszystkich bylin &#8211; potrafi osi\u0105gn\u0105\u0107 nawet 40 cm i jest zebrany w grona na d\u0142ugich p\u0119dach. Dlatego sadz\u0105c ostr\u00f3\u017ck\u0119 warto &hellip;<\/p>\n<p class=\"read-more\"> <a class=\"\" href=\"https:\/\/www.ogrodolszanica.pl\/index.php\/produkt\/ostrozka-magic-fontain-skay-blue\/\"> <span class=\"screen-reader-text\">Ostr\u00f3\u017cka Magic Fountain Sky Blue<\/span> Read More &raquo;<\/a><\/p>\n","protected":false},"featured_media":1832,"comment_status":"open","ping_status":"closed","template":"","meta":{"site-sidebar-layout":"default","site-content-layout":"default","ast-global-header-display":"","ast-main-header-display":"","ast-hfb-above-header-display":"","ast-hfb-below-header-display":"","ast-hfb-mobile-header-display":"","site-post-title":"","ast-breadcrumbs-content":"","ast-featured-img":"","footer-sml-layout":"","theme-transparent-header-meta":"default","adv-header-id-meta":"","stick-header-meta":"","header-above-stick-meta":"","header-main-stick-meta":"","header-below-stick-meta":"","spay_email":""},"product_cat":[29,98,20],"product_tag":[],"class_list":["post-1834","product","type-product","status-publish","has-post-thumbnail","hentry","product_cat-byliny","product_cat-inne","product_cat-rosliny"],"yoast_head":"<!-- This site is optimized with the Yoast SEO plugin v19.2 - https:\/\/yoast.com\/wordpress\/plugins\/seo\/ -->\n<title>Ostr\u00f3\u017cka Magic Fountain Sky Blue - Ogr&oacute;d Olszanica<\/title>\n<meta name=\"robots\" content=\"index, follow, max-snippet:-1, max-image-preview:large, max-video-preview:-1\" \/>\n<link rel=\"canonical\" href=\"https:\/\/www.ogrodolszanica.pl\/index.php\/produkt\/ostrozka-magic-fontain-skay-blue\/\" \/>\n<meta property=\"og:locale\" content=\"pl_PL\" \/>\n<meta property=\"og:type\" content=\"article\" \/>\n<meta property=\"og:title\" content=\"Ostr\u00f3\u017cka Magic Fountain Sky Blue - Ogr&oacute;d Olszanica\" \/>\n<meta property=\"og:description\" content=\"Ostr\u00f3\u017cka Magic Fountain Sky Blue Ostr\u00f3\u017cka Magic Fountain Sky Blue to wspania\u0142a, okaza\u0142a bylina wieloletnia. Ta ostr\u00f3\u017cka kwitnie latem. Odmiana Magic Fountain Sky Blue ma kwiaty koloru b\u0142\u0119kitnego. Kwiatostan ostr\u00f3\u017cek jest jednym z najokazalszych ze wszystkich bylin &#8211; potrafi osi\u0105gn\u0105\u0107 nawet 40 cm i jest zebrany w grona na d\u0142ugich p\u0119dach. Dlatego sadz\u0105c ostr\u00f3\u017ck\u0119 warto &hellip; Ostr\u00f3\u017cka Magic Fountain Sky Blue Read More &raquo;\" \/>\n<meta property=\"og:url\" content=\"https:\/\/www.ogrodolszanica.pl\/index.php\/produkt\/ostrozka-magic-fontain-skay-blue\/\" \/>\n<meta property=\"og:site_name\" content=\"Ogr&oacute;d Olszanica\" \/>\n<meta property=\"article:publisher\" content=\"https:\/\/www.facebook.com\/Ogrd-Olszanica-100807179225223\" \/>\n<meta property=\"article:modified_time\" content=\"2026-03-07T20:05:39+00:00\" \/>\n<meta property=\"og:image\" content=\"https:\/\/www.ogrodolszanica.pl\/wp-content\/uploads\/2022\/07\/294146283_1491462404626037_2922755438388946518_n.jpg\" \/>\n\t<meta property=\"og:image:width\" content=\"1532\" \/>\n\t<meta property=\"og:image:height\" content=\"2048\" \/>\n\t<meta property=\"og:image:type\" content=\"image\/jpeg\" \/>\n<meta name=\"author\" content=\"admin\" \/>\n<meta name=\"twitter:card\" content=\"summary_large_image\" \/>\n<meta name=\"twitter:label1\" content=\"Szacowany czas czytania\" \/>\n\t<meta name=\"twitter:data1\" content=\"1 minuta\" \/>\n<script type=\"application\/ld+json\" class=\"yoast-schema-graph\">{\"@context\":\"https:\/\/schema.org\",\"@graph\":[{\"@type\":\"Organization\",\"@id\":\"https:\/\/www.ogrodolszanica.pl\/#organization\",\"name\":\"Ogr\u00f3d Olszanica - Krakowskie Centrum Ogrodnicze\",\"url\":\"https:\/\/www.ogrodolszanica.pl\/\",\"sameAs\":[\"https:\/\/www.facebook.com\/Ogrd-Olszanica-100807179225223\"],\"logo\":{\"@type\":\"ImageObject\",\"inLanguage\":\"pl-PL\",\"@id\":\"https:\/\/www.ogrodolszanica.pl\/#\/schema\/logo\/image\/\",\"url\":\"http:\/\/www.ogrodolszanica.pl\/wp-content\/uploads\/2022\/06\/Ogrod-Olszanica1-1.png\",\"contentUrl\":\"http:\/\/www.ogrodolszanica.pl\/wp-content\/uploads\/2022\/06\/Ogrod-Olszanica1-1.png\",\"width\":180,\"height\":60,\"caption\":\"Ogr\u00f3d Olszanica - Krakowskie Centrum Ogrodnicze\"},\"image\":{\"@id\":\"https:\/\/www.ogrodolszanica.pl\/#\/schema\/logo\/image\/\"}},{\"@type\":\"WebSite\",\"@id\":\"https:\/\/www.ogrodolszanica.pl\/#website\",\"url\":\"https:\/\/www.ogrodolszanica.pl\/\",\"name\":\"Ogr&oacute;d Olszanica\",\"description\":\"Centrum Ogrodnicze Krak&oacute;w\",\"publisher\":{\"@id\":\"https:\/\/www.ogrodolszanica.pl\/#organization\"},\"potentialAction\":[{\"@type\":\"SearchAction\",\"target\":{\"@type\":\"EntryPoint\",\"urlTemplate\":\"https:\/\/www.ogrodolszanica.pl\/?s={search_term_string}\"},\"query-input\":\"required name=search_term_string\"}],\"inLanguage\":\"pl-PL\"},{\"@type\":\"ImageObject\",\"inLanguage\":\"pl-PL\",\"@id\":\"https:\/\/www.ogrodolszanica.pl\/index.php\/produkt\/ostrozka-magic-fontain-skay-blue\/#primaryimage\",\"url\":\"https:\/\/i0.wp.com\/www.ogrodolszanica.pl\/wp-content\/uploads\/2022\/07\/294146283_1491462404626037_2922755438388946518_n.jpg?fit=1532%2C2048&ssl=1\",\"contentUrl\":\"https:\/\/i0.wp.com\/www.ogrodolszanica.pl\/wp-content\/uploads\/2022\/07\/294146283_1491462404626037_2922755438388946518_n.jpg?fit=1532%2C2048&ssl=1\",\"width\":1532,\"height\":2048},{\"@type\":\"WebPage\",\"@id\":\"https:\/\/www.ogrodolszanica.pl\/index.php\/produkt\/ostrozka-magic-fontain-skay-blue\/#webpage\",\"url\":\"https:\/\/www.ogrodolszanica.pl\/index.php\/produkt\/ostrozka-magic-fontain-skay-blue\/\",\"name\":\"Ostr\u00f3\u017cka Magic Fountain Sky Blue - Ogr&oacute;d Olszanica\",\"isPartOf\":{\"@id\":\"https:\/\/www.ogrodolszanica.pl\/#website\"},\"primaryImageOfPage\":{\"@id\":\"https:\/\/www.ogrodolszanica.pl\/index.php\/produkt\/ostrozka-magic-fontain-skay-blue\/#primaryimage\"},\"datePublished\":\"2022-07-22T10:01:24+00:00\",\"dateModified\":\"2026-03-07T20:05:39+00:00\",\"breadcrumb\":{\"@id\":\"https:\/\/www.ogrodolszanica.pl\/index.php\/produkt\/ostrozka-magic-fontain-skay-blue\/#breadcrumb\"},\"inLanguage\":\"pl-PL\",\"potentialAction\":[{\"@type\":\"ReadAction\",\"target\":[\"https:\/\/www.ogrodolszanica.pl\/index.php\/produkt\/ostrozka-magic-fontain-skay-blue\/\"]}]},{\"@type\":\"BreadcrumbList\",\"@id\":\"https:\/\/www.ogrodolszanica.pl\/index.php\/produkt\/ostrozka-magic-fontain-skay-blue\/#breadcrumb\",\"itemListElement\":[{\"@type\":\"ListItem\",\"position\":1,\"name\":\"Strona g\u0142\u00f3wna\",\"item\":\"https:\/\/www.ogrodolszanica.pl\/\"},{\"@type\":\"ListItem\",\"position\":2,\"name\":\"Produkty\",\"item\":\"https:\/\/www.ogrodolszanica.pl\/index.php\/shop\/\"},{\"@type\":\"ListItem\",\"position\":3,\"name\":\"Ostr\u00f3\u017cka Magic Fountain Sky Blue\"}]}]}<\/script>\n<!-- \/ Yoast SEO plugin. -->","yoast_head_json":{"title":"Ostr\u00f3\u017cka Magic Fountain Sky Blue - Ogr&oacute;d Olszanica","robots":{"index":"index","follow":"follow","max-snippet":"max-snippet:-1","max-image-preview":"max-image-preview:large","max-video-preview":"max-video-preview:-1"},"canonical":"https:\/\/www.ogrodolszanica.pl\/index.php\/produkt\/ostrozka-magic-fontain-skay-blue\/","og_locale":"pl_PL","og_type":"article","og_title":"Ostr\u00f3\u017cka Magic Fountain Sky Blue - Ogr&oacute;d Olszanica","og_description":"Ostr\u00f3\u017cka Magic Fountain Sky Blue Ostr\u00f3\u017cka Magic Fountain Sky Blue to wspania\u0142a, okaza\u0142a bylina wieloletnia. Ta ostr\u00f3\u017cka kwitnie latem. Odmiana Magic Fountain Sky Blue ma kwiaty koloru b\u0142\u0119kitnego. Kwiatostan ostr\u00f3\u017cek jest jednym z najokazalszych ze wszystkich bylin &#8211; potrafi osi\u0105gn\u0105\u0107 nawet 40 cm i jest zebrany w grona na d\u0142ugich p\u0119dach. Dlatego sadz\u0105c ostr\u00f3\u017ck\u0119 warto &hellip; Ostr\u00f3\u017cka Magic Fountain Sky Blue Read More &raquo;","og_url":"https:\/\/www.ogrodolszanica.pl\/index.php\/produkt\/ostrozka-magic-fontain-skay-blue\/","og_site_name":"Ogr&oacute;d Olszanica","article_publisher":"https:\/\/www.facebook.com\/Ogrd-Olszanica-100807179225223","article_modified_time":"2026-03-07T20:05:39+00:00","og_image":[{"width":1532,"height":2048,"url":"https:\/\/www.ogrodolszanica.pl\/wp-content\/uploads\/2022\/07\/294146283_1491462404626037_2922755438388946518_n.jpg","type":"image\/jpeg"}],"author":"admin","twitter_card":"summary_large_image","twitter_misc":{"Szacowany czas czytania":"1 minuta"},"schema":{"@context":"https:\/\/schema.org","@graph":[{"@type":"Organization","@id":"https:\/\/www.ogrodolszanica.pl\/#organization","name":"Ogr\u00f3d Olszanica - Krakowskie Centrum Ogrodnicze","url":"https:\/\/www.ogrodolszanica.pl\/","sameAs":["https:\/\/www.facebook.com\/Ogrd-Olszanica-100807179225223"],"logo":{"@type":"ImageObject","inLanguage":"pl-PL","@id":"https:\/\/www.ogrodolszanica.pl\/#\/schema\/logo\/image\/","url":"http:\/\/www.ogrodolszanica.pl\/wp-content\/uploads\/2022\/06\/Ogrod-Olszanica1-1.png","contentUrl":"http:\/\/www.ogrodolszanica.pl\/wp-content\/uploads\/2022\/06\/Ogrod-Olszanica1-1.png","width":180,"height":60,"caption":"Ogr\u00f3d Olszanica - Krakowskie Centrum Ogrodnicze"},"image":{"@id":"https:\/\/www.ogrodolszanica.pl\/#\/schema\/logo\/image\/"}},{"@type":"WebSite","@id":"https:\/\/www.ogrodolszanica.pl\/#website","url":"https:\/\/www.ogrodolszanica.pl\/","name":"Ogr&oacute;d Olszanica","description":"Centrum Ogrodnicze Krak&oacute;w","publisher":{"@id":"https:\/\/www.ogrodolszanica.pl\/#organization"},"potentialAction":[{"@type":"SearchAction","target":{"@type":"EntryPoint","urlTemplate":"https:\/\/www.ogrodolszanica.pl\/?s={search_term_string}"},"query-input":"required name=search_term_string"}],"inLanguage":"pl-PL"},{"@type":"ImageObject","inLanguage":"pl-PL","@id":"https:\/\/www.ogrodolszanica.pl\/index.php\/produkt\/ostrozka-magic-fontain-skay-blue\/#primaryimage","url":"https:\/\/i0.wp.com\/www.ogrodolszanica.pl\/wp-content\/uploads\/2022\/07\/294146283_1491462404626037_2922755438388946518_n.jpg?fit=1532%2C2048&ssl=1","contentUrl":"https:\/\/i0.wp.com\/www.ogrodolszanica.pl\/wp-content\/uploads\/2022\/07\/294146283_1491462404626037_2922755438388946518_n.jpg?fit=1532%2C2048&ssl=1","width":1532,"height":2048},{"@type":"WebPage","@id":"https:\/\/www.ogrodolszanica.pl\/index.php\/produkt\/ostrozka-magic-fontain-skay-blue\/#webpage","url":"https:\/\/www.ogrodolszanica.pl\/index.php\/produkt\/ostrozka-magic-fontain-skay-blue\/","name":"Ostr\u00f3\u017cka Magic Fountain Sky Blue - Ogr&oacute;d Olszanica","isPartOf":{"@id":"https:\/\/www.ogrodolszanica.pl\/#website"},"primaryImageOfPage":{"@id":"https:\/\/www.ogrodolszanica.pl\/index.php\/produkt\/ostrozka-magic-fontain-skay-blue\/#primaryimage"},"datePublished":"2022-07-22T10:01:24+00:00","dateModified":"2026-03-07T20:05:39+00:00","breadcrumb":{"@id":"https:\/\/www.ogrodolszanica.pl\/index.php\/produkt\/ostrozka-magic-fontain-skay-blue\/#breadcrumb"},"inLanguage":"pl-PL","potentialAction":[{"@type":"ReadAction","target":["https:\/\/www.ogrodolszanica.pl\/index.php\/produkt\/ostrozka-magic-fontain-skay-blue\/"]}]},{"@type":"BreadcrumbList","@id":"https:\/\/www.ogrodolszanica.pl\/index.php\/produkt\/ostrozka-magic-fontain-skay-blue\/#breadcrumb","itemListElement":[{"@type":"ListItem","position":1,"name":"Strona g\u0142\u00f3wna","item":"https:\/\/www.ogrodolszanica.pl\/"},{"@type":"ListItem","position":2,"name":"Produkty","item":"https:\/\/www.ogrodolszanica.pl\/index.php\/shop\/"},{"@type":"ListItem","position":3,"name":"Ostr\u00f3\u017cka Magic Fountain Sky Blue"}]}]}},"jetpack-related-posts":[{"id":2681,"url":"https:\/\/www.ogrodolszanica.pl\/index.php\/produkt\/ostrozka-pacific-summer-skies\/","url_meta":{"origin":1834,"position":0},"title":"Ostr\u00f3\u017cka Pacific Summer Skies","date":"31 stycznia, 2024","format":false,"excerpt":"Ostr\u00f3\u017cka Pacific Summer Skies \u00a0 Rodzaj: Ostr\u00f3\u017cka Barwa: Niebieska z bia\u0142ym oczkiem szeroko\u015b\u0107: 60 cm wysoko\u015b\u0107: 120\u00a0cm wysoko\u015b\u0107 (kwitnienie): 180\u00a0cm kwitnienie: czerwiec \u00f7 sierpie\u0144 stanowisko:\u00a0s\u0142oneczne Dobierz odpowiednie pod\u0142o\u017ce z wybranych produkt\u00f3w w naszym sklepie: Pod\u0142o\u017ca \u00a0 \u00a0","rel":"","context":"Similar post","img":{"alt_text":"","src":"https:\/\/i0.wp.com\/www.ogrodolszanica.pl\/wp-content\/uploads\/2024\/01\/byliny-i-trawy_pacific_72422_1.jpg?fit=450%2C450&ssl=1&resize=350%2C200","width":350,"height":200},"classes":[]},{"id":2683,"url":"https:\/\/www.ogrodolszanica.pl\/index.php\/produkt\/ostrozka-pacific-galahad-2\/","url_meta":{"origin":1834,"position":1},"title":"Ostr\u00f3\u017cka Pacific Galahad","date":"31 stycznia, 2024","format":false,"excerpt":"Ostr\u00f3\u017cka Pacific Galahad \u00a0 Rodzaj: Ostr\u00f3\u017cka Barwa: Bia\u0142a szeroko\u015b\u0107: 60 cm wysoko\u015b\u0107: 120\u00a0cm wysoko\u015b\u0107 (kwitnienie): 180\u00a0cm kwitnienie: czerwiec \u00f7 sierpie\u0144 stanowisko:\u00a0s\u0142oneczne Dobierz odpowiednie pod\u0142o\u017ce z wybranych produkt\u00f3w w naszym sklepie: Pod\u0142o\u017ca \u00a0","rel":"","context":"Similar post","img":{"alt_text":"","src":"https:\/\/i0.wp.com\/www.ogrodolszanica.pl\/wp-content\/uploads\/2024\/01\/byliny-i-trawy_pacific_72426_1-1.jpg?fit=450%2C450&ssl=1&resize=350%2C200","width":350,"height":200},"classes":[]},{"id":1792,"url":"https:\/\/www.ogrodolszanica.pl\/index.php\/produkt\/ostrozka-pacific-astolat\/","url_meta":{"origin":1834,"position":2},"title":"Ostr\u00f3\u017cka Pacific Astolat","date":"19 lipca, 2022","format":false,"excerpt":"Ostr\u00f3\u017cka Pacific Astolat Bylina wyr\u00f3\u017cniaj\u0105ca si\u0119 bardzo obfitym i efektownym kwitnieniem. Kwiaty w delikatnym, lawendowo-r\u00f3\u017cowym kolorze z bia\u0142ym \u015brodkiem zebrane s\u0105 w wyd\u0142u\u017cone, groniaste kwiatostany. Zielone, silnie powcinane li\u015bcie byliny tworz\u0105 niskie k\u0119pki, ponad kt\u00f3rymi od czerwca do lipca wznosz\u0105 si\u0119 okaza\u0142e kwiatostany w pi\u0119knym, pastelowym kolorze. Jedna z najpopularniejszych\u2026","rel":"","context":"Similar post","img":{"alt_text":"","src":"https:\/\/i0.wp.com\/www.ogrodolszanica.pl\/wp-content\/uploads\/2022\/07\/294243773_1096679031204837_1763613816600825781_n.jpg?fit=898%2C1200&ssl=1&resize=350%2C200","width":350,"height":200},"classes":[]},{"id":2649,"url":"https:\/\/www.ogrodolszanica.pl\/index.php\/produkt\/ostrozka-pacific-galahad\/","url_meta":{"origin":1834,"position":3},"title":"Od\u0119tka wirginijska 'Rosea&#8217; Physostegia virginiana","date":"30 stycznia, 2024","format":false,"excerpt":"Od\u0119tka wirginijska 'Rosea\u2019 Physostegia virginiana Od\u0119tka wirginijska 'Rosea' zachwyca d\u0142ugim, widowiskowym, niezwykle obfitym kwitnieniem. Bylina bardzo szybko rozrasta si\u0119 poprzez podziemne roz\u0142ogi i jest dosy\u0107 ekspansywna. Maksymalnie osi\u0105ga oko\u0142o 40-80 cm wysoko\u015bci. Posiada wyprostowane, mocne, sztywne p\u0119dy, na kt\u00f3rych osadzone s\u0105 ciemnozielone, lancetowate, siedz\u0105ce, g\u0142adkie li\u015bcie o ostro z\u0105bkowanych brzegach.\u2026","rel":"","context":"Similar post","img":{"alt_text":"","src":"https:\/\/i0.wp.com\/www.ogrodolszanica.pl\/wp-content\/uploads\/2024\/01\/Odetka-wirginijska-Rosea-Physostegia-virginiana-scaled.jpg?fit=904%2C1200&ssl=1&resize=350%2C200","width":350,"height":200},"classes":[]},{"id":1518,"url":"https:\/\/www.ogrodolszanica.pl\/index.php\/produkt\/jezowka-fountain-pink-eye\/","url_meta":{"origin":1834,"position":4},"title":"Je\u017c\u00f3wka Fountain Pink Eye","date":"8 lipca, 2022","format":false,"excerpt":"Je\u017c\u00f3wka Fountain Pink Eye Liczne bia\u0142o-r\u00f3\u017cowe kwiaty na kr\u00f3tkich \u0142odygach ciesz\u0105 oko od czerwca do wrze\u015bnia. Ro\u015blina wymaga pe\u0142nego s\u0142o\u0144ca. Szczeg\u00f3lnie pi\u0119kna w grupach z innymi je\u017c\u00f3wkami. Wymaga przepuszczalnego pod\u0142o\u017ca, ale potrzebuje wody w miesi\u0105cach letnich. Oczyszczanie ro\u015bliny dopiero na wiosn\u0119 wspomo\u017ce spokojne przezimowanie. Rodzaj: Je\u017c\u00f3wka Barwa: Jasnor\u00f3\u017cowy szeroko\u015b\u0107: 40\u00a0cm\u2026","rel":"","context":"Similar post","img":{"alt_text":"","src":"https:\/\/i0.wp.com\/www.ogrodolszanica.pl\/wp-content\/uploads\/2022\/07\/echinacea-trevi-fountain_4.jpg?fit=433%2C650&ssl=1&resize=350%2C200","width":350,"height":200},"classes":[]},{"id":2341,"url":"https:\/\/www.ogrodolszanica.pl\/index.php\/produkt\/jezowka-fountain-light-purple\/","url_meta":{"origin":1834,"position":5},"title":"Je\u017c\u00f3wka Fountain Light Purple","date":"21 lipca, 2023","format":false,"excerpt":"Je\u017c\u00f3wka Fountain Light Purple Liczne r\u00f3\u017cowe kwiaty na kr\u00f3tkich \u0142odygach b\u0119d\u0105 zwraca\u0107 nasz\u0105 uwag\u0119 od czerwca do wrze\u015bnia. Ro\u015blina wymaga pe\u0142nego s\u0142o\u0144ca. Szczeg\u00f3lnie pi\u0119kna w grupie z innymi je\u017c\u00f3wkami. Pod\u0142o\u017ce powinno by\u0107 przepuszczalne o dobrym drena\u017cu. Bardzo potrzebuje wody, szczeg\u00f3lnie latem. Oczyszcza\u0107 dopiero wiosn\u0105 co pomo\u017ce ro\u015blinie przezimowa\u0107. Rodzaj: Je\u017c\u00f3wka\u2026","rel":"","context":"Similar post","img":{"alt_text":"","src":"https:\/\/i0.wp.com\/www.ogrodolszanica.pl\/wp-content\/uploads\/2023\/07\/byliny-i-trawy_fountain_77448_4.jpg?fit=434%2C650&ssl=1&resize=350%2C200","width":350,"height":200},"classes":[]}],"_links":{"self":[{"href":"https:\/\/www.ogrodolszanica.pl\/index.php\/wp-json\/wp\/v2\/product\/1834","targetHints":{"allow":["GET"]}}],"collection":[{"href":"https:\/\/www.ogrodolszanica.pl\/index.php\/wp-json\/wp\/v2\/product"}],"about":[{"href":"https:\/\/www.ogrodolszanica.pl\/index.php\/wp-json\/wp\/v2\/types\/product"}],"replies":[{"embeddable":true,"href":"https:\/\/www.ogrodolszanica.pl\/index.php\/wp-json\/wp\/v2\/comments?post=1834"}],"wp:featuredmedia":[{"embeddable":true,"href":"https:\/\/www.ogrodolszanica.pl\/index.php\/wp-json\/wp\/v2\/media\/1832"}],"wp:attachment":[{"href":"https:\/\/www.ogrodolszanica.pl\/index.php\/wp-json\/wp\/v2\/media?parent=1834"}],"wp:term":[{"taxonomy":"product_cat","embeddable":true,"href":"https:\/\/www.ogrodolszanica.pl\/index.php\/wp-json\/wp\/v2\/product_cat?post=1834"},{"taxonomy":"product_tag","embeddable":true,"href":"https:\/\/www.ogrodolszanica.pl\/index.php\/wp-json\/wp\/v2\/product_tag?post=1834"}],"curies":[{"name":"wp","href":"https:\/\/api.w.org\/{rel}","templated":true}]}}