{"id":1817,"date":"2022-07-19T13:00:35","date_gmt":"2022-07-19T13:00:35","guid":{"rendered":"https:\/\/www.ogrodolszanica.pl\/?post_type=product&#038;p=1817"},"modified":"2026-03-03T17:46:07","modified_gmt":"2026-03-03T17:46:07","slug":"torf","status":"publish","type":"product","link":"https:\/\/www.ogrodolszanica.pl\/index.php\/produkt\/torf\/","title":{"rendered":"Torf 20 L"},"content":{"rendered":"<h1 style=\"text-align: center;\">Torf 80 L<\/h1>\n<ul>\n<li>ilo\u015b\u0107: <strong>80<\/strong> L<\/li>\n<\/ul>\n<p>&nbsp;<\/p>\n","protected":false},"excerpt":{"rendered":"<p>Torf 80 L ilo\u015b\u0107: 80 L &nbsp;<\/p>\n","protected":false},"featured_media":1819,"comment_status":"open","ping_status":"closed","template":"","meta":{"site-sidebar-layout":"default","site-content-layout":"default","ast-global-header-display":"","ast-main-header-display":"","ast-hfb-above-header-display":"","ast-hfb-below-header-display":"","ast-hfb-mobile-header-display":"","site-post-title":"","ast-breadcrumbs-content":"","ast-featured-img":"","footer-sml-layout":"","theme-transparent-header-meta":"default","adv-header-id-meta":"","stick-header-meta":"","header-above-stick-meta":"","header-main-stick-meta":"","header-below-stick-meta":"","spay_email":""},"product_cat":[36,28,21],"product_tag":[],"class_list":["post-1817","product","type-product","status-publish","has-post-thumbnail","hentry","product_cat-nawozy","product_cat-podloza","product_cat-zin"],"yoast_head":"<!-- This site is optimized with the Yoast SEO plugin v19.2 - https:\/\/yoast.com\/wordpress\/plugins\/seo\/ -->\n<title>Torf 20 L - Ogr&oacute;d Olszanica<\/title>\n<meta name=\"robots\" content=\"index, follow, max-snippet:-1, max-image-preview:large, max-video-preview:-1\" \/>\n<link rel=\"canonical\" href=\"https:\/\/www.ogrodolszanica.pl\/index.php\/produkt\/torf\/\" \/>\n<meta property=\"og:locale\" content=\"pl_PL\" \/>\n<meta property=\"og:type\" content=\"article\" \/>\n<meta property=\"og:title\" content=\"Torf 20 L - Ogr&oacute;d Olszanica\" \/>\n<meta property=\"og:description\" content=\"Torf 80 L ilo\u015b\u0107: 80 L &nbsp;\" \/>\n<meta property=\"og:url\" content=\"https:\/\/www.ogrodolszanica.pl\/index.php\/produkt\/torf\/\" \/>\n<meta property=\"og:site_name\" content=\"Ogr&oacute;d Olszanica\" \/>\n<meta property=\"article:publisher\" content=\"https:\/\/www.facebook.com\/Ogrd-Olszanica-100807179225223\" \/>\n<meta property=\"article:modified_time\" content=\"2026-03-03T17:46:07+00:00\" \/>\n<meta property=\"og:image\" content=\"https:\/\/www.ogrodolszanica.pl\/wp-content\/uploads\/2022\/07\/torf.jpg\" \/>\n\t<meta property=\"og:image:width\" content=\"300\" \/>\n\t<meta property=\"og:image:height\" content=\"515\" \/>\n\t<meta property=\"og:image:type\" content=\"image\/jpeg\" \/>\n<meta name=\"author\" content=\"admin\" \/>\n<meta name=\"twitter:card\" content=\"summary_large_image\" \/>\n<meta name=\"twitter:label1\" content=\"Szacowany czas czytania\" \/>\n\t<meta name=\"twitter:data1\" content=\"1 minuta\" \/>\n<script type=\"application\/ld+json\" class=\"yoast-schema-graph\">{\"@context\":\"https:\/\/schema.org\",\"@graph\":[{\"@type\":\"Organization\",\"@id\":\"https:\/\/www.ogrodolszanica.pl\/#organization\",\"name\":\"Ogr\u00f3d Olszanica - Krakowskie Centrum Ogrodnicze\",\"url\":\"https:\/\/www.ogrodolszanica.pl\/\",\"sameAs\":[\"https:\/\/www.facebook.com\/Ogrd-Olszanica-100807179225223\"],\"logo\":{\"@type\":\"ImageObject\",\"inLanguage\":\"pl-PL\",\"@id\":\"https:\/\/www.ogrodolszanica.pl\/#\/schema\/logo\/image\/\",\"url\":\"http:\/\/www.ogrodolszanica.pl\/wp-content\/uploads\/2022\/06\/Ogrod-Olszanica1-1.png\",\"contentUrl\":\"http:\/\/www.ogrodolszanica.pl\/wp-content\/uploads\/2022\/06\/Ogrod-Olszanica1-1.png\",\"width\":180,\"height\":60,\"caption\":\"Ogr\u00f3d Olszanica - Krakowskie Centrum Ogrodnicze\"},\"image\":{\"@id\":\"https:\/\/www.ogrodolszanica.pl\/#\/schema\/logo\/image\/\"}},{\"@type\":\"WebSite\",\"@id\":\"https:\/\/www.ogrodolszanica.pl\/#website\",\"url\":\"https:\/\/www.ogrodolszanica.pl\/\",\"name\":\"Ogr&oacute;d Olszanica\",\"description\":\"Centrum Ogrodnicze Krak&oacute;w\",\"publisher\":{\"@id\":\"https:\/\/www.ogrodolszanica.pl\/#organization\"},\"potentialAction\":[{\"@type\":\"SearchAction\",\"target\":{\"@type\":\"EntryPoint\",\"urlTemplate\":\"https:\/\/www.ogrodolszanica.pl\/?s={search_term_string}\"},\"query-input\":\"required name=search_term_string\"}],\"inLanguage\":\"pl-PL\"},{\"@type\":\"ImageObject\",\"inLanguage\":\"pl-PL\",\"@id\":\"https:\/\/www.ogrodolszanica.pl\/index.php\/produkt\/torf\/#primaryimage\",\"url\":\"https:\/\/i0.wp.com\/www.ogrodolszanica.pl\/wp-content\/uploads\/2022\/07\/torf.jpg?fit=300%2C515&ssl=1\",\"contentUrl\":\"https:\/\/i0.wp.com\/www.ogrodolszanica.pl\/wp-content\/uploads\/2022\/07\/torf.jpg?fit=300%2C515&ssl=1\",\"width\":300,\"height\":515},{\"@type\":\"WebPage\",\"@id\":\"https:\/\/www.ogrodolszanica.pl\/index.php\/produkt\/torf\/#webpage\",\"url\":\"https:\/\/www.ogrodolszanica.pl\/index.php\/produkt\/torf\/\",\"name\":\"Torf 20 L - Ogr&oacute;d Olszanica\",\"isPartOf\":{\"@id\":\"https:\/\/www.ogrodolszanica.pl\/#website\"},\"primaryImageOfPage\":{\"@id\":\"https:\/\/www.ogrodolszanica.pl\/index.php\/produkt\/torf\/#primaryimage\"},\"datePublished\":\"2022-07-19T13:00:35+00:00\",\"dateModified\":\"2026-03-03T17:46:07+00:00\",\"breadcrumb\":{\"@id\":\"https:\/\/www.ogrodolszanica.pl\/index.php\/produkt\/torf\/#breadcrumb\"},\"inLanguage\":\"pl-PL\",\"potentialAction\":[{\"@type\":\"ReadAction\",\"target\":[\"https:\/\/www.ogrodolszanica.pl\/index.php\/produkt\/torf\/\"]}]},{\"@type\":\"BreadcrumbList\",\"@id\":\"https:\/\/www.ogrodolszanica.pl\/index.php\/produkt\/torf\/#breadcrumb\",\"itemListElement\":[{\"@type\":\"ListItem\",\"position\":1,\"name\":\"Strona g\u0142\u00f3wna\",\"item\":\"https:\/\/www.ogrodolszanica.pl\/\"},{\"@type\":\"ListItem\",\"position\":2,\"name\":\"Produkty\",\"item\":\"https:\/\/www.ogrodolszanica.pl\/index.php\/shop\/\"},{\"@type\":\"ListItem\",\"position\":3,\"name\":\"Torf 20 L\"}]}]}<\/script>\n<!-- \/ Yoast SEO plugin. -->","yoast_head_json":{"title":"Torf 20 L - Ogr&oacute;d Olszanica","robots":{"index":"index","follow":"follow","max-snippet":"max-snippet:-1","max-image-preview":"max-image-preview:large","max-video-preview":"max-video-preview:-1"},"canonical":"https:\/\/www.ogrodolszanica.pl\/index.php\/produkt\/torf\/","og_locale":"pl_PL","og_type":"article","og_title":"Torf 20 L - Ogr&oacute;d Olszanica","og_description":"Torf 80 L ilo\u015b\u0107: 80 L &nbsp;","og_url":"https:\/\/www.ogrodolszanica.pl\/index.php\/produkt\/torf\/","og_site_name":"Ogr&oacute;d Olszanica","article_publisher":"https:\/\/www.facebook.com\/Ogrd-Olszanica-100807179225223","article_modified_time":"2026-03-03T17:46:07+00:00","og_image":[{"width":300,"height":515,"url":"https:\/\/www.ogrodolszanica.pl\/wp-content\/uploads\/2022\/07\/torf.jpg","type":"image\/jpeg"}],"author":"admin","twitter_card":"summary_large_image","twitter_misc":{"Szacowany czas czytania":"1 minuta"},"schema":{"@context":"https:\/\/schema.org","@graph":[{"@type":"Organization","@id":"https:\/\/www.ogrodolszanica.pl\/#organization","name":"Ogr\u00f3d Olszanica - Krakowskie Centrum Ogrodnicze","url":"https:\/\/www.ogrodolszanica.pl\/","sameAs":["https:\/\/www.facebook.com\/Ogrd-Olszanica-100807179225223"],"logo":{"@type":"ImageObject","inLanguage":"pl-PL","@id":"https:\/\/www.ogrodolszanica.pl\/#\/schema\/logo\/image\/","url":"http:\/\/www.ogrodolszanica.pl\/wp-content\/uploads\/2022\/06\/Ogrod-Olszanica1-1.png","contentUrl":"http:\/\/www.ogrodolszanica.pl\/wp-content\/uploads\/2022\/06\/Ogrod-Olszanica1-1.png","width":180,"height":60,"caption":"Ogr\u00f3d Olszanica - Krakowskie Centrum Ogrodnicze"},"image":{"@id":"https:\/\/www.ogrodolszanica.pl\/#\/schema\/logo\/image\/"}},{"@type":"WebSite","@id":"https:\/\/www.ogrodolszanica.pl\/#website","url":"https:\/\/www.ogrodolszanica.pl\/","name":"Ogr&oacute;d Olszanica","description":"Centrum Ogrodnicze Krak&oacute;w","publisher":{"@id":"https:\/\/www.ogrodolszanica.pl\/#organization"},"potentialAction":[{"@type":"SearchAction","target":{"@type":"EntryPoint","urlTemplate":"https:\/\/www.ogrodolszanica.pl\/?s={search_term_string}"},"query-input":"required name=search_term_string"}],"inLanguage":"pl-PL"},{"@type":"ImageObject","inLanguage":"pl-PL","@id":"https:\/\/www.ogrodolszanica.pl\/index.php\/produkt\/torf\/#primaryimage","url":"https:\/\/i0.wp.com\/www.ogrodolszanica.pl\/wp-content\/uploads\/2022\/07\/torf.jpg?fit=300%2C515&ssl=1","contentUrl":"https:\/\/i0.wp.com\/www.ogrodolszanica.pl\/wp-content\/uploads\/2022\/07\/torf.jpg?fit=300%2C515&ssl=1","width":300,"height":515},{"@type":"WebPage","@id":"https:\/\/www.ogrodolszanica.pl\/index.php\/produkt\/torf\/#webpage","url":"https:\/\/www.ogrodolszanica.pl\/index.php\/produkt\/torf\/","name":"Torf 20 L - Ogr&oacute;d Olszanica","isPartOf":{"@id":"https:\/\/www.ogrodolszanica.pl\/#website"},"primaryImageOfPage":{"@id":"https:\/\/www.ogrodolszanica.pl\/index.php\/produkt\/torf\/#primaryimage"},"datePublished":"2022-07-19T13:00:35+00:00","dateModified":"2026-03-03T17:46:07+00:00","breadcrumb":{"@id":"https:\/\/www.ogrodolszanica.pl\/index.php\/produkt\/torf\/#breadcrumb"},"inLanguage":"pl-PL","potentialAction":[{"@type":"ReadAction","target":["https:\/\/www.ogrodolszanica.pl\/index.php\/produkt\/torf\/"]}]},{"@type":"BreadcrumbList","@id":"https:\/\/www.ogrodolszanica.pl\/index.php\/produkt\/torf\/#breadcrumb","itemListElement":[{"@type":"ListItem","position":1,"name":"Strona g\u0142\u00f3wna","item":"https:\/\/www.ogrodolszanica.pl\/"},{"@type":"ListItem","position":2,"name":"Produkty","item":"https:\/\/www.ogrodolszanica.pl\/index.php\/shop\/"},{"@type":"ListItem","position":3,"name":"Torf 20 L"}]}]}},"jetpack-related-posts":[{"id":1802,"url":"https:\/\/www.ogrodolszanica.pl\/index.php\/produkt\/kora-mielona\/","url_meta":{"origin":1817,"position":0},"title":"Kora Mielona R\u0119cznie 80 L","date":"19 lipca, 2022","format":false,"excerpt":"Kora Mielona R\u0119cznie 80 L ilo\u015b\u0107: 80 L \u00a0","rel":"","context":"Similar post","img":{"alt_text":"","src":"https:\/\/i0.wp.com\/www.ogrodolszanica.pl\/wp-content\/uploads\/2022\/07\/292044682_379330940957522_8533224428653737097_n.jpg?fit=900%2C1200&ssl=1&resize=350%2C200","width":350,"height":200},"classes":[]},{"id":1810,"url":"https:\/\/www.ogrodolszanica.pl\/index.php\/produkt\/kora-mielona-2\/","url_meta":{"origin":1817,"position":1},"title":"Kora Mielona Frakcja 0,3-0,6 80 L","date":"19 lipca, 2022","format":false,"excerpt":"Kora Mielona Frakcja 0,3-0,6 80 L ilo\u015b\u0107: 80 L Brak mo\u017cliwo\u015bci wysy\u0142ki\u00a0 - odbi\u00f3r tylko osobisty lub dow\u00f3z na terenie Krakowa.","rel":"","context":"Similar post","img":{"alt_text":"","src":"https:\/\/i0.wp.com\/www.ogrodolszanica.pl\/wp-content\/uploads\/2022\/07\/kora-mielona-1.jpg?fit=300%2C558&ssl=1&resize=350%2C200","width":350,"height":200},"classes":[]},{"id":1799,"url":"https:\/\/www.ogrodolszanica.pl\/index.php\/produkt\/ziemia-uniwersalna-do-kwiatow-i-warzyw-z-nawozem\/","url_meta":{"origin":1817,"position":2},"title":"Ziemia Uniwersalna Do Kwiat\u00f3w I Warzyw Z Nawozem 80 L","date":"19 lipca, 2022","format":false,"excerpt":"Ziemia Uniwersalna Do Kwiat\u00f3w I Warzyw Z Nawozem 80 L ilo\u015b\u0107: 80 L Brak mo\u017cliwo\u015bci wysy\u0142ki\u00a0 - odbi\u00f3r tylko osobisty lub dow\u00f3z na terenie Krakowa.","rel":"","context":"Similar post","img":{"alt_text":"","src":"https:\/\/i0.wp.com\/www.ogrodolszanica.pl\/wp-content\/uploads\/2022\/07\/ziemia-uniwerslna.jpg?fit=300%2C558&ssl=1&resize=350%2C200","width":350,"height":200},"classes":[]},{"id":1812,"url":"https:\/\/www.ogrodolszanica.pl\/index.php\/produkt\/ziemia-kwiatowa\/","url_meta":{"origin":1817,"position":3},"title":"Ziemia Kwiatowa 50 L","date":"19 lipca, 2022","format":false,"excerpt":"Ziemia Kwiatowa 50 L ilo\u015b\u0107: 50 L Brak mo\u017cliwo\u015bci wysy\u0142ki\u00a0 - odbi\u00f3r tylko osobisty lub dow\u00f3z na terenie Krakowa.","rel":"","context":"Similar post","img":{"alt_text":"","src":"https:\/\/i0.wp.com\/www.ogrodolszanica.pl\/wp-content\/uploads\/2022\/07\/ziemia-kwiatowa-2.jpg?fit=300%2C558&ssl=1&resize=350%2C200","width":350,"height":200},"classes":[]},{"id":1816,"url":"https:\/\/www.ogrodolszanica.pl\/index.php\/produkt\/podloze-do-borowki-amerykanskiej-z-nawozem\/","url_meta":{"origin":1817,"position":4},"title":"Pod\u0142o\u017ce Do Bor\u00f3wki Ameryka\u0144skiej Z Nawozem 50 L","date":"19 lipca, 2022","format":false,"excerpt":"Pod\u0142o\u017ce Do Bor\u00f3wki Ameryka\u0144skiej Z Nawozem 50 L ilo\u015b\u0107: 50 L \u00a0","rel":"","context":"Similar post","img":{"alt_text":"","src":"https:\/\/i0.wp.com\/www.ogrodolszanica.pl\/wp-content\/uploads\/2022\/07\/podloze-do-borowki.jpg?fit=300%2C558&ssl=1&resize=350%2C200","width":350,"height":200},"classes":[]},{"id":1804,"url":"https:\/\/www.ogrodolszanica.pl\/index.php\/produkt\/ziemia-do-iglakow-z-nawozem\/","url_meta":{"origin":1817,"position":5},"title":"Ziemia Do Iglak\u00f3w Z Nawozem 50 L","date":"19 lipca, 2022","format":false,"excerpt":"Ziemia Do Iglak\u00f3w Z Nawozem 50 L ilo\u015b\u0107: 50 L Brak mo\u017cliwo\u015bci wysy\u0142ki\u00a0 - odbi\u00f3r tylko osobisty lub dow\u00f3z na terenie Krakowa.","rel":"","context":"Similar post","img":{"alt_text":"","src":"https:\/\/i0.wp.com\/www.ogrodolszanica.pl\/wp-content\/uploads\/2022\/07\/ziemia-do-iglakow.jpg?fit=300%2C558&ssl=1&resize=350%2C200","width":350,"height":200},"classes":[]}],"_links":{"self":[{"href":"https:\/\/www.ogrodolszanica.pl\/index.php\/wp-json\/wp\/v2\/product\/1817","targetHints":{"allow":["GET"]}}],"collection":[{"href":"https:\/\/www.ogrodolszanica.pl\/index.php\/wp-json\/wp\/v2\/product"}],"about":[{"href":"https:\/\/www.ogrodolszanica.pl\/index.php\/wp-json\/wp\/v2\/types\/product"}],"replies":[{"embeddable":true,"href":"https:\/\/www.ogrodolszanica.pl\/index.php\/wp-json\/wp\/v2\/comments?post=1817"}],"wp:featuredmedia":[{"embeddable":true,"href":"https:\/\/www.ogrodolszanica.pl\/index.php\/wp-json\/wp\/v2\/media\/1819"}],"wp:attachment":[{"href":"https:\/\/www.ogrodolszanica.pl\/index.php\/wp-json\/wp\/v2\/media?parent=1817"}],"wp:term":[{"taxonomy":"product_cat","embeddable":true,"href":"https:\/\/www.ogrodolszanica.pl\/index.php\/wp-json\/wp\/v2\/product_cat?post=1817"},{"taxonomy":"product_tag","embeddable":true,"href":"https:\/\/www.ogrodolszanica.pl\/index.php\/wp-json\/wp\/v2\/product_tag?post=1817"}],"curies":[{"name":"wp","href":"https:\/\/api.w.org\/{rel}","templated":true}]}}