{"id":1774,"date":"2022-07-19T08:54:33","date_gmt":"2022-07-19T08:54:33","guid":{"rendered":"https:\/\/www.ogrodolszanica.pl\/?post_type=product&#038;p=1774"},"modified":"2026-03-03T17:50:27","modified_gmt":"2026-03-03T17:50:27","slug":"winorosl-swenson-red","status":"publish","type":"product","link":"https:\/\/www.ogrodolszanica.pl\/index.php\/produkt\/winorosl-swenson-red\/","title":{"rendered":"Winoro\u015bl Swenson Red"},"content":{"rendered":"<h1 style=\"text-align: center;\">Winoro\u015bl Swenson Red<\/h1>\n<p>Winoro\u015bl Swanson Red to jedna z bardziej popularnych w Polsce odmian. Idealna do altan, poniewa\u017c silnie si\u0119 rozrasta. Du\u017cym atutem jest te\u017c fakt, \u017ce jest \u0142atwa w uprawie, praktycznie nie wymaga oprysk\u00f3w.<\/p>\n<ul>\n<li>Rodzaj: Winoro\u015bl<\/li>\n<li>Barwa: Jasnopurpurowy<\/li>\n<li>\n<div>szeroko\u015b\u0107: <strong>30 cm<\/strong><\/div>\n<\/li>\n<li>\n<div><b><\/b>wysoko\u015b\u0107: <strong>50<\/strong><b>\u00a0cm<\/b><\/div>\n<\/li>\n<li>\n<div><b><\/b>wysoko\u015b\u0107 (kwitnienie): <strong>300-500<\/strong><b>\u00a0cm<\/b><\/div>\n<\/li>\n<li>\n<div><b><\/b>kwitnienie: <b>sierpie\u0144 \u00f7 wrzesie\u0144<\/b><\/div>\n<\/li>\n<li>\n<div><b><\/b>stanowisko:\u00a0<b>s\u0142oneczne, p\u00f3\u0142cieniste<\/b><\/div>\n<\/li>\n<\/ul>\n<p>Dobierz odpowiednie pod\u0142o\u017ce z wybranych produkt\u00f3w w naszym sklepie: <a href=\"https:\/\/www.ogrodolszanica.pl\/index.php\/kategoria-produktu\/zin\/\">Pod\u0142o\u017ca<\/a><\/p>\n<p>&nbsp;<\/p>\n","protected":false},"excerpt":{"rendered":"<p>Winoro\u015bl Swenson Red Winoro\u015bl Swanson Red to jedna z bardziej popularnych w Polsce odmian. Idealna do altan, poniewa\u017c silnie si\u0119 rozrasta. Du\u017cym atutem jest te\u017c fakt, \u017ce jest \u0142atwa w uprawie, praktycznie nie wymaga oprysk\u00f3w. Rodzaj: Winoro\u015bl Barwa: Jasnopurpurowy szeroko\u015b\u0107: 30 cm wysoko\u015b\u0107: 50\u00a0cm wysoko\u015b\u0107 (kwitnienie): 300-500\u00a0cm kwitnienie: sierpie\u0144 \u00f7 wrzesie\u0144 stanowisko:\u00a0s\u0142oneczne, p\u00f3\u0142cieniste Dobierz odpowiednie &hellip;<\/p>\n<p class=\"read-more\"> <a class=\"\" href=\"https:\/\/www.ogrodolszanica.pl\/index.php\/produkt\/winorosl-swenson-red\/\"> <span class=\"screen-reader-text\">Winoro\u015bl Swenson Red<\/span> Read More &raquo;<\/a><\/p>\n","protected":false},"featured_media":1775,"comment_status":"open","ping_status":"closed","template":"","meta":{"site-sidebar-layout":"default","site-content-layout":"default","ast-global-header-display":"","ast-main-header-display":"","ast-hfb-above-header-display":"","ast-hfb-below-header-display":"","ast-hfb-mobile-header-display":"","site-post-title":"","ast-breadcrumbs-content":"","ast-featured-img":"","footer-sml-layout":"","theme-transparent-header-meta":"default","adv-header-id-meta":"","stick-header-meta":"","header-above-stick-meta":"","header-main-stick-meta":"","header-below-stick-meta":"","spay_email":""},"product_cat":[38,20],"product_tag":[],"class_list":["post-1774","product","type-product","status-publish","has-post-thumbnail","hentry","product_cat-pnacza","product_cat-rosliny"],"yoast_head":"<!-- This site is optimized with the Yoast SEO plugin v19.2 - https:\/\/yoast.com\/wordpress\/plugins\/seo\/ -->\n<title>Winoro\u015bl Swenson Red - Ogr&oacute;d Olszanica<\/title>\n<meta name=\"robots\" content=\"index, follow, max-snippet:-1, max-image-preview:large, max-video-preview:-1\" \/>\n<link rel=\"canonical\" href=\"https:\/\/www.ogrodolszanica.pl\/index.php\/produkt\/winorosl-swenson-red\/\" \/>\n<meta property=\"og:locale\" content=\"pl_PL\" \/>\n<meta property=\"og:type\" content=\"article\" \/>\n<meta property=\"og:title\" content=\"Winoro\u015bl Swenson Red - Ogr&oacute;d Olszanica\" \/>\n<meta property=\"og:description\" content=\"Winoro\u015bl Swenson Red Winoro\u015bl Swanson Red to jedna z bardziej popularnych w Polsce odmian. Idealna do altan, poniewa\u017c silnie si\u0119 rozrasta. Du\u017cym atutem jest te\u017c fakt, \u017ce jest \u0142atwa w uprawie, praktycznie nie wymaga oprysk\u00f3w. Rodzaj: Winoro\u015bl Barwa: Jasnopurpurowy szeroko\u015b\u0107: 30 cm wysoko\u015b\u0107: 50\u00a0cm wysoko\u015b\u0107 (kwitnienie): 300-500\u00a0cm kwitnienie: sierpie\u0144 \u00f7 wrzesie\u0144 stanowisko:\u00a0s\u0142oneczne, p\u00f3\u0142cieniste Dobierz odpowiednie &hellip; Winoro\u015bl Swenson Red Read More &raquo;\" \/>\n<meta property=\"og:url\" content=\"https:\/\/www.ogrodolszanica.pl\/index.php\/produkt\/winorosl-swenson-red\/\" \/>\n<meta property=\"og:site_name\" content=\"Ogr&oacute;d Olszanica\" \/>\n<meta property=\"article:publisher\" content=\"https:\/\/www.facebook.com\/Ogrd-Olszanica-100807179225223\" \/>\n<meta property=\"article:modified_time\" content=\"2026-03-03T17:50:27+00:00\" \/>\n<meta property=\"og:image\" content=\"https:\/\/www.ogrodolszanica.pl\/wp-content\/uploads\/2022\/07\/292739058_768343157629248_1687493688627659145_n.jpg\" \/>\n\t<meta property=\"og:image:width\" content=\"1500\" \/>\n\t<meta property=\"og:image:height\" content=\"2000\" \/>\n\t<meta property=\"og:image:type\" content=\"image\/jpeg\" \/>\n<meta name=\"author\" content=\"admin\" \/>\n<meta name=\"twitter:card\" content=\"summary_large_image\" \/>\n<meta name=\"twitter:label1\" content=\"Szacowany czas czytania\" \/>\n\t<meta name=\"twitter:data1\" content=\"1 minuta\" \/>\n<script type=\"application\/ld+json\" class=\"yoast-schema-graph\">{\"@context\":\"https:\/\/schema.org\",\"@graph\":[{\"@type\":\"Organization\",\"@id\":\"https:\/\/www.ogrodolszanica.pl\/#organization\",\"name\":\"Ogr\u00f3d Olszanica - Krakowskie Centrum Ogrodnicze\",\"url\":\"https:\/\/www.ogrodolszanica.pl\/\",\"sameAs\":[\"https:\/\/www.facebook.com\/Ogrd-Olszanica-100807179225223\"],\"logo\":{\"@type\":\"ImageObject\",\"inLanguage\":\"pl-PL\",\"@id\":\"https:\/\/www.ogrodolszanica.pl\/#\/schema\/logo\/image\/\",\"url\":\"http:\/\/www.ogrodolszanica.pl\/wp-content\/uploads\/2022\/06\/Ogrod-Olszanica1-1.png\",\"contentUrl\":\"http:\/\/www.ogrodolszanica.pl\/wp-content\/uploads\/2022\/06\/Ogrod-Olszanica1-1.png\",\"width\":180,\"height\":60,\"caption\":\"Ogr\u00f3d Olszanica - Krakowskie Centrum Ogrodnicze\"},\"image\":{\"@id\":\"https:\/\/www.ogrodolszanica.pl\/#\/schema\/logo\/image\/\"}},{\"@type\":\"WebSite\",\"@id\":\"https:\/\/www.ogrodolszanica.pl\/#website\",\"url\":\"https:\/\/www.ogrodolszanica.pl\/\",\"name\":\"Ogr&oacute;d Olszanica\",\"description\":\"Centrum Ogrodnicze Krak&oacute;w\",\"publisher\":{\"@id\":\"https:\/\/www.ogrodolszanica.pl\/#organization\"},\"potentialAction\":[{\"@type\":\"SearchAction\",\"target\":{\"@type\":\"EntryPoint\",\"urlTemplate\":\"https:\/\/www.ogrodolszanica.pl\/?s={search_term_string}\"},\"query-input\":\"required name=search_term_string\"}],\"inLanguage\":\"pl-PL\"},{\"@type\":\"ImageObject\",\"inLanguage\":\"pl-PL\",\"@id\":\"https:\/\/www.ogrodolszanica.pl\/index.php\/produkt\/winorosl-swenson-red\/#primaryimage\",\"url\":\"https:\/\/i0.wp.com\/www.ogrodolszanica.pl\/wp-content\/uploads\/2022\/07\/292739058_768343157629248_1687493688627659145_n.jpg?fit=1500%2C2000&ssl=1\",\"contentUrl\":\"https:\/\/i0.wp.com\/www.ogrodolszanica.pl\/wp-content\/uploads\/2022\/07\/292739058_768343157629248_1687493688627659145_n.jpg?fit=1500%2C2000&ssl=1\",\"width\":1500,\"height\":2000},{\"@type\":\"WebPage\",\"@id\":\"https:\/\/www.ogrodolszanica.pl\/index.php\/produkt\/winorosl-swenson-red\/#webpage\",\"url\":\"https:\/\/www.ogrodolszanica.pl\/index.php\/produkt\/winorosl-swenson-red\/\",\"name\":\"Winoro\u015bl Swenson Red - Ogr&oacute;d Olszanica\",\"isPartOf\":{\"@id\":\"https:\/\/www.ogrodolszanica.pl\/#website\"},\"primaryImageOfPage\":{\"@id\":\"https:\/\/www.ogrodolszanica.pl\/index.php\/produkt\/winorosl-swenson-red\/#primaryimage\"},\"datePublished\":\"2022-07-19T08:54:33+00:00\",\"dateModified\":\"2026-03-03T17:50:27+00:00\",\"breadcrumb\":{\"@id\":\"https:\/\/www.ogrodolszanica.pl\/index.php\/produkt\/winorosl-swenson-red\/#breadcrumb\"},\"inLanguage\":\"pl-PL\",\"potentialAction\":[{\"@type\":\"ReadAction\",\"target\":[\"https:\/\/www.ogrodolszanica.pl\/index.php\/produkt\/winorosl-swenson-red\/\"]}]},{\"@type\":\"BreadcrumbList\",\"@id\":\"https:\/\/www.ogrodolszanica.pl\/index.php\/produkt\/winorosl-swenson-red\/#breadcrumb\",\"itemListElement\":[{\"@type\":\"ListItem\",\"position\":1,\"name\":\"Strona g\u0142\u00f3wna\",\"item\":\"https:\/\/www.ogrodolszanica.pl\/\"},{\"@type\":\"ListItem\",\"position\":2,\"name\":\"Produkty\",\"item\":\"https:\/\/www.ogrodolszanica.pl\/index.php\/shop\/\"},{\"@type\":\"ListItem\",\"position\":3,\"name\":\"Winoro\u015bl Swenson Red\"}]}]}<\/script>\n<!-- \/ Yoast SEO plugin. -->","yoast_head_json":{"title":"Winoro\u015bl Swenson Red - Ogr&oacute;d Olszanica","robots":{"index":"index","follow":"follow","max-snippet":"max-snippet:-1","max-image-preview":"max-image-preview:large","max-video-preview":"max-video-preview:-1"},"canonical":"https:\/\/www.ogrodolszanica.pl\/index.php\/produkt\/winorosl-swenson-red\/","og_locale":"pl_PL","og_type":"article","og_title":"Winoro\u015bl Swenson Red - Ogr&oacute;d Olszanica","og_description":"Winoro\u015bl Swenson Red Winoro\u015bl Swanson Red to jedna z bardziej popularnych w Polsce odmian. Idealna do altan, poniewa\u017c silnie si\u0119 rozrasta. Du\u017cym atutem jest te\u017c fakt, \u017ce jest \u0142atwa w uprawie, praktycznie nie wymaga oprysk\u00f3w. Rodzaj: Winoro\u015bl Barwa: Jasnopurpurowy szeroko\u015b\u0107: 30 cm wysoko\u015b\u0107: 50\u00a0cm wysoko\u015b\u0107 (kwitnienie): 300-500\u00a0cm kwitnienie: sierpie\u0144 \u00f7 wrzesie\u0144 stanowisko:\u00a0s\u0142oneczne, p\u00f3\u0142cieniste Dobierz odpowiednie &hellip; Winoro\u015bl Swenson Red Read More &raquo;","og_url":"https:\/\/www.ogrodolszanica.pl\/index.php\/produkt\/winorosl-swenson-red\/","og_site_name":"Ogr&oacute;d Olszanica","article_publisher":"https:\/\/www.facebook.com\/Ogrd-Olszanica-100807179225223","article_modified_time":"2026-03-03T17:50:27+00:00","og_image":[{"width":1500,"height":2000,"url":"https:\/\/www.ogrodolszanica.pl\/wp-content\/uploads\/2022\/07\/292739058_768343157629248_1687493688627659145_n.jpg","type":"image\/jpeg"}],"author":"admin","twitter_card":"summary_large_image","twitter_misc":{"Szacowany czas czytania":"1 minuta"},"schema":{"@context":"https:\/\/schema.org","@graph":[{"@type":"Organization","@id":"https:\/\/www.ogrodolszanica.pl\/#organization","name":"Ogr\u00f3d Olszanica - Krakowskie Centrum Ogrodnicze","url":"https:\/\/www.ogrodolszanica.pl\/","sameAs":["https:\/\/www.facebook.com\/Ogrd-Olszanica-100807179225223"],"logo":{"@type":"ImageObject","inLanguage":"pl-PL","@id":"https:\/\/www.ogrodolszanica.pl\/#\/schema\/logo\/image\/","url":"http:\/\/www.ogrodolszanica.pl\/wp-content\/uploads\/2022\/06\/Ogrod-Olszanica1-1.png","contentUrl":"http:\/\/www.ogrodolszanica.pl\/wp-content\/uploads\/2022\/06\/Ogrod-Olszanica1-1.png","width":180,"height":60,"caption":"Ogr\u00f3d Olszanica - Krakowskie Centrum Ogrodnicze"},"image":{"@id":"https:\/\/www.ogrodolszanica.pl\/#\/schema\/logo\/image\/"}},{"@type":"WebSite","@id":"https:\/\/www.ogrodolszanica.pl\/#website","url":"https:\/\/www.ogrodolszanica.pl\/","name":"Ogr&oacute;d Olszanica","description":"Centrum Ogrodnicze Krak&oacute;w","publisher":{"@id":"https:\/\/www.ogrodolszanica.pl\/#organization"},"potentialAction":[{"@type":"SearchAction","target":{"@type":"EntryPoint","urlTemplate":"https:\/\/www.ogrodolszanica.pl\/?s={search_term_string}"},"query-input":"required name=search_term_string"}],"inLanguage":"pl-PL"},{"@type":"ImageObject","inLanguage":"pl-PL","@id":"https:\/\/www.ogrodolszanica.pl\/index.php\/produkt\/winorosl-swenson-red\/#primaryimage","url":"https:\/\/i0.wp.com\/www.ogrodolszanica.pl\/wp-content\/uploads\/2022\/07\/292739058_768343157629248_1687493688627659145_n.jpg?fit=1500%2C2000&ssl=1","contentUrl":"https:\/\/i0.wp.com\/www.ogrodolszanica.pl\/wp-content\/uploads\/2022\/07\/292739058_768343157629248_1687493688627659145_n.jpg?fit=1500%2C2000&ssl=1","width":1500,"height":2000},{"@type":"WebPage","@id":"https:\/\/www.ogrodolszanica.pl\/index.php\/produkt\/winorosl-swenson-red\/#webpage","url":"https:\/\/www.ogrodolszanica.pl\/index.php\/produkt\/winorosl-swenson-red\/","name":"Winoro\u015bl Swenson Red - Ogr&oacute;d Olszanica","isPartOf":{"@id":"https:\/\/www.ogrodolszanica.pl\/#website"},"primaryImageOfPage":{"@id":"https:\/\/www.ogrodolszanica.pl\/index.php\/produkt\/winorosl-swenson-red\/#primaryimage"},"datePublished":"2022-07-19T08:54:33+00:00","dateModified":"2026-03-03T17:50:27+00:00","breadcrumb":{"@id":"https:\/\/www.ogrodolszanica.pl\/index.php\/produkt\/winorosl-swenson-red\/#breadcrumb"},"inLanguage":"pl-PL","potentialAction":[{"@type":"ReadAction","target":["https:\/\/www.ogrodolszanica.pl\/index.php\/produkt\/winorosl-swenson-red\/"]}]},{"@type":"BreadcrumbList","@id":"https:\/\/www.ogrodolszanica.pl\/index.php\/produkt\/winorosl-swenson-red\/#breadcrumb","itemListElement":[{"@type":"ListItem","position":1,"name":"Strona g\u0142\u00f3wna","item":"https:\/\/www.ogrodolszanica.pl\/"},{"@type":"ListItem","position":2,"name":"Produkty","item":"https:\/\/www.ogrodolszanica.pl\/index.php\/shop\/"},{"@type":"ListItem","position":3,"name":"Winoro\u015bl Swenson Red"}]}]}},"jetpack-related-posts":[{"id":1741,"url":"https:\/\/www.ogrodolszanica.pl\/index.php\/produkt\/rozplenica-red-head\/","url_meta":{"origin":1774,"position":0},"title":"Rozplenica Red Head","date":"18 lipca, 2022","format":false,"excerpt":"Rozplenica Red Head Rozplenica kt\u00f3ra tworzy solidne k\u0119py. Mo\u017cna j\u0105 sadzi\u0107 zar\u00f3wno w ma\u0142ych jak i du\u017cych grupach. Wyschni\u0119te kwiatostany s\u0105 dekoracyjne do wiosny. Red Head tworzy kwiatostany o czerwonym zabarwieniu, kt\u00f3re pi\u0119knie kontrastuj\u0105 z ca\u0142o\u015bci\u0105 ro\u015bliny kt\u00f3ra podobna jest w budowie do odmiany Hameln. Rodzaj: Rozplenica Barwa: Zielono-czerwony szeroko\u015b\u0107:\u2026","rel":"","context":"Similar post","img":{"alt_text":"","src":"https:\/\/i0.wp.com\/www.ogrodolszanica.pl\/wp-content\/uploads\/2022\/07\/byliny-i-trawy_pennisetum_74142_1.jpg?fit=500%2C375&ssl=1&resize=350%2C200","width":350,"height":200},"classes":[]},{"id":1490,"url":"https:\/\/www.ogrodolszanica.pl\/index.php\/produkt\/phlox-flame-red\/","url_meta":{"origin":1774,"position":1},"title":"Floks Flame Red","date":"8 lipca, 2022","format":false,"excerpt":"Phlox Flame Red 'Flame' jest jedn\u0105 z najni\u017cszych serii floksa wiechowategona rynku. Odmiany z tej serii maja wy\u017csz\u0105 tolerancj\u0119 na m\u0105czniaka prawdziwego. 'Flame Red' to odmiana o pachn\u0105cych, czerwonych kwiatach zebranych w du\u017ce, g\u0119ste kwiatostany osadzone na sztywnych p\u0119dach, kt\u00f3re po przekwitni\u0119ciu nale\u017cy usuwa\u0107 aby wyd\u0142u\u017cy\u0107 okres kwitnienia. Najlepiej ro\u015bnie\u2026","rel":"","context":"Similar post","img":{"alt_text":"","src":"https:\/\/i0.wp.com\/www.ogrodolszanica.pl\/wp-content\/uploads\/2022\/07\/phlox-paniculata-flame-red_2.jpg?fit=433%2C650&ssl=1&resize=350%2C200","width":350,"height":200},"classes":[]},{"id":1584,"url":"https:\/\/www.ogrodolszanica.pl\/index.php\/produkt\/zagwin-audrey-red\/","url_meta":{"origin":1774,"position":2},"title":"\u017bagwin Audrey Red","date":"13 lipca, 2022","format":false,"excerpt":"\u017bagwin Audrey Red Jest zimozielona i\u00a0tworzy zwarte, pi\u0119kne\u00a0kobierce i poduszki kwiat\u00f3w. Wiosn\u0105 i wczesnym latem pokrywa si\u0119 ogromn\u0105 ilo\u015bci\u0105 czerwono-bordowych kwiat\u00f3w. Wystarcza mu przeci\u0119tnie \u017cyzna gleba, powinna by\u0107 \u015brednio wilgotna, przepuszczalna. Rodzaj: \u017bagwin Barwa: Purpurowy szeroko\u015b\u0107: 60\u00a0cm wysoko\u015b\u0107: 10\u00a0cm wysoko\u015b\u0107 (kwitnienie): 15 cm kwitnienie: kwiecie\u0144 \u00f7 maj stanowisko: s\u0142oneczne, p\u00f3\u0142cieniste\u2026","rel":"","context":"Similar post","img":{"alt_text":"","src":"https:\/\/i0.wp.com\/www.ogrodolszanica.pl\/wp-content\/uploads\/2022\/07\/292575910_570139277901553_7384839046742738203_n.jpg?fit=275%2C206&ssl=1&resize=350%2C200","width":350,"height":200},"classes":[]},{"id":1962,"url":"https:\/\/www.ogrodolszanica.pl\/index.php\/produkt\/wrzos-pospolity\/","url_meta":{"origin":1774,"position":3},"title":"Wrzos Pospolity","date":"16 sierpnia, 2022","format":false,"excerpt":"Wrzos Pospolity Wrzos pospolity\u00a0jest szczeg\u00f3lnie ceniony jest za obfite kwitnienie. Kolory drobnych beczu\u0142kowatych kwiat\u00f3w, podobnie jak i li\u015bci, r\u00f3\u017cni\u0105 si\u0119 od siebie w zale\u017cno\u015bci od odmiany.\u00a0Mog\u0105 mie\u0107 r\u00f3\u017cne odcienie\u00a0fioletu (z kt\u00f3rego s\u0105 najbardziej znane) ale wyst\u0119puj\u0105 r\u00f3wnie\u017c w bieli, r\u00f3\u017cu, a nawet czerwieni. Rodzaj: Wrzos Barwa: Wielokolorowe szeroko\u015b\u0107: 30 cm\u2026","rel":"","context":"Similar post","img":{"alt_text":"","src":"https:\/\/i0.wp.com\/www.ogrodolszanica.pl\/wp-content\/uploads\/2022\/08\/295761345_1116537045738896_5313285391014310685_n.jpg?fit=900%2C1200&ssl=1&resize=350%2C200","width":350,"height":200},"classes":[]},{"id":1868,"url":"https:\/\/www.ogrodolszanica.pl\/index.php\/produkt\/pieciornik-krzewiasty-red-ace\/","url_meta":{"origin":1774,"position":4},"title":"Pi\u0119ciornik Krzewiasty Red Ace","date":"23 lipca, 2022","format":false,"excerpt":"Pi\u0119ciornik Krzewiasty Red Ace Niski, g\u0119sty krzew, o delikatnych, \u015bciel\u0105cych si\u0119 p\u0119dach. Li\u015bcie jasnozielone, pierzasto z\u0142o\u017cone, sk\u0142adaj\u0105ce si\u0119 z 5-7 obustronnie ow\u0142osionych bezogonkowych listk\u00f3w. Wewn\u0105trz korony liczne, \u017c\u00f3\u0142te s\u0142upki i pr\u0119ciki. Preferuje wilgotne, ch\u0142odne stanowiska, kt\u00f3re powoduj\u0105, \u017ce kolor kwiat\u00f3w jest bardziej intensywny. Najlepiej ro\u015bnie na glebach lekkich - piaszczystych\u2026","rel":"","context":"Similar post","img":{"alt_text":"","src":"https:\/\/i0.wp.com\/www.ogrodolszanica.pl\/wp-content\/uploads\/2022\/07\/293484601_911899916279578_7220791931223241106_n.jpg?fit=900%2C1200&ssl=1&resize=350%2C200","width":350,"height":200},"classes":[]},{"id":1945,"url":"https:\/\/www.ogrodolszanica.pl\/index.php\/produkt\/jasminowiec\/","url_meta":{"origin":1774,"position":5},"title":"Ja\u015bminowiec","date":"5 sierpnia, 2022","format":false,"excerpt":"Ja\u015bminowiec Ja\u015bminowiec, okre\u015blany cz\u0119sto b\u0142\u0119dnie jako ja\u015bmin, jest ro\u015blin\u0105 z rodziny hortensjowatych. W\u015br\u00f3d naprzeciwleg\u0142ych z\u0105bkowanych li\u015bci, od maja do lipca, w zale\u017cno\u015bci od odmiany, pojawiaj\u0105 si\u0119 bia\u0142e s\u0142odko pachn\u0105ce kwiaty. Uprawa ja\u015bminowca jest \u0142atwa. Ro\u015bliny dobrze rosn\u0105 w s\u0142o\u0144cu i w lekkim zacienieniu.\u00a0Philadelphus\u00a0nie jest gatunkiem wymagaj\u0105cym, natomiast sadzenie atrakcyjnych odmian\u2026","rel":"","context":"Similar post","img":{"alt_text":"","src":"https:\/\/i0.wp.com\/www.ogrodolszanica.pl\/wp-content\/uploads\/2022\/08\/297334346_465944731672111_3125709716520040568_n.jpg?fit=595%2C1200&ssl=1&resize=350%2C200","width":350,"height":200},"classes":[]}],"_links":{"self":[{"href":"https:\/\/www.ogrodolszanica.pl\/index.php\/wp-json\/wp\/v2\/product\/1774","targetHints":{"allow":["GET"]}}],"collection":[{"href":"https:\/\/www.ogrodolszanica.pl\/index.php\/wp-json\/wp\/v2\/product"}],"about":[{"href":"https:\/\/www.ogrodolszanica.pl\/index.php\/wp-json\/wp\/v2\/types\/product"}],"replies":[{"embeddable":true,"href":"https:\/\/www.ogrodolszanica.pl\/index.php\/wp-json\/wp\/v2\/comments?post=1774"}],"wp:featuredmedia":[{"embeddable":true,"href":"https:\/\/www.ogrodolszanica.pl\/index.php\/wp-json\/wp\/v2\/media\/1775"}],"wp:attachment":[{"href":"https:\/\/www.ogrodolszanica.pl\/index.php\/wp-json\/wp\/v2\/media?parent=1774"}],"wp:term":[{"taxonomy":"product_cat","embeddable":true,"href":"https:\/\/www.ogrodolszanica.pl\/index.php\/wp-json\/wp\/v2\/product_cat?post=1774"},{"taxonomy":"product_tag","embeddable":true,"href":"https:\/\/www.ogrodolszanica.pl\/index.php\/wp-json\/wp\/v2\/product_tag?post=1774"}],"curies":[{"name":"wp","href":"https:\/\/api.w.org\/{rel}","templated":true}]}}