{"id":1768,"date":"2022-07-18T16:16:21","date_gmt":"2022-07-18T16:16:21","guid":{"rendered":"https:\/\/www.ogrodolszanica.pl\/?post_type=product&#038;p=1768"},"modified":"2026-03-07T20:07:22","modified_gmt":"2026-03-07T20:07:22","slug":"zlocien-banana-cream","status":"publish","type":"product","link":"https:\/\/www.ogrodolszanica.pl\/index.php\/produkt\/zlocien-banana-cream\/","title":{"rendered":"Z\u0142ocie\u0144 Banana Cream"},"content":{"rendered":"<h1 style=\"text-align: center;\">Z\u0142ocie\u0144 Banana Cream<\/h1>\n<p>Banana Cream\u2019 to wspania\u0142a, kompaktowa odmiana z\u0142ocienia o zwartym, wyprostowanym pokroju i prze\u015blicznych, \u017c\u00f3\u0142tych kwiatach. Posiada wzniesione p\u0119dy, na kt\u00f3rych osadzone s\u0105 ciemnozielone, lancetowate li\u015bcie. Szczyty \u0142ody\u017cek udekorowane s\u0105 w\u00f3wczas uroczymi kwiatami, kt\u00f3rych barwa zmienia si\u0119 wraz z rozwojem. Pocz\u0105tkowo s\u0105 one wyraziste, cytrynowo-\u017c\u00f3\u0142te, p\u00f3\u017aniej stopniowo zaczynaj\u0105 przechodzi\u0107 w\u00a0\u00a0ja\u015bniejsze odcienie, a w ko\u0144cowej fazie nabieraj\u0105 pi\u0119knej, kremowej barwy. Kwiaty zbudowane s\u0105 z d\u0142ugich, w\u0105skich p\u0142atk\u00f3w, skupionych promieni\u015bcie wok\u00f3\u0142 du\u017cego, \u017c\u00f3\u0142tego \u015brodka.<\/p>\n<ul>\n<li>Rodzaj: Z\u0142ocie\u0144<\/li>\n<li>Barwa: Cytrynowy<\/li>\n<li>\n<div>szeroko\u015b\u0107: <strong>60 cm<\/strong><\/div>\n<\/li>\n<li>\n<div><b><\/b>wysoko\u015b\u0107: <strong>35<\/strong><b>\u00a0cm<\/b><\/div>\n<\/li>\n<li>\n<div><b><\/b>wysoko\u015b\u0107 (kwitnienie): <strong>50<\/strong><b>\u00a0cm<\/b><\/div>\n<\/li>\n<li>\n<div><b><\/b>kwitnienie: <b>czerwiec \u00f7 wrzesie\u0144<\/b><\/div>\n<\/li>\n<li>\n<div><b><\/b>stanowisko:\u00a0<b>s\u0142oneczne<\/b><\/div>\n<\/li>\n<\/ul>\n<p>Dobierz odpowiednie pod\u0142o\u017ce z wybranych produkt\u00f3w w naszym sklepie: <a href=\"https:\/\/www.ogrodolszanica.pl\/index.php\/kategoria-produktu\/zin\/\">Pod\u0142o\u017ca<\/a><\/p>\n<p>&nbsp;<\/p>\n","protected":false},"excerpt":{"rendered":"<p>Z\u0142ocie\u0144 Banana Cream Banana Cream\u2019 to wspania\u0142a, kompaktowa odmiana z\u0142ocienia o zwartym, wyprostowanym pokroju i prze\u015blicznych, \u017c\u00f3\u0142tych kwiatach. Posiada wzniesione p\u0119dy, na kt\u00f3rych osadzone s\u0105 ciemnozielone, lancetowate li\u015bcie. Szczyty \u0142ody\u017cek udekorowane s\u0105 w\u00f3wczas uroczymi kwiatami, kt\u00f3rych barwa zmienia si\u0119 wraz z rozwojem. Pocz\u0105tkowo s\u0105 one wyraziste, cytrynowo-\u017c\u00f3\u0142te, p\u00f3\u017aniej stopniowo zaczynaj\u0105 przechodzi\u0107 w\u00a0\u00a0ja\u015bniejsze odcienie, a w &hellip;<\/p>\n<p class=\"read-more\"> <a class=\"\" href=\"https:\/\/www.ogrodolszanica.pl\/index.php\/produkt\/zlocien-banana-cream\/\"> <span class=\"screen-reader-text\">Z\u0142ocie\u0144 Banana Cream<\/span> Read More &raquo;<\/a><\/p>\n","protected":false},"featured_media":1769,"comment_status":"open","ping_status":"closed","template":"","meta":{"site-sidebar-layout":"default","site-content-layout":"default","ast-global-header-display":"","ast-main-header-display":"","ast-hfb-above-header-display":"","ast-hfb-below-header-display":"","ast-hfb-mobile-header-display":"","site-post-title":"","ast-breadcrumbs-content":"","ast-featured-img":"","footer-sml-layout":"","theme-transparent-header-meta":"default","adv-header-id-meta":"","stick-header-meta":"","header-above-stick-meta":"","header-main-stick-meta":"","header-below-stick-meta":"","spay_email":""},"product_cat":[29,20,96],"product_tag":[],"class_list":["post-1768","product","type-product","status-publish","has-post-thumbnail","hentry","product_cat-byliny","product_cat-rosliny","product_cat-zlocienie"],"yoast_head":"<!-- This site is optimized with the Yoast SEO plugin v19.2 - https:\/\/yoast.com\/wordpress\/plugins\/seo\/ -->\n<title>Z\u0142ocie\u0144 Banana Cream - Ogr&oacute;d Olszanica<\/title>\n<meta name=\"robots\" content=\"index, follow, max-snippet:-1, max-image-preview:large, max-video-preview:-1\" \/>\n<link rel=\"canonical\" href=\"https:\/\/www.ogrodolszanica.pl\/index.php\/produkt\/zlocien-banana-cream\/\" \/>\n<meta property=\"og:locale\" content=\"pl_PL\" \/>\n<meta property=\"og:type\" content=\"article\" \/>\n<meta property=\"og:title\" content=\"Z\u0142ocie\u0144 Banana Cream - Ogr&oacute;d Olszanica\" \/>\n<meta property=\"og:description\" content=\"Z\u0142ocie\u0144 Banana Cream Banana Cream\u2019 to wspania\u0142a, kompaktowa odmiana z\u0142ocienia o zwartym, wyprostowanym pokroju i prze\u015blicznych, \u017c\u00f3\u0142tych kwiatach. Posiada wzniesione p\u0119dy, na kt\u00f3rych osadzone s\u0105 ciemnozielone, lancetowate li\u015bcie. Szczyty \u0142ody\u017cek udekorowane s\u0105 w\u00f3wczas uroczymi kwiatami, kt\u00f3rych barwa zmienia si\u0119 wraz z rozwojem. Pocz\u0105tkowo s\u0105 one wyraziste, cytrynowo-\u017c\u00f3\u0142te, p\u00f3\u017aniej stopniowo zaczynaj\u0105 przechodzi\u0107 w\u00a0\u00a0ja\u015bniejsze odcienie, a w &hellip; Z\u0142ocie\u0144 Banana Cream Read More &raquo;\" \/>\n<meta property=\"og:url\" content=\"https:\/\/www.ogrodolszanica.pl\/index.php\/produkt\/zlocien-banana-cream\/\" \/>\n<meta property=\"og:site_name\" content=\"Ogr&oacute;d Olszanica\" \/>\n<meta property=\"article:publisher\" content=\"https:\/\/www.facebook.com\/Ogrd-Olszanica-100807179225223\" \/>\n<meta property=\"article:modified_time\" content=\"2026-03-07T20:07:22+00:00\" \/>\n<meta property=\"og:image\" content=\"https:\/\/www.ogrodolszanica.pl\/wp-content\/uploads\/2022\/07\/287333265_449153087023031_1909822018442648179_n.jpg\" \/>\n\t<meta property=\"og:image:width\" content=\"1500\" \/>\n\t<meta property=\"og:image:height\" content=\"2000\" \/>\n\t<meta property=\"og:image:type\" content=\"image\/jpeg\" \/>\n<meta name=\"author\" content=\"admin\" \/>\n<meta name=\"twitter:card\" content=\"summary_large_image\" \/>\n<meta name=\"twitter:label1\" content=\"Szacowany czas czytania\" \/>\n\t<meta name=\"twitter:data1\" content=\"1 minuta\" \/>\n<script type=\"application\/ld+json\" class=\"yoast-schema-graph\">{\"@context\":\"https:\/\/schema.org\",\"@graph\":[{\"@type\":\"Organization\",\"@id\":\"https:\/\/www.ogrodolszanica.pl\/#organization\",\"name\":\"Ogr\u00f3d Olszanica - Krakowskie Centrum Ogrodnicze\",\"url\":\"https:\/\/www.ogrodolszanica.pl\/\",\"sameAs\":[\"https:\/\/www.facebook.com\/Ogrd-Olszanica-100807179225223\"],\"logo\":{\"@type\":\"ImageObject\",\"inLanguage\":\"pl-PL\",\"@id\":\"https:\/\/www.ogrodolszanica.pl\/#\/schema\/logo\/image\/\",\"url\":\"http:\/\/www.ogrodolszanica.pl\/wp-content\/uploads\/2022\/06\/Ogrod-Olszanica1-1.png\",\"contentUrl\":\"http:\/\/www.ogrodolszanica.pl\/wp-content\/uploads\/2022\/06\/Ogrod-Olszanica1-1.png\",\"width\":180,\"height\":60,\"caption\":\"Ogr\u00f3d Olszanica - Krakowskie Centrum Ogrodnicze\"},\"image\":{\"@id\":\"https:\/\/www.ogrodolszanica.pl\/#\/schema\/logo\/image\/\"}},{\"@type\":\"WebSite\",\"@id\":\"https:\/\/www.ogrodolszanica.pl\/#website\",\"url\":\"https:\/\/www.ogrodolszanica.pl\/\",\"name\":\"Ogr&oacute;d Olszanica\",\"description\":\"Centrum Ogrodnicze Krak&oacute;w\",\"publisher\":{\"@id\":\"https:\/\/www.ogrodolszanica.pl\/#organization\"},\"potentialAction\":[{\"@type\":\"SearchAction\",\"target\":{\"@type\":\"EntryPoint\",\"urlTemplate\":\"https:\/\/www.ogrodolszanica.pl\/?s={search_term_string}\"},\"query-input\":\"required name=search_term_string\"}],\"inLanguage\":\"pl-PL\"},{\"@type\":\"ImageObject\",\"inLanguage\":\"pl-PL\",\"@id\":\"https:\/\/www.ogrodolszanica.pl\/index.php\/produkt\/zlocien-banana-cream\/#primaryimage\",\"url\":\"https:\/\/i0.wp.com\/www.ogrodolszanica.pl\/wp-content\/uploads\/2022\/07\/287333265_449153087023031_1909822018442648179_n.jpg?fit=1500%2C2000&ssl=1\",\"contentUrl\":\"https:\/\/i0.wp.com\/www.ogrodolszanica.pl\/wp-content\/uploads\/2022\/07\/287333265_449153087023031_1909822018442648179_n.jpg?fit=1500%2C2000&ssl=1\",\"width\":1500,\"height\":2000},{\"@type\":\"WebPage\",\"@id\":\"https:\/\/www.ogrodolszanica.pl\/index.php\/produkt\/zlocien-banana-cream\/#webpage\",\"url\":\"https:\/\/www.ogrodolszanica.pl\/index.php\/produkt\/zlocien-banana-cream\/\",\"name\":\"Z\u0142ocie\u0144 Banana Cream - Ogr&oacute;d Olszanica\",\"isPartOf\":{\"@id\":\"https:\/\/www.ogrodolszanica.pl\/#website\"},\"primaryImageOfPage\":{\"@id\":\"https:\/\/www.ogrodolszanica.pl\/index.php\/produkt\/zlocien-banana-cream\/#primaryimage\"},\"datePublished\":\"2022-07-18T16:16:21+00:00\",\"dateModified\":\"2026-03-07T20:07:22+00:00\",\"breadcrumb\":{\"@id\":\"https:\/\/www.ogrodolszanica.pl\/index.php\/produkt\/zlocien-banana-cream\/#breadcrumb\"},\"inLanguage\":\"pl-PL\",\"potentialAction\":[{\"@type\":\"ReadAction\",\"target\":[\"https:\/\/www.ogrodolszanica.pl\/index.php\/produkt\/zlocien-banana-cream\/\"]}]},{\"@type\":\"BreadcrumbList\",\"@id\":\"https:\/\/www.ogrodolszanica.pl\/index.php\/produkt\/zlocien-banana-cream\/#breadcrumb\",\"itemListElement\":[{\"@type\":\"ListItem\",\"position\":1,\"name\":\"Strona g\u0142\u00f3wna\",\"item\":\"https:\/\/www.ogrodolszanica.pl\/\"},{\"@type\":\"ListItem\",\"position\":2,\"name\":\"Produkty\",\"item\":\"https:\/\/www.ogrodolszanica.pl\/index.php\/shop\/\"},{\"@type\":\"ListItem\",\"position\":3,\"name\":\"Z\u0142ocie\u0144 Banana Cream\"}]}]}<\/script>\n<!-- \/ Yoast SEO plugin. -->","yoast_head_json":{"title":"Z\u0142ocie\u0144 Banana Cream - Ogr&oacute;d Olszanica","robots":{"index":"index","follow":"follow","max-snippet":"max-snippet:-1","max-image-preview":"max-image-preview:large","max-video-preview":"max-video-preview:-1"},"canonical":"https:\/\/www.ogrodolszanica.pl\/index.php\/produkt\/zlocien-banana-cream\/","og_locale":"pl_PL","og_type":"article","og_title":"Z\u0142ocie\u0144 Banana Cream - Ogr&oacute;d Olszanica","og_description":"Z\u0142ocie\u0144 Banana Cream Banana Cream\u2019 to wspania\u0142a, kompaktowa odmiana z\u0142ocienia o zwartym, wyprostowanym pokroju i prze\u015blicznych, \u017c\u00f3\u0142tych kwiatach. Posiada wzniesione p\u0119dy, na kt\u00f3rych osadzone s\u0105 ciemnozielone, lancetowate li\u015bcie. Szczyty \u0142ody\u017cek udekorowane s\u0105 w\u00f3wczas uroczymi kwiatami, kt\u00f3rych barwa zmienia si\u0119 wraz z rozwojem. Pocz\u0105tkowo s\u0105 one wyraziste, cytrynowo-\u017c\u00f3\u0142te, p\u00f3\u017aniej stopniowo zaczynaj\u0105 przechodzi\u0107 w\u00a0\u00a0ja\u015bniejsze odcienie, a w &hellip; Z\u0142ocie\u0144 Banana Cream Read More &raquo;","og_url":"https:\/\/www.ogrodolszanica.pl\/index.php\/produkt\/zlocien-banana-cream\/","og_site_name":"Ogr&oacute;d Olszanica","article_publisher":"https:\/\/www.facebook.com\/Ogrd-Olszanica-100807179225223","article_modified_time":"2026-03-07T20:07:22+00:00","og_image":[{"width":1500,"height":2000,"url":"https:\/\/www.ogrodolszanica.pl\/wp-content\/uploads\/2022\/07\/287333265_449153087023031_1909822018442648179_n.jpg","type":"image\/jpeg"}],"author":"admin","twitter_card":"summary_large_image","twitter_misc":{"Szacowany czas czytania":"1 minuta"},"schema":{"@context":"https:\/\/schema.org","@graph":[{"@type":"Organization","@id":"https:\/\/www.ogrodolszanica.pl\/#organization","name":"Ogr\u00f3d Olszanica - Krakowskie Centrum Ogrodnicze","url":"https:\/\/www.ogrodolszanica.pl\/","sameAs":["https:\/\/www.facebook.com\/Ogrd-Olszanica-100807179225223"],"logo":{"@type":"ImageObject","inLanguage":"pl-PL","@id":"https:\/\/www.ogrodolszanica.pl\/#\/schema\/logo\/image\/","url":"http:\/\/www.ogrodolszanica.pl\/wp-content\/uploads\/2022\/06\/Ogrod-Olszanica1-1.png","contentUrl":"http:\/\/www.ogrodolszanica.pl\/wp-content\/uploads\/2022\/06\/Ogrod-Olszanica1-1.png","width":180,"height":60,"caption":"Ogr\u00f3d Olszanica - Krakowskie Centrum Ogrodnicze"},"image":{"@id":"https:\/\/www.ogrodolszanica.pl\/#\/schema\/logo\/image\/"}},{"@type":"WebSite","@id":"https:\/\/www.ogrodolszanica.pl\/#website","url":"https:\/\/www.ogrodolszanica.pl\/","name":"Ogr&oacute;d Olszanica","description":"Centrum Ogrodnicze Krak&oacute;w","publisher":{"@id":"https:\/\/www.ogrodolszanica.pl\/#organization"},"potentialAction":[{"@type":"SearchAction","target":{"@type":"EntryPoint","urlTemplate":"https:\/\/www.ogrodolszanica.pl\/?s={search_term_string}"},"query-input":"required name=search_term_string"}],"inLanguage":"pl-PL"},{"@type":"ImageObject","inLanguage":"pl-PL","@id":"https:\/\/www.ogrodolszanica.pl\/index.php\/produkt\/zlocien-banana-cream\/#primaryimage","url":"https:\/\/i0.wp.com\/www.ogrodolszanica.pl\/wp-content\/uploads\/2022\/07\/287333265_449153087023031_1909822018442648179_n.jpg?fit=1500%2C2000&ssl=1","contentUrl":"https:\/\/i0.wp.com\/www.ogrodolszanica.pl\/wp-content\/uploads\/2022\/07\/287333265_449153087023031_1909822018442648179_n.jpg?fit=1500%2C2000&ssl=1","width":1500,"height":2000},{"@type":"WebPage","@id":"https:\/\/www.ogrodolszanica.pl\/index.php\/produkt\/zlocien-banana-cream\/#webpage","url":"https:\/\/www.ogrodolszanica.pl\/index.php\/produkt\/zlocien-banana-cream\/","name":"Z\u0142ocie\u0144 Banana Cream - Ogr&oacute;d Olszanica","isPartOf":{"@id":"https:\/\/www.ogrodolszanica.pl\/#website"},"primaryImageOfPage":{"@id":"https:\/\/www.ogrodolszanica.pl\/index.php\/produkt\/zlocien-banana-cream\/#primaryimage"},"datePublished":"2022-07-18T16:16:21+00:00","dateModified":"2026-03-07T20:07:22+00:00","breadcrumb":{"@id":"https:\/\/www.ogrodolszanica.pl\/index.php\/produkt\/zlocien-banana-cream\/#breadcrumb"},"inLanguage":"pl-PL","potentialAction":[{"@type":"ReadAction","target":["https:\/\/www.ogrodolszanica.pl\/index.php\/produkt\/zlocien-banana-cream\/"]}]},{"@type":"BreadcrumbList","@id":"https:\/\/www.ogrodolszanica.pl\/index.php\/produkt\/zlocien-banana-cream\/#breadcrumb","itemListElement":[{"@type":"ListItem","position":1,"name":"Strona g\u0142\u00f3wna","item":"https:\/\/www.ogrodolszanica.pl\/"},{"@type":"ListItem","position":2,"name":"Produkty","item":"https:\/\/www.ogrodolszanica.pl\/index.php\/shop\/"},{"@type":"ListItem","position":3,"name":"Z\u0142ocie\u0144 Banana Cream"}]}]}},"jetpack-related-posts":[{"id":2717,"url":"https:\/\/www.ogrodolszanica.pl\/index.php\/produkt\/jezowka-echinacea-purpurea-strawberry-and-cream\/","url_meta":{"origin":1768,"position":0},"title":"Je\u017c\u00f3wka Strawberry and Cream","date":"31 stycznia, 2024","format":false,"excerpt":"Je\u017c\u00f3wka Strawberry and Cream Ta je\u017c\u00f3wka to magnes na pszczo\u0142y i motyle. Preferuje stanowisko s\u0142oneczne o dobrym drena\u017cu. Oczyszcza\u0107 dopiero wiosn\u0105, aby pom\u00f3c ro\u015blinie przezimowa\u0107. Rodzaj: Je\u017c\u00f3wka Barwa: Bia\u0142o- karminowa szeroko\u015b\u0107: 40\u00a0cm wysoko\u015b\u0107: 20\u00a0cm wysoko\u015b\u0107 (kwitnienie): 50\u00a0cm kwitnienie: czerwiec \u00f7 wrzesie\u0144 stanowisko: s\u0142oneczne Dobierz odpowiednie pod\u0142o\u017ce z wybranych produkt\u00f3w w\u2026","rel":"","context":"Similar post","img":{"alt_text":"","src":"https:\/\/i0.wp.com\/www.ogrodolszanica.pl\/wp-content\/uploads\/2024\/01\/echinacea-strawberry-and-cream_4.jpg?fit=434%2C650&ssl=1&resize=350%2C200","width":350,"height":200},"classes":[]},{"id":1515,"url":"https:\/\/www.ogrodolszanica.pl\/index.php\/produkt\/rozplenica-hameln\/","url_meta":{"origin":1768,"position":1},"title":"Rozplenica Hameln","date":"8 lipca, 2022","format":false,"excerpt":"Rozplenica Hameln Zimotrwa\u0142a odmiana rozplenicy tworz\u0105ca g\u0119ste k\u0119py zielonych li\u015bci, z kt\u00f3rych od lipca do jesieni bez przerwy wyrasta du\u017ca ilo\u015b\u0107 okaza\u0142ych k\u0142os\u00f3w, zdobi\u0105ce ro\u015blin\u0119 a\u017c do wiosny. 'Hameln' jest najwcze\u015bniej kwitn\u0105c\u0105 odmian\u0105 rozplenicy. Najlepiej ro\u015bnie na wilgotnych, \u017cyznych stanowiskach. Rodzaj: Rozplenica Barwa: Zielona szeroko\u015b\u0107: 40\u00a0cm wysoko\u015b\u0107: 50\u00a0cm wysoko\u015b\u0107 (kwitnienie):\u2026","rel":"","context":"Similar post","img":{"alt_text":"","src":"https:\/\/i0.wp.com\/www.ogrodolszanica.pl\/wp-content\/uploads\/2022\/07\/byliny-i-trawy_pennisetum-rozplenica_79719_1.jpg?fit=650%2C650&ssl=1&resize=350%2C200","width":350,"height":200},"classes":[]},{"id":2337,"url":"https:\/\/www.ogrodolszanica.pl\/index.php\/produkt\/rozplenica-hameln-gold\/","url_meta":{"origin":1768,"position":2},"title":"Rozplenica Hameln Gold","date":"21 lipca, 2023","format":false,"excerpt":"Rozplenica Hameln Gold Zimotrwa\u0142a odmiana rozplenicy tworz\u0105ca g\u0119ste k\u0119py z\u0142oto\u017c\u00f3\u0142tych li\u015bci, z kt\u00f3rych od lipca do jesieni bez przerwy wyrasta du\u017ca ilo\u015b\u0107 okaza\u0142ych k\u0142os\u00f3w, kt\u00f3re zdobi\u0105 ro\u015blin\u0119 do wiosny. Najlepiej ro\u015bnie na wilgotnych, \u017cyznych stanowiskach. Rodzaj: Rozplenica Barwa: Z\u0142oto-zielona szeroko\u015b\u0107: 40\u00a0cm wysoko\u015b\u0107: 50\u00a0cm wysoko\u015b\u0107 (kwitnienie): 60\u00a0cm kwitnienie: lipiec \u00f7 wrzesie\u0144\u2026","rel":"","context":"Similar post","img":{"alt_text":"","src":"https:\/\/i0.wp.com\/www.ogrodolszanica.pl\/wp-content\/uploads\/2023\/07\/pennisetum-hameln-gold_9.jpg?fit=434%2C650&ssl=1&resize=350%2C200","width":350,"height":200},"classes":[]},{"id":2313,"url":"https:\/\/www.ogrodolszanica.pl\/index.php\/produkt\/klosowka-jackdaws-cream\/","url_meta":{"origin":1768,"position":3},"title":"K\u0142os\u00f3wka Jackdaw&#8217;s Cream","date":"16 lipca, 2023","format":false,"excerpt":"K\u0142os\u00f3wka Jackdaw's Cream Wyj\u0105tkowo przyjemna odmiana trawy. Li\u015bcie w kolorze jasnozielonym ze srebrzyst\u0105 obw\u00f3dk\u0105, kt\u00f3ra jesieni\u0105 mo\u017ce przebarwia\u0107 si\u0119 na r\u00f3\u017cowo. Li\u015bcie lekko omszone. Ro\u015bnie silnie, ale nie inwazyjnie i tworzy lu\u017ane k\u0119py, mo\u017ce by\u0107 stosowana jako ro\u015blina okrywowa. Pi\u0119kny dodatek na ka\u017cd\u0105 rabat\u0119, szczeg\u00f3lnie na jej obw\u00f3dki. Sprawdzi si\u0119\u2026","rel":"","context":"Similar post","img":{"alt_text":"","src":"https:\/\/i0.wp.com\/www.ogrodolszanica.pl\/wp-content\/uploads\/2023\/07\/holcus-jackdaws-cream_77813_5.jpg?fit=467%2C650&ssl=1&resize=350%2C200","width":350,"height":200},"classes":[]},{"id":2647,"url":"https:\/\/www.ogrodolszanica.pl\/index.php\/produkt\/rozplenica-little-bunny\/","url_meta":{"origin":1768,"position":4},"title":"Rozplenica Little Bunny","date":"30 stycznia, 2024","format":false,"excerpt":"Rozplenica Little Bunny Kar\u0142owata, w pe\u0142ni zimotrwa\u0142a odmiana rozplenicy tworz\u0105ca g\u0119ste k\u0119py zielonych li\u015bci, z kt\u00f3rych od sierpnia do jesieni bez przerwy wyrasta du\u017ca ilo\u015b\u0107 okaza\u0142ych k\u0142os\u00f3w, kt\u00f3re zdobi\u0105 ro\u015blin\u0119 przez zim\u0119 a\u017c do wiosny. Najlepiej ro\u015bnie na s\u0142onecznych, lekko wilgotnych stanowiskach. Rodzaj: Rozplenica Barwa: Zielono - bia\u0142a szeroko\u015b\u0107: 20\u00a0cm\u2026","rel":"","context":"Similar post","img":{"alt_text":"","src":"https:\/\/i0.wp.com\/www.ogrodolszanica.pl\/wp-content\/uploads\/2024\/01\/pennisetum-little-bunny_3.jpg?fit=650%2C435&ssl=1&resize=350%2C200","width":350,"height":200},"classes":[]},{"id":1703,"url":"https:\/\/www.ogrodolszanica.pl\/index.php\/produkt\/kostrzewa-elijah-blue\/","url_meta":{"origin":1768,"position":5},"title":"Kostrzewa Elijah Blue","date":"17 lipca, 2022","format":false,"excerpt":"Kostrzewa Elijah Blue Zimozielona, mrozoodporna odmiana kostrzewy o szaro-niebieskich li\u015bciach tworz\u0105cych zwarte, kuliste k\u0119py, z kt\u00f3rych w maju i czerwcu wyrastaj\u0105 drobne, liczne kwiatostany, pocz\u0105tkowo niebieskawe, p\u00f3\u017aniej przebarwiaj\u0105ce si\u0119 na \u017c\u00f3\u0142to. Najlepiej ro\u015bnie na stanowiskach suchych i ciep\u0142ych, na lekkich i przepuszczalnych glebach. Rodzaj: Kostrzewa Barwa: Szaro-niebieski szeroko\u015b\u0107: 30\u00a0cm wysoko\u015b\u0107:\u2026","rel":"","context":"Similar post","img":{"alt_text":"","src":"https:\/\/i0.wp.com\/www.ogrodolszanica.pl\/wp-content\/uploads\/2022\/07\/byliny-i-trawy_festuca-kostrzewa_79897_2.jpg?fit=650%2C467&ssl=1&resize=350%2C200","width":350,"height":200},"classes":[]}],"_links":{"self":[{"href":"https:\/\/www.ogrodolszanica.pl\/index.php\/wp-json\/wp\/v2\/product\/1768","targetHints":{"allow":["GET"]}}],"collection":[{"href":"https:\/\/www.ogrodolszanica.pl\/index.php\/wp-json\/wp\/v2\/product"}],"about":[{"href":"https:\/\/www.ogrodolszanica.pl\/index.php\/wp-json\/wp\/v2\/types\/product"}],"replies":[{"embeddable":true,"href":"https:\/\/www.ogrodolszanica.pl\/index.php\/wp-json\/wp\/v2\/comments?post=1768"}],"wp:featuredmedia":[{"embeddable":true,"href":"https:\/\/www.ogrodolszanica.pl\/index.php\/wp-json\/wp\/v2\/media\/1769"}],"wp:attachment":[{"href":"https:\/\/www.ogrodolszanica.pl\/index.php\/wp-json\/wp\/v2\/media?parent=1768"}],"wp:term":[{"taxonomy":"product_cat","embeddable":true,"href":"https:\/\/www.ogrodolszanica.pl\/index.php\/wp-json\/wp\/v2\/product_cat?post=1768"},{"taxonomy":"product_tag","embeddable":true,"href":"https:\/\/www.ogrodolszanica.pl\/index.php\/wp-json\/wp\/v2\/product_tag?post=1768"}],"curies":[{"name":"wp","href":"https:\/\/api.w.org\/{rel}","templated":true}]}}