{"id":1735,"date":"2022-07-18T08:45:31","date_gmt":"2022-07-18T08:45:31","guid":{"rendered":"https:\/\/www.ogrodolszanica.pl\/?post_type=product&#038;p=1735"},"modified":"2026-03-03T17:51:45","modified_gmt":"2026-03-03T17:51:45","slug":"proso-rozgowate-heavy-metal","status":"publish","type":"product","link":"https:\/\/www.ogrodolszanica.pl\/index.php\/produkt\/proso-rozgowate-heavy-metal\/","title":{"rendered":"Proso R\u00f3zgowate Heavy Metal"},"content":{"rendered":"<h1 style=\"text-align: center;\">Proso R\u00f3zgowate Heavy Metal<\/h1>\n<p>Bardzo \u0142adna odmiana prosa o wzniesionym pokroju. Posiada liczne i g\u0119ste \u017ad\u017ab\u0142a rosn\u0105ce na tle wzniesionych ku g\u00f3rze li\u015bci o pi\u0119knym srebrzysto-zielonym kolorze. Dodatkow\u0105 zalet\u0105 s\u0105 jasne kwiatostany pojawiaj\u0105ce si\u0119 latem i zdobi\u0105ce ro\u015blin\u0119 a\u017c do wiosny, kiedy to ro\u015blin\u0119 nale\u017cy przyci\u0105\u0107. Jesieni\u0105 ca\u0142a ro\u015blina przebarwia si\u0119 na \u017c\u00f3\u0142to. Pi\u0119knie wygl\u0105da na s\u0142onecznych rabatach w po\u0142\u0105czeniu z kontrastowymi ro\u015blinami w wi\u0119kszych nasadzeniach.<\/p>\n<ul>\n<li>Rodzaj: Miskant<\/li>\n<li>Barwa: Srebrzysto-zielony<\/li>\n<li>\n<div>szeroko\u015b\u0107: <strong>40<\/strong><b>\u00a0cm<\/b><\/div>\n<\/li>\n<li>\n<div><b><\/b>wysoko\u015b\u0107: <strong>80<\/strong><b>\u00a0cm<\/b><\/div>\n<\/li>\n<li>\n<div><b><\/b>wysoko\u015b\u0107 (kwitnienie): <strong>120<\/strong><\/div>\n<\/li>\n<li><b><\/b>kwitnienie: <b><b>sierpie\u0144 \u00f7 <\/b><\/b><b style=\"font-style: inherit;\">wrzesie\u0144<\/b><\/li>\n<li>\n<div><b><\/b>stanowisko: <b>s\u0142oneczne<\/b><\/div>\n<\/li>\n<\/ul>\n<p>Dobierz odpowiednie pod\u0142o\u017ce z wybranych produkt\u00f3w w naszym sklepie: <a href=\"https:\/\/www.ogrodolszanica.pl\/index.php\/kategoria-produktu\/zin\/\">Pod\u0142o\u017ca<\/a><\/p>\n","protected":false},"excerpt":{"rendered":"<p>Proso R\u00f3zgowate Heavy Metal Bardzo \u0142adna odmiana prosa o wzniesionym pokroju. Posiada liczne i g\u0119ste \u017ad\u017ab\u0142a rosn\u0105ce na tle wzniesionych ku g\u00f3rze li\u015bci o pi\u0119knym srebrzysto-zielonym kolorze. Dodatkow\u0105 zalet\u0105 s\u0105 jasne kwiatostany pojawiaj\u0105ce si\u0119 latem i zdobi\u0105ce ro\u015blin\u0119 a\u017c do wiosny, kiedy to ro\u015blin\u0119 nale\u017cy przyci\u0105\u0107. Jesieni\u0105 ca\u0142a ro\u015blina przebarwia si\u0119 na \u017c\u00f3\u0142to. Pi\u0119knie wygl\u0105da &hellip;<\/p>\n<p class=\"read-more\"> <a class=\"\" href=\"https:\/\/www.ogrodolszanica.pl\/index.php\/produkt\/proso-rozgowate-heavy-metal\/\"> <span class=\"screen-reader-text\">Proso R\u00f3zgowate Heavy Metal<\/span> Read More &raquo;<\/a><\/p>\n","protected":false},"featured_media":1736,"comment_status":"open","ping_status":"closed","template":"","meta":{"site-sidebar-layout":"default","site-content-layout":"default","ast-global-header-display":"","ast-main-header-display":"","ast-hfb-above-header-display":"","ast-hfb-below-header-display":"","ast-hfb-mobile-header-display":"","site-post-title":"","ast-breadcrumbs-content":"","ast-featured-img":"","footer-sml-layout":"","theme-transparent-header-meta":"default","adv-header-id-meta":"","stick-header-meta":"","header-above-stick-meta":"","header-main-stick-meta":"","header-below-stick-meta":"","spay_email":""},"product_cat":[20,30],"product_tag":[],"class_list":["post-1735","product","type-product","status-publish","has-post-thumbnail","hentry","product_cat-rosliny","product_cat-trawy"],"yoast_head":"<!-- This site is optimized with the Yoast SEO plugin v19.2 - https:\/\/yoast.com\/wordpress\/plugins\/seo\/ -->\n<title>Proso R\u00f3zgowate Heavy Metal - Ogr&oacute;d Olszanica<\/title>\n<meta name=\"robots\" content=\"index, follow, max-snippet:-1, max-image-preview:large, max-video-preview:-1\" \/>\n<link rel=\"canonical\" href=\"https:\/\/www.ogrodolszanica.pl\/index.php\/produkt\/proso-rozgowate-heavy-metal\/\" \/>\n<meta property=\"og:locale\" content=\"pl_PL\" \/>\n<meta property=\"og:type\" content=\"article\" \/>\n<meta property=\"og:title\" content=\"Proso R\u00f3zgowate Heavy Metal - Ogr&oacute;d Olszanica\" \/>\n<meta property=\"og:description\" content=\"Proso R\u00f3zgowate Heavy Metal Bardzo \u0142adna odmiana prosa o wzniesionym pokroju. Posiada liczne i g\u0119ste \u017ad\u017ab\u0142a rosn\u0105ce na tle wzniesionych ku g\u00f3rze li\u015bci o pi\u0119knym srebrzysto-zielonym kolorze. Dodatkow\u0105 zalet\u0105 s\u0105 jasne kwiatostany pojawiaj\u0105ce si\u0119 latem i zdobi\u0105ce ro\u015blin\u0119 a\u017c do wiosny, kiedy to ro\u015blin\u0119 nale\u017cy przyci\u0105\u0107. Jesieni\u0105 ca\u0142a ro\u015blina przebarwia si\u0119 na \u017c\u00f3\u0142to. Pi\u0119knie wygl\u0105da &hellip; Proso R\u00f3zgowate Heavy Metal Read More &raquo;\" \/>\n<meta property=\"og:url\" content=\"https:\/\/www.ogrodolszanica.pl\/index.php\/produkt\/proso-rozgowate-heavy-metal\/\" \/>\n<meta property=\"og:site_name\" content=\"Ogr&oacute;d Olszanica\" \/>\n<meta property=\"article:publisher\" content=\"https:\/\/www.facebook.com\/Ogrd-Olszanica-100807179225223\" \/>\n<meta property=\"article:modified_time\" content=\"2026-03-03T17:51:45+00:00\" \/>\n<meta property=\"og:image\" content=\"https:\/\/www.ogrodolszanica.pl\/wp-content\/uploads\/2022\/07\/byliny-i-trawy_panicum-proso_79075_2.jpg\" \/>\n\t<meta property=\"og:image:width\" content=\"467\" \/>\n\t<meta property=\"og:image:height\" content=\"650\" \/>\n\t<meta property=\"og:image:type\" content=\"image\/jpeg\" \/>\n<meta name=\"author\" content=\"admin\" \/>\n<meta name=\"twitter:card\" content=\"summary_large_image\" \/>\n<meta name=\"twitter:label1\" content=\"Szacowany czas czytania\" \/>\n\t<meta name=\"twitter:data1\" content=\"1 minuta\" \/>\n<script type=\"application\/ld+json\" class=\"yoast-schema-graph\">{\"@context\":\"https:\/\/schema.org\",\"@graph\":[{\"@type\":\"Organization\",\"@id\":\"https:\/\/www.ogrodolszanica.pl\/#organization\",\"name\":\"Ogr\u00f3d Olszanica - Krakowskie Centrum Ogrodnicze\",\"url\":\"https:\/\/www.ogrodolszanica.pl\/\",\"sameAs\":[\"https:\/\/www.facebook.com\/Ogrd-Olszanica-100807179225223\"],\"logo\":{\"@type\":\"ImageObject\",\"inLanguage\":\"pl-PL\",\"@id\":\"https:\/\/www.ogrodolszanica.pl\/#\/schema\/logo\/image\/\",\"url\":\"http:\/\/www.ogrodolszanica.pl\/wp-content\/uploads\/2022\/06\/Ogrod-Olszanica1-1.png\",\"contentUrl\":\"http:\/\/www.ogrodolszanica.pl\/wp-content\/uploads\/2022\/06\/Ogrod-Olszanica1-1.png\",\"width\":180,\"height\":60,\"caption\":\"Ogr\u00f3d Olszanica - Krakowskie Centrum Ogrodnicze\"},\"image\":{\"@id\":\"https:\/\/www.ogrodolszanica.pl\/#\/schema\/logo\/image\/\"}},{\"@type\":\"WebSite\",\"@id\":\"https:\/\/www.ogrodolszanica.pl\/#website\",\"url\":\"https:\/\/www.ogrodolszanica.pl\/\",\"name\":\"Ogr&oacute;d Olszanica\",\"description\":\"Centrum Ogrodnicze Krak&oacute;w\",\"publisher\":{\"@id\":\"https:\/\/www.ogrodolszanica.pl\/#organization\"},\"potentialAction\":[{\"@type\":\"SearchAction\",\"target\":{\"@type\":\"EntryPoint\",\"urlTemplate\":\"https:\/\/www.ogrodolszanica.pl\/?s={search_term_string}\"},\"query-input\":\"required name=search_term_string\"}],\"inLanguage\":\"pl-PL\"},{\"@type\":\"ImageObject\",\"inLanguage\":\"pl-PL\",\"@id\":\"https:\/\/www.ogrodolszanica.pl\/index.php\/produkt\/proso-rozgowate-heavy-metal\/#primaryimage\",\"url\":\"https:\/\/i0.wp.com\/www.ogrodolszanica.pl\/wp-content\/uploads\/2022\/07\/byliny-i-trawy_panicum-proso_79075_2.jpg?fit=467%2C650&ssl=1\",\"contentUrl\":\"https:\/\/i0.wp.com\/www.ogrodolszanica.pl\/wp-content\/uploads\/2022\/07\/byliny-i-trawy_panicum-proso_79075_2.jpg?fit=467%2C650&ssl=1\",\"width\":467,\"height\":650},{\"@type\":\"WebPage\",\"@id\":\"https:\/\/www.ogrodolszanica.pl\/index.php\/produkt\/proso-rozgowate-heavy-metal\/#webpage\",\"url\":\"https:\/\/www.ogrodolszanica.pl\/index.php\/produkt\/proso-rozgowate-heavy-metal\/\",\"name\":\"Proso R\u00f3zgowate Heavy Metal - Ogr&oacute;d Olszanica\",\"isPartOf\":{\"@id\":\"https:\/\/www.ogrodolszanica.pl\/#website\"},\"primaryImageOfPage\":{\"@id\":\"https:\/\/www.ogrodolszanica.pl\/index.php\/produkt\/proso-rozgowate-heavy-metal\/#primaryimage\"},\"datePublished\":\"2022-07-18T08:45:31+00:00\",\"dateModified\":\"2026-03-03T17:51:45+00:00\",\"breadcrumb\":{\"@id\":\"https:\/\/www.ogrodolszanica.pl\/index.php\/produkt\/proso-rozgowate-heavy-metal\/#breadcrumb\"},\"inLanguage\":\"pl-PL\",\"potentialAction\":[{\"@type\":\"ReadAction\",\"target\":[\"https:\/\/www.ogrodolszanica.pl\/index.php\/produkt\/proso-rozgowate-heavy-metal\/\"]}]},{\"@type\":\"BreadcrumbList\",\"@id\":\"https:\/\/www.ogrodolszanica.pl\/index.php\/produkt\/proso-rozgowate-heavy-metal\/#breadcrumb\",\"itemListElement\":[{\"@type\":\"ListItem\",\"position\":1,\"name\":\"Strona g\u0142\u00f3wna\",\"item\":\"https:\/\/www.ogrodolszanica.pl\/\"},{\"@type\":\"ListItem\",\"position\":2,\"name\":\"Produkty\",\"item\":\"https:\/\/www.ogrodolszanica.pl\/index.php\/shop\/\"},{\"@type\":\"ListItem\",\"position\":3,\"name\":\"Proso R\u00f3zgowate Heavy Metal\"}]}]}<\/script>\n<!-- \/ Yoast SEO plugin. -->","yoast_head_json":{"title":"Proso R\u00f3zgowate Heavy Metal - Ogr&oacute;d Olszanica","robots":{"index":"index","follow":"follow","max-snippet":"max-snippet:-1","max-image-preview":"max-image-preview:large","max-video-preview":"max-video-preview:-1"},"canonical":"https:\/\/www.ogrodolszanica.pl\/index.php\/produkt\/proso-rozgowate-heavy-metal\/","og_locale":"pl_PL","og_type":"article","og_title":"Proso R\u00f3zgowate Heavy Metal - Ogr&oacute;d Olszanica","og_description":"Proso R\u00f3zgowate Heavy Metal Bardzo \u0142adna odmiana prosa o wzniesionym pokroju. Posiada liczne i g\u0119ste \u017ad\u017ab\u0142a rosn\u0105ce na tle wzniesionych ku g\u00f3rze li\u015bci o pi\u0119knym srebrzysto-zielonym kolorze. Dodatkow\u0105 zalet\u0105 s\u0105 jasne kwiatostany pojawiaj\u0105ce si\u0119 latem i zdobi\u0105ce ro\u015blin\u0119 a\u017c do wiosny, kiedy to ro\u015blin\u0119 nale\u017cy przyci\u0105\u0107. Jesieni\u0105 ca\u0142a ro\u015blina przebarwia si\u0119 na \u017c\u00f3\u0142to. Pi\u0119knie wygl\u0105da &hellip; Proso R\u00f3zgowate Heavy Metal Read More &raquo;","og_url":"https:\/\/www.ogrodolszanica.pl\/index.php\/produkt\/proso-rozgowate-heavy-metal\/","og_site_name":"Ogr&oacute;d Olszanica","article_publisher":"https:\/\/www.facebook.com\/Ogrd-Olszanica-100807179225223","article_modified_time":"2026-03-03T17:51:45+00:00","og_image":[{"width":467,"height":650,"url":"https:\/\/www.ogrodolszanica.pl\/wp-content\/uploads\/2022\/07\/byliny-i-trawy_panicum-proso_79075_2.jpg","type":"image\/jpeg"}],"author":"admin","twitter_card":"summary_large_image","twitter_misc":{"Szacowany czas czytania":"1 minuta"},"schema":{"@context":"https:\/\/schema.org","@graph":[{"@type":"Organization","@id":"https:\/\/www.ogrodolszanica.pl\/#organization","name":"Ogr\u00f3d Olszanica - Krakowskie Centrum Ogrodnicze","url":"https:\/\/www.ogrodolszanica.pl\/","sameAs":["https:\/\/www.facebook.com\/Ogrd-Olszanica-100807179225223"],"logo":{"@type":"ImageObject","inLanguage":"pl-PL","@id":"https:\/\/www.ogrodolszanica.pl\/#\/schema\/logo\/image\/","url":"http:\/\/www.ogrodolszanica.pl\/wp-content\/uploads\/2022\/06\/Ogrod-Olszanica1-1.png","contentUrl":"http:\/\/www.ogrodolszanica.pl\/wp-content\/uploads\/2022\/06\/Ogrod-Olszanica1-1.png","width":180,"height":60,"caption":"Ogr\u00f3d Olszanica - Krakowskie Centrum Ogrodnicze"},"image":{"@id":"https:\/\/www.ogrodolszanica.pl\/#\/schema\/logo\/image\/"}},{"@type":"WebSite","@id":"https:\/\/www.ogrodolszanica.pl\/#website","url":"https:\/\/www.ogrodolszanica.pl\/","name":"Ogr&oacute;d Olszanica","description":"Centrum Ogrodnicze Krak&oacute;w","publisher":{"@id":"https:\/\/www.ogrodolszanica.pl\/#organization"},"potentialAction":[{"@type":"SearchAction","target":{"@type":"EntryPoint","urlTemplate":"https:\/\/www.ogrodolszanica.pl\/?s={search_term_string}"},"query-input":"required name=search_term_string"}],"inLanguage":"pl-PL"},{"@type":"ImageObject","inLanguage":"pl-PL","@id":"https:\/\/www.ogrodolszanica.pl\/index.php\/produkt\/proso-rozgowate-heavy-metal\/#primaryimage","url":"https:\/\/i0.wp.com\/www.ogrodolszanica.pl\/wp-content\/uploads\/2022\/07\/byliny-i-trawy_panicum-proso_79075_2.jpg?fit=467%2C650&ssl=1","contentUrl":"https:\/\/i0.wp.com\/www.ogrodolszanica.pl\/wp-content\/uploads\/2022\/07\/byliny-i-trawy_panicum-proso_79075_2.jpg?fit=467%2C650&ssl=1","width":467,"height":650},{"@type":"WebPage","@id":"https:\/\/www.ogrodolszanica.pl\/index.php\/produkt\/proso-rozgowate-heavy-metal\/#webpage","url":"https:\/\/www.ogrodolszanica.pl\/index.php\/produkt\/proso-rozgowate-heavy-metal\/","name":"Proso R\u00f3zgowate Heavy Metal - Ogr&oacute;d Olszanica","isPartOf":{"@id":"https:\/\/www.ogrodolszanica.pl\/#website"},"primaryImageOfPage":{"@id":"https:\/\/www.ogrodolszanica.pl\/index.php\/produkt\/proso-rozgowate-heavy-metal\/#primaryimage"},"datePublished":"2022-07-18T08:45:31+00:00","dateModified":"2026-03-03T17:51:45+00:00","breadcrumb":{"@id":"https:\/\/www.ogrodolszanica.pl\/index.php\/produkt\/proso-rozgowate-heavy-metal\/#breadcrumb"},"inLanguage":"pl-PL","potentialAction":[{"@type":"ReadAction","target":["https:\/\/www.ogrodolszanica.pl\/index.php\/produkt\/proso-rozgowate-heavy-metal\/"]}]},{"@type":"BreadcrumbList","@id":"https:\/\/www.ogrodolszanica.pl\/index.php\/produkt\/proso-rozgowate-heavy-metal\/#breadcrumb","itemListElement":[{"@type":"ListItem","position":1,"name":"Strona g\u0142\u00f3wna","item":"https:\/\/www.ogrodolszanica.pl\/"},{"@type":"ListItem","position":2,"name":"Produkty","item":"https:\/\/www.ogrodolszanica.pl\/index.php\/shop\/"},{"@type":"ListItem","position":3,"name":"Proso R\u00f3zgowate Heavy Metal"}]}]}},"jetpack-related-posts":[{"id":2462,"url":"https:\/\/www.ogrodolszanica.pl\/index.php\/produkt\/proso-rozgowate-warrior\/","url_meta":{"origin":1735,"position":0},"title":"Proso R\u00f3zgowate Warrior","date":"28 sierpnia, 2023","format":false,"excerpt":"Proso R\u00f3zgowate Warrior Zimotrwa\u0142a odmiana prosa tworz\u0105ca du\u017ce k\u0119py ciemnozielonych li\u015bci jesieni\u0105 przebarwiaj\u0105cych si\u0119 na czerwono, z kt\u00f3rych w lipcu wyrastaj\u0105 pocz\u0105tkowo zwarte, p\u00f3\u017aniej rozpierzch\u0142e, purpurowe kwiatostany, kt\u00f3re zdobi\u0105 ro\u015blin\u0119 do wiosny. Wczesn\u0105 wiosn\u0105 kwiatostany nale\u017cy obci\u0105\u0107. Najlepiej ro\u015bnie na \u017cyznych, umiarkowanie wilgotnych i wilgotnych stanowiskach, tak\u017ce nad brzegami zbiornik\u00f3w\u2026","rel":"","context":"Similar post","img":{"alt_text":"","src":"https:\/\/i0.wp.com\/www.ogrodolszanica.pl\/wp-content\/uploads\/2023\/08\/panicum-warrior_7.jpg?fit=434%2C650&ssl=1&resize=350%2C200","width":350,"height":200},"classes":[]},{"id":1717,"url":"https:\/\/www.ogrodolszanica.pl\/index.php\/produkt\/miskant-morning-light\/","url_meta":{"origin":1735,"position":1},"title":"Miskant Morning Light","date":"18 lipca, 2022","format":false,"excerpt":"Miskant Morning Light Zimotrwa\u0142a, jedna z ni\u017cszych odmian miskanta o zielonych li\u015bciach, z cienkim bia\u0142ym brzegiem, kt\u00f3re zim\u0105 przybieraj\u0105 jasnobr\u0105zow\u0105 barw\u0119. We wrze\u015bniu pojawiaj\u0105 si\u0119 rozpierzch\u0142e, pocz\u0105tkowo r\u00f3\u017cowe kwiatostany, przebarwiaj\u0105ce si\u0119 zim\u0105 na kolor srebrzysto-bia\u0142y. Najlepiej ro\u015bnie na stanowiskach umiarkowanie wilgotnych i wilgotnych, przepuszczalnych. Na wiosn\u0119 nale\u017cy \u015bci\u0105\u0107 zesz\u0142oroczne p\u0119dy.\u2026","rel":"","context":"Similar post","img":{"alt_text":"","src":"https:\/\/i0.wp.com\/www.ogrodolszanica.pl\/wp-content\/uploads\/2022\/07\/miscanthus-morning-light_71588_3.jpg?fit=650%2C467&ssl=1&resize=350%2C200","width":350,"height":200},"classes":[]},{"id":2433,"url":"https:\/\/www.ogrodolszanica.pl\/index.php\/produkt\/miskant-cute-one\/","url_meta":{"origin":1735,"position":2},"title":"Miskant Cute One","date":"26 sierpnia, 2023","format":false,"excerpt":"Miskant Cute One Nazwa tego miskanta jest jak najbardziej trafna, to prawdziwe\u201e urocze male\u0144stwo\u201d. Jedna z ni\u017cszych odmian miskanta o zwartej budowie w formie kuli. W\u0105skie ciemnozielone li\u015bcie ze srebrnym nerwem s\u0105 sztywne wzniesione a na ko\u0144c\u00f3wkach lekko opadaj\u0105. W ciep\u0142e lata zakwita bardzo obficie srebrzysto s\u0142omkowymi kwiatostanami skierowanymi w\u2026","rel":"","context":"Similar post","img":{"alt_text":"","src":"https:\/\/i0.wp.com\/www.ogrodolszanica.pl\/wp-content\/uploads\/2023\/08\/miscanthus-cute-one_75051_1.jpg?fit=650%2C650&ssl=1&resize=350%2C200","width":350,"height":200},"classes":[]},{"id":2695,"url":"https:\/\/www.ogrodolszanica.pl\/index.php\/produkt\/miskant-zebrinus\/","url_meta":{"origin":1735,"position":3},"title":"Miskant Zebrinus","date":"31 stycznia, 2024","format":false,"excerpt":"Miskant Zebrinus Zimotrwa\u0142a odmiana miskanta o atrakcyjnych zielonychli\u015bciach z poprzecznymi, kremowymi paskami. Li\u015bcie zim\u0105przebarwiaj\u0105 si\u0119 na kolor jasnobr\u0105zowy. We wrze\u015bniupojawiaj\u0105 si\u0119 rozpierzch\u0142e, miedzianoczerwonekwiatostany, kt\u00f3re zim\u0105 staj\u0105 si\u0119 srebrzystobia\u0142e i zdobi\u0105\u00a0ro\u015blin\u0119 do wiosny. Najlepiej ro\u015bnie na stanowiskach\u00a0umiarkowanie wilgotnych i wilgotnych,\u00a0przepuszczalnych. Na wiosn\u0119 nale\u017cy \u015bci\u0105\u0107\u00a0zesz\u0142oroczne p\u0119dy. rodzaj: Miskant barwa: Br\u0105zowa szeroko\u015b\u0107: 40\u00a0cm\u2026","rel":"","context":"Similar post","img":{"alt_text":"","src":"https:\/\/i0.wp.com\/www.ogrodolszanica.pl\/wp-content\/uploads\/2024\/01\/miscanthus-zebrinus_4.jpg?fit=434%2C650&ssl=1&resize=350%2C200","width":350,"height":200},"classes":[]},{"id":1713,"url":"https:\/\/www.ogrodolszanica.pl\/index.php\/produkt\/miskant-gracillimus\/","url_meta":{"origin":1735,"position":4},"title":"Miskant Gracillimus","date":"17 lipca, 2022","format":false,"excerpt":"Miskant Gracillimus Zimotrwa\u0142a odmiana miskanta o zielonych li\u015bciach, kt\u00f3re zim\u0105 przebarwiaj\u0105 si\u0119 na kolor jasno-br\u0105zowy. Na koniec sezonu pojawiaj\u0105 si\u0119 pierzaste, miedziano-br\u0105zowe kwiatostany, kt\u00f3re zdobi\u0105 ro\u015blin\u0119 do wiosny i nadaj\u0105 si\u0119 tak\u017ce do suszenia. W ch\u0142odne lata zdarza si\u0119, \u017ce ro\u015bliny nie zd\u0105\u017c\u0105 zakwitn\u0105\u0107. Najlepiej ro\u015bnie na stanowiskach umiarkowanie wilgotnych\u2026","rel":"","context":"Similar post","img":{"alt_text":"","src":"https:\/\/i0.wp.com\/www.ogrodolszanica.pl\/wp-content\/uploads\/2022\/07\/byliny-i-trawy_miscanthus-miskant_75027_2.jpg?fit=650%2C467&ssl=1&resize=350%2C200","width":350,"height":200},"classes":[]},{"id":2471,"url":"https:\/\/www.ogrodolszanica.pl\/index.php\/produkt\/miskant-graciella\/","url_meta":{"origin":1735,"position":5},"title":"Miskant Graciella","date":"28 sierpnia, 2023","format":false,"excerpt":"Miskant Graciella Zimotrwa\u0142a odmiana miskanta o zielonych li\u015bciach, kt\u00f3re jesieni\u0105 przebarwiaj\u0105 si\u0119 na kolor miedziano-pomara\u0144czowy, a zim\u0105 na jasno-br\u0105zowy. W sierpniu pojawiaj\u0105 si\u0119 efektowne, pierzaste, miedziano-br\u0105zowe kwiatostany, kt\u00f3re zdobi\u0105 ro\u015blin\u0119 do wiosny i nadaj\u0105 si\u0119 tak\u017ce do suszenia. Najlepiej ro\u015bnie na stanowiskach umiarkowanie wilgotnych i wilgotnych, przepuszczalnych. Na wiosn\u0119 nale\u017cy\u2026","rel":"","context":"Similar post","img":{"alt_text":"","src":"https:\/\/i0.wp.com\/www.ogrodolszanica.pl\/wp-content\/uploads\/2023\/08\/miscanthus-graciella_71593_1.jpg?fit=650%2C650&ssl=1&resize=350%2C200","width":350,"height":200},"classes":[]}],"_links":{"self":[{"href":"https:\/\/www.ogrodolszanica.pl\/index.php\/wp-json\/wp\/v2\/product\/1735","targetHints":{"allow":["GET"]}}],"collection":[{"href":"https:\/\/www.ogrodolszanica.pl\/index.php\/wp-json\/wp\/v2\/product"}],"about":[{"href":"https:\/\/www.ogrodolszanica.pl\/index.php\/wp-json\/wp\/v2\/types\/product"}],"replies":[{"embeddable":true,"href":"https:\/\/www.ogrodolszanica.pl\/index.php\/wp-json\/wp\/v2\/comments?post=1735"}],"wp:featuredmedia":[{"embeddable":true,"href":"https:\/\/www.ogrodolszanica.pl\/index.php\/wp-json\/wp\/v2\/media\/1736"}],"wp:attachment":[{"href":"https:\/\/www.ogrodolszanica.pl\/index.php\/wp-json\/wp\/v2\/media?parent=1735"}],"wp:term":[{"taxonomy":"product_cat","embeddable":true,"href":"https:\/\/www.ogrodolszanica.pl\/index.php\/wp-json\/wp\/v2\/product_cat?post=1735"},{"taxonomy":"product_tag","embeddable":true,"href":"https:\/\/www.ogrodolszanica.pl\/index.php\/wp-json\/wp\/v2\/product_tag?post=1735"}],"curies":[{"name":"wp","href":"https:\/\/api.w.org\/{rel}","templated":true}]}}