{"id":1693,"date":"2022-07-17T11:19:19","date_gmt":"2022-07-17T11:19:19","guid":{"rendered":"https:\/\/www.ogrodolszanica.pl\/?post_type=product&#038;p=1693"},"modified":"2026-03-03T17:52:48","modified_gmt":"2026-03-03T17:52:48","slug":"imperata-cylindryczna-red-baron","status":"publish","type":"product","link":"https:\/\/www.ogrodolszanica.pl\/index.php\/produkt\/imperata-cylindryczna-red-baron\/","title":{"rendered":"Imperata Cylindryczna Red Baron"},"content":{"rendered":"<h1 style=\"text-align: center;\">Imperata Cylindryczna Red Baron<\/h1>\n<p>Bardzo atrakcyjna, zimotrwa\u0142a, mrozoodporna trawa ozdobna o pocz\u0105tkowo zielonych li\u015bciach, stopniowo przebarwiaj\u0105cych si\u0119 na intensywnie czerwony kolor. Tworzy szerokie k\u0119py. Najbardziej atrakcyjny wygl\u0105du zyskuj\u0105 pod koniec sezonu. Najlepiej si\u0119 wybarwia, gdy ro\u015bnie na s\u0142onecznym stanowisk z umiarkowan\u0105 ilo\u015bci\u0105 wody.<\/p>\n<ul>\n<li>Rodzaj: Imperata cylindryczna<\/li>\n<li>Barwa: Czerwono-zielony<\/li>\n<li>\n<div>szeroko\u015b\u0107: <strong>20<\/strong><b>\u00a0cm<\/b><\/div>\n<\/li>\n<li>\n<div><b><\/b>wysoko\u015b\u0107: <strong>25<\/strong><b>\u00a0cm<\/b><\/div>\n<\/li>\n<li>\n<div><b><\/b>wysoko\u015b\u0107 (kwitnienie): <strong>&#8211;<\/strong><\/div>\n<\/li>\n<li>\n<div><b><\/b>kwitnienie: <b>&#8211;<\/b><\/div>\n<\/li>\n<li>\n<div><b><\/b>stanowisko: <b>s\u0142oneczne<\/b><\/div>\n<\/li>\n<\/ul>\n<p>Dobierz odpowiednie pod\u0142o\u017ce z wybranych produkt\u00f3w w naszym sklepie: <a href=\"https:\/\/www.ogrodolszanica.pl\/index.php\/kategoria-produktu\/zin\/\">Pod\u0142o\u017ca<\/a><\/p>\n<p>&nbsp;<\/p>\n","protected":false},"excerpt":{"rendered":"<p>Imperata Cylindryczna Red Baron Bardzo atrakcyjna, zimotrwa\u0142a, mrozoodporna trawa ozdobna o pocz\u0105tkowo zielonych li\u015bciach, stopniowo przebarwiaj\u0105cych si\u0119 na intensywnie czerwony kolor. Tworzy szerokie k\u0119py. Najbardziej atrakcyjny wygl\u0105du zyskuj\u0105 pod koniec sezonu. Najlepiej si\u0119 wybarwia, gdy ro\u015bnie na s\u0142onecznym stanowisk z umiarkowan\u0105 ilo\u015bci\u0105 wody. Rodzaj: Imperata cylindryczna Barwa: Czerwono-zielony szeroko\u015b\u0107: 20\u00a0cm wysoko\u015b\u0107: 25\u00a0cm wysoko\u015b\u0107 (kwitnienie): &#8211; &hellip;<\/p>\n<p class=\"read-more\"> <a class=\"\" href=\"https:\/\/www.ogrodolszanica.pl\/index.php\/produkt\/imperata-cylindryczna-red-baron\/\"> <span class=\"screen-reader-text\">Imperata Cylindryczna Red Baron<\/span> Read More &raquo;<\/a><\/p>\n","protected":false},"featured_media":1694,"comment_status":"open","ping_status":"closed","template":"","meta":{"site-sidebar-layout":"default","site-content-layout":"default","ast-global-header-display":"","ast-main-header-display":"","ast-hfb-above-header-display":"","ast-hfb-below-header-display":"","ast-hfb-mobile-header-display":"","site-post-title":"","ast-breadcrumbs-content":"","ast-featured-img":"","footer-sml-layout":"","theme-transparent-header-meta":"default","adv-header-id-meta":"","stick-header-meta":"","header-above-stick-meta":"","header-main-stick-meta":"","header-below-stick-meta":"","spay_email":""},"product_cat":[20,30],"product_tag":[],"class_list":["post-1693","product","type-product","status-publish","has-post-thumbnail","hentry","product_cat-rosliny","product_cat-trawy"],"yoast_head":"<!-- This site is optimized with the Yoast SEO plugin v19.2 - https:\/\/yoast.com\/wordpress\/plugins\/seo\/ -->\n<title>Imperata Cylindryczna Red Baron - Ogr&oacute;d Olszanica<\/title>\n<meta name=\"robots\" content=\"index, follow, max-snippet:-1, max-image-preview:large, max-video-preview:-1\" \/>\n<link rel=\"canonical\" href=\"https:\/\/www.ogrodolszanica.pl\/index.php\/produkt\/imperata-cylindryczna-red-baron\/\" \/>\n<meta property=\"og:locale\" content=\"pl_PL\" \/>\n<meta property=\"og:type\" content=\"article\" \/>\n<meta property=\"og:title\" content=\"Imperata Cylindryczna Red Baron - Ogr&oacute;d Olszanica\" \/>\n<meta property=\"og:description\" content=\"Imperata Cylindryczna Red Baron Bardzo atrakcyjna, zimotrwa\u0142a, mrozoodporna trawa ozdobna o pocz\u0105tkowo zielonych li\u015bciach, stopniowo przebarwiaj\u0105cych si\u0119 na intensywnie czerwony kolor. Tworzy szerokie k\u0119py. Najbardziej atrakcyjny wygl\u0105du zyskuj\u0105 pod koniec sezonu. Najlepiej si\u0119 wybarwia, gdy ro\u015bnie na s\u0142onecznym stanowisk z umiarkowan\u0105 ilo\u015bci\u0105 wody. Rodzaj: Imperata cylindryczna Barwa: Czerwono-zielony szeroko\u015b\u0107: 20\u00a0cm wysoko\u015b\u0107: 25\u00a0cm wysoko\u015b\u0107 (kwitnienie): &#8211; &hellip; Imperata Cylindryczna Red Baron Read More &raquo;\" \/>\n<meta property=\"og:url\" content=\"https:\/\/www.ogrodolszanica.pl\/index.php\/produkt\/imperata-cylindryczna-red-baron\/\" \/>\n<meta property=\"og:site_name\" content=\"Ogr&oacute;d Olszanica\" \/>\n<meta property=\"article:publisher\" content=\"https:\/\/www.facebook.com\/Ogrd-Olszanica-100807179225223\" \/>\n<meta property=\"article:modified_time\" content=\"2026-03-03T17:52:48+00:00\" \/>\n<meta property=\"og:image\" content=\"https:\/\/www.ogrodolszanica.pl\/wp-content\/uploads\/2022\/07\/byliny-i-trawy_imperata-imperata_79323_2.jpg\" \/>\n\t<meta property=\"og:image:width\" content=\"467\" \/>\n\t<meta property=\"og:image:height\" content=\"650\" \/>\n\t<meta property=\"og:image:type\" content=\"image\/jpeg\" \/>\n<meta name=\"author\" content=\"admin\" \/>\n<meta name=\"twitter:card\" content=\"summary_large_image\" \/>\n<meta name=\"twitter:label1\" content=\"Szacowany czas czytania\" \/>\n\t<meta name=\"twitter:data1\" content=\"1 minuta\" \/>\n<script type=\"application\/ld+json\" class=\"yoast-schema-graph\">{\"@context\":\"https:\/\/schema.org\",\"@graph\":[{\"@type\":\"Organization\",\"@id\":\"https:\/\/www.ogrodolszanica.pl\/#organization\",\"name\":\"Ogr\u00f3d Olszanica - Krakowskie Centrum Ogrodnicze\",\"url\":\"https:\/\/www.ogrodolszanica.pl\/\",\"sameAs\":[\"https:\/\/www.facebook.com\/Ogrd-Olszanica-100807179225223\"],\"logo\":{\"@type\":\"ImageObject\",\"inLanguage\":\"pl-PL\",\"@id\":\"https:\/\/www.ogrodolszanica.pl\/#\/schema\/logo\/image\/\",\"url\":\"http:\/\/www.ogrodolszanica.pl\/wp-content\/uploads\/2022\/06\/Ogrod-Olszanica1-1.png\",\"contentUrl\":\"http:\/\/www.ogrodolszanica.pl\/wp-content\/uploads\/2022\/06\/Ogrod-Olszanica1-1.png\",\"width\":180,\"height\":60,\"caption\":\"Ogr\u00f3d Olszanica - Krakowskie Centrum Ogrodnicze\"},\"image\":{\"@id\":\"https:\/\/www.ogrodolszanica.pl\/#\/schema\/logo\/image\/\"}},{\"@type\":\"WebSite\",\"@id\":\"https:\/\/www.ogrodolszanica.pl\/#website\",\"url\":\"https:\/\/www.ogrodolszanica.pl\/\",\"name\":\"Ogr&oacute;d Olszanica\",\"description\":\"Centrum Ogrodnicze Krak&oacute;w\",\"publisher\":{\"@id\":\"https:\/\/www.ogrodolszanica.pl\/#organization\"},\"potentialAction\":[{\"@type\":\"SearchAction\",\"target\":{\"@type\":\"EntryPoint\",\"urlTemplate\":\"https:\/\/www.ogrodolszanica.pl\/?s={search_term_string}\"},\"query-input\":\"required name=search_term_string\"}],\"inLanguage\":\"pl-PL\"},{\"@type\":\"ImageObject\",\"inLanguage\":\"pl-PL\",\"@id\":\"https:\/\/www.ogrodolszanica.pl\/index.php\/produkt\/imperata-cylindryczna-red-baron\/#primaryimage\",\"url\":\"https:\/\/i0.wp.com\/www.ogrodolszanica.pl\/wp-content\/uploads\/2022\/07\/byliny-i-trawy_imperata-imperata_79323_2.jpg?fit=467%2C650&ssl=1\",\"contentUrl\":\"https:\/\/i0.wp.com\/www.ogrodolszanica.pl\/wp-content\/uploads\/2022\/07\/byliny-i-trawy_imperata-imperata_79323_2.jpg?fit=467%2C650&ssl=1\",\"width\":467,\"height\":650},{\"@type\":\"WebPage\",\"@id\":\"https:\/\/www.ogrodolszanica.pl\/index.php\/produkt\/imperata-cylindryczna-red-baron\/#webpage\",\"url\":\"https:\/\/www.ogrodolszanica.pl\/index.php\/produkt\/imperata-cylindryczna-red-baron\/\",\"name\":\"Imperata Cylindryczna Red Baron - Ogr&oacute;d Olszanica\",\"isPartOf\":{\"@id\":\"https:\/\/www.ogrodolszanica.pl\/#website\"},\"primaryImageOfPage\":{\"@id\":\"https:\/\/www.ogrodolszanica.pl\/index.php\/produkt\/imperata-cylindryczna-red-baron\/#primaryimage\"},\"datePublished\":\"2022-07-17T11:19:19+00:00\",\"dateModified\":\"2026-03-03T17:52:48+00:00\",\"breadcrumb\":{\"@id\":\"https:\/\/www.ogrodolszanica.pl\/index.php\/produkt\/imperata-cylindryczna-red-baron\/#breadcrumb\"},\"inLanguage\":\"pl-PL\",\"potentialAction\":[{\"@type\":\"ReadAction\",\"target\":[\"https:\/\/www.ogrodolszanica.pl\/index.php\/produkt\/imperata-cylindryczna-red-baron\/\"]}]},{\"@type\":\"BreadcrumbList\",\"@id\":\"https:\/\/www.ogrodolszanica.pl\/index.php\/produkt\/imperata-cylindryczna-red-baron\/#breadcrumb\",\"itemListElement\":[{\"@type\":\"ListItem\",\"position\":1,\"name\":\"Strona g\u0142\u00f3wna\",\"item\":\"https:\/\/www.ogrodolszanica.pl\/\"},{\"@type\":\"ListItem\",\"position\":2,\"name\":\"Produkty\",\"item\":\"https:\/\/www.ogrodolszanica.pl\/index.php\/shop\/\"},{\"@type\":\"ListItem\",\"position\":3,\"name\":\"Imperata Cylindryczna Red Baron\"}]}]}<\/script>\n<!-- \/ Yoast SEO plugin. -->","yoast_head_json":{"title":"Imperata Cylindryczna Red Baron - Ogr&oacute;d Olszanica","robots":{"index":"index","follow":"follow","max-snippet":"max-snippet:-1","max-image-preview":"max-image-preview:large","max-video-preview":"max-video-preview:-1"},"canonical":"https:\/\/www.ogrodolszanica.pl\/index.php\/produkt\/imperata-cylindryczna-red-baron\/","og_locale":"pl_PL","og_type":"article","og_title":"Imperata Cylindryczna Red Baron - Ogr&oacute;d Olszanica","og_description":"Imperata Cylindryczna Red Baron Bardzo atrakcyjna, zimotrwa\u0142a, mrozoodporna trawa ozdobna o pocz\u0105tkowo zielonych li\u015bciach, stopniowo przebarwiaj\u0105cych si\u0119 na intensywnie czerwony kolor. Tworzy szerokie k\u0119py. Najbardziej atrakcyjny wygl\u0105du zyskuj\u0105 pod koniec sezonu. Najlepiej si\u0119 wybarwia, gdy ro\u015bnie na s\u0142onecznym stanowisk z umiarkowan\u0105 ilo\u015bci\u0105 wody. Rodzaj: Imperata cylindryczna Barwa: Czerwono-zielony szeroko\u015b\u0107: 20\u00a0cm wysoko\u015b\u0107: 25\u00a0cm wysoko\u015b\u0107 (kwitnienie): &#8211; &hellip; Imperata Cylindryczna Red Baron Read More &raquo;","og_url":"https:\/\/www.ogrodolszanica.pl\/index.php\/produkt\/imperata-cylindryczna-red-baron\/","og_site_name":"Ogr&oacute;d Olszanica","article_publisher":"https:\/\/www.facebook.com\/Ogrd-Olszanica-100807179225223","article_modified_time":"2026-03-03T17:52:48+00:00","og_image":[{"width":467,"height":650,"url":"https:\/\/www.ogrodolszanica.pl\/wp-content\/uploads\/2022\/07\/byliny-i-trawy_imperata-imperata_79323_2.jpg","type":"image\/jpeg"}],"author":"admin","twitter_card":"summary_large_image","twitter_misc":{"Szacowany czas czytania":"1 minuta"},"schema":{"@context":"https:\/\/schema.org","@graph":[{"@type":"Organization","@id":"https:\/\/www.ogrodolszanica.pl\/#organization","name":"Ogr\u00f3d Olszanica - Krakowskie Centrum Ogrodnicze","url":"https:\/\/www.ogrodolszanica.pl\/","sameAs":["https:\/\/www.facebook.com\/Ogrd-Olszanica-100807179225223"],"logo":{"@type":"ImageObject","inLanguage":"pl-PL","@id":"https:\/\/www.ogrodolszanica.pl\/#\/schema\/logo\/image\/","url":"http:\/\/www.ogrodolszanica.pl\/wp-content\/uploads\/2022\/06\/Ogrod-Olszanica1-1.png","contentUrl":"http:\/\/www.ogrodolszanica.pl\/wp-content\/uploads\/2022\/06\/Ogrod-Olszanica1-1.png","width":180,"height":60,"caption":"Ogr\u00f3d Olszanica - Krakowskie Centrum Ogrodnicze"},"image":{"@id":"https:\/\/www.ogrodolszanica.pl\/#\/schema\/logo\/image\/"}},{"@type":"WebSite","@id":"https:\/\/www.ogrodolszanica.pl\/#website","url":"https:\/\/www.ogrodolszanica.pl\/","name":"Ogr&oacute;d Olszanica","description":"Centrum Ogrodnicze Krak&oacute;w","publisher":{"@id":"https:\/\/www.ogrodolszanica.pl\/#organization"},"potentialAction":[{"@type":"SearchAction","target":{"@type":"EntryPoint","urlTemplate":"https:\/\/www.ogrodolszanica.pl\/?s={search_term_string}"},"query-input":"required name=search_term_string"}],"inLanguage":"pl-PL"},{"@type":"ImageObject","inLanguage":"pl-PL","@id":"https:\/\/www.ogrodolszanica.pl\/index.php\/produkt\/imperata-cylindryczna-red-baron\/#primaryimage","url":"https:\/\/i0.wp.com\/www.ogrodolszanica.pl\/wp-content\/uploads\/2022\/07\/byliny-i-trawy_imperata-imperata_79323_2.jpg?fit=467%2C650&ssl=1","contentUrl":"https:\/\/i0.wp.com\/www.ogrodolszanica.pl\/wp-content\/uploads\/2022\/07\/byliny-i-trawy_imperata-imperata_79323_2.jpg?fit=467%2C650&ssl=1","width":467,"height":650},{"@type":"WebPage","@id":"https:\/\/www.ogrodolszanica.pl\/index.php\/produkt\/imperata-cylindryczna-red-baron\/#webpage","url":"https:\/\/www.ogrodolszanica.pl\/index.php\/produkt\/imperata-cylindryczna-red-baron\/","name":"Imperata Cylindryczna Red Baron - Ogr&oacute;d Olszanica","isPartOf":{"@id":"https:\/\/www.ogrodolszanica.pl\/#website"},"primaryImageOfPage":{"@id":"https:\/\/www.ogrodolszanica.pl\/index.php\/produkt\/imperata-cylindryczna-red-baron\/#primaryimage"},"datePublished":"2022-07-17T11:19:19+00:00","dateModified":"2026-03-03T17:52:48+00:00","breadcrumb":{"@id":"https:\/\/www.ogrodolszanica.pl\/index.php\/produkt\/imperata-cylindryczna-red-baron\/#breadcrumb"},"inLanguage":"pl-PL","potentialAction":[{"@type":"ReadAction","target":["https:\/\/www.ogrodolszanica.pl\/index.php\/produkt\/imperata-cylindryczna-red-baron\/"]}]},{"@type":"BreadcrumbList","@id":"https:\/\/www.ogrodolszanica.pl\/index.php\/produkt\/imperata-cylindryczna-red-baron\/#breadcrumb","itemListElement":[{"@type":"ListItem","position":1,"name":"Strona g\u0142\u00f3wna","item":"https:\/\/www.ogrodolszanica.pl\/"},{"@type":"ListItem","position":2,"name":"Produkty","item":"https:\/\/www.ogrodolszanica.pl\/index.php\/shop\/"},{"@type":"ListItem","position":3,"name":"Imperata Cylindryczna Red Baron"}]}]}},"jetpack-related-posts":[{"id":1638,"url":"https:\/\/www.ogrodolszanica.pl\/index.php\/produkt\/zurawka-northern-exposure-red\/","url_meta":{"origin":1693,"position":0},"title":"\u017burawka Northern Exposure Red","date":"14 lipca, 2022","format":false,"excerpt":"\u017burawka Northern Exposure Red \u017burawka o zwartym pokroju i powcinanych kraw\u0119dziachl i\u015bci. Nadaje si\u0119 na \u015bwie\u017ce pod\u0142o\u017ca i nas\u0142onecznione lub p\u00f3\u0142cieniste stanowiska. Zimozielona, w zwi\u0105zku z czym nadaje si\u0119 bardzo dobrze r\u00f3wnie\u017c do uprawy w pojemnikach. Rodzaj: \u017burawka Barwa: Czerwony szeroko\u015b\u0107: 45\u00a0cm wysoko\u015b\u0107: 25\u00a0cm wysoko\u015b\u0107 (kwitnienie): 45 cm kwitnienie: maj\u2026","rel":"","context":"Similar post","img":{"alt_text":"","src":"https:\/\/i0.wp.com\/www.ogrodolszanica.pl\/wp-content\/uploads\/2022\/07\/byliny-i-trawy_northern-exposure_73066_1.jpg?fit=650%2C650&ssl=1&resize=350%2C200","width":350,"height":200},"classes":[]},{"id":1723,"url":"https:\/\/www.ogrodolszanica.pl\/index.php\/produkt\/miskant-chinski-fabiola-red\/","url_meta":{"origin":1693,"position":1},"title":"Miskant Chi\u0144ski Fabiola Red","date":"18 lipca, 2022","format":false,"excerpt":"Miskant Chi\u0144ski Fabiola Red Miskant 'Fabiola Red' z daleka przyci\u0105ga spojrzenia ze wzgl\u0119du na niesamowite, jaskrawo czerwone ubarwienie kwiatostan\u00f3w. Efektowne, d\u0142ugie wiechy pojawiaj\u0105 si\u0119 na szczytach wzniesionych p\u0119d\u00f3w pod koniec sierpnia. Kaskadowo opadaj\u0105ce a\u017c do ziemi, jasnozielone li\u015bcie tworz\u0105 dla nich doskona\u0142e t\u0142o. W miar\u0119 przekwitania kwiatostany staj\u0105 si\u0119 puszyste,\u2026","rel":"","context":"Similar post","img":{"alt_text":"","src":"https:\/\/i0.wp.com\/www.ogrodolszanica.pl\/wp-content\/uploads\/2022\/07\/289048609_1168703270528949_2642981086484363242_n.jpg?fit=900%2C1200&ssl=1&resize=350%2C200","width":350,"height":200},"classes":[]},{"id":2308,"url":"https:\/\/www.ogrodolszanica.pl\/index.php\/produkt\/jezowka-fountaimn-red\/","url_meta":{"origin":1693,"position":2},"title":"Je\u017c\u00f3wka Fountain Red","date":"16 lipca, 2023","format":false,"excerpt":"Je\u017c\u00f3wka Fountain Red \u015awietna odmiana do sadzenia w grupach na pierwszym planie. Ro\u015blina o zwartym pokroju krzewi si\u0119 bardzo silnie i wypuszcza bardzo bujne li\u015bcie. Preferuje \u015bwie\u017ce, przepuszczalne pod\u0142o\u017ce na s\u0142onecznym stanowisku. Rodzaj: Je\u017c\u00f3wka Barwa: Czerwony szeroko\u015b\u0107: 40\u00a0cm wysoko\u015b\u0107: 20\u00a0cm wysoko\u015b\u0107 (kwitnienie): 45\u00a0cm kwitnienie: czerwiec \u00f7 wrzesie\u0144 stanowisko: s\u0142oneczne Dobierz\u2026","rel":"","context":"Similar post","img":{"alt_text":"","src":"https:\/\/i0.wp.com\/www.ogrodolszanica.pl\/wp-content\/uploads\/2023\/07\/byliny-i-trawy_fountain_77492_2.jpg?fit=420%2C650&ssl=1&resize=350%2C200","width":350,"height":200},"classes":[]},{"id":1868,"url":"https:\/\/www.ogrodolszanica.pl\/index.php\/produkt\/pieciornik-krzewiasty-red-ace\/","url_meta":{"origin":1693,"position":3},"title":"Pi\u0119ciornik Krzewiasty Red Ace","date":"23 lipca, 2022","format":false,"excerpt":"Pi\u0119ciornik Krzewiasty Red Ace Niski, g\u0119sty krzew, o delikatnych, \u015bciel\u0105cych si\u0119 p\u0119dach. Li\u015bcie jasnozielone, pierzasto z\u0142o\u017cone, sk\u0142adaj\u0105ce si\u0119 z 5-7 obustronnie ow\u0142osionych bezogonkowych listk\u00f3w. Wewn\u0105trz korony liczne, \u017c\u00f3\u0142te s\u0142upki i pr\u0119ciki. Preferuje wilgotne, ch\u0142odne stanowiska, kt\u00f3re powoduj\u0105, \u017ce kolor kwiat\u00f3w jest bardziej intensywny. Najlepiej ro\u015bnie na glebach lekkich - piaszczystych\u2026","rel":"","context":"Similar post","img":{"alt_text":"","src":"https:\/\/i0.wp.com\/www.ogrodolszanica.pl\/wp-content\/uploads\/2022\/07\/293484601_911899916279578_7220791931223241106_n.jpg?fit=900%2C1200&ssl=1&resize=350%2C200","width":350,"height":200},"classes":[]},{"id":2695,"url":"https:\/\/www.ogrodolszanica.pl\/index.php\/produkt\/miskant-zebrinus\/","url_meta":{"origin":1693,"position":4},"title":"Miskant Zebrinus","date":"31 stycznia, 2024","format":false,"excerpt":"Miskant Zebrinus Zimotrwa\u0142a odmiana miskanta o atrakcyjnych zielonychli\u015bciach z poprzecznymi, kremowymi paskami. Li\u015bcie zim\u0105przebarwiaj\u0105 si\u0119 na kolor jasnobr\u0105zowy. We wrze\u015bniupojawiaj\u0105 si\u0119 rozpierzch\u0142e, miedzianoczerwonekwiatostany, kt\u00f3re zim\u0105 staj\u0105 si\u0119 srebrzystobia\u0142e i zdobi\u0105\u00a0ro\u015blin\u0119 do wiosny. Najlepiej ro\u015bnie na stanowiskach\u00a0umiarkowanie wilgotnych i wilgotnych,\u00a0przepuszczalnych. Na wiosn\u0119 nale\u017cy \u015bci\u0105\u0107\u00a0zesz\u0142oroczne p\u0119dy. rodzaj: Miskant barwa: Br\u0105zowa szeroko\u015b\u0107: 40\u00a0cm\u2026","rel":"","context":"Similar post","img":{"alt_text":"","src":"https:\/\/i0.wp.com\/www.ogrodolszanica.pl\/wp-content\/uploads\/2024\/01\/miscanthus-zebrinus_4.jpg?fit=434%2C650&ssl=1&resize=350%2C200","width":350,"height":200},"classes":[]},{"id":1717,"url":"https:\/\/www.ogrodolszanica.pl\/index.php\/produkt\/miskant-morning-light\/","url_meta":{"origin":1693,"position":5},"title":"Miskant Morning Light","date":"18 lipca, 2022","format":false,"excerpt":"Miskant Morning Light Zimotrwa\u0142a, jedna z ni\u017cszych odmian miskanta o zielonych li\u015bciach, z cienkim bia\u0142ym brzegiem, kt\u00f3re zim\u0105 przybieraj\u0105 jasnobr\u0105zow\u0105 barw\u0119. We wrze\u015bniu pojawiaj\u0105 si\u0119 rozpierzch\u0142e, pocz\u0105tkowo r\u00f3\u017cowe kwiatostany, przebarwiaj\u0105ce si\u0119 zim\u0105 na kolor srebrzysto-bia\u0142y. Najlepiej ro\u015bnie na stanowiskach umiarkowanie wilgotnych i wilgotnych, przepuszczalnych. Na wiosn\u0119 nale\u017cy \u015bci\u0105\u0107 zesz\u0142oroczne p\u0119dy.\u2026","rel":"","context":"Similar post","img":{"alt_text":"","src":"https:\/\/i0.wp.com\/www.ogrodolszanica.pl\/wp-content\/uploads\/2022\/07\/miscanthus-morning-light_71588_3.jpg?fit=650%2C467&ssl=1&resize=350%2C200","width":350,"height":200},"classes":[]}],"_links":{"self":[{"href":"https:\/\/www.ogrodolszanica.pl\/index.php\/wp-json\/wp\/v2\/product\/1693","targetHints":{"allow":["GET"]}}],"collection":[{"href":"https:\/\/www.ogrodolszanica.pl\/index.php\/wp-json\/wp\/v2\/product"}],"about":[{"href":"https:\/\/www.ogrodolszanica.pl\/index.php\/wp-json\/wp\/v2\/types\/product"}],"replies":[{"embeddable":true,"href":"https:\/\/www.ogrodolszanica.pl\/index.php\/wp-json\/wp\/v2\/comments?post=1693"}],"wp:featuredmedia":[{"embeddable":true,"href":"https:\/\/www.ogrodolszanica.pl\/index.php\/wp-json\/wp\/v2\/media\/1694"}],"wp:attachment":[{"href":"https:\/\/www.ogrodolszanica.pl\/index.php\/wp-json\/wp\/v2\/media?parent=1693"}],"wp:term":[{"taxonomy":"product_cat","embeddable":true,"href":"https:\/\/www.ogrodolszanica.pl\/index.php\/wp-json\/wp\/v2\/product_cat?post=1693"},{"taxonomy":"product_tag","embeddable":true,"href":"https:\/\/www.ogrodolszanica.pl\/index.php\/wp-json\/wp\/v2\/product_tag?post=1693"}],"curies":[{"name":"wp","href":"https:\/\/api.w.org\/{rel}","templated":true}]}}