{"id":1680,"date":"2022-07-17T10:46:27","date_gmt":"2022-07-17T10:46:27","guid":{"rendered":"https:\/\/www.ogrodolszanica.pl\/?post_type=product&#038;p=1680"},"modified":"2026-03-07T20:08:23","modified_gmt":"2026-03-07T20:08:23","slug":"zurawka-cherry-cola","status":"publish","type":"product","link":"https:\/\/www.ogrodolszanica.pl\/index.php\/produkt\/zurawka-cherry-cola\/","title":{"rendered":"\u017burawka Cherry Cola"},"content":{"rendered":"<h1 style=\"text-align: center;\">\u017burawka Cherry Cola<\/h1>\n<p>Tworzy nier\u00f3wnomierne, \u015bredniej wielko\u015bci, do\u015b\u0107 g\u0119ste k\u0119py. W szczytowym okresie kwitnienia na szypu\u0142ach tworz\u0105 si\u0119 bujne rdzawo-wi\u015bniowe pi\u00f3ropusze. Li\u015bcie s\u0105 okr\u0105g\u0142e, czerwono-br\u0105zowe z nieznacznie powcinan\u0105 blaszk\u0105. Nie bez powodu odmiana nosi s\u0142odk\u0105 nazw\u0119 \u201eWi\u015bniowa cola\u201d, zbli\u017cony kolor li\u015bci i kwiatostan\u00f3w \u0142\u0105czy t\u0119 ro\u015blin\u0119 w jedn\u0105 ca\u0142o\u015b\u0107 i sprawia wra\u017cenie wzburzonego w szklance napoju. Bardzo trwa\u0142a, o\u017cywi ka\u017cdy ogr\u00f3d.<\/p>\n<ul>\n<li>Rodzaj: \u017burawka<\/li>\n<li>Barwa: Czerwono-br\u0105zowy<\/li>\n<li>\n<div>szeroko\u015b\u0107: <strong>35<\/strong><b>\u00a0cm<\/b><\/div>\n<\/li>\n<li>\n<div><b><\/b>wysoko\u015b\u0107: <strong>15<\/strong><b>\u00a0cm<\/b><\/div>\n<\/li>\n<li>\n<div><b><\/b>wysoko\u015b\u0107 (kwitnienie): <strong>45<\/strong>\u00a0<b>cm<\/b><\/div>\n<\/li>\n<li><b><\/b>kwitnienie:<b> kwiecie\u0144 \u00f7 czerwiec<\/b><\/li>\n<li>\n<div><b><\/b>stanowisko: <strong>s\u0142oneczne,<\/strong> <b>p\u00f3\u0142cieniste<\/b><\/div>\n<\/li>\n<\/ul>\n<p>Dobierz odpowiednie pod\u0142o\u017ce z wybranych produkt\u00f3w w naszym sklepie: <a href=\"https:\/\/www.ogrodolszanica.pl\/index.php\/kategoria-produktu\/zin\/\">Pod\u0142o\u017ca<\/a><\/p>\n","protected":false},"excerpt":{"rendered":"<p>\u017burawka Cherry Cola Tworzy nier\u00f3wnomierne, \u015bredniej wielko\u015bci, do\u015b\u0107 g\u0119ste k\u0119py. W szczytowym okresie kwitnienia na szypu\u0142ach tworz\u0105 si\u0119 bujne rdzawo-wi\u015bniowe pi\u00f3ropusze. Li\u015bcie s\u0105 okr\u0105g\u0142e, czerwono-br\u0105zowe z nieznacznie powcinan\u0105 blaszk\u0105. Nie bez powodu odmiana nosi s\u0142odk\u0105 nazw\u0119 \u201eWi\u015bniowa cola\u201d, zbli\u017cony kolor li\u015bci i kwiatostan\u00f3w \u0142\u0105czy t\u0119 ro\u015blin\u0119 w jedn\u0105 ca\u0142o\u015b\u0107 i sprawia wra\u017cenie wzburzonego w szklance &hellip;<\/p>\n<p class=\"read-more\"> <a class=\"\" href=\"https:\/\/www.ogrodolszanica.pl\/index.php\/produkt\/zurawka-cherry-cola\/\"> <span class=\"screen-reader-text\">\u017burawka Cherry Cola<\/span> Read More &raquo;<\/a><\/p>\n","protected":false},"featured_media":1682,"comment_status":"open","ping_status":"closed","template":"","meta":{"site-sidebar-layout":"default","site-content-layout":"default","ast-global-header-display":"","ast-main-header-display":"","ast-hfb-above-header-display":"","ast-hfb-below-header-display":"","ast-hfb-mobile-header-display":"","site-post-title":"","ast-breadcrumbs-content":"","ast-featured-img":"","footer-sml-layout":"","theme-transparent-header-meta":"default","adv-header-id-meta":"","stick-header-meta":"","header-above-stick-meta":"","header-main-stick-meta":"","header-below-stick-meta":"","spay_email":""},"product_cat":[29,20,97],"product_tag":[],"class_list":["post-1680","product","type-product","status-publish","has-post-thumbnail","hentry","product_cat-byliny","product_cat-rosliny","product_cat-zurawki"],"yoast_head":"<!-- This site is optimized with the Yoast SEO plugin v19.2 - https:\/\/yoast.com\/wordpress\/plugins\/seo\/ -->\n<title>\u017burawka Cherry Cola - Ogr&oacute;d Olszanica<\/title>\n<meta name=\"robots\" content=\"index, follow, max-snippet:-1, max-image-preview:large, max-video-preview:-1\" \/>\n<link rel=\"canonical\" href=\"https:\/\/www.ogrodolszanica.pl\/index.php\/produkt\/zurawka-cherry-cola\/\" \/>\n<meta property=\"og:locale\" content=\"pl_PL\" \/>\n<meta property=\"og:type\" content=\"article\" \/>\n<meta property=\"og:title\" content=\"\u017burawka Cherry Cola - Ogr&oacute;d Olszanica\" \/>\n<meta property=\"og:description\" content=\"\u017burawka Cherry Cola Tworzy nier\u00f3wnomierne, \u015bredniej wielko\u015bci, do\u015b\u0107 g\u0119ste k\u0119py. W szczytowym okresie kwitnienia na szypu\u0142ach tworz\u0105 si\u0119 bujne rdzawo-wi\u015bniowe pi\u00f3ropusze. Li\u015bcie s\u0105 okr\u0105g\u0142e, czerwono-br\u0105zowe z nieznacznie powcinan\u0105 blaszk\u0105. Nie bez powodu odmiana nosi s\u0142odk\u0105 nazw\u0119 \u201eWi\u015bniowa cola\u201d, zbli\u017cony kolor li\u015bci i kwiatostan\u00f3w \u0142\u0105czy t\u0119 ro\u015blin\u0119 w jedn\u0105 ca\u0142o\u015b\u0107 i sprawia wra\u017cenie wzburzonego w szklance &hellip; \u017burawka Cherry Cola Read More &raquo;\" \/>\n<meta property=\"og:url\" content=\"https:\/\/www.ogrodolszanica.pl\/index.php\/produkt\/zurawka-cherry-cola\/\" \/>\n<meta property=\"og:site_name\" content=\"Ogr&oacute;d Olszanica\" \/>\n<meta property=\"article:publisher\" content=\"https:\/\/www.facebook.com\/Ogrd-Olszanica-100807179225223\" \/>\n<meta property=\"article:modified_time\" content=\"2026-03-07T20:08:23+00:00\" \/>\n<meta property=\"og:image\" content=\"https:\/\/www.ogrodolszanica.pl\/wp-content\/uploads\/2022\/07\/byliny-i-trawy_inne_73767_2-1.jpg\" \/>\n\t<meta property=\"og:image:width\" content=\"650\" \/>\n\t<meta property=\"og:image:height\" content=\"467\" \/>\n\t<meta property=\"og:image:type\" content=\"image\/jpeg\" \/>\n<meta name=\"author\" content=\"admin\" \/>\n<meta name=\"twitter:card\" content=\"summary_large_image\" \/>\n<meta name=\"twitter:label1\" content=\"Szacowany czas czytania\" \/>\n\t<meta name=\"twitter:data1\" content=\"1 minuta\" \/>\n<script type=\"application\/ld+json\" class=\"yoast-schema-graph\">{\"@context\":\"https:\/\/schema.org\",\"@graph\":[{\"@type\":\"Organization\",\"@id\":\"https:\/\/www.ogrodolszanica.pl\/#organization\",\"name\":\"Ogr\u00f3d Olszanica - Krakowskie Centrum Ogrodnicze\",\"url\":\"https:\/\/www.ogrodolszanica.pl\/\",\"sameAs\":[\"https:\/\/www.facebook.com\/Ogrd-Olszanica-100807179225223\"],\"logo\":{\"@type\":\"ImageObject\",\"inLanguage\":\"pl-PL\",\"@id\":\"https:\/\/www.ogrodolszanica.pl\/#\/schema\/logo\/image\/\",\"url\":\"http:\/\/www.ogrodolszanica.pl\/wp-content\/uploads\/2022\/06\/Ogrod-Olszanica1-1.png\",\"contentUrl\":\"http:\/\/www.ogrodolszanica.pl\/wp-content\/uploads\/2022\/06\/Ogrod-Olszanica1-1.png\",\"width\":180,\"height\":60,\"caption\":\"Ogr\u00f3d Olszanica - Krakowskie Centrum Ogrodnicze\"},\"image\":{\"@id\":\"https:\/\/www.ogrodolszanica.pl\/#\/schema\/logo\/image\/\"}},{\"@type\":\"WebSite\",\"@id\":\"https:\/\/www.ogrodolszanica.pl\/#website\",\"url\":\"https:\/\/www.ogrodolszanica.pl\/\",\"name\":\"Ogr&oacute;d Olszanica\",\"description\":\"Centrum Ogrodnicze Krak&oacute;w\",\"publisher\":{\"@id\":\"https:\/\/www.ogrodolszanica.pl\/#organization\"},\"potentialAction\":[{\"@type\":\"SearchAction\",\"target\":{\"@type\":\"EntryPoint\",\"urlTemplate\":\"https:\/\/www.ogrodolszanica.pl\/?s={search_term_string}\"},\"query-input\":\"required name=search_term_string\"}],\"inLanguage\":\"pl-PL\"},{\"@type\":\"ImageObject\",\"inLanguage\":\"pl-PL\",\"@id\":\"https:\/\/www.ogrodolszanica.pl\/index.php\/produkt\/zurawka-cherry-cola\/#primaryimage\",\"url\":\"https:\/\/i0.wp.com\/www.ogrodolszanica.pl\/wp-content\/uploads\/2022\/07\/byliny-i-trawy_inne_73767_2-1.jpg?fit=650%2C467&ssl=1\",\"contentUrl\":\"https:\/\/i0.wp.com\/www.ogrodolszanica.pl\/wp-content\/uploads\/2022\/07\/byliny-i-trawy_inne_73767_2-1.jpg?fit=650%2C467&ssl=1\",\"width\":650,\"height\":467},{\"@type\":\"WebPage\",\"@id\":\"https:\/\/www.ogrodolszanica.pl\/index.php\/produkt\/zurawka-cherry-cola\/#webpage\",\"url\":\"https:\/\/www.ogrodolszanica.pl\/index.php\/produkt\/zurawka-cherry-cola\/\",\"name\":\"\u017burawka Cherry Cola - Ogr&oacute;d Olszanica\",\"isPartOf\":{\"@id\":\"https:\/\/www.ogrodolszanica.pl\/#website\"},\"primaryImageOfPage\":{\"@id\":\"https:\/\/www.ogrodolszanica.pl\/index.php\/produkt\/zurawka-cherry-cola\/#primaryimage\"},\"datePublished\":\"2022-07-17T10:46:27+00:00\",\"dateModified\":\"2026-03-07T20:08:23+00:00\",\"breadcrumb\":{\"@id\":\"https:\/\/www.ogrodolszanica.pl\/index.php\/produkt\/zurawka-cherry-cola\/#breadcrumb\"},\"inLanguage\":\"pl-PL\",\"potentialAction\":[{\"@type\":\"ReadAction\",\"target\":[\"https:\/\/www.ogrodolszanica.pl\/index.php\/produkt\/zurawka-cherry-cola\/\"]}]},{\"@type\":\"BreadcrumbList\",\"@id\":\"https:\/\/www.ogrodolszanica.pl\/index.php\/produkt\/zurawka-cherry-cola\/#breadcrumb\",\"itemListElement\":[{\"@type\":\"ListItem\",\"position\":1,\"name\":\"Strona g\u0142\u00f3wna\",\"item\":\"https:\/\/www.ogrodolszanica.pl\/\"},{\"@type\":\"ListItem\",\"position\":2,\"name\":\"Produkty\",\"item\":\"https:\/\/www.ogrodolszanica.pl\/index.php\/shop\/\"},{\"@type\":\"ListItem\",\"position\":3,\"name\":\"\u017burawka Cherry Cola\"}]}]}<\/script>\n<!-- \/ Yoast SEO plugin. -->","yoast_head_json":{"title":"\u017burawka Cherry Cola - Ogr&oacute;d Olszanica","robots":{"index":"index","follow":"follow","max-snippet":"max-snippet:-1","max-image-preview":"max-image-preview:large","max-video-preview":"max-video-preview:-1"},"canonical":"https:\/\/www.ogrodolszanica.pl\/index.php\/produkt\/zurawka-cherry-cola\/","og_locale":"pl_PL","og_type":"article","og_title":"\u017burawka Cherry Cola - Ogr&oacute;d Olszanica","og_description":"\u017burawka Cherry Cola Tworzy nier\u00f3wnomierne, \u015bredniej wielko\u015bci, do\u015b\u0107 g\u0119ste k\u0119py. W szczytowym okresie kwitnienia na szypu\u0142ach tworz\u0105 si\u0119 bujne rdzawo-wi\u015bniowe pi\u00f3ropusze. Li\u015bcie s\u0105 okr\u0105g\u0142e, czerwono-br\u0105zowe z nieznacznie powcinan\u0105 blaszk\u0105. Nie bez powodu odmiana nosi s\u0142odk\u0105 nazw\u0119 \u201eWi\u015bniowa cola\u201d, zbli\u017cony kolor li\u015bci i kwiatostan\u00f3w \u0142\u0105czy t\u0119 ro\u015blin\u0119 w jedn\u0105 ca\u0142o\u015b\u0107 i sprawia wra\u017cenie wzburzonego w szklance &hellip; \u017burawka Cherry Cola Read More &raquo;","og_url":"https:\/\/www.ogrodolszanica.pl\/index.php\/produkt\/zurawka-cherry-cola\/","og_site_name":"Ogr&oacute;d Olszanica","article_publisher":"https:\/\/www.facebook.com\/Ogrd-Olszanica-100807179225223","article_modified_time":"2026-03-07T20:08:23+00:00","og_image":[{"width":650,"height":467,"url":"https:\/\/www.ogrodolszanica.pl\/wp-content\/uploads\/2022\/07\/byliny-i-trawy_inne_73767_2-1.jpg","type":"image\/jpeg"}],"author":"admin","twitter_card":"summary_large_image","twitter_misc":{"Szacowany czas czytania":"1 minuta"},"schema":{"@context":"https:\/\/schema.org","@graph":[{"@type":"Organization","@id":"https:\/\/www.ogrodolszanica.pl\/#organization","name":"Ogr\u00f3d Olszanica - Krakowskie Centrum Ogrodnicze","url":"https:\/\/www.ogrodolszanica.pl\/","sameAs":["https:\/\/www.facebook.com\/Ogrd-Olszanica-100807179225223"],"logo":{"@type":"ImageObject","inLanguage":"pl-PL","@id":"https:\/\/www.ogrodolszanica.pl\/#\/schema\/logo\/image\/","url":"http:\/\/www.ogrodolszanica.pl\/wp-content\/uploads\/2022\/06\/Ogrod-Olszanica1-1.png","contentUrl":"http:\/\/www.ogrodolszanica.pl\/wp-content\/uploads\/2022\/06\/Ogrod-Olszanica1-1.png","width":180,"height":60,"caption":"Ogr\u00f3d Olszanica - Krakowskie Centrum Ogrodnicze"},"image":{"@id":"https:\/\/www.ogrodolszanica.pl\/#\/schema\/logo\/image\/"}},{"@type":"WebSite","@id":"https:\/\/www.ogrodolszanica.pl\/#website","url":"https:\/\/www.ogrodolszanica.pl\/","name":"Ogr&oacute;d Olszanica","description":"Centrum Ogrodnicze Krak&oacute;w","publisher":{"@id":"https:\/\/www.ogrodolszanica.pl\/#organization"},"potentialAction":[{"@type":"SearchAction","target":{"@type":"EntryPoint","urlTemplate":"https:\/\/www.ogrodolszanica.pl\/?s={search_term_string}"},"query-input":"required name=search_term_string"}],"inLanguage":"pl-PL"},{"@type":"ImageObject","inLanguage":"pl-PL","@id":"https:\/\/www.ogrodolszanica.pl\/index.php\/produkt\/zurawka-cherry-cola\/#primaryimage","url":"https:\/\/i0.wp.com\/www.ogrodolszanica.pl\/wp-content\/uploads\/2022\/07\/byliny-i-trawy_inne_73767_2-1.jpg?fit=650%2C467&ssl=1","contentUrl":"https:\/\/i0.wp.com\/www.ogrodolszanica.pl\/wp-content\/uploads\/2022\/07\/byliny-i-trawy_inne_73767_2-1.jpg?fit=650%2C467&ssl=1","width":650,"height":467},{"@type":"WebPage","@id":"https:\/\/www.ogrodolszanica.pl\/index.php\/produkt\/zurawka-cherry-cola\/#webpage","url":"https:\/\/www.ogrodolszanica.pl\/index.php\/produkt\/zurawka-cherry-cola\/","name":"\u017burawka Cherry Cola - Ogr&oacute;d Olszanica","isPartOf":{"@id":"https:\/\/www.ogrodolszanica.pl\/#website"},"primaryImageOfPage":{"@id":"https:\/\/www.ogrodolszanica.pl\/index.php\/produkt\/zurawka-cherry-cola\/#primaryimage"},"datePublished":"2022-07-17T10:46:27+00:00","dateModified":"2026-03-07T20:08:23+00:00","breadcrumb":{"@id":"https:\/\/www.ogrodolszanica.pl\/index.php\/produkt\/zurawka-cherry-cola\/#breadcrumb"},"inLanguage":"pl-PL","potentialAction":[{"@type":"ReadAction","target":["https:\/\/www.ogrodolszanica.pl\/index.php\/produkt\/zurawka-cherry-cola\/"]}]},{"@type":"BreadcrumbList","@id":"https:\/\/www.ogrodolszanica.pl\/index.php\/produkt\/zurawka-cherry-cola\/#breadcrumb","itemListElement":[{"@type":"ListItem","position":1,"name":"Strona g\u0142\u00f3wna","item":"https:\/\/www.ogrodolszanica.pl\/"},{"@type":"ListItem","position":2,"name":"Produkty","item":"https:\/\/www.ogrodolszanica.pl\/index.php\/shop\/"},{"@type":"ListItem","position":3,"name":"\u017burawka Cherry Cola"}]}]}},"jetpack-related-posts":[{"id":1676,"url":"https:\/\/www.ogrodolszanica.pl\/index.php\/produkt\/zurawka-sweet-tea\/","url_meta":{"origin":1680,"position":0},"title":"\u017burawka Sweet Tea","date":"17 lipca, 2022","format":false,"excerpt":"\u017burawka Sweet Tea Urocza i s\u0142odka \u017curawka o foremnej k\u0119pie. Li\u015bcie maj\u0105 kszta\u0142t gwie\u017adzisty, \u015brodek blaszki ma kolor cynamonowo-bordowy rozchodz\u0105cy si\u0119 promieni\u015bcie po li\u015bciu, brzeg blaszki stanowi ramk\u0119 w kolorze pomara\u0144czowo-herbacianym, jak wskazuje nazwa. Niezaprzeczalnie to jedna z heucherelli o najbardziej intensywnej barwie, ciemniejszej latem, ja\u015bniejszej zn\u00f3w na jesie\u0144. Idealna\u2026","rel":"","context":"Similar post","img":{"alt_text":"","src":"https:\/\/i0.wp.com\/www.ogrodolszanica.pl\/wp-content\/uploads\/2022\/07\/291638629_602770881264488_5930013665847830323_n.jpg?fit=900%2C1200&ssl=1&resize=350%2C200","width":350,"height":200},"classes":[]},{"id":1638,"url":"https:\/\/www.ogrodolszanica.pl\/index.php\/produkt\/zurawka-northern-exposure-red\/","url_meta":{"origin":1680,"position":1},"title":"\u017burawka Northern Exposure Red","date":"14 lipca, 2022","format":false,"excerpt":"\u017burawka Northern Exposure Red \u017burawka o zwartym pokroju i powcinanych kraw\u0119dziachl i\u015bci. Nadaje si\u0119 na \u015bwie\u017ce pod\u0142o\u017ca i nas\u0142onecznione lub p\u00f3\u0142cieniste stanowiska. Zimozielona, w zwi\u0105zku z czym nadaje si\u0119 bardzo dobrze r\u00f3wnie\u017c do uprawy w pojemnikach. Rodzaj: \u017burawka Barwa: Czerwony szeroko\u015b\u0107: 45\u00a0cm wysoko\u015b\u0107: 25\u00a0cm wysoko\u015b\u0107 (kwitnienie): 45 cm kwitnienie: maj\u2026","rel":"","context":"Similar post","img":{"alt_text":"","src":"https:\/\/i0.wp.com\/www.ogrodolszanica.pl\/wp-content\/uploads\/2022\/07\/byliny-i-trawy_northern-exposure_73066_1.jpg?fit=650%2C650&ssl=1&resize=350%2C200","width":350,"height":200},"classes":[]},{"id":1664,"url":"https:\/\/www.ogrodolszanica.pl\/index.php\/produkt\/zurawka-carnival-watermelon\/","url_meta":{"origin":1680,"position":2},"title":"\u017burawka Carnival Watermelon","date":"17 lipca, 2022","format":false,"excerpt":"\u017burawka Carnival Watermelon Atrakcyjna bylina tworz\u0105ca zwarte k\u0119py do 40 cm wysoko\u015bci. Dekoracyjne li\u015bcie wiosn\u0105 brzoskwiniowo-r\u00f3\u017cowe, pod koniec sezonu w odcieniach br\u0105zu i zieleni. Polecana do tworzenia barwnych kompozycji na rabatach lub sadzenia w pojemnikach. Rodzaj: \u017burawka Barwa: Brzoskwiniowo-r\u00f3\u017cowy szeroko\u015b\u0107: 35\u00a0cm wysoko\u015b\u0107: 30\u00a0cm wysoko\u015b\u0107 (kwitnienie): 40\u00a0cm kwitnienie: maj \u00f7 czerwiec\u2026","rel":"","context":"Similar post","img":{"alt_text":"","src":"https:\/\/i0.wp.com\/www.ogrodolszanica.pl\/wp-content\/uploads\/2022\/07\/288987630_764695764945123_9195923741395962331_n.jpg?fit=900%2C1200&ssl=1&resize=350%2C200","width":350,"height":200},"classes":[]},{"id":2003,"url":"https:\/\/www.ogrodolszanica.pl\/index.php\/produkt\/zurawka-wild-rose\/","url_meta":{"origin":1680,"position":3},"title":"\u017burawka Wild Rose","date":"9 pa\u017adziernika, 2022","format":false,"excerpt":"\u017burawka Wild Rose Bardzo mocna i wyrazista \u017curawka kt\u00f3r\u0105 ze wzgl\u0119du na kolor li\u015bci umie\u015bci\u0107 mo\u017cna pomi\u0119dzy \u2018Grape Soda\u2019a \u2018Forever Purple\u2019. Nadaje si\u0119 do sadzenia na wolnej przestrzeni jak i do pojemnik\u00f3w w mieszanych kompozycjach z innymi ro\u015blinami, kt\u00f3re kwitn\u0105 jesieni\u0105. Rodzaj: \u017burawka Barwa: Bordowe szeroko\u015b\u0107: 50 cm wysoko\u015b\u0107: 20\u00a0cm\u2026","rel":"","context":"Similar post","img":{"alt_text":"","src":"https:\/\/i0.wp.com\/www.ogrodolszanica.pl\/wp-content\/uploads\/2022\/10\/310961450_641306930917532_2403601972354955627_n.jpg?fit=595%2C1200&ssl=1&resize=350%2C200","width":350,"height":200},"classes":[]},{"id":1558,"url":"https:\/\/www.ogrodolszanica.pl\/index.php\/produkt\/zurawka-cinnabar-silver\/","url_meta":{"origin":1680,"position":4},"title":"\u017burawka Cinnabar Silver","date":"11 lipca, 2022","format":false,"excerpt":"\u017burawka Cinnabar Silver Odmiana tworz\u0105ca niewielkie, kompaktowe k\u0119py, o kulistej formie. Na d\u0142ugich w stosunku do ma\u0142ej k\u0119py szypu\u0142ach, tworz\u0105 si\u0119 lu\u017ane kwiatostany. Kwiaty w kszta\u0142cie dzwonk\u00f3w s\u0105 du\u017ce i bardzo wyraziste w kolorze cynobrowej intensywnej czerwieni. Li\u015bcie w srebrnozielonych odcieniach. Rodzaj: \u017burawka Barwa: Czerwony szeroko\u015b\u0107: 35\u00a0cm wysoko\u015b\u0107: 25\u00a0cm wysoko\u015b\u0107\u2026","rel":"","context":"Similar post","img":{"alt_text":"","src":"https:\/\/i0.wp.com\/www.ogrodolszanica.pl\/wp-content\/uploads\/2022\/07\/heuchera-cinnabar-silver_4.jpg?fit=433%2C650&ssl=1&resize=350%2C200","width":350,"height":200},"classes":[]},{"id":1670,"url":"https:\/\/www.ogrodolszanica.pl\/index.php\/produkt\/zurawka-world-caffe-shakerato\/","url_meta":{"origin":1680,"position":5},"title":"\u017burawka World Caff\u00e9 Shakerato","date":"17 lipca, 2022","format":false,"excerpt":"\u017burawka World Caff\u00e9 Shakerato \u017burawka o zwartej budowie i g\u0142adkich kraw\u0119dziach li\u015bci. Nadaje si\u0119 do nas\u0142onecznionych lub p\u00f3\u0142cienistych miejsc na \u015bwie\u017cym pod\u0142o\u017cu. Ro\u015blina zimozielona - dobrze prezentowa\u0107 si\u0119 b\u0119dzie tak\u017ce w donicy. W niskich temperaturach li\u015bcie zabarwiaj\u0105 si\u0119 na g\u0142\u0119boko r\u00f3\u017cowy kolor. Rodzaj: \u017burawka Barwa: Purpurowo-r\u00f3\u017cowy szeroko\u015b\u0107: 55\u00a0cm wysoko\u015b\u0107: 20\u00a0cm\u2026","rel":"","context":"Similar post","img":{"alt_text":"","src":"https:\/\/i0.wp.com\/www.ogrodolszanica.pl\/wp-content\/uploads\/2022\/07\/heuchera-world-caff_73017_1.jpg?fit=650%2C650&ssl=1&resize=350%2C200","width":350,"height":200},"classes":[]}],"_links":{"self":[{"href":"https:\/\/www.ogrodolszanica.pl\/index.php\/wp-json\/wp\/v2\/product\/1680","targetHints":{"allow":["GET"]}}],"collection":[{"href":"https:\/\/www.ogrodolszanica.pl\/index.php\/wp-json\/wp\/v2\/product"}],"about":[{"href":"https:\/\/www.ogrodolszanica.pl\/index.php\/wp-json\/wp\/v2\/types\/product"}],"replies":[{"embeddable":true,"href":"https:\/\/www.ogrodolszanica.pl\/index.php\/wp-json\/wp\/v2\/comments?post=1680"}],"wp:featuredmedia":[{"embeddable":true,"href":"https:\/\/www.ogrodolszanica.pl\/index.php\/wp-json\/wp\/v2\/media\/1682"}],"wp:attachment":[{"href":"https:\/\/www.ogrodolszanica.pl\/index.php\/wp-json\/wp\/v2\/media?parent=1680"}],"wp:term":[{"taxonomy":"product_cat","embeddable":true,"href":"https:\/\/www.ogrodolszanica.pl\/index.php\/wp-json\/wp\/v2\/product_cat?post=1680"},{"taxonomy":"product_tag","embeddable":true,"href":"https:\/\/www.ogrodolszanica.pl\/index.php\/wp-json\/wp\/v2\/product_tag?post=1680"}],"curies":[{"name":"wp","href":"https:\/\/api.w.org\/{rel}","templated":true}]}}