{"id":1636,"date":"2022-07-14T08:48:01","date_gmt":"2022-07-14T08:48:01","guid":{"rendered":"https:\/\/www.ogrodolszanica.pl\/?post_type=product&#038;p=1636"},"modified":"2026-03-07T20:11:00","modified_gmt":"2026-03-07T20:11:00","slug":"zurawka-rex-purple","status":"publish","type":"product","link":"https:\/\/www.ogrodolszanica.pl\/index.php\/produkt\/zurawka-rex-purple\/","title":{"rendered":"\u017burawka Rex Purple"},"content":{"rendered":"<h1 style=\"text-align: center;\">\u017burawka Rex Purple<\/h1>\n<p>'Rex&#8217; to doskona\u0142a seria ogrodowych \u017curawek. Ze sterylnymi, d\u0142ugo kwitn\u0105cymi kwiatami i \u015bwie\u017co wygl\u0105daj\u0105cymi li\u015b\u0107mi stanowi bardzo \u0142adny punkt centralny ka\u017cdego nasadzenia. Odmiana 'Rex Purple&#8217; ma fioletowe li\u015bcie o srebrzystym po\u0142ysku, zmieniaj\u0105ce zabarwienie wraz ze zmianami temperatury. Nadaje si\u0119 do nasadze\u0144 w grupach, na obw\u00f3dki i rabaty, do miejskich ogrod\u00f3w i uprawyw pojemnikach. Lubi s\u0142oneczne stanowiska.<\/p>\n<ul>\n<li>Rodzaj: \u017burawka<\/li>\n<li>Barwa: Bordowy<\/li>\n<li>\n<div>szeroko\u015b\u0107: <strong>50<\/strong><b>\u00a0cm<\/b><\/div>\n<\/li>\n<li>\n<div><b><\/b>wysoko\u015b\u0107: <strong>50<\/strong><b>\u00a0cm<\/b><\/div>\n<\/li>\n<li>\n<div><b><\/b>wysoko\u015b\u0107 (kwitnienie): <strong>70<\/strong> <b>cm<\/b><\/div>\n<\/li>\n<li>\n<div><b><\/b>kwitnienie: <b>maj \u00f7 czerwiec<\/b><\/div>\n<\/li>\n<li>\n<div><b><\/b>stanowisko: <b>s\u0142oneczne<\/b><\/div>\n<\/li>\n<\/ul>\n<p>Dobierz odpowiednie pod\u0142o\u017ce z wybranych produkt\u00f3w w naszym sklepie: <a href=\"https:\/\/www.ogrodolszanica.pl\/index.php\/kategoria-produktu\/zin\/\">Pod\u0142o\u017ca<\/a><\/p>\n<p>&nbsp;<\/p>\n","protected":false},"excerpt":{"rendered":"<p>\u017burawka Rex Purple 'Rex&#8217; to doskona\u0142a seria ogrodowych \u017curawek. Ze sterylnymi, d\u0142ugo kwitn\u0105cymi kwiatami i \u015bwie\u017co wygl\u0105daj\u0105cymi li\u015b\u0107mi stanowi bardzo \u0142adny punkt centralny ka\u017cdego nasadzenia. Odmiana 'Rex Purple&#8217; ma fioletowe li\u015bcie o srebrzystym po\u0142ysku, zmieniaj\u0105ce zabarwienie wraz ze zmianami temperatury. Nadaje si\u0119 do nasadze\u0144 w grupach, na obw\u00f3dki i rabaty, do miejskich ogrod\u00f3w i uprawyw &hellip;<\/p>\n<p class=\"read-more\"> <a class=\"\" href=\"https:\/\/www.ogrodolszanica.pl\/index.php\/produkt\/zurawka-rex-purple\/\"> <span class=\"screen-reader-text\">\u017burawka Rex Purple<\/span> Read More &raquo;<\/a><\/p>\n","protected":false},"featured_media":1637,"comment_status":"open","ping_status":"closed","template":"","meta":{"site-sidebar-layout":"default","site-content-layout":"default","ast-global-header-display":"","ast-main-header-display":"","ast-hfb-above-header-display":"","ast-hfb-below-header-display":"","ast-hfb-mobile-header-display":"","site-post-title":"","ast-breadcrumbs-content":"","ast-featured-img":"","footer-sml-layout":"","theme-transparent-header-meta":"default","adv-header-id-meta":"","stick-header-meta":"","header-above-stick-meta":"","header-main-stick-meta":"","header-below-stick-meta":"","spay_email":""},"product_cat":[29,20,97],"product_tag":[],"class_list":["post-1636","product","type-product","status-publish","has-post-thumbnail","hentry","product_cat-byliny","product_cat-rosliny","product_cat-zurawki"],"yoast_head":"<!-- This site is optimized with the Yoast SEO plugin v19.2 - https:\/\/yoast.com\/wordpress\/plugins\/seo\/ -->\n<title>\u017burawka Rex Purple - Ogr&oacute;d Olszanica<\/title>\n<meta name=\"robots\" content=\"index, follow, max-snippet:-1, max-image-preview:large, max-video-preview:-1\" \/>\n<link rel=\"canonical\" href=\"https:\/\/www.ogrodolszanica.pl\/index.php\/produkt\/zurawka-rex-purple\/\" \/>\n<meta property=\"og:locale\" content=\"pl_PL\" \/>\n<meta property=\"og:type\" content=\"article\" \/>\n<meta property=\"og:title\" content=\"\u017burawka Rex Purple - Ogr&oacute;d Olszanica\" \/>\n<meta property=\"og:description\" content=\"\u017burawka Rex Purple &#039;Rex&#8217; to doskona\u0142a seria ogrodowych \u017curawek. Ze sterylnymi, d\u0142ugo kwitn\u0105cymi kwiatami i \u015bwie\u017co wygl\u0105daj\u0105cymi li\u015b\u0107mi stanowi bardzo \u0142adny punkt centralny ka\u017cdego nasadzenia. Odmiana &#039;Rex Purple&#8217; ma fioletowe li\u015bcie o srebrzystym po\u0142ysku, zmieniaj\u0105ce zabarwienie wraz ze zmianami temperatury. Nadaje si\u0119 do nasadze\u0144 w grupach, na obw\u00f3dki i rabaty, do miejskich ogrod\u00f3w i uprawyw &hellip; \u017burawka Rex Purple Read More &raquo;\" \/>\n<meta property=\"og:url\" content=\"https:\/\/www.ogrodolszanica.pl\/index.php\/produkt\/zurawka-rex-purple\/\" \/>\n<meta property=\"og:site_name\" content=\"Ogr&oacute;d Olszanica\" \/>\n<meta property=\"article:publisher\" content=\"https:\/\/www.facebook.com\/Ogrd-Olszanica-100807179225223\" \/>\n<meta property=\"article:modified_time\" content=\"2026-03-07T20:11:00+00:00\" \/>\n<meta property=\"og:image\" content=\"https:\/\/www.ogrodolszanica.pl\/wp-content\/uploads\/2022\/07\/heuchera-rex-purple_73068_1.jpg\" \/>\n\t<meta property=\"og:image:width\" content=\"650\" \/>\n\t<meta property=\"og:image:height\" content=\"650\" \/>\n\t<meta property=\"og:image:type\" content=\"image\/jpeg\" \/>\n<meta name=\"author\" content=\"admin\" \/>\n<meta name=\"twitter:card\" content=\"summary_large_image\" \/>\n<meta name=\"twitter:label1\" content=\"Szacowany czas czytania\" \/>\n\t<meta name=\"twitter:data1\" content=\"1 minuta\" \/>\n<script type=\"application\/ld+json\" class=\"yoast-schema-graph\">{\"@context\":\"https:\/\/schema.org\",\"@graph\":[{\"@type\":\"Organization\",\"@id\":\"https:\/\/www.ogrodolszanica.pl\/#organization\",\"name\":\"Ogr\u00f3d Olszanica - Krakowskie Centrum Ogrodnicze\",\"url\":\"https:\/\/www.ogrodolszanica.pl\/\",\"sameAs\":[\"https:\/\/www.facebook.com\/Ogrd-Olszanica-100807179225223\"],\"logo\":{\"@type\":\"ImageObject\",\"inLanguage\":\"pl-PL\",\"@id\":\"https:\/\/www.ogrodolszanica.pl\/#\/schema\/logo\/image\/\",\"url\":\"http:\/\/www.ogrodolszanica.pl\/wp-content\/uploads\/2022\/06\/Ogrod-Olszanica1-1.png\",\"contentUrl\":\"http:\/\/www.ogrodolszanica.pl\/wp-content\/uploads\/2022\/06\/Ogrod-Olszanica1-1.png\",\"width\":180,\"height\":60,\"caption\":\"Ogr\u00f3d Olszanica - Krakowskie Centrum Ogrodnicze\"},\"image\":{\"@id\":\"https:\/\/www.ogrodolszanica.pl\/#\/schema\/logo\/image\/\"}},{\"@type\":\"WebSite\",\"@id\":\"https:\/\/www.ogrodolszanica.pl\/#website\",\"url\":\"https:\/\/www.ogrodolszanica.pl\/\",\"name\":\"Ogr&oacute;d Olszanica\",\"description\":\"Centrum Ogrodnicze Krak&oacute;w\",\"publisher\":{\"@id\":\"https:\/\/www.ogrodolszanica.pl\/#organization\"},\"potentialAction\":[{\"@type\":\"SearchAction\",\"target\":{\"@type\":\"EntryPoint\",\"urlTemplate\":\"https:\/\/www.ogrodolszanica.pl\/?s={search_term_string}\"},\"query-input\":\"required name=search_term_string\"}],\"inLanguage\":\"pl-PL\"},{\"@type\":\"ImageObject\",\"inLanguage\":\"pl-PL\",\"@id\":\"https:\/\/www.ogrodolszanica.pl\/index.php\/produkt\/zurawka-rex-purple\/#primaryimage\",\"url\":\"https:\/\/i0.wp.com\/www.ogrodolszanica.pl\/wp-content\/uploads\/2022\/07\/heuchera-rex-purple_73068_1.jpg?fit=650%2C650&ssl=1\",\"contentUrl\":\"https:\/\/i0.wp.com\/www.ogrodolszanica.pl\/wp-content\/uploads\/2022\/07\/heuchera-rex-purple_73068_1.jpg?fit=650%2C650&ssl=1\",\"width\":650,\"height\":650},{\"@type\":\"WebPage\",\"@id\":\"https:\/\/www.ogrodolszanica.pl\/index.php\/produkt\/zurawka-rex-purple\/#webpage\",\"url\":\"https:\/\/www.ogrodolszanica.pl\/index.php\/produkt\/zurawka-rex-purple\/\",\"name\":\"\u017burawka Rex Purple - Ogr&oacute;d Olszanica\",\"isPartOf\":{\"@id\":\"https:\/\/www.ogrodolszanica.pl\/#website\"},\"primaryImageOfPage\":{\"@id\":\"https:\/\/www.ogrodolszanica.pl\/index.php\/produkt\/zurawka-rex-purple\/#primaryimage\"},\"datePublished\":\"2022-07-14T08:48:01+00:00\",\"dateModified\":\"2026-03-07T20:11:00+00:00\",\"breadcrumb\":{\"@id\":\"https:\/\/www.ogrodolszanica.pl\/index.php\/produkt\/zurawka-rex-purple\/#breadcrumb\"},\"inLanguage\":\"pl-PL\",\"potentialAction\":[{\"@type\":\"ReadAction\",\"target\":[\"https:\/\/www.ogrodolszanica.pl\/index.php\/produkt\/zurawka-rex-purple\/\"]}]},{\"@type\":\"BreadcrumbList\",\"@id\":\"https:\/\/www.ogrodolszanica.pl\/index.php\/produkt\/zurawka-rex-purple\/#breadcrumb\",\"itemListElement\":[{\"@type\":\"ListItem\",\"position\":1,\"name\":\"Strona g\u0142\u00f3wna\",\"item\":\"https:\/\/www.ogrodolszanica.pl\/\"},{\"@type\":\"ListItem\",\"position\":2,\"name\":\"Produkty\",\"item\":\"https:\/\/www.ogrodolszanica.pl\/index.php\/shop\/\"},{\"@type\":\"ListItem\",\"position\":3,\"name\":\"\u017burawka Rex Purple\"}]}]}<\/script>\n<!-- \/ Yoast SEO plugin. -->","yoast_head_json":{"title":"\u017burawka Rex Purple - Ogr&oacute;d Olszanica","robots":{"index":"index","follow":"follow","max-snippet":"max-snippet:-1","max-image-preview":"max-image-preview:large","max-video-preview":"max-video-preview:-1"},"canonical":"https:\/\/www.ogrodolszanica.pl\/index.php\/produkt\/zurawka-rex-purple\/","og_locale":"pl_PL","og_type":"article","og_title":"\u017burawka Rex Purple - Ogr&oacute;d Olszanica","og_description":"\u017burawka Rex Purple 'Rex&#8217; to doskona\u0142a seria ogrodowych \u017curawek. Ze sterylnymi, d\u0142ugo kwitn\u0105cymi kwiatami i \u015bwie\u017co wygl\u0105daj\u0105cymi li\u015b\u0107mi stanowi bardzo \u0142adny punkt centralny ka\u017cdego nasadzenia. Odmiana 'Rex Purple&#8217; ma fioletowe li\u015bcie o srebrzystym po\u0142ysku, zmieniaj\u0105ce zabarwienie wraz ze zmianami temperatury. Nadaje si\u0119 do nasadze\u0144 w grupach, na obw\u00f3dki i rabaty, do miejskich ogrod\u00f3w i uprawyw &hellip; \u017burawka Rex Purple Read More &raquo;","og_url":"https:\/\/www.ogrodolszanica.pl\/index.php\/produkt\/zurawka-rex-purple\/","og_site_name":"Ogr&oacute;d Olszanica","article_publisher":"https:\/\/www.facebook.com\/Ogrd-Olszanica-100807179225223","article_modified_time":"2026-03-07T20:11:00+00:00","og_image":[{"width":650,"height":650,"url":"https:\/\/www.ogrodolszanica.pl\/wp-content\/uploads\/2022\/07\/heuchera-rex-purple_73068_1.jpg","type":"image\/jpeg"}],"author":"admin","twitter_card":"summary_large_image","twitter_misc":{"Szacowany czas czytania":"1 minuta"},"schema":{"@context":"https:\/\/schema.org","@graph":[{"@type":"Organization","@id":"https:\/\/www.ogrodolszanica.pl\/#organization","name":"Ogr\u00f3d Olszanica - Krakowskie Centrum Ogrodnicze","url":"https:\/\/www.ogrodolszanica.pl\/","sameAs":["https:\/\/www.facebook.com\/Ogrd-Olszanica-100807179225223"],"logo":{"@type":"ImageObject","inLanguage":"pl-PL","@id":"https:\/\/www.ogrodolszanica.pl\/#\/schema\/logo\/image\/","url":"http:\/\/www.ogrodolszanica.pl\/wp-content\/uploads\/2022\/06\/Ogrod-Olszanica1-1.png","contentUrl":"http:\/\/www.ogrodolszanica.pl\/wp-content\/uploads\/2022\/06\/Ogrod-Olszanica1-1.png","width":180,"height":60,"caption":"Ogr\u00f3d Olszanica - Krakowskie Centrum Ogrodnicze"},"image":{"@id":"https:\/\/www.ogrodolszanica.pl\/#\/schema\/logo\/image\/"}},{"@type":"WebSite","@id":"https:\/\/www.ogrodolszanica.pl\/#website","url":"https:\/\/www.ogrodolszanica.pl\/","name":"Ogr&oacute;d Olszanica","description":"Centrum Ogrodnicze Krak&oacute;w","publisher":{"@id":"https:\/\/www.ogrodolszanica.pl\/#organization"},"potentialAction":[{"@type":"SearchAction","target":{"@type":"EntryPoint","urlTemplate":"https:\/\/www.ogrodolszanica.pl\/?s={search_term_string}"},"query-input":"required name=search_term_string"}],"inLanguage":"pl-PL"},{"@type":"ImageObject","inLanguage":"pl-PL","@id":"https:\/\/www.ogrodolszanica.pl\/index.php\/produkt\/zurawka-rex-purple\/#primaryimage","url":"https:\/\/i0.wp.com\/www.ogrodolszanica.pl\/wp-content\/uploads\/2022\/07\/heuchera-rex-purple_73068_1.jpg?fit=650%2C650&ssl=1","contentUrl":"https:\/\/i0.wp.com\/www.ogrodolszanica.pl\/wp-content\/uploads\/2022\/07\/heuchera-rex-purple_73068_1.jpg?fit=650%2C650&ssl=1","width":650,"height":650},{"@type":"WebPage","@id":"https:\/\/www.ogrodolszanica.pl\/index.php\/produkt\/zurawka-rex-purple\/#webpage","url":"https:\/\/www.ogrodolszanica.pl\/index.php\/produkt\/zurawka-rex-purple\/","name":"\u017burawka Rex Purple - Ogr&oacute;d Olszanica","isPartOf":{"@id":"https:\/\/www.ogrodolszanica.pl\/#website"},"primaryImageOfPage":{"@id":"https:\/\/www.ogrodolszanica.pl\/index.php\/produkt\/zurawka-rex-purple\/#primaryimage"},"datePublished":"2022-07-14T08:48:01+00:00","dateModified":"2026-03-07T20:11:00+00:00","breadcrumb":{"@id":"https:\/\/www.ogrodolszanica.pl\/index.php\/produkt\/zurawka-rex-purple\/#breadcrumb"},"inLanguage":"pl-PL","potentialAction":[{"@type":"ReadAction","target":["https:\/\/www.ogrodolszanica.pl\/index.php\/produkt\/zurawka-rex-purple\/"]}]},{"@type":"BreadcrumbList","@id":"https:\/\/www.ogrodolszanica.pl\/index.php\/produkt\/zurawka-rex-purple\/#breadcrumb","itemListElement":[{"@type":"ListItem","position":1,"name":"Strona g\u0142\u00f3wna","item":"https:\/\/www.ogrodolszanica.pl\/"},{"@type":"ListItem","position":2,"name":"Produkty","item":"https:\/\/www.ogrodolszanica.pl\/index.php\/shop\/"},{"@type":"ListItem","position":3,"name":"\u017burawka Rex Purple"}]}]}},"jetpack-related-posts":[{"id":2003,"url":"https:\/\/www.ogrodolszanica.pl\/index.php\/produkt\/zurawka-wild-rose\/","url_meta":{"origin":1636,"position":0},"title":"\u017burawka Wild Rose","date":"9 pa\u017adziernika, 2022","format":false,"excerpt":"\u017burawka Wild Rose Bardzo mocna i wyrazista \u017curawka kt\u00f3r\u0105 ze wzgl\u0119du na kolor li\u015bci umie\u015bci\u0107 mo\u017cna pomi\u0119dzy \u2018Grape Soda\u2019a \u2018Forever Purple\u2019. Nadaje si\u0119 do sadzenia na wolnej przestrzeni jak i do pojemnik\u00f3w w mieszanych kompozycjach z innymi ro\u015blinami, kt\u00f3re kwitn\u0105 jesieni\u0105. Rodzaj: \u017burawka Barwa: Bordowe szeroko\u015b\u0107: 50 cm wysoko\u015b\u0107: 20\u00a0cm\u2026","rel":"","context":"Similar post","img":{"alt_text":"","src":"https:\/\/i0.wp.com\/www.ogrodolszanica.pl\/wp-content\/uploads\/2022\/10\/310961450_641306930917532_2403601972354955627_n.jpg?fit=595%2C1200&ssl=1&resize=350%2C200","width":350,"height":200},"classes":[]},{"id":1642,"url":"https:\/\/www.ogrodolszanica.pl\/index.php\/produkt\/zurawka-grape-soda\/","url_meta":{"origin":1636,"position":1},"title":"\u017burawka Grape Soda","date":"14 lipca, 2022","format":false,"excerpt":"\u017burawka Grape Soda \u017burawki ze wzgl\u0119du na bogactwo kolor\u00f3w i faktur li\u015bci nale\u017c\u0105 do najcz\u0119\u015bciej sadzonych bylin dla uzupe\u0142nienia barw w ogrodzie. Odmiana 'Grape Soda' o du\u017cej, lu\u017anej k\u0119pie wyr\u00f3\u017cnia si\u0119 r\u00f3\u017cowo-purpurowymi li\u015b\u0107mi. Kwitnie od wiosny do lata r\u00f3\u017cowymi, przechodz\u0105cymi w jasnopurpurowy kolor, drobnymi kwiatami. Nadaje si\u0119 na obw\u00f3dki i\u2026","rel":"","context":"Similar post","img":{"alt_text":"","src":"https:\/\/i0.wp.com\/www.ogrodolszanica.pl\/wp-content\/uploads\/2022\/07\/heuchera-grape-soda_3.jpg?fit=434%2C650&ssl=1&resize=350%2C200","width":350,"height":200},"classes":[]},{"id":1669,"url":"https:\/\/www.ogrodolszanica.pl\/index.php\/produkt\/zurawka-fire-chief\/","url_meta":{"origin":1636,"position":2},"title":"\u017burawka Fire Chief","date":"17 lipca, 2022","format":false,"excerpt":"\u017burawka Fire Chief Tworzy \u015bredniej wielko\u015bci k\u0119p\u0119 o lu\u017anym pokroju. Ciemnoczerwone szypu\u0142y zwie\u0144czone s\u0105 dwukolorowymi bia\u0142o-r\u00f3\u017cowymi kwiatami. Li\u015bcie s\u0105 sztywne, du\u017ce, okr\u0105g\u0142e, jakby karbowane w kolorze czerwieni w odcieniu wytrawnego wina, p\u00f3\u017anym latem wpadaj\u0105 w br\u0105z. Takie zestawienie kwiat\u00f3w i li\u015bci rozpali ogr\u00f3d. Warta uwagi tak\u017ce ze wzgl\u0119du na d\u0142ugi\u2026","rel":"","context":"Similar post","img":{"alt_text":"","src":"https:\/\/i0.wp.com\/www.ogrodolszanica.pl\/wp-content\/uploads\/2022\/07\/heuchera-fire-chief_73755_3.jpg?fit=433%2C650&ssl=1&resize=350%2C200","width":350,"height":200},"classes":[]},{"id":1664,"url":"https:\/\/www.ogrodolszanica.pl\/index.php\/produkt\/zurawka-carnival-watermelon\/","url_meta":{"origin":1636,"position":3},"title":"\u017burawka Carnival Watermelon","date":"17 lipca, 2022","format":false,"excerpt":"\u017burawka Carnival Watermelon Atrakcyjna bylina tworz\u0105ca zwarte k\u0119py do 40 cm wysoko\u015bci. Dekoracyjne li\u015bcie wiosn\u0105 brzoskwiniowo-r\u00f3\u017cowe, pod koniec sezonu w odcieniach br\u0105zu i zieleni. Polecana do tworzenia barwnych kompozycji na rabatach lub sadzenia w pojemnikach. Rodzaj: \u017burawka Barwa: Brzoskwiniowo-r\u00f3\u017cowy szeroko\u015b\u0107: 35\u00a0cm wysoko\u015b\u0107: 30\u00a0cm wysoko\u015b\u0107 (kwitnienie): 40\u00a0cm kwitnienie: maj \u00f7 czerwiec\u2026","rel":"","context":"Similar post","img":{"alt_text":"","src":"https:\/\/i0.wp.com\/www.ogrodolszanica.pl\/wp-content\/uploads\/2022\/07\/288987630_764695764945123_9195923741395962331_n.jpg?fit=900%2C1200&ssl=1&resize=350%2C200","width":350,"height":200},"classes":[]},{"id":2358,"url":"https:\/\/www.ogrodolszanica.pl\/index.php\/produkt\/zurawka-solar-eclipse\/","url_meta":{"origin":1636,"position":4},"title":"\u017burawka Solar Eclipse","date":"21 lipca, 2023","format":false,"excerpt":"\u017burawka Solar Eclipse Zjawiskowa Heucherella o okr\u0105g\u0142ej, g\u0119stej k\u0119pie i okr\u0105g\u0142ych li\u015bciach. Jest niesamowit\u0105 kombinacj\u0105 czerwonego br\u0105zu z limonkowo-zielonym obrze\u017ceniem, kt\u00f3re wygl\u0105da jakby \u015bwiat\u0142o s\u0142oneczne przebija\u0142o si\u0119 zza li\u015bcia. Rodzaj: \u017burawkotonella Barwa: Ciemnoburgundowa z zielonymi brzegami szeroko\u015b\u0107: 40\u00a0cm wysoko\u015b\u0107: 25\u00a0cm wysoko\u015b\u0107 (kwitnienie): 40\u00a0cm kwitnienie: kwiecie\u0144 \u00f7 czerwiec stanowisko: s\u0142oneczne, p\u00f3\u0142cieniste\u2026","rel":"","context":"Similar post","img":{"alt_text":"","src":"https:\/\/i0.wp.com\/www.ogrodolszanica.pl\/wp-content\/uploads\/2023\/07\/heucherella-solar-eclipse_70735_1.jpg?fit=650%2C650&ssl=1&resize=350%2C200","width":350,"height":200},"classes":[]},{"id":1638,"url":"https:\/\/www.ogrodolszanica.pl\/index.php\/produkt\/zurawka-northern-exposure-red\/","url_meta":{"origin":1636,"position":5},"title":"\u017burawka Northern Exposure Red","date":"14 lipca, 2022","format":false,"excerpt":"\u017burawka Northern Exposure Red \u017burawka o zwartym pokroju i powcinanych kraw\u0119dziachl i\u015bci. Nadaje si\u0119 na \u015bwie\u017ce pod\u0142o\u017ca i nas\u0142onecznione lub p\u00f3\u0142cieniste stanowiska. Zimozielona, w zwi\u0105zku z czym nadaje si\u0119 bardzo dobrze r\u00f3wnie\u017c do uprawy w pojemnikach. Rodzaj: \u017burawka Barwa: Czerwony szeroko\u015b\u0107: 45\u00a0cm wysoko\u015b\u0107: 25\u00a0cm wysoko\u015b\u0107 (kwitnienie): 45 cm kwitnienie: maj\u2026","rel":"","context":"Similar post","img":{"alt_text":"","src":"https:\/\/i0.wp.com\/www.ogrodolszanica.pl\/wp-content\/uploads\/2022\/07\/byliny-i-trawy_northern-exposure_73066_1.jpg?fit=650%2C650&ssl=1&resize=350%2C200","width":350,"height":200},"classes":[]}],"_links":{"self":[{"href":"https:\/\/www.ogrodolszanica.pl\/index.php\/wp-json\/wp\/v2\/product\/1636","targetHints":{"allow":["GET"]}}],"collection":[{"href":"https:\/\/www.ogrodolszanica.pl\/index.php\/wp-json\/wp\/v2\/product"}],"about":[{"href":"https:\/\/www.ogrodolszanica.pl\/index.php\/wp-json\/wp\/v2\/types\/product"}],"replies":[{"embeddable":true,"href":"https:\/\/www.ogrodolszanica.pl\/index.php\/wp-json\/wp\/v2\/comments?post=1636"}],"wp:featuredmedia":[{"embeddable":true,"href":"https:\/\/www.ogrodolszanica.pl\/index.php\/wp-json\/wp\/v2\/media\/1637"}],"wp:attachment":[{"href":"https:\/\/www.ogrodolszanica.pl\/index.php\/wp-json\/wp\/v2\/media?parent=1636"}],"wp:term":[{"taxonomy":"product_cat","embeddable":true,"href":"https:\/\/www.ogrodolszanica.pl\/index.php\/wp-json\/wp\/v2\/product_cat?post=1636"},{"taxonomy":"product_tag","embeddable":true,"href":"https:\/\/www.ogrodolszanica.pl\/index.php\/wp-json\/wp\/v2\/product_tag?post=1636"}],"curies":[{"name":"wp","href":"https:\/\/api.w.org\/{rel}","templated":true}]}}