{"id":1554,"date":"2022-07-11T21:05:43","date_gmt":"2022-07-11T21:05:43","guid":{"rendered":"https:\/\/www.ogrodolszanica.pl\/?post_type=product&#038;p=1554"},"modified":"2026-03-07T20:16:32","modified_gmt":"2026-03-07T20:16:32","slug":"pysznoglowka-monarda-bee-bright","status":"publish","type":"product","link":"https:\/\/www.ogrodolszanica.pl\/index.php\/produkt\/pysznoglowka-monarda-bee-bright\/","title":{"rendered":"Pysznog\u0142\u00f3wka Monarda Bee-Bright"},"content":{"rendered":"<h1 style=\"text-align: center;\">Pysznog\u0142\u00f3wka Monarda Bee-Bright<\/h1>\n<p>Nowa, odporna na choroby stabilna odmiana o du\u017cych kwiatach. Istny magnes na pszczo\u0142y i motyle. Typowa bylina rabatowa kt\u00f3r\u0105 \u015bmia\u0142o po\u0142\u0105czy\u0107 mo\u017cna w kompozycji z floksami, ostr\u00f3\u017ckami czy jastrunami.<\/p>\n<ul>\n<li>Rodzaj: Pysznog\u0142\u00f3wka<\/li>\n<li>Barwa: Bia\u0142y<\/li>\n<li>\n<div>szeroko\u015b\u0107: <strong>45<\/strong><b>\u00a0cm<\/b><\/div>\n<\/li>\n<li>\n<div><b><\/b>wysoko\u015b\u0107: <strong>50<\/strong><b>\u00a0cm<\/b><\/div>\n<\/li>\n<li>\n<div><b><\/b>wysoko\u015b\u0107 (kwitnienie): <strong>70<\/strong><b>\u00a0cm<\/b><\/div>\n<\/li>\n<li>\n<div><b><\/b>kwitnienie: <strong>lipiec <b>\u00f7 sierpie\u0144<\/b><\/strong><\/div>\n<\/li>\n<li>\n<div><b><\/b>stanowisko: <b>s\u0142oneczne\u00a0<\/b><\/div>\n<\/li>\n<\/ul>\n<p>Dobierz odpowiednie pod\u0142o\u017ce z wybranych produkt\u00f3w w naszym sklepie: <a href=\"https:\/\/www.ogrodolszanica.pl\/index.php\/kategoria-produktu\/zin\/\">Pod\u0142o\u017ca<\/a><\/p>\n<p>&nbsp;<\/p>\n","protected":false},"excerpt":{"rendered":"<p>Pysznog\u0142\u00f3wka Monarda Bee-Bright Nowa, odporna na choroby stabilna odmiana o du\u017cych kwiatach. Istny magnes na pszczo\u0142y i motyle. Typowa bylina rabatowa kt\u00f3r\u0105 \u015bmia\u0142o po\u0142\u0105czy\u0107 mo\u017cna w kompozycji z floksami, ostr\u00f3\u017ckami czy jastrunami. Rodzaj: Pysznog\u0142\u00f3wka Barwa: Bia\u0142y szeroko\u015b\u0107: 45\u00a0cm wysoko\u015b\u0107: 50\u00a0cm wysoko\u015b\u0107 (kwitnienie): 70\u00a0cm kwitnienie: lipiec \u00f7 sierpie\u0144 stanowisko: s\u0142oneczne\u00a0 Dobierz odpowiednie pod\u0142o\u017ce z wybranych produkt\u00f3w &hellip;<\/p>\n<p class=\"read-more\"> <a class=\"\" href=\"https:\/\/www.ogrodolszanica.pl\/index.php\/produkt\/pysznoglowka-monarda-bee-bright\/\"> <span class=\"screen-reader-text\">Pysznog\u0142\u00f3wka Monarda Bee-Bright<\/span> Read More &raquo;<\/a><\/p>\n","protected":false},"featured_media":1555,"comment_status":"open","ping_status":"closed","template":"","meta":{"site-sidebar-layout":"default","site-content-layout":"default","ast-global-header-display":"","ast-main-header-display":"","ast-hfb-above-header-display":"","ast-hfb-below-header-display":"","ast-hfb-mobile-header-display":"","site-post-title":"","ast-breadcrumbs-content":"","ast-featured-img":"","footer-sml-layout":"","theme-transparent-header-meta":"default","adv-header-id-meta":"","stick-header-meta":"","header-above-stick-meta":"","header-main-stick-meta":"","header-below-stick-meta":"","spay_email":""},"product_cat":[29,86,20],"product_tag":[],"class_list":["post-1554","product","type-product","status-publish","has-post-thumbnail","hentry","product_cat-byliny","product_cat-pysznoglowki","product_cat-rosliny"],"yoast_head":"<!-- This site is optimized with the Yoast SEO plugin v19.2 - https:\/\/yoast.com\/wordpress\/plugins\/seo\/ -->\n<title>Pysznog\u0142\u00f3wka Monarda Bee-Bright - Ogr&oacute;d Olszanica<\/title>\n<meta name=\"robots\" content=\"index, follow, max-snippet:-1, max-image-preview:large, max-video-preview:-1\" \/>\n<link rel=\"canonical\" href=\"https:\/\/www.ogrodolszanica.pl\/index.php\/produkt\/pysznoglowka-monarda-bee-bright\/\" \/>\n<meta property=\"og:locale\" content=\"pl_PL\" \/>\n<meta property=\"og:type\" content=\"article\" \/>\n<meta property=\"og:title\" content=\"Pysznog\u0142\u00f3wka Monarda Bee-Bright - Ogr&oacute;d Olszanica\" \/>\n<meta property=\"og:description\" content=\"Pysznog\u0142\u00f3wka Monarda Bee-Bright Nowa, odporna na choroby stabilna odmiana o du\u017cych kwiatach. Istny magnes na pszczo\u0142y i motyle. Typowa bylina rabatowa kt\u00f3r\u0105 \u015bmia\u0142o po\u0142\u0105czy\u0107 mo\u017cna w kompozycji z floksami, ostr\u00f3\u017ckami czy jastrunami. Rodzaj: Pysznog\u0142\u00f3wka Barwa: Bia\u0142y szeroko\u015b\u0107: 45\u00a0cm wysoko\u015b\u0107: 50\u00a0cm wysoko\u015b\u0107 (kwitnienie): 70\u00a0cm kwitnienie: lipiec \u00f7 sierpie\u0144 stanowisko: s\u0142oneczne\u00a0 Dobierz odpowiednie pod\u0142o\u017ce z wybranych produkt\u00f3w &hellip; Pysznog\u0142\u00f3wka Monarda Bee-Bright Read More &raquo;\" \/>\n<meta property=\"og:url\" content=\"https:\/\/www.ogrodolszanica.pl\/index.php\/produkt\/pysznoglowka-monarda-bee-bright\/\" \/>\n<meta property=\"og:site_name\" content=\"Ogr&oacute;d Olszanica\" \/>\n<meta property=\"article:publisher\" content=\"https:\/\/www.facebook.com\/Ogrd-Olszanica-100807179225223\" \/>\n<meta property=\"article:modified_time\" content=\"2026-03-07T20:16:32+00:00\" \/>\n<meta property=\"og:image\" content=\"https:\/\/www.ogrodolszanica.pl\/wp-content\/uploads\/2022\/07\/byliny-i-trawy_bee_77474_3.jpg\" \/>\n\t<meta property=\"og:image:width\" content=\"435\" \/>\n\t<meta property=\"og:image:height\" content=\"650\" \/>\n\t<meta property=\"og:image:type\" content=\"image\/jpeg\" \/>\n<meta name=\"author\" content=\"admin\" \/>\n<meta name=\"twitter:card\" content=\"summary_large_image\" \/>\n<meta name=\"twitter:label1\" content=\"Szacowany czas czytania\" \/>\n\t<meta name=\"twitter:data1\" content=\"1 minuta\" \/>\n<script type=\"application\/ld+json\" class=\"yoast-schema-graph\">{\"@context\":\"https:\/\/schema.org\",\"@graph\":[{\"@type\":\"Organization\",\"@id\":\"https:\/\/www.ogrodolszanica.pl\/#organization\",\"name\":\"Ogr\u00f3d Olszanica - Krakowskie Centrum Ogrodnicze\",\"url\":\"https:\/\/www.ogrodolszanica.pl\/\",\"sameAs\":[\"https:\/\/www.facebook.com\/Ogrd-Olszanica-100807179225223\"],\"logo\":{\"@type\":\"ImageObject\",\"inLanguage\":\"pl-PL\",\"@id\":\"https:\/\/www.ogrodolszanica.pl\/#\/schema\/logo\/image\/\",\"url\":\"http:\/\/www.ogrodolszanica.pl\/wp-content\/uploads\/2022\/06\/Ogrod-Olszanica1-1.png\",\"contentUrl\":\"http:\/\/www.ogrodolszanica.pl\/wp-content\/uploads\/2022\/06\/Ogrod-Olszanica1-1.png\",\"width\":180,\"height\":60,\"caption\":\"Ogr\u00f3d Olszanica - Krakowskie Centrum Ogrodnicze\"},\"image\":{\"@id\":\"https:\/\/www.ogrodolszanica.pl\/#\/schema\/logo\/image\/\"}},{\"@type\":\"WebSite\",\"@id\":\"https:\/\/www.ogrodolszanica.pl\/#website\",\"url\":\"https:\/\/www.ogrodolszanica.pl\/\",\"name\":\"Ogr&oacute;d Olszanica\",\"description\":\"Centrum Ogrodnicze Krak&oacute;w\",\"publisher\":{\"@id\":\"https:\/\/www.ogrodolszanica.pl\/#organization\"},\"potentialAction\":[{\"@type\":\"SearchAction\",\"target\":{\"@type\":\"EntryPoint\",\"urlTemplate\":\"https:\/\/www.ogrodolszanica.pl\/?s={search_term_string}\"},\"query-input\":\"required name=search_term_string\"}],\"inLanguage\":\"pl-PL\"},{\"@type\":\"ImageObject\",\"inLanguage\":\"pl-PL\",\"@id\":\"https:\/\/www.ogrodolszanica.pl\/index.php\/produkt\/pysznoglowka-monarda-bee-bright\/#primaryimage\",\"url\":\"https:\/\/i0.wp.com\/www.ogrodolszanica.pl\/wp-content\/uploads\/2022\/07\/byliny-i-trawy_bee_77474_3.jpg?fit=435%2C650&ssl=1\",\"contentUrl\":\"https:\/\/i0.wp.com\/www.ogrodolszanica.pl\/wp-content\/uploads\/2022\/07\/byliny-i-trawy_bee_77474_3.jpg?fit=435%2C650&ssl=1\",\"width\":435,\"height\":650},{\"@type\":\"WebPage\",\"@id\":\"https:\/\/www.ogrodolszanica.pl\/index.php\/produkt\/pysznoglowka-monarda-bee-bright\/#webpage\",\"url\":\"https:\/\/www.ogrodolszanica.pl\/index.php\/produkt\/pysznoglowka-monarda-bee-bright\/\",\"name\":\"Pysznog\u0142\u00f3wka Monarda Bee-Bright - Ogr&oacute;d Olszanica\",\"isPartOf\":{\"@id\":\"https:\/\/www.ogrodolszanica.pl\/#website\"},\"primaryImageOfPage\":{\"@id\":\"https:\/\/www.ogrodolszanica.pl\/index.php\/produkt\/pysznoglowka-monarda-bee-bright\/#primaryimage\"},\"datePublished\":\"2022-07-11T21:05:43+00:00\",\"dateModified\":\"2026-03-07T20:16:32+00:00\",\"breadcrumb\":{\"@id\":\"https:\/\/www.ogrodolszanica.pl\/index.php\/produkt\/pysznoglowka-monarda-bee-bright\/#breadcrumb\"},\"inLanguage\":\"pl-PL\",\"potentialAction\":[{\"@type\":\"ReadAction\",\"target\":[\"https:\/\/www.ogrodolszanica.pl\/index.php\/produkt\/pysznoglowka-monarda-bee-bright\/\"]}]},{\"@type\":\"BreadcrumbList\",\"@id\":\"https:\/\/www.ogrodolszanica.pl\/index.php\/produkt\/pysznoglowka-monarda-bee-bright\/#breadcrumb\",\"itemListElement\":[{\"@type\":\"ListItem\",\"position\":1,\"name\":\"Strona g\u0142\u00f3wna\",\"item\":\"https:\/\/www.ogrodolszanica.pl\/\"},{\"@type\":\"ListItem\",\"position\":2,\"name\":\"Produkty\",\"item\":\"https:\/\/www.ogrodolszanica.pl\/index.php\/shop\/\"},{\"@type\":\"ListItem\",\"position\":3,\"name\":\"Pysznog\u0142\u00f3wka Monarda Bee-Bright\"}]}]}<\/script>\n<!-- \/ Yoast SEO plugin. -->","yoast_head_json":{"title":"Pysznog\u0142\u00f3wka Monarda Bee-Bright - Ogr&oacute;d Olszanica","robots":{"index":"index","follow":"follow","max-snippet":"max-snippet:-1","max-image-preview":"max-image-preview:large","max-video-preview":"max-video-preview:-1"},"canonical":"https:\/\/www.ogrodolszanica.pl\/index.php\/produkt\/pysznoglowka-monarda-bee-bright\/","og_locale":"pl_PL","og_type":"article","og_title":"Pysznog\u0142\u00f3wka Monarda Bee-Bright - Ogr&oacute;d Olszanica","og_description":"Pysznog\u0142\u00f3wka Monarda Bee-Bright Nowa, odporna na choroby stabilna odmiana o du\u017cych kwiatach. Istny magnes na pszczo\u0142y i motyle. Typowa bylina rabatowa kt\u00f3r\u0105 \u015bmia\u0142o po\u0142\u0105czy\u0107 mo\u017cna w kompozycji z floksami, ostr\u00f3\u017ckami czy jastrunami. Rodzaj: Pysznog\u0142\u00f3wka Barwa: Bia\u0142y szeroko\u015b\u0107: 45\u00a0cm wysoko\u015b\u0107: 50\u00a0cm wysoko\u015b\u0107 (kwitnienie): 70\u00a0cm kwitnienie: lipiec \u00f7 sierpie\u0144 stanowisko: s\u0142oneczne\u00a0 Dobierz odpowiednie pod\u0142o\u017ce z wybranych produkt\u00f3w &hellip; Pysznog\u0142\u00f3wka Monarda Bee-Bright Read More &raquo;","og_url":"https:\/\/www.ogrodolszanica.pl\/index.php\/produkt\/pysznoglowka-monarda-bee-bright\/","og_site_name":"Ogr&oacute;d Olszanica","article_publisher":"https:\/\/www.facebook.com\/Ogrd-Olszanica-100807179225223","article_modified_time":"2026-03-07T20:16:32+00:00","og_image":[{"width":435,"height":650,"url":"https:\/\/www.ogrodolszanica.pl\/wp-content\/uploads\/2022\/07\/byliny-i-trawy_bee_77474_3.jpg","type":"image\/jpeg"}],"author":"admin","twitter_card":"summary_large_image","twitter_misc":{"Szacowany czas czytania":"1 minuta"},"schema":{"@context":"https:\/\/schema.org","@graph":[{"@type":"Organization","@id":"https:\/\/www.ogrodolszanica.pl\/#organization","name":"Ogr\u00f3d Olszanica - Krakowskie Centrum Ogrodnicze","url":"https:\/\/www.ogrodolszanica.pl\/","sameAs":["https:\/\/www.facebook.com\/Ogrd-Olszanica-100807179225223"],"logo":{"@type":"ImageObject","inLanguage":"pl-PL","@id":"https:\/\/www.ogrodolszanica.pl\/#\/schema\/logo\/image\/","url":"http:\/\/www.ogrodolszanica.pl\/wp-content\/uploads\/2022\/06\/Ogrod-Olszanica1-1.png","contentUrl":"http:\/\/www.ogrodolszanica.pl\/wp-content\/uploads\/2022\/06\/Ogrod-Olszanica1-1.png","width":180,"height":60,"caption":"Ogr\u00f3d Olszanica - Krakowskie Centrum Ogrodnicze"},"image":{"@id":"https:\/\/www.ogrodolszanica.pl\/#\/schema\/logo\/image\/"}},{"@type":"WebSite","@id":"https:\/\/www.ogrodolszanica.pl\/#website","url":"https:\/\/www.ogrodolszanica.pl\/","name":"Ogr&oacute;d Olszanica","description":"Centrum Ogrodnicze Krak&oacute;w","publisher":{"@id":"https:\/\/www.ogrodolszanica.pl\/#organization"},"potentialAction":[{"@type":"SearchAction","target":{"@type":"EntryPoint","urlTemplate":"https:\/\/www.ogrodolszanica.pl\/?s={search_term_string}"},"query-input":"required name=search_term_string"}],"inLanguage":"pl-PL"},{"@type":"ImageObject","inLanguage":"pl-PL","@id":"https:\/\/www.ogrodolszanica.pl\/index.php\/produkt\/pysznoglowka-monarda-bee-bright\/#primaryimage","url":"https:\/\/i0.wp.com\/www.ogrodolszanica.pl\/wp-content\/uploads\/2022\/07\/byliny-i-trawy_bee_77474_3.jpg?fit=435%2C650&ssl=1","contentUrl":"https:\/\/i0.wp.com\/www.ogrodolszanica.pl\/wp-content\/uploads\/2022\/07\/byliny-i-trawy_bee_77474_3.jpg?fit=435%2C650&ssl=1","width":435,"height":650},{"@type":"WebPage","@id":"https:\/\/www.ogrodolszanica.pl\/index.php\/produkt\/pysznoglowka-monarda-bee-bright\/#webpage","url":"https:\/\/www.ogrodolszanica.pl\/index.php\/produkt\/pysznoglowka-monarda-bee-bright\/","name":"Pysznog\u0142\u00f3wka Monarda Bee-Bright - Ogr&oacute;d Olszanica","isPartOf":{"@id":"https:\/\/www.ogrodolszanica.pl\/#website"},"primaryImageOfPage":{"@id":"https:\/\/www.ogrodolszanica.pl\/index.php\/produkt\/pysznoglowka-monarda-bee-bright\/#primaryimage"},"datePublished":"2022-07-11T21:05:43+00:00","dateModified":"2026-03-07T20:16:32+00:00","breadcrumb":{"@id":"https:\/\/www.ogrodolszanica.pl\/index.php\/produkt\/pysznoglowka-monarda-bee-bright\/#breadcrumb"},"inLanguage":"pl-PL","potentialAction":[{"@type":"ReadAction","target":["https:\/\/www.ogrodolszanica.pl\/index.php\/produkt\/pysznoglowka-monarda-bee-bright\/"]}]},{"@type":"BreadcrumbList","@id":"https:\/\/www.ogrodolszanica.pl\/index.php\/produkt\/pysznoglowka-monarda-bee-bright\/#breadcrumb","itemListElement":[{"@type":"ListItem","position":1,"name":"Strona g\u0142\u00f3wna","item":"https:\/\/www.ogrodolszanica.pl\/"},{"@type":"ListItem","position":2,"name":"Produkty","item":"https:\/\/www.ogrodolszanica.pl\/index.php\/shop\/"},{"@type":"ListItem","position":3,"name":"Pysznog\u0142\u00f3wka Monarda Bee-Bright"}]}]}},"jetpack-related-posts":[{"id":2645,"url":"https:\/\/www.ogrodolszanica.pl\/index.php\/produkt\/pysznoglowka-bee-merry\/","url_meta":{"origin":1554,"position":0},"title":"Pysznog\u0142\u00f3wka Bee-Merry","date":"30 stycznia, 2024","format":false,"excerpt":"Pysznog\u0142\u00f3wka Bee Merry Monarda 'Bee Merry' to przepi\u0119kna, kompaktowa odmiana, kt\u00f3ra hipnotyzuje kwiatami o niesamowitej, r\u00f3\u017cowej barwie. Ro\u015blina tworzy dekoracyjne, zwarte k\u0119py, kt\u00f3re maksymalnie osi\u0105gaj\u0105 oko\u0142o 60 cm wysoko\u015bci i 40 cm szeroko\u015bci. Na wzniesionych, s\u0142abo rozga\u0142\u0119zionych p\u0119dach, osadzone s\u0105 niezwykle aromatyczne, jajowato-lancetowate , naprzeciwleg\u0142e li\u015bcie. Pysznog\u0142\u00f3wka 'Bee Merry' kwitnie\u2026","rel":"","context":"Similar post","img":{"alt_text":"","src":"https:\/\/i0.wp.com\/www.ogrodolszanica.pl\/wp-content\/uploads\/2024\/01\/Pysznoglowka-ogrodowa-bee-merry-scaled.jpg?fit=904%2C1200&ssl=1&resize=350%2C200","width":350,"height":200},"classes":[]},{"id":1544,"url":"https:\/\/www.ogrodolszanica.pl\/index.php\/produkt\/pysznoglowka-bee-free\/","url_meta":{"origin":1554,"position":1},"title":"Pysznog\u0142\u00f3wka Bee-Free","date":"11 lipca, 2022","format":false,"excerpt":"Pysznog\u0142\u00f3wka Bee Free Monarda Wyj\u0105tkowa odmiana o pi\u0119knych, fioletowo-r\u00f3\u017cowych, miododajnych kwiatach, kt\u00f3re przyci\u0105gaj\u0105 mn\u00f3stwo barwnych motyli. Pysznog\u0142\u00f3wka 'Bee Free' dorasta do oko\u0142o 60 cm wysoko\u015bci i 40 cm szeroko\u015bci. Opr\u00f3cz walor\u00f3w estetycznych ogromnym atutem byliny s\u0105 jej niewielkie wymagania uprawowe. Zielone, jajowato lancetowate, naprzeciwleg\u0142e li\u015bcie byliny s\u0105 niezwykle aromatyczne. Od\u2026","rel":"","context":"Similar post","img":{"alt_text":"","src":"https:\/\/i0.wp.com\/www.ogrodolszanica.pl\/wp-content\/uploads\/2022\/07\/pysznoglowka-bee-free-monarda-hybrida.jpg?fit=600%2C600&ssl=1&resize=350%2C200","width":350,"height":200},"classes":[]},{"id":1536,"url":"https:\/\/www.ogrodolszanica.pl\/index.php\/produkt\/pysznoglowka-bee-happy\/","url_meta":{"origin":1554,"position":2},"title":"Pysznog\u0142\u00f3wka Bee-Happy","date":"11 lipca, 2022","format":false,"excerpt":"Pysznog\u0142\u00f3wka Bee-Happy Nowa seria pysznog\u0142\u00f3wki o wysokiej tolerancji na m\u0105czniaka. Odmian Bee-Happy tworzy zwarte, obficie kwitn\u0105ce k\u0119py, latem obsypane czerwonymi kwiatami. Doskona\u0142a do nasadze\u0144 w gruncie a tak\u017ce w pojemnikach. Najlepiej ro\u015bnie na stanowiskach s\u0142onecznych lub lekko cienistych na glebach przepuszczalnych i umiarkowanie wilgotnych. Rodzaj: Pysznog\u0142\u00f3wka Barwa: Czerwony szeroko\u015b\u0107: 40\u00a0cm\u2026","rel":"","context":"Similar post","img":{"alt_text":"","src":"https:\/\/i0.wp.com\/www.ogrodolszanica.pl\/wp-content\/uploads\/2022\/07\/byliny-i-trawy_bee_74279_1.jpg?fit=650%2C650&ssl=1&resize=350%2C200","width":350,"height":200},"classes":[]},{"id":1629,"url":"https:\/\/www.ogrodolszanica.pl\/index.php\/produkt\/pysznoglowka-fireball\/","url_meta":{"origin":1554,"position":3},"title":"Pysznog\u0142\u00f3wka Fireball","date":"14 lipca, 2022","format":false,"excerpt":"Pysznog\u0142\u00f3wka Fireball Bujnie rosn\u0105ca bylina rabatowa o oryginalnych i wyr\u00f3\u017cniaj\u0105cych si\u0119 kwiatach oraz pachn\u0105cych li\u015bciach. Kwiaty miododajne, karminowe, lekko pachn\u0105ce, zebrane w g\u0142\u00f3wki. Najlepsza gleba - \u017cyzna i \u015brednio wilgotna. Na glebie ci\u0119\u017ckiej ro\u015blina staje si\u0119 kr\u00f3tkowieczna i ma tendencje do pok\u0142adania si\u0119. Nale\u017cy podlewa\u0107 w okresie bezdeszczowym. Jesieni\u0105 przycina\u0107\u2026","rel":"","context":"Similar post","img":{"alt_text":"","src":"https:\/\/i0.wp.com\/www.ogrodolszanica.pl\/wp-content\/uploads\/2022\/07\/monarda-fireball_4.jpg?fit=433%2C650&ssl=1&resize=350%2C200","width":350,"height":200},"classes":[]},{"id":2677,"url":"https:\/\/www.ogrodolszanica.pl\/index.php\/produkt\/hakonechloa-greenhills\/","url_meta":{"origin":1554,"position":4},"title":"Hakonechloa Greenhills","date":"30 stycznia, 2024","format":false,"excerpt":"Hakonechloa Greenhills Atrakcyjna trawa ozdobna pochodz\u0105ca z Japonii o ciemnozielonych li\u015bciach. Tworzy szerokie k\u0119py. Najlepiej ro\u015bnie na stanowiskach wilgotnych, przepuszczalnych. Wygl\u0105da pi\u0119knie w donicach b\u0105d\u017a w kombinacji z innymi ro\u015blinami. W Polsce mo\u017ce nie by\u0107 w pe\u0142ni zimotrwa\u0142a, nale\u017cy zabezpieczy\u0107 ro\u015bliny na zim\u0119. rodzaj: Hakonechloa barwa: \u017b\u00f3\u0142to-zielona szeroko\u015b\u0107: 40\u00a0cm wysoko\u015b\u0107:\u2026","rel":"","context":"Similar post","img":{"alt_text":"","src":"https:\/\/i0.wp.com\/www.ogrodolszanica.pl\/wp-content\/uploads\/2024\/01\/hakonechloa-greenhills_75024_4.jpg?fit=650%2C467&ssl=1&resize=350%2C200","width":350,"height":200},"classes":[]},{"id":2715,"url":"https:\/\/www.ogrodolszanica.pl\/index.php\/produkt\/zagwin-axcent-deep-purple-impr\/","url_meta":{"origin":1554,"position":5},"title":"\u017bagwin Axcent\u2122 Deep Purple Impr.","date":"31 stycznia, 2024","format":false,"excerpt":"\u017bagwin Axcent Deep Purple Impr. Odmiana wielkokwiatowa o mocnej kolorystyce. Preferowana na wszystkie s\u0142oneczne stanowiska z przepuszczalnym pod\u0142o\u017cem. Idealnie sprawdzi si\u0119 w ogrodach skalnych lub na murach. Rodzaj: \u017bagwin Barwa: Purpurowa szeroko\u015b\u0107: 40\u00a0cm wysoko\u015b\u0107: 10\u00a0cm wysoko\u015b\u0107 (kwitnienie): 20 cm kwitnienie: marzec \u00f7 maj stanowisko: s\u0142oneczne Dobierz odpowiednie pod\u0142o\u017ce z wybranych\u2026","rel":"","context":"Similar post","img":{"alt_text":"","src":"https:\/\/i0.wp.com\/www.ogrodolszanica.pl\/wp-content\/uploads\/2024\/01\/byliny-i-trawy_axcent_73524_2.jpg?fit=650%2C650&ssl=1&resize=350%2C200","width":350,"height":200},"classes":[]}],"_links":{"self":[{"href":"https:\/\/www.ogrodolszanica.pl\/index.php\/wp-json\/wp\/v2\/product\/1554","targetHints":{"allow":["GET"]}}],"collection":[{"href":"https:\/\/www.ogrodolszanica.pl\/index.php\/wp-json\/wp\/v2\/product"}],"about":[{"href":"https:\/\/www.ogrodolszanica.pl\/index.php\/wp-json\/wp\/v2\/types\/product"}],"replies":[{"embeddable":true,"href":"https:\/\/www.ogrodolszanica.pl\/index.php\/wp-json\/wp\/v2\/comments?post=1554"}],"wp:featuredmedia":[{"embeddable":true,"href":"https:\/\/www.ogrodolszanica.pl\/index.php\/wp-json\/wp\/v2\/media\/1555"}],"wp:attachment":[{"href":"https:\/\/www.ogrodolszanica.pl\/index.php\/wp-json\/wp\/v2\/media?parent=1554"}],"wp:term":[{"taxonomy":"product_cat","embeddable":true,"href":"https:\/\/www.ogrodolszanica.pl\/index.php\/wp-json\/wp\/v2\/product_cat?post=1554"},{"taxonomy":"product_tag","embeddable":true,"href":"https:\/\/www.ogrodolszanica.pl\/index.php\/wp-json\/wp\/v2\/product_tag?post=1554"}],"curies":[{"name":"wp","href":"https:\/\/api.w.org\/{rel}","templated":true}]}}