{"id":1549,"date":"2022-07-11T20:58:17","date_gmt":"2022-07-11T20:58:17","guid":{"rendered":"https:\/\/www.ogrodolszanica.pl\/?post_type=product&#038;p=1549"},"modified":"2026-03-07T20:16:48","modified_gmt":"2026-03-07T20:16:48","slug":"jezowka-echinacea-green-jewel","status":"publish","type":"product","link":"https:\/\/www.ogrodolszanica.pl\/index.php\/produkt\/jezowka-echinacea-green-jewel\/","title":{"rendered":"Je\u017c\u00f3wka Green Jewel"},"content":{"rendered":"<h1 style=\"text-align: center;\">Je\u017c\u00f3wka Echinacea Green Jewel<\/h1>\n<p>Bardzo charakterystyczna odmiana kt\u00f3rej nie mo\u017cna przegapi\u0107. Liczne jasnozielone kwiaty otaczaj\u0105 ciemnozielony \u015brodek. Prawdziwie zielony kolor jest \u015bwietnym dodatkiem do ka\u017cdego ogrodu czy teren\u00f3w zieleni. Dodatkow\u0105 zalet\u0105 jest zwarty pokr\u00f3j. Jest to wytrzyma\u0142a i ma\u0142o wymagaj\u0105ca odmiana.<\/p>\n<ul>\n<li>Rodzaj: Je\u017c\u00f3wka<\/li>\n<li>Barwa: Zielono-bia\u0142y<\/li>\n<li>\n<div>szeroko\u015b\u0107: <strong>20<\/strong><b>\u00a0cm<\/b><\/div>\n<\/li>\n<li>\n<div><b><\/b>wysoko\u015b\u0107: <strong>30<\/strong><b>\u00a0cm<\/b><\/div>\n<\/li>\n<li>\n<div><b><\/b>wysoko\u015b\u0107 (kwitnienie): <strong>50<\/strong><b>\u00a0cm<\/b><\/div>\n<\/li>\n<li>\n<div><b><\/b>kwitnienie: <strong>czerwiec <b>\u00f7 sierpie\u0144<\/b><\/strong><\/div>\n<\/li>\n<li>\n<div><b><\/b>stanowisko: <b>s\u0142oneczne\u00a0<\/b><\/div>\n<\/li>\n<\/ul>\n<p>Dobierz odpowiednie pod\u0142o\u017ce z wybranych produkt\u00f3w w naszym sklepie: <a href=\"https:\/\/www.ogrodolszanica.pl\/index.php\/kategoria-produktu\/zin\/\">Pod\u0142o\u017ca<\/a><\/p>\n<p>&nbsp;<\/p>\n","protected":false},"excerpt":{"rendered":"<p>Je\u017c\u00f3wka Echinacea Green Jewel Bardzo charakterystyczna odmiana kt\u00f3rej nie mo\u017cna przegapi\u0107. Liczne jasnozielone kwiaty otaczaj\u0105 ciemnozielony \u015brodek. Prawdziwie zielony kolor jest \u015bwietnym dodatkiem do ka\u017cdego ogrodu czy teren\u00f3w zieleni. Dodatkow\u0105 zalet\u0105 jest zwarty pokr\u00f3j. Jest to wytrzyma\u0142a i ma\u0142o wymagaj\u0105ca odmiana. Rodzaj: Je\u017c\u00f3wka Barwa: Zielono-bia\u0142y szeroko\u015b\u0107: 20\u00a0cm wysoko\u015b\u0107: 30\u00a0cm wysoko\u015b\u0107 (kwitnienie): 50\u00a0cm kwitnienie: czerwiec \u00f7 &hellip;<\/p>\n<p class=\"read-more\"> <a class=\"\" href=\"https:\/\/www.ogrodolszanica.pl\/index.php\/produkt\/jezowka-echinacea-green-jewel\/\"> <span class=\"screen-reader-text\">Je\u017c\u00f3wka Green Jewel<\/span> Read More &raquo;<\/a><\/p>\n","protected":false},"featured_media":1551,"comment_status":"open","ping_status":"closed","template":"","meta":{"site-sidebar-layout":"default","site-content-layout":"default","ast-global-header-display":"","ast-main-header-display":"","ast-hfb-above-header-display":"","ast-hfb-below-header-display":"","ast-hfb-mobile-header-display":"","site-post-title":"","ast-breadcrumbs-content":"","ast-featured-img":"","footer-sml-layout":"","theme-transparent-header-meta":"default","adv-header-id-meta":"","stick-header-meta":"","header-above-stick-meta":"","header-main-stick-meta":"","header-below-stick-meta":"","spay_email":""},"product_cat":[29,74,20],"product_tag":[],"class_list":["post-1549","product","type-product","status-publish","has-post-thumbnail","hentry","product_cat-byliny","product_cat-jezowki","product_cat-rosliny"],"yoast_head":"<!-- This site is optimized with the Yoast SEO plugin v19.2 - https:\/\/yoast.com\/wordpress\/plugins\/seo\/ -->\n<title>Je\u017c\u00f3wka Green Jewel - Ogr&oacute;d Olszanica<\/title>\n<meta name=\"robots\" content=\"index, follow, max-snippet:-1, max-image-preview:large, max-video-preview:-1\" \/>\n<link rel=\"canonical\" href=\"https:\/\/www.ogrodolszanica.pl\/index.php\/produkt\/jezowka-echinacea-green-jewel\/\" \/>\n<meta property=\"og:locale\" content=\"pl_PL\" \/>\n<meta property=\"og:type\" content=\"article\" \/>\n<meta property=\"og:title\" content=\"Je\u017c\u00f3wka Green Jewel - Ogr&oacute;d Olszanica\" \/>\n<meta property=\"og:description\" content=\"Je\u017c\u00f3wka Echinacea Green Jewel Bardzo charakterystyczna odmiana kt\u00f3rej nie mo\u017cna przegapi\u0107. Liczne jasnozielone kwiaty otaczaj\u0105 ciemnozielony \u015brodek. Prawdziwie zielony kolor jest \u015bwietnym dodatkiem do ka\u017cdego ogrodu czy teren\u00f3w zieleni. Dodatkow\u0105 zalet\u0105 jest zwarty pokr\u00f3j. Jest to wytrzyma\u0142a i ma\u0142o wymagaj\u0105ca odmiana. Rodzaj: Je\u017c\u00f3wka Barwa: Zielono-bia\u0142y szeroko\u015b\u0107: 20\u00a0cm wysoko\u015b\u0107: 30\u00a0cm wysoko\u015b\u0107 (kwitnienie): 50\u00a0cm kwitnienie: czerwiec \u00f7 &hellip; Je\u017c\u00f3wka Green Jewel Read More &raquo;\" \/>\n<meta property=\"og:url\" content=\"https:\/\/www.ogrodolszanica.pl\/index.php\/produkt\/jezowka-echinacea-green-jewel\/\" \/>\n<meta property=\"og:site_name\" content=\"Ogr&oacute;d Olszanica\" \/>\n<meta property=\"article:publisher\" content=\"https:\/\/www.facebook.com\/Ogrd-Olszanica-100807179225223\" \/>\n<meta property=\"article:modified_time\" content=\"2026-03-07T20:16:48+00:00\" \/>\n<meta property=\"og:image\" content=\"https:\/\/www.ogrodolszanica.pl\/wp-content\/uploads\/2022\/07\/byliny-i-trawy_echinacea-jezowka_74296_1.jpg\" \/>\n\t<meta property=\"og:image:width\" content=\"650\" \/>\n\t<meta property=\"og:image:height\" content=\"650\" \/>\n\t<meta property=\"og:image:type\" content=\"image\/jpeg\" \/>\n<meta name=\"author\" content=\"admin\" \/>\n<meta name=\"twitter:card\" content=\"summary_large_image\" \/>\n<meta name=\"twitter:label1\" content=\"Szacowany czas czytania\" \/>\n\t<meta name=\"twitter:data1\" content=\"1 minuta\" \/>\n<script type=\"application\/ld+json\" class=\"yoast-schema-graph\">{\"@context\":\"https:\/\/schema.org\",\"@graph\":[{\"@type\":\"Organization\",\"@id\":\"https:\/\/www.ogrodolszanica.pl\/#organization\",\"name\":\"Ogr\u00f3d Olszanica - Krakowskie Centrum Ogrodnicze\",\"url\":\"https:\/\/www.ogrodolszanica.pl\/\",\"sameAs\":[\"https:\/\/www.facebook.com\/Ogrd-Olszanica-100807179225223\"],\"logo\":{\"@type\":\"ImageObject\",\"inLanguage\":\"pl-PL\",\"@id\":\"https:\/\/www.ogrodolszanica.pl\/#\/schema\/logo\/image\/\",\"url\":\"http:\/\/www.ogrodolszanica.pl\/wp-content\/uploads\/2022\/06\/Ogrod-Olszanica1-1.png\",\"contentUrl\":\"http:\/\/www.ogrodolszanica.pl\/wp-content\/uploads\/2022\/06\/Ogrod-Olszanica1-1.png\",\"width\":180,\"height\":60,\"caption\":\"Ogr\u00f3d Olszanica - Krakowskie Centrum Ogrodnicze\"},\"image\":{\"@id\":\"https:\/\/www.ogrodolszanica.pl\/#\/schema\/logo\/image\/\"}},{\"@type\":\"WebSite\",\"@id\":\"https:\/\/www.ogrodolszanica.pl\/#website\",\"url\":\"https:\/\/www.ogrodolszanica.pl\/\",\"name\":\"Ogr&oacute;d Olszanica\",\"description\":\"Centrum Ogrodnicze Krak&oacute;w\",\"publisher\":{\"@id\":\"https:\/\/www.ogrodolszanica.pl\/#organization\"},\"potentialAction\":[{\"@type\":\"SearchAction\",\"target\":{\"@type\":\"EntryPoint\",\"urlTemplate\":\"https:\/\/www.ogrodolszanica.pl\/?s={search_term_string}\"},\"query-input\":\"required name=search_term_string\"}],\"inLanguage\":\"pl-PL\"},{\"@type\":\"ImageObject\",\"inLanguage\":\"pl-PL\",\"@id\":\"https:\/\/www.ogrodolszanica.pl\/index.php\/produkt\/jezowka-echinacea-green-jewel\/#primaryimage\",\"url\":\"https:\/\/i0.wp.com\/www.ogrodolszanica.pl\/wp-content\/uploads\/2022\/07\/byliny-i-trawy_echinacea-jezowka_74296_1.jpg?fit=650%2C650&ssl=1\",\"contentUrl\":\"https:\/\/i0.wp.com\/www.ogrodolszanica.pl\/wp-content\/uploads\/2022\/07\/byliny-i-trawy_echinacea-jezowka_74296_1.jpg?fit=650%2C650&ssl=1\",\"width\":650,\"height\":650},{\"@type\":\"WebPage\",\"@id\":\"https:\/\/www.ogrodolszanica.pl\/index.php\/produkt\/jezowka-echinacea-green-jewel\/#webpage\",\"url\":\"https:\/\/www.ogrodolszanica.pl\/index.php\/produkt\/jezowka-echinacea-green-jewel\/\",\"name\":\"Je\u017c\u00f3wka Green Jewel - Ogr&oacute;d Olszanica\",\"isPartOf\":{\"@id\":\"https:\/\/www.ogrodolszanica.pl\/#website\"},\"primaryImageOfPage\":{\"@id\":\"https:\/\/www.ogrodolszanica.pl\/index.php\/produkt\/jezowka-echinacea-green-jewel\/#primaryimage\"},\"datePublished\":\"2022-07-11T20:58:17+00:00\",\"dateModified\":\"2026-03-07T20:16:48+00:00\",\"breadcrumb\":{\"@id\":\"https:\/\/www.ogrodolszanica.pl\/index.php\/produkt\/jezowka-echinacea-green-jewel\/#breadcrumb\"},\"inLanguage\":\"pl-PL\",\"potentialAction\":[{\"@type\":\"ReadAction\",\"target\":[\"https:\/\/www.ogrodolszanica.pl\/index.php\/produkt\/jezowka-echinacea-green-jewel\/\"]}]},{\"@type\":\"BreadcrumbList\",\"@id\":\"https:\/\/www.ogrodolszanica.pl\/index.php\/produkt\/jezowka-echinacea-green-jewel\/#breadcrumb\",\"itemListElement\":[{\"@type\":\"ListItem\",\"position\":1,\"name\":\"Strona g\u0142\u00f3wna\",\"item\":\"https:\/\/www.ogrodolszanica.pl\/\"},{\"@type\":\"ListItem\",\"position\":2,\"name\":\"Produkty\",\"item\":\"https:\/\/www.ogrodolszanica.pl\/index.php\/shop\/\"},{\"@type\":\"ListItem\",\"position\":3,\"name\":\"Je\u017c\u00f3wka Green Jewel\"}]}]}<\/script>\n<!-- \/ Yoast SEO plugin. -->","yoast_head_json":{"title":"Je\u017c\u00f3wka Green Jewel - Ogr&oacute;d Olszanica","robots":{"index":"index","follow":"follow","max-snippet":"max-snippet:-1","max-image-preview":"max-image-preview:large","max-video-preview":"max-video-preview:-1"},"canonical":"https:\/\/www.ogrodolszanica.pl\/index.php\/produkt\/jezowka-echinacea-green-jewel\/","og_locale":"pl_PL","og_type":"article","og_title":"Je\u017c\u00f3wka Green Jewel - Ogr&oacute;d Olszanica","og_description":"Je\u017c\u00f3wka Echinacea Green Jewel Bardzo charakterystyczna odmiana kt\u00f3rej nie mo\u017cna przegapi\u0107. Liczne jasnozielone kwiaty otaczaj\u0105 ciemnozielony \u015brodek. Prawdziwie zielony kolor jest \u015bwietnym dodatkiem do ka\u017cdego ogrodu czy teren\u00f3w zieleni. Dodatkow\u0105 zalet\u0105 jest zwarty pokr\u00f3j. Jest to wytrzyma\u0142a i ma\u0142o wymagaj\u0105ca odmiana. Rodzaj: Je\u017c\u00f3wka Barwa: Zielono-bia\u0142y szeroko\u015b\u0107: 20\u00a0cm wysoko\u015b\u0107: 30\u00a0cm wysoko\u015b\u0107 (kwitnienie): 50\u00a0cm kwitnienie: czerwiec \u00f7 &hellip; Je\u017c\u00f3wka Green Jewel Read More &raquo;","og_url":"https:\/\/www.ogrodolszanica.pl\/index.php\/produkt\/jezowka-echinacea-green-jewel\/","og_site_name":"Ogr&oacute;d Olszanica","article_publisher":"https:\/\/www.facebook.com\/Ogrd-Olszanica-100807179225223","article_modified_time":"2026-03-07T20:16:48+00:00","og_image":[{"width":650,"height":650,"url":"https:\/\/www.ogrodolszanica.pl\/wp-content\/uploads\/2022\/07\/byliny-i-trawy_echinacea-jezowka_74296_1.jpg","type":"image\/jpeg"}],"author":"admin","twitter_card":"summary_large_image","twitter_misc":{"Szacowany czas czytania":"1 minuta"},"schema":{"@context":"https:\/\/schema.org","@graph":[{"@type":"Organization","@id":"https:\/\/www.ogrodolszanica.pl\/#organization","name":"Ogr\u00f3d Olszanica - Krakowskie Centrum Ogrodnicze","url":"https:\/\/www.ogrodolszanica.pl\/","sameAs":["https:\/\/www.facebook.com\/Ogrd-Olszanica-100807179225223"],"logo":{"@type":"ImageObject","inLanguage":"pl-PL","@id":"https:\/\/www.ogrodolszanica.pl\/#\/schema\/logo\/image\/","url":"http:\/\/www.ogrodolszanica.pl\/wp-content\/uploads\/2022\/06\/Ogrod-Olszanica1-1.png","contentUrl":"http:\/\/www.ogrodolszanica.pl\/wp-content\/uploads\/2022\/06\/Ogrod-Olszanica1-1.png","width":180,"height":60,"caption":"Ogr\u00f3d Olszanica - Krakowskie Centrum Ogrodnicze"},"image":{"@id":"https:\/\/www.ogrodolszanica.pl\/#\/schema\/logo\/image\/"}},{"@type":"WebSite","@id":"https:\/\/www.ogrodolszanica.pl\/#website","url":"https:\/\/www.ogrodolszanica.pl\/","name":"Ogr&oacute;d Olszanica","description":"Centrum Ogrodnicze Krak&oacute;w","publisher":{"@id":"https:\/\/www.ogrodolszanica.pl\/#organization"},"potentialAction":[{"@type":"SearchAction","target":{"@type":"EntryPoint","urlTemplate":"https:\/\/www.ogrodolszanica.pl\/?s={search_term_string}"},"query-input":"required name=search_term_string"}],"inLanguage":"pl-PL"},{"@type":"ImageObject","inLanguage":"pl-PL","@id":"https:\/\/www.ogrodolszanica.pl\/index.php\/produkt\/jezowka-echinacea-green-jewel\/#primaryimage","url":"https:\/\/i0.wp.com\/www.ogrodolszanica.pl\/wp-content\/uploads\/2022\/07\/byliny-i-trawy_echinacea-jezowka_74296_1.jpg?fit=650%2C650&ssl=1","contentUrl":"https:\/\/i0.wp.com\/www.ogrodolszanica.pl\/wp-content\/uploads\/2022\/07\/byliny-i-trawy_echinacea-jezowka_74296_1.jpg?fit=650%2C650&ssl=1","width":650,"height":650},{"@type":"WebPage","@id":"https:\/\/www.ogrodolszanica.pl\/index.php\/produkt\/jezowka-echinacea-green-jewel\/#webpage","url":"https:\/\/www.ogrodolszanica.pl\/index.php\/produkt\/jezowka-echinacea-green-jewel\/","name":"Je\u017c\u00f3wka Green Jewel - Ogr&oacute;d Olszanica","isPartOf":{"@id":"https:\/\/www.ogrodolszanica.pl\/#website"},"primaryImageOfPage":{"@id":"https:\/\/www.ogrodolszanica.pl\/index.php\/produkt\/jezowka-echinacea-green-jewel\/#primaryimage"},"datePublished":"2022-07-11T20:58:17+00:00","dateModified":"2026-03-07T20:16:48+00:00","breadcrumb":{"@id":"https:\/\/www.ogrodolszanica.pl\/index.php\/produkt\/jezowka-echinacea-green-jewel\/#breadcrumb"},"inLanguage":"pl-PL","potentialAction":[{"@type":"ReadAction","target":["https:\/\/www.ogrodolszanica.pl\/index.php\/produkt\/jezowka-echinacea-green-jewel\/"]}]},{"@type":"BreadcrumbList","@id":"https:\/\/www.ogrodolszanica.pl\/index.php\/produkt\/jezowka-echinacea-green-jewel\/#breadcrumb","itemListElement":[{"@type":"ListItem","position":1,"name":"Strona g\u0142\u00f3wna","item":"https:\/\/www.ogrodolszanica.pl\/"},{"@type":"ListItem","position":2,"name":"Produkty","item":"https:\/\/www.ogrodolszanica.pl\/index.php\/shop\/"},{"@type":"ListItem","position":3,"name":"Je\u017c\u00f3wka Green Jewel"}]}]}},"jetpack-related-posts":[{"id":2689,"url":"https:\/\/www.ogrodolszanica.pl\/index.php\/produkt\/jezowka-echinacea-purpurea-sensation-wild-romance\/","url_meta":{"origin":1549,"position":0},"title":"Je\u017c\u00f3wka Sensation Wild Romance","date":"31 stycznia, 2024","format":false,"excerpt":"Je\u017c\u00f3wka Sensation Wild Romance \u00a0 Ta odmiana wyr\u00f3\u017cnia si\u0119 na tle innych rewelacyjnie du\u017cymi i \u017cywymi kwiatami. Jej neonowy kolor roz\u015bwietli ka\u017cdy ogr\u00f3d i krajobraz. Posiada dobrze rozga\u0142\u0119zione mocne \u0142odygi oraz li\u015bcie ciemnozielone i zdrowe. Odmiana jest zimotrwa\u0142a. Wszystkie te cechy sprawiaj\u0105, \u017ce ro\u015blina ta jest naprawd\u0119 niesamowita. Rodzaj: Je\u017c\u00f3wka\u2026","rel":"","context":"Similar post","img":{"alt_text":"","src":"https:\/\/i0.wp.com\/www.ogrodolszanica.pl\/wp-content\/uploads\/2024\/01\/byliny-i-trawy_echinacea_75957_10.jpg?fit=650%2C434&ssl=1&resize=350%2C200","width":350,"height":200},"classes":[]},{"id":2345,"url":"https:\/\/www.ogrodolszanica.pl\/index.php\/produkt\/jezowka-innocent-meadow-mama\/","url_meta":{"origin":1549,"position":1},"title":"Je\u017c\u00f3wka Innocent Meadow Mama","date":"21 lipca, 2023","format":false,"excerpt":"Je\u017c\u00f3wka Innocent Meadow Mama Nowa odmiana o bardzo dobrym krzewieniu. Kwitnie licznymi kwiatostanami w kolorze czystej bielu ju\u017c na pocz\u0105tku sezonu. Odmiana ta nadaje si\u0119 bardzo dobrze do nasadze\u0144 w terenach zieleni poniewa\u017c jest bardziej wytrzyma\u0142a i pozostaje w dobrej kondycji przez kilka lat. Rodzaj: Je\u017c\u00f3wka Barwa: Bia\u0142a szeroko\u015b\u0107: 30\u00a0cm\u2026","rel":"","context":"Similar post","img":{"alt_text":"","src":"https:\/\/i0.wp.com\/www.ogrodolszanica.pl\/wp-content\/uploads\/2023\/07\/echinacea-innocent-meadow-mama_77404_1.jpg?fit=650%2C650&ssl=1&resize=350%2C200","width":350,"height":200},"classes":[]},{"id":2721,"url":"https:\/\/www.ogrodolszanica.pl\/index.php\/produkt\/jezowka-echinacea-purpurea-aloha\/","url_meta":{"origin":1549,"position":2},"title":"Je\u017c\u00f3wka Aloha","date":"31 stycznia, 2024","format":false,"excerpt":"Je\u017c\u00f3wka Aloha \u00a0 \u0141agodna odmiana o szerokich, melonowo-\u017c\u00f3\u0142tych, prawie kremowych p\u0142atkach, kt\u00f3re otaczaj\u0105 ciemno-pomara\u0144czowy \u015brodek. Wyr\u00f3\u017cnia si\u0119 w\u015br\u00f3d innych je\u017c\u00f3wek wyj\u0105tkow\u0105 delikatno\u015bci\u0105 barwy. To ro\u015blina pachn\u0105ca i elegancka, atrakcyjna dla motyli. \u015awietnie sprawdza si\u0119 jako kwiat ci\u0119ty, a dzi\u0119ki zwartej k\u0119pie jest doskona\u0142a na obw\u00f3dki i mieszane rabaty. Rodzaj: Je\u017c\u00f3wka\u2026","rel":"","context":"Similar post","img":{"alt_text":"","src":"https:\/\/i0.wp.com\/www.ogrodolszanica.pl\/wp-content\/uploads\/2024\/01\/echinacea-aloha_79233_2.jpg?fit=650%2C467&ssl=1&resize=350%2C200","width":350,"height":200},"classes":[]},{"id":2707,"url":"https:\/\/www.ogrodolszanica.pl\/index.php\/produkt\/jezowka-echinacea-purpurea-cherry-fluff\/","url_meta":{"origin":1549,"position":3},"title":"Je\u017c\u00f3wka Cherry Fluff","date":"31 stycznia, 2024","format":false,"excerpt":"Je\u017c\u00f3wka Cherry Fluff \u00a0 'Cherry Fluff' jest pierwsz\u0105 dwubarwn\u0105 odmian\u0105 je\u017c\u00f3wki o pe\u0142nych kwiatach. Pocz\u0105tkowo p\u0142atki s\u0105 kremowo-bia\u0142e z wi\u015bniowo-r\u00f3\u017cowymi przebarwieniami, kt\u00f3re w miar\u0119 starzenia si\u0119 kwiat\u00f3w staj\u0105 si\u0119 coraz bardzie wyra\u017ane. Doskona\u0142a na rabaty, obw\u00f3dki a tak\u017ce na kwiat ci\u0119ty. Najlepiej ro\u015bnie na stanowiskach s\u0142onecznych. Rodzaj: Je\u017c\u00f3wka Barwa: Kremowor\u00f3\u017cowa\u2026","rel":"","context":"Similar post","img":{"alt_text":"","src":"https:\/\/i0.wp.com\/www.ogrodolszanica.pl\/wp-content\/uploads\/2024\/01\/byliny-i-trawy_double-medium_74294_1.jpg?fit=650%2C650&ssl=1&resize=350%2C200","width":350,"height":200},"classes":[]},{"id":2513,"url":"https:\/\/www.ogrodolszanica.pl\/index.php\/produkt\/jezowka-sunmagic-fantastic-yellow\/","url_meta":{"origin":1549,"position":4},"title":"Je\u017c\u00f3wka SunMagic Fantastic Yellow","date":"28 sierpnia, 2023","format":false,"excerpt":"Je\u017c\u00f3wka SunMagic Fantastic Yellow Przepi\u0119kna je\u017c\u00f3wka, wyr\u00f3\u017cnia si\u0119 obfito\u015bci\u0105 kwitnienia oraz intensywnym kolorem du\u017cych kwiatostan\u00f3w. Bardzo d\u0142ugie kwitnienie, dorasta do 60 cm. Preferuje gleby lekkie i przepuszczalne oraz stanowiska s\u0142oneczne lub p\u00f3\u0142cieniste. Przyci\u0105ga owady zapylaj\u0105ce. W pe\u0142ni mrozoodporna i ma\u0142o wymagaj\u0105ca odmiana. rodzaj: Je\u017c\u00f3wka barwa: \u017b\u00f3\u0142ta szeroko\u015b\u0107: 35\u00a0cm wysoko\u015b\u0107: 45\u00a0cm\u2026","rel":"","context":"Similar post","img":{"alt_text":"","src":"https:\/\/i0.wp.com\/www.ogrodolszanica.pl\/wp-content\/uploads\/2023\/08\/echinacea-sunmagic-fantastic-yellow_3.jpg?fit=434%2C650&ssl=1&resize=350%2C200","width":350,"height":200},"classes":[]},{"id":2884,"url":"https:\/\/www.ogrodolszanica.pl\/index.php\/produkt\/jezowka-virgin\/","url_meta":{"origin":1549,"position":5},"title":"Je\u017c\u00f3wka Virgin","date":"10 sierpnia, 2024","format":false,"excerpt":"Je\u017c\u00f3wka Virgin \u00a0 Prawdziwie bia\u0142a odmian. Du\u017ce \u015anie\u017cnobia\u0142e kwiaty otaczaj\u0105 ciemnozielony \u015brodek. Kwiaty sprawiaj\u0105 wra\u017cenie lekko zaostrzonych na ko\u0144cach. Wygl\u0105da zachwycaj\u0105co w ka\u017cdym ogrodzie czy kompozycji. Dobra i wytrzyma\u0142a odmiana Rodzaj: Je\u017c\u00f3wka Barwa: Bia\u0142a szeroko\u015b\u0107: 25\u00a0cm wysoko\u015b\u0107: 30\u00a0cm wysoko\u015b\u0107 (kwitnienie): 60\u00a0cm kwitnienie: czerwiec \u00f7 sierpie\u0144 stanowisko: s\u0142oneczne Dobierz odpowiednie pod\u0142o\u017ce\u2026","rel":"","context":"Similar post","img":{"alt_text":"","src":"","width":0,"height":0},"classes":[]}],"_links":{"self":[{"href":"https:\/\/www.ogrodolszanica.pl\/index.php\/wp-json\/wp\/v2\/product\/1549","targetHints":{"allow":["GET"]}}],"collection":[{"href":"https:\/\/www.ogrodolszanica.pl\/index.php\/wp-json\/wp\/v2\/product"}],"about":[{"href":"https:\/\/www.ogrodolszanica.pl\/index.php\/wp-json\/wp\/v2\/types\/product"}],"replies":[{"embeddable":true,"href":"https:\/\/www.ogrodolszanica.pl\/index.php\/wp-json\/wp\/v2\/comments?post=1549"}],"wp:featuredmedia":[{"embeddable":true,"href":"https:\/\/www.ogrodolszanica.pl\/index.php\/wp-json\/wp\/v2\/media\/1551"}],"wp:attachment":[{"href":"https:\/\/www.ogrodolszanica.pl\/index.php\/wp-json\/wp\/v2\/media?parent=1549"}],"wp:term":[{"taxonomy":"product_cat","embeddable":true,"href":"https:\/\/www.ogrodolszanica.pl\/index.php\/wp-json\/wp\/v2\/product_cat?post=1549"},{"taxonomy":"product_tag","embeddable":true,"href":"https:\/\/www.ogrodolszanica.pl\/index.php\/wp-json\/wp\/v2\/product_tag?post=1549"}],"curies":[{"name":"wp","href":"https:\/\/api.w.org\/{rel}","templated":true}]}}