{"id":1515,"date":"2022-07-08T15:17:04","date_gmt":"2022-07-08T15:17:04","guid":{"rendered":"https:\/\/www.ogrodolszanica.pl\/?post_type=product&#038;p=1515"},"modified":"2026-03-03T17:58:04","modified_gmt":"2026-03-03T17:58:04","slug":"rozplenica-hameln","status":"publish","type":"product","link":"https:\/\/www.ogrodolszanica.pl\/index.php\/produkt\/rozplenica-hameln\/","title":{"rendered":"Rozplenica Hameln"},"content":{"rendered":"<h1 style=\"text-align: center;\">Rozplenica Hameln<\/h1>\n<p>Zimotrwa\u0142a odmiana rozplenicy tworz\u0105ca g\u0119ste k\u0119py zielonych li\u015bci, z kt\u00f3rych od lipca do jesieni bez przerwy wyrasta du\u017ca ilo\u015b\u0107 okaza\u0142ych k\u0142os\u00f3w, zdobi\u0105ce ro\u015blin\u0119 a\u017c do wiosny. 'Hameln&#8217; jest najwcze\u015bniej kwitn\u0105c\u0105 odmian\u0105 rozplenicy. Najlepiej ro\u015bnie na wilgotnych, \u017cyznych stanowiskach.<\/p>\n<ul>\n<li>Rodzaj: Rozplenica<\/li>\n<li>Barwa: Zielona<\/li>\n<li>\n<div>szeroko\u015b\u0107: <strong>40<\/strong><b>\u00a0cm<\/b><\/div>\n<\/li>\n<li>\n<div><b><\/b>wysoko\u015b\u0107: <strong>50<\/strong><b>\u00a0cm<\/b><\/div>\n<\/li>\n<li>\n<div><b><\/b>wysoko\u015b\u0107 (kwitnienie): <strong>60<\/strong><b>\u00a0cm<\/b><\/div>\n<\/li>\n<li>\n<div><b><\/b>kwitnienie: <strong>lipiec<\/strong><b> \u00f7 wrzesie\u0144<\/b><\/div>\n<\/li>\n<li>\n<div><b><\/b>stanowisko: <b>s\u0142oneczne<\/b><\/div>\n<\/li>\n<\/ul>\n<p>Dobierz odpowiednie pod\u0142o\u017ce z wybranych produkt\u00f3w w naszym sklepie: <a href=\"https:\/\/www.ogrodolszanica.pl\/index.php\/kategoria-produktu\/zin\/\">Pod\u0142o\u017ca<\/a><\/p>\n","protected":false},"excerpt":{"rendered":"<p>Rozplenica Hameln Zimotrwa\u0142a odmiana rozplenicy tworz\u0105ca g\u0119ste k\u0119py zielonych li\u015bci, z kt\u00f3rych od lipca do jesieni bez przerwy wyrasta du\u017ca ilo\u015b\u0107 okaza\u0142ych k\u0142os\u00f3w, zdobi\u0105ce ro\u015blin\u0119 a\u017c do wiosny. 'Hameln&#8217; jest najwcze\u015bniej kwitn\u0105c\u0105 odmian\u0105 rozplenicy. Najlepiej ro\u015bnie na wilgotnych, \u017cyznych stanowiskach. Rodzaj: Rozplenica Barwa: Zielona szeroko\u015b\u0107: 40\u00a0cm wysoko\u015b\u0107: 50\u00a0cm wysoko\u015b\u0107 (kwitnienie): 60\u00a0cm kwitnienie: lipiec \u00f7 wrzesie\u0144 &hellip;<\/p>\n<p class=\"read-more\"> <a class=\"\" href=\"https:\/\/www.ogrodolszanica.pl\/index.php\/produkt\/rozplenica-hameln\/\"> <span class=\"screen-reader-text\">Rozplenica Hameln<\/span> Read More &raquo;<\/a><\/p>\n","protected":false},"featured_media":1516,"comment_status":"open","ping_status":"closed","template":"","meta":{"site-sidebar-layout":"default","site-content-layout":"default","ast-global-header-display":"","ast-main-header-display":"","ast-hfb-above-header-display":"","ast-hfb-below-header-display":"","ast-hfb-mobile-header-display":"","site-post-title":"","ast-breadcrumbs-content":"","ast-featured-img":"","footer-sml-layout":"","theme-transparent-header-meta":"default","adv-header-id-meta":"","stick-header-meta":"","header-above-stick-meta":"","header-main-stick-meta":"","header-below-stick-meta":"","spay_email":""},"product_cat":[20,30],"product_tag":[],"class_list":["post-1515","product","type-product","status-publish","has-post-thumbnail","hentry","product_cat-rosliny","product_cat-trawy"],"yoast_head":"<!-- This site is optimized with the Yoast SEO plugin v19.2 - https:\/\/yoast.com\/wordpress\/plugins\/seo\/ -->\n<title>Rozplenica Hameln - Ogr&oacute;d Olszanica<\/title>\n<meta name=\"robots\" content=\"index, follow, max-snippet:-1, max-image-preview:large, max-video-preview:-1\" \/>\n<link rel=\"canonical\" href=\"https:\/\/www.ogrodolszanica.pl\/index.php\/produkt\/rozplenica-hameln\/\" \/>\n<meta property=\"og:locale\" content=\"pl_PL\" \/>\n<meta property=\"og:type\" content=\"article\" \/>\n<meta property=\"og:title\" content=\"Rozplenica Hameln - Ogr&oacute;d Olszanica\" \/>\n<meta property=\"og:description\" content=\"Rozplenica Hameln Zimotrwa\u0142a odmiana rozplenicy tworz\u0105ca g\u0119ste k\u0119py zielonych li\u015bci, z kt\u00f3rych od lipca do jesieni bez przerwy wyrasta du\u017ca ilo\u015b\u0107 okaza\u0142ych k\u0142os\u00f3w, zdobi\u0105ce ro\u015blin\u0119 a\u017c do wiosny. &#039;Hameln&#8217; jest najwcze\u015bniej kwitn\u0105c\u0105 odmian\u0105 rozplenicy. Najlepiej ro\u015bnie na wilgotnych, \u017cyznych stanowiskach. Rodzaj: Rozplenica Barwa: Zielona szeroko\u015b\u0107: 40\u00a0cm wysoko\u015b\u0107: 50\u00a0cm wysoko\u015b\u0107 (kwitnienie): 60\u00a0cm kwitnienie: lipiec \u00f7 wrzesie\u0144 &hellip; Rozplenica Hameln Read More &raquo;\" \/>\n<meta property=\"og:url\" content=\"https:\/\/www.ogrodolszanica.pl\/index.php\/produkt\/rozplenica-hameln\/\" \/>\n<meta property=\"og:site_name\" content=\"Ogr&oacute;d Olszanica\" \/>\n<meta property=\"article:publisher\" content=\"https:\/\/www.facebook.com\/Ogrd-Olszanica-100807179225223\" \/>\n<meta property=\"article:modified_time\" content=\"2026-03-03T17:58:04+00:00\" \/>\n<meta property=\"og:image\" content=\"https:\/\/www.ogrodolszanica.pl\/wp-content\/uploads\/2022\/07\/byliny-i-trawy_pennisetum-rozplenica_79719_1.jpg\" \/>\n\t<meta property=\"og:image:width\" content=\"650\" \/>\n\t<meta property=\"og:image:height\" content=\"650\" \/>\n\t<meta property=\"og:image:type\" content=\"image\/jpeg\" \/>\n<meta name=\"author\" content=\"admin\" \/>\n<meta name=\"twitter:card\" content=\"summary_large_image\" \/>\n<script type=\"application\/ld+json\" class=\"yoast-schema-graph\">{\"@context\":\"https:\/\/schema.org\",\"@graph\":[{\"@type\":\"Organization\",\"@id\":\"https:\/\/www.ogrodolszanica.pl\/#organization\",\"name\":\"Ogr\u00f3d Olszanica - Krakowskie Centrum Ogrodnicze\",\"url\":\"https:\/\/www.ogrodolszanica.pl\/\",\"sameAs\":[\"https:\/\/www.facebook.com\/Ogrd-Olszanica-100807179225223\"],\"logo\":{\"@type\":\"ImageObject\",\"inLanguage\":\"pl-PL\",\"@id\":\"https:\/\/www.ogrodolszanica.pl\/#\/schema\/logo\/image\/\",\"url\":\"http:\/\/www.ogrodolszanica.pl\/wp-content\/uploads\/2022\/06\/Ogrod-Olszanica1-1.png\",\"contentUrl\":\"http:\/\/www.ogrodolszanica.pl\/wp-content\/uploads\/2022\/06\/Ogrod-Olszanica1-1.png\",\"width\":180,\"height\":60,\"caption\":\"Ogr\u00f3d Olszanica - Krakowskie Centrum Ogrodnicze\"},\"image\":{\"@id\":\"https:\/\/www.ogrodolszanica.pl\/#\/schema\/logo\/image\/\"}},{\"@type\":\"WebSite\",\"@id\":\"https:\/\/www.ogrodolszanica.pl\/#website\",\"url\":\"https:\/\/www.ogrodolszanica.pl\/\",\"name\":\"Ogr&oacute;d Olszanica\",\"description\":\"Centrum Ogrodnicze Krak&oacute;w\",\"publisher\":{\"@id\":\"https:\/\/www.ogrodolszanica.pl\/#organization\"},\"potentialAction\":[{\"@type\":\"SearchAction\",\"target\":{\"@type\":\"EntryPoint\",\"urlTemplate\":\"https:\/\/www.ogrodolszanica.pl\/?s={search_term_string}\"},\"query-input\":\"required name=search_term_string\"}],\"inLanguage\":\"pl-PL\"},{\"@type\":\"ImageObject\",\"inLanguage\":\"pl-PL\",\"@id\":\"https:\/\/www.ogrodolszanica.pl\/index.php\/produkt\/rozplenica-hameln\/#primaryimage\",\"url\":\"https:\/\/i0.wp.com\/www.ogrodolszanica.pl\/wp-content\/uploads\/2022\/07\/byliny-i-trawy_pennisetum-rozplenica_79719_1.jpg?fit=650%2C650&ssl=1\",\"contentUrl\":\"https:\/\/i0.wp.com\/www.ogrodolszanica.pl\/wp-content\/uploads\/2022\/07\/byliny-i-trawy_pennisetum-rozplenica_79719_1.jpg?fit=650%2C650&ssl=1\",\"width\":650,\"height\":650},{\"@type\":\"WebPage\",\"@id\":\"https:\/\/www.ogrodolszanica.pl\/index.php\/produkt\/rozplenica-hameln\/#webpage\",\"url\":\"https:\/\/www.ogrodolszanica.pl\/index.php\/produkt\/rozplenica-hameln\/\",\"name\":\"Rozplenica Hameln - Ogr&oacute;d Olszanica\",\"isPartOf\":{\"@id\":\"https:\/\/www.ogrodolszanica.pl\/#website\"},\"primaryImageOfPage\":{\"@id\":\"https:\/\/www.ogrodolszanica.pl\/index.php\/produkt\/rozplenica-hameln\/#primaryimage\"},\"datePublished\":\"2022-07-08T15:17:04+00:00\",\"dateModified\":\"2026-03-03T17:58:04+00:00\",\"breadcrumb\":{\"@id\":\"https:\/\/www.ogrodolszanica.pl\/index.php\/produkt\/rozplenica-hameln\/#breadcrumb\"},\"inLanguage\":\"pl-PL\",\"potentialAction\":[{\"@type\":\"ReadAction\",\"target\":[\"https:\/\/www.ogrodolszanica.pl\/index.php\/produkt\/rozplenica-hameln\/\"]}]},{\"@type\":\"BreadcrumbList\",\"@id\":\"https:\/\/www.ogrodolszanica.pl\/index.php\/produkt\/rozplenica-hameln\/#breadcrumb\",\"itemListElement\":[{\"@type\":\"ListItem\",\"position\":1,\"name\":\"Strona g\u0142\u00f3wna\",\"item\":\"https:\/\/www.ogrodolszanica.pl\/\"},{\"@type\":\"ListItem\",\"position\":2,\"name\":\"Produkty\",\"item\":\"https:\/\/www.ogrodolszanica.pl\/index.php\/shop\/\"},{\"@type\":\"ListItem\",\"position\":3,\"name\":\"Rozplenica Hameln\"}]}]}<\/script>\n<!-- \/ Yoast SEO plugin. -->","yoast_head_json":{"title":"Rozplenica Hameln - Ogr&oacute;d Olszanica","robots":{"index":"index","follow":"follow","max-snippet":"max-snippet:-1","max-image-preview":"max-image-preview:large","max-video-preview":"max-video-preview:-1"},"canonical":"https:\/\/www.ogrodolszanica.pl\/index.php\/produkt\/rozplenica-hameln\/","og_locale":"pl_PL","og_type":"article","og_title":"Rozplenica Hameln - Ogr&oacute;d Olszanica","og_description":"Rozplenica Hameln Zimotrwa\u0142a odmiana rozplenicy tworz\u0105ca g\u0119ste k\u0119py zielonych li\u015bci, z kt\u00f3rych od lipca do jesieni bez przerwy wyrasta du\u017ca ilo\u015b\u0107 okaza\u0142ych k\u0142os\u00f3w, zdobi\u0105ce ro\u015blin\u0119 a\u017c do wiosny. 'Hameln&#8217; jest najwcze\u015bniej kwitn\u0105c\u0105 odmian\u0105 rozplenicy. Najlepiej ro\u015bnie na wilgotnych, \u017cyznych stanowiskach. Rodzaj: Rozplenica Barwa: Zielona szeroko\u015b\u0107: 40\u00a0cm wysoko\u015b\u0107: 50\u00a0cm wysoko\u015b\u0107 (kwitnienie): 60\u00a0cm kwitnienie: lipiec \u00f7 wrzesie\u0144 &hellip; Rozplenica Hameln Read More &raquo;","og_url":"https:\/\/www.ogrodolszanica.pl\/index.php\/produkt\/rozplenica-hameln\/","og_site_name":"Ogr&oacute;d Olszanica","article_publisher":"https:\/\/www.facebook.com\/Ogrd-Olszanica-100807179225223","article_modified_time":"2026-03-03T17:58:04+00:00","og_image":[{"width":650,"height":650,"url":"https:\/\/www.ogrodolszanica.pl\/wp-content\/uploads\/2022\/07\/byliny-i-trawy_pennisetum-rozplenica_79719_1.jpg","type":"image\/jpeg"}],"author":"admin","twitter_card":"summary_large_image","schema":{"@context":"https:\/\/schema.org","@graph":[{"@type":"Organization","@id":"https:\/\/www.ogrodolszanica.pl\/#organization","name":"Ogr\u00f3d Olszanica - Krakowskie Centrum Ogrodnicze","url":"https:\/\/www.ogrodolszanica.pl\/","sameAs":["https:\/\/www.facebook.com\/Ogrd-Olszanica-100807179225223"],"logo":{"@type":"ImageObject","inLanguage":"pl-PL","@id":"https:\/\/www.ogrodolszanica.pl\/#\/schema\/logo\/image\/","url":"http:\/\/www.ogrodolszanica.pl\/wp-content\/uploads\/2022\/06\/Ogrod-Olszanica1-1.png","contentUrl":"http:\/\/www.ogrodolszanica.pl\/wp-content\/uploads\/2022\/06\/Ogrod-Olszanica1-1.png","width":180,"height":60,"caption":"Ogr\u00f3d Olszanica - Krakowskie Centrum Ogrodnicze"},"image":{"@id":"https:\/\/www.ogrodolszanica.pl\/#\/schema\/logo\/image\/"}},{"@type":"WebSite","@id":"https:\/\/www.ogrodolszanica.pl\/#website","url":"https:\/\/www.ogrodolszanica.pl\/","name":"Ogr&oacute;d Olszanica","description":"Centrum Ogrodnicze Krak&oacute;w","publisher":{"@id":"https:\/\/www.ogrodolszanica.pl\/#organization"},"potentialAction":[{"@type":"SearchAction","target":{"@type":"EntryPoint","urlTemplate":"https:\/\/www.ogrodolszanica.pl\/?s={search_term_string}"},"query-input":"required name=search_term_string"}],"inLanguage":"pl-PL"},{"@type":"ImageObject","inLanguage":"pl-PL","@id":"https:\/\/www.ogrodolszanica.pl\/index.php\/produkt\/rozplenica-hameln\/#primaryimage","url":"https:\/\/i0.wp.com\/www.ogrodolszanica.pl\/wp-content\/uploads\/2022\/07\/byliny-i-trawy_pennisetum-rozplenica_79719_1.jpg?fit=650%2C650&ssl=1","contentUrl":"https:\/\/i0.wp.com\/www.ogrodolszanica.pl\/wp-content\/uploads\/2022\/07\/byliny-i-trawy_pennisetum-rozplenica_79719_1.jpg?fit=650%2C650&ssl=1","width":650,"height":650},{"@type":"WebPage","@id":"https:\/\/www.ogrodolszanica.pl\/index.php\/produkt\/rozplenica-hameln\/#webpage","url":"https:\/\/www.ogrodolszanica.pl\/index.php\/produkt\/rozplenica-hameln\/","name":"Rozplenica Hameln - Ogr&oacute;d Olszanica","isPartOf":{"@id":"https:\/\/www.ogrodolszanica.pl\/#website"},"primaryImageOfPage":{"@id":"https:\/\/www.ogrodolszanica.pl\/index.php\/produkt\/rozplenica-hameln\/#primaryimage"},"datePublished":"2022-07-08T15:17:04+00:00","dateModified":"2026-03-03T17:58:04+00:00","breadcrumb":{"@id":"https:\/\/www.ogrodolszanica.pl\/index.php\/produkt\/rozplenica-hameln\/#breadcrumb"},"inLanguage":"pl-PL","potentialAction":[{"@type":"ReadAction","target":["https:\/\/www.ogrodolszanica.pl\/index.php\/produkt\/rozplenica-hameln\/"]}]},{"@type":"BreadcrumbList","@id":"https:\/\/www.ogrodolszanica.pl\/index.php\/produkt\/rozplenica-hameln\/#breadcrumb","itemListElement":[{"@type":"ListItem","position":1,"name":"Strona g\u0142\u00f3wna","item":"https:\/\/www.ogrodolszanica.pl\/"},{"@type":"ListItem","position":2,"name":"Produkty","item":"https:\/\/www.ogrodolszanica.pl\/index.php\/shop\/"},{"@type":"ListItem","position":3,"name":"Rozplenica Hameln"}]}]}},"jetpack-related-posts":[{"id":2337,"url":"https:\/\/www.ogrodolszanica.pl\/index.php\/produkt\/rozplenica-hameln-gold\/","url_meta":{"origin":1515,"position":0},"title":"Rozplenica Hameln Gold","date":"21 lipca, 2023","format":false,"excerpt":"Rozplenica Hameln Gold Zimotrwa\u0142a odmiana rozplenicy tworz\u0105ca g\u0119ste k\u0119py z\u0142oto\u017c\u00f3\u0142tych li\u015bci, z kt\u00f3rych od lipca do jesieni bez przerwy wyrasta du\u017ca ilo\u015b\u0107 okaza\u0142ych k\u0142os\u00f3w, kt\u00f3re zdobi\u0105 ro\u015blin\u0119 do wiosny. Najlepiej ro\u015bnie na wilgotnych, \u017cyznych stanowiskach. Rodzaj: Rozplenica Barwa: Z\u0142oto-zielona szeroko\u015b\u0107: 40\u00a0cm wysoko\u015b\u0107: 50\u00a0cm wysoko\u015b\u0107 (kwitnienie): 60\u00a0cm kwitnienie: lipiec \u00f7 wrzesie\u0144\u2026","rel":"","context":"Similar post","img":{"alt_text":"","src":"https:\/\/i0.wp.com\/www.ogrodolszanica.pl\/wp-content\/uploads\/2023\/07\/pennisetum-hameln-gold_9.jpg?fit=434%2C650&ssl=1&resize=350%2C200","width":350,"height":200},"classes":[]},{"id":1741,"url":"https:\/\/www.ogrodolszanica.pl\/index.php\/produkt\/rozplenica-red-head\/","url_meta":{"origin":1515,"position":1},"title":"Rozplenica Red Head","date":"18 lipca, 2022","format":false,"excerpt":"Rozplenica Red Head Rozplenica kt\u00f3ra tworzy solidne k\u0119py. Mo\u017cna j\u0105 sadzi\u0107 zar\u00f3wno w ma\u0142ych jak i du\u017cych grupach. Wyschni\u0119te kwiatostany s\u0105 dekoracyjne do wiosny. Red Head tworzy kwiatostany o czerwonym zabarwieniu, kt\u00f3re pi\u0119knie kontrastuj\u0105 z ca\u0142o\u015bci\u0105 ro\u015bliny kt\u00f3ra podobna jest w budowie do odmiany Hameln. Rodzaj: Rozplenica Barwa: Zielono-czerwony szeroko\u015b\u0107:\u2026","rel":"","context":"Similar post","img":{"alt_text":"","src":"https:\/\/i0.wp.com\/www.ogrodolszanica.pl\/wp-content\/uploads\/2022\/07\/byliny-i-trawy_pennisetum_74142_1.jpg?fit=500%2C375&ssl=1&resize=350%2C200","width":350,"height":200},"classes":[]},{"id":2647,"url":"https:\/\/www.ogrodolszanica.pl\/index.php\/produkt\/rozplenica-little-bunny\/","url_meta":{"origin":1515,"position":2},"title":"Rozplenica Little Bunny","date":"30 stycznia, 2024","format":false,"excerpt":"Rozplenica Little Bunny Kar\u0142owata, w pe\u0142ni zimotrwa\u0142a odmiana rozplenicy tworz\u0105ca g\u0119ste k\u0119py zielonych li\u015bci, z kt\u00f3rych od sierpnia do jesieni bez przerwy wyrasta du\u017ca ilo\u015b\u0107 okaza\u0142ych k\u0142os\u00f3w, kt\u00f3re zdobi\u0105 ro\u015blin\u0119 przez zim\u0119 a\u017c do wiosny. Najlepiej ro\u015bnie na s\u0142onecznych, lekko wilgotnych stanowiskach. Rodzaj: Rozplenica Barwa: Zielono - bia\u0142a szeroko\u015b\u0107: 20\u00a0cm\u2026","rel":"","context":"Similar post","img":{"alt_text":"","src":"https:\/\/i0.wp.com\/www.ogrodolszanica.pl\/wp-content\/uploads\/2024\/01\/pennisetum-little-bunny_3.jpg?fit=650%2C435&ssl=1&resize=350%2C200","width":350,"height":200},"classes":[]},{"id":1632,"url":"https:\/\/www.ogrodolszanica.pl\/index.php\/produkt\/rozplenica-lady-u\/","url_meta":{"origin":1515,"position":3},"title":"Rozplenica Lady U","date":"14 lipca, 2022","format":false,"excerpt":"Rozplenica Lady U Rozplenica jest wytrzyma\u0142a i roz\u0142o\u017cysta dzi\u0119ki czemu bardzo szczelnie wype\u0142nia przestrze\u0144. Suche k\u0142osy s\u0105 niezwykle dekoracyjne do wiosny. Wczesn\u0105 wiosn\u0105 nale\u017cy ro\u015blin\u0119 przyci\u0105\u0107. Rodzaj: Rozplenica Barwa: Zielony szeroko\u015b\u0107: 150\u00a0cm wysoko\u015b\u0107: 100\u00a0cm wysoko\u015b\u0107 (kwitnienie): 150\u00a0cm kwitnienie: sierpie\u0144 \u00f7 wrzesie\u0144 stanowisko: s\u0142oneczne, p\u00f3\u0142cieniste Dobierz odpowiednie pod\u0142o\u017ce z wybranych produkt\u00f3w\u2026","rel":"","context":"Similar post","img":{"alt_text":"","src":"https:\/\/i0.wp.com\/www.ogrodolszanica.pl\/wp-content\/uploads\/2022\/07\/byliny-i-trawy_pennisetum-rozplenica_74125_1.jpg?fit=650%2C650&ssl=1&resize=350%2C200","width":350,"height":200},"classes":[]},{"id":1738,"url":"https:\/\/www.ogrodolszanica.pl\/index.php\/produkt\/rozplenica-japonska-pennisetum-alopecuriodes\/","url_meta":{"origin":1515,"position":4},"title":"Rozplenica Japo\u0144ska Pennisetum Alopecuriodes","date":"18 lipca, 2022","format":false,"excerpt":"Rozplenica Japo\u0144ska Pennisetum Alopecuriodes Ozdobna trawa tworz\u0105ca g\u0119ste k\u0119py, wysoko\u015bci do 100 cm. Li\u015bcie w\u0105skie, ow\u0142osione. Kwiatostany w\u0105sko lancetowate, \u017c\u00f3\u0142tawe, br\u0105zowawe lub ciemnopurpurowe z rozstrzelonymi o\u015b\u0107mi. Wymaga ciep\u0142ych, cienistych miejsc, os\u0142oni\u0119tych przed silnymi wiatrami. Konieczne jest zabezpieczenie przed mrozem na czas zimy. Obumar\u0142e li\u015bcie \u015bcina si\u0119 dopiero wiosn\u0105. Rodzaj: Rozplenica\u2026","rel":"","context":"Similar post","img":{"alt_text":"","src":"https:\/\/i0.wp.com\/www.ogrodolszanica.pl\/wp-content\/uploads\/2022\/07\/byliny-i-trawy_pennisetum-rozplenica_74115_1.jpg?fit=650%2C650&ssl=1&resize=350%2C200","width":350,"height":200},"classes":[]},{"id":2453,"url":"https:\/\/www.ogrodolszanica.pl\/index.php\/produkt\/rozplenica-gelbstiel\/","url_meta":{"origin":1515,"position":5},"title":"Trawa Rozplenica Gelbstiel-Pennisetum Gelbstiel","date":"28 sierpnia, 2023","format":false,"excerpt":"Rozplenica japo\u0144ska Gelbstiel\u00a0Pennisetum alopecuroides to odmiana osi\u0105ga przeci\u0119tne rozmiary w gatunku, ale bez w\u0105tpienia wyr\u00f3\u017cnia si\u0119 energetycznym ubarwieniem w okresie kwitnienia. Z uwagi na kompaktowe rozmiary \u0142atwo znale\u017a\u0107 dla niej miejsce nawet w niedu\u017cych przestrzeniach.\u00a0Ro\u015bnie w umiarkowanym tempie formuj\u0105c zgrabn\u0105, niemal p\u00f3\u0142kulist\u0105 k\u0119p\u0119 o \u015brednicy oko\u0142o 50 cm. W\u0105skie, p\u0142askie\u2026","rel":"","context":"Similar post","img":{"alt_text":"","src":"https:\/\/i0.wp.com\/www.ogrodolszanica.pl\/wp-content\/uploads\/2023\/08\/Trawa-Rozplenica-Gelbstiel-Pennisetum-Gelbstiel-scaled.jpg?fit=904%2C1200&ssl=1&resize=350%2C200","width":350,"height":200},"classes":[]}],"_links":{"self":[{"href":"https:\/\/www.ogrodolszanica.pl\/index.php\/wp-json\/wp\/v2\/product\/1515","targetHints":{"allow":["GET"]}}],"collection":[{"href":"https:\/\/www.ogrodolszanica.pl\/index.php\/wp-json\/wp\/v2\/product"}],"about":[{"href":"https:\/\/www.ogrodolszanica.pl\/index.php\/wp-json\/wp\/v2\/types\/product"}],"replies":[{"embeddable":true,"href":"https:\/\/www.ogrodolszanica.pl\/index.php\/wp-json\/wp\/v2\/comments?post=1515"}],"wp:featuredmedia":[{"embeddable":true,"href":"https:\/\/www.ogrodolszanica.pl\/index.php\/wp-json\/wp\/v2\/media\/1516"}],"wp:attachment":[{"href":"https:\/\/www.ogrodolszanica.pl\/index.php\/wp-json\/wp\/v2\/media?parent=1515"}],"wp:term":[{"taxonomy":"product_cat","embeddable":true,"href":"https:\/\/www.ogrodolszanica.pl\/index.php\/wp-json\/wp\/v2\/product_cat?post=1515"},{"taxonomy":"product_tag","embeddable":true,"href":"https:\/\/www.ogrodolszanica.pl\/index.php\/wp-json\/wp\/v2\/product_tag?post=1515"}],"curies":[{"name":"wp","href":"https:\/\/api.w.org\/{rel}","templated":true}]}}