{"id":1320,"date":"2019-01-23T13:24:06","date_gmt":"2019-01-23T13:24:06","guid":{"rendered":"https:\/\/www.ogrodolszanica.pl\/index.php\/produkt\/aluminum-plant\/"},"modified":"2026-03-25T20:15:55","modified_gmt":"2026-03-25T20:15:55","slug":"dianthus-angel-of-hope","status":"publish","type":"product","link":"https:\/\/www.ogrodolszanica.pl\/index.php\/produkt\/dianthus-angel-of-hope\/","title":{"rendered":"Go\u017adzik Angel Of Hope"},"content":{"rendered":"<div class=\"mpof_ki myre_zn myre_8v_l m389_6m_l\">\n<div class=\"mp4t_16_s mryx_16_s mr3m_1 mli2_1 mh85_56 mh85_0_l\">\n<div class=\"mgn2_16 _0d3bd_am0a-\">\n<div class=\"mpof_ki myre_zn myre_8v_l m389_6m_l\">\n<div class=\"mp4t_16_s mryx_16_s mr3m_1 mli2_1 mh85_56 mh85_0_l\">\n<div class=\"mgn2_16 _0d3bd_am0a-\">\n<div class=\"section-container section-active\" data-testid=\"description-section-container\">\n<div class=\"section\">\n<div class=\"item item-6\">\n<div class=\"text-item\">\n<div class=\"tox tox-tinymce tox-tinymce--toolbar-bottom\" style=\"visibility: hidden; height: 722px;\" role=\"application\" aria-disabled=\"false\">\n<div class=\"tox-editor-container\">\n<div class=\"tox-sidebar-wrap\">\n<div class=\"tox-edit-area\"><iframe id=\"id_ifr\" class=\"tox-edit-area__iframe\" title=\"Rich Text Area\" frameborder=\"0\" data-mce-fragment=\"1\"><\/iframe><\/div>\n<div class=\"tox-sidebar\" role=\"presentation\">\n<div class=\"tox-sidebar__slider tox-sidebar--sliding-closed\" tabindex=\"-1\" data-alloy-tabstop=\"true\">\n<div class=\"tox-sidebar__pane-container\"><\/div>\n<\/div>\n<\/div>\n<\/div>\n<div class=\"tox-editor-header\" data-alloy-vertical-dir=\"bottomtotop\">\n<div class=\"tox-toolbar\" role=\"group\" aria-disabled=\"false\">\n<div class=\"tox-toolbar__group\" tabindex=\"-1\" title=\"\" role=\"toolbar\" data-alloy-tabstop=\"true\"><\/div>\n<div class=\"tox-toolbar__group\" tabindex=\"-1\" title=\"\" role=\"toolbar\" data-alloy-tabstop=\"true\"><\/div>\n<div class=\"tox-toolbar__group\" tabindex=\"-1\" title=\"\" role=\"toolbar\" data-alloy-tabstop=\"true\"><\/div>\n<\/div>\n<div class=\"tox-anchorbar\"><\/div>\n<\/div>\n<div class=\"tox-bottom-anchorbar\"><\/div>\n<\/div>\n<\/div>\n<\/div>\n<\/div>\n<div class=\"item item-6\">\n<div class=\"image-item-container\">\n<div class=\"image-item\">\n<div class=\"section-container\" data-testid=\"description-section-container\">\n<div class=\"section\">\n<div class=\"item item-6\">\n<div class=\"text-item\">\n<div class=\"text-content\">\n<div class=\"section-container\" data-testid=\"description-section-container\">\n<div class=\"section\">\n<div class=\"item item-6\">\n<div class=\"text-item\">\n<div class=\"text-content\">\n<div class=\"mpof_ki myre_zn myre_8v_l m389_6m_l\">\n<div class=\"mp4t_16_s mryx_16_s mr3m_1 mli2_1 mh85_56 mh85_0_l\">\n<div class=\"mgn2_16 _0d3bd_am0a-\">\n<div class=\"mpof_ki myre_zn myre_8v_l m389_6m_l\">\n<div class=\"mp4t_16_s mryx_16_s mr3m_1 mli2_1 mh85_56 mh85_0_l\">\n<div class=\"mgn2_16 _0d3bd_am0a-\">\n<div>\n<div class=\"section-container\" data-testid=\"description-section-container\">\n<div class=\"section\">\n<div class=\"item item-6\">\n<div class=\"text-item\">\n<div>\n<div class=\"text-content\">\n<h1>Go\u017adzik Angel Of Hope<\/h1>\n<p>Urocza ro\u015blina skalna, kt\u00f3rej ozdob\u0105 s\u0105 zjawiskowe, r\u00f3\u017cowe kwiaty o zniewalaj\u0105cym zapachu. Go\u017adzik 'Angel of Hope&#8217; jest ro\u015blin\u0105 niewymagaj\u0105c\u0105, \u0142atw\u0105 w uprawie i niezwykle dekoracyjn\u0105. Dorasta do oko\u0142o 15-25 cm wysoko\u015bci i 20 cm szeroko\u015bci, tworz\u0105c zwarte, g\u0119ste k\u0119py. Bylina posiada w\u0105skie, drobne li\u015bcie o cudownym, srebrzysto-niebieskim odcieniu. Kwitnie bardzo obficie od maja do czerwca. W\u00f3wczas szczytach d\u0142u\u017cszych \u0142ody\u017cek wie\u0144cz\u0105 delikatne, r\u00f3\u017cowe kwiaty z wyrazistym, ciemnoczerwonym oczkiem. Go\u017adzik 'Angel of Hope&#8217; stanowi przepi\u0119kn\u0105 ozdob\u0119 s\u0142onecznych rabat oraz ogrod\u00f3w skalnych. Efektownie prezentuje si\u0119 posadzony w wi\u0119kszych grupach, tworz\u0105c pi\u0119kne, kwitn\u0105ce dywany. Go\u017adzik \u00a0cechuje si\u0119 niewielkimi wymaganiami uprawowymi. Preferuje stanowiska ciep\u0142e, s\u0142oneczne. Gleba pod jego upraw\u0119 powinna by\u0107 lekka, przepuszczalna, \u015brednio wilgotna. Jest to bylina w pe\u0142ni mrozoodporna. Nie toleruje nadmiaru wody w pod\u0142o\u017cu. Po przekwitni\u0119ciu \u015bcinamy p\u0119dy, aby poprawi\u0107 wygl\u0105d ro\u015bliny.<\/p>\n<ul>\n<li>Rodzaj:\u00a0<b>go\u017adzik<\/b><\/li>\n<li>Stanowisko:\u00a0<b>s\u0142oneczne<\/b>\u00a0\u2600\ufe0f<\/li>\n<li>Podlewanie:\u00a0<b>oszcz\u0119dne<\/b><\/li>\n<li>Barwa kwiatu:\u00a0<b>r\u00f3\u017cowy<\/b><\/li>\n<li>Barwa li\u015bci:\u00a0<b>niebieska<\/b><\/li>\n<li>Szeroko\u015b\u0107 \u2b05\ufe0f\u27a1\ufe0f:\u00a0<b>15-25 cm<\/b><\/li>\n<li>Wysoko\u015b\u0107 kwitnienia \u2b06\ufe0f:\u00a0<b>20-30 cm<\/b><\/li>\n<li>Okres kwitnienia \u27a1\ufe0f\u2b05\ufe0f:\u00a0<b>maj \u00f7 czerwiec<\/b><\/li>\n<li>Mrozoodporno\u015b\u0107:\u00a0<b>tak<\/b><\/li>\n<li>Ro\u015blina wieloletnia:\u00a0<b>tak<\/b><\/li>\n<\/ul>\n<\/div>\n<\/div>\n<\/div>\n<\/div>\n<div class=\"item item-6\">\n<div class=\"image-item-container\">\n<div class=\"image-item\"><img decoding=\"async\" src=\"https:\/\/a.allegroimg.com\/s1440\/11e45c\/d166979e4674ba786bfbf6fe065f\" alt=\"\" \/><\/div>\n<\/div>\n<\/div>\n<\/div>\n<\/div>\n<\/div>\n<div>\n<div class=\"section-container\" data-testid=\"description-section-container\">\n<div class=\"section\">\n<div class=\"item item-12\">\n<div class=\"text-item\">\n<div>\n<div class=\"text-content\">\n<h1>Uwaga \u2757\u2757\u2757<\/h1>\n<p><b>Jedno zdj\u0119cie przedstawia ro\u015blin\u0119 w pe\u0142ni rozwini\u0119t\u0105, a drugie sadzonk\u0119 kt\u00f3ra jest w sprzeda\u017cy.<\/b><\/p>\n<p><b>Jednak \u017ce s\u0105 to \u017cywe ro\u015bliny i z tygodnia na tydzie\u0144 zmieniaj\u0105 sw\u00f3j wygl\u0105d. Mog\u0105 by\u0107 przyci\u0119te, a w okresie kwitnienia mog\u0105 by\u0107 wi\u0119ksze oraz z kwiatami.<\/b><\/p>\n<\/div>\n<\/div>\n<\/div>\n<\/div>\n<\/div>\n<\/div>\n<\/div>\n<div>\n<div class=\"section-container\" data-testid=\"description-section-container\">\n<div class=\"section\">\n<div class=\"item item-6\">\n<div class=\"image-item-container\">\n<div class=\"image-item\"><img decoding=\"async\" src=\"https:\/\/a.allegroimg.com\/s1440\/1180f3\/3d494d0a4a668e5f6e32e3e2de69\" alt=\"\" \/><\/div>\n<\/div>\n<\/div>\n<div class=\"item item-6\">\n<div class=\"image-item-container\">\n<div class=\"image-item\"><img decoding=\"async\" src=\"https:\/\/a.allegroimg.com\/s1440\/11aacd\/c2df5e434f5991af1deb651b5d68\" alt=\"\" \/><\/div>\n<\/div>\n<\/div>\n<\/div>\n<\/div>\n<\/div>\n<div>\n<div class=\"section-container\" data-testid=\"description-section-container\">\n<div class=\"section\">\n<div class=\"item item-6\">\n<div class=\"image-item-container\">\n<div class=\"image-item\"><img decoding=\"async\" src=\"https:\/\/a.allegroimg.com\/s1440\/116347\/9547367148d98908e2a9131a877f\" alt=\"\" \/><\/div>\n<\/div>\n<\/div>\n<div class=\"item item-6\">\n<div class=\"image-item-container\">\n<div class=\"image-item\"><img decoding=\"async\" src=\"https:\/\/a.allegroimg.com\/s1440\/11dc43\/ef45113242dd860d2a6a359acc46\" alt=\"\" \/><\/div>\n<\/div>\n<\/div>\n<\/div>\n<\/div>\n<\/div>\n<\/div>\n<\/div>\n<\/div>\n<\/div>\n<\/div>\n<\/div>\n<\/div>\n<\/div>\n<\/div>\n<\/div>\n<\/div>\n<\/div>\n<\/div>\n<\/div>\n<\/div>\n<\/div>\n<\/div>\n<\/div>\n<\/div>\n<\/div>\n<\/div>\n<\/div>\n<\/div>\n<\/div>\n<\/div>\n<\/div>\n<\/div>\n","protected":false},"excerpt":{"rendered":"<p>Pi\u0119kna, wiosenna bylina.<\/p>\n","protected":false},"featured_media":1445,"comment_status":"open","ping_status":"closed","template":"","meta":{"site-sidebar-layout":"default","site-content-layout":"default","ast-global-header-display":"","ast-main-header-display":"","ast-hfb-above-header-display":"","ast-hfb-below-header-display":"","ast-hfb-mobile-header-display":"","site-post-title":"","ast-breadcrumbs-content":"","ast-featured-img":"","footer-sml-layout":"","theme-transparent-header-meta":"default","adv-header-id-meta":"","stick-header-meta":"","header-above-stick-meta":"","header-main-stick-meta":"","header-below-stick-meta":"","spay_email":""},"product_cat":[29,70],"product_tag":[],"class_list":["post-1320","product","type-product","status-publish","has-post-thumbnail","hentry","product_cat-byliny","product_cat-gozdziki"],"yoast_head":"<!-- This site is optimized with the Yoast SEO plugin v19.2 - https:\/\/yoast.com\/wordpress\/plugins\/seo\/ -->\n<title>Go\u017adzik Angel Of Hope - Ogr&oacute;d Olszanica<\/title>\n<meta name=\"robots\" content=\"index, follow, max-snippet:-1, max-image-preview:large, max-video-preview:-1\" \/>\n<link rel=\"canonical\" href=\"https:\/\/www.ogrodolszanica.pl\/index.php\/produkt\/dianthus-angel-of-hope\/\" \/>\n<meta property=\"og:locale\" content=\"pl_PL\" \/>\n<meta property=\"og:type\" content=\"article\" \/>\n<meta property=\"og:title\" content=\"Go\u017adzik Angel Of Hope - Ogr&oacute;d Olszanica\" \/>\n<meta property=\"og:description\" content=\"Pi\u0119kna, wiosenna bylina.\" \/>\n<meta property=\"og:url\" content=\"https:\/\/www.ogrodolszanica.pl\/index.php\/produkt\/dianthus-angel-of-hope\/\" \/>\n<meta property=\"og:site_name\" content=\"Ogr&oacute;d Olszanica\" \/>\n<meta property=\"article:publisher\" content=\"https:\/\/www.facebook.com\/Ogrd-Olszanica-100807179225223\" \/>\n<meta property=\"article:modified_time\" content=\"2026-03-25T20:15:55+00:00\" \/>\n<meta property=\"og:image\" content=\"https:\/\/www.ogrodolszanica.pl\/wp-content\/uploads\/2019\/01\/dianthus-angel-of-hope_1.jpg\" \/>\n\t<meta property=\"og:image:width\" content=\"434\" \/>\n\t<meta property=\"og:image:height\" content=\"650\" \/>\n\t<meta property=\"og:image:type\" content=\"image\/jpeg\" \/>\n<meta name=\"author\" content=\"admin\" \/>\n<meta name=\"twitter:card\" content=\"summary_large_image\" \/>\n<meta name=\"twitter:label1\" content=\"Szacowany czas czytania\" \/>\n\t<meta name=\"twitter:data1\" content=\"1 minuta\" \/>\n<script type=\"application\/ld+json\" class=\"yoast-schema-graph\">{\"@context\":\"https:\/\/schema.org\",\"@graph\":[{\"@type\":\"Organization\",\"@id\":\"https:\/\/www.ogrodolszanica.pl\/#organization\",\"name\":\"Ogr\u00f3d Olszanica - Krakowskie Centrum Ogrodnicze\",\"url\":\"https:\/\/www.ogrodolszanica.pl\/\",\"sameAs\":[\"https:\/\/www.facebook.com\/Ogrd-Olszanica-100807179225223\"],\"logo\":{\"@type\":\"ImageObject\",\"inLanguage\":\"pl-PL\",\"@id\":\"https:\/\/www.ogrodolszanica.pl\/#\/schema\/logo\/image\/\",\"url\":\"http:\/\/www.ogrodolszanica.pl\/wp-content\/uploads\/2022\/06\/Ogrod-Olszanica1-1.png\",\"contentUrl\":\"http:\/\/www.ogrodolszanica.pl\/wp-content\/uploads\/2022\/06\/Ogrod-Olszanica1-1.png\",\"width\":180,\"height\":60,\"caption\":\"Ogr\u00f3d Olszanica - Krakowskie Centrum Ogrodnicze\"},\"image\":{\"@id\":\"https:\/\/www.ogrodolszanica.pl\/#\/schema\/logo\/image\/\"}},{\"@type\":\"WebSite\",\"@id\":\"https:\/\/www.ogrodolszanica.pl\/#website\",\"url\":\"https:\/\/www.ogrodolszanica.pl\/\",\"name\":\"Ogr&oacute;d Olszanica\",\"description\":\"Centrum Ogrodnicze Krak&oacute;w\",\"publisher\":{\"@id\":\"https:\/\/www.ogrodolszanica.pl\/#organization\"},\"potentialAction\":[{\"@type\":\"SearchAction\",\"target\":{\"@type\":\"EntryPoint\",\"urlTemplate\":\"https:\/\/www.ogrodolszanica.pl\/?s={search_term_string}\"},\"query-input\":\"required name=search_term_string\"}],\"inLanguage\":\"pl-PL\"},{\"@type\":\"ImageObject\",\"inLanguage\":\"pl-PL\",\"@id\":\"https:\/\/www.ogrodolszanica.pl\/index.php\/produkt\/dianthus-angel-of-hope\/#primaryimage\",\"url\":\"https:\/\/i0.wp.com\/www.ogrodolszanica.pl\/wp-content\/uploads\/2019\/01\/dianthus-angel-of-hope_1.jpg?fit=434%2C650&ssl=1\",\"contentUrl\":\"https:\/\/i0.wp.com\/www.ogrodolszanica.pl\/wp-content\/uploads\/2019\/01\/dianthus-angel-of-hope_1.jpg?fit=434%2C650&ssl=1\",\"width\":434,\"height\":650},{\"@type\":\"WebPage\",\"@id\":\"https:\/\/www.ogrodolszanica.pl\/index.php\/produkt\/dianthus-angel-of-hope\/#webpage\",\"url\":\"https:\/\/www.ogrodolszanica.pl\/index.php\/produkt\/dianthus-angel-of-hope\/\",\"name\":\"Go\u017adzik Angel Of Hope - Ogr&oacute;d Olszanica\",\"isPartOf\":{\"@id\":\"https:\/\/www.ogrodolszanica.pl\/#website\"},\"primaryImageOfPage\":{\"@id\":\"https:\/\/www.ogrodolszanica.pl\/index.php\/produkt\/dianthus-angel-of-hope\/#primaryimage\"},\"datePublished\":\"2019-01-23T13:24:06+00:00\",\"dateModified\":\"2026-03-25T20:15:55+00:00\",\"breadcrumb\":{\"@id\":\"https:\/\/www.ogrodolszanica.pl\/index.php\/produkt\/dianthus-angel-of-hope\/#breadcrumb\"},\"inLanguage\":\"pl-PL\",\"potentialAction\":[{\"@type\":\"ReadAction\",\"target\":[\"https:\/\/www.ogrodolszanica.pl\/index.php\/produkt\/dianthus-angel-of-hope\/\"]}]},{\"@type\":\"BreadcrumbList\",\"@id\":\"https:\/\/www.ogrodolszanica.pl\/index.php\/produkt\/dianthus-angel-of-hope\/#breadcrumb\",\"itemListElement\":[{\"@type\":\"ListItem\",\"position\":1,\"name\":\"Strona g\u0142\u00f3wna\",\"item\":\"https:\/\/www.ogrodolszanica.pl\/\"},{\"@type\":\"ListItem\",\"position\":2,\"name\":\"Produkty\",\"item\":\"https:\/\/www.ogrodolszanica.pl\/index.php\/shop\/\"},{\"@type\":\"ListItem\",\"position\":3,\"name\":\"Go\u017adzik Angel Of Hope\"}]}]}<\/script>\n<!-- \/ Yoast SEO plugin. -->","yoast_head_json":{"title":"Go\u017adzik Angel Of Hope - Ogr&oacute;d Olszanica","robots":{"index":"index","follow":"follow","max-snippet":"max-snippet:-1","max-image-preview":"max-image-preview:large","max-video-preview":"max-video-preview:-1"},"canonical":"https:\/\/www.ogrodolszanica.pl\/index.php\/produkt\/dianthus-angel-of-hope\/","og_locale":"pl_PL","og_type":"article","og_title":"Go\u017adzik Angel Of Hope - Ogr&oacute;d Olszanica","og_description":"Pi\u0119kna, wiosenna bylina.","og_url":"https:\/\/www.ogrodolszanica.pl\/index.php\/produkt\/dianthus-angel-of-hope\/","og_site_name":"Ogr&oacute;d Olszanica","article_publisher":"https:\/\/www.facebook.com\/Ogrd-Olszanica-100807179225223","article_modified_time":"2026-03-25T20:15:55+00:00","og_image":[{"width":434,"height":650,"url":"https:\/\/www.ogrodolszanica.pl\/wp-content\/uploads\/2019\/01\/dianthus-angel-of-hope_1.jpg","type":"image\/jpeg"}],"author":"admin","twitter_card":"summary_large_image","twitter_misc":{"Szacowany czas czytania":"1 minuta"},"schema":{"@context":"https:\/\/schema.org","@graph":[{"@type":"Organization","@id":"https:\/\/www.ogrodolszanica.pl\/#organization","name":"Ogr\u00f3d Olszanica - Krakowskie Centrum Ogrodnicze","url":"https:\/\/www.ogrodolszanica.pl\/","sameAs":["https:\/\/www.facebook.com\/Ogrd-Olszanica-100807179225223"],"logo":{"@type":"ImageObject","inLanguage":"pl-PL","@id":"https:\/\/www.ogrodolszanica.pl\/#\/schema\/logo\/image\/","url":"http:\/\/www.ogrodolszanica.pl\/wp-content\/uploads\/2022\/06\/Ogrod-Olszanica1-1.png","contentUrl":"http:\/\/www.ogrodolszanica.pl\/wp-content\/uploads\/2022\/06\/Ogrod-Olszanica1-1.png","width":180,"height":60,"caption":"Ogr\u00f3d Olszanica - Krakowskie Centrum Ogrodnicze"},"image":{"@id":"https:\/\/www.ogrodolszanica.pl\/#\/schema\/logo\/image\/"}},{"@type":"WebSite","@id":"https:\/\/www.ogrodolszanica.pl\/#website","url":"https:\/\/www.ogrodolszanica.pl\/","name":"Ogr&oacute;d Olszanica","description":"Centrum Ogrodnicze Krak&oacute;w","publisher":{"@id":"https:\/\/www.ogrodolszanica.pl\/#organization"},"potentialAction":[{"@type":"SearchAction","target":{"@type":"EntryPoint","urlTemplate":"https:\/\/www.ogrodolszanica.pl\/?s={search_term_string}"},"query-input":"required name=search_term_string"}],"inLanguage":"pl-PL"},{"@type":"ImageObject","inLanguage":"pl-PL","@id":"https:\/\/www.ogrodolszanica.pl\/index.php\/produkt\/dianthus-angel-of-hope\/#primaryimage","url":"https:\/\/i0.wp.com\/www.ogrodolszanica.pl\/wp-content\/uploads\/2019\/01\/dianthus-angel-of-hope_1.jpg?fit=434%2C650&ssl=1","contentUrl":"https:\/\/i0.wp.com\/www.ogrodolszanica.pl\/wp-content\/uploads\/2019\/01\/dianthus-angel-of-hope_1.jpg?fit=434%2C650&ssl=1","width":434,"height":650},{"@type":"WebPage","@id":"https:\/\/www.ogrodolszanica.pl\/index.php\/produkt\/dianthus-angel-of-hope\/#webpage","url":"https:\/\/www.ogrodolszanica.pl\/index.php\/produkt\/dianthus-angel-of-hope\/","name":"Go\u017adzik Angel Of Hope - Ogr&oacute;d Olszanica","isPartOf":{"@id":"https:\/\/www.ogrodolszanica.pl\/#website"},"primaryImageOfPage":{"@id":"https:\/\/www.ogrodolszanica.pl\/index.php\/produkt\/dianthus-angel-of-hope\/#primaryimage"},"datePublished":"2019-01-23T13:24:06+00:00","dateModified":"2026-03-25T20:15:55+00:00","breadcrumb":{"@id":"https:\/\/www.ogrodolszanica.pl\/index.php\/produkt\/dianthus-angel-of-hope\/#breadcrumb"},"inLanguage":"pl-PL","potentialAction":[{"@type":"ReadAction","target":["https:\/\/www.ogrodolszanica.pl\/index.php\/produkt\/dianthus-angel-of-hope\/"]}]},{"@type":"BreadcrumbList","@id":"https:\/\/www.ogrodolszanica.pl\/index.php\/produkt\/dianthus-angel-of-hope\/#breadcrumb","itemListElement":[{"@type":"ListItem","position":1,"name":"Strona g\u0142\u00f3wna","item":"https:\/\/www.ogrodolszanica.pl\/"},{"@type":"ListItem","position":2,"name":"Produkty","item":"https:\/\/www.ogrodolszanica.pl\/index.php\/shop\/"},{"@type":"ListItem","position":3,"name":"Go\u017adzik Angel Of Hope"}]}]}},"jetpack-related-posts":[{"id":1451,"url":"https:\/\/www.ogrodolszanica.pl\/index.php\/produkt\/sedum-mr-goodbud\/","url_meta":{"origin":1320,"position":0},"title":"Rozchodnik Mr. Goodbud","date":"5 lipca, 2022","format":false,"excerpt":"Pi\u0119kna, wiosenna bylina.","rel":"","context":"Similar post","img":{"alt_text":"","src":"https:\/\/i0.wp.com\/www.ogrodolszanica.pl\/wp-content\/uploads\/2022\/07\/sedum-mr-goodbud_79785_1.jpg?fit=650%2C650&ssl=1&resize=350%2C200","width":350,"height":200},"classes":[]},{"id":1603,"url":"https:\/\/www.ogrodolszanica.pl\/index.php\/produkt\/gozdzik-angel-of-purity\/","url_meta":{"origin":1320,"position":1},"title":"Go\u017adzik Angel of Purity","date":"13 lipca, 2022","format":false,"excerpt":"Go\u017adzik postrz\u0119piony 'Angel of Purity' Dianthus plumarius 'Angel of Purity' to zachwycaj\u0105ca odmiana go\u017adzika o eleganckich, \u015bnie\u017cnobia\u0142ych kwiatach. Tworzy niskie, zwarte k\u0119py srebrzysto-zielonych, w\u0105skich, lancetowatych li\u015bci. Maksymalnie dorasta do oko\u0142o 25 cm wysoko\u015bci. Kwitnie bardzo obficie od maja do czerwca, wype\u0142niaj\u0105c li\u015bciast\u0105 kopu\u0142\u0119 licznymi, czysto bia\u0142ymi\u00a0kwiatami o zniewalaj\u0105cym zapachu. Przepi\u0119kne,\u2026","rel":"","context":"Similar post","img":{"alt_text":"","src":"https:\/\/i0.wp.com\/www.ogrodolszanica.pl\/wp-content\/uploads\/2022\/07\/Gozdzik-Angel-of-Purity-scaled.jpg?fit=904%2C1200&ssl=1&resize=350%2C200","width":350,"height":200},"classes":[]},{"id":2213,"url":"https:\/\/www.ogrodolszanica.pl\/index.php\/produkt\/gozdzik-angel-of-virtue\/","url_meta":{"origin":1320,"position":2},"title":"Go\u017adzik Angel of Virtue","date":"22 maja, 2023","format":false,"excerpt":"Go\u017adzik Angel of Virtue Wspania\u0142a odmiana nie tylko ze wzgl\u0105du na intensywny zapach jasnor\u00f3\u017cowych kwiat\u00f3w, ale tak\u017ce z powodu powtarzania kwitnienia a\u017c do jesieni. Usuwanie przekwitni\u0119tych kwiat\u00f3w stymuluje powstawanie nowych. Rodzaj: Go\u017adzik Barwa: Jasnor\u00f3\u017cowy z oczkiem szeroko\u015b\u0107: 20 cm wysoko\u015b\u0107: 15\u00a0cm wysoko\u015b\u0107 (kwitnienie): 25\u00a0cm kwitnienie: maj \u00f7 czerwiec stanowisko: s\u0142oneczne\u2026","rel":"","context":"Similar post","img":{"alt_text":"","src":"https:\/\/i0.wp.com\/www.ogrodolszanica.pl\/wp-content\/uploads\/2023\/05\/dianthus-angel-of-virtue_77815_1.jpg?fit=650%2C650&ssl=1&resize=350%2C200","width":350,"height":200},"classes":[]},{"id":1609,"url":"https:\/\/www.ogrodolszanica.pl\/index.php\/produkt\/gozdzik-pretty-becky\/","url_meta":{"origin":1320,"position":3},"title":"Go\u017adzik Pretty Becky","date":"13 lipca, 2022","format":false,"excerpt":"Go\u017adzik Pretty Becky Dianthus Zjawiskowa ro\u015blina skalna urzekaj\u0105ca kwiatami o intensywnej, r\u00f3\u017cowej barwie i pi\u0119knym zapachu. Go\u017adzik 'Pretty Becky' dorasta do oko\u0142o 20-25 cm wysoko\u015bci i podobnej \u015brednicy, tworz\u0105c dekoracyjne, zwarte, g\u0119ste poduchy w\u0105skich, drobnych li\u015bci. Od maja do czerwca na d\u0142u\u017cszych \u0142ody\u017ckach ponad niebiesko-zielon\u0105 k\u0119p\u0105 pojawiaj\u0105 si\u0119 urocze, p\u00f3\u0142pe\u0142ne\u2026","rel":"","context":"Similar post","img":{"alt_text":"","src":"https:\/\/i0.wp.com\/www.ogrodolszanica.pl\/wp-content\/uploads\/2022\/07\/gozdzik-pretty-becky-dianthus.jpg?fit=500%2C750&ssl=1&resize=350%2C200","width":350,"height":200},"classes":[]},{"id":4196,"url":"https:\/\/www.ogrodolszanica.pl\/index.php\/produkt\/gozdzik-ogrodowy-strawberry-eyes\/","url_meta":{"origin":1320,"position":4},"title":"Go\u017adzik Ogrodowy Strawberry Eyes","date":"10 marca, 2026","format":false,"excerpt":"Go\u017adzik Strawberry Eyes Dianthus Go\u017adzik 'Strawberry Eyes' czaruje przepi\u0119knymi, falbaniastymi kwiatami o malowniczym, kontrastowym ubarwieniu -po\u0142\u0105czenie wyrazistego karminu oraz subtelnego, pastelowego r\u00f3\u017cu prezentuje si\u0119 ob\u0142\u0119dnie i zdecydowanie przyci\u0105ga spojrzenia! Ro\u015blina docelowo osi\u0105ga oko\u0142o 15-25 cm wysoko\u015bci. Formuje g\u0119ste, roz\u0142o\u017cyste poduchy charakterystycznych, w\u0105skich, wyd\u0142u\u017conych li\u015bci w ch\u0142odnym, srebrzysto-zielonym kolorze. Go\u017adzik 'Strawberry\u2026","rel":"","context":"Similar post","img":{"alt_text":"","src":"https:\/\/i0.wp.com\/www.ogrodolszanica.pl\/wp-content\/uploads\/2026\/03\/gozdzik-strawberry-eyes-dianthus.jpg?fit=846%2C900&ssl=1&resize=350%2C200","width":350,"height":200},"classes":[]},{"id":1479,"url":"https:\/\/www.ogrodolszanica.pl\/index.php\/produkt\/rudbeckia-goldsturm\/","url_meta":{"origin":1320,"position":5},"title":"Rudbeckia Goldsturm","date":"7 lipca, 2022","format":false,"excerpt":"Rudbekia b\u0142yskotliwa Goldsturm Rudbeckia fulgida Atrakcyjna bylina o okaza\u0142ych, \u017c\u00f3\u0142tych kwiatach. Cechuje si\u0119 d\u0142ugim i bardzo obfitym kwitnieniem oraz d\u0142ugowieczno\u015bci\u0105 i ma\u0142ymi wymaganiami. Rudbekia b\u0142yskotliwa 'Goldsturm' dorasta do 60 cm wysoko\u015bci, tworz\u0105c okaza\u0142e, regularne k\u0119py. Ciemnozielone li\u015bcie ro\u015bliny s\u0105 d\u0142ugie i delikatnie ow\u0142osione. Od sierpnia do pa\u017adziernika szczyty rozga\u0142\u0119zionych p\u0119d\u00f3w\u2026","rel":"","context":"Similar post","img":{"alt_text":"","src":"https:\/\/i0.wp.com\/www.ogrodolszanica.pl\/wp-content\/uploads\/2022\/07\/Rudbeckia-Goldsturm-scaled.jpg?fit=904%2C1200&ssl=1&resize=350%2C200","width":350,"height":200},"classes":[]}],"_links":{"self":[{"href":"https:\/\/www.ogrodolszanica.pl\/index.php\/wp-json\/wp\/v2\/product\/1320","targetHints":{"allow":["GET"]}}],"collection":[{"href":"https:\/\/www.ogrodolszanica.pl\/index.php\/wp-json\/wp\/v2\/product"}],"about":[{"href":"https:\/\/www.ogrodolszanica.pl\/index.php\/wp-json\/wp\/v2\/types\/product"}],"replies":[{"embeddable":true,"href":"https:\/\/www.ogrodolszanica.pl\/index.php\/wp-json\/wp\/v2\/comments?post=1320"}],"wp:featuredmedia":[{"embeddable":true,"href":"https:\/\/www.ogrodolszanica.pl\/index.php\/wp-json\/wp\/v2\/media\/1445"}],"wp:attachment":[{"href":"https:\/\/www.ogrodolszanica.pl\/index.php\/wp-json\/wp\/v2\/media?parent=1320"}],"wp:term":[{"taxonomy":"product_cat","embeddable":true,"href":"https:\/\/www.ogrodolszanica.pl\/index.php\/wp-json\/wp\/v2\/product_cat?post=1320"},{"taxonomy":"product_tag","embeddable":true,"href":"https:\/\/www.ogrodolszanica.pl\/index.php\/wp-json\/wp\/v2\/product_tag?post=1320"}],"curies":[{"name":"wp","href":"https:\/\/api.w.org\/{rel}","templated":true}]}}