{"id":14,"date":"2022-02-12T15:16:03","date_gmt":"2022-02-12T15:16:03","guid":{"rendered":"http:\/\/www.ogrodolszanica.pl\/?page_id=14"},"modified":"2022-02-25T08:19:24","modified_gmt":"2022-02-25T08:19:24","slug":"kontakt","status":"publish","type":"page","link":"https:\/\/www.ogrodolszanica.pl\/index.php\/kontakt\/","title":{"rendered":"Kontakt"},"content":{"rendered":"\n<p>Zapraszamy do kontaktu : <\/p>\n\n\n\n<ul class=\"wp-block-list\"><li> sklep : 516-239-699<\/li><li>e- mail : sklep@ogrodolszanica.pl    <\/li><\/ul>\n\n\n\n<ul class=\"wp-block-list\"><li>biuro: 506-189-996<\/li><li>e-mail: info@ogrodolszanica.pl                         <\/li><\/ul>\n","protected":false},"excerpt":{"rendered":"<p>Zapraszamy do kontaktu : sklep : 516-239-699 e- mail : sklep@ogrodolszanica.pl biuro: 506-189-996 e-mail: info@ogrodolszanica.pl<\/p>\n","protected":false},"author":1,"featured_media":0,"parent":0,"menu_order":0,"comment_status":"closed","ping_status":"closed","template":"","meta":{"site-sidebar-layout":"default","site-content-layout":"default","ast-global-header-display":"","ast-main-header-display":"","ast-hfb-above-header-display":"","ast-hfb-below-header-display":"","ast-hfb-mobile-header-display":"","site-post-title":"","ast-breadcrumbs-content":"","ast-featured-img":"","footer-sml-layout":"","theme-transparent-header-meta":"","adv-header-id-meta":"","stick-header-meta":"","header-above-stick-meta":"","header-main-stick-meta":"","header-below-stick-meta":"","spay_email":"","footnotes":""},"class_list":["post-14","page","type-page","status-publish","hentry"],"yoast_head":"<!-- This site is optimized with the Yoast SEO plugin v19.2 - https:\/\/yoast.com\/wordpress\/plugins\/seo\/ -->\n<title>Kontakt - Ogr&oacute;d Olszanica<\/title>\n<meta name=\"robots\" content=\"index, follow, max-snippet:-1, max-image-preview:large, max-video-preview:-1\" \/>\n<link rel=\"canonical\" href=\"https:\/\/www.ogrodolszanica.pl\/index.php\/kontakt\/\" \/>\n<meta property=\"og:locale\" content=\"pl_PL\" \/>\n<meta property=\"og:type\" content=\"article\" \/>\n<meta property=\"og:title\" content=\"Kontakt - Ogr&oacute;d Olszanica\" \/>\n<meta property=\"og:description\" content=\"Zapraszamy do kontaktu : sklep : 516-239-699 e- mail : sklep@ogrodolszanica.pl biuro: 506-189-996 e-mail: info@ogrodolszanica.pl\" \/>\n<meta property=\"og:url\" content=\"https:\/\/www.ogrodolszanica.pl\/index.php\/kontakt\/\" \/>\n<meta property=\"og:site_name\" content=\"Ogr&oacute;d Olszanica\" \/>\n<meta property=\"article:publisher\" content=\"https:\/\/www.facebook.com\/Ogrd-Olszanica-100807179225223\" \/>\n<meta property=\"article:modified_time\" content=\"2022-02-25T08:19:24+00:00\" \/>\n<meta name=\"author\" content=\"admin\" \/>\n<meta name=\"twitter:card\" content=\"summary_large_image\" \/>\n<script type=\"application\/ld+json\" class=\"yoast-schema-graph\">{\"@context\":\"https:\/\/schema.org\",\"@graph\":[{\"@type\":\"Organization\",\"@id\":\"https:\/\/www.ogrodolszanica.pl\/#organization\",\"name\":\"Ogr\u00f3d Olszanica - Krakowskie Centrum Ogrodnicze\",\"url\":\"https:\/\/www.ogrodolszanica.pl\/\",\"sameAs\":[\"https:\/\/www.facebook.com\/Ogrd-Olszanica-100807179225223\"],\"logo\":{\"@type\":\"ImageObject\",\"inLanguage\":\"pl-PL\",\"@id\":\"https:\/\/www.ogrodolszanica.pl\/#\/schema\/logo\/image\/\",\"url\":\"http:\/\/www.ogrodolszanica.pl\/wp-content\/uploads\/2022\/06\/Ogrod-Olszanica1-1.png\",\"contentUrl\":\"http:\/\/www.ogrodolszanica.pl\/wp-content\/uploads\/2022\/06\/Ogrod-Olszanica1-1.png\",\"width\":180,\"height\":60,\"caption\":\"Ogr\u00f3d Olszanica - Krakowskie Centrum Ogrodnicze\"},\"image\":{\"@id\":\"https:\/\/www.ogrodolszanica.pl\/#\/schema\/logo\/image\/\"}},{\"@type\":\"WebSite\",\"@id\":\"https:\/\/www.ogrodolszanica.pl\/#website\",\"url\":\"https:\/\/www.ogrodolszanica.pl\/\",\"name\":\"Ogr&oacute;d Olszanica\",\"description\":\"Centrum Ogrodnicze Krak&oacute;w\",\"publisher\":{\"@id\":\"https:\/\/www.ogrodolszanica.pl\/#organization\"},\"potentialAction\":[{\"@type\":\"SearchAction\",\"target\":{\"@type\":\"EntryPoint\",\"urlTemplate\":\"https:\/\/www.ogrodolszanica.pl\/?s={search_term_string}\"},\"query-input\":\"required name=search_term_string\"}],\"inLanguage\":\"pl-PL\"},{\"@type\":\"WebPage\",\"@id\":\"https:\/\/www.ogrodolszanica.pl\/index.php\/kontakt\/#webpage\",\"url\":\"https:\/\/www.ogrodolszanica.pl\/index.php\/kontakt\/\",\"name\":\"Kontakt - Ogr&oacute;d Olszanica\",\"isPartOf\":{\"@id\":\"https:\/\/www.ogrodolszanica.pl\/#website\"},\"datePublished\":\"2022-02-12T15:16:03+00:00\",\"dateModified\":\"2022-02-25T08:19:24+00:00\",\"breadcrumb\":{\"@id\":\"https:\/\/www.ogrodolszanica.pl\/index.php\/kontakt\/#breadcrumb\"},\"inLanguage\":\"pl-PL\",\"potentialAction\":[{\"@type\":\"ReadAction\",\"target\":[\"https:\/\/www.ogrodolszanica.pl\/index.php\/kontakt\/\"]}]},{\"@type\":\"BreadcrumbList\",\"@id\":\"https:\/\/www.ogrodolszanica.pl\/index.php\/kontakt\/#breadcrumb\",\"itemListElement\":[{\"@type\":\"ListItem\",\"position\":1,\"name\":\"Strona g\u0142\u00f3wna\",\"item\":\"https:\/\/www.ogrodolszanica.pl\/\"},{\"@type\":\"ListItem\",\"position\":2,\"name\":\"Kontakt\"}]}]}<\/script>\n<!-- \/ Yoast SEO plugin. -->","yoast_head_json":{"title":"Kontakt - Ogr&oacute;d Olszanica","robots":{"index":"index","follow":"follow","max-snippet":"max-snippet:-1","max-image-preview":"max-image-preview:large","max-video-preview":"max-video-preview:-1"},"canonical":"https:\/\/www.ogrodolszanica.pl\/index.php\/kontakt\/","og_locale":"pl_PL","og_type":"article","og_title":"Kontakt - Ogr&oacute;d Olszanica","og_description":"Zapraszamy do kontaktu : sklep : 516-239-699 e- mail : sklep@ogrodolszanica.pl biuro: 506-189-996 e-mail: info@ogrodolszanica.pl","og_url":"https:\/\/www.ogrodolszanica.pl\/index.php\/kontakt\/","og_site_name":"Ogr&oacute;d Olszanica","article_publisher":"https:\/\/www.facebook.com\/Ogrd-Olszanica-100807179225223","article_modified_time":"2022-02-25T08:19:24+00:00","author":"admin","twitter_card":"summary_large_image","schema":{"@context":"https:\/\/schema.org","@graph":[{"@type":"Organization","@id":"https:\/\/www.ogrodolszanica.pl\/#organization","name":"Ogr\u00f3d Olszanica - Krakowskie Centrum Ogrodnicze","url":"https:\/\/www.ogrodolszanica.pl\/","sameAs":["https:\/\/www.facebook.com\/Ogrd-Olszanica-100807179225223"],"logo":{"@type":"ImageObject","inLanguage":"pl-PL","@id":"https:\/\/www.ogrodolszanica.pl\/#\/schema\/logo\/image\/","url":"http:\/\/www.ogrodolszanica.pl\/wp-content\/uploads\/2022\/06\/Ogrod-Olszanica1-1.png","contentUrl":"http:\/\/www.ogrodolszanica.pl\/wp-content\/uploads\/2022\/06\/Ogrod-Olszanica1-1.png","width":180,"height":60,"caption":"Ogr\u00f3d Olszanica - Krakowskie Centrum Ogrodnicze"},"image":{"@id":"https:\/\/www.ogrodolszanica.pl\/#\/schema\/logo\/image\/"}},{"@type":"WebSite","@id":"https:\/\/www.ogrodolszanica.pl\/#website","url":"https:\/\/www.ogrodolszanica.pl\/","name":"Ogr&oacute;d Olszanica","description":"Centrum Ogrodnicze Krak&oacute;w","publisher":{"@id":"https:\/\/www.ogrodolszanica.pl\/#organization"},"potentialAction":[{"@type":"SearchAction","target":{"@type":"EntryPoint","urlTemplate":"https:\/\/www.ogrodolszanica.pl\/?s={search_term_string}"},"query-input":"required name=search_term_string"}],"inLanguage":"pl-PL"},{"@type":"WebPage","@id":"https:\/\/www.ogrodolszanica.pl\/index.php\/kontakt\/#webpage","url":"https:\/\/www.ogrodolszanica.pl\/index.php\/kontakt\/","name":"Kontakt - Ogr&oacute;d Olszanica","isPartOf":{"@id":"https:\/\/www.ogrodolszanica.pl\/#website"},"datePublished":"2022-02-12T15:16:03+00:00","dateModified":"2022-02-25T08:19:24+00:00","breadcrumb":{"@id":"https:\/\/www.ogrodolszanica.pl\/index.php\/kontakt\/#breadcrumb"},"inLanguage":"pl-PL","potentialAction":[{"@type":"ReadAction","target":["https:\/\/www.ogrodolszanica.pl\/index.php\/kontakt\/"]}]},{"@type":"BreadcrumbList","@id":"https:\/\/www.ogrodolszanica.pl\/index.php\/kontakt\/#breadcrumb","itemListElement":[{"@type":"ListItem","position":1,"name":"Strona g\u0142\u00f3wna","item":"https:\/\/www.ogrodolszanica.pl\/"},{"@type":"ListItem","position":2,"name":"Kontakt"}]}]}},"jetpack-related-posts":[{"id":1306,"url":"https:\/\/www.ogrodolszanica.pl\/index.php\/contact-us\/","url_meta":{"origin":14,"position":0},"title":"Kontakt","date":"23 stycznia, 2019","format":false,"excerpt":"Skontaktuj si\u0119 z nami! Kontakt Sklep stacjonarny ul. Olszanickanaprzeciwko numeru 172Krak\u00f3w Telefon+48 516 239 699 (Sklep)+48 509 845 741 (Biuro) Emailsklep@ogrodolszanica.pl (Sklep)info@ogrodolszanica.pl (Biuro) Wy\u015blij nam wiadomo\u015b\u0107 przez formularz kontaktowy Znajd\u017a nas Uruchom nawigacj\u0119 do naszego sklepu","rel":"","context":"Similar post","img":{"alt_text":"","src":"","width":0,"height":0},"classes":[]},{"id":11,"url":"https:\/\/www.ogrodolszanica.pl\/index.php\/store\/","url_meta":{"origin":14,"position":1},"title":"Sklep","date":"23 stycznia, 2019","format":false,"excerpt":"Witaj w naszym sklepie Polecane produkty: Nasze produkty: Potrzebujesz porady w wyborze produkt\u00f3w? ZADZWO\u0143 I ZAPYTAJ O POMOC!","rel":"","context":"Similar post","img":{"alt_text":"","src":"","width":0,"height":0},"classes":[]},{"id":1305,"url":"https:\/\/www.ogrodolszanica.pl\/","url_meta":{"origin":14,"position":2},"title":"Ogr\u00f3d Olszanica &#8211; Centrum Ogrodnicze Krak\u00f3w","date":"23 stycznia, 2019","format":false,"excerpt":"Szeroki wyb\u00f3r ro\u015blin i artyku\u0142\u00f3w ogrodniczych w najlepszych cenach! Sprawd\u017a nasz\u0105 ofert\u0119 Szeroki wyb\u00f3r ro\u015blinW jednym miejscu! Darmowa wysy\u0142kaPrzy zam\u00f3wieniach powy\u017cej 150 z\u0142\u00a0 Oferta sezonowaDopasowana do Twoich potrzeb Ro\u015bliny Szeroki wyb\u00f3r ro\u015blin doniczkowych i ogrodowych. Sprawd\u017a nasz asortyment Ziemia i nawozy Dla prawid\u0142owego wzrostu i rozwoju Twoich ro\u015blin. Sprawd\u017a nasz\u2026","rel":"","context":"Similar post","img":{"alt_text":"","src":"","width":0,"height":0},"classes":[]},{"id":10,"url":"https:\/\/www.ogrodolszanica.pl\/index.php\/about-us\/","url_meta":{"origin":14,"position":3},"title":"About Us","date":"23 stycznia, 2019","format":false,"excerpt":"Ogrodnictwo to nasza pasja Jeste\u015bmy nowo powsta\u0142\u0105 firm\u0105, prowadzon\u0105 rodzinnie. Naszym celem jest zapewnia\u0107 kompleksow\u0105 us\u0142ug\u0119 zapewniaj\u0105c najwy\u017cszej jako\u015bci ro\u015bliny - oferujemy naszym klientom r\u00f3wnie\u017c us\u0142ugi transportowe. Wsp\u00f3\u0142pracujemy z liderami bran\u017cy ogrodniczej, s\u0142u\u017cymy pe\u0142nym doradztwem dla naszych Klient\u00f3w. Staramy si\u0119 zara\u017ca\u0107 nasz\u0105 pasj\u0105 i wychodzi\u0107 na przeciw oczekiwaniom naszych go\u015bci.\u2026","rel":"","context":"Similar post","img":{"alt_text":"","src":"","width":0,"height":0},"classes":[]},{"id":12,"url":"https:\/\/www.ogrodolszanica.pl\/index.php\/oferta\/","url_meta":{"origin":14,"position":4},"title":"Oferta","date":"12 lutego, 2022","format":false,"excerpt":"Ro\u015bliny: Drzewa i krzewy li\u015bciaste.Drzewa i krzewy iglaste.Drzewa i krzewy owocowe.Trawy ozdobne.Kwiaty balkonowe.Kwiaty rabatowe.Byliny.Pn\u0105cza. Pod\u0142o\u017ca Ziemia uniwersalna 50l i 80l.Ziemia kwiatowa.Ziemia do iglak\u00f3w.Pod\u0142o\u017ce do bor\u00f3wki.Substrat.Torf.Kora ozdobna.","rel":"","context":"Similar post","img":{"alt_text":"","src":"","width":0,"height":0},"classes":[]},{"id":7,"url":"https:\/\/www.ogrodolszanica.pl\/index.php\/blog\/","url_meta":{"origin":14,"position":5},"title":"Blog","date":"12 lutego, 2022","format":false,"excerpt":"","rel":"","context":"Similar post","img":{"alt_text":"","src":"","width":0,"height":0},"classes":[]}],"_links":{"self":[{"href":"https:\/\/www.ogrodolszanica.pl\/index.php\/wp-json\/wp\/v2\/pages\/14","targetHints":{"allow":["GET"]}}],"collection":[{"href":"https:\/\/www.ogrodolszanica.pl\/index.php\/wp-json\/wp\/v2\/pages"}],"about":[{"href":"https:\/\/www.ogrodolszanica.pl\/index.php\/wp-json\/wp\/v2\/types\/page"}],"author":[{"embeddable":true,"href":"https:\/\/www.ogrodolszanica.pl\/index.php\/wp-json\/wp\/v2\/users\/1"}],"replies":[{"embeddable":true,"href":"https:\/\/www.ogrodolszanica.pl\/index.php\/wp-json\/wp\/v2\/comments?post=14"}],"version-history":[{"count":6,"href":"https:\/\/www.ogrodolszanica.pl\/index.php\/wp-json\/wp\/v2\/pages\/14\/revisions"}],"predecessor-version":[{"id":39,"href":"https:\/\/www.ogrodolszanica.pl\/index.php\/wp-json\/wp\/v2\/pages\/14\/revisions\/39"}],"wp:attachment":[{"href":"https:\/\/www.ogrodolszanica.pl\/index.php\/wp-json\/wp\/v2\/media?parent=14"}],"curies":[{"name":"wp","href":"https:\/\/api.w.org\/{rel}","templated":true}]}}